{"id":100021,"date":"2019-05-14T08:18:07","date_gmt":"2019-05-14T06:18:07","guid":{"rendered":"https:\/\/ouryogashop.com\/kopvillkor\/"},"modified":"2026-03-17T17:35:51","modified_gmt":"2026-03-17T15:35:51","slug":"kopvillkor","status":"publish","type":"page","link":"https:\/\/ouryogashop.com\/sv\/kopvillkor\/","title":{"rendered":"K\u00f6pvillkor"},"content":{"rendered":"<p>The legal company running these business is Need i GBG AB\/OurYogaShop with VAT SE556737508301 &#8211; here under named as OURYOGASHOP.COM.<\/p>\n<p>Dessa Allm\u00e4nna Villkor ska g\u00e4lla f\u00f6r all f\u00f6rs\u00e4ljning genom OURYOGASHOP.COM<br \/>och utesluter till\u00e4mpning av avvikande allm\u00e4nna eller s\u00e4rskilda villkor eller k\u00f6parvillkor. No waiver or modification of these Conditions of Sale shall be binding upon OURYOGASHOP.COM, unless approved in writing by an authorized representative of OURYOGASHOP.COM.<\/p>\n<h3>Priser och betalning<\/h3>\n<p>Every product is shown including tax. In the shopping cart you can see the total price including all fees, taxes, shipping and method of payment.<\/p>\n<h4>Payment Options<\/h4>\n<p><em>We use World Online Checkout with partners and following cards are accepted:<\/em><\/p>\n<p>Payment is accepted by Visa, MasterCard and Maestro. Payment of your debit card takes place immediately<\/p>\n<p>In Sweden we also offers payment by Swish and Invoice for private persons thrue Walley.<\/p>\n<p>Businesses and Members can ask for Invoice.<\/p>\n<h3>Valuta<\/h3>\n<p>We accept Euro and SEK as currency.<\/p>\n<h3>Moms och skatt<\/h3>\n<p>We follow Swedish tax laws and offer the products with VAT\/TAX included. Svensk moms p\u00e5 produkter \u00e4r 25%.<\/p>\n<p>If you are a business company, please contact us on sales@ouryogashop.com.<\/p>\n<h3>Delivery<\/h3>\n<h3>L\u00e4nder vi levererar till<\/h3>\n<p>Here you will find all countries we deliver to:<\/p>\n<p>Sverige<\/p>\n<p>All Countries in Europe<\/p>\n<p>Also North America.<\/p>\n<p>En stor variation av l\u00e4nder &#8211; I kassan ser du dina priser f\u00f6r leverans.<\/p>\n<p>Om ditt land inte finns med p\u00e5 listan \u00e4r du v\u00e4lkommen att kontakta oss p\u00e5 sales@ouryogashop.com f\u00f6r att hitta en l\u00f6sning f\u00f6r ditt land.<\/p>\n<p>In case of your place is &#8221;out of the way&#8221; &#8211; additional cost can be requested.<\/p>\n<h3>Leveranstid<\/h3>\n<p>Within Europe estimated delivery time is 3-5 working days.<\/p>\n<p>F\u00f6r Sverige \u00e4r ber\u00e4knad leveranstid 1-2 arbetsdagar.<\/p>\n<p>Leveranstiden anges i kundvagnen i anslutning till de olika leveranss\u00e4tten. Om en produkt har en annan leveranstid \u00e4n vad som anges i kundvagnen, kommer denna leveranstid att anges i samband med de enskilda produkterna.<br \/>\nOm OURYOGASHOP.COM har anledning att ifr\u00e5gas\u00e4tta k\u00f6parens solvens eller f\u00f6rm\u00e5ga att betala f\u00f6r levererade produkter, har OURYOGASHOP.COM ingen skyldighet att leverera och har r\u00e4tt att stoppa produkter under transport, s\u00e5vida inte k\u00f6paren g\u00f6r f\u00f6rskottsbetalning f\u00f6r leveransen och andra fordringar som h\u00e4rr\u00f6r fr\u00e5n aff\u00e4rsrelationen eller ger s\u00e4kerhet som rimligen kan accepteras av OURYOGASHOP.COM.<\/p>\n<h3>Fraktkostnad<\/h3>\n<p>Freight Cost will vary regarding to country.<\/p>\n<p>Sweden 5,90 Euro<\/p>\n<p>Europe 8,90 Euro<\/p>\n<p>Freight Cost can be depending on volume, weight and location.<\/p>\n<h3>Ej uth\u00e4mtade paket<\/h3>\n<p>Unclaimed packages will be returned to us. For all unclaimed packages you will be debited all fees in connection with the return delivery.<\/p>\n<h3>Retur av produkter<\/h3>\n<p>Returning a product is to be done on your expense, unless the product is faulty or damaged upon delivery. Returned products are to be sent as letters or postal packages, and not for COD (Cash On Delivery). I h\u00e4ndelse av ett byte betalar OURYOGASHOP.COM f\u00f6r leveransen av ers\u00e4ttningsprodukten. When you have applied the return policy you shall: return the product personally or by mail to us.<\/p>\n<h3>Returpolicy<\/h3>\n<p>OURYOGASHOP.COM return period is 14 days.<\/p>\n<p>OURYOGASHOP.COM shall, if under the jurisdiction of our return policy, refund you what you have paid for the product and as soon as possible, but latest within 30 days of the product being returned or you informing us of wanting to return a service. Du \u00e4r skyldig att betala f\u00f6r returleveransen av produkten. OURYOGASHOP.COM will pay to send replacement products.<\/p>\n<p>In your message to us you must clearly state that you regret your purchase. \u00c5ngerfristen r\u00e4knas fr\u00e5n den dag d\u00e5 du tog emot hela eller en v\u00e4sentlig del av den k\u00f6pta varan. If you have purchased a customized product -or a product with a significant personal customization, the return period is counted from the day OURYOGASHOP.COM have informed you about the product.<\/p>\n<h4>Du \u00e4r inte ber\u00e4ttigad till v\u00e5r returpolicy om:<\/h4>\n<p>The seal of authentication of the product has been broken\/opened.<\/p>\n<h4>Vid returnering av en produkt:<\/h4>\n<p>You are obliged to keep the product in the same condition as when delivered.<br \/>\nDu f\u00e5r inte ha anv\u00e4nt produkten, men du har r\u00e4tt att unders\u00f6ka i vilket skick produkten var n\u00e4r den levererades. If damage or harm is caused to a product while investigated the product does not qualify for the return policy.<\/p>\n<h4>Adress f\u00f6r returer:<\/h4>\n<p>OurYogaShop<br \/>\nStorebyn 15<br \/>\n504 94 Bor\u00e5s<br \/>\nSverige<br \/>\nTelefon: +46767674141<br \/>\nE-post: sales@ouryogashop.com<br \/>\nReturer m\u00e5ste skickas tillbaka som F\u00d6RETAGSPAKET &#8211; absolut INTE som privatpaket.<br \/>\nPaket som skickas som privatpaket kommer inte att levereras till OurYogaShop och vi har ingen m\u00f6jlighet att \u00e5ka och h\u00e4mta paket p\u00e5 paketutl\u00e4mningsst\u00e4llen.<br \/>\nDessa paket kommer g\u00e5 in retur till avs\u00e4ndaren.<\/p>\n<h3>Skadade varor och reklamationer<\/h3>\n<p>When getting your goods it&#8217;s important that you check so the goods are not damaged or incorrect. Skulle produkten vara felaktig eller skadad kontakta oss s\u00e5 snart som m\u00f6jligt via e-post till adressen <a href=\"mailto:sales@ouryogashop.com\">sales@ouryogashop.com<\/a> f\u00f6r vidare instruktioner. You have 3 years of claim under Swedish law.<\/p>\n<h4>Reklamationer<\/h4>\n<p>Har du klagom\u00e5l fr\u00e5n kunder kan dessa g\u00f6ras via v\u00e5r e-post <a href=\"mailto:sales@ouryogashop.com\">sales@ouryogashop.com<\/a><\/p>\n<h4>Tvister &amp; lagar<\/h4>\n<p>Swedish law shall apply to all purchases under these terms and conditions. Dispute of purchase under these terms and conditions shall be exclusively investigated by the Swedish General Court<\/p>\n<h3>Garantier och Service<\/h3>\n<h4>Garantier<\/h4>\n<p>OURYOGASHOP.COM offers products of very high quality. F\u00f6r eventuella problem med kvaliteten p\u00e5 v\u00e5ra produkter, v\u00e4nligen kontakta oss via e-post sales@ouryogashop.com och f\u00f6rklara problemet och skicka ocks\u00e5 bilder som visar vad som kan vara fel med produkten. We will take action to help you and make you happy again!<\/p>\n<h4>Service policy<\/h4>\n<p>Upon waiting for us to offer you service you may have to wait up til 5 working days, but we will do our best to contact you sooner.<\/p>\n<h4>Sekretesspolicy<\/h4>\n<p>When ordering a product you will be asked to fill in you personal information. Upon purchase you agree to this information is stored in accordance with OURYOGASHOP.COMs privacy policy in order to fulfill our agreement to you as our customer. I enlighet med personuppgiftslagen (198:204) har du r\u00e4tt att f\u00e5 veta vilka uppgifter OURYOGASHOP.COM har registrerat om din person. If the information is erroneous, incomplete or irrelevant, you may ask to have your information corrected and\/or removed. Om s\u00e5 \u00e4r fallet, kontakta oss via e-post.<\/p>\n<p>Please also read more under the page <a href=\"https:\/\/oooyogamat.com\/privacy-policy\/\">Privacy Policy<\/a>.<\/p>\n<h3>Kontakta Oss<\/h3>\n<p>Du \u00e4r alltid v\u00e4lkommen att kontakta oss. B\u00e4sta och snabbaste s\u00e4ttet f\u00f6r svar \u00e4r sales@ouryogashop.com &#8211; valfritt: ring oss +46 (0) 767 674141.<\/p>\n<p>OurYogaShop, Alings\u00e5sv\u00e4gen 20, 50438 Bor\u00e5s, Sweden.<\/p>\n<h3>Force Majeure<\/h3>\n<p>OURYOGASHOP.COM is not liable for any non-performance caused by circumstances beyond our control, which directly or indirectly prevents, obstructs or renders production, delivery or freight uneconomical until such obstacle has been removed (force majeure). S\u00e5dana omst\u00e4ndigheter ska anses innefatta sv\u00e5righeter att anskaffa r\u00e5varor samt andra sv\u00e5righeter och st\u00f6rningar, inklusive men inte begr\u00e4nsat till krig, upplopp, arbetskonflikter, eldsv\u00e5da, \u00f6versv\u00e4mning, storm, olycksh\u00e4ndelse, br\u00e4nsle- eller kraftbrist, transportbrist, hinder eller avbrott avseende sj\u00f6transporter samt haverier eller avbrott av n\u00e5got slag avseende v\u00e5r utrustning eller anl\u00e4ggningar, vilka bed\u00f6ms n\u00f6dv\u00e4ndiga f\u00f6r fullg\u00f6randet av v\u00e5ra avtalsf\u00f6rpliktelser.<\/p>\n<p>L\u00e4s ocks\u00e5 p\u00e5 EU:s webbplats f\u00f6r tvistl\u00f6sning online <a href=\"https:\/\/ec.europa.eu\/odr.\">https:\/\/ec.europa.eu\/odr<\/a>.<\/p>\n","protected":false},"excerpt":{"rendered":"<p>The legal company running these business is Need i GBG AB\/OurYogaShop with VAT SE556737508301 &#8211; here under named as OURYOGASHOP.COM. [&hellip;]<\/p>\n","protected":false},"author":1,"featured_media":0,"parent":0,"menu_order":0,"comment_status":"closed","ping_status":"closed","template":"","meta":{"footnotes":""},"class_list":["post-100021","page","type-page","status-publish","hentry"],"yoast_head":"<!-- This site is optimized with the Yoast SEO Premium plugin v27.5 (Yoast SEO v27.5) - https:\/\/yoast.com\/product\/yoast-seo-premium-wordpress\/ -->\n<title>K\u00f6pvillkor - OurYogaShop<\/title>\n<meta name=\"robots\" content=\"index, follow, max-snippet:-1, max-image-preview:large, max-video-preview:-1\" \/>\n<link rel=\"canonical\" href=\"https:\/\/ouryogashop.com\/sv\/kopvillkor\/\" \/>\n<meta property=\"og:locale\" content=\"sv_SE\" \/>\n<meta property=\"og:type\" content=\"article\" \/>\n<meta property=\"og:title\" content=\"K\u00f6pvillkor\" \/>\n<meta property=\"og:description\" content=\"The legal company running these business is Need i GBG AB\/OurYogaShop with VAT SE556737508301 &#8211; here under named as OURYOGASHOP.COM. [&hellip;]\" \/>\n<meta property=\"og:url\" content=\"https:\/\/ouryogashop.com\/sv\/kopvillkor\/\" \/>\n<meta property=\"og:site_name\" content=\"OurYogaShop\" \/>\n<meta property=\"article:publisher\" content=\"https:\/\/www.facebook.com\/ouryogashopcom\/\" \/>\n<meta property=\"article:modified_time\" content=\"2026-03-17T15:35:51+00:00\" \/>\n<meta name=\"twitter:card\" content=\"summary_large_image\" \/>\n<meta name=\"twitter:site\" content=\"@OurYogaShop\" \/>\n<meta name=\"twitter:label1\" content=\"Ber\u00e4knad l\u00e4stid\" \/>\n\t<meta name=\"twitter:data1\" content=\"6 minuter\" \/>\n<script type=\"application\/ld+json\" class=\"yoast-schema-graph\">{\"@context\":\"https:\\\/\\\/schema.org\",\"@graph\":[{\"@type\":\"WebPage\",\"@id\":\"https:\\\/\\\/ouryogashop.com\\\/sv\\\/kopvillkor\\\/\",\"url\":\"https:\\\/\\\/ouryogashop.com\\\/sv\\\/kopvillkor\\\/\",\"name\":\"K\u00f6pvillkor - OurYogaShop\",\"isPartOf\":{\"@id\":\"https:\\\/\\\/ouryogashop.com\\\/sv\\\/#website\"},\"datePublished\":\"2019-05-14T06:18:07+00:00\",\"dateModified\":\"2026-03-17T15:35:51+00:00\",\"breadcrumb\":{\"@id\":\"https:\\\/\\\/ouryogashop.com\\\/sv\\\/kopvillkor\\\/#breadcrumb\"},\"inLanguage\":\"sv-SE\",\"potentialAction\":[{\"@type\":\"ReadAction\",\"target\":[\"https:\\\/\\\/ouryogashop.com\\\/sv\\\/kopvillkor\\\/\"]}]},{\"@type\":\"BreadcrumbList\",\"@id\":\"https:\\\/\\\/ouryogashop.com\\\/sv\\\/kopvillkor\\\/#breadcrumb\",\"itemListElement\":[{\"@type\":\"ListItem\",\"position\":1,\"name\":\"Hem\",\"item\":\"https:\\\/\\\/ouryogashop.com\\\/sv\\\/\"},{\"@type\":\"ListItem\",\"position\":2,\"name\":\"K\u00f6pvillkor\"}]},{\"@type\":\"WebSite\",\"@id\":\"https:\\\/\\\/ouryogashop.com\\\/sv\\\/#website\",\"url\":\"https:\\\/\\\/ouryogashop.com\\\/sv\\\/\",\"name\":\"OurYogaShop\",\"description\":\"The best yoga mats ever!\",\"publisher\":{\"@id\":\"https:\\\/\\\/ouryogashop.com\\\/sv\\\/#organization\"},\"potentialAction\":[{\"@type\":\"SearchAction\",\"target\":{\"@type\":\"EntryPoint\",\"urlTemplate\":\"https:\\\/\\\/ouryogashop.com\\\/sv\\\/?s={search_term_string}\"},\"query-input\":{\"@type\":\"PropertyValueSpecification\",\"valueRequired\":true,\"valueName\":\"search_term_string\"}}],\"inLanguage\":\"sv-SE\"},{\"@type\":\"Organization\",\"@id\":\"https:\\\/\\\/ouryogashop.com\\\/sv\\\/#organization\",\"name\":\"OurYogaShop\",\"url\":\"https:\\\/\\\/ouryogashop.com\\\/sv\\\/\",\"logo\":{\"@type\":\"ImageObject\",\"inLanguage\":\"sv-SE\",\"@id\":\"https:\\\/\\\/ouryogashop.com\\\/sv\\\/#\\\/schema\\\/logo\\\/image\\\/\",\"url\":\"https:\\\/\\\/ouryogashop.com\\\/wp-content\\\/uploads\\\/2019\\\/05\\\/OYS-Logo.png\",\"contentUrl\":\"https:\\\/\\\/ouryogashop.com\\\/wp-content\\\/uploads\\\/2019\\\/05\\\/OYS-Logo.png\",\"width\":500,\"height\":371,\"caption\":\"OurYogaShop\"},\"image\":{\"@id\":\"https:\\\/\\\/ouryogashop.com\\\/sv\\\/#\\\/schema\\\/logo\\\/image\\\/\"},\"sameAs\":[\"https:\\\/\\\/www.facebook.com\\\/ouryogashopcom\\\/\",\"https:\\\/\\\/x.com\\\/OurYogaShop\",\"https:\\\/\\\/www.instagram.com\\\/ouryogashop\\\/\"]}]}<\/script>\n<!-- \/ Yoast SEO Premium plugin. -->","yoast_head_json":{"title":"K\u00f6pvillkor - OurYogaShop","robots":{"index":"index","follow":"follow","max-snippet":"max-snippet:-1","max-image-preview":"max-image-preview:large","max-video-preview":"max-video-preview:-1"},"canonical":"https:\/\/ouryogashop.com\/sv\/kopvillkor\/","og_locale":"sv_SE","og_type":"article","og_title":"K\u00f6pvillkor","og_description":"The legal company running these business is Need i GBG AB\/OurYogaShop with VAT SE556737508301 &#8211; here under named as OURYOGASHOP.COM. [&hellip;]","og_url":"https:\/\/ouryogashop.com\/sv\/kopvillkor\/","og_site_name":"OurYogaShop","article_publisher":"https:\/\/www.facebook.com\/ouryogashopcom\/","article_modified_time":"2026-03-17T15:35:51+00:00","twitter_card":"summary_large_image","twitter_site":"@OurYogaShop","twitter_misc":{"Ber\u00e4knad l\u00e4stid":"6 minuter"},"schema":{"@context":"https:\/\/schema.org","@graph":[{"@type":"WebPage","@id":"https:\/\/ouryogashop.com\/sv\/kopvillkor\/","url":"https:\/\/ouryogashop.com\/sv\/kopvillkor\/","name":"K\u00f6pvillkor - OurYogaShop","isPartOf":{"@id":"https:\/\/ouryogashop.com\/sv\/#website"},"datePublished":"2019-05-14T06:18:07+00:00","dateModified":"2026-03-17T15:35:51+00:00","breadcrumb":{"@id":"https:\/\/ouryogashop.com\/sv\/kopvillkor\/#breadcrumb"},"inLanguage":"sv-SE","potentialAction":[{"@type":"ReadAction","target":["https:\/\/ouryogashop.com\/sv\/kopvillkor\/"]}]},{"@type":"BreadcrumbList","@id":"https:\/\/ouryogashop.com\/sv\/kopvillkor\/#breadcrumb","itemListElement":[{"@type":"ListItem","position":1,"name":"Hem","item":"https:\/\/ouryogashop.com\/sv\/"},{"@type":"ListItem","position":2,"name":"K\u00f6pvillkor"}]},{"@type":"WebSite","@id":"https:\/\/ouryogashop.com\/sv\/#website","url":"https:\/\/ouryogashop.com\/sv\/","name":"OurYogaShop","description":"The best yoga mats ever!","publisher":{"@id":"https:\/\/ouryogashop.com\/sv\/#organization"},"potentialAction":[{"@type":"SearchAction","target":{"@type":"EntryPoint","urlTemplate":"https:\/\/ouryogashop.com\/sv\/?s={search_term_string}"},"query-input":{"@type":"PropertyValueSpecification","valueRequired":true,"valueName":"search_term_string"}}],"inLanguage":"sv-SE"},{"@type":"Organization","@id":"https:\/\/ouryogashop.com\/sv\/#organization","name":"OurYogaShop","url":"https:\/\/ouryogashop.com\/sv\/","logo":{"@type":"ImageObject","inLanguage":"sv-SE","@id":"https:\/\/ouryogashop.com\/sv\/#\/schema\/logo\/image\/","url":"https:\/\/ouryogashop.com\/wp-content\/uploads\/2019\/05\/OYS-Logo.png","contentUrl":"https:\/\/ouryogashop.com\/wp-content\/uploads\/2019\/05\/OYS-Logo.png","width":500,"height":371,"caption":"OurYogaShop"},"image":{"@id":"https:\/\/ouryogashop.com\/sv\/#\/schema\/logo\/image\/"},"sameAs":["https:\/\/www.facebook.com\/ouryogashopcom\/","https:\/\/x.com\/OurYogaShop","https:\/\/www.instagram.com\/ouryogashop\/"]}]}},"_links":{"self":[{"href":"https:\/\/ouryogashop.com\/sv\/wp-json\/wp\/v2\/pages\/100021","targetHints":{"allow":["GET"]}}],"collection":[{"href":"https:\/\/ouryogashop.com\/sv\/wp-json\/wp\/v2\/pages"}],"about":[{"href":"https:\/\/ouryogashop.com\/sv\/wp-json\/wp\/v2\/types\/page"}],"author":[{"embeddable":true,"href":"https:\/\/ouryogashop.com\/sv\/wp-json\/wp\/v2\/users\/1"}],"replies":[{"embeddable":true,"href":"https:\/\/ouryogashop.com\/sv\/wp-json\/wp\/v2\/comments?post=100021"}],"version-history":[{"count":1,"href":"https:\/\/ouryogashop.com\/sv\/wp-json\/wp\/v2\/pages\/100021\/revisions"}],"predecessor-version":[{"id":167238,"href":"https:\/\/ouryogashop.com\/sv\/wp-json\/wp\/v2\/pages\/100021\/revisions\/167238"}],"wp:attachment":[{"href":"https:\/\/ouryogashop.com\/sv\/wp-json\/wp\/v2\/media?parent=100021"}],"curies":[{"name":"wp","href":"https:\/\/api.w.org\/{rel}","templated":true}]}}