{"id":161837,"date":"2022-11-21T09:39:03","date_gmt":"2022-11-21T07:39:03","guid":{"rendered":"https:\/\/ouryogashop.com\/?page_id=161837"},"modified":"2025-09-26T09:03:25","modified_gmt":"2025-09-26T07:03:25","slug":"alla-yoga-produkter","status":"publish","type":"page","link":"https:\/\/ouryogashop.com\/sv\/alla-yoga-produkter\/","title":{"rendered":"Alla Yoga Produkter"},"content":{"rendered":"<div class=\"wpb-content-wrapper\"><p>[vc_row unlock_row_content=&#8221;yes&#8221; row_height_percent=&#8221;0&#8243; override_padding=&#8221;yes&#8221; h_padding=&#8221;5&#8243; top_padding=&#8221;3&#8243; bottom_padding=&#8221;3&#8243; overlay_alpha=&#8221;50&#8243; gutter_size=&#8221;3&#8243; column_width_percent=&#8221;100&#8243; shift_y=&#8221;0&#8243; z_index=&#8221;0&#8243; uncode_shortcode_id=&#8221;197781&#8243;][vc_column column_width_percent=&#8221;100&#8243; gutter_size=&#8221;3&#8243; overlay_alpha=&#8221;50&#8243; shift_x=&#8221;0&#8243; shift_y=&#8221;0&#8243; shift_y_down=&#8221;0&#8243; z_index=&#8221;0&#8243; medium_width=&#8221;0&#8243; mobile_width=&#8221;0&#8243; width=&#8221;1\/1&#8243; uncode_shortcode_id=&#8221;127642&#8243;][uncode_index el_id=&#8221;index-145375&#8243; index_type=&#8221;css_grid&#8221; loop=&#8221;size:20|order_by:date|post_type:product|taxonomy_count:10&#8243; grid_items=&#8221;5&#8243; screen_lg_items=&#8221;4&#8243; screen_lg_breakpoint=&#8221;1920&#8243; screen_md_items=&#8221;3&#8243; screen_md_breakpoint=&#8221;960&#8243; screen_sm_items=&#8221;1&#8243; screen_sm_breakpoint=&#8221;480&#8243; filtering=&#8221;ajax&#8221; ajax_filters_content_block_id=&#8221;161833&#8243; gutter_size_ajax_filters=&#8221;4&#8243; column_size_ajax_filters=&#8221;2&#8243; filter_typography=&#8221;inherit&#8221; filtering_toggle_align=&#8221;right&#8221; show_woo_sorting_ajax=&#8221;right&#8221; show_woo_result_count_ajax=&#8221;yes&#8221; woo_sorting_shadow_ajax=&#8221;yes&#8221; gutter_size=&#8221;2&#8243; product_items=&#8221;media|featured|onpost|original|show-sale|enhanced-atc|inherit-w-atc|atc-typo-default|show-atc,icon|md,title,price|default,quick-view-button&#8221; infinite=&#8221;yes&#8221; infinite_button=&#8221;icon&#8221; footer_full_width=&#8221;yes&#8221; css_grid_images_size=&#8221;one-one&#8221; single_shape=&#8221;round&#8221; single_overlay_opacity=&#8221;50&#8243; single_image_magnetic=&#8221;yes&#8221; single_secondary=&#8221;yes&#8221; single_h_align=&#8221;center&#8221; single_padding=&#8221;1&#8243; single_title_dimension=&#8221;h6&#8243; single_title_weight=&#8221;400&#8243; single_border=&#8221;yes&#8221; single_css_animation=&#8221;bottom-t-top&#8221; no_double_tap=&#8221;yes&#8221; pagination_per_page=&#8221;20&#8243; hide_woo_sorting_icon_ajax=&#8221;yes&#8221; uncode_shortcode_id=&#8221;200654&#8243; max_w_ajax_filters=&#8221;600&#8243; min_w_ajax_filters=&#8221;380&#8243; single_icon=&#8221;fa fa-arrow-forward-outline&#8221;][\/vc_column][\/vc_row]<\/p>\n<\/div>","protected":false},"excerpt":{"rendered":"<p>Letar du efter de B\u00e4sta Yogaprodukterna? Bra!<br \/>\nV\u00e4lkommen till OurYogashop &#8211; Endast professionella yogaprodukter.<br \/>\nYogamattor, yogast\u00f6d och mer &#8230;<br \/>\nDrivs av ett svenskt familjef\u00f6retag.<\/p>\n","protected":false},"author":1,"featured_media":88487,"parent":0,"menu_order":0,"comment_status":"closed","ping_status":"closed","template":"","meta":{"footnotes":""},"class_list":["post-161837","page","type-page","status-publish","has-post-thumbnail","hentry"],"yoast_head":"<!-- This site is optimized with the Yoast SEO Premium plugin v27.5 (Yoast SEO v27.5) - https:\/\/yoast.com\/product\/yoast-seo-premium-wordpress\/ -->\n<title>Alla Yoga Produkter - OurYogaShop<\/title>\n<meta name=\"description\" content=\"Letar du efter de B\u00e4sta Yogaprodukterna? Bra! V\u00e4lkommen till OurYogashop - Endast professionella yogaprodukter. Yogamattor, yogast\u00f6d och mer ... Drivs av ett svenskt familjef\u00f6retag.\" \/>\n<meta name=\"robots\" content=\"index, follow, max-snippet:-1, max-image-preview:large, max-video-preview:-1\" \/>\n<link rel=\"canonical\" href=\"https:\/\/ouryogashop.com\/sv\/alla-yoga-produkter\/\" \/>\n<meta property=\"og:locale\" content=\"sv_SE\" \/>\n<meta property=\"og:type\" content=\"article\" \/>\n<meta property=\"og:title\" content=\"Alla Yoga Produkter\" \/>\n<meta property=\"og:description\" content=\"Letar du efter de B\u00e4sta Yogaprodukterna? Bra! V\u00e4lkommen till OurYogashop - Endast professionella yogaprodukter. Yogamattor, yogast\u00f6d och mer ... Drivs av ett svenskt familjef\u00f6retag.\" \/>\n<meta property=\"og:url\" content=\"https:\/\/ouryogashop.com\/sv\/alla-yoga-produkter\/\" \/>\n<meta property=\"og:site_name\" content=\"OurYogaShop\" \/>\n<meta property=\"article:publisher\" content=\"https:\/\/www.facebook.com\/ouryogashopcom\/\" \/>\n<meta property=\"article:modified_time\" content=\"2025-09-26T07:03:25+00:00\" \/>\n<meta property=\"og:image\" content=\"https:\/\/ouryogashop.com\/wp-content\/uploads\/2019\/07\/ouryogashop-frontpage-logo.jpg\" \/>\n\t<meta property=\"og:image:width\" content=\"1920\" \/>\n\t<meta property=\"og:image:height\" content=\"1280\" \/>\n\t<meta property=\"og:image:type\" content=\"image\/jpeg\" \/>\n<meta name=\"twitter:card\" content=\"summary_large_image\" \/>\n<meta name=\"twitter:site\" content=\"@OurYogaShop\" \/>\n<meta name=\"twitter:label1\" content=\"Ber\u00e4knad l\u00e4stid\" \/>\n\t<meta name=\"twitter:data1\" content=\"1 minut\" \/>\n<script type=\"application\/ld+json\" class=\"yoast-schema-graph\">{\"@context\":\"https:\\\/\\\/schema.org\",\"@graph\":[{\"@type\":\"WebPage\",\"@id\":\"https:\\\/\\\/ouryogashop.com\\\/sv\\\/alla-yoga-produkter\\\/\",\"url\":\"https:\\\/\\\/ouryogashop.com\\\/sv\\\/alla-yoga-produkter\\\/\",\"name\":\"Alla Yoga Produkter - OurYogaShop\",\"isPartOf\":{\"@id\":\"https:\\\/\\\/ouryogashop.com\\\/sv\\\/#website\"},\"primaryImageOfPage\":{\"@id\":\"https:\\\/\\\/ouryogashop.com\\\/sv\\\/alla-yoga-produkter\\\/#primaryimage\"},\"image\":{\"@id\":\"https:\\\/\\\/ouryogashop.com\\\/sv\\\/alla-yoga-produkter\\\/#primaryimage\"},\"thumbnailUrl\":\"https:\\\/\\\/ouryogashop.com\\\/wp-content\\\/uploads\\\/2019\\\/07\\\/ouryogashop-frontpage-logo.jpg\",\"datePublished\":\"2022-11-21T07:39:03+00:00\",\"dateModified\":\"2025-09-26T07:03:25+00:00\",\"description\":\"Letar du efter de B\u00e4sta Yogaprodukterna? Bra! V\u00e4lkommen till OurYogashop - Endast professionella yogaprodukter. Yogamattor, yogast\u00f6d och mer ... Drivs av ett svenskt familjef\u00f6retag.\",\"breadcrumb\":{\"@id\":\"https:\\\/\\\/ouryogashop.com\\\/sv\\\/alla-yoga-produkter\\\/#breadcrumb\"},\"inLanguage\":\"sv-SE\",\"potentialAction\":[{\"@type\":\"ReadAction\",\"target\":[\"https:\\\/\\\/ouryogashop.com\\\/sv\\\/alla-yoga-produkter\\\/\"]}]},{\"@type\":\"ImageObject\",\"inLanguage\":\"sv-SE\",\"@id\":\"https:\\\/\\\/ouryogashop.com\\\/sv\\\/alla-yoga-produkter\\\/#primaryimage\",\"url\":\"https:\\\/\\\/ouryogashop.com\\\/wp-content\\\/uploads\\\/2019\\\/07\\\/ouryogashop-frontpage-logo.jpg\",\"contentUrl\":\"https:\\\/\\\/ouryogashop.com\\\/wp-content\\\/uploads\\\/2019\\\/07\\\/ouryogashop-frontpage-logo.jpg\",\"width\":1920,\"height\":1280,\"caption\":\"ouryogashop frontpage logo\"},{\"@type\":\"BreadcrumbList\",\"@id\":\"https:\\\/\\\/ouryogashop.com\\\/sv\\\/alla-yoga-produkter\\\/#breadcrumb\",\"itemListElement\":[{\"@type\":\"ListItem\",\"position\":1,\"name\":\"Hem\",\"item\":\"https:\\\/\\\/ouryogashop.com\\\/sv\\\/\"},{\"@type\":\"ListItem\",\"position\":2,\"name\":\"Alla Yoga Produkter\"}]},{\"@type\":\"WebSite\",\"@id\":\"https:\\\/\\\/ouryogashop.com\\\/sv\\\/#website\",\"url\":\"https:\\\/\\\/ouryogashop.com\\\/sv\\\/\",\"name\":\"OurYogaShop\",\"description\":\"The best yoga mats ever!\",\"publisher\":{\"@id\":\"https:\\\/\\\/ouryogashop.com\\\/sv\\\/#organization\"},\"potentialAction\":[{\"@type\":\"SearchAction\",\"target\":{\"@type\":\"EntryPoint\",\"urlTemplate\":\"https:\\\/\\\/ouryogashop.com\\\/sv\\\/?s={search_term_string}\"},\"query-input\":{\"@type\":\"PropertyValueSpecification\",\"valueRequired\":true,\"valueName\":\"search_term_string\"}}],\"inLanguage\":\"sv-SE\"},{\"@type\":\"Organization\",\"@id\":\"https:\\\/\\\/ouryogashop.com\\\/sv\\\/#organization\",\"name\":\"OurYogaShop\",\"url\":\"https:\\\/\\\/ouryogashop.com\\\/sv\\\/\",\"logo\":{\"@type\":\"ImageObject\",\"inLanguage\":\"sv-SE\",\"@id\":\"https:\\\/\\\/ouryogashop.com\\\/sv\\\/#\\\/schema\\\/logo\\\/image\\\/\",\"url\":\"https:\\\/\\\/ouryogashop.com\\\/wp-content\\\/uploads\\\/2019\\\/05\\\/OYS-Logo.png\",\"contentUrl\":\"https:\\\/\\\/ouryogashop.com\\\/wp-content\\\/uploads\\\/2019\\\/05\\\/OYS-Logo.png\",\"width\":500,\"height\":371,\"caption\":\"OurYogaShop\"},\"image\":{\"@id\":\"https:\\\/\\\/ouryogashop.com\\\/sv\\\/#\\\/schema\\\/logo\\\/image\\\/\"},\"sameAs\":[\"https:\\\/\\\/www.facebook.com\\\/ouryogashopcom\\\/\",\"https:\\\/\\\/x.com\\\/OurYogaShop\",\"https:\\\/\\\/www.instagram.com\\\/ouryogashop\\\/\"]}]}<\/script>\n<!-- \/ Yoast SEO Premium plugin. -->","yoast_head_json":{"title":"Alla Yoga Produkter - OurYogaShop","description":"Letar du efter de B\u00e4sta Yogaprodukterna? Bra! V\u00e4lkommen till OurYogashop - Endast professionella yogaprodukter. Yogamattor, yogast\u00f6d och mer ... Drivs av ett svenskt familjef\u00f6retag.","robots":{"index":"index","follow":"follow","max-snippet":"max-snippet:-1","max-image-preview":"max-image-preview:large","max-video-preview":"max-video-preview:-1"},"canonical":"https:\/\/ouryogashop.com\/sv\/alla-yoga-produkter\/","og_locale":"sv_SE","og_type":"article","og_title":"Alla Yoga Produkter","og_description":"Letar du efter de B\u00e4sta Yogaprodukterna? Bra! V\u00e4lkommen till OurYogashop - Endast professionella yogaprodukter. Yogamattor, yogast\u00f6d och mer ... Drivs av ett svenskt familjef\u00f6retag.","og_url":"https:\/\/ouryogashop.com\/sv\/alla-yoga-produkter\/","og_site_name":"OurYogaShop","article_publisher":"https:\/\/www.facebook.com\/ouryogashopcom\/","article_modified_time":"2025-09-26T07:03:25+00:00","og_image":[{"width":1920,"height":1280,"url":"https:\/\/ouryogashop.com\/wp-content\/uploads\/2019\/07\/ouryogashop-frontpage-logo.jpg","type":"image\/jpeg"}],"twitter_card":"summary_large_image","twitter_site":"@OurYogaShop","twitter_misc":{"Ber\u00e4knad l\u00e4stid":"1 minut"},"schema":{"@context":"https:\/\/schema.org","@graph":[{"@type":"WebPage","@id":"https:\/\/ouryogashop.com\/sv\/alla-yoga-produkter\/","url":"https:\/\/ouryogashop.com\/sv\/alla-yoga-produkter\/","name":"Alla Yoga Produkter - OurYogaShop","isPartOf":{"@id":"https:\/\/ouryogashop.com\/sv\/#website"},"primaryImageOfPage":{"@id":"https:\/\/ouryogashop.com\/sv\/alla-yoga-produkter\/#primaryimage"},"image":{"@id":"https:\/\/ouryogashop.com\/sv\/alla-yoga-produkter\/#primaryimage"},"thumbnailUrl":"https:\/\/ouryogashop.com\/wp-content\/uploads\/2019\/07\/ouryogashop-frontpage-logo.jpg","datePublished":"2022-11-21T07:39:03+00:00","dateModified":"2025-09-26T07:03:25+00:00","description":"Letar du efter de B\u00e4sta Yogaprodukterna? Bra! V\u00e4lkommen till OurYogashop - Endast professionella yogaprodukter. Yogamattor, yogast\u00f6d och mer ... Drivs av ett svenskt familjef\u00f6retag.","breadcrumb":{"@id":"https:\/\/ouryogashop.com\/sv\/alla-yoga-produkter\/#breadcrumb"},"inLanguage":"sv-SE","potentialAction":[{"@type":"ReadAction","target":["https:\/\/ouryogashop.com\/sv\/alla-yoga-produkter\/"]}]},{"@type":"ImageObject","inLanguage":"sv-SE","@id":"https:\/\/ouryogashop.com\/sv\/alla-yoga-produkter\/#primaryimage","url":"https:\/\/ouryogashop.com\/wp-content\/uploads\/2019\/07\/ouryogashop-frontpage-logo.jpg","contentUrl":"https:\/\/ouryogashop.com\/wp-content\/uploads\/2019\/07\/ouryogashop-frontpage-logo.jpg","width":1920,"height":1280,"caption":"ouryogashop frontpage logo"},{"@type":"BreadcrumbList","@id":"https:\/\/ouryogashop.com\/sv\/alla-yoga-produkter\/#breadcrumb","itemListElement":[{"@type":"ListItem","position":1,"name":"Hem","item":"https:\/\/ouryogashop.com\/sv\/"},{"@type":"ListItem","position":2,"name":"Alla Yoga Produkter"}]},{"@type":"WebSite","@id":"https:\/\/ouryogashop.com\/sv\/#website","url":"https:\/\/ouryogashop.com\/sv\/","name":"OurYogaShop","description":"The best yoga mats ever!","publisher":{"@id":"https:\/\/ouryogashop.com\/sv\/#organization"},"potentialAction":[{"@type":"SearchAction","target":{"@type":"EntryPoint","urlTemplate":"https:\/\/ouryogashop.com\/sv\/?s={search_term_string}"},"query-input":{"@type":"PropertyValueSpecification","valueRequired":true,"valueName":"search_term_string"}}],"inLanguage":"sv-SE"},{"@type":"Organization","@id":"https:\/\/ouryogashop.com\/sv\/#organization","name":"OurYogaShop","url":"https:\/\/ouryogashop.com\/sv\/","logo":{"@type":"ImageObject","inLanguage":"sv-SE","@id":"https:\/\/ouryogashop.com\/sv\/#\/schema\/logo\/image\/","url":"https:\/\/ouryogashop.com\/wp-content\/uploads\/2019\/05\/OYS-Logo.png","contentUrl":"https:\/\/ouryogashop.com\/wp-content\/uploads\/2019\/05\/OYS-Logo.png","width":500,"height":371,"caption":"OurYogaShop"},"image":{"@id":"https:\/\/ouryogashop.com\/sv\/#\/schema\/logo\/image\/"},"sameAs":["https:\/\/www.facebook.com\/ouryogashopcom\/","https:\/\/x.com\/OurYogaShop","https:\/\/www.instagram.com\/ouryogashop\/"]}]}},"_links":{"self":[{"href":"https:\/\/ouryogashop.com\/sv\/wp-json\/wp\/v2\/pages\/161837","targetHints":{"allow":["GET"]}}],"collection":[{"href":"https:\/\/ouryogashop.com\/sv\/wp-json\/wp\/v2\/pages"}],"about":[{"href":"https:\/\/ouryogashop.com\/sv\/wp-json\/wp\/v2\/types\/page"}],"author":[{"embeddable":true,"href":"https:\/\/ouryogashop.com\/sv\/wp-json\/wp\/v2\/users\/1"}],"replies":[{"embeddable":true,"href":"https:\/\/ouryogashop.com\/sv\/wp-json\/wp\/v2\/comments?post=161837"}],"version-history":[{"count":0,"href":"https:\/\/ouryogashop.com\/sv\/wp-json\/wp\/v2\/pages\/161837\/revisions"}],"wp:featuredmedia":[{"embeddable":true,"href":"https:\/\/ouryogashop.com\/sv\/wp-json\/wp\/v2\/media\/88487"}],"wp:attachment":[{"href":"https:\/\/ouryogashop.com\/sv\/wp-json\/wp\/v2\/media?parent=161837"}],"curies":[{"name":"wp","href":"https:\/\/api.w.org\/{rel}","templated":true}]}}