{"id":162155,"date":"2022-11-22T11:42:10","date_gmt":"2022-11-22T09:42:10","guid":{"rendered":"https:\/\/ouryogashop.com\/restore-orkide\/"},"modified":"2022-11-22T12:47:22","modified_gmt":"2022-11-22T10:47:22","slug":"restore-orkide","status":"publish","type":"page","link":"https:\/\/ouryogashop.com\/sv\/restore-orkide\/","title":{"rendered":"Restore Orkide"},"content":{"rendered":"<div class=\"wpb-content-wrapper\"><p>[vc_row row_height_percent=&#8221;0&#8243; override_padding=&#8221;yes&#8221; h_padding=&#8221;2&#8243; top_padding=&#8221;5&#8243; bottom_padding=&#8221;5&#8243; back_image=&#8221;161080&#8243; overlay_color=&#8221;color-xsdn&#8221; overlay_alpha=&#8221;83&#8243; gutter_size=&#8221;3&#8243; column_width_percent=&#8221;100&#8243; shift_y=&#8221;0&#8243; z_index=&#8221;0&#8243; uncode_shortcode_id=&#8221;160729&#8243; overlay_color_type=&#8221;uncode-palette&#8221; row_name=&#8221;read about orchid&#8221;][vc_column width=&#8221;1\/1&#8243;][vc_custom_heading text_color=&#8221;accent&#8221; heading_semantic=&#8221;h6&#8243; text_size=&#8221;fontsize-124304&#8243; text_transform=&#8221;uppercase&#8221; uncode_shortcode_id=&#8221;187067&#8243; text_color_type=&#8221;uncode-palette&#8221;]Restore[\/vc_custom_heading][vc_custom_heading text_size=&#8221;fontsize-112273&#8243; uncode_shortcode_id=&#8221;599030&#8243;]Orkid\u00e9 &#8211; Mening och Symbolism[\/vc_custom_heading][vc_column_text text_lead=&#8221;yes&#8221; uncode_shortcode_id=&#8221;183207&#8243;]Orkid\u00e9n &#8211; En fantastisk blomma som kom med \u00e4nnu mer kraft till v\u00e5rt mission.[\/vc_column_text][vc_button button_color=&#8221;accent&#8221; border_width=&#8221;0&#8243; link=&#8221;url:%23orchid|&#8221; button_color_type=&#8221;uncode-palette&#8221; uncode_shortcode_id=&#8221;269291&#8243;]L\u00e4s om Orkid\u00e9n[\/vc_button][\/vc_column][\/vc_row][vc_row unlock_row_content=&#8221;yes&#8221; row_height_percent=&#8221;0&#8243; override_padding=&#8221;yes&#8221; h_padding=&#8221;2&#8243; top_padding=&#8221;3&#8243; bottom_padding=&#8221;5&#8243; overlay_alpha=&#8221;0&#8243; gutter_size=&#8221;3&#8243; column_width_use_pixel=&#8221;yes&#8221; shift_y=&#8221;0&#8243; z_index=&#8221;0&#8243; column_width_pixel=&#8221;1400&#8243; uncode_shortcode_id=&#8221;121863&#8243; row_name=&#8221;orchid&#8221;][vc_column column_width_percent=&#8221;100&#8243; position_vertical=&#8221;middle&#8221; align_horizontal=&#8221;align_center&#8221; gutter_size=&#8221;4&#8243; overlay_alpha=&#8221;50&#8243; shift_x=&#8221;0&#8243; shift_y=&#8221;0&#8243; shift_y_down=&#8221;0&#8243; z_index=&#8221;0&#8243; medium_width=&#8221;0&#8243; mobile_width=&#8221;0&#8243; css_animation=&#8221;alpha-anim&#8221; width=&#8221;1\/1&#8243;][uncode_index el_id=&#8221;index-14701323425678&#8243; loop=&#8221;size:3|order_by:date|post_type:post|categories:3864|taxonomy_count:10&#8243; style_preset=&#8221;metro&#8221; screen_lg=&#8221;1200&#8243; screen_md=&#8221;1200&#8243; screen_sm=&#8221;480&#8243; gutter_size=&#8221;2&#8243; post_items=&#8221;media|featured|onpost|original,title,category|transparentbg|topright|display-icon&#8221; single_text=&#8221;overlay&#8221; single_back_color=&#8221;color-xsdn&#8221; single_overlay_color=&#8221;color-wayh&#8221; single_overlay_coloration=&#8221;bottom_gradient&#8221; single_overlay_opacity=&#8221;50&#8243; single_overlay_visible=&#8221;yes&#8221; single_overlay_anim=&#8221;no&#8221; single_text_visible=&#8221;yes&#8221; single_text_anim=&#8221;no&#8221; single_v_position=&#8221;bottom&#8221; single_reduced=&#8221;three_quarter&#8221; single_padding=&#8221;2&#8243; single_title_dimension=&#8221;h3&#8243; single_title_transform=&#8221;capitalize&#8221; single_text_lead=&#8221;yes&#8221; single_shadow=&#8221;yes&#8221; shadow_weight=&#8221;lg&#8221; single_border=&#8221;yes&#8221; single_css_animation=&#8221;zoom-in&#8221; post_matrix=&#8221;matrix&#8221; matrix_amount=&#8221;3&#8243; no_double_tap=&#8221;yes&#8221; matrix_items=&#8221;e30=&#8221; uncode_shortcode_id=&#8221;138893&#8243;][\/vc_column][\/vc_row][vc_row row_height_percent=&#8221;0&#8243; override_padding=&#8221;yes&#8221; h_padding=&#8221;2&#8243; top_padding=&#8221;5&#8243; bottom_padding=&#8221;5&#8243; back_image=&#8221;160935&#8243; overlay_color=&#8221;color-xsdn&#8221; overlay_alpha=&#8221;85&#8243; gutter_size=&#8221;3&#8243; column_width_percent=&#8221;100&#8243; shift_y=&#8221;0&#8243; z_index=&#8221;0&#8243; uncode_shortcode_id=&#8221;387305&#8243; overlay_color_type=&#8221;uncode-palette&#8221;][vc_column width=&#8221;1\/1&#8243;][vc_custom_heading text_color=&#8221;accent&#8221; heading_semantic=&#8221;h6&#8243; text_size=&#8221;fontsize-124304&#8243; text_transform=&#8221;uppercase&#8221; uncode_shortcode_id=&#8221;166730&#8243; text_color_type=&#8221;uncode-palette&#8221;]Restore[\/vc_custom_heading][vc_custom_heading text_size=&#8221;fontsize-112273&#8243; uncode_shortcode_id=&#8221;156942&#8243;]Restore \u00e4r koden som ger DIG pengar tillbaka &#8211; ist\u00e4llet f\u00f6r DEM[\/vc_custom_heading][vc_column_text text_lead=&#8221;yes&#8221; uncode_shortcode_id=&#8221;361975&#8243;]Vi blev tr\u00f6tta p\u00e5 Google Ads, Meta, Facebook, Instagram, Amazon och de STORA bolagen. S\u00e5 vi best\u00e4mde oss f\u00f6r att klippa det som band oss till dem och i sanning bli fria.[\/vc_column_text][vc_button button_color=&#8221;accent&#8221; border_width=&#8221;0&#8243; link=&#8221;url:%23code|&#8221; button_color_type=&#8221;uncode-palette&#8221; uncode_shortcode_id=&#8221;316807&#8243;]F\u00e5 din kod f\u00f6r 15% Rabatt[\/vc_button][\/vc_column][\/vc_row][vc_row row_height_percent=&#8221;0&#8243; override_padding=&#8221;yes&#8221; h_padding=&#8221;2&#8243; top_padding=&#8221;5&#8243; bottom_padding=&#8221;5&#8243; overlay_alpha=&#8221;50&#8243; gutter_size=&#8221;100&#8243; column_width_percent=&#8221;100&#8243; shift_y=&#8221;0&#8243; z_index=&#8221;0&#8243; style=&#8221;inherited&#8221; row_name=&#8221;code&#8221; uncode_shortcode_id=&#8221;242821&#8243;][vc_column column_width_percent=&#8221;100&#8243; position_vertical=&#8221;middle&#8221; align_horizontal=&#8221;align_center&#8221; gutter_size=&#8221;4&#8243; overlay_alpha=&#8221;100&#8243; shift_x=&#8221;0&#8243; shift_y=&#8221;0&#8243; shift_y_down=&#8221;0&#8243; z_index=&#8221;0&#8243; medium_width=&#8221;0&#8243; mobile_width=&#8221;0&#8243; zoom_width=&#8221;0&#8243; zoom_height=&#8221;0&#8243; width=&#8221;1\/1&#8243;][vc_row_inner][vc_column_inner column_width_use_pixel=&#8221;yes&#8221; align_horizontal=&#8221;align_center&#8221; gutter_size=&#8221;3&#8243; overlay_alpha=&#8221;50&#8243; shift_x=&#8221;0&#8243; shift_y=&#8221;0&#8243; shift_y_down=&#8221;0&#8243; z_index=&#8221;0&#8243; medium_width=&#8221;0&#8243; mobile_width=&#8221;0&#8243; width=&#8221;1\/1&#8243; column_width_pixel=&#8221;600&#8243;][vc_custom_heading text_color=&#8221;accent&#8221; heading_semantic=&#8221;h6&#8243; text_size=&#8221;fontsize-124304&#8243; text_transform=&#8221;uppercase&#8221; uncode_shortcode_id=&#8221;100077&#8243; text_color_type=&#8221;uncode-palette&#8221;]Restore &#8211; Rabattkoden[\/vc_custom_heading][vc_custom_heading heading_semantic=&#8221;h3&#8243; text_size=&#8221;h1&#8243; sub_lead=&#8221;yes&#8221; sub_reduced=&#8221;yes&#8221; subheading=&#8221;Nu n\u00e4r du vet att du f\u00e5r 15 % ist\u00e4llet f\u00f6r DEM \u2013 varf\u00f6r ens handla n\u00e5gon annanstans?&#8221; uncode_shortcode_id=&#8221;156504&#8243;]Vill du f\u00e5 15% billigare priser?[\/vc_custom_heading][vc_button button_color=&#8221;accent&#8221; size=&#8221;btn-xl&#8221; radius=&#8221;btn-round&#8221; border_animation=&#8221;btn-ripple-out&#8221; hover_fx=&#8221;outlined&#8221; outline=&#8221;yes&#8221; border_width=&#8221;0&#8243; css_animation=&#8221;alpha-anim&#8221; animation_delay=&#8221;600&#8243; link=&#8221;url:https%3A%2F%2Fouryogashop.com%2Fsv%2F|title:Checkout|&#8221; button_color_type=&#8221;uncode-palette&#8221; uncode_shortcode_id=&#8221;137637&#8243;]Rabattkod: RESTORE[\/vc_button][\/vc_column_inner][\/vc_row_inner][vc_custom_heading heading_semantic=&#8221;h3&#8243; text_size=&#8221;h1&#8243; sub_lead=&#8221;yes&#8221; sub_reduced=&#8221;yes&#8221; uncode_shortcode_id=&#8221;793274&#8243;]Prisskillnad[\/vc_custom_heading][vc_row_inner row_inner_height_percent=&#8221;0&#8243; overlay_alpha=&#8221;100&#8243; equal_height=&#8221;yes&#8221; gutter_size=&#8221;3&#8243; shift_y=&#8221;0&#8243; z_index=&#8221;0&#8243;][vc_column_inner column_width_percent=&#8221;100&#8243; align_horizontal=&#8221;align_center&#8221; gutter_size=&#8221;2&#8243; overlay_alpha=&#8221;100&#8243; shift_x=&#8221;0&#8243; shift_y=&#8221;0&#8243; shift_y_down=&#8221;0&#8243; z_index=&#8221;0&#8243; align_medium=&#8221;align_center_tablet&#8221; medium_width=&#8221;0&#8243; align_mobile=&#8221;align_center_mobile&#8221; mobile_width=&#8221;0&#8243; zoom_width=&#8221;0&#8243; zoom_height=&#8221;0&#8243; width=&#8221;1\/4&#8243;][vc_pie value=&#8221;85&#8243; arc_width=&#8221;5&#8243; bar_color=&#8221;color-822632&#8243; units=&#8221;%&#8221; uncode_shortcode_id=&#8221;143865&#8243; bar_color_type=&#8221;uncode-palette&#8221;][\/vc_column_inner][vc_column_inner column_width_percent=&#8221;100&#8243; position_vertical=&#8221;middle&#8221; gutter_size=&#8221;3&#8243; overlay_alpha=&#8221;100&#8243; shift_x=&#8221;0&#8243; shift_y=&#8221;0&#8243; shift_y_down=&#8221;0&#8243; z_index=&#8221;0&#8243; align_medium=&#8221;align_center_tablet&#8221; medium_width=&#8221;0&#8243; align_mobile=&#8221;align_center_mobile&#8221; mobile_width=&#8221;0&#8243; zoom_width=&#8221;0&#8243; zoom_height=&#8221;0&#8243; width=&#8221;1\/4&#8243;][vc_custom_heading heading_semantic=&#8221;h3&#8243; text_size=&#8221;h5&#8243; sub_reduced=&#8221;yes&#8221; subheading=&#8221;Vi erbjuder dig 15 % rabatt p\u00e5 priset &#8211; eftersom vi klippte v\u00e5ra kopplingar med BIG TECH.&#8221; uncode_shortcode_id=&#8221;956369&#8243;]85% p\u00e5 OurYogaShop[\/vc_custom_heading][\/vc_column_inner][vc_column_inner column_width_percent=&#8221;100&#8243; align_horizontal=&#8221;align_center&#8221; gutter_size=&#8221;3&#8243; overlay_alpha=&#8221;50&#8243; shift_x=&#8221;0&#8243; shift_y=&#8221;0&#8243; shift_y_down=&#8221;0&#8243; z_index=&#8221;0&#8243; align_medium=&#8221;align_center_tablet&#8221; medium_width=&#8221;0&#8243; align_mobile=&#8221;align_center_mobile&#8221; mobile_width=&#8221;0&#8243; width=&#8221;1\/4&#8243;][vc_pie value=&#8221;100&#8243; arc_width=&#8221;5&#8243; bar_color=&#8221;color-wvjs&#8221; units=&#8221;%&#8221; uncode_shortcode_id=&#8221;320880&#8243; bar_color_type=&#8221;uncode-palette&#8221;][\/vc_column_inner][vc_column_inner column_width_percent=&#8221;100&#8243; position_vertical=&#8221;middle&#8221; gutter_size=&#8221;3&#8243; overlay_alpha=&#8221;50&#8243; shift_x=&#8221;0&#8243; shift_y=&#8221;0&#8243; shift_y_down=&#8221;0&#8243; z_index=&#8221;0&#8243; align_medium=&#8221;align_center_tablet&#8221; medium_width=&#8221;0&#8243; align_mobile=&#8221;align_center_mobile&#8221; mobile_width=&#8221;0&#8243; width=&#8221;1\/4&#8243;][vc_custom_heading heading_semantic=&#8221;h3&#8243; text_size=&#8221;h5&#8243; sub_reduced=&#8221;yes&#8221; subheading=&#8221;Priser i shoppar som fortfarande tror p\u00e5 l\u00f6gnerna och \u00e4r r\u00e4dda f\u00f6r att f\u00f6rlora egot.&#8221; uncode_shortcode_id=&#8221;171414&#8243;]BIG TECH beroende shoppar[\/vc_custom_heading][\/vc_column_inner][\/vc_row_inner][\/vc_column][\/vc_row][vc_row row_height_percent=&#8221;0&#8243; override_padding=&#8221;yes&#8221; h_padding=&#8221;2&#8243; top_padding=&#8221;5&#8243; bottom_padding=&#8221;5&#8243; back_image=&#8221;161076&#8243; overlay_color=&#8221;color-xsdn&#8221; overlay_alpha=&#8221;80&#8243; gutter_size=&#8221;3&#8243; column_width_percent=&#8221;100&#8243; shift_y=&#8221;0&#8243; z_index=&#8221;0&#8243; uncode_shortcode_id=&#8221;246590&#8243; overlay_color_type=&#8221;uncode-palette&#8221;][vc_column width=&#8221;1\/1&#8243;][vc_custom_heading text_color=&#8221;accent&#8221; heading_semantic=&#8221;h6&#8243; text_size=&#8221;fontsize-124304&#8243; text_transform=&#8221;uppercase&#8221; uncode_shortcode_id=&#8221;846296&#8243; text_color_type=&#8221;uncode-palette&#8221;]Restore[\/vc_custom_heading][vc_custom_heading text_size=&#8221;fontsize-112273&#8243; uncode_shortcode_id=&#8221;369879&#8243;]Kolibri &#8211; Mening och Symbolism[\/vc_custom_heading][vc_column_text text_lead=&#8221;yes&#8221; uncode_shortcode_id=&#8221;696219&#8243;]Kolibrin blev ledstj\u00e4rna f\u00f6r v\u00e5r l\u00e5ngsiktiga kampanj: RESTORE[\/vc_column_text][vc_button button_color=&#8221;accent&#8221; border_width=&#8221;0&#8243; link=&#8221;url:https%3A%2F%2Fouryogashop.com%2Fsv%2Frestore-kolibri%2F%23read-about-hummingbird|title:Restore%20Kolibri|&#8221; button_color_type=&#8221;uncode-palette&#8221; uncode_shortcode_id=&#8221;217965&#8243;]L\u00e4s om Kolibrin[\/vc_button][\/vc_column][\/vc_row]<\/p>\n<\/div>","protected":false},"excerpt":{"rendered":"<p>RESTORE &#8211; \u00e5teruppr\u00e4tta en tidigare r\u00e4ttighet, praxis eller situation &#8211; ge tillbaka n\u00e5got som tagits ifr\u00e5n den ursprungliga mottagaren<br \/>\nB\u00e4ttre priser till DIG!<\/p>\n","protected":false},"author":1,"featured_media":162055,"parent":0,"menu_order":0,"comment_status":"closed","ping_status":"closed","template":"","meta":{"footnotes":""},"class_list":["post-162155","page","type-page","status-publish","has-post-thumbnail","hentry"],"yoast_head":"<!-- This site is optimized with the Yoast SEO Premium plugin v27.3 (Yoast SEO v27.4) - https:\/\/yoast.com\/product\/yoast-seo-premium-wordpress\/ -->\n<title>Restore Orkide - OurYogaShop<\/title>\n<meta name=\"description\" content=\"RESTORE - \u00e5teruppr\u00e4tta en tidigare r\u00e4ttighet, praxis eller situation - ge tillbaka n\u00e5got som tagits ifr\u00e5n den ursprungliga mottagaren B\u00e4ttre priser till DIG!\" \/>\n<meta name=\"robots\" content=\"index, follow, max-snippet:-1, max-image-preview:large, max-video-preview:-1\" \/>\n<link rel=\"canonical\" href=\"https:\/\/ouryogashop.com\/sv\/restore-orkide\/\" \/>\n<meta property=\"og:locale\" content=\"sv_SE\" \/>\n<meta property=\"og:type\" content=\"article\" \/>\n<meta property=\"og:title\" content=\"Restore Orkide\" \/>\n<meta property=\"og:description\" content=\"RESTORE - \u00e5teruppr\u00e4tta en tidigare r\u00e4ttighet, praxis eller situation - ge tillbaka n\u00e5got som tagits ifr\u00e5n den ursprungliga mottagaren B\u00e4ttre priser till DIG!\" \/>\n<meta property=\"og:url\" content=\"https:\/\/ouryogashop.com\/sv\/restore-orkide\/\" \/>\n<meta property=\"og:site_name\" content=\"OurYogaShop\" \/>\n<meta property=\"article:publisher\" content=\"https:\/\/www.facebook.com\/ouryogashopcom\/\" \/>\n<meta property=\"article:modified_time\" content=\"2022-11-22T10:47:22+00:00\" \/>\n<meta property=\"og:image\" content=\"https:\/\/ouryogashop.com\/wp-content\/uploads\/2022\/11\/martin-johnson-heade-orchideen-passionsblumen-und-kolibris-13126.jpg\" \/>\n\t<meta property=\"og:image:width\" content=\"409\" \/>\n\t<meta property=\"og:image:height\" content=\"600\" \/>\n\t<meta property=\"og:image:type\" content=\"image\/jpeg\" \/>\n<meta name=\"twitter:card\" content=\"summary_large_image\" \/>\n<meta name=\"twitter:site\" content=\"@OurYogaShop\" \/>\n<meta name=\"twitter:label1\" content=\"Ber\u00e4knad l\u00e4stid\" \/>\n\t<meta name=\"twitter:data1\" content=\"6 minuter\" \/>\n<script type=\"application\/ld+json\" class=\"yoast-schema-graph\">{\"@context\":\"https:\\\/\\\/schema.org\",\"@graph\":[{\"@type\":\"WebPage\",\"@id\":\"https:\\\/\\\/ouryogashop.com\\\/sv\\\/restore-orkide\\\/\",\"url\":\"https:\\\/\\\/ouryogashop.com\\\/sv\\\/restore-orkide\\\/\",\"name\":\"Restore Orkide - OurYogaShop\",\"isPartOf\":{\"@id\":\"https:\\\/\\\/ouryogashop.com\\\/sv\\\/#website\"},\"primaryImageOfPage\":{\"@id\":\"https:\\\/\\\/ouryogashop.com\\\/sv\\\/restore-orkide\\\/#primaryimage\"},\"image\":{\"@id\":\"https:\\\/\\\/ouryogashop.com\\\/sv\\\/restore-orkide\\\/#primaryimage\"},\"thumbnailUrl\":\"https:\\\/\\\/ouryogashop.com\\\/wp-content\\\/uploads\\\/2022\\\/11\\\/martin-johnson-heade-orchideen-passionsblumen-und-kolibris-13126.jpg\",\"datePublished\":\"2022-11-22T09:42:10+00:00\",\"dateModified\":\"2022-11-22T10:47:22+00:00\",\"description\":\"RESTORE - \u00e5teruppr\u00e4tta en tidigare r\u00e4ttighet, praxis eller situation - ge tillbaka n\u00e5got som tagits ifr\u00e5n den ursprungliga mottagaren B\u00e4ttre priser till DIG!\",\"breadcrumb\":{\"@id\":\"https:\\\/\\\/ouryogashop.com\\\/sv\\\/restore-orkide\\\/#breadcrumb\"},\"inLanguage\":\"sv-SE\",\"potentialAction\":[{\"@type\":\"ReadAction\",\"target\":[\"https:\\\/\\\/ouryogashop.com\\\/sv\\\/restore-orkide\\\/\"]}]},{\"@type\":\"ImageObject\",\"inLanguage\":\"sv-SE\",\"@id\":\"https:\\\/\\\/ouryogashop.com\\\/sv\\\/restore-orkide\\\/#primaryimage\",\"url\":\"https:\\\/\\\/ouryogashop.com\\\/wp-content\\\/uploads\\\/2022\\\/11\\\/martin-johnson-heade-orchideen-passionsblumen-und-kolibris-13126.jpg\",\"contentUrl\":\"https:\\\/\\\/ouryogashop.com\\\/wp-content\\\/uploads\\\/2022\\\/11\\\/martin-johnson-heade-orchideen-passionsblumen-und-kolibris-13126.jpg\",\"width\":409,\"height\":600,\"caption\":\"This Artwork is published by bgs artMedia, a leading marketplace for fine art reproductions and unique wall art.\"},{\"@type\":\"BreadcrumbList\",\"@id\":\"https:\\\/\\\/ouryogashop.com\\\/sv\\\/restore-orkide\\\/#breadcrumb\",\"itemListElement\":[{\"@type\":\"ListItem\",\"position\":1,\"name\":\"Hem\",\"item\":\"https:\\\/\\\/ouryogashop.com\\\/sv\\\/\"},{\"@type\":\"ListItem\",\"position\":2,\"name\":\"Restore Orkide\"}]},{\"@type\":\"WebSite\",\"@id\":\"https:\\\/\\\/ouryogashop.com\\\/sv\\\/#website\",\"url\":\"https:\\\/\\\/ouryogashop.com\\\/sv\\\/\",\"name\":\"OurYogaShop\",\"description\":\"The best yoga mats ever!\",\"publisher\":{\"@id\":\"https:\\\/\\\/ouryogashop.com\\\/sv\\\/#organization\"},\"potentialAction\":[{\"@type\":\"SearchAction\",\"target\":{\"@type\":\"EntryPoint\",\"urlTemplate\":\"https:\\\/\\\/ouryogashop.com\\\/sv\\\/?s={search_term_string}\"},\"query-input\":{\"@type\":\"PropertyValueSpecification\",\"valueRequired\":true,\"valueName\":\"search_term_string\"}}],\"inLanguage\":\"sv-SE\"},{\"@type\":\"Organization\",\"@id\":\"https:\\\/\\\/ouryogashop.com\\\/sv\\\/#organization\",\"name\":\"OurYogaShop\",\"url\":\"https:\\\/\\\/ouryogashop.com\\\/sv\\\/\",\"logo\":{\"@type\":\"ImageObject\",\"inLanguage\":\"sv-SE\",\"@id\":\"https:\\\/\\\/ouryogashop.com\\\/sv\\\/#\\\/schema\\\/logo\\\/image\\\/\",\"url\":\"https:\\\/\\\/ouryogashop.com\\\/wp-content\\\/uploads\\\/2019\\\/05\\\/OYS-Logo.png\",\"contentUrl\":\"https:\\\/\\\/ouryogashop.com\\\/wp-content\\\/uploads\\\/2019\\\/05\\\/OYS-Logo.png\",\"width\":500,\"height\":371,\"caption\":\"OurYogaShop\"},\"image\":{\"@id\":\"https:\\\/\\\/ouryogashop.com\\\/sv\\\/#\\\/schema\\\/logo\\\/image\\\/\"},\"sameAs\":[\"https:\\\/\\\/www.facebook.com\\\/ouryogashopcom\\\/\",\"https:\\\/\\\/x.com\\\/OurYogaShop\",\"https:\\\/\\\/www.instagram.com\\\/ouryogashop\\\/\"]}]}<\/script>\n<!-- \/ Yoast SEO Premium plugin. -->","yoast_head_json":{"title":"Restore Orkide - OurYogaShop","description":"RESTORE - \u00e5teruppr\u00e4tta en tidigare r\u00e4ttighet, praxis eller situation - ge tillbaka n\u00e5got som tagits ifr\u00e5n den ursprungliga mottagaren B\u00e4ttre priser till DIG!","robots":{"index":"index","follow":"follow","max-snippet":"max-snippet:-1","max-image-preview":"max-image-preview:large","max-video-preview":"max-video-preview:-1"},"canonical":"https:\/\/ouryogashop.com\/sv\/restore-orkide\/","og_locale":"sv_SE","og_type":"article","og_title":"Restore Orkide","og_description":"RESTORE - \u00e5teruppr\u00e4tta en tidigare r\u00e4ttighet, praxis eller situation - ge tillbaka n\u00e5got som tagits ifr\u00e5n den ursprungliga mottagaren B\u00e4ttre priser till DIG!","og_url":"https:\/\/ouryogashop.com\/sv\/restore-orkide\/","og_site_name":"OurYogaShop","article_publisher":"https:\/\/www.facebook.com\/ouryogashopcom\/","article_modified_time":"2022-11-22T10:47:22+00:00","og_image":[{"width":409,"height":600,"url":"https:\/\/ouryogashop.com\/wp-content\/uploads\/2022\/11\/martin-johnson-heade-orchideen-passionsblumen-und-kolibris-13126.jpg","type":"image\/jpeg"}],"twitter_card":"summary_large_image","twitter_site":"@OurYogaShop","twitter_misc":{"Ber\u00e4knad l\u00e4stid":"6 minuter"},"schema":{"@context":"https:\/\/schema.org","@graph":[{"@type":"WebPage","@id":"https:\/\/ouryogashop.com\/sv\/restore-orkide\/","url":"https:\/\/ouryogashop.com\/sv\/restore-orkide\/","name":"Restore Orkide - OurYogaShop","isPartOf":{"@id":"https:\/\/ouryogashop.com\/sv\/#website"},"primaryImageOfPage":{"@id":"https:\/\/ouryogashop.com\/sv\/restore-orkide\/#primaryimage"},"image":{"@id":"https:\/\/ouryogashop.com\/sv\/restore-orkide\/#primaryimage"},"thumbnailUrl":"https:\/\/ouryogashop.com\/wp-content\/uploads\/2022\/11\/martin-johnson-heade-orchideen-passionsblumen-und-kolibris-13126.jpg","datePublished":"2022-11-22T09:42:10+00:00","dateModified":"2022-11-22T10:47:22+00:00","description":"RESTORE - \u00e5teruppr\u00e4tta en tidigare r\u00e4ttighet, praxis eller situation - ge tillbaka n\u00e5got som tagits ifr\u00e5n den ursprungliga mottagaren B\u00e4ttre priser till DIG!","breadcrumb":{"@id":"https:\/\/ouryogashop.com\/sv\/restore-orkide\/#breadcrumb"},"inLanguage":"sv-SE","potentialAction":[{"@type":"ReadAction","target":["https:\/\/ouryogashop.com\/sv\/restore-orkide\/"]}]},{"@type":"ImageObject","inLanguage":"sv-SE","@id":"https:\/\/ouryogashop.com\/sv\/restore-orkide\/#primaryimage","url":"https:\/\/ouryogashop.com\/wp-content\/uploads\/2022\/11\/martin-johnson-heade-orchideen-passionsblumen-und-kolibris-13126.jpg","contentUrl":"https:\/\/ouryogashop.com\/wp-content\/uploads\/2022\/11\/martin-johnson-heade-orchideen-passionsblumen-und-kolibris-13126.jpg","width":409,"height":600,"caption":"This Artwork is published by bgs artMedia, a leading marketplace for fine art reproductions and unique wall art."},{"@type":"BreadcrumbList","@id":"https:\/\/ouryogashop.com\/sv\/restore-orkide\/#breadcrumb","itemListElement":[{"@type":"ListItem","position":1,"name":"Hem","item":"https:\/\/ouryogashop.com\/sv\/"},{"@type":"ListItem","position":2,"name":"Restore Orkide"}]},{"@type":"WebSite","@id":"https:\/\/ouryogashop.com\/sv\/#website","url":"https:\/\/ouryogashop.com\/sv\/","name":"OurYogaShop","description":"The best yoga mats ever!","publisher":{"@id":"https:\/\/ouryogashop.com\/sv\/#organization"},"potentialAction":[{"@type":"SearchAction","target":{"@type":"EntryPoint","urlTemplate":"https:\/\/ouryogashop.com\/sv\/?s={search_term_string}"},"query-input":{"@type":"PropertyValueSpecification","valueRequired":true,"valueName":"search_term_string"}}],"inLanguage":"sv-SE"},{"@type":"Organization","@id":"https:\/\/ouryogashop.com\/sv\/#organization","name":"OurYogaShop","url":"https:\/\/ouryogashop.com\/sv\/","logo":{"@type":"ImageObject","inLanguage":"sv-SE","@id":"https:\/\/ouryogashop.com\/sv\/#\/schema\/logo\/image\/","url":"https:\/\/ouryogashop.com\/wp-content\/uploads\/2019\/05\/OYS-Logo.png","contentUrl":"https:\/\/ouryogashop.com\/wp-content\/uploads\/2019\/05\/OYS-Logo.png","width":500,"height":371,"caption":"OurYogaShop"},"image":{"@id":"https:\/\/ouryogashop.com\/sv\/#\/schema\/logo\/image\/"},"sameAs":["https:\/\/www.facebook.com\/ouryogashopcom\/","https:\/\/x.com\/OurYogaShop","https:\/\/www.instagram.com\/ouryogashop\/"]}]}},"_links":{"self":[{"href":"https:\/\/ouryogashop.com\/sv\/wp-json\/wp\/v2\/pages\/162155","targetHints":{"allow":["GET"]}}],"collection":[{"href":"https:\/\/ouryogashop.com\/sv\/wp-json\/wp\/v2\/pages"}],"about":[{"href":"https:\/\/ouryogashop.com\/sv\/wp-json\/wp\/v2\/types\/page"}],"author":[{"embeddable":true,"href":"https:\/\/ouryogashop.com\/sv\/wp-json\/wp\/v2\/users\/1"}],"replies":[{"embeddable":true,"href":"https:\/\/ouryogashop.com\/sv\/wp-json\/wp\/v2\/comments?post=162155"}],"version-history":[{"count":0,"href":"https:\/\/ouryogashop.com\/sv\/wp-json\/wp\/v2\/pages\/162155\/revisions"}],"wp:featuredmedia":[{"embeddable":true,"href":"https:\/\/ouryogashop.com\/sv\/wp-json\/wp\/v2\/media\/162055"}],"wp:attachment":[{"href":"https:\/\/ouryogashop.com\/sv\/wp-json\/wp\/v2\/media?parent=162155"}],"curies":[{"name":"wp","href":"https:\/\/api.w.org\/{rel}","templated":true}]}}