{"id":81065,"date":"2019-06-03T17:27:32","date_gmt":"2019-06-03T17:27:32","guid":{"rendered":"https:\/\/ouryogashop.com\/mandukas-yogakollektion\/"},"modified":"2019-07-10T14:31:29","modified_gmt":"2019-07-10T12:31:29","slug":"mandukas-yogakollektion","status":"publish","type":"page","link":"https:\/\/ouryogashop.com\/sv\/mandukas-yogakollektion\/","title":{"rendered":"Mandukas Yogakollektion"},"content":{"rendered":"<div class=\"wpb-content-wrapper\"><p>[vc_row row_height_percent=&#8221;0&#8243; override_padding=&#8221;yes&#8221; h_padding=&#8221;2&#8243; top_padding=&#8221;4&#8243; bottom_padding=&#8221;4&#8243; back_color=&#8221;color-lxmt&#8221; overlay_alpha=&#8221;100&#8243; gutter_size=&#8221;100&#8243; column_width_percent=&#8221;100&#8243; shift_y=&#8221;0&#8243; z_index=&#8221;0&#8243; style=&#8221;dark&#8221; row_name=&#8221;About Manduka Colletions&#8221;][vc_column column_width_use_pixel=&#8221;yes&#8221; align_horizontal=&#8221;align_center&#8221; overlay_alpha=&#8221;100&#8243; gutter_size=&#8221;3&#8243; medium_width=&#8221;0&#8243; mobile_width=&#8221;0&#8243; shift_x=&#8221;0&#8243; shift_y=&#8221;0&#8243; shift_y_down=&#8221;0&#8243; z_index=&#8221;0&#8243; zoom_width=&#8221;0&#8243; zoom_height=&#8221;0&#8243; width=&#8221;1\/1&#8243; column_width_pixel=&#8221;800&#8243;][vc_custom_heading text_size=&#8221;h1&#8243; text_weight=&#8221;700&#8243; text_transform=&#8221;uppercase&#8221; separator=&#8221;yes&#8221; sub_lead=&#8221;yes&#8221; sub_reduced=&#8221;yes&#8221; subheading=&#8221;Mandukas yogakollektion \u00e4r v\u00e4ldigt bred. Det finns ett stort utbud att v\u00e4lja fr\u00e5n: eKo Mats, eKo Lite Mats, eKo Superlite Mats, Manduka PRO Mats, ProLite Mats och X-Mats. OurYogaShop kan ocks\u00e5 erbjuda: Manduka Yogabolster, Equa Mat Handdukar, Yogitoes, Yogablock, Yogastraps, Yogafiltar, Yogav\u00e4skor och Reng\u00f6ring f\u00f6r yogamattor. Manduka har ett gigantiskt sortiment av yogakl\u00e4der. OurYogaShop kan erbjuda dig alla Mandukas produkter &#8211; fr\u00e5ga oss bara!&#8221;]Manduka[\/vc_custom_heading][\/vc_column][\/vc_row][vc_row row_height_percent=&#8221;0&#8243; override_padding=&#8221;yes&#8221; h_padding=&#8221;2&#8243; top_padding=&#8221;2&#8243; bottom_padding=&#8221;2&#8243; back_color=&#8221;color-xsdn&#8221; overlay_alpha=&#8221;100&#8243; gutter_size=&#8221;100&#8243; column_width_percent=&#8221;100&#8243; shift_y=&#8221;0&#8243; z_index=&#8221;0&#8243; style=&#8221;dark&#8221; row_name=&#8221;eKo Mats&#8221;][vc_column column_width_use_pixel=&#8221;yes&#8221; align_horizontal=&#8221;align_center&#8221; overlay_alpha=&#8221;100&#8243; gutter_size=&#8221;3&#8243; medium_width=&#8221;0&#8243; mobile_width=&#8221;0&#8243; shift_x=&#8221;0&#8243; shift_y=&#8221;0&#8243; shift_y_down=&#8221;0&#8243; z_index=&#8221;0&#8243; zoom_width=&#8221;0&#8243; zoom_height=&#8221;0&#8243; width=&#8221;1\/1&#8243; column_width_pixel=&#8221;800&#8243;][vc_custom_heading text_size=&#8221;h1&#8243; text_weight=&#8221;700&#8243; text_transform=&#8221;uppercase&#8221; separator=&#8221;yes&#8221; sub_lead=&#8221;yes&#8221; sub_reduced=&#8221;yes&#8221; subheading=&#8221;eKo Mat Standard, eKo Lite Mat &amp;amp; eKo Superlite Mat<br \/>\nTillverkad av biologiskt nedbrytbart naturligt tr\u00e4dgummi &#8211; Inga restprodukter vid tillverkningen &#8211; Inga PVC eller skadliga mjukg\u00f6rare &#8211; Slitstark, f\u00f6rseglad cellyta&#8221;]eKo Mats[\/vc_custom_heading][\/vc_column][\/vc_row][vc_row row_height_percent=&#8221;0&#8243; override_padding=&#8221;yes&#8221; h_padding=&#8221;2&#8243; top_padding=&#8221;3&#8243; bottom_padding=&#8221;3&#8243; overlay_alpha=&#8221;50&#8243; gutter_size=&#8221;3&#8243; column_width_percent=&#8221;100&#8243; shift_y=&#8221;0&#8243; z_index=&#8221;0&#8243; row_name=&#8221;Highlights eKo Mat&#8221;][vc_column column_width_percent=&#8221;100&#8243; position_vertical=&#8221;middle&#8221; override_padding=&#8221;yes&#8221; column_padding=&#8221;2&#8243; overlay_alpha=&#8221;50&#8243; gutter_size=&#8221;3&#8243; medium_width=&#8221;4&#8243; shift_x=&#8221;0&#8243; shift_y=&#8221;0&#8243; zoom_width=&#8221;0&#8243; zoom_height=&#8221;0&#8243; width=&#8221;1\/2&#8243;][vc_single_image media=&#8221;80521&#8243; media_width_use_pixel=&#8221;yes&#8221; alignment=&#8221;center&#8221; image=&#8221;2286&#8243; border_color=&#8221;grey&#8221; img_link_target=&#8221;_self&#8221; img_size=&#8221;full&#8221;][\/vc_column][vc_column column_width_percent=&#8221;100&#8243; position_vertical=&#8221;middle&#8221; overlay_alpha=&#8221;50&#8243; gutter_size=&#8221;3&#8243; medium_width=&#8221;4&#8243; shift_x=&#8221;0&#8243; shift_y=&#8221;0&#8243; zoom_width=&#8221;0&#8243; zoom_height=&#8221;0&#8243; width=&#8221;1\/2&#8243;][vc_icon position=&#8221;left&#8221; icon_image=&#8221;80497&#8243; size=&#8221;fa-3x&#8221; align=&#8221;left&#8221; title=&#8221;NATURAL GRIP&#8221; link=&#8221;url:http%3A%2F%2Fouryogashop.com%2Fproduct-tag%2Feko-mat-standard-5mm%2F|||&#8221;]<\/p>\n<div class=\"clear\">An eco-friendly yoga mat with natural grip, the original 5 mm eKO\u00ae is designed for both comfort and performance.<\/div>\n<ul>\n<li>Natural great yoga grip<\/li>\n<li>Limited Edition colors available<\/li>\n<li>5 mm, wider and very stabil<\/li>\n<\/ul>\n<div class=\"leaf\">Perfect for beginner to advanced yoga practioner.<\/div>\n<div>The Manduka eKo yoga mat standard is stabil, grippy from start and gives a good cushioning.<\/div>\n<p>[\/vc_icon][vc_row_inner][vc_column_inner column_width_percent=&#8221;100&#8243; align_horizontal=&#8221;align_center&#8221; gutter_size=&#8221;3&#8243; overlay_alpha=&#8221;50&#8243; medium_width=&#8221;0&#8243; mobile_width=&#8221;0&#8243; shift_x=&#8221;0&#8243; shift_y=&#8221;0&#8243; shift_y_down=&#8221;0&#8243; z_index=&#8221;0&#8243; width=&#8221;1\/1&#8243;][vc_button size=&#8221;btn-lg&#8221; radius=&#8221;btn-round&#8221; border_width=&#8221;0&#8243; icon_position=&#8221;right&#8221; link=&#8221;url:http%3A%2F%2Fouryogashop.com%2Fproduct-tag%2Feko-mat-standard-5mm%2F|||&#8221; icon=&#8221;fa fa-arrow-circle-o-right&#8221;]Till Yogamattorna[\/vc_button][\/vc_column_inner][\/vc_row_inner][vc_separator][\/vc_column][\/vc_row][vc_row row_height_percent=&#8221;0&#8243; override_padding=&#8221;yes&#8221; h_padding=&#8221;2&#8243; top_padding=&#8221;3&#8243; bottom_padding=&#8221;3&#8243; overlay_alpha=&#8221;50&#8243; gutter_size=&#8221;3&#8243; column_width_percent=&#8221;100&#8243; shift_y=&#8221;0&#8243; z_index=&#8221;0&#8243; row_name=&#8221;Highlights Eko Lite&#8221;][vc_column column_width_percent=&#8221;100&#8243; position_vertical=&#8221;middle&#8221; override_padding=&#8221;yes&#8221; column_padding=&#8221;2&#8243; overlay_alpha=&#8221;50&#8243; gutter_size=&#8221;3&#8243; medium_width=&#8221;4&#8243; shift_x=&#8221;0&#8243; shift_y=&#8221;0&#8243; zoom_width=&#8221;0&#8243; zoom_height=&#8221;0&#8243; width=&#8221;1\/2&#8243;][vc_single_image media=&#8221;80525&#8243; media_width_use_pixel=&#8221;yes&#8221; alignment=&#8221;center&#8221; image=&#8221;2286&#8243; border_color=&#8221;grey&#8221; img_link_target=&#8221;_self&#8221; img_size=&#8221;full&#8221;][\/vc_column][vc_column column_width_percent=&#8221;100&#8243; position_vertical=&#8221;middle&#8221; overlay_alpha=&#8221;50&#8243; gutter_size=&#8221;3&#8243; medium_width=&#8221;4&#8243; shift_x=&#8221;0&#8243; shift_y=&#8221;0&#8243; zoom_width=&#8221;0&#8243; zoom_height=&#8221;0&#8243; width=&#8221;1\/2&#8243;][vc_icon position=&#8221;left&#8221; icon_image=&#8221;80523&#8243; size=&#8221;fa-3x&#8221; align=&#8221;left&#8221; title=&#8221;A BETTER HOLD&#8221; link=&#8221;url:http%3A%2F%2Fouryogashop.com%2Fproduct-tag%2Feko-mat-standard-5mm%2F|||&#8221;]<\/p>\n<div class=\"clear\">An eco-friendly yoga mat with a superior wet grip, the eKO Lite\u2122 is slightly smaller and lighter than the eKO. Designed for both comfort and performance. The eKO Lite yoga mat supports both your practice and the planet.<\/div>\n<ul>\n<li>Natural good yoga grip<\/li>\n<li>4 mm thick, less weight and more narrow<\/li>\n<li>Limited Edition colors available<\/li>\n<\/ul>\n<div class=\"leaf\">The eKo Lite yoga mat from Manduka is a perfect mat to bring from home to the yoga studio etc.<\/div>\n<div>Gives you a very good grip from start and the 4mm thickness is enough for the mat to deliver cushioning and stability.<\/div>\n<p>[\/vc_icon][vc_row_inner][vc_column_inner column_width_percent=&#8221;100&#8243; align_horizontal=&#8221;align_center&#8221; gutter_size=&#8221;3&#8243; overlay_alpha=&#8221;50&#8243; medium_width=&#8221;0&#8243; mobile_width=&#8221;0&#8243; shift_x=&#8221;0&#8243; shift_y=&#8221;0&#8243; shift_y_down=&#8221;0&#8243; z_index=&#8221;0&#8243; width=&#8221;1\/1&#8243;][vc_button size=&#8221;btn-lg&#8221; radius=&#8221;btn-round&#8221; border_width=&#8221;0&#8243; icon_position=&#8221;right&#8221; link=&#8221;url:http%3A%2F%2Fouryogashop.com%2Fproduct-tag%2Feko-lite-mat%2F|||&#8221; icon=&#8221;fa fa-arrow-circle-o-right&#8221;]Till Yogamattorna[\/vc_button][\/vc_column_inner][\/vc_row_inner][vc_separator][\/vc_column][\/vc_row][vc_row row_height_percent=&#8221;0&#8243; override_padding=&#8221;yes&#8221; h_padding=&#8221;2&#8243; top_padding=&#8221;3&#8243; bottom_padding=&#8221;3&#8243; overlay_alpha=&#8221;50&#8243; gutter_size=&#8221;3&#8243; column_width_percent=&#8221;100&#8243; shift_y=&#8221;0&#8243; z_index=&#8221;0&#8243; row_name=&#8221;Highlights eKo Superlite&#8221;][vc_column column_width_percent=&#8221;100&#8243; position_vertical=&#8221;middle&#8221; override_padding=&#8221;yes&#8221; column_padding=&#8221;2&#8243; overlay_alpha=&#8221;50&#8243; gutter_size=&#8221;3&#8243; medium_width=&#8221;4&#8243; shift_x=&#8221;0&#8243; shift_y=&#8221;0&#8243; zoom_width=&#8221;0&#8243; zoom_height=&#8221;0&#8243; width=&#8221;1\/2&#8243;][vc_single_image media=&#8221;80518&#8243; media_width_use_pixel=&#8221;yes&#8221; alignment=&#8221;center&#8221; image=&#8221;2286&#8243; border_color=&#8221;grey&#8221; img_link_target=&#8221;_self&#8221; img_size=&#8221;full&#8221;][\/vc_column][vc_column column_width_percent=&#8221;100&#8243; position_vertical=&#8221;middle&#8221; overlay_alpha=&#8221;50&#8243; gutter_size=&#8221;3&#8243; medium_width=&#8221;4&#8243; shift_x=&#8221;0&#8243; shift_y=&#8221;0&#8243; zoom_width=&#8221;0&#8243; zoom_height=&#8221;0&#8243; width=&#8221;1\/2&#8243;][vc_icon position=&#8221;left&#8221; icon_image=&#8221;80510&#8243; size=&#8221;fa-3x&#8221; align=&#8221;left&#8221; title=&#8221;LIGHTWEIGHT&#8221; link=&#8221;url:http%3A%2F%2Fouryogashop.com%2Fproduct-tag%2Feko-mat-standard-5mm%2F|||&#8221;]<\/p>\n<div class=\"clear\">Designed specifically for the traveling yogi, the eKO SuperLite\u2122 folds easily into a small bag and then unfolds to provide superior grip no matter where you go. Use it solo or on top of a local rental mat for protection against bacteria.<\/div>\n<ul>\n<li>Superior wet grip<\/li>\n<li>Foldable &amp; lightweight<\/li>\n<li>Variety of colors available<\/li>\n<\/ul>\n<div class=\"leaf\">A travel yoga mat that is easy to bring all over the world.<\/div>\n<div>Foldable and very light to carry.<\/div>\n<p>[\/vc_icon][vc_row_inner][vc_column_inner column_width_percent=&#8221;100&#8243; align_horizontal=&#8221;align_center&#8221; gutter_size=&#8221;3&#8243; overlay_alpha=&#8221;50&#8243; medium_width=&#8221;0&#8243; mobile_width=&#8221;0&#8243; shift_x=&#8221;0&#8243; shift_y=&#8221;0&#8243; shift_y_down=&#8221;0&#8243; z_index=&#8221;0&#8243; width=&#8221;1\/1&#8243;][vc_button size=&#8221;btn-lg&#8221; radius=&#8221;btn-round&#8221; border_width=&#8221;0&#8243; icon_position=&#8221;right&#8221; link=&#8221;url:http%3A%2F%2Fouryogashop.com%2Fproduct-tag%2Feko-mat-standard-5mm%2F|||&#8221; icon=&#8221;fa fa-arrow-circle-o-right&#8221;]Till Yogamattorna[\/vc_button][\/vc_column_inner][\/vc_row_inner][vc_separator][\/vc_column][\/vc_row][vc_row unlock_row_content=&#8221;yes&#8221; row_height_percent=&#8221;0&#8243; override_padding=&#8221;yes&#8221; h_padding=&#8221;2&#8243; top_padding=&#8221;4&#8243; bottom_padding=&#8221;4&#8243; back_color=&#8221;color-rgdb&#8221; overlay_alpha=&#8221;50&#8243; gutter_size=&#8221;3&#8243; column_width_percent=&#8221;100&#8243; shift_y=&#8221;0&#8243; z_index=&#8221;0&#8243; row_name=&#8221;Gallery&#8221;][vc_column column_width_use_pixel=&#8221;yes&#8221; align_horizontal=&#8221;align_center&#8221; style=&#8221;dark&#8221; overlay_alpha=&#8221;50&#8243; gutter_size=&#8221;3&#8243; medium_width=&#8221;0&#8243; shift_x=&#8221;0&#8243; shift_y=&#8221;0&#8243; zoom_width=&#8221;0&#8243; zoom_height=&#8221;0&#8243; column_width_pixel=&#8221;1400&#8243;][vc_custom_heading text_size=&#8221;h1&#8243; text_font=&#8221;font-156269&#8243; text_weight=&#8221;700&#8243; text_transform=&#8221;uppercase&#8221; separator=&#8221;yes&#8221; sub_lead=&#8221;yes&#8221;]Mediagalleri[\/vc_custom_heading][vc_gallery el_id=&#8221;gallery-47626&#8243; type=&#8221;carousel&#8221; medias=&#8221;80525,80535,80518,80521,80516&#8243; carousel_lg=&#8221;3&#8243; carousel_md=&#8221;2&#8243; carousel_sm=&#8221;1&#8243; thumb_size=&#8221;one-one&#8221; gutter_size=&#8221;2&#8243; media_items=&#8221;media,icon&#8221; carousel_interval=&#8221;3000&#8243; carousel_navspeed=&#8221;400&#8243; carousel_nav=&#8221;yes&#8221; carousel_dots=&#8221;yes&#8221; stage_padding=&#8221;0&#8243; single_overlay_opacity=&#8221;50&#8243; single_image_anim=&#8221;no&#8221; single_h_align=&#8221;center&#8221; single_padding=&#8221;2&#8243; single_icon=&#8221;fa fa-search3&#8243; single_shadow=&#8221;yes&#8221; single_border=&#8221;yes&#8221; carousel_rtl=&#8221;&#8221; single_title_uppercase=&#8221;&#8221;][\/vc_column][\/vc_row][vc_row unlock_row=&#8221;&#8221; row_height_percent=&#8221;0&#8243; override_padding=&#8221;yes&#8221; h_padding=&#8221;2&#8243; top_padding=&#8221;4&#8243; bottom_padding=&#8221;2&#8243; overlay_alpha=&#8221;100&#8243; gutter_size=&#8221;3&#8243; column_width_percent=&#8221;100&#8243; shift_y=&#8221;0&#8243; z_index=&#8221;0&#8243; row_name=&#8221;Contact Us&#8221;][vc_column column_width_use_pixel=&#8221;yes&#8221; align_horizontal=&#8221;align_center&#8221; overlay_alpha=&#8221;50&#8243; gutter_size=&#8221;3&#8243; medium_width=&#8221;0&#8243; shift_x=&#8221;0&#8243; shift_y=&#8221;0&#8243; zoom_width=&#8221;0&#8243; zoom_height=&#8221;0&#8243; column_width_pixel=&#8221;800&#8243;][vc_custom_heading text_size=&#8221;h1&#8243; text_weight=&#8221;700&#8243; text_transform=&#8221;uppercase&#8221; separator=&#8221;yes&#8221; subheading=&#8221;Vad du \u00e4n beh\u00f6ver fr\u00e5n Mandukas sortiment &#8211; tveka inte att kontakta oss!&#8221;]Till sist&#8230;[\/vc_custom_heading][vc_button size=&#8221;btn-lg&#8221; radius=&#8221;btn-round&#8221; border_width=&#8221;0&#8243; link=&#8221;url:http%3A%2F%2Fouryogashop.com%2Fcontact%2F|title:Contact||&#8221;]Kontakta Oss[\/vc_button][\/vc_column][\/vc_row][vc_row unlock_row=&#8221;&#8221; row_height_percent=&#8221;0&#8243; override_padding=&#8221;yes&#8221; h_padding=&#8221;2&#8243; top_padding=&#8221;2&#8243; bottom_padding=&#8221;4&#8243; overlay_alpha=&#8221;100&#8243; gutter_size=&#8221;3&#8243; column_width_percent=&#8221;100&#8243; shift_y=&#8221;0&#8243; z_index=&#8221;0&#8243;][vc_column column_width_use_pixel=&#8221;yes&#8221; overlay_alpha=&#8221;50&#8243; gutter_size=&#8221;3&#8243; medium_width=&#8221;0&#8243; shift_x=&#8221;0&#8243; shift_y=&#8221;0&#8243; zoom_width=&#8221;0&#8243; zoom_height=&#8221;0&#8243;][vc_single_image media=&#8221;79490&#8243; media_width_percent=&#8221;100&#8243; alignment=&#8221;center&#8221; media_title_uppercase=&#8221;&#8221;][\/vc_column][\/vc_row]<\/p>\n<\/div>","protected":false},"excerpt":{"rendered":"<p>Se alla Mandukas produkter h\u00e4r @OurYogaShop! Vi erbjuder dig Mandukas hela yogasortiment.<\/p>\n","protected":false},"author":1,"featured_media":80726,"parent":0,"menu_order":0,"comment_status":"closed","ping_status":"open","template":"","meta":{"footnotes":""},"class_list":["post-81065","page","type-page","status-publish","has-post-thumbnail","hentry","page_category-kollektion","page_category-mandukas-yogakollektion"],"yoast_head":"<!-- This site is optimized with the Yoast SEO Premium plugin v27.5 (Yoast SEO v27.5) - https:\/\/yoast.com\/product\/yoast-seo-premium-wordpress\/ -->\n<title>Mandukas Yogakollektion - Hitta alla produkter @OurYogaShop<\/title>\n<meta name=\"description\" content=\"Se alla Mandukas produkter h\u00e4r @OurYogaShop! Vi erbjuder dig Mandukas hela yogasortiment. S\u00f6ker du eKo eller PRO yogamattor eller yogakl\u00e4der? Vi erbjuder allt!\" \/>\n<meta name=\"robots\" content=\"index, follow, max-snippet:-1, max-image-preview:large, max-video-preview:-1\" \/>\n<link rel=\"canonical\" href=\"https:\/\/ouryogashop.com\/sv\/mandukas-yogakollektion\/\" \/>\n<meta property=\"og:locale\" content=\"sv_SE\" \/>\n<meta property=\"og:type\" content=\"article\" \/>\n<meta property=\"og:title\" content=\"Mandukas Yogakollektion\" \/>\n<meta property=\"og:description\" content=\"Se alla Mandukas produkter h\u00e4r @OurYogaShop! Vi erbjuder dig Mandukas hela yogasortiment. S\u00f6ker du eKo eller PRO yogamattor eller yogakl\u00e4der? Vi erbjuder allt!\" \/>\n<meta property=\"og:url\" content=\"https:\/\/ouryogashop.com\/sv\/mandukas-yogakollektion\/\" \/>\n<meta property=\"og:site_name\" content=\"OurYogaShop\" \/>\n<meta property=\"article:publisher\" content=\"https:\/\/www.facebook.com\/ouryogashopcom\/\" \/>\n<meta property=\"article:modified_time\" content=\"2019-07-10T12:31:29+00:00\" \/>\n<meta property=\"og:image\" content=\"https:\/\/ouryogashop.com\/wp-content\/uploads\/2019\/06\/main.jpg\" \/>\n\t<meta property=\"og:image:width\" content=\"669\" \/>\n\t<meta property=\"og:image:height\" content=\"409\" \/>\n\t<meta property=\"og:image:type\" content=\"image\/jpeg\" \/>\n<meta name=\"twitter:card\" content=\"summary_large_image\" \/>\n<meta name=\"twitter:site\" content=\"@OurYogaShop\" \/>\n<meta name=\"twitter:label1\" content=\"Ber\u00e4knad l\u00e4stid\" \/>\n\t<meta name=\"twitter:data1\" content=\"7 minuter\" \/>\n<script type=\"application\/ld+json\" class=\"yoast-schema-graph\">{\"@context\":\"https:\\\/\\\/schema.org\",\"@graph\":[{\"@type\":\"WebPage\",\"@id\":\"https:\\\/\\\/ouryogashop.com\\\/sv\\\/mandukas-yogakollektion\\\/\",\"url\":\"https:\\\/\\\/ouryogashop.com\\\/sv\\\/mandukas-yogakollektion\\\/\",\"name\":\"Mandukas Yogakollektion - Hitta alla produkter @OurYogaShop\",\"isPartOf\":{\"@id\":\"https:\\\/\\\/ouryogashop.com\\\/sv\\\/#website\"},\"primaryImageOfPage\":{\"@id\":\"https:\\\/\\\/ouryogashop.com\\\/sv\\\/mandukas-yogakollektion\\\/#primaryimage\"},\"image\":{\"@id\":\"https:\\\/\\\/ouryogashop.com\\\/sv\\\/mandukas-yogakollektion\\\/#primaryimage\"},\"thumbnailUrl\":\"https:\\\/\\\/ouryogashop.com\\\/wp-content\\\/uploads\\\/2019\\\/06\\\/main.jpg\",\"datePublished\":\"2019-06-03T17:27:32+00:00\",\"dateModified\":\"2019-07-10T12:31:29+00:00\",\"description\":\"Se alla Mandukas produkter h\u00e4r @OurYogaShop! Vi erbjuder dig Mandukas hela yogasortiment. S\u00f6ker du eKo eller PRO yogamattor eller yogakl\u00e4der? Vi erbjuder allt!\",\"breadcrumb\":{\"@id\":\"https:\\\/\\\/ouryogashop.com\\\/sv\\\/mandukas-yogakollektion\\\/#breadcrumb\"},\"inLanguage\":\"sv-SE\",\"potentialAction\":[{\"@type\":\"ReadAction\",\"target\":[\"https:\\\/\\\/ouryogashop.com\\\/sv\\\/mandukas-yogakollektion\\\/\"]}]},{\"@type\":\"ImageObject\",\"inLanguage\":\"sv-SE\",\"@id\":\"https:\\\/\\\/ouryogashop.com\\\/sv\\\/mandukas-yogakollektion\\\/#primaryimage\",\"url\":\"https:\\\/\\\/ouryogashop.com\\\/wp-content\\\/uploads\\\/2019\\\/06\\\/main.jpg\",\"contentUrl\":\"https:\\\/\\\/ouryogashop.com\\\/wp-content\\\/uploads\\\/2019\\\/06\\\/main.jpg\",\"width\":669,\"height\":409,\"caption\":\"Mandukas Yogakollektion\"},{\"@type\":\"BreadcrumbList\",\"@id\":\"https:\\\/\\\/ouryogashop.com\\\/sv\\\/mandukas-yogakollektion\\\/#breadcrumb\",\"itemListElement\":[{\"@type\":\"ListItem\",\"position\":1,\"name\":\"Hem\",\"item\":\"https:\\\/\\\/ouryogashop.com\\\/sv\\\/\"},{\"@type\":\"ListItem\",\"position\":2,\"name\":\"Mandukas Yogakollektion\"}]},{\"@type\":\"WebSite\",\"@id\":\"https:\\\/\\\/ouryogashop.com\\\/sv\\\/#website\",\"url\":\"https:\\\/\\\/ouryogashop.com\\\/sv\\\/\",\"name\":\"OurYogaShop\",\"description\":\"The best yoga mats ever!\",\"publisher\":{\"@id\":\"https:\\\/\\\/ouryogashop.com\\\/sv\\\/#organization\"},\"potentialAction\":[{\"@type\":\"SearchAction\",\"target\":{\"@type\":\"EntryPoint\",\"urlTemplate\":\"https:\\\/\\\/ouryogashop.com\\\/sv\\\/?s={search_term_string}\"},\"query-input\":{\"@type\":\"PropertyValueSpecification\",\"valueRequired\":true,\"valueName\":\"search_term_string\"}}],\"inLanguage\":\"sv-SE\"},{\"@type\":\"Organization\",\"@id\":\"https:\\\/\\\/ouryogashop.com\\\/sv\\\/#organization\",\"name\":\"OurYogaShop\",\"url\":\"https:\\\/\\\/ouryogashop.com\\\/sv\\\/\",\"logo\":{\"@type\":\"ImageObject\",\"inLanguage\":\"sv-SE\",\"@id\":\"https:\\\/\\\/ouryogashop.com\\\/sv\\\/#\\\/schema\\\/logo\\\/image\\\/\",\"url\":\"https:\\\/\\\/ouryogashop.com\\\/wp-content\\\/uploads\\\/2019\\\/05\\\/OYS-Logo.png\",\"contentUrl\":\"https:\\\/\\\/ouryogashop.com\\\/wp-content\\\/uploads\\\/2019\\\/05\\\/OYS-Logo.png\",\"width\":500,\"height\":371,\"caption\":\"OurYogaShop\"},\"image\":{\"@id\":\"https:\\\/\\\/ouryogashop.com\\\/sv\\\/#\\\/schema\\\/logo\\\/image\\\/\"},\"sameAs\":[\"https:\\\/\\\/www.facebook.com\\\/ouryogashopcom\\\/\",\"https:\\\/\\\/x.com\\\/OurYogaShop\",\"https:\\\/\\\/www.instagram.com\\\/ouryogashop\\\/\"]}]}<\/script>\n<!-- \/ Yoast SEO Premium plugin. -->","yoast_head_json":{"title":"Mandukas Yogakollektion - Hitta alla produkter @OurYogaShop","description":"Se alla Mandukas produkter h\u00e4r @OurYogaShop! Vi erbjuder dig Mandukas hela yogasortiment. S\u00f6ker du eKo eller PRO yogamattor eller yogakl\u00e4der? Vi erbjuder allt!","robots":{"index":"index","follow":"follow","max-snippet":"max-snippet:-1","max-image-preview":"max-image-preview:large","max-video-preview":"max-video-preview:-1"},"canonical":"https:\/\/ouryogashop.com\/sv\/mandukas-yogakollektion\/","og_locale":"sv_SE","og_type":"article","og_title":"Mandukas Yogakollektion","og_description":"Se alla Mandukas produkter h\u00e4r @OurYogaShop! Vi erbjuder dig Mandukas hela yogasortiment. S\u00f6ker du eKo eller PRO yogamattor eller yogakl\u00e4der? Vi erbjuder allt!","og_url":"https:\/\/ouryogashop.com\/sv\/mandukas-yogakollektion\/","og_site_name":"OurYogaShop","article_publisher":"https:\/\/www.facebook.com\/ouryogashopcom\/","article_modified_time":"2019-07-10T12:31:29+00:00","og_image":[{"width":669,"height":409,"url":"https:\/\/ouryogashop.com\/wp-content\/uploads\/2019\/06\/main.jpg","type":"image\/jpeg"}],"twitter_card":"summary_large_image","twitter_site":"@OurYogaShop","twitter_misc":{"Ber\u00e4knad l\u00e4stid":"7 minuter"},"schema":{"@context":"https:\/\/schema.org","@graph":[{"@type":"WebPage","@id":"https:\/\/ouryogashop.com\/sv\/mandukas-yogakollektion\/","url":"https:\/\/ouryogashop.com\/sv\/mandukas-yogakollektion\/","name":"Mandukas Yogakollektion - Hitta alla produkter @OurYogaShop","isPartOf":{"@id":"https:\/\/ouryogashop.com\/sv\/#website"},"primaryImageOfPage":{"@id":"https:\/\/ouryogashop.com\/sv\/mandukas-yogakollektion\/#primaryimage"},"image":{"@id":"https:\/\/ouryogashop.com\/sv\/mandukas-yogakollektion\/#primaryimage"},"thumbnailUrl":"https:\/\/ouryogashop.com\/wp-content\/uploads\/2019\/06\/main.jpg","datePublished":"2019-06-03T17:27:32+00:00","dateModified":"2019-07-10T12:31:29+00:00","description":"Se alla Mandukas produkter h\u00e4r @OurYogaShop! Vi erbjuder dig Mandukas hela yogasortiment. S\u00f6ker du eKo eller PRO yogamattor eller yogakl\u00e4der? Vi erbjuder allt!","breadcrumb":{"@id":"https:\/\/ouryogashop.com\/sv\/mandukas-yogakollektion\/#breadcrumb"},"inLanguage":"sv-SE","potentialAction":[{"@type":"ReadAction","target":["https:\/\/ouryogashop.com\/sv\/mandukas-yogakollektion\/"]}]},{"@type":"ImageObject","inLanguage":"sv-SE","@id":"https:\/\/ouryogashop.com\/sv\/mandukas-yogakollektion\/#primaryimage","url":"https:\/\/ouryogashop.com\/wp-content\/uploads\/2019\/06\/main.jpg","contentUrl":"https:\/\/ouryogashop.com\/wp-content\/uploads\/2019\/06\/main.jpg","width":669,"height":409,"caption":"Mandukas Yogakollektion"},{"@type":"BreadcrumbList","@id":"https:\/\/ouryogashop.com\/sv\/mandukas-yogakollektion\/#breadcrumb","itemListElement":[{"@type":"ListItem","position":1,"name":"Hem","item":"https:\/\/ouryogashop.com\/sv\/"},{"@type":"ListItem","position":2,"name":"Mandukas Yogakollektion"}]},{"@type":"WebSite","@id":"https:\/\/ouryogashop.com\/sv\/#website","url":"https:\/\/ouryogashop.com\/sv\/","name":"OurYogaShop","description":"The best yoga mats ever!","publisher":{"@id":"https:\/\/ouryogashop.com\/sv\/#organization"},"potentialAction":[{"@type":"SearchAction","target":{"@type":"EntryPoint","urlTemplate":"https:\/\/ouryogashop.com\/sv\/?s={search_term_string}"},"query-input":{"@type":"PropertyValueSpecification","valueRequired":true,"valueName":"search_term_string"}}],"inLanguage":"sv-SE"},{"@type":"Organization","@id":"https:\/\/ouryogashop.com\/sv\/#organization","name":"OurYogaShop","url":"https:\/\/ouryogashop.com\/sv\/","logo":{"@type":"ImageObject","inLanguage":"sv-SE","@id":"https:\/\/ouryogashop.com\/sv\/#\/schema\/logo\/image\/","url":"https:\/\/ouryogashop.com\/wp-content\/uploads\/2019\/05\/OYS-Logo.png","contentUrl":"https:\/\/ouryogashop.com\/wp-content\/uploads\/2019\/05\/OYS-Logo.png","width":500,"height":371,"caption":"OurYogaShop"},"image":{"@id":"https:\/\/ouryogashop.com\/sv\/#\/schema\/logo\/image\/"},"sameAs":["https:\/\/www.facebook.com\/ouryogashopcom\/","https:\/\/x.com\/OurYogaShop","https:\/\/www.instagram.com\/ouryogashop\/"]}]}},"_links":{"self":[{"href":"https:\/\/ouryogashop.com\/sv\/wp-json\/wp\/v2\/pages\/81065","targetHints":{"allow":["GET"]}}],"collection":[{"href":"https:\/\/ouryogashop.com\/sv\/wp-json\/wp\/v2\/pages"}],"about":[{"href":"https:\/\/ouryogashop.com\/sv\/wp-json\/wp\/v2\/types\/page"}],"author":[{"embeddable":true,"href":"https:\/\/ouryogashop.com\/sv\/wp-json\/wp\/v2\/users\/1"}],"replies":[{"embeddable":true,"href":"https:\/\/ouryogashop.com\/sv\/wp-json\/wp\/v2\/comments?post=81065"}],"version-history":[{"count":0,"href":"https:\/\/ouryogashop.com\/sv\/wp-json\/wp\/v2\/pages\/81065\/revisions"}],"wp:featuredmedia":[{"embeddable":true,"href":"https:\/\/ouryogashop.com\/sv\/wp-json\/wp\/v2\/media\/80726"}],"wp:attachment":[{"href":"https:\/\/ouryogashop.com\/sv\/wp-json\/wp\/v2\/media?parent=81065"}],"curies":[{"name":"wp","href":"https:\/\/api.w.org\/{rel}","templated":true}]}}