{"id":82100,"date":"2019-06-11T11:01:34","date_gmt":"2019-06-11T11:01:34","guid":{"rendered":"https:\/\/ouryogashop.com\/?page_id=82100"},"modified":"2019-07-17T12:17:04","modified_gmt":"2019-07-17T10:17:04","slug":"jade-yoga","status":"publish","type":"page","link":"https:\/\/ouryogashop.com\/sv\/jade-yoga\/","title":{"rendered":"Jade Yoga"},"content":{"rendered":"<div class=\"wpb-content-wrapper\"><p>[vc_row][vc_column column_width_percent=&#8221;100&#8243; align_horizontal=&#8221;align_center&#8221; overlay_alpha=&#8221;50&#8243; gutter_size=&#8221;3&#8243; medium_width=&#8221;0&#8243; mobile_width=&#8221;0&#8243; shift_x=&#8221;0&#8243; shift_y=&#8221;0&#8243; shift_y_down=&#8221;0&#8243; z_index=&#8221;0&#8243; width=&#8221;1\/1&#8243;][vc_custom_heading]Alla Kategorier[\/vc_custom_heading][vc_gallery el_id=&#8221;gallery-177784&#8243; type=&#8221;carousel&#8221; medias=&#8221;89068,82092,89015,82090,82088&#8243; carousel_lg=&#8221;3&#8243; carousel_md=&#8221;3&#8243; carousel_sm=&#8221;1&#8243; thumb_size=&#8221;four-three&#8221; gutter_size=&#8221;3&#8243; media_items=&#8221;media|custom_link|original,title,sep-one|reduced,icon|lg&#8221; carousel_interval=&#8221;3000&#8243; carousel_navspeed=&#8221;400&#8243; carousel_loop=&#8221;yes&#8221; carousel_dots=&#8221;yes&#8221; stage_padding=&#8221;0&#8243; single_overlay_color=&#8221;color-178165&#8243; single_overlay_opacity=&#8221;50&#8243; single_text_visible=&#8221;yes&#8221; single_overlay_visible=&#8221;yes&#8221; single_image_color_anim=&#8221;yes&#8221; single_h_align=&#8221;center&#8221; single_v_position=&#8221;bottom&#8221; single_padding=&#8221;2&#8243; single_title_dimension=&#8221;h1&#8243; single_title_family=&#8221;font-200691&#8243; single_title_weight=&#8221;600&#8243; single_icon=&#8221;fa fa-arrow-circle-right&#8221; single_shadow=&#8221;yes&#8221; shadow_weight=&#8221;std&#8221; single_css_animation=&#8221;right-t-left&#8221; items=&#8221;eyI4MjAyMF9pIjp7InNpbmdsZV9saW5rIjoidXJsOmh0dHAlM0ElMkYlMkZkZXYub3VyeW9nYXNob3AuY29tJTJGcHJvZHVjdC10YWclMkZla28tc3VwZXJsaXRlJTJGfHx8In0sIjgyMDE2X2kiOnsic2luZ2xlX2xpbmsiOiJ1cmw6aHR0cCUzQSUyRiUyRmRldi5vdXJ5b2dhc2hvcC5jb20lMkZwcm9kdWN0LXRhZyUyRmVrby1saXRlLW1hdCUyRnx8fCJ9LCI4MjAxOF9pIjp7InNpbmdsZV9saW5rIjoidXJsOmh0dHAlM0ElMkYlMkZkZXYub3VyeW9nYXNob3AuY29tJTJGcHJvZHVjdC10YWclMkZla28tbWF0LXN0YW5kYXJkLTVtbSUyRnx8fCJ9LCI4MjA5Ml9pIjp7InNpbmdsZV9saW5rIjoidXJsOmh0dHBzJTNBJTJGJTJGb3VyeW9nYXNob3AuY29tJTJGcHJvZHVrdC10YWdnJTJGamFkZS1oYXJtb255LXN2JTJGJTNGbGFuZyUzRHN2fHx8In0sIjgyMDkwX2kiOnsic2luZ2xlX2xpbmsiOiJ1cmw6aHR0cHMlM0ElMkYlMkZvdXJ5b2dhc2hvcC5jb20lMkZwcm9kdWt0LXRhZ2clMkZqYWRlLXZveWFnZXItc3YlMkYlM0ZsYW5nJTNEc3Z8fHwifSwiODIwODhfaSI6eyJzaW5nbGVfbGluayI6InVybDpodHRwcyUzQSUyRiUyRm91cnlvZ2FzaG9wLmNvbSUyRnByb2R1a3Qta2F0ZWdvcmklMkZqYWRlLXlvZ2Etc3YlMkYlM0ZsYW5nJTNEc3Z8fHwifSwiODkwMTVfaSI6eyJzaW5nbGVfbGluayI6InVybDpodHRwcyUzQSUyRiUyRm91cnlvZ2FzaG9wLmNvbSUyRnByb2R1a3QtdGFnZyUyRmphZGUtdHJhdmVsLXlvZ2FtYXR0YSUyRiUzRmxhbmclM0Rzdnx8fCJ9LCI4OTA2OF9pIjp7InNpbmdsZV9saW5rIjoidXJsOmh0dHBzJTNBJTJGJTJGb3VyeW9nYXNob3AuY29tJTJGcHJvZHVrdC10YWdnJTJGamFkZS1mdXNpb24tc3YlMkYlM0ZsYW5nJTNEc3Z8fHwifX0=&#8221;][\/vc_column][\/vc_row][vc_row unlock_row=&#8221;&#8221; row_height_percent=&#8221;0&#8243; override_padding=&#8221;yes&#8221; h_padding=&#8221;2&#8243; top_padding=&#8221;3&#8243; bottom_padding=&#8221;3&#8243; overlay_alpha=&#8221;100&#8243; gutter_size=&#8221;100&#8243; style=&#8221;inherited&#8221;][vc_column width=&#8221;1\/1&#8243;][vc_custom_heading text_size=&#8221;h1&#8243;]Vi \u00e4r h\u00e4r f\u00f6r att ge dig service![\/vc_custom_heading][vc_separator][vc_column_text]Vi vill alltid erbjuda dig det b\u00e4sta yogasortimentet! S\u00e5 d\u00e4rf\u00f6r kan vi glatt meddela att vi erbjuder hela Jade Yoga sortimentet. \u00c4ven om du inte hittar det du s\u00f6ker p\u00e5 den h\u00e4r sidan &#8211; s\u00e5 kan du alltid <a href=\"mailto:sales@ouryogashop.com\">h\u00f6ra av dig till oss<\/a> med ditt \u00f6nskem\u00e5l om produkt![\/vc_column_text][\/vc_column][\/vc_row][vc_row unlock_row=&#8221;&#8221; row_height_percent=&#8221;0&#8243; override_padding=&#8221;yes&#8221; h_padding=&#8221;2&#8243; top_padding=&#8221;0&#8243; bottom_padding=&#8221;0&#8243; overlay_alpha=&#8221;100&#8243; gutter_size=&#8221;100&#8243; style=&#8221;inherited&#8221;][vc_column width=&#8221;1\/1&#8243;][vc_separator][\/vc_column][\/vc_row]<\/p>\n<\/div>","protected":false},"excerpt":{"rendered":"<p>[vc_row][vc_column column_width_percent=&#8221;100&#8243; align_horizontal=&#8221;align_center&#8221; overlay_alpha=&#8221;50&#8243; gutter_size=&#8221;3&#8243; medium_width=&#8221;0&#8243; mobile_width=&#8221;0&#8243; shift_x=&#8221;0&#8243; shift_y=&#8221;0&#8243; shift_y_down=&#8221;0&#8243; z_index=&#8221;0&#8243; width=&#8221;1\/1&#8243;][vc_custom_heading]Alla Kategorier[\/vc_custom_heading][vc_gallery el_id=&#8221;gallery-177784&#8243; type=&#8221;carousel&#8221; medias=&#8221;89068,82092,89015,82090,82088&#8243; carousel_lg=&#8221;3&#8243; carousel_md=&#8221;3&#8243; carousel_sm=&#8221;1&#8243; thumb_size=&#8221;four-three&#8221; [&hellip;]<\/p>\n","protected":false},"author":1,"featured_media":82079,"parent":0,"menu_order":0,"comment_status":"closed","ping_status":"open","template":"","meta":{"footnotes":""},"class_list":["post-82100","page","type-page","status-publish","has-post-thumbnail","hentry"],"yoast_head":"<!-- This site is optimized with the Yoast SEO Premium plugin v27.5 (Yoast SEO v27.5) - https:\/\/yoast.com\/product\/yoast-seo-premium-wordpress\/ -->\n<title>Jade Yoga - OurYogaShop<\/title>\n<meta name=\"robots\" content=\"index, follow, max-snippet:-1, max-image-preview:large, max-video-preview:-1\" \/>\n<link rel=\"canonical\" href=\"https:\/\/ouryogashop.com\/sv\/jade-yoga\/\" \/>\n<meta property=\"og:locale\" content=\"sv_SE\" \/>\n<meta property=\"og:type\" content=\"article\" \/>\n<meta property=\"og:title\" content=\"Jade Yoga\" \/>\n<meta property=\"og:description\" content=\"[vc_row][vc_column column_width_percent=&#8221;100&#8243; align_horizontal=&#8221;align_center&#8221; overlay_alpha=&#8221;50&#8243; gutter_size=&#8221;3&#8243; medium_width=&#8221;0&#8243; mobile_width=&#8221;0&#8243; shift_x=&#8221;0&#8243; shift_y=&#8221;0&#8243; shift_y_down=&#8221;0&#8243; z_index=&#8221;0&#8243; width=&#8221;1\/1&#8243;][vc_custom_heading]Alla Kategorier[\/vc_custom_heading][vc_gallery el_id=&#8221;gallery-177784&#8243; type=&#8221;carousel&#8221; medias=&#8221;89068,82092,89015,82090,82088&#8243; carousel_lg=&#8221;3&#8243; carousel_md=&#8221;3&#8243; carousel_sm=&#8221;1&#8243; thumb_size=&#8221;four-three&#8221; [&hellip;]\" \/>\n<meta property=\"og:url\" content=\"https:\/\/ouryogashop.com\/sv\/jade-yoga\/\" \/>\n<meta property=\"og:site_name\" content=\"OurYogaShop\" \/>\n<meta property=\"article:publisher\" content=\"https:\/\/www.facebook.com\/ouryogashopcom\/\" \/>\n<meta property=\"article:modified_time\" content=\"2019-07-17T10:17:04+00:00\" \/>\n<meta property=\"og:image\" content=\"https:\/\/ouryogashop.com\/wp-content\/uploads\/2019\/06\/Jade-Lifestyle-07.jpg\" \/>\n\t<meta property=\"og:image:width\" content=\"1920\" \/>\n\t<meta property=\"og:image:height\" content=\"1920\" \/>\n\t<meta property=\"og:image:type\" content=\"image\/jpeg\" \/>\n<meta name=\"twitter:card\" content=\"summary_large_image\" \/>\n<meta name=\"twitter:site\" content=\"@OurYogaShop\" \/>\n<meta name=\"twitter:label1\" content=\"Ber\u00e4knad l\u00e4stid\" \/>\n\t<meta name=\"twitter:data1\" content=\"2 minuter\" \/>\n<script type=\"application\/ld+json\" class=\"yoast-schema-graph\">{\"@context\":\"https:\\\/\\\/schema.org\",\"@graph\":[{\"@type\":\"WebPage\",\"@id\":\"https:\\\/\\\/ouryogashop.com\\\/sv\\\/jade-yoga\\\/\",\"url\":\"https:\\\/\\\/ouryogashop.com\\\/sv\\\/jade-yoga\\\/\",\"name\":\"Jade Yoga - OurYogaShop\",\"isPartOf\":{\"@id\":\"https:\\\/\\\/ouryogashop.com\\\/sv\\\/#website\"},\"primaryImageOfPage\":{\"@id\":\"https:\\\/\\\/ouryogashop.com\\\/sv\\\/jade-yoga\\\/#primaryimage\"},\"image\":{\"@id\":\"https:\\\/\\\/ouryogashop.com\\\/sv\\\/jade-yoga\\\/#primaryimage\"},\"thumbnailUrl\":\"https:\\\/\\\/ouryogashop.com\\\/wp-content\\\/uploads\\\/2019\\\/06\\\/Jade-Lifestyle-07.jpg\",\"datePublished\":\"2019-06-11T11:01:34+00:00\",\"dateModified\":\"2019-07-17T10:17:04+00:00\",\"breadcrumb\":{\"@id\":\"https:\\\/\\\/ouryogashop.com\\\/sv\\\/jade-yoga\\\/#breadcrumb\"},\"inLanguage\":\"sv-SE\",\"potentialAction\":[{\"@type\":\"ReadAction\",\"target\":[\"https:\\\/\\\/ouryogashop.com\\\/sv\\\/jade-yoga\\\/\"]}]},{\"@type\":\"ImageObject\",\"inLanguage\":\"sv-SE\",\"@id\":\"https:\\\/\\\/ouryogashop.com\\\/sv\\\/jade-yoga\\\/#primaryimage\",\"url\":\"https:\\\/\\\/ouryogashop.com\\\/wp-content\\\/uploads\\\/2019\\\/06\\\/Jade-Lifestyle-07.jpg\",\"contentUrl\":\"https:\\\/\\\/ouryogashop.com\\\/wp-content\\\/uploads\\\/2019\\\/06\\\/Jade-Lifestyle-07.jpg\",\"width\":1920,\"height\":1920},{\"@type\":\"BreadcrumbList\",\"@id\":\"https:\\\/\\\/ouryogashop.com\\\/sv\\\/jade-yoga\\\/#breadcrumb\",\"itemListElement\":[{\"@type\":\"ListItem\",\"position\":1,\"name\":\"Hem\",\"item\":\"https:\\\/\\\/ouryogashop.com\\\/sv\\\/\"},{\"@type\":\"ListItem\",\"position\":2,\"name\":\"Jade Yoga\"}]},{\"@type\":\"WebSite\",\"@id\":\"https:\\\/\\\/ouryogashop.com\\\/sv\\\/#website\",\"url\":\"https:\\\/\\\/ouryogashop.com\\\/sv\\\/\",\"name\":\"OurYogaShop\",\"description\":\"The best yoga mats ever!\",\"publisher\":{\"@id\":\"https:\\\/\\\/ouryogashop.com\\\/sv\\\/#organization\"},\"potentialAction\":[{\"@type\":\"SearchAction\",\"target\":{\"@type\":\"EntryPoint\",\"urlTemplate\":\"https:\\\/\\\/ouryogashop.com\\\/sv\\\/?s={search_term_string}\"},\"query-input\":{\"@type\":\"PropertyValueSpecification\",\"valueRequired\":true,\"valueName\":\"search_term_string\"}}],\"inLanguage\":\"sv-SE\"},{\"@type\":\"Organization\",\"@id\":\"https:\\\/\\\/ouryogashop.com\\\/sv\\\/#organization\",\"name\":\"OurYogaShop\",\"url\":\"https:\\\/\\\/ouryogashop.com\\\/sv\\\/\",\"logo\":{\"@type\":\"ImageObject\",\"inLanguage\":\"sv-SE\",\"@id\":\"https:\\\/\\\/ouryogashop.com\\\/sv\\\/#\\\/schema\\\/logo\\\/image\\\/\",\"url\":\"https:\\\/\\\/ouryogashop.com\\\/wp-content\\\/uploads\\\/2019\\\/05\\\/OYS-Logo.png\",\"contentUrl\":\"https:\\\/\\\/ouryogashop.com\\\/wp-content\\\/uploads\\\/2019\\\/05\\\/OYS-Logo.png\",\"width\":500,\"height\":371,\"caption\":\"OurYogaShop\"},\"image\":{\"@id\":\"https:\\\/\\\/ouryogashop.com\\\/sv\\\/#\\\/schema\\\/logo\\\/image\\\/\"},\"sameAs\":[\"https:\\\/\\\/www.facebook.com\\\/ouryogashopcom\\\/\",\"https:\\\/\\\/x.com\\\/OurYogaShop\",\"https:\\\/\\\/www.instagram.com\\\/ouryogashop\\\/\"]}]}<\/script>\n<!-- \/ Yoast SEO Premium plugin. -->","yoast_head_json":{"title":"Jade Yoga - OurYogaShop","robots":{"index":"index","follow":"follow","max-snippet":"max-snippet:-1","max-image-preview":"max-image-preview:large","max-video-preview":"max-video-preview:-1"},"canonical":"https:\/\/ouryogashop.com\/sv\/jade-yoga\/","og_locale":"sv_SE","og_type":"article","og_title":"Jade Yoga","og_description":"[vc_row][vc_column column_width_percent=&#8221;100&#8243; align_horizontal=&#8221;align_center&#8221; overlay_alpha=&#8221;50&#8243; gutter_size=&#8221;3&#8243; medium_width=&#8221;0&#8243; mobile_width=&#8221;0&#8243; shift_x=&#8221;0&#8243; shift_y=&#8221;0&#8243; shift_y_down=&#8221;0&#8243; z_index=&#8221;0&#8243; width=&#8221;1\/1&#8243;][vc_custom_heading]Alla Kategorier[\/vc_custom_heading][vc_gallery el_id=&#8221;gallery-177784&#8243; type=&#8221;carousel&#8221; medias=&#8221;89068,82092,89015,82090,82088&#8243; carousel_lg=&#8221;3&#8243; carousel_md=&#8221;3&#8243; carousel_sm=&#8221;1&#8243; thumb_size=&#8221;four-three&#8221; [&hellip;]","og_url":"https:\/\/ouryogashop.com\/sv\/jade-yoga\/","og_site_name":"OurYogaShop","article_publisher":"https:\/\/www.facebook.com\/ouryogashopcom\/","article_modified_time":"2019-07-17T10:17:04+00:00","og_image":[{"width":1920,"height":1920,"url":"https:\/\/ouryogashop.com\/wp-content\/uploads\/2019\/06\/Jade-Lifestyle-07.jpg","type":"image\/jpeg"}],"twitter_card":"summary_large_image","twitter_site":"@OurYogaShop","twitter_misc":{"Ber\u00e4knad l\u00e4stid":"2 minuter"},"schema":{"@context":"https:\/\/schema.org","@graph":[{"@type":"WebPage","@id":"https:\/\/ouryogashop.com\/sv\/jade-yoga\/","url":"https:\/\/ouryogashop.com\/sv\/jade-yoga\/","name":"Jade Yoga - OurYogaShop","isPartOf":{"@id":"https:\/\/ouryogashop.com\/sv\/#website"},"primaryImageOfPage":{"@id":"https:\/\/ouryogashop.com\/sv\/jade-yoga\/#primaryimage"},"image":{"@id":"https:\/\/ouryogashop.com\/sv\/jade-yoga\/#primaryimage"},"thumbnailUrl":"https:\/\/ouryogashop.com\/wp-content\/uploads\/2019\/06\/Jade-Lifestyle-07.jpg","datePublished":"2019-06-11T11:01:34+00:00","dateModified":"2019-07-17T10:17:04+00:00","breadcrumb":{"@id":"https:\/\/ouryogashop.com\/sv\/jade-yoga\/#breadcrumb"},"inLanguage":"sv-SE","potentialAction":[{"@type":"ReadAction","target":["https:\/\/ouryogashop.com\/sv\/jade-yoga\/"]}]},{"@type":"ImageObject","inLanguage":"sv-SE","@id":"https:\/\/ouryogashop.com\/sv\/jade-yoga\/#primaryimage","url":"https:\/\/ouryogashop.com\/wp-content\/uploads\/2019\/06\/Jade-Lifestyle-07.jpg","contentUrl":"https:\/\/ouryogashop.com\/wp-content\/uploads\/2019\/06\/Jade-Lifestyle-07.jpg","width":1920,"height":1920},{"@type":"BreadcrumbList","@id":"https:\/\/ouryogashop.com\/sv\/jade-yoga\/#breadcrumb","itemListElement":[{"@type":"ListItem","position":1,"name":"Hem","item":"https:\/\/ouryogashop.com\/sv\/"},{"@type":"ListItem","position":2,"name":"Jade Yoga"}]},{"@type":"WebSite","@id":"https:\/\/ouryogashop.com\/sv\/#website","url":"https:\/\/ouryogashop.com\/sv\/","name":"OurYogaShop","description":"The best yoga mats ever!","publisher":{"@id":"https:\/\/ouryogashop.com\/sv\/#organization"},"potentialAction":[{"@type":"SearchAction","target":{"@type":"EntryPoint","urlTemplate":"https:\/\/ouryogashop.com\/sv\/?s={search_term_string}"},"query-input":{"@type":"PropertyValueSpecification","valueRequired":true,"valueName":"search_term_string"}}],"inLanguage":"sv-SE"},{"@type":"Organization","@id":"https:\/\/ouryogashop.com\/sv\/#organization","name":"OurYogaShop","url":"https:\/\/ouryogashop.com\/sv\/","logo":{"@type":"ImageObject","inLanguage":"sv-SE","@id":"https:\/\/ouryogashop.com\/sv\/#\/schema\/logo\/image\/","url":"https:\/\/ouryogashop.com\/wp-content\/uploads\/2019\/05\/OYS-Logo.png","contentUrl":"https:\/\/ouryogashop.com\/wp-content\/uploads\/2019\/05\/OYS-Logo.png","width":500,"height":371,"caption":"OurYogaShop"},"image":{"@id":"https:\/\/ouryogashop.com\/sv\/#\/schema\/logo\/image\/"},"sameAs":["https:\/\/www.facebook.com\/ouryogashopcom\/","https:\/\/x.com\/OurYogaShop","https:\/\/www.instagram.com\/ouryogashop\/"]}]}},"_links":{"self":[{"href":"https:\/\/ouryogashop.com\/sv\/wp-json\/wp\/v2\/pages\/82100","targetHints":{"allow":["GET"]}}],"collection":[{"href":"https:\/\/ouryogashop.com\/sv\/wp-json\/wp\/v2\/pages"}],"about":[{"href":"https:\/\/ouryogashop.com\/sv\/wp-json\/wp\/v2\/types\/page"}],"author":[{"embeddable":true,"href":"https:\/\/ouryogashop.com\/sv\/wp-json\/wp\/v2\/users\/1"}],"replies":[{"embeddable":true,"href":"https:\/\/ouryogashop.com\/sv\/wp-json\/wp\/v2\/comments?post=82100"}],"version-history":[{"count":0,"href":"https:\/\/ouryogashop.com\/sv\/wp-json\/wp\/v2\/pages\/82100\/revisions"}],"wp:featuredmedia":[{"embeddable":true,"href":"https:\/\/ouryogashop.com\/sv\/wp-json\/wp\/v2\/media\/82079"}],"wp:attachment":[{"href":"https:\/\/ouryogashop.com\/sv\/wp-json\/wp\/v2\/media?parent=82100"}],"curies":[{"name":"wp","href":"https:\/\/api.w.org\/{rel}","templated":true}]}}