{"id":86272,"date":"2019-06-20T14:04:59","date_gmt":"2019-06-20T12:04:59","guid":{"rendered":"https:\/\/ouryogashop.com\/?page_id=86272"},"modified":"2019-10-25T18:27:34","modified_gmt":"2019-10-25T16:27:34","slug":"ooo","status":"publish","type":"page","link":"https:\/\/ouryogashop.com\/sv\/ooo\/","title":{"rendered":"OOO"},"content":{"rendered":"<div class=\"wpb-content-wrapper\"><p>[vc_row][vc_column column_width_percent=&#8221;100&#8243; align_horizontal=&#8221;align_center&#8221; gutter_size=&#8221;3&#8243; overlay_alpha=&#8221;50&#8243; shift_x=&#8221;0&#8243; shift_y=&#8221;0&#8243; shift_y_down=&#8221;0&#8243; z_index=&#8221;0&#8243; medium_width=&#8221;0&#8243; mobile_width=&#8221;0&#8243; width=&#8221;1\/1&#8243;][vc_custom_heading]Alla Kategorier[\/vc_custom_heading][vc_gallery el_id=&#8221;gallery-177784&#8243; medias=&#8221;99899,99885,99883,99878,99876,91502&#8243; gutter_size=&#8221;3&#8243; media_items=&#8221;media|custom_link|original,title,sep-one|reduced,icon|lg&#8221; screen_lg=&#8221;1000&#8243; screen_md=&#8221;600&#8243; screen_sm=&#8221;480&#8243; images_size=&#8221;one-one&#8221; single_overlay_color=&#8221;color-wayh&#8221; single_overlay_opacity=&#8221;50&#8243; single_text_visible=&#8221;yes&#8221; single_overlay_visible=&#8221;yes&#8221; single_image_color_anim=&#8221;yes&#8221; single_h_align=&#8221;center&#8221; single_v_position=&#8221;bottom&#8221; single_padding=&#8221;2&#8243; single_title_family=&#8221;font-200691&#8243; single_title_dimension=&#8221;h1&#8243; single_title_weight=&#8221;600&#8243; single_icon=&#8221;fa fa-arrow-circle-right&#8221; single_shadow=&#8221;yes&#8221; shadow_weight=&#8221;std&#8221; single_css_animation=&#8221;right-t-left&#8221; items=&#8221;eyI4MjAyMF9pIjp7InNpbmdsZV9saW5rIjoidXJsOmh0dHBzJTNBJTJGJTJGb3VyeW9nYXNob3AuY29tJTJGcHJvZHVjdC10YWclMkZla28tc3VwZXJsaXRlJTJGfHx8In0sIjgyMDE2X2kiOnsic2luZ2xlX2xpbmsiOiJ1cmw6aHR0cHMlM0ElMkYlMkZvdXJ5b2dhc2hvcC5jb20lMkZwcm9kdWN0LXRhZyUyRmVrby1saXRlLW1hdCUyRnx8fCJ9LCI4MjAxOF9pIjp7InNpbmdsZV9saW5rIjoidXJsOmh0dHBzJTNBJTJGJTJGb3VyeW9nYXNob3AuY29tJTJGcHJvZHVjdC10YWclMkZla28tbWF0LXN0YW5kYXJkLTVtbSUyRnx8fCJ9LCI4NjI2MV9pIjp7InNpbmdsZV9pbWFnZV9jb2xvcmF0aW9uIjoiZGVzYXR1cmF0ZWQiLCJzaW5nbGVfbGluayI6InVybDpodHRwcyUzQSUyRiUyRm91cnlvZ2FzaG9wLmNvbSUyRnByb2R1Y3QtdGFnJTJGY29vb2xvb29yLXlvZ2EtbWF0JTJGfHx8In0sIjg2Mjg4X2kiOnsic2luZ2xlX2ltYWdlX2NvbG9yYXRpb24iOiIiLCJzaW5nbGVfaW1hZ2VfY29sb3JfYW5pbSI6IiIsInNpbmdsZV9saW5rIjoidXJsOmh0dHBzJTNBJTJGJTJGb3VyeW9nYXNob3AuY29tJTJGc2hvcCUyRnlvZ2EtbWF0JTJGb29vLXlvZ2EtbWF0LWxvb29uZyUyRnx8fCJ9LCI4NjI5Ml9pIjp7InNpbmdsZV9saW5rIjoidXJsOmh0dHBzJTNBJTJGJTJGb3VyeW9nYXNob3AuY29tJTJGcHJvZHVjdC10YWclMkZvb28teW9nYS1tYXQlMkZ8dGl0bGU6T09PJTIwWW9nYSUyME1hdCUyMHx8In0sIjk5ODc3X2kiOnsic2luZ2xlX2xpbmsiOiJ1cmw6aHR0cHMlM0ElMkYlMkZvdXJ5b2dhc2hvcC5jb20lMkZwcm9kdWN0LWNhdGVnb3J5JTJGeW9nYS1ib2xzdGVyJTJGb29vLXlvZ2EtYm9sc3RlciUyRnx0aXRsZTpZb2dhJTIwYk9PT2xzdGVyfHwifSwiOTk4NzVfaSI6eyJzaW5nbGVfbGluayI6InVybDpodHRwcyUzQSUyRiUyRm91cnlvZ2FzaG9wLmNvbSUyRnByb2R1Y3QtdGFnJTJGeW9nYS1ibG9vb2NrJTJGfHRpdGxlOllvZ2ElMjBibE9PT2NrfHwifSwiOTE1MDFfaSI6eyJzaW5nbGVfbGluayI6InVybDpodHRwcyUzQSUyRiUyRm91cnlvZ2FzaG9wLmNvbSUyRnNob3AlMkZ5b2dhLWFjY2Vzc29yaWVzJTJGeW9nYS1ibGFua2V0JTJGb29vLXlvZ2EtYmxhbmtldC1uYXR1cmUtd2hpdGUlMkZ8dGl0bGU6T09PJTIwWW9nYSUyMEJsYW5rZXR8fCJ9LCI5OTg5OV9pIjp7InNpbmdsZV9saW5rIjoidXJsOmh0dHBzJTNBJTJGJTJGb3VyeW9nYXNob3AuY29tJTJGcHJvZHVrdC10YWdnJTJGb29vLXlvZ2FtYXR0YSUyRiUzRmxhbmclM0Rzdnx0aXRsZTpPT08lMjBZb2dhbWF0dGF8fCJ9LCI5OTg4NV9pIjp7InNpbmdsZV9saW5rIjoidXJsOmh0dHBzJTNBJTJGJTJGb3VyeW9nYXNob3AuY29tJTJGcHJvZHVrdC10YWdnJTJGY29vb2xvb29yLXlvZ2FtYXR0YSUyRiUzRmxhbmclM0Rzdnx0aXRsZTpjT09PbE9PT3J8fCJ9LCI5OTg4M19pIjp7InNpbmdsZV9saW5rIjoidXJsOmh0dHBzJTNBJTJGJTJGb3VyeW9nYXNob3AuY29tJTJGc2hvcCUyRnlvZ2FtYXR0YSUyRm9vby15b2dhbWF0dGEtbG9vb25nJTJGJTNGbGFuZyUzRHN2fHRpdGxlOk9PTy1Zb2dhbWF0dGElMjBMT09Pbmd8fCJ9LCI5OTg3OF9pIjp7InNpbmdsZV9saW5rIjoidXJsOmh0dHBzJTNBJTJGJTJGb3VyeW9nYXNob3AuY29tJTJGcHJvZHVrdC1rYXRlZ29yaSUyRnlvZ2Fib2xzdGVyLWt1ZGRhciUyRm9vby15b2dhYm9sc3RlciUyRiUzRmxhbmclM0Rzdnx0aXRsZTpZb2dhJTIwYk9PT2xzdGVyfHwifSwiOTk4NzZfaSI6eyJzaW5nbGVfbGluayI6InVybDpodHRwcyUzQSUyRiUyRm91cnlvZ2FzaG9wLmNvbSUyRnByb2R1a3QtdGFnZyUyRnlvZ2EtYmxvb29jay1zdiUyRiUzRmxhbmclM0Rzdnx0aXRsZTpZb2dhJTIwYmxPT09ja3x8In0sIjkxNTAyX2kiOnsic2luZ2xlX2xpbmsiOiJ1cmw6aHR0cHMlM0ElMkYlMkZvdXJ5b2dhc2hvcC5jb20lMkZzaG9wJTJGeW9nYW1hdHRhLWVrbyUyRm9vby15b2dhZmlsdC1uYXR1cnZpdCUyRiUzRmxhbmclM0Rzdnx0aXRsZTpPT08lMjBZb2dhZmlsdHx8In19&#8243;][\/vc_column][\/vc_row][vc_row unlock_row=&#8221;&#8221; row_height_percent=&#8221;0&#8243; override_padding=&#8221;yes&#8221; h_padding=&#8221;2&#8243; top_padding=&#8221;3&#8243; bottom_padding=&#8221;3&#8243; overlay_alpha=&#8221;100&#8243; gutter_size=&#8221;100&#8243; style=&#8221;inherited&#8221;][vc_column width=&#8221;1\/1&#8243;][vc_custom_heading text_size=&#8221;h1&#8243;]Vi \u00e4r h\u00e4r f\u00f6r att ge dig service![\/vc_custom_heading][vc_separator][vc_column_text]Vi vill alltid erbjuda dig det b\u00e4sta yogasortimentet! D\u00e4rf\u00f6r kan vi med gl\u00e4dje meddela att vi har hela OOO\u00b4s produktsortiment. \u00c4ven om du inte hittar det du s\u00f6ker p\u00e5 den h\u00e4r sidan &#8211; s\u00e5 kan du alltid <a href=\"mailto:sales@ouryogashop.com\">h\u00f6ra av dig till oss<\/a> med ditt \u00f6nskem\u00e5l om produkt![\/vc_column_text][\/vc_column][\/vc_row][vc_row unlock_row=&#8221;&#8221; row_height_percent=&#8221;0&#8243; override_padding=&#8221;yes&#8221; h_padding=&#8221;2&#8243; top_padding=&#8221;0&#8243; bottom_padding=&#8221;0&#8243; overlay_alpha=&#8221;100&#8243; gutter_size=&#8221;100&#8243; style=&#8221;inherited&#8221;][vc_column width=&#8221;1\/1&#8243;][vc_separator][\/vc_column][\/vc_row]<\/p>\n<\/div>","protected":false},"excerpt":{"rendered":"<p>[vc_row][vc_column column_width_percent=&#8221;100&#8243; align_horizontal=&#8221;align_center&#8221; gutter_size=&#8221;3&#8243; overlay_alpha=&#8221;50&#8243; shift_x=&#8221;0&#8243; shift_y=&#8221;0&#8243; shift_y_down=&#8221;0&#8243; z_index=&#8221;0&#8243; medium_width=&#8221;0&#8243; mobile_width=&#8221;0&#8243; width=&#8221;1\/1&#8243;][vc_custom_heading]Alla Kategorier[\/vc_custom_heading][vc_gallery el_id=&#8221;gallery-177784&#8243; medias=&#8221;99899,99885,99883,99878,99876,91502&#8243; gutter_size=&#8221;3&#8243; media_items=&#8221;media|custom_link|original,title,sep-one|reduced,icon|lg&#8221; screen_lg=&#8221;1000&#8243; screen_md=&#8221;600&#8243; screen_sm=&#8221;480&#8243; [&hellip;]<\/p>\n","protected":false},"author":1,"featured_media":86310,"parent":0,"menu_order":0,"comment_status":"closed","ping_status":"open","template":"","meta":{"footnotes":""},"class_list":["post-86272","page","type-page","status-publish","has-post-thumbnail","hentry","page_category-ooo-produktsortiment"],"yoast_head":"<!-- This site is optimized with the Yoast SEO Premium plugin v27.3 (Yoast SEO v27.4) - https:\/\/yoast.com\/product\/yoast-seo-premium-wordpress\/ -->\n<title>OOO - OurYogaShop<\/title>\n<meta name=\"robots\" content=\"index, follow, max-snippet:-1, max-image-preview:large, max-video-preview:-1\" \/>\n<link rel=\"canonical\" href=\"https:\/\/ouryogashop.com\/sv\/ooo\/\" \/>\n<meta property=\"og:locale\" content=\"sv_SE\" \/>\n<meta property=\"og:type\" content=\"article\" \/>\n<meta property=\"og:title\" content=\"OOO\" \/>\n<meta property=\"og:description\" content=\"[vc_row][vc_column column_width_percent=&#8221;100&#8243; align_horizontal=&#8221;align_center&#8221; gutter_size=&#8221;3&#8243; overlay_alpha=&#8221;50&#8243; shift_x=&#8221;0&#8243; shift_y=&#8221;0&#8243; shift_y_down=&#8221;0&#8243; z_index=&#8221;0&#8243; medium_width=&#8221;0&#8243; mobile_width=&#8221;0&#8243; width=&#8221;1\/1&#8243;][vc_custom_heading]Alla Kategorier[\/vc_custom_heading][vc_gallery el_id=&#8221;gallery-177784&#8243; medias=&#8221;99899,99885,99883,99878,99876,91502&#8243; gutter_size=&#8221;3&#8243; media_items=&#8221;media|custom_link|original,title,sep-one|reduced,icon|lg&#8221; screen_lg=&#8221;1000&#8243; screen_md=&#8221;600&#8243; screen_sm=&#8221;480&#8243; [&hellip;]\" \/>\n<meta property=\"og:url\" content=\"https:\/\/ouryogashop.com\/sv\/ooo\/\" \/>\n<meta property=\"og:site_name\" content=\"OurYogaShop\" \/>\n<meta property=\"article:publisher\" content=\"https:\/\/www.facebook.com\/ouryogashopcom\/\" \/>\n<meta property=\"article:modified_time\" content=\"2019-10-25T16:27:34+00:00\" \/>\n<meta property=\"og:image\" content=\"https:\/\/ouryogashop.com\/wp-content\/uploads\/2019\/06\/CHP6945.jpg\" \/>\n\t<meta property=\"og:image:width\" content=\"1920\" \/>\n\t<meta property=\"og:image:height\" content=\"1280\" \/>\n\t<meta property=\"og:image:type\" content=\"image\/jpeg\" \/>\n<meta name=\"twitter:card\" content=\"summary_large_image\" \/>\n<meta name=\"twitter:site\" content=\"@OurYogaShop\" \/>\n<meta name=\"twitter:label1\" content=\"Ber\u00e4knad l\u00e4stid\" \/>\n\t<meta name=\"twitter:data1\" content=\"3 minuter\" \/>\n<script type=\"application\/ld+json\" class=\"yoast-schema-graph\">{\"@context\":\"https:\\\/\\\/schema.org\",\"@graph\":[{\"@type\":\"WebPage\",\"@id\":\"https:\\\/\\\/ouryogashop.com\\\/sv\\\/ooo\\\/\",\"url\":\"https:\\\/\\\/ouryogashop.com\\\/sv\\\/ooo\\\/\",\"name\":\"OOO - OurYogaShop\",\"isPartOf\":{\"@id\":\"https:\\\/\\\/ouryogashop.com\\\/sv\\\/#website\"},\"primaryImageOfPage\":{\"@id\":\"https:\\\/\\\/ouryogashop.com\\\/sv\\\/ooo\\\/#primaryimage\"},\"image\":{\"@id\":\"https:\\\/\\\/ouryogashop.com\\\/sv\\\/ooo\\\/#primaryimage\"},\"thumbnailUrl\":\"https:\\\/\\\/ouryogashop.com\\\/wp-content\\\/uploads\\\/2019\\\/06\\\/CHP6945.jpg\",\"datePublished\":\"2019-06-20T12:04:59+00:00\",\"dateModified\":\"2019-10-25T16:27:34+00:00\",\"breadcrumb\":{\"@id\":\"https:\\\/\\\/ouryogashop.com\\\/sv\\\/ooo\\\/#breadcrumb\"},\"inLanguage\":\"sv-SE\",\"potentialAction\":[{\"@type\":\"ReadAction\",\"target\":[\"https:\\\/\\\/ouryogashop.com\\\/sv\\\/ooo\\\/\"]}]},{\"@type\":\"ImageObject\",\"inLanguage\":\"sv-SE\",\"@id\":\"https:\\\/\\\/ouryogashop.com\\\/sv\\\/ooo\\\/#primaryimage\",\"url\":\"https:\\\/\\\/ouryogashop.com\\\/wp-content\\\/uploads\\\/2019\\\/06\\\/CHP6945.jpg\",\"contentUrl\":\"https:\\\/\\\/ouryogashop.com\\\/wp-content\\\/uploads\\\/2019\\\/06\\\/CHP6945.jpg\",\"width\":1920,\"height\":1280,\"caption\":\"High\"},{\"@type\":\"BreadcrumbList\",\"@id\":\"https:\\\/\\\/ouryogashop.com\\\/sv\\\/ooo\\\/#breadcrumb\",\"itemListElement\":[{\"@type\":\"ListItem\",\"position\":1,\"name\":\"Hem\",\"item\":\"https:\\\/\\\/ouryogashop.com\\\/sv\\\/\"},{\"@type\":\"ListItem\",\"position\":2,\"name\":\"OOO\"}]},{\"@type\":\"WebSite\",\"@id\":\"https:\\\/\\\/ouryogashop.com\\\/sv\\\/#website\",\"url\":\"https:\\\/\\\/ouryogashop.com\\\/sv\\\/\",\"name\":\"OurYogaShop\",\"description\":\"The best yoga mats ever!\",\"publisher\":{\"@id\":\"https:\\\/\\\/ouryogashop.com\\\/sv\\\/#organization\"},\"potentialAction\":[{\"@type\":\"SearchAction\",\"target\":{\"@type\":\"EntryPoint\",\"urlTemplate\":\"https:\\\/\\\/ouryogashop.com\\\/sv\\\/?s={search_term_string}\"},\"query-input\":{\"@type\":\"PropertyValueSpecification\",\"valueRequired\":true,\"valueName\":\"search_term_string\"}}],\"inLanguage\":\"sv-SE\"},{\"@type\":\"Organization\",\"@id\":\"https:\\\/\\\/ouryogashop.com\\\/sv\\\/#organization\",\"name\":\"OurYogaShop\",\"url\":\"https:\\\/\\\/ouryogashop.com\\\/sv\\\/\",\"logo\":{\"@type\":\"ImageObject\",\"inLanguage\":\"sv-SE\",\"@id\":\"https:\\\/\\\/ouryogashop.com\\\/sv\\\/#\\\/schema\\\/logo\\\/image\\\/\",\"url\":\"https:\\\/\\\/ouryogashop.com\\\/wp-content\\\/uploads\\\/2019\\\/05\\\/OYS-Logo.png\",\"contentUrl\":\"https:\\\/\\\/ouryogashop.com\\\/wp-content\\\/uploads\\\/2019\\\/05\\\/OYS-Logo.png\",\"width\":500,\"height\":371,\"caption\":\"OurYogaShop\"},\"image\":{\"@id\":\"https:\\\/\\\/ouryogashop.com\\\/sv\\\/#\\\/schema\\\/logo\\\/image\\\/\"},\"sameAs\":[\"https:\\\/\\\/www.facebook.com\\\/ouryogashopcom\\\/\",\"https:\\\/\\\/x.com\\\/OurYogaShop\",\"https:\\\/\\\/www.instagram.com\\\/ouryogashop\\\/\"]}]}<\/script>\n<!-- \/ Yoast SEO Premium plugin. -->","yoast_head_json":{"title":"OOO - OurYogaShop","robots":{"index":"index","follow":"follow","max-snippet":"max-snippet:-1","max-image-preview":"max-image-preview:large","max-video-preview":"max-video-preview:-1"},"canonical":"https:\/\/ouryogashop.com\/sv\/ooo\/","og_locale":"sv_SE","og_type":"article","og_title":"OOO","og_description":"[vc_row][vc_column column_width_percent=&#8221;100&#8243; align_horizontal=&#8221;align_center&#8221; gutter_size=&#8221;3&#8243; overlay_alpha=&#8221;50&#8243; shift_x=&#8221;0&#8243; shift_y=&#8221;0&#8243; shift_y_down=&#8221;0&#8243; z_index=&#8221;0&#8243; medium_width=&#8221;0&#8243; mobile_width=&#8221;0&#8243; width=&#8221;1\/1&#8243;][vc_custom_heading]Alla Kategorier[\/vc_custom_heading][vc_gallery el_id=&#8221;gallery-177784&#8243; medias=&#8221;99899,99885,99883,99878,99876,91502&#8243; gutter_size=&#8221;3&#8243; media_items=&#8221;media|custom_link|original,title,sep-one|reduced,icon|lg&#8221; screen_lg=&#8221;1000&#8243; screen_md=&#8221;600&#8243; screen_sm=&#8221;480&#8243; [&hellip;]","og_url":"https:\/\/ouryogashop.com\/sv\/ooo\/","og_site_name":"OurYogaShop","article_publisher":"https:\/\/www.facebook.com\/ouryogashopcom\/","article_modified_time":"2019-10-25T16:27:34+00:00","og_image":[{"width":1920,"height":1280,"url":"https:\/\/ouryogashop.com\/wp-content\/uploads\/2019\/06\/CHP6945.jpg","type":"image\/jpeg"}],"twitter_card":"summary_large_image","twitter_site":"@OurYogaShop","twitter_misc":{"Ber\u00e4knad l\u00e4stid":"3 minuter"},"schema":{"@context":"https:\/\/schema.org","@graph":[{"@type":"WebPage","@id":"https:\/\/ouryogashop.com\/sv\/ooo\/","url":"https:\/\/ouryogashop.com\/sv\/ooo\/","name":"OOO - OurYogaShop","isPartOf":{"@id":"https:\/\/ouryogashop.com\/sv\/#website"},"primaryImageOfPage":{"@id":"https:\/\/ouryogashop.com\/sv\/ooo\/#primaryimage"},"image":{"@id":"https:\/\/ouryogashop.com\/sv\/ooo\/#primaryimage"},"thumbnailUrl":"https:\/\/ouryogashop.com\/wp-content\/uploads\/2019\/06\/CHP6945.jpg","datePublished":"2019-06-20T12:04:59+00:00","dateModified":"2019-10-25T16:27:34+00:00","breadcrumb":{"@id":"https:\/\/ouryogashop.com\/sv\/ooo\/#breadcrumb"},"inLanguage":"sv-SE","potentialAction":[{"@type":"ReadAction","target":["https:\/\/ouryogashop.com\/sv\/ooo\/"]}]},{"@type":"ImageObject","inLanguage":"sv-SE","@id":"https:\/\/ouryogashop.com\/sv\/ooo\/#primaryimage","url":"https:\/\/ouryogashop.com\/wp-content\/uploads\/2019\/06\/CHP6945.jpg","contentUrl":"https:\/\/ouryogashop.com\/wp-content\/uploads\/2019\/06\/CHP6945.jpg","width":1920,"height":1280,"caption":"High"},{"@type":"BreadcrumbList","@id":"https:\/\/ouryogashop.com\/sv\/ooo\/#breadcrumb","itemListElement":[{"@type":"ListItem","position":1,"name":"Hem","item":"https:\/\/ouryogashop.com\/sv\/"},{"@type":"ListItem","position":2,"name":"OOO"}]},{"@type":"WebSite","@id":"https:\/\/ouryogashop.com\/sv\/#website","url":"https:\/\/ouryogashop.com\/sv\/","name":"OurYogaShop","description":"The best yoga mats ever!","publisher":{"@id":"https:\/\/ouryogashop.com\/sv\/#organization"},"potentialAction":[{"@type":"SearchAction","target":{"@type":"EntryPoint","urlTemplate":"https:\/\/ouryogashop.com\/sv\/?s={search_term_string}"},"query-input":{"@type":"PropertyValueSpecification","valueRequired":true,"valueName":"search_term_string"}}],"inLanguage":"sv-SE"},{"@type":"Organization","@id":"https:\/\/ouryogashop.com\/sv\/#organization","name":"OurYogaShop","url":"https:\/\/ouryogashop.com\/sv\/","logo":{"@type":"ImageObject","inLanguage":"sv-SE","@id":"https:\/\/ouryogashop.com\/sv\/#\/schema\/logo\/image\/","url":"https:\/\/ouryogashop.com\/wp-content\/uploads\/2019\/05\/OYS-Logo.png","contentUrl":"https:\/\/ouryogashop.com\/wp-content\/uploads\/2019\/05\/OYS-Logo.png","width":500,"height":371,"caption":"OurYogaShop"},"image":{"@id":"https:\/\/ouryogashop.com\/sv\/#\/schema\/logo\/image\/"},"sameAs":["https:\/\/www.facebook.com\/ouryogashopcom\/","https:\/\/x.com\/OurYogaShop","https:\/\/www.instagram.com\/ouryogashop\/"]}]}},"_links":{"self":[{"href":"https:\/\/ouryogashop.com\/sv\/wp-json\/wp\/v2\/pages\/86272","targetHints":{"allow":["GET"]}}],"collection":[{"href":"https:\/\/ouryogashop.com\/sv\/wp-json\/wp\/v2\/pages"}],"about":[{"href":"https:\/\/ouryogashop.com\/sv\/wp-json\/wp\/v2\/types\/page"}],"author":[{"embeddable":true,"href":"https:\/\/ouryogashop.com\/sv\/wp-json\/wp\/v2\/users\/1"}],"replies":[{"embeddable":true,"href":"https:\/\/ouryogashop.com\/sv\/wp-json\/wp\/v2\/comments?post=86272"}],"version-history":[{"count":0,"href":"https:\/\/ouryogashop.com\/sv\/wp-json\/wp\/v2\/pages\/86272\/revisions"}],"wp:featuredmedia":[{"embeddable":true,"href":"https:\/\/ouryogashop.com\/sv\/wp-json\/wp\/v2\/media\/86310"}],"wp:attachment":[{"href":"https:\/\/ouryogashop.com\/sv\/wp-json\/wp\/v2\/media?parent=86272"}],"curies":[{"name":"wp","href":"https:\/\/api.w.org\/{rel}","templated":true}]}}