{"id":101268,"date":"2019-11-13T12:32:48","date_gmt":"2019-11-13T10:32:48","guid":{"rendered":"https:\/\/ouryogashop.com\/?post_type=product&#038;p=101268"},"modified":"2024-08-06T09:19:46","modified_gmt":"2024-08-06T07:19:46","slug":"yoga-ullfilt-atervunnet-material-sediment-manduka","status":"publish","type":"product","link":"https:\/\/ouryogashop.com\/sv\/product\/yoga-ullfilt-atervunnet-material-sediment-manduka\/","title":{"rendered":"Ullfilt i \u00c5tervunnet Material Sediment Manduka"},"content":{"rendered":"<div class=\"wpb-content-wrapper\"><p>[vc_row][vc_column width=&#8221;1\/1&#8243;][uncode_block id=&#8221;92356&#8243;][\/vc_column][\/vc_row][vc_row][vc_column width=&#8221;1\/1&#8243;][uncode_block id=&#8221;93252&#8243;][\/vc_column][\/vc_row][vc_row][vc_column width=&#8221;1\/1&#8243;][uncode_block id=&#8221;93254&#8243;][\/vc_column][\/vc_row][vc_row][vc_column width=&#8221;1\/1&#8243;][uncode_block id=&#8221;79511&#8243;][\/vc_column][\/vc_row]<\/p>\n<\/div>","protected":false},"excerpt":{"rendered":"<p>Ullfilt i \u00c5tervunnet Material Sediment tillverkad av 75% \u00e5tervunnen ull och 25% \u00e5tervunna syntetfibrer. L\u00e5sta kantstygn f\u00f6r att f\u00f6rhindra att den faller is\u00e4r och ruggar sig. Tillverkad i Indien. T\u00e4t v\u00e4v, stretchbest\u00e4ndig och supermjuk, men noppar inte, \u00e4ven efter tv\u00e4tt.<\/p>\n<p>1,6 kg; 208&#215;152 cm<\/p>\n","protected":false},"featured_media":101282,"comment_status":"open","ping_status":"closed","template":"","meta":[],"product_brand":[],"product_cat":[1543,1544,355],"product_tag":[2380,2381],"class_list":{"0":"post-101268","1":"product","2":"type-product","3":"status-publish","4":"has-post-thumbnail","6":"product_cat-yoga-tillbehor-sv","7":"product_cat-yogafilt","8":"product_cat-manduka-sv","9":"product_tag-sediment-sv","10":"product_tag-ullfilt-i-atervunnet-material-for-yoga","11":"product_shipping_class-flera-produkter-sv","12":"pa_length-group-208cm-sv","13":"pa_material-ull","14":"pa_material-fiber","15":"pa_product-type-yogafilt","16":"pa_thick-group-1cm-sv","17":"pa_weight-group-1-2-kg-sv","18":"pa_width-group-152cm-sv","20":"first","21":"instock","22":"taxable","23":"shipping-taxable","24":"purchasable","25":"product-type-simple"},"yoast_head":"<!-- This site is optimized with the Yoast SEO Premium plugin v27.5 (Yoast SEO v27.5) - https:\/\/yoast.com\/product\/yoast-seo-premium-wordpress\/ -->\n<title>Ullfilt av \u00e5tervunnet material Manduka f\u00f6r yoga - OurYogaShop<\/title>\n<meta name=\"description\" content=\"Ullfilt i \u00e5tervunnet material fr\u00e5n Manduka \u00e4r tillverkad av 100% \u00e5tervunna fibrer, denna filt \u00e4r ihopvikbar f\u00f6r att st\u00f6dja din kropp i yogast\u00e4llningar och har ultimat v\u00e4rme och komfort.\" \/>\n<meta name=\"robots\" content=\"index, follow, max-snippet:-1, max-image-preview:large, max-video-preview:-1\" \/>\n<link rel=\"canonical\" href=\"https:\/\/ouryogashop.com\/sv\/product\/yoga-ullfilt-atervunnet-material-sediment-manduka\/\" \/>\n<meta property=\"og:locale\" content=\"sv_SE\" \/>\n<meta property=\"og:type\" content=\"article\" \/>\n<meta property=\"og:title\" content=\"Ullfilt i \u00c5tervunnet Material Sediment Manduka\" \/>\n<meta property=\"og:description\" content=\"Ullfilt i \u00e5tervunnet material fr\u00e5n Manduka \u00e4r tillverkad av 100% \u00e5tervunna fibrer, denna filt \u00e4r ihopvikbar f\u00f6r att st\u00f6dja din kropp i yogast\u00e4llningar och har ultimat v\u00e4rme och komfort.\" \/>\n<meta property=\"og:url\" content=\"https:\/\/ouryogashop.com\/sv\/product\/yoga-ullfilt-atervunnet-material-sediment-manduka\/\" \/>\n<meta property=\"og:site_name\" content=\"OurYogaShop\" \/>\n<meta property=\"article:publisher\" content=\"https:\/\/www.facebook.com\/ouryogashopcom\/\" \/>\n<meta property=\"article:modified_time\" content=\"2024-08-06T07:19:46+00:00\" \/>\n<meta property=\"og:image\" content=\"https:\/\/ouryogashop.com\/wp-content\/uploads\/2019\/11\/46201A-Recycled-Wool-Blanket-Sediment-01.jpg\" \/>\n\t<meta property=\"og:image:width\" content=\"871\" \/>\n\t<meta property=\"og:image:height\" content=\"1014\" \/>\n\t<meta property=\"og:image:type\" content=\"image\/jpeg\" \/>\n<meta name=\"twitter:card\" content=\"summary_large_image\" \/>\n<meta name=\"twitter:site\" content=\"@OurYogaShop\" \/>\n<meta name=\"twitter:label1\" content=\"Pris\" \/>\n\t<meta name=\"twitter:data1\" content=\"500,00&#107;&#114;\" \/>\n\t<meta name=\"twitter:label2\" content=\"Tillg\u00e4nglig\" \/>\n\t<meta name=\"twitter:data2\" content=\"I lager\" \/>\n<script type=\"application\/ld+json\" class=\"yoast-schema-graph\">{\"@context\":\"https:\\\/\\\/schema.org\",\"@graph\":[{\"@type\":\"WebPage\",\"@id\":\"https:\\\/\\\/ouryogashop.com\\\/sv\\\/product\\\/yoga-ullfilt-atervunnet-material-sediment-manduka\\\/\",\"url\":\"https:\\\/\\\/ouryogashop.com\\\/sv\\\/product\\\/yoga-ullfilt-atervunnet-material-sediment-manduka\\\/\",\"name\":\"Ullfilt av \u00e5tervunnet material Manduka f\u00f6r yoga - OurYogaShop\",\"isPartOf\":{\"@id\":\"https:\\\/\\\/ouryogashop.com\\\/sv\\\/#website\"},\"primaryImageOfPage\":{\"@id\":\"https:\\\/\\\/ouryogashop.com\\\/sv\\\/product\\\/yoga-ullfilt-atervunnet-material-sediment-manduka\\\/#primaryimage\"},\"image\":{\"@id\":\"https:\\\/\\\/ouryogashop.com\\\/sv\\\/product\\\/yoga-ullfilt-atervunnet-material-sediment-manduka\\\/#primaryimage\"},\"thumbnailUrl\":\"https:\\\/\\\/ouryogashop.com\\\/wp-content\\\/uploads\\\/2019\\\/11\\\/46201A-Recycled-Wool-Blanket-Sediment-01.jpg\",\"datePublished\":\"2019-11-13T10:32:48+00:00\",\"dateModified\":\"2024-08-06T07:19:46+00:00\",\"description\":\"Ullfilt i \u00e5tervunnet material fr\u00e5n Manduka \u00e4r tillverkad av 100% \u00e5tervunna fibrer, denna filt \u00e4r ihopvikbar f\u00f6r att st\u00f6dja din kropp i yogast\u00e4llningar och har ultimat v\u00e4rme och komfort.\",\"breadcrumb\":{\"@id\":\"https:\\\/\\\/ouryogashop.com\\\/sv\\\/product\\\/yoga-ullfilt-atervunnet-material-sediment-manduka\\\/#breadcrumb\"},\"inLanguage\":\"sv-SE\",\"potentialAction\":[{\"@type\":\"ReadAction\",\"target\":[\"https:\\\/\\\/ouryogashop.com\\\/sv\\\/product\\\/yoga-ullfilt-atervunnet-material-sediment-manduka\\\/\"]}]},{\"@type\":\"ImageObject\",\"inLanguage\":\"sv-SE\",\"@id\":\"https:\\\/\\\/ouryogashop.com\\\/sv\\\/product\\\/yoga-ullfilt-atervunnet-material-sediment-manduka\\\/#primaryimage\",\"url\":\"https:\\\/\\\/ouryogashop.com\\\/wp-content\\\/uploads\\\/2019\\\/11\\\/46201A-Recycled-Wool-Blanket-Sediment-01.jpg\",\"contentUrl\":\"https:\\\/\\\/ouryogashop.com\\\/wp-content\\\/uploads\\\/2019\\\/11\\\/46201A-Recycled-Wool-Blanket-Sediment-01.jpg\",\"width\":871,\"height\":1014,\"caption\":\"2017 Spring Summer\"},{\"@type\":\"BreadcrumbList\",\"@id\":\"https:\\\/\\\/ouryogashop.com\\\/sv\\\/product\\\/yoga-ullfilt-atervunnet-material-sediment-manduka\\\/#breadcrumb\",\"itemListElement\":[{\"@type\":\"ListItem\",\"position\":1,\"name\":\"Hem\",\"item\":\"https:\\\/\\\/ouryogashop.com\\\/sv\\\/\"},{\"@type\":\"ListItem\",\"position\":2,\"name\":\"Yoga Butik\",\"item\":\"https:\\\/\\\/ouryogashop.com\\\/sv\\\/yoga-butik\\\/\"},{\"@type\":\"ListItem\",\"position\":3,\"name\":\"Yoga Tillbeh\u00f6r\",\"item\":\"https:\\\/\\\/ouryogashop.com\\\/sv\\\/produkt-kategori\\\/yoga-tillbehor-sv\\\/\"},{\"@type\":\"ListItem\",\"position\":4,\"name\":\"Yogafilt\",\"item\":\"https:\\\/\\\/ouryogashop.com\\\/sv\\\/produkt-kategori\\\/yoga-tillbehor-sv\\\/yogafilt\\\/\"},{\"@type\":\"ListItem\",\"position\":5,\"name\":\"Ullfilt i \u00c5tervunnet Material Sediment Manduka\"}]},{\"@type\":\"WebSite\",\"@id\":\"https:\\\/\\\/ouryogashop.com\\\/sv\\\/#website\",\"url\":\"https:\\\/\\\/ouryogashop.com\\\/sv\\\/\",\"name\":\"OurYogaShop\",\"description\":\"The best yoga mats ever!\",\"publisher\":{\"@id\":\"https:\\\/\\\/ouryogashop.com\\\/sv\\\/#organization\"},\"potentialAction\":[{\"@type\":\"SearchAction\",\"target\":{\"@type\":\"EntryPoint\",\"urlTemplate\":\"https:\\\/\\\/ouryogashop.com\\\/sv\\\/?s={search_term_string}\"},\"query-input\":{\"@type\":\"PropertyValueSpecification\",\"valueRequired\":true,\"valueName\":\"search_term_string\"}}],\"inLanguage\":\"sv-SE\"},{\"@type\":\"Organization\",\"@id\":\"https:\\\/\\\/ouryogashop.com\\\/sv\\\/#organization\",\"name\":\"OurYogaShop\",\"url\":\"https:\\\/\\\/ouryogashop.com\\\/sv\\\/\",\"logo\":{\"@type\":\"ImageObject\",\"inLanguage\":\"sv-SE\",\"@id\":\"https:\\\/\\\/ouryogashop.com\\\/sv\\\/#\\\/schema\\\/logo\\\/image\\\/\",\"url\":\"https:\\\/\\\/ouryogashop.com\\\/wp-content\\\/uploads\\\/2019\\\/05\\\/OYS-Logo.png\",\"contentUrl\":\"https:\\\/\\\/ouryogashop.com\\\/wp-content\\\/uploads\\\/2019\\\/05\\\/OYS-Logo.png\",\"width\":500,\"height\":371,\"caption\":\"OurYogaShop\"},\"image\":{\"@id\":\"https:\\\/\\\/ouryogashop.com\\\/sv\\\/#\\\/schema\\\/logo\\\/image\\\/\"},\"sameAs\":[\"https:\\\/\\\/www.facebook.com\\\/ouryogashopcom\\\/\",\"https:\\\/\\\/x.com\\\/OurYogaShop\",\"https:\\\/\\\/www.instagram.com\\\/ouryogashop\\\/\"]}]}<\/script>\n<meta property=\"product:brand\" content=\"Manduka\" \/>\n<meta property=\"product:price:amount\" content=\"500.00\" \/>\n<meta property=\"product:price:currency\" content=\"SEK\" \/>\n<meta property=\"og:availability\" content=\"instock\" \/>\n<meta property=\"product:availability\" content=\"instock\" \/>\n<meta property=\"product:retailer_item_id\" content=\"MD40030\" \/>\n<meta property=\"product:condition\" content=\"new\" \/>\n<!-- \/ Yoast SEO Premium plugin. -->","yoast_head_json":{"title":"Ullfilt av \u00e5tervunnet material Manduka f\u00f6r yoga - OurYogaShop","description":"Ullfilt i \u00e5tervunnet material fr\u00e5n Manduka \u00e4r tillverkad av 100% \u00e5tervunna fibrer, denna filt \u00e4r ihopvikbar f\u00f6r att st\u00f6dja din kropp i yogast\u00e4llningar och har ultimat v\u00e4rme och komfort.","robots":{"index":"index","follow":"follow","max-snippet":"max-snippet:-1","max-image-preview":"max-image-preview:large","max-video-preview":"max-video-preview:-1"},"canonical":"https:\/\/ouryogashop.com\/sv\/product\/yoga-ullfilt-atervunnet-material-sediment-manduka\/","og_locale":"sv_SE","og_type":"article","og_title":"Ullfilt i \u00c5tervunnet Material Sediment Manduka","og_description":"Ullfilt i \u00e5tervunnet material fr\u00e5n Manduka \u00e4r tillverkad av 100% \u00e5tervunna fibrer, denna filt \u00e4r ihopvikbar f\u00f6r att st\u00f6dja din kropp i yogast\u00e4llningar och har ultimat v\u00e4rme och komfort.","og_url":"https:\/\/ouryogashop.com\/sv\/product\/yoga-ullfilt-atervunnet-material-sediment-manduka\/","og_site_name":"OurYogaShop","article_publisher":"https:\/\/www.facebook.com\/ouryogashopcom\/","article_modified_time":"2024-08-06T07:19:46+00:00","og_image":[{"width":871,"height":1014,"url":"https:\/\/ouryogashop.com\/wp-content\/uploads\/2019\/11\/46201A-Recycled-Wool-Blanket-Sediment-01.jpg","type":"image\/jpeg"}],"twitter_card":"summary_large_image","twitter_site":"@OurYogaShop","twitter_misc":{"Pris":"500,00&#107;&#114;","Tillg\u00e4nglig":"I lager"},"schema":{"@context":"https:\/\/schema.org","@graph":[{"@type":"WebPage","@id":"https:\/\/ouryogashop.com\/sv\/product\/yoga-ullfilt-atervunnet-material-sediment-manduka\/","url":"https:\/\/ouryogashop.com\/sv\/product\/yoga-ullfilt-atervunnet-material-sediment-manduka\/","name":"Ullfilt av \u00e5tervunnet material Manduka f\u00f6r yoga - OurYogaShop","isPartOf":{"@id":"https:\/\/ouryogashop.com\/sv\/#website"},"primaryImageOfPage":{"@id":"https:\/\/ouryogashop.com\/sv\/product\/yoga-ullfilt-atervunnet-material-sediment-manduka\/#primaryimage"},"image":{"@id":"https:\/\/ouryogashop.com\/sv\/product\/yoga-ullfilt-atervunnet-material-sediment-manduka\/#primaryimage"},"thumbnailUrl":"https:\/\/ouryogashop.com\/wp-content\/uploads\/2019\/11\/46201A-Recycled-Wool-Blanket-Sediment-01.jpg","datePublished":"2019-11-13T10:32:48+00:00","dateModified":"2024-08-06T07:19:46+00:00","description":"Ullfilt i \u00e5tervunnet material fr\u00e5n Manduka \u00e4r tillverkad av 100% \u00e5tervunna fibrer, denna filt \u00e4r ihopvikbar f\u00f6r att st\u00f6dja din kropp i yogast\u00e4llningar och har ultimat v\u00e4rme och komfort.","breadcrumb":{"@id":"https:\/\/ouryogashop.com\/sv\/product\/yoga-ullfilt-atervunnet-material-sediment-manduka\/#breadcrumb"},"inLanguage":"sv-SE","potentialAction":[{"@type":"ReadAction","target":["https:\/\/ouryogashop.com\/sv\/product\/yoga-ullfilt-atervunnet-material-sediment-manduka\/"]}]},{"@type":"ImageObject","inLanguage":"sv-SE","@id":"https:\/\/ouryogashop.com\/sv\/product\/yoga-ullfilt-atervunnet-material-sediment-manduka\/#primaryimage","url":"https:\/\/ouryogashop.com\/wp-content\/uploads\/2019\/11\/46201A-Recycled-Wool-Blanket-Sediment-01.jpg","contentUrl":"https:\/\/ouryogashop.com\/wp-content\/uploads\/2019\/11\/46201A-Recycled-Wool-Blanket-Sediment-01.jpg","width":871,"height":1014,"caption":"2017 Spring Summer"},{"@type":"BreadcrumbList","@id":"https:\/\/ouryogashop.com\/sv\/product\/yoga-ullfilt-atervunnet-material-sediment-manduka\/#breadcrumb","itemListElement":[{"@type":"ListItem","position":1,"name":"Hem","item":"https:\/\/ouryogashop.com\/sv\/"},{"@type":"ListItem","position":2,"name":"Yoga Butik","item":"https:\/\/ouryogashop.com\/sv\/yoga-butik\/"},{"@type":"ListItem","position":3,"name":"Yoga Tillbeh\u00f6r","item":"https:\/\/ouryogashop.com\/sv\/produkt-kategori\/yoga-tillbehor-sv\/"},{"@type":"ListItem","position":4,"name":"Yogafilt","item":"https:\/\/ouryogashop.com\/sv\/produkt-kategori\/yoga-tillbehor-sv\/yogafilt\/"},{"@type":"ListItem","position":5,"name":"Ullfilt i \u00c5tervunnet Material Sediment Manduka"}]},{"@type":"WebSite","@id":"https:\/\/ouryogashop.com\/sv\/#website","url":"https:\/\/ouryogashop.com\/sv\/","name":"OurYogaShop","description":"The best yoga mats ever!","publisher":{"@id":"https:\/\/ouryogashop.com\/sv\/#organization"},"potentialAction":[{"@type":"SearchAction","target":{"@type":"EntryPoint","urlTemplate":"https:\/\/ouryogashop.com\/sv\/?s={search_term_string}"},"query-input":{"@type":"PropertyValueSpecification","valueRequired":true,"valueName":"search_term_string"}}],"inLanguage":"sv-SE"},{"@type":"Organization","@id":"https:\/\/ouryogashop.com\/sv\/#organization","name":"OurYogaShop","url":"https:\/\/ouryogashop.com\/sv\/","logo":{"@type":"ImageObject","inLanguage":"sv-SE","@id":"https:\/\/ouryogashop.com\/sv\/#\/schema\/logo\/image\/","url":"https:\/\/ouryogashop.com\/wp-content\/uploads\/2019\/05\/OYS-Logo.png","contentUrl":"https:\/\/ouryogashop.com\/wp-content\/uploads\/2019\/05\/OYS-Logo.png","width":500,"height":371,"caption":"OurYogaShop"},"image":{"@id":"https:\/\/ouryogashop.com\/sv\/#\/schema\/logo\/image\/"},"sameAs":["https:\/\/www.facebook.com\/ouryogashopcom\/","https:\/\/x.com\/OurYogaShop","https:\/\/www.instagram.com\/ouryogashop\/"]}]},"product_brand":"Manduka","product_price_amount":"500.00","product_price_currency":"SEK","og_availability":"instock","product_availability":"instock","product_retailer_item_id":"MD40030","product_condition":"new"},"_links":{"self":[{"href":"https:\/\/ouryogashop.com\/sv\/wp-json\/wp\/v2\/product\/101268","targetHints":{"allow":["GET"]}}],"collection":[{"href":"https:\/\/ouryogashop.com\/sv\/wp-json\/wp\/v2\/product"}],"about":[{"href":"https:\/\/ouryogashop.com\/sv\/wp-json\/wp\/v2\/types\/product"}],"replies":[{"embeddable":true,"href":"https:\/\/ouryogashop.com\/sv\/wp-json\/wp\/v2\/comments?post=101268"}],"wp:featuredmedia":[{"embeddable":true,"href":"https:\/\/ouryogashop.com\/sv\/wp-json\/wp\/v2\/media\/101282"}],"wp:attachment":[{"href":"https:\/\/ouryogashop.com\/sv\/wp-json\/wp\/v2\/media?parent=101268"}],"wp:term":[{"taxonomy":"product_brand","embeddable":true,"href":"https:\/\/ouryogashop.com\/sv\/wp-json\/wp\/v2\/product_brand?post=101268"},{"taxonomy":"product_cat","embeddable":true,"href":"https:\/\/ouryogashop.com\/sv\/wp-json\/wp\/v2\/product_cat?post=101268"},{"taxonomy":"product_tag","embeddable":true,"href":"https:\/\/ouryogashop.com\/sv\/wp-json\/wp\/v2\/product_tag?post=101268"}],"curies":[{"name":"wp","href":"https:\/\/api.w.org\/{rel}","templated":true}]}}