{"id":102462,"date":"2019-12-04T13:18:21","date_gmt":"2019-12-04T11:18:21","guid":{"rendered":"https:\/\/ouryogashop.com\/shop\/okategoriserad\/yoga-meditationskudde-gibbous-bovete-lila\/"},"modified":"2024-01-17T12:17:35","modified_gmt":"2024-01-17T10:17:35","slug":"yoga-meditationskudde-gibbous-bovete-lila","status":"publish","type":"product","link":"https:\/\/ouryogashop.com\/sv\/product\/yoga-meditationskudde-gibbous-bovete-lila\/","title":{"rendered":"Yoga Meditationskudde Gibbous Bovete Lila"},"content":{"rendered":"<div class=\"wpb-content-wrapper\"><p>[vc_row][vc_column width=&#8221;1\/1&#8243;][uncode_block id=&#8221;102417&#8243;][\/vc_column][\/vc_row][vc_row][vc_column width=&#8221;1\/1&#8243;][uncode_block id=&#8221;102422&#8243;][\/vc_column][\/vc_row][vc_row][vc_column width=&#8221;1\/1&#8243;][uncode_block id=&#8221;102420&#8243;][\/vc_column][\/vc_row][vc_row][vc_column width=&#8221;1\/1&#8243;][uncode_block id=&#8221;87608&#8243;][\/vc_column][\/vc_row]<\/p>\n<\/div>","protected":false},"excerpt":{"rendered":"<p>OOO Yoga Meditationskudde Gibbous Bovete Stabil och ger ryggen ett bra st\u00f6d. Handtillverkad i Europa. V\u00e4lgjord, Giftfri, Ekologisk, Fuktavvisande. \u201cKeep Your Circles Positive\u201d<\/p>\n","protected":false},"featured_media":79732,"comment_status":"open","ping_status":"closed","template":"","meta":[],"product_brand":[],"product_cat":[1698,379,2597,3049,2599],"product_tag":[2600,2602,388,994,2628],"class_list":{"0":"post-102462","1":"product","2":"type-product","3":"status-publish","4":"has-post-thumbnail","6":"product_cat-yogabolster-kuddar","7":"product_cat-ooo-sv","8":"product_cat-meditationskudde","9":"product_cat-meditationskudde-gibbous","10":"product_cat-meditationskudde-bovete","11":"product_tag-zafu-sv","12":"product_tag-ekologisk-meditationskudde","13":"product_tag-bovete","14":"product_tag-lila","15":"product_tag-gibbous-sv","16":"product_shipping_class-flera-produkter-sv","17":"pa_length-group-45cm-sv","18":"pa_material-bomull","19":"pa_material-bovete","20":"pa_product-type-meditationskudde","21":"pa_product-type-gibbous-meditationskudde","22":"pa_thick-group-22cm-sv","23":"pa_weight-group-1-2-kg-sv","24":"pa_width-group-28cm-sv","26":"first","27":"instock","28":"taxable","29":"shipping-taxable","30":"purchasable","31":"product-type-simple"},"yoast_head":"<!-- This site is optimized with the Yoast SEO Premium plugin v27.3 (Yoast SEO v27.4) - https:\/\/yoast.com\/product\/yoast-seo-premium-wordpress\/ -->\n<title>Meditationskudde Gibbous Bovete Lila - OurYogaShop<\/title>\n<meta name=\"description\" content=\"Yoga Meditationskudde Gibbous Bovete OOO \u00e4r stabil och ger din ryggrad god support och st\u00f6d. Handtillverkad i Europa. V\u00e4lgjord, Giftfri och Ekologisk.\" \/>\n<meta name=\"robots\" content=\"index, follow, max-snippet:-1, max-image-preview:large, max-video-preview:-1\" \/>\n<link rel=\"canonical\" href=\"https:\/\/ouryogashop.com\/sv\/product\/yoga-meditationskudde-gibbous-bovete-lila\/\" \/>\n<meta property=\"og:locale\" content=\"sv_SE\" \/>\n<meta property=\"og:type\" content=\"article\" \/>\n<meta property=\"og:title\" content=\"Yoga Meditationskudde Gibbous Bovete Lila\" \/>\n<meta property=\"og:description\" content=\"Yoga Meditationskudde Gibbous Bovete OOO \u00e4r stabil och ger din ryggrad god support och st\u00f6d. Handtillverkad i Europa. V\u00e4lgjord, Giftfri och Ekologisk.\" \/>\n<meta property=\"og:url\" content=\"https:\/\/ouryogashop.com\/sv\/product\/yoga-meditationskudde-gibbous-bovete-lila\/\" \/>\n<meta property=\"og:site_name\" content=\"OurYogaShop\" \/>\n<meta property=\"article:publisher\" content=\"https:\/\/www.facebook.com\/ouryogashopcom\/\" \/>\n<meta property=\"article:modified_time\" content=\"2024-01-17T10:17:35+00:00\" \/>\n<meta property=\"og:image\" content=\"https:\/\/ouryogashop.com\/wp-content\/uploads\/2019\/05\/Crescent-Zafu-Purple-Kapok-lay-1.jpg\" \/>\n\t<meta property=\"og:image:width\" content=\"500\" \/>\n\t<meta property=\"og:image:height\" content=\"500\" \/>\n\t<meta property=\"og:image:type\" content=\"image\/jpeg\" \/>\n<meta name=\"twitter:card\" content=\"summary_large_image\" \/>\n<meta name=\"twitter:site\" content=\"@OurYogaShop\" \/>\n<meta name=\"twitter:label1\" content=\"Pris\" \/>\n\t<meta name=\"twitter:data1\" content=\"499,00&#107;&#114;\" \/>\n\t<meta name=\"twitter:label2\" content=\"Tillg\u00e4nglig\" \/>\n\t<meta name=\"twitter:data2\" content=\"I lager\" \/>\n<script type=\"application\/ld+json\" class=\"yoast-schema-graph\">{\"@context\":\"https:\\\/\\\/schema.org\",\"@graph\":[{\"@type\":\"WebPage\",\"@id\":\"https:\\\/\\\/ouryogashop.com\\\/sv\\\/product\\\/yoga-meditationskudde-gibbous-bovete-lila\\\/\",\"url\":\"https:\\\/\\\/ouryogashop.com\\\/sv\\\/product\\\/yoga-meditationskudde-gibbous-bovete-lila\\\/\",\"name\":\"Meditationskudde Gibbous Bovete Lila - OurYogaShop\",\"isPartOf\":{\"@id\":\"https:\\\/\\\/ouryogashop.com\\\/sv\\\/#website\"},\"primaryImageOfPage\":{\"@id\":\"https:\\\/\\\/ouryogashop.com\\\/sv\\\/product\\\/yoga-meditationskudde-gibbous-bovete-lila\\\/#primaryimage\"},\"image\":{\"@id\":\"https:\\\/\\\/ouryogashop.com\\\/sv\\\/product\\\/yoga-meditationskudde-gibbous-bovete-lila\\\/#primaryimage\"},\"thumbnailUrl\":\"https:\\\/\\\/ouryogashop.com\\\/wp-content\\\/uploads\\\/2019\\\/05\\\/Crescent-Zafu-Purple-Kapok-lay-1.jpg\",\"datePublished\":\"2019-12-04T11:18:21+00:00\",\"dateModified\":\"2024-01-17T10:17:35+00:00\",\"description\":\"Yoga Meditationskudde Gibbous Bovete OOO \u00e4r stabil och ger din ryggrad god support och st\u00f6d. Handtillverkad i Europa. V\u00e4lgjord, Giftfri och Ekologisk.\",\"breadcrumb\":{\"@id\":\"https:\\\/\\\/ouryogashop.com\\\/sv\\\/product\\\/yoga-meditationskudde-gibbous-bovete-lila\\\/#breadcrumb\"},\"inLanguage\":\"sv-SE\",\"potentialAction\":[{\"@type\":\"ReadAction\",\"target\":[\"https:\\\/\\\/ouryogashop.com\\\/sv\\\/product\\\/yoga-meditationskudde-gibbous-bovete-lila\\\/\"]}]},{\"@type\":\"ImageObject\",\"inLanguage\":\"sv-SE\",\"@id\":\"https:\\\/\\\/ouryogashop.com\\\/sv\\\/product\\\/yoga-meditationskudde-gibbous-bovete-lila\\\/#primaryimage\",\"url\":\"https:\\\/\\\/ouryogashop.com\\\/wp-content\\\/uploads\\\/2019\\\/05\\\/Crescent-Zafu-Purple-Kapok-lay-1.jpg\",\"contentUrl\":\"https:\\\/\\\/ouryogashop.com\\\/wp-content\\\/uploads\\\/2019\\\/05\\\/Crescent-Zafu-Purple-Kapok-lay-1.jpg\",\"width\":500,\"height\":500,\"caption\":\"Yoga Meditationskudde Gibbous Bovete Lila\"},{\"@type\":\"BreadcrumbList\",\"@id\":\"https:\\\/\\\/ouryogashop.com\\\/sv\\\/product\\\/yoga-meditationskudde-gibbous-bovete-lila\\\/#breadcrumb\",\"itemListElement\":[{\"@type\":\"ListItem\",\"position\":1,\"name\":\"Hem\",\"item\":\"https:\\\/\\\/ouryogashop.com\\\/sv\\\/\"},{\"@type\":\"ListItem\",\"position\":2,\"name\":\"Yoga Butik\",\"item\":\"https:\\\/\\\/ouryogashop.com\\\/sv\\\/yoga-butik\\\/\"},{\"@type\":\"ListItem\",\"position\":3,\"name\":\"Yogabolster &amp; Kuddar\",\"item\":\"https:\\\/\\\/ouryogashop.com\\\/sv\\\/produkt-kategori\\\/yogabolster-kuddar\\\/\"},{\"@type\":\"ListItem\",\"position\":4,\"name\":\"Yoga Meditationskudde Gibbous Bovete Lila\"}]},{\"@type\":\"WebSite\",\"@id\":\"https:\\\/\\\/ouryogashop.com\\\/sv\\\/#website\",\"url\":\"https:\\\/\\\/ouryogashop.com\\\/sv\\\/\",\"name\":\"OurYogaShop\",\"description\":\"The best yoga mats ever!\",\"publisher\":{\"@id\":\"https:\\\/\\\/ouryogashop.com\\\/sv\\\/#organization\"},\"potentialAction\":[{\"@type\":\"SearchAction\",\"target\":{\"@type\":\"EntryPoint\",\"urlTemplate\":\"https:\\\/\\\/ouryogashop.com\\\/sv\\\/?s={search_term_string}\"},\"query-input\":{\"@type\":\"PropertyValueSpecification\",\"valueRequired\":true,\"valueName\":\"search_term_string\"}}],\"inLanguage\":\"sv-SE\"},{\"@type\":\"Organization\",\"@id\":\"https:\\\/\\\/ouryogashop.com\\\/sv\\\/#organization\",\"name\":\"OurYogaShop\",\"url\":\"https:\\\/\\\/ouryogashop.com\\\/sv\\\/\",\"logo\":{\"@type\":\"ImageObject\",\"inLanguage\":\"sv-SE\",\"@id\":\"https:\\\/\\\/ouryogashop.com\\\/sv\\\/#\\\/schema\\\/logo\\\/image\\\/\",\"url\":\"https:\\\/\\\/ouryogashop.com\\\/wp-content\\\/uploads\\\/2019\\\/05\\\/OYS-Logo.png\",\"contentUrl\":\"https:\\\/\\\/ouryogashop.com\\\/wp-content\\\/uploads\\\/2019\\\/05\\\/OYS-Logo.png\",\"width\":500,\"height\":371,\"caption\":\"OurYogaShop\"},\"image\":{\"@id\":\"https:\\\/\\\/ouryogashop.com\\\/sv\\\/#\\\/schema\\\/logo\\\/image\\\/\"},\"sameAs\":[\"https:\\\/\\\/www.facebook.com\\\/ouryogashopcom\\\/\",\"https:\\\/\\\/x.com\\\/OurYogaShop\",\"https:\\\/\\\/www.instagram.com\\\/ouryogashop\\\/\"]}]}<\/script>\n<meta property=\"product:brand\" content=\"OOO\" \/>\n<meta property=\"product:price:amount\" content=\"499.00\" \/>\n<meta property=\"product:price:currency\" content=\"SEK\" \/>\n<meta property=\"og:availability\" content=\"instock\" \/>\n<meta property=\"product:availability\" content=\"instock\" \/>\n<meta property=\"product:retailer_item_id\" content=\"OOO3003\" \/>\n<meta property=\"product:condition\" content=\"new\" \/>\n<!-- \/ Yoast SEO Premium plugin. -->","yoast_head_json":{"title":"Meditationskudde Gibbous Bovete Lila - OurYogaShop","description":"Yoga Meditationskudde Gibbous Bovete OOO \u00e4r stabil och ger din ryggrad god support och st\u00f6d. Handtillverkad i Europa. V\u00e4lgjord, Giftfri och Ekologisk.","robots":{"index":"index","follow":"follow","max-snippet":"max-snippet:-1","max-image-preview":"max-image-preview:large","max-video-preview":"max-video-preview:-1"},"canonical":"https:\/\/ouryogashop.com\/sv\/product\/yoga-meditationskudde-gibbous-bovete-lila\/","og_locale":"sv_SE","og_type":"article","og_title":"Yoga Meditationskudde Gibbous Bovete Lila","og_description":"Yoga Meditationskudde Gibbous Bovete OOO \u00e4r stabil och ger din ryggrad god support och st\u00f6d. Handtillverkad i Europa. V\u00e4lgjord, Giftfri och Ekologisk.","og_url":"https:\/\/ouryogashop.com\/sv\/product\/yoga-meditationskudde-gibbous-bovete-lila\/","og_site_name":"OurYogaShop","article_publisher":"https:\/\/www.facebook.com\/ouryogashopcom\/","article_modified_time":"2024-01-17T10:17:35+00:00","og_image":[{"width":500,"height":500,"url":"https:\/\/ouryogashop.com\/wp-content\/uploads\/2019\/05\/Crescent-Zafu-Purple-Kapok-lay-1.jpg","type":"image\/jpeg"}],"twitter_card":"summary_large_image","twitter_site":"@OurYogaShop","twitter_misc":{"Pris":"499,00&#107;&#114;","Tillg\u00e4nglig":"I lager"},"schema":{"@context":"https:\/\/schema.org","@graph":[{"@type":"WebPage","@id":"https:\/\/ouryogashop.com\/sv\/product\/yoga-meditationskudde-gibbous-bovete-lila\/","url":"https:\/\/ouryogashop.com\/sv\/product\/yoga-meditationskudde-gibbous-bovete-lila\/","name":"Meditationskudde Gibbous Bovete Lila - OurYogaShop","isPartOf":{"@id":"https:\/\/ouryogashop.com\/sv\/#website"},"primaryImageOfPage":{"@id":"https:\/\/ouryogashop.com\/sv\/product\/yoga-meditationskudde-gibbous-bovete-lila\/#primaryimage"},"image":{"@id":"https:\/\/ouryogashop.com\/sv\/product\/yoga-meditationskudde-gibbous-bovete-lila\/#primaryimage"},"thumbnailUrl":"https:\/\/ouryogashop.com\/wp-content\/uploads\/2019\/05\/Crescent-Zafu-Purple-Kapok-lay-1.jpg","datePublished":"2019-12-04T11:18:21+00:00","dateModified":"2024-01-17T10:17:35+00:00","description":"Yoga Meditationskudde Gibbous Bovete OOO \u00e4r stabil och ger din ryggrad god support och st\u00f6d. Handtillverkad i Europa. V\u00e4lgjord, Giftfri och Ekologisk.","breadcrumb":{"@id":"https:\/\/ouryogashop.com\/sv\/product\/yoga-meditationskudde-gibbous-bovete-lila\/#breadcrumb"},"inLanguage":"sv-SE","potentialAction":[{"@type":"ReadAction","target":["https:\/\/ouryogashop.com\/sv\/product\/yoga-meditationskudde-gibbous-bovete-lila\/"]}]},{"@type":"ImageObject","inLanguage":"sv-SE","@id":"https:\/\/ouryogashop.com\/sv\/product\/yoga-meditationskudde-gibbous-bovete-lila\/#primaryimage","url":"https:\/\/ouryogashop.com\/wp-content\/uploads\/2019\/05\/Crescent-Zafu-Purple-Kapok-lay-1.jpg","contentUrl":"https:\/\/ouryogashop.com\/wp-content\/uploads\/2019\/05\/Crescent-Zafu-Purple-Kapok-lay-1.jpg","width":500,"height":500,"caption":"Yoga Meditationskudde Gibbous Bovete Lila"},{"@type":"BreadcrumbList","@id":"https:\/\/ouryogashop.com\/sv\/product\/yoga-meditationskudde-gibbous-bovete-lila\/#breadcrumb","itemListElement":[{"@type":"ListItem","position":1,"name":"Hem","item":"https:\/\/ouryogashop.com\/sv\/"},{"@type":"ListItem","position":2,"name":"Yoga Butik","item":"https:\/\/ouryogashop.com\/sv\/yoga-butik\/"},{"@type":"ListItem","position":3,"name":"Yogabolster &amp; Kuddar","item":"https:\/\/ouryogashop.com\/sv\/produkt-kategori\/yogabolster-kuddar\/"},{"@type":"ListItem","position":4,"name":"Yoga Meditationskudde Gibbous Bovete Lila"}]},{"@type":"WebSite","@id":"https:\/\/ouryogashop.com\/sv\/#website","url":"https:\/\/ouryogashop.com\/sv\/","name":"OurYogaShop","description":"The best yoga mats ever!","publisher":{"@id":"https:\/\/ouryogashop.com\/sv\/#organization"},"potentialAction":[{"@type":"SearchAction","target":{"@type":"EntryPoint","urlTemplate":"https:\/\/ouryogashop.com\/sv\/?s={search_term_string}"},"query-input":{"@type":"PropertyValueSpecification","valueRequired":true,"valueName":"search_term_string"}}],"inLanguage":"sv-SE"},{"@type":"Organization","@id":"https:\/\/ouryogashop.com\/sv\/#organization","name":"OurYogaShop","url":"https:\/\/ouryogashop.com\/sv\/","logo":{"@type":"ImageObject","inLanguage":"sv-SE","@id":"https:\/\/ouryogashop.com\/sv\/#\/schema\/logo\/image\/","url":"https:\/\/ouryogashop.com\/wp-content\/uploads\/2019\/05\/OYS-Logo.png","contentUrl":"https:\/\/ouryogashop.com\/wp-content\/uploads\/2019\/05\/OYS-Logo.png","width":500,"height":371,"caption":"OurYogaShop"},"image":{"@id":"https:\/\/ouryogashop.com\/sv\/#\/schema\/logo\/image\/"},"sameAs":["https:\/\/www.facebook.com\/ouryogashopcom\/","https:\/\/x.com\/OurYogaShop","https:\/\/www.instagram.com\/ouryogashop\/"]}]},"product_brand":"OOO","product_price_amount":"499.00","product_price_currency":"SEK","og_availability":"instock","product_availability":"instock","product_retailer_item_id":"OOO3003","product_condition":"new"},"_links":{"self":[{"href":"https:\/\/ouryogashop.com\/sv\/wp-json\/wp\/v2\/product\/102462","targetHints":{"allow":["GET"]}}],"collection":[{"href":"https:\/\/ouryogashop.com\/sv\/wp-json\/wp\/v2\/product"}],"about":[{"href":"https:\/\/ouryogashop.com\/sv\/wp-json\/wp\/v2\/types\/product"}],"replies":[{"embeddable":true,"href":"https:\/\/ouryogashop.com\/sv\/wp-json\/wp\/v2\/comments?post=102462"}],"wp:featuredmedia":[{"embeddable":true,"href":"https:\/\/ouryogashop.com\/sv\/wp-json\/wp\/v2\/media\/79732"}],"wp:attachment":[{"href":"https:\/\/ouryogashop.com\/sv\/wp-json\/wp\/v2\/media?parent=102462"}],"wp:term":[{"taxonomy":"product_brand","embeddable":true,"href":"https:\/\/ouryogashop.com\/sv\/wp-json\/wp\/v2\/product_brand?post=102462"},{"taxonomy":"product_cat","embeddable":true,"href":"https:\/\/ouryogashop.com\/sv\/wp-json\/wp\/v2\/product_cat?post=102462"},{"taxonomy":"product_tag","embeddable":true,"href":"https:\/\/ouryogashop.com\/sv\/wp-json\/wp\/v2\/product_tag?post=102462"}],"curies":[{"name":"wp","href":"https:\/\/api.w.org\/{rel}","templated":true}]}}