{"id":103862,"date":"2020-01-31T09:04:19","date_gmt":"2020-01-31T07:04:19","guid":{"rendered":"https:\/\/ouryogashop.com\/shop\/okategoriserad\/yogamatta-jade-harmony-midnightblue-xw-xl\/"},"modified":"2025-09-28T11:33:38","modified_gmt":"2025-09-28T09:33:38","slug":"yogamatta-jade-harmony-midnightblue-xw-xl","status":"publish","type":"product","link":"https:\/\/ouryogashop.com\/sv\/product\/yogamatta-jade-harmony-midnightblue-xw-xl\/","title":{"rendered":"Yogamatta Jade Harmony MidnightBlue XW XL"},"content":{"rendered":"<div class=\"wpb-content-wrapper\"><p>[vc_row][vc_column width=&#8221;1\/1&#8243;][uncode_block id=&#8221;82157&#8243;][\/vc_column][\/vc_row][vc_row][vc_column width=&#8221;1\/1&#8243;][uncode_block id=&#8221;103768&#8243;][\/vc_column][\/vc_row][vc_row][vc_column width=&#8221;1\/1&#8243;][uncode_block id=&#8221;82195&#8243;][\/vc_column][\/vc_row][vc_row][vc_column width=&#8221;1\/1&#8243;][uncode_block id=&#8221;82201&#8243;][\/vc_column][\/vc_row][vc_row][vc_column width=&#8221;1\/1&#8243;][uncode_block id=&#8221;82324&#8243;][\/vc_column][\/vc_row][vc_row][vc_column width=&#8221;1\/1&#8243;][uncode_block id=&#8221;103771&#8243;][\/vc_column][\/vc_row][vc_row][vc_column width=&#8221;1\/1&#8243;][uncode_block id=&#8221;82207&#8243;][\/vc_column][\/vc_row]<\/p>\n<\/div>","protected":false},"excerpt":{"rendered":"<h4>\u00d6versikt<\/h4>\n<p>Jade Harmony Midnight Blue X-Bred X-L\u00e5ng &#8211; Yogamatta av naturligt gummi fr\u00e5n gummitr\u00e4d som ger en fin st\u00f6td\u00e4mpning.<\/p>\n<p>&#8211; Extra l\u00e5ng: 2,6 kg; 203 cm x 71 cm och 5 mm tjock<br \/>\n&#8211; Coola f\u00e4rger, otroligt grepp, h\u00f6g komfort och milj\u00f6v\u00e4nligt<br \/>\n&#8211; Ger dig lite extra utrymme!<\/p>\n","protected":false},"featured_media":103789,"comment_status":"open","ping_status":"closed","template":"","meta":[],"product_brand":[],"product_cat":[356,382,945,3606,3603],"product_tag":[1396,3493,3495,3496,3498,981,983,993],"class_list":{"0":"post-103862","1":"product","2":"type-product","3":"status-publish","4":"has-post-thumbnail","6":"product_cat-yogamatta-eko","7":"product_cat-yogamatta","8":"product_cat-jade-yoga-sv","9":"product_cat-yogamattor-jade","10":"product_cat-yogamatta-jade-harmony","11":"product_tag-bred-yogamatta","12":"product_tag-biologic-sv","13":"product_tag-natural-rubber-yoga-mat-sv","14":"product_tag-ecologic-yoga-mat-sv","15":"product_tag-slippery-free-sv","16":"product_tag-jade-harmony-yogamatta","17":"product_tag-lang-yogamatta","18":"product_tag-midnight-blue-sv","19":"product_shipping_class-flera-produkter-sv","20":"pa_length-group-203cm-sv","21":"pa_material-natural-rubber-sv","22":"pa_material-ecologic-sv","23":"pa_product-type-slippery-free-yoga-mat-sv","24":"pa_product-type-lang-yogamatta","25":"pa_product-type-wide-yoga-mat-sv","26":"pa_product-type-eco-yoga-mat-sv","27":"pa_thick-group-5mm-sv","28":"pa_weight-group-2-3-kg-sv","29":"pa_width-group-71cm-sv","31":"first","32":"instock","33":"taxable","34":"shipping-taxable","35":"purchasable","36":"product-type-simple"},"yoast_head":"<!-- This site is optimized with the Yoast SEO Premium plugin v27.3 (Yoast SEO v27.4) - https:\/\/yoast.com\/product\/yoast-seo-premium-wordpress\/ -->\n<title>Jade Harmony MidnightBlue XW XL Yogamatta - OurYogaShop<\/title>\n<meta name=\"description\" content=\"Jade Harmony MidnightBlue XW XL Yogamatta - Ekologisk yogamatta av naturligt gummi fr\u00e5n gummitr\u00e4d som ger en fin st\u00f6td\u00e4mpning. Denna yogamattan \u00e4r extra l\u00e5ng.\" \/>\n<meta name=\"robots\" content=\"index, follow, max-snippet:-1, max-image-preview:large, max-video-preview:-1\" \/>\n<link rel=\"canonical\" href=\"https:\/\/ouryogashop.com\/sv\/product\/yogamatta-jade-harmony-midnightblue-xw-xl\/\" \/>\n<meta property=\"og:locale\" content=\"sv_SE\" \/>\n<meta property=\"og:type\" content=\"article\" \/>\n<meta property=\"og:title\" content=\"Yogamatta Jade Harmony MidnightBlue XW XL\" \/>\n<meta property=\"og:description\" content=\"Jade Harmony MidnightBlue XW XL Yogamatta - Ekologisk yogamatta av naturligt gummi fr\u00e5n gummitr\u00e4d som ger en fin st\u00f6td\u00e4mpning. Denna yogamattan \u00e4r extra l\u00e5ng.\" \/>\n<meta property=\"og:url\" content=\"https:\/\/ouryogashop.com\/sv\/product\/yogamatta-jade-harmony-midnightblue-xw-xl\/\" \/>\n<meta property=\"og:site_name\" content=\"OurYogaShop\" \/>\n<meta property=\"article:publisher\" content=\"https:\/\/www.facebook.com\/ouryogashopcom\/\" \/>\n<meta property=\"article:modified_time\" content=\"2025-09-28T09:33:38+00:00\" \/>\n<meta property=\"og:image\" content=\"https:\/\/ouryogashop.com\/wp-content\/uploads\/2020\/01\/Harmony_MidnightBlue_XW.jpg\" \/>\n\t<meta property=\"og:image:width\" content=\"500\" \/>\n\t<meta property=\"og:image:height\" content=\"500\" \/>\n\t<meta property=\"og:image:type\" content=\"image\/jpeg\" \/>\n<meta name=\"twitter:card\" content=\"summary_large_image\" \/>\n<meta name=\"twitter:site\" content=\"@OurYogaShop\" \/>\n<meta name=\"twitter:label1\" content=\"Pris\" \/>\n\t<meta name=\"twitter:data1\" content=\"1.300,00&#107;&#114;\" \/>\n\t<meta name=\"twitter:label2\" content=\"Tillg\u00e4nglig\" \/>\n\t<meta name=\"twitter:data2\" content=\"I lager\" \/>\n<script type=\"application\/ld+json\" class=\"yoast-schema-graph\">{\"@context\":\"https:\\\/\\\/schema.org\",\"@graph\":[{\"@type\":\"WebPage\",\"@id\":\"https:\\\/\\\/ouryogashop.com\\\/sv\\\/product\\\/yogamatta-jade-harmony-midnightblue-xw-xl\\\/\",\"url\":\"https:\\\/\\\/ouryogashop.com\\\/sv\\\/product\\\/yogamatta-jade-harmony-midnightblue-xw-xl\\\/\",\"name\":\"Jade Harmony MidnightBlue XW XL Yogamatta - OurYogaShop\",\"isPartOf\":{\"@id\":\"https:\\\/\\\/ouryogashop.com\\\/sv\\\/#website\"},\"primaryImageOfPage\":{\"@id\":\"https:\\\/\\\/ouryogashop.com\\\/sv\\\/product\\\/yogamatta-jade-harmony-midnightblue-xw-xl\\\/#primaryimage\"},\"image\":{\"@id\":\"https:\\\/\\\/ouryogashop.com\\\/sv\\\/product\\\/yogamatta-jade-harmony-midnightblue-xw-xl\\\/#primaryimage\"},\"thumbnailUrl\":\"https:\\\/\\\/ouryogashop.com\\\/wp-content\\\/uploads\\\/2020\\\/01\\\/Harmony_MidnightBlue_XW.jpg\",\"datePublished\":\"2020-01-31T07:04:19+00:00\",\"dateModified\":\"2025-09-28T09:33:38+00:00\",\"description\":\"Jade Harmony MidnightBlue XW XL Yogamatta - Ekologisk yogamatta av naturligt gummi fr\u00e5n gummitr\u00e4d som ger en fin st\u00f6td\u00e4mpning. Denna yogamattan \u00e4r extra l\u00e5ng.\",\"breadcrumb\":{\"@id\":\"https:\\\/\\\/ouryogashop.com\\\/sv\\\/product\\\/yogamatta-jade-harmony-midnightblue-xw-xl\\\/#breadcrumb\"},\"inLanguage\":\"sv-SE\",\"potentialAction\":[{\"@type\":\"ReadAction\",\"target\":[\"https:\\\/\\\/ouryogashop.com\\\/sv\\\/product\\\/yogamatta-jade-harmony-midnightblue-xw-xl\\\/\"]}]},{\"@type\":\"ImageObject\",\"inLanguage\":\"sv-SE\",\"@id\":\"https:\\\/\\\/ouryogashop.com\\\/sv\\\/product\\\/yogamatta-jade-harmony-midnightblue-xw-xl\\\/#primaryimage\",\"url\":\"https:\\\/\\\/ouryogashop.com\\\/wp-content\\\/uploads\\\/2020\\\/01\\\/Harmony_MidnightBlue_XW.jpg\",\"contentUrl\":\"https:\\\/\\\/ouryogashop.com\\\/wp-content\\\/uploads\\\/2020\\\/01\\\/Harmony_MidnightBlue_XW.jpg\",\"width\":500,\"height\":500,\"caption\":\"Jade Harmony MidnightBlue XW XL\"},{\"@type\":\"BreadcrumbList\",\"@id\":\"https:\\\/\\\/ouryogashop.com\\\/sv\\\/product\\\/yogamatta-jade-harmony-midnightblue-xw-xl\\\/#breadcrumb\",\"itemListElement\":[{\"@type\":\"ListItem\",\"position\":1,\"name\":\"Hem\",\"item\":\"https:\\\/\\\/ouryogashop.com\\\/sv\\\/\"},{\"@type\":\"ListItem\",\"position\":2,\"name\":\"Yoga Butik\",\"item\":\"https:\\\/\\\/ouryogashop.com\\\/sv\\\/yoga-butik\\\/\"},{\"@type\":\"ListItem\",\"position\":3,\"name\":\"Yogamatta\",\"item\":\"https:\\\/\\\/ouryogashop.com\\\/sv\\\/produkt-kategori\\\/yogamatta\\\/\"},{\"@type\":\"ListItem\",\"position\":4,\"name\":\"Yogamatta Jade Harmony MidnightBlue XW XL\"}]},{\"@type\":\"WebSite\",\"@id\":\"https:\\\/\\\/ouryogashop.com\\\/sv\\\/#website\",\"url\":\"https:\\\/\\\/ouryogashop.com\\\/sv\\\/\",\"name\":\"OurYogaShop\",\"description\":\"The best yoga mats ever!\",\"publisher\":{\"@id\":\"https:\\\/\\\/ouryogashop.com\\\/sv\\\/#organization\"},\"potentialAction\":[{\"@type\":\"SearchAction\",\"target\":{\"@type\":\"EntryPoint\",\"urlTemplate\":\"https:\\\/\\\/ouryogashop.com\\\/sv\\\/?s={search_term_string}\"},\"query-input\":{\"@type\":\"PropertyValueSpecification\",\"valueRequired\":true,\"valueName\":\"search_term_string\"}}],\"inLanguage\":\"sv-SE\"},{\"@type\":\"Organization\",\"@id\":\"https:\\\/\\\/ouryogashop.com\\\/sv\\\/#organization\",\"name\":\"OurYogaShop\",\"url\":\"https:\\\/\\\/ouryogashop.com\\\/sv\\\/\",\"logo\":{\"@type\":\"ImageObject\",\"inLanguage\":\"sv-SE\",\"@id\":\"https:\\\/\\\/ouryogashop.com\\\/sv\\\/#\\\/schema\\\/logo\\\/image\\\/\",\"url\":\"https:\\\/\\\/ouryogashop.com\\\/wp-content\\\/uploads\\\/2019\\\/05\\\/OYS-Logo.png\",\"contentUrl\":\"https:\\\/\\\/ouryogashop.com\\\/wp-content\\\/uploads\\\/2019\\\/05\\\/OYS-Logo.png\",\"width\":500,\"height\":371,\"caption\":\"OurYogaShop\"},\"image\":{\"@id\":\"https:\\\/\\\/ouryogashop.com\\\/sv\\\/#\\\/schema\\\/logo\\\/image\\\/\"},\"sameAs\":[\"https:\\\/\\\/www.facebook.com\\\/ouryogashopcom\\\/\",\"https:\\\/\\\/x.com\\\/OurYogaShop\",\"https:\\\/\\\/www.instagram.com\\\/ouryogashop\\\/\"]}]}<\/script>\n<meta property=\"product:brand\" content=\"Jade\" \/>\n<meta property=\"product:price:amount\" content=\"1300.00\" \/>\n<meta property=\"product:price:currency\" content=\"SEK\" \/>\n<meta property=\"og:availability\" content=\"instock\" \/>\n<meta property=\"product:availability\" content=\"instock\" \/>\n<meta property=\"product:retailer_item_id\" content=\"JM1052\" \/>\n<meta property=\"product:condition\" content=\"new\" \/>\n<!-- \/ Yoast SEO Premium plugin. -->","yoast_head_json":{"title":"Jade Harmony MidnightBlue XW XL Yogamatta - OurYogaShop","description":"Jade Harmony MidnightBlue XW XL Yogamatta - Ekologisk yogamatta av naturligt gummi fr\u00e5n gummitr\u00e4d som ger en fin st\u00f6td\u00e4mpning. Denna yogamattan \u00e4r extra l\u00e5ng.","robots":{"index":"index","follow":"follow","max-snippet":"max-snippet:-1","max-image-preview":"max-image-preview:large","max-video-preview":"max-video-preview:-1"},"canonical":"https:\/\/ouryogashop.com\/sv\/product\/yogamatta-jade-harmony-midnightblue-xw-xl\/","og_locale":"sv_SE","og_type":"article","og_title":"Yogamatta Jade Harmony MidnightBlue XW XL","og_description":"Jade Harmony MidnightBlue XW XL Yogamatta - Ekologisk yogamatta av naturligt gummi fr\u00e5n gummitr\u00e4d som ger en fin st\u00f6td\u00e4mpning. Denna yogamattan \u00e4r extra l\u00e5ng.","og_url":"https:\/\/ouryogashop.com\/sv\/product\/yogamatta-jade-harmony-midnightblue-xw-xl\/","og_site_name":"OurYogaShop","article_publisher":"https:\/\/www.facebook.com\/ouryogashopcom\/","article_modified_time":"2025-09-28T09:33:38+00:00","og_image":[{"width":500,"height":500,"url":"https:\/\/ouryogashop.com\/wp-content\/uploads\/2020\/01\/Harmony_MidnightBlue_XW.jpg","type":"image\/jpeg"}],"twitter_card":"summary_large_image","twitter_site":"@OurYogaShop","twitter_misc":{"Pris":"1.300,00&#107;&#114;","Tillg\u00e4nglig":"I lager"},"schema":{"@context":"https:\/\/schema.org","@graph":[{"@type":"WebPage","@id":"https:\/\/ouryogashop.com\/sv\/product\/yogamatta-jade-harmony-midnightblue-xw-xl\/","url":"https:\/\/ouryogashop.com\/sv\/product\/yogamatta-jade-harmony-midnightblue-xw-xl\/","name":"Jade Harmony MidnightBlue XW XL Yogamatta - OurYogaShop","isPartOf":{"@id":"https:\/\/ouryogashop.com\/sv\/#website"},"primaryImageOfPage":{"@id":"https:\/\/ouryogashop.com\/sv\/product\/yogamatta-jade-harmony-midnightblue-xw-xl\/#primaryimage"},"image":{"@id":"https:\/\/ouryogashop.com\/sv\/product\/yogamatta-jade-harmony-midnightblue-xw-xl\/#primaryimage"},"thumbnailUrl":"https:\/\/ouryogashop.com\/wp-content\/uploads\/2020\/01\/Harmony_MidnightBlue_XW.jpg","datePublished":"2020-01-31T07:04:19+00:00","dateModified":"2025-09-28T09:33:38+00:00","description":"Jade Harmony MidnightBlue XW XL Yogamatta - Ekologisk yogamatta av naturligt gummi fr\u00e5n gummitr\u00e4d som ger en fin st\u00f6td\u00e4mpning. Denna yogamattan \u00e4r extra l\u00e5ng.","breadcrumb":{"@id":"https:\/\/ouryogashop.com\/sv\/product\/yogamatta-jade-harmony-midnightblue-xw-xl\/#breadcrumb"},"inLanguage":"sv-SE","potentialAction":[{"@type":"ReadAction","target":["https:\/\/ouryogashop.com\/sv\/product\/yogamatta-jade-harmony-midnightblue-xw-xl\/"]}]},{"@type":"ImageObject","inLanguage":"sv-SE","@id":"https:\/\/ouryogashop.com\/sv\/product\/yogamatta-jade-harmony-midnightblue-xw-xl\/#primaryimage","url":"https:\/\/ouryogashop.com\/wp-content\/uploads\/2020\/01\/Harmony_MidnightBlue_XW.jpg","contentUrl":"https:\/\/ouryogashop.com\/wp-content\/uploads\/2020\/01\/Harmony_MidnightBlue_XW.jpg","width":500,"height":500,"caption":"Jade Harmony MidnightBlue XW XL"},{"@type":"BreadcrumbList","@id":"https:\/\/ouryogashop.com\/sv\/product\/yogamatta-jade-harmony-midnightblue-xw-xl\/#breadcrumb","itemListElement":[{"@type":"ListItem","position":1,"name":"Hem","item":"https:\/\/ouryogashop.com\/sv\/"},{"@type":"ListItem","position":2,"name":"Yoga Butik","item":"https:\/\/ouryogashop.com\/sv\/yoga-butik\/"},{"@type":"ListItem","position":3,"name":"Yogamatta","item":"https:\/\/ouryogashop.com\/sv\/produkt-kategori\/yogamatta\/"},{"@type":"ListItem","position":4,"name":"Yogamatta Jade Harmony MidnightBlue XW XL"}]},{"@type":"WebSite","@id":"https:\/\/ouryogashop.com\/sv\/#website","url":"https:\/\/ouryogashop.com\/sv\/","name":"OurYogaShop","description":"The best yoga mats ever!","publisher":{"@id":"https:\/\/ouryogashop.com\/sv\/#organization"},"potentialAction":[{"@type":"SearchAction","target":{"@type":"EntryPoint","urlTemplate":"https:\/\/ouryogashop.com\/sv\/?s={search_term_string}"},"query-input":{"@type":"PropertyValueSpecification","valueRequired":true,"valueName":"search_term_string"}}],"inLanguage":"sv-SE"},{"@type":"Organization","@id":"https:\/\/ouryogashop.com\/sv\/#organization","name":"OurYogaShop","url":"https:\/\/ouryogashop.com\/sv\/","logo":{"@type":"ImageObject","inLanguage":"sv-SE","@id":"https:\/\/ouryogashop.com\/sv\/#\/schema\/logo\/image\/","url":"https:\/\/ouryogashop.com\/wp-content\/uploads\/2019\/05\/OYS-Logo.png","contentUrl":"https:\/\/ouryogashop.com\/wp-content\/uploads\/2019\/05\/OYS-Logo.png","width":500,"height":371,"caption":"OurYogaShop"},"image":{"@id":"https:\/\/ouryogashop.com\/sv\/#\/schema\/logo\/image\/"},"sameAs":["https:\/\/www.facebook.com\/ouryogashopcom\/","https:\/\/x.com\/OurYogaShop","https:\/\/www.instagram.com\/ouryogashop\/"]}]},"product_brand":"Jade","product_price_amount":"1300.00","product_price_currency":"SEK","og_availability":"instock","product_availability":"instock","product_retailer_item_id":"JM1052","product_condition":"new"},"_links":{"self":[{"href":"https:\/\/ouryogashop.com\/sv\/wp-json\/wp\/v2\/product\/103862","targetHints":{"allow":["GET"]}}],"collection":[{"href":"https:\/\/ouryogashop.com\/sv\/wp-json\/wp\/v2\/product"}],"about":[{"href":"https:\/\/ouryogashop.com\/sv\/wp-json\/wp\/v2\/types\/product"}],"replies":[{"embeddable":true,"href":"https:\/\/ouryogashop.com\/sv\/wp-json\/wp\/v2\/comments?post=103862"}],"wp:featuredmedia":[{"embeddable":true,"href":"https:\/\/ouryogashop.com\/sv\/wp-json\/wp\/v2\/media\/103789"}],"wp:attachment":[{"href":"https:\/\/ouryogashop.com\/sv\/wp-json\/wp\/v2\/media?parent=103862"}],"wp:term":[{"taxonomy":"product_brand","embeddable":true,"href":"https:\/\/ouryogashop.com\/sv\/wp-json\/wp\/v2\/product_brand?post=103862"},{"taxonomy":"product_cat","embeddable":true,"href":"https:\/\/ouryogashop.com\/sv\/wp-json\/wp\/v2\/product_cat?post=103862"},{"taxonomy":"product_tag","embeddable":true,"href":"https:\/\/ouryogashop.com\/sv\/wp-json\/wp\/v2\/product_tag?post=103862"}],"curies":[{"name":"wp","href":"https:\/\/api.w.org\/{rel}","templated":true}]}}