{"id":103964,"date":"2020-02-05T08:13:03","date_gmt":"2020-02-05T06:13:03","guid":{"rendered":"https:\/\/ouryogashop.com\/?post_type=product&#038;p=103964"},"modified":"2023-06-10T21:00:13","modified_gmt":"2023-06-10T19:00:13","slug":"yogamatta-kurma-grip-black-200x100cm","status":"publish","type":"product","link":"https:\/\/ouryogashop.com\/sv\/product\/yogamatta-kurma-grip-black-200x100cm\/","title":{"rendered":"Yogamatta Kurma Grip Black 200x100cm"},"content":{"rendered":"<p><strong>Beskrivning<\/strong><\/p>\n<p>Komfort, stabilitet och grepp i perfekt balans. F\u00e5nga essensen i din \u00f6vning p\u00e5 en s\u00e4ker halkfri matta som kombinerar maximal d\u00e4mpning med fast stabilitet.<\/p>\n<p><strong>Egenskaper<\/strong><\/p>\n<p>Tjocklek: 6.5 mm med en tolerans av +\/- 10%<br \/>\nFavorit bland v\u00e4rldens studios och l\u00e4rare<br \/>\nExtremt h\u00e5llbar<br \/>\nUtm\u00e4rkt \u201dtorrt grepp\u201d, ingen inbrytning kr\u00e4vs l\u00e4ngre.<br \/>\nUtsl\u00e4ppsfri, energieffektiv tillverkning<br \/>\nH\u00f6gklassig PVC: inga ftalater, ingen BPA<br \/>\n100% industriellt \u00e5tervinningsbar<br \/>\nSTANDARD 100 av OEKO-TEX\u00ae certifierad<br \/>\nTillverkad i Tyskland<\/p>\n<p><strong>Anv\u00e4ndning &amp; sk\u00f6tsel<\/strong><\/p>\n<p><em>Att f\u00f6rvara:<\/em><br \/>\nRulla alltid din KURMA GRIP med den pr\u00e4glade toppytan v\u00e4nd ut\u00e5t. Detta f\u00f6rhindrar curlingkanter, vilket garanterar att din matta kommer att ligga platt till marken medan du tr\u00e4nar. N\u00e4r den rullas upp st\u00e5r mattan vertikalt p\u00e5 egen hand f\u00f6r enkel f\u00f6rvaring.<\/p>\n<p><em>Reng\u00f6ring:<\/em><br \/>\nTack vare mattans slutna cellstruktur kr\u00e4vs ingen djup reng\u00f6ring. Reng\u00f6r ist\u00e4llet helt enkelt toppytan med en v\u00e5t trasa och ett milt organiskt tv\u00e4ttmedel eller reng\u00f6ringsspray om det beh\u00f6vs. Sk\u00f6lj med rent vatten, l\u00e4gg platt och torka helt. Denna mattan kan man l\u00e5ta torka i solsken.<\/p>\n<p>Att tv\u00e4tta mattan i tv\u00e4ttmaskinen rekommenderas inte, eftersom det troligen kommer att ge bucklor och veck.<\/p>\n<p>Storlek (cm) &#8211; 200 x 100 x 0,65<\/p>\n<p>Vikt &#8211; 5 kg<\/p>\n<p>&nbsp;<\/p>\n","protected":false},"excerpt":{"rendered":"<p>Yogamatta Kurma Grip &#8211; Antracit. Komfort, stabilitet och grepp i perfekt balans. F\u00e5nga essensen i din \u00f6vning p\u00e5 en s\u00e4ker halkfri matta som kombinerar maximal d\u00e4mpning med fast stabilitet.<br \/>\nNY yta med b\u00e4ttre grepp!<\/p>\n<p>Storlek (cm) &#8211; 200 x 100 x 0,65<br \/>\nVikt &#8211; 5 kg<\/p>\n","protected":false},"featured_media":101759,"comment_status":"open","ping_status":"closed","template":"","meta":[],"product_brand":[],"product_cat":[2180,3615],"product_tag":[2434,2441,983,2442,1396],"class_list":{"0":"post-103964","1":"product","2":"type-product","3":"status-publish","4":"has-post-thumbnail","6":"product_cat-kurma-sv","7":"product_cat-yogamattor-kurma","8":"product_tag-planet-sadhana-sv","9":"product_tag-kurma-black-grip-sv","10":"product_tag-lang-yogamatta","11":"product_tag-antracit","12":"product_tag-bred-yogamatta","13":"product_shipping_class-flera-produkter-sv","14":"pa_length-group-200cm-sv","15":"pa_material-pvc-sv","16":"pa_material-oeko-tex-certifierad","17":"pa_product-type-lang-yogamatta","18":"pa_product-type-wide-yoga-mat-sv","19":"pa_product-type-eco-yoga-mat-sv","20":"pa_product-type-tjock-yogamatta","21":"pa_product-type-oeko-tex-certifierad","22":"pa_thick-group-65mm-sv","23":"pa_weight-group-4-5-kg-sv","24":"pa_width-group-100cm-sv","26":"first","27":"outofstock","28":"taxable","29":"shipping-taxable","30":"purchasable","31":"product-type-simple"},"yoast_head":"<!-- This site is optimized with the Yoast SEO Premium plugin v27.3 (Yoast SEO v27.4) - https:\/\/yoast.com\/product\/yoast-seo-premium-wordpress\/ -->\n<title>Yogamatta Kurma Grip Black 200x100cm - OurYogaShop<\/title>\n<meta name=\"description\" content=\"Kurma Grip Black 200x100cm \u00e4r en av de st\u00f6rsta yogamattorna p\u00e5 marknaden. Det \u00e4r en yogamatta som varar hela livet. Det \u00e4r den gamla Planet Sadhana. Blir bara b\u00e4ttre med tiden.\" \/>\n<meta name=\"robots\" content=\"index, follow, max-snippet:-1, max-image-preview:large, max-video-preview:-1\" \/>\n<link rel=\"canonical\" href=\"https:\/\/ouryogashop.com\/sv\/product\/yogamatta-kurma-grip-black-200x100cm\/\" \/>\n<meta property=\"og:locale\" content=\"sv_SE\" \/>\n<meta property=\"og:type\" content=\"article\" \/>\n<meta property=\"og:title\" content=\"Yogamatta Kurma Grip Black 200x100cm\" \/>\n<meta property=\"og:description\" content=\"Kurma Grip Black 200x100cm \u00e4r en av de st\u00f6rsta yogamattorna p\u00e5 marknaden. Det \u00e4r en yogamatta som varar hela livet. Det \u00e4r den gamla Planet Sadhana. Blir bara b\u00e4ttre med tiden.\" \/>\n<meta property=\"og:url\" content=\"https:\/\/ouryogashop.com\/sv\/product\/yogamatta-kurma-grip-black-200x100cm\/\" \/>\n<meta property=\"og:site_name\" content=\"OurYogaShop\" \/>\n<meta property=\"article:publisher\" content=\"https:\/\/www.facebook.com\/ouryogashopcom\/\" \/>\n<meta property=\"article:modified_time\" content=\"2023-06-10T19:00:13+00:00\" \/>\n<meta property=\"og:image\" content=\"https:\/\/ouryogashop.com\/wp-content\/uploads\/2019\/11\/kurma_yoga_mat_grip-black_anthracite_rolled-600x600.jpg\" \/>\n\t<meta property=\"og:image:width\" content=\"600\" \/>\n\t<meta property=\"og:image:height\" content=\"600\" \/>\n\t<meta property=\"og:image:type\" content=\"image\/jpeg\" \/>\n<meta name=\"twitter:card\" content=\"summary_large_image\" \/>\n<meta name=\"twitter:site\" content=\"@OurYogaShop\" \/>\n<meta name=\"twitter:label1\" content=\"Pris\" \/>\n\t<meta name=\"twitter:data1\" content=\"1.149,00&#107;&#114;\" \/>\n\t<meta name=\"twitter:label2\" content=\"Tillg\u00e4nglig\" \/>\n\t<meta name=\"twitter:data2\" content=\"Slut i lager\" \/>\n<script type=\"application\/ld+json\" class=\"yoast-schema-graph\">{\"@context\":\"https:\\\/\\\/schema.org\",\"@graph\":[{\"@type\":\"WebPage\",\"@id\":\"https:\\\/\\\/ouryogashop.com\\\/sv\\\/product\\\/yogamatta-kurma-grip-black-200x100cm\\\/\",\"url\":\"https:\\\/\\\/ouryogashop.com\\\/sv\\\/product\\\/yogamatta-kurma-grip-black-200x100cm\\\/\",\"name\":\"Yogamatta Kurma Grip Black 200x100cm - OurYogaShop\",\"isPartOf\":{\"@id\":\"https:\\\/\\\/ouryogashop.com\\\/sv\\\/#website\"},\"primaryImageOfPage\":{\"@id\":\"https:\\\/\\\/ouryogashop.com\\\/sv\\\/product\\\/yogamatta-kurma-grip-black-200x100cm\\\/#primaryimage\"},\"image\":{\"@id\":\"https:\\\/\\\/ouryogashop.com\\\/sv\\\/product\\\/yogamatta-kurma-grip-black-200x100cm\\\/#primaryimage\"},\"thumbnailUrl\":\"https:\\\/\\\/ouryogashop.com\\\/wp-content\\\/uploads\\\/2019\\\/11\\\/kurma_yoga_mat_grip-black_anthracite_rolled-600x600.jpg\",\"datePublished\":\"2020-02-05T06:13:03+00:00\",\"dateModified\":\"2023-06-10T19:00:13+00:00\",\"description\":\"Kurma Grip Black 200x100cm \u00e4r en av de st\u00f6rsta yogamattorna p\u00e5 marknaden. Det \u00e4r en yogamatta som varar hela livet. Det \u00e4r den gamla Planet Sadhana. Blir bara b\u00e4ttre med tiden.\",\"breadcrumb\":{\"@id\":\"https:\\\/\\\/ouryogashop.com\\\/sv\\\/product\\\/yogamatta-kurma-grip-black-200x100cm\\\/#breadcrumb\"},\"inLanguage\":\"sv-SE\",\"potentialAction\":[{\"@type\":\"ReadAction\",\"target\":[\"https:\\\/\\\/ouryogashop.com\\\/sv\\\/product\\\/yogamatta-kurma-grip-black-200x100cm\\\/\"]}]},{\"@type\":\"ImageObject\",\"inLanguage\":\"sv-SE\",\"@id\":\"https:\\\/\\\/ouryogashop.com\\\/sv\\\/product\\\/yogamatta-kurma-grip-black-200x100cm\\\/#primaryimage\",\"url\":\"https:\\\/\\\/ouryogashop.com\\\/wp-content\\\/uploads\\\/2019\\\/11\\\/kurma_yoga_mat_grip-black_anthracite_rolled-600x600.jpg\",\"contentUrl\":\"https:\\\/\\\/ouryogashop.com\\\/wp-content\\\/uploads\\\/2019\\\/11\\\/kurma_yoga_mat_grip-black_anthracite_rolled-600x600.jpg\",\"width\":600,\"height\":600,\"caption\":\"Yogamatta Kurma Black Grip\"},{\"@type\":\"BreadcrumbList\",\"@id\":\"https:\\\/\\\/ouryogashop.com\\\/sv\\\/product\\\/yogamatta-kurma-grip-black-200x100cm\\\/#breadcrumb\",\"itemListElement\":[{\"@type\":\"ListItem\",\"position\":1,\"name\":\"Hem\",\"item\":\"https:\\\/\\\/ouryogashop.com\\\/sv\\\/\"},{\"@type\":\"ListItem\",\"position\":2,\"name\":\"Yoga Butik\",\"item\":\"https:\\\/\\\/ouryogashop.com\\\/sv\\\/yoga-butik\\\/\"},{\"@type\":\"ListItem\",\"position\":3,\"name\":\"Kurma\",\"item\":\"https:\\\/\\\/ouryogashop.com\\\/sv\\\/produkt-kategori\\\/kurma-sv\\\/\"},{\"@type\":\"ListItem\",\"position\":4,\"name\":\"Yogamatta Kurma Grip Black 200x100cm\"}]},{\"@type\":\"WebSite\",\"@id\":\"https:\\\/\\\/ouryogashop.com\\\/sv\\\/#website\",\"url\":\"https:\\\/\\\/ouryogashop.com\\\/sv\\\/\",\"name\":\"OurYogaShop\",\"description\":\"The best yoga mats ever!\",\"publisher\":{\"@id\":\"https:\\\/\\\/ouryogashop.com\\\/sv\\\/#organization\"},\"potentialAction\":[{\"@type\":\"SearchAction\",\"target\":{\"@type\":\"EntryPoint\",\"urlTemplate\":\"https:\\\/\\\/ouryogashop.com\\\/sv\\\/?s={search_term_string}\"},\"query-input\":{\"@type\":\"PropertyValueSpecification\",\"valueRequired\":true,\"valueName\":\"search_term_string\"}}],\"inLanguage\":\"sv-SE\"},{\"@type\":\"Organization\",\"@id\":\"https:\\\/\\\/ouryogashop.com\\\/sv\\\/#organization\",\"name\":\"OurYogaShop\",\"url\":\"https:\\\/\\\/ouryogashop.com\\\/sv\\\/\",\"logo\":{\"@type\":\"ImageObject\",\"inLanguage\":\"sv-SE\",\"@id\":\"https:\\\/\\\/ouryogashop.com\\\/sv\\\/#\\\/schema\\\/logo\\\/image\\\/\",\"url\":\"https:\\\/\\\/ouryogashop.com\\\/wp-content\\\/uploads\\\/2019\\\/05\\\/OYS-Logo.png\",\"contentUrl\":\"https:\\\/\\\/ouryogashop.com\\\/wp-content\\\/uploads\\\/2019\\\/05\\\/OYS-Logo.png\",\"width\":500,\"height\":371,\"caption\":\"OurYogaShop\"},\"image\":{\"@id\":\"https:\\\/\\\/ouryogashop.com\\\/sv\\\/#\\\/schema\\\/logo\\\/image\\\/\"},\"sameAs\":[\"https:\\\/\\\/www.facebook.com\\\/ouryogashopcom\\\/\",\"https:\\\/\\\/x.com\\\/OurYogaShop\",\"https:\\\/\\\/www.instagram.com\\\/ouryogashop\\\/\"]}]}<\/script>\n<meta property=\"product:brand\" content=\"Kurma\" \/>\n<meta property=\"product:price:amount\" content=\"1149.00\" \/>\n<meta property=\"product:price:currency\" content=\"SEK\" \/>\n<meta property=\"og:availability\" content=\"out of stock\" \/>\n<meta property=\"product:availability\" content=\"out of stock\" \/>\n<meta property=\"product:retailer_item_id\" content=\"YM10454\" \/>\n<meta property=\"product:condition\" content=\"new\" \/>\n<!-- \/ Yoast SEO Premium plugin. -->","yoast_head_json":{"title":"Yogamatta Kurma Grip Black 200x100cm - OurYogaShop","description":"Kurma Grip Black 200x100cm \u00e4r en av de st\u00f6rsta yogamattorna p\u00e5 marknaden. Det \u00e4r en yogamatta som varar hela livet. Det \u00e4r den gamla Planet Sadhana. Blir bara b\u00e4ttre med tiden.","robots":{"index":"index","follow":"follow","max-snippet":"max-snippet:-1","max-image-preview":"max-image-preview:large","max-video-preview":"max-video-preview:-1"},"canonical":"https:\/\/ouryogashop.com\/sv\/product\/yogamatta-kurma-grip-black-200x100cm\/","og_locale":"sv_SE","og_type":"article","og_title":"Yogamatta Kurma Grip Black 200x100cm","og_description":"Kurma Grip Black 200x100cm \u00e4r en av de st\u00f6rsta yogamattorna p\u00e5 marknaden. Det \u00e4r en yogamatta som varar hela livet. Det \u00e4r den gamla Planet Sadhana. Blir bara b\u00e4ttre med tiden.","og_url":"https:\/\/ouryogashop.com\/sv\/product\/yogamatta-kurma-grip-black-200x100cm\/","og_site_name":"OurYogaShop","article_publisher":"https:\/\/www.facebook.com\/ouryogashopcom\/","article_modified_time":"2023-06-10T19:00:13+00:00","og_image":[{"width":600,"height":600,"url":"https:\/\/ouryogashop.com\/wp-content\/uploads\/2019\/11\/kurma_yoga_mat_grip-black_anthracite_rolled-600x600.jpg","type":"image\/jpeg"}],"twitter_card":"summary_large_image","twitter_site":"@OurYogaShop","twitter_misc":{"Pris":"1.149,00&#107;&#114;","Tillg\u00e4nglig":"Slut i lager"},"schema":{"@context":"https:\/\/schema.org","@graph":[{"@type":"WebPage","@id":"https:\/\/ouryogashop.com\/sv\/product\/yogamatta-kurma-grip-black-200x100cm\/","url":"https:\/\/ouryogashop.com\/sv\/product\/yogamatta-kurma-grip-black-200x100cm\/","name":"Yogamatta Kurma Grip Black 200x100cm - OurYogaShop","isPartOf":{"@id":"https:\/\/ouryogashop.com\/sv\/#website"},"primaryImageOfPage":{"@id":"https:\/\/ouryogashop.com\/sv\/product\/yogamatta-kurma-grip-black-200x100cm\/#primaryimage"},"image":{"@id":"https:\/\/ouryogashop.com\/sv\/product\/yogamatta-kurma-grip-black-200x100cm\/#primaryimage"},"thumbnailUrl":"https:\/\/ouryogashop.com\/wp-content\/uploads\/2019\/11\/kurma_yoga_mat_grip-black_anthracite_rolled-600x600.jpg","datePublished":"2020-02-05T06:13:03+00:00","dateModified":"2023-06-10T19:00:13+00:00","description":"Kurma Grip Black 200x100cm \u00e4r en av de st\u00f6rsta yogamattorna p\u00e5 marknaden. Det \u00e4r en yogamatta som varar hela livet. Det \u00e4r den gamla Planet Sadhana. Blir bara b\u00e4ttre med tiden.","breadcrumb":{"@id":"https:\/\/ouryogashop.com\/sv\/product\/yogamatta-kurma-grip-black-200x100cm\/#breadcrumb"},"inLanguage":"sv-SE","potentialAction":[{"@type":"ReadAction","target":["https:\/\/ouryogashop.com\/sv\/product\/yogamatta-kurma-grip-black-200x100cm\/"]}]},{"@type":"ImageObject","inLanguage":"sv-SE","@id":"https:\/\/ouryogashop.com\/sv\/product\/yogamatta-kurma-grip-black-200x100cm\/#primaryimage","url":"https:\/\/ouryogashop.com\/wp-content\/uploads\/2019\/11\/kurma_yoga_mat_grip-black_anthracite_rolled-600x600.jpg","contentUrl":"https:\/\/ouryogashop.com\/wp-content\/uploads\/2019\/11\/kurma_yoga_mat_grip-black_anthracite_rolled-600x600.jpg","width":600,"height":600,"caption":"Yogamatta Kurma Black Grip"},{"@type":"BreadcrumbList","@id":"https:\/\/ouryogashop.com\/sv\/product\/yogamatta-kurma-grip-black-200x100cm\/#breadcrumb","itemListElement":[{"@type":"ListItem","position":1,"name":"Hem","item":"https:\/\/ouryogashop.com\/sv\/"},{"@type":"ListItem","position":2,"name":"Yoga Butik","item":"https:\/\/ouryogashop.com\/sv\/yoga-butik\/"},{"@type":"ListItem","position":3,"name":"Kurma","item":"https:\/\/ouryogashop.com\/sv\/produkt-kategori\/kurma-sv\/"},{"@type":"ListItem","position":4,"name":"Yogamatta Kurma Grip Black 200x100cm"}]},{"@type":"WebSite","@id":"https:\/\/ouryogashop.com\/sv\/#website","url":"https:\/\/ouryogashop.com\/sv\/","name":"OurYogaShop","description":"The best yoga mats ever!","publisher":{"@id":"https:\/\/ouryogashop.com\/sv\/#organization"},"potentialAction":[{"@type":"SearchAction","target":{"@type":"EntryPoint","urlTemplate":"https:\/\/ouryogashop.com\/sv\/?s={search_term_string}"},"query-input":{"@type":"PropertyValueSpecification","valueRequired":true,"valueName":"search_term_string"}}],"inLanguage":"sv-SE"},{"@type":"Organization","@id":"https:\/\/ouryogashop.com\/sv\/#organization","name":"OurYogaShop","url":"https:\/\/ouryogashop.com\/sv\/","logo":{"@type":"ImageObject","inLanguage":"sv-SE","@id":"https:\/\/ouryogashop.com\/sv\/#\/schema\/logo\/image\/","url":"https:\/\/ouryogashop.com\/wp-content\/uploads\/2019\/05\/OYS-Logo.png","contentUrl":"https:\/\/ouryogashop.com\/wp-content\/uploads\/2019\/05\/OYS-Logo.png","width":500,"height":371,"caption":"OurYogaShop"},"image":{"@id":"https:\/\/ouryogashop.com\/sv\/#\/schema\/logo\/image\/"},"sameAs":["https:\/\/www.facebook.com\/ouryogashopcom\/","https:\/\/x.com\/OurYogaShop","https:\/\/www.instagram.com\/ouryogashop\/"]}]},"product_brand":"Kurma","product_price_amount":"1149.00","product_price_currency":"SEK","og_availability":"out of stock","product_availability":"out of stock","product_retailer_item_id":"YM10454","product_condition":"new"},"_links":{"self":[{"href":"https:\/\/ouryogashop.com\/sv\/wp-json\/wp\/v2\/product\/103964","targetHints":{"allow":["GET"]}}],"collection":[{"href":"https:\/\/ouryogashop.com\/sv\/wp-json\/wp\/v2\/product"}],"about":[{"href":"https:\/\/ouryogashop.com\/sv\/wp-json\/wp\/v2\/types\/product"}],"replies":[{"embeddable":true,"href":"https:\/\/ouryogashop.com\/sv\/wp-json\/wp\/v2\/comments?post=103964"}],"wp:featuredmedia":[{"embeddable":true,"href":"https:\/\/ouryogashop.com\/sv\/wp-json\/wp\/v2\/media\/101759"}],"wp:attachment":[{"href":"https:\/\/ouryogashop.com\/sv\/wp-json\/wp\/v2\/media?parent=103964"}],"wp:term":[{"taxonomy":"product_brand","embeddable":true,"href":"https:\/\/ouryogashop.com\/sv\/wp-json\/wp\/v2\/product_brand?post=103964"},{"taxonomy":"product_cat","embeddable":true,"href":"https:\/\/ouryogashop.com\/sv\/wp-json\/wp\/v2\/product_cat?post=103964"},{"taxonomy":"product_tag","embeddable":true,"href":"https:\/\/ouryogashop.com\/sv\/wp-json\/wp\/v2\/product_tag?post=103964"}],"curies":[{"name":"wp","href":"https:\/\/api.w.org\/{rel}","templated":true}]}}