{"id":104354,"date":"2020-02-18T07:07:44","date_gmt":"2020-02-18T05:07:44","guid":{"rendered":"https:\/\/ouryogashop.com\/?post_type=product&#038;p=104354"},"modified":"2023-10-05T14:37:41","modified_gmt":"2023-10-05T12:37:41","slug":"yoga-strap-align-thunder-8ft-manduka","status":"publish","type":"product","link":"https:\/\/ouryogashop.com\/sv\/product\/yoga-strap-align-thunder-8ft-manduka\/","title":{"rendered":"Yoga Strap Align Thunder 8ft Manduka"},"content":{"rendered":"<h2>Yoga Strap Align 8ft Manduka<\/h2>\n<p>Mandukas egenutvecklade starka sp\u00e4nne i l\u00e4tt zinklegering och v\u00e4lutvecklad design ger ett s\u00e4kert sp\u00e4nne som hindrar att det glider.<br \/>\nBaserad p\u00e5 den ursprungliga designen fr\u00e5n BKS Iyengar. Ger ett s\u00e4kert, glidfritt st\u00f6d \u00e4ven f\u00f6r de mest utmanande positionerna. Tillverkad av starkt, h\u00e5llbart, oblekt bomullsband med f\u00e4rger som inte \u00e4r AZO. L\u00e4tt, milj\u00f6v\u00e4nligt och h\u00e5llbart.<\/p>\n<p>&nbsp;<\/p>\n","protected":false},"excerpt":{"rendered":"<p>Yoga Strap Align Thunder 8ft Manduka &#8211; Yogaremmen Align tillverkad fr\u00e5n traditionell remdesign inspirerad av legendariska BKS Iyengar. Tillverkad av oblekt naturligt bomullsband och ett s\u00e4kert innovativt l\u00e5ssp\u00e4nne. Ger \u00f6kat st\u00f6d och support f\u00f6r din yogapraktik.<\/p>\n<p>Storlek: 8ft<\/p>\n","protected":false},"featured_media":104400,"comment_status":"open","ping_status":"closed","template":"","meta":[],"product_brand":[],"product_cat":[2702,1543,355],"product_tag":[2706,1408,2507],"class_list":{"0":"post-104354","1":"product","2":"type-product","3":"status-publish","4":"has-post-thumbnail","6":"product_cat-yoga-strap-sv","7":"product_cat-yoga-tillbehor-sv","8":"product_cat-manduka-sv","9":"product_tag-align-sv","10":"product_tag-thunder-sv","11":"product_tag-ekologisk-sv","12":"product_shipping_class-flera-produkter-sv","13":"pa_length-group-243cm-sv","14":"pa_material-bomull","15":"pa_product-type-yoga-strap-align-sv","16":"pa_thick-group-02cm-sv","17":"pa_weight-group-0-1-kg-sv","18":"pa_width-group-45cm-sv","20":"first","21":"instock","22":"taxable","23":"shipping-taxable","24":"purchasable","25":"product-type-simple"},"yoast_head":"<!-- This site is optimized with the Yoast SEO Premium plugin v27.3 (Yoast SEO v27.4) - https:\/\/yoast.com\/product\/yoast-seo-premium-wordpress\/ -->\n<title>Yoga Strap Align Thunder 8ft Manduka- OurYogaShop<\/title>\n<meta name=\"description\" content=\"Yoga Strap Align Thunder 8ft Manduka - Tillverkad av oblekt naturligt bomullsband och ett s\u00e4kert innovativt l\u00e5ssp\u00e4nne.\" \/>\n<meta name=\"robots\" content=\"index, follow, max-snippet:-1, max-image-preview:large, max-video-preview:-1\" \/>\n<link rel=\"canonical\" href=\"https:\/\/ouryogashop.com\/sv\/product\/yoga-strap-align-thunder-8ft-manduka\/\" \/>\n<meta property=\"og:locale\" content=\"sv_SE\" \/>\n<meta property=\"og:type\" content=\"article\" \/>\n<meta property=\"og:title\" content=\"Yoga Strap Align Thunder 8ft Manduka\" \/>\n<meta property=\"og:description\" content=\"Yoga Strap Align Thunder 8ft Manduka - Tillverkad av oblekt naturligt bomullsband och ett s\u00e4kert innovativt l\u00e5ssp\u00e4nne.\" \/>\n<meta property=\"og:url\" content=\"https:\/\/ouryogashop.com\/sv\/product\/yoga-strap-align-thunder-8ft-manduka\/\" \/>\n<meta property=\"og:site_name\" content=\"OurYogaShop\" \/>\n<meta property=\"article:publisher\" content=\"https:\/\/www.facebook.com\/ouryogashopcom\/\" \/>\n<meta property=\"article:modified_time\" content=\"2023-10-05T12:37:41+00:00\" \/>\n<meta property=\"og:image\" content=\"https:\/\/ouryogashop.com\/wp-content\/uploads\/2020\/02\/413015-align-10-thunder-0001.jpg\" \/>\n\t<meta property=\"og:image:width\" content=\"870\" \/>\n\t<meta property=\"og:image:height\" content=\"1013\" \/>\n\t<meta property=\"og:image:type\" content=\"image\/jpeg\" \/>\n<meta name=\"twitter:card\" content=\"summary_large_image\" \/>\n<meta name=\"twitter:site\" content=\"@OurYogaShop\" \/>\n<meta name=\"twitter:label1\" content=\"Pris\" \/>\n\t<meta name=\"twitter:data1\" content=\"220,00&#107;&#114;\" \/>\n\t<meta name=\"twitter:label2\" content=\"Tillg\u00e4nglig\" \/>\n\t<meta name=\"twitter:data2\" content=\"I lager\" \/>\n<script type=\"application\/ld+json\" class=\"yoast-schema-graph\">{\"@context\":\"https:\\\/\\\/schema.org\",\"@graph\":[{\"@type\":\"WebPage\",\"@id\":\"https:\\\/\\\/ouryogashop.com\\\/sv\\\/product\\\/yoga-strap-align-thunder-8ft-manduka\\\/\",\"url\":\"https:\\\/\\\/ouryogashop.com\\\/sv\\\/product\\\/yoga-strap-align-thunder-8ft-manduka\\\/\",\"name\":\"Yoga Strap Align Thunder 8ft Manduka- OurYogaShop\",\"isPartOf\":{\"@id\":\"https:\\\/\\\/ouryogashop.com\\\/sv\\\/#website\"},\"primaryImageOfPage\":{\"@id\":\"https:\\\/\\\/ouryogashop.com\\\/sv\\\/product\\\/yoga-strap-align-thunder-8ft-manduka\\\/#primaryimage\"},\"image\":{\"@id\":\"https:\\\/\\\/ouryogashop.com\\\/sv\\\/product\\\/yoga-strap-align-thunder-8ft-manduka\\\/#primaryimage\"},\"thumbnailUrl\":\"https:\\\/\\\/ouryogashop.com\\\/wp-content\\\/uploads\\\/2020\\\/02\\\/413015-align-10-thunder-0001.jpg\",\"datePublished\":\"2020-02-18T05:07:44+00:00\",\"dateModified\":\"2023-10-05T12:37:41+00:00\",\"description\":\"Yoga Strap Align Thunder 8ft Manduka - Tillverkad av oblekt naturligt bomullsband och ett s\u00e4kert innovativt l\u00e5ssp\u00e4nne.\",\"breadcrumb\":{\"@id\":\"https:\\\/\\\/ouryogashop.com\\\/sv\\\/product\\\/yoga-strap-align-thunder-8ft-manduka\\\/#breadcrumb\"},\"inLanguage\":\"sv-SE\",\"potentialAction\":[{\"@type\":\"ReadAction\",\"target\":[\"https:\\\/\\\/ouryogashop.com\\\/sv\\\/product\\\/yoga-strap-align-thunder-8ft-manduka\\\/\"]}]},{\"@type\":\"ImageObject\",\"inLanguage\":\"sv-SE\",\"@id\":\"https:\\\/\\\/ouryogashop.com\\\/sv\\\/product\\\/yoga-strap-align-thunder-8ft-manduka\\\/#primaryimage\",\"url\":\"https:\\\/\\\/ouryogashop.com\\\/wp-content\\\/uploads\\\/2020\\\/02\\\/413015-align-10-thunder-0001.jpg\",\"contentUrl\":\"https:\\\/\\\/ouryogashop.com\\\/wp-content\\\/uploads\\\/2020\\\/02\\\/413015-align-10-thunder-0001.jpg\",\"width\":870,\"height\":1013,\"caption\":\"Yoga Strap Align Midnight 8ft Manduka\"},{\"@type\":\"BreadcrumbList\",\"@id\":\"https:\\\/\\\/ouryogashop.com\\\/sv\\\/product\\\/yoga-strap-align-thunder-8ft-manduka\\\/#breadcrumb\",\"itemListElement\":[{\"@type\":\"ListItem\",\"position\":1,\"name\":\"Hem\",\"item\":\"https:\\\/\\\/ouryogashop.com\\\/sv\\\/\"},{\"@type\":\"ListItem\",\"position\":2,\"name\":\"Yoga Butik\",\"item\":\"https:\\\/\\\/ouryogashop.com\\\/sv\\\/yoga-butik\\\/\"},{\"@type\":\"ListItem\",\"position\":3,\"name\":\"Yoga Tillbeh\u00f6r\",\"item\":\"https:\\\/\\\/ouryogashop.com\\\/sv\\\/produkt-kategori\\\/yoga-tillbehor-sv\\\/\"},{\"@type\":\"ListItem\",\"position\":4,\"name\":\"Yoga Strap\",\"item\":\"https:\\\/\\\/ouryogashop.com\\\/sv\\\/produkt-kategori\\\/yoga-tillbehor-sv\\\/yoga-strap-sv\\\/\"},{\"@type\":\"ListItem\",\"position\":5,\"name\":\"Yoga Strap Align Thunder 8ft Manduka\"}]},{\"@type\":\"WebSite\",\"@id\":\"https:\\\/\\\/ouryogashop.com\\\/sv\\\/#website\",\"url\":\"https:\\\/\\\/ouryogashop.com\\\/sv\\\/\",\"name\":\"OurYogaShop\",\"description\":\"The best yoga mats ever!\",\"publisher\":{\"@id\":\"https:\\\/\\\/ouryogashop.com\\\/sv\\\/#organization\"},\"potentialAction\":[{\"@type\":\"SearchAction\",\"target\":{\"@type\":\"EntryPoint\",\"urlTemplate\":\"https:\\\/\\\/ouryogashop.com\\\/sv\\\/?s={search_term_string}\"},\"query-input\":{\"@type\":\"PropertyValueSpecification\",\"valueRequired\":true,\"valueName\":\"search_term_string\"}}],\"inLanguage\":\"sv-SE\"},{\"@type\":\"Organization\",\"@id\":\"https:\\\/\\\/ouryogashop.com\\\/sv\\\/#organization\",\"name\":\"OurYogaShop\",\"url\":\"https:\\\/\\\/ouryogashop.com\\\/sv\\\/\",\"logo\":{\"@type\":\"ImageObject\",\"inLanguage\":\"sv-SE\",\"@id\":\"https:\\\/\\\/ouryogashop.com\\\/sv\\\/#\\\/schema\\\/logo\\\/image\\\/\",\"url\":\"https:\\\/\\\/ouryogashop.com\\\/wp-content\\\/uploads\\\/2019\\\/05\\\/OYS-Logo.png\",\"contentUrl\":\"https:\\\/\\\/ouryogashop.com\\\/wp-content\\\/uploads\\\/2019\\\/05\\\/OYS-Logo.png\",\"width\":500,\"height\":371,\"caption\":\"OurYogaShop\"},\"image\":{\"@id\":\"https:\\\/\\\/ouryogashop.com\\\/sv\\\/#\\\/schema\\\/logo\\\/image\\\/\"},\"sameAs\":[\"https:\\\/\\\/www.facebook.com\\\/ouryogashopcom\\\/\",\"https:\\\/\\\/x.com\\\/OurYogaShop\",\"https:\\\/\\\/www.instagram.com\\\/ouryogashop\\\/\"]}]}<\/script>\n<meta property=\"product:brand\" content=\"Manduka\" \/>\n<meta property=\"product:price:amount\" content=\"220.00\" \/>\n<meta property=\"product:price:currency\" content=\"SEK\" \/>\n<meta property=\"og:availability\" content=\"instock\" \/>\n<meta property=\"product:availability\" content=\"instock\" \/>\n<meta property=\"product:retailer_item_id\" content=\"MD36530\" \/>\n<meta property=\"product:condition\" content=\"new\" \/>\n<!-- \/ Yoast SEO Premium plugin. -->","yoast_head_json":{"title":"Yoga Strap Align Thunder 8ft Manduka- OurYogaShop","description":"Yoga Strap Align Thunder 8ft Manduka - Tillverkad av oblekt naturligt bomullsband och ett s\u00e4kert innovativt l\u00e5ssp\u00e4nne.","robots":{"index":"index","follow":"follow","max-snippet":"max-snippet:-1","max-image-preview":"max-image-preview:large","max-video-preview":"max-video-preview:-1"},"canonical":"https:\/\/ouryogashop.com\/sv\/product\/yoga-strap-align-thunder-8ft-manduka\/","og_locale":"sv_SE","og_type":"article","og_title":"Yoga Strap Align Thunder 8ft Manduka","og_description":"Yoga Strap Align Thunder 8ft Manduka - Tillverkad av oblekt naturligt bomullsband och ett s\u00e4kert innovativt l\u00e5ssp\u00e4nne.","og_url":"https:\/\/ouryogashop.com\/sv\/product\/yoga-strap-align-thunder-8ft-manduka\/","og_site_name":"OurYogaShop","article_publisher":"https:\/\/www.facebook.com\/ouryogashopcom\/","article_modified_time":"2023-10-05T12:37:41+00:00","og_image":[{"width":870,"height":1013,"url":"https:\/\/ouryogashop.com\/wp-content\/uploads\/2020\/02\/413015-align-10-thunder-0001.jpg","type":"image\/jpeg"}],"twitter_card":"summary_large_image","twitter_site":"@OurYogaShop","twitter_misc":{"Pris":"220,00&#107;&#114;","Tillg\u00e4nglig":"I lager"},"schema":{"@context":"https:\/\/schema.org","@graph":[{"@type":"WebPage","@id":"https:\/\/ouryogashop.com\/sv\/product\/yoga-strap-align-thunder-8ft-manduka\/","url":"https:\/\/ouryogashop.com\/sv\/product\/yoga-strap-align-thunder-8ft-manduka\/","name":"Yoga Strap Align Thunder 8ft Manduka- OurYogaShop","isPartOf":{"@id":"https:\/\/ouryogashop.com\/sv\/#website"},"primaryImageOfPage":{"@id":"https:\/\/ouryogashop.com\/sv\/product\/yoga-strap-align-thunder-8ft-manduka\/#primaryimage"},"image":{"@id":"https:\/\/ouryogashop.com\/sv\/product\/yoga-strap-align-thunder-8ft-manduka\/#primaryimage"},"thumbnailUrl":"https:\/\/ouryogashop.com\/wp-content\/uploads\/2020\/02\/413015-align-10-thunder-0001.jpg","datePublished":"2020-02-18T05:07:44+00:00","dateModified":"2023-10-05T12:37:41+00:00","description":"Yoga Strap Align Thunder 8ft Manduka - Tillverkad av oblekt naturligt bomullsband och ett s\u00e4kert innovativt l\u00e5ssp\u00e4nne.","breadcrumb":{"@id":"https:\/\/ouryogashop.com\/sv\/product\/yoga-strap-align-thunder-8ft-manduka\/#breadcrumb"},"inLanguage":"sv-SE","potentialAction":[{"@type":"ReadAction","target":["https:\/\/ouryogashop.com\/sv\/product\/yoga-strap-align-thunder-8ft-manduka\/"]}]},{"@type":"ImageObject","inLanguage":"sv-SE","@id":"https:\/\/ouryogashop.com\/sv\/product\/yoga-strap-align-thunder-8ft-manduka\/#primaryimage","url":"https:\/\/ouryogashop.com\/wp-content\/uploads\/2020\/02\/413015-align-10-thunder-0001.jpg","contentUrl":"https:\/\/ouryogashop.com\/wp-content\/uploads\/2020\/02\/413015-align-10-thunder-0001.jpg","width":870,"height":1013,"caption":"Yoga Strap Align Midnight 8ft Manduka"},{"@type":"BreadcrumbList","@id":"https:\/\/ouryogashop.com\/sv\/product\/yoga-strap-align-thunder-8ft-manduka\/#breadcrumb","itemListElement":[{"@type":"ListItem","position":1,"name":"Hem","item":"https:\/\/ouryogashop.com\/sv\/"},{"@type":"ListItem","position":2,"name":"Yoga Butik","item":"https:\/\/ouryogashop.com\/sv\/yoga-butik\/"},{"@type":"ListItem","position":3,"name":"Yoga Tillbeh\u00f6r","item":"https:\/\/ouryogashop.com\/sv\/produkt-kategori\/yoga-tillbehor-sv\/"},{"@type":"ListItem","position":4,"name":"Yoga Strap","item":"https:\/\/ouryogashop.com\/sv\/produkt-kategori\/yoga-tillbehor-sv\/yoga-strap-sv\/"},{"@type":"ListItem","position":5,"name":"Yoga Strap Align Thunder 8ft Manduka"}]},{"@type":"WebSite","@id":"https:\/\/ouryogashop.com\/sv\/#website","url":"https:\/\/ouryogashop.com\/sv\/","name":"OurYogaShop","description":"The best yoga mats ever!","publisher":{"@id":"https:\/\/ouryogashop.com\/sv\/#organization"},"potentialAction":[{"@type":"SearchAction","target":{"@type":"EntryPoint","urlTemplate":"https:\/\/ouryogashop.com\/sv\/?s={search_term_string}"},"query-input":{"@type":"PropertyValueSpecification","valueRequired":true,"valueName":"search_term_string"}}],"inLanguage":"sv-SE"},{"@type":"Organization","@id":"https:\/\/ouryogashop.com\/sv\/#organization","name":"OurYogaShop","url":"https:\/\/ouryogashop.com\/sv\/","logo":{"@type":"ImageObject","inLanguage":"sv-SE","@id":"https:\/\/ouryogashop.com\/sv\/#\/schema\/logo\/image\/","url":"https:\/\/ouryogashop.com\/wp-content\/uploads\/2019\/05\/OYS-Logo.png","contentUrl":"https:\/\/ouryogashop.com\/wp-content\/uploads\/2019\/05\/OYS-Logo.png","width":500,"height":371,"caption":"OurYogaShop"},"image":{"@id":"https:\/\/ouryogashop.com\/sv\/#\/schema\/logo\/image\/"},"sameAs":["https:\/\/www.facebook.com\/ouryogashopcom\/","https:\/\/x.com\/OurYogaShop","https:\/\/www.instagram.com\/ouryogashop\/"]}]},"product_brand":"Manduka","product_price_amount":"220.00","product_price_currency":"SEK","og_availability":"instock","product_availability":"instock","product_retailer_item_id":"MD36530","product_condition":"new"},"_links":{"self":[{"href":"https:\/\/ouryogashop.com\/sv\/wp-json\/wp\/v2\/product\/104354","targetHints":{"allow":["GET"]}}],"collection":[{"href":"https:\/\/ouryogashop.com\/sv\/wp-json\/wp\/v2\/product"}],"about":[{"href":"https:\/\/ouryogashop.com\/sv\/wp-json\/wp\/v2\/types\/product"}],"replies":[{"embeddable":true,"href":"https:\/\/ouryogashop.com\/sv\/wp-json\/wp\/v2\/comments?post=104354"}],"wp:featuredmedia":[{"embeddable":true,"href":"https:\/\/ouryogashop.com\/sv\/wp-json\/wp\/v2\/media\/104400"}],"wp:attachment":[{"href":"https:\/\/ouryogashop.com\/sv\/wp-json\/wp\/v2\/media?parent=104354"}],"wp:term":[{"taxonomy":"product_brand","embeddable":true,"href":"https:\/\/ouryogashop.com\/sv\/wp-json\/wp\/v2\/product_brand?post=104354"},{"taxonomy":"product_cat","embeddable":true,"href":"https:\/\/ouryogashop.com\/sv\/wp-json\/wp\/v2\/product_cat?post=104354"},{"taxonomy":"product_tag","embeddable":true,"href":"https:\/\/ouryogashop.com\/sv\/wp-json\/wp\/v2\/product_tag?post=104354"}],"curies":[{"name":"wp","href":"https:\/\/api.w.org\/{rel}","templated":true}]}}