{"id":105368,"date":"2020-03-09T09:17:32","date_gmt":"2020-03-09T07:17:32","guid":{"rendered":"https:\/\/ouryogashop.com\/?post_type=product&#038;p=105368"},"modified":"2025-04-01T09:06:47","modified_gmt":"2025-04-01T07:06:47","slug":"jade-matthandduk-olive-green","status":"publish","type":"product","link":"https:\/\/ouryogashop.com\/sv\/product\/jade-matthandduk-olive-green\/","title":{"rendered":"Jade Matthandduk Olive Green"},"content":{"rendered":"<div class=\"wpb-content-wrapper\"><p>[vc_row][vc_column width=&#8221;1\/1&#8243;][uncode_block id=&#8221;105348&#8243;][\/vc_column][\/vc_row][vc_row][vc_column width=&#8221;1\/1&#8243;][uncode_block id=&#8221;82207&#8243;][\/vc_column][\/vc_row]<\/p>\n<\/div>","protected":false},"excerpt":{"rendered":"<p>Jade&#8217;s Microfiber Matthandduk \u00e4r ett bra val f\u00f6r Hot Yoga. Eller n\u00e5gon tr\u00e4ningsform, d\u00e4r du svettas mycket, som Pilates. Dessa handdukar hj\u00e4lper till att st\u00f6dja din yogamattas greppegenskaper. Tillverkad av Jade\u00b4s mikrofiber och \u00e4r l\u00e4tt, mjuk och snabbtorkande.<\/p>\n<p>183x61cm 0,23kg<\/p>\n","protected":false},"featured_media":105223,"comment_status":"open","ping_status":"closed","template":"","meta":[],"product_brand":[],"product_cat":[1543,2391,945],"product_tag":[2842,2844,992,2394],"class_list":{"0":"post-105368","1":"product","2":"type-product","3":"status-publish","4":"has-post-thumbnail","6":"product_cat-yoga-tillbehor-sv","7":"product_cat-yoga-handduk","8":"product_cat-jade-yoga-sv","9":"product_tag-jade-matthandduk","10":"product_tag-jade-matt-handdukar","11":"product_tag-olive-green-sv","12":"product_tag-yoga-matthandduk","13":"product_shipping_class-flera-produkter-sv","14":"pa_length-group-183cm-sv","15":"pa_material-microfiber-sv","16":"pa_product-type-jade-matt-handduk","17":"pa_thick-group-1cm-sv","18":"pa_weight-group-0-1-kg-sv","19":"pa_width-group-61cm-sv","21":"first","22":"onbackorder","23":"taxable","24":"shipping-taxable","25":"purchasable","26":"product-type-simple"},"yoast_head":"<!-- This site is optimized with the Yoast SEO Premium plugin v27.3 (Yoast SEO v27.4) - https:\/\/yoast.com\/product\/yoast-seo-premium-wordpress\/ -->\n<title>Jade Microfiber Yoga Matthandduk Olive Green - OurYogaShop<\/title>\n<meta name=\"description\" content=\"Jade&#039;s Yoga Handdukar \u00e4r ett bra val f\u00f6r Hot Yoga. Eller n\u00e5gon annan tr\u00e4ningsform d\u00e4r du svettas mycket. Hj\u00e4lper till att bevara det bra greppet p\u00e5 din yogamatta.\" \/>\n<meta name=\"robots\" content=\"index, follow, max-snippet:-1, max-image-preview:large, max-video-preview:-1\" \/>\n<link rel=\"canonical\" href=\"https:\/\/ouryogashop.com\/sv\/product\/jade-matthandduk-olive-green\/\" \/>\n<meta property=\"og:locale\" content=\"sv_SE\" \/>\n<meta property=\"og:type\" content=\"article\" \/>\n<meta property=\"og:title\" content=\"Jade Matthandduk Olive Green\" \/>\n<meta property=\"og:description\" content=\"Jade&#039;s Yoga Handdukar \u00e4r ett bra val f\u00f6r Hot Yoga. Eller n\u00e5gon annan tr\u00e4ningsform d\u00e4r du svettas mycket. Hj\u00e4lper till att bevara det bra greppet p\u00e5 din yogamatta.\" \/>\n<meta property=\"og:url\" content=\"https:\/\/ouryogashop.com\/sv\/product\/jade-matthandduk-olive-green\/\" \/>\n<meta property=\"og:site_name\" content=\"OurYogaShop\" \/>\n<meta property=\"article:publisher\" content=\"https:\/\/www.facebook.com\/ouryogashopcom\/\" \/>\n<meta property=\"article:modified_time\" content=\"2025-04-01T07:06:47+00:00\" \/>\n<meta property=\"og:image\" content=\"https:\/\/ouryogashop.com\/wp-content\/uploads\/2020\/03\/jade-mat-towel-olive-green.jpg\" \/>\n\t<meta property=\"og:image:width\" content=\"500\" \/>\n\t<meta property=\"og:image:height\" content=\"500\" \/>\n\t<meta property=\"og:image:type\" content=\"image\/jpeg\" \/>\n<meta name=\"twitter:card\" content=\"summary_large_image\" \/>\n<meta name=\"twitter:site\" content=\"@OurYogaShop\" \/>\n<meta name=\"twitter:label1\" content=\"Pris\" \/>\n\t<meta name=\"twitter:data1\" content=\"550,00&#107;&#114;\" \/>\n\t<meta name=\"twitter:label2\" content=\"Tillg\u00e4nglig\" \/>\n\t<meta name=\"twitter:data2\" content=\"P\u00e5 restorder\" \/>\n<script type=\"application\/ld+json\" class=\"yoast-schema-graph\">{\"@context\":\"https:\\\/\\\/schema.org\",\"@graph\":[{\"@type\":\"WebPage\",\"@id\":\"https:\\\/\\\/ouryogashop.com\\\/sv\\\/product\\\/jade-matthandduk-olive-green\\\/\",\"url\":\"https:\\\/\\\/ouryogashop.com\\\/sv\\\/product\\\/jade-matthandduk-olive-green\\\/\",\"name\":\"Jade Microfiber Yoga Matthandduk Olive Green - OurYogaShop\",\"isPartOf\":{\"@id\":\"https:\\\/\\\/ouryogashop.com\\\/sv\\\/#website\"},\"primaryImageOfPage\":{\"@id\":\"https:\\\/\\\/ouryogashop.com\\\/sv\\\/product\\\/jade-matthandduk-olive-green\\\/#primaryimage\"},\"image\":{\"@id\":\"https:\\\/\\\/ouryogashop.com\\\/sv\\\/product\\\/jade-matthandduk-olive-green\\\/#primaryimage\"},\"thumbnailUrl\":\"https:\\\/\\\/ouryogashop.com\\\/wp-content\\\/uploads\\\/2020\\\/03\\\/jade-mat-towel-olive-green.jpg\",\"datePublished\":\"2020-03-09T07:17:32+00:00\",\"dateModified\":\"2025-04-01T07:06:47+00:00\",\"description\":\"Jade's Yoga Handdukar \u00e4r ett bra val f\u00f6r Hot Yoga. Eller n\u00e5gon annan tr\u00e4ningsform d\u00e4r du svettas mycket. Hj\u00e4lper till att bevara det bra greppet p\u00e5 din yogamatta.\",\"breadcrumb\":{\"@id\":\"https:\\\/\\\/ouryogashop.com\\\/sv\\\/product\\\/jade-matthandduk-olive-green\\\/#breadcrumb\"},\"inLanguage\":\"sv-SE\",\"potentialAction\":[{\"@type\":\"ReadAction\",\"target\":[\"https:\\\/\\\/ouryogashop.com\\\/sv\\\/product\\\/jade-matthandduk-olive-green\\\/\"]}]},{\"@type\":\"ImageObject\",\"inLanguage\":\"sv-SE\",\"@id\":\"https:\\\/\\\/ouryogashop.com\\\/sv\\\/product\\\/jade-matthandduk-olive-green\\\/#primaryimage\",\"url\":\"https:\\\/\\\/ouryogashop.com\\\/wp-content\\\/uploads\\\/2020\\\/03\\\/jade-mat-towel-olive-green.jpg\",\"contentUrl\":\"https:\\\/\\\/ouryogashop.com\\\/wp-content\\\/uploads\\\/2020\\\/03\\\/jade-mat-towel-olive-green.jpg\",\"width\":500,\"height\":500,\"caption\":\"Jade Microfiber Yoga Matthandduk Olive Green\"},{\"@type\":\"BreadcrumbList\",\"@id\":\"https:\\\/\\\/ouryogashop.com\\\/sv\\\/product\\\/jade-matthandduk-olive-green\\\/#breadcrumb\",\"itemListElement\":[{\"@type\":\"ListItem\",\"position\":1,\"name\":\"Hem\",\"item\":\"https:\\\/\\\/ouryogashop.com\\\/sv\\\/\"},{\"@type\":\"ListItem\",\"position\":2,\"name\":\"Yoga Butik\",\"item\":\"https:\\\/\\\/ouryogashop.com\\\/sv\\\/yoga-butik\\\/\"},{\"@type\":\"ListItem\",\"position\":3,\"name\":\"Yoga Tillbeh\u00f6r\",\"item\":\"https:\\\/\\\/ouryogashop.com\\\/sv\\\/produkt-kategori\\\/yoga-tillbehor-sv\\\/\"},{\"@type\":\"ListItem\",\"position\":4,\"name\":\"Yoga Handduk\",\"item\":\"https:\\\/\\\/ouryogashop.com\\\/sv\\\/produkt-kategori\\\/yoga-tillbehor-sv\\\/yoga-handduk\\\/\"},{\"@type\":\"ListItem\",\"position\":5,\"name\":\"Jade Matthandduk Olive Green\"}]},{\"@type\":\"WebSite\",\"@id\":\"https:\\\/\\\/ouryogashop.com\\\/sv\\\/#website\",\"url\":\"https:\\\/\\\/ouryogashop.com\\\/sv\\\/\",\"name\":\"OurYogaShop\",\"description\":\"The best yoga mats ever!\",\"publisher\":{\"@id\":\"https:\\\/\\\/ouryogashop.com\\\/sv\\\/#organization\"},\"potentialAction\":[{\"@type\":\"SearchAction\",\"target\":{\"@type\":\"EntryPoint\",\"urlTemplate\":\"https:\\\/\\\/ouryogashop.com\\\/sv\\\/?s={search_term_string}\"},\"query-input\":{\"@type\":\"PropertyValueSpecification\",\"valueRequired\":true,\"valueName\":\"search_term_string\"}}],\"inLanguage\":\"sv-SE\"},{\"@type\":\"Organization\",\"@id\":\"https:\\\/\\\/ouryogashop.com\\\/sv\\\/#organization\",\"name\":\"OurYogaShop\",\"url\":\"https:\\\/\\\/ouryogashop.com\\\/sv\\\/\",\"logo\":{\"@type\":\"ImageObject\",\"inLanguage\":\"sv-SE\",\"@id\":\"https:\\\/\\\/ouryogashop.com\\\/sv\\\/#\\\/schema\\\/logo\\\/image\\\/\",\"url\":\"https:\\\/\\\/ouryogashop.com\\\/wp-content\\\/uploads\\\/2019\\\/05\\\/OYS-Logo.png\",\"contentUrl\":\"https:\\\/\\\/ouryogashop.com\\\/wp-content\\\/uploads\\\/2019\\\/05\\\/OYS-Logo.png\",\"width\":500,\"height\":371,\"caption\":\"OurYogaShop\"},\"image\":{\"@id\":\"https:\\\/\\\/ouryogashop.com\\\/sv\\\/#\\\/schema\\\/logo\\\/image\\\/\"},\"sameAs\":[\"https:\\\/\\\/www.facebook.com\\\/ouryogashopcom\\\/\",\"https:\\\/\\\/x.com\\\/OurYogaShop\",\"https:\\\/\\\/www.instagram.com\\\/ouryogashop\\\/\"]}]}<\/script>\n<meta property=\"product:brand\" content=\"Jade\" \/>\n<meta property=\"product:price:amount\" content=\"550.00\" \/>\n<meta property=\"product:price:currency\" content=\"SEK\" \/>\n<meta property=\"og:availability\" content=\"backorder\" \/>\n<meta property=\"product:availability\" content=\"available for order\" \/>\n<meta property=\"product:retailer_item_id\" content=\"JM5706\" \/>\n<meta property=\"product:condition\" content=\"new\" \/>\n<!-- \/ Yoast SEO Premium plugin. -->","yoast_head_json":{"title":"Jade Microfiber Yoga Matthandduk Olive Green - OurYogaShop","description":"Jade's Yoga Handdukar \u00e4r ett bra val f\u00f6r Hot Yoga. Eller n\u00e5gon annan tr\u00e4ningsform d\u00e4r du svettas mycket. Hj\u00e4lper till att bevara det bra greppet p\u00e5 din yogamatta.","robots":{"index":"index","follow":"follow","max-snippet":"max-snippet:-1","max-image-preview":"max-image-preview:large","max-video-preview":"max-video-preview:-1"},"canonical":"https:\/\/ouryogashop.com\/sv\/product\/jade-matthandduk-olive-green\/","og_locale":"sv_SE","og_type":"article","og_title":"Jade Matthandduk Olive Green","og_description":"Jade's Yoga Handdukar \u00e4r ett bra val f\u00f6r Hot Yoga. Eller n\u00e5gon annan tr\u00e4ningsform d\u00e4r du svettas mycket. Hj\u00e4lper till att bevara det bra greppet p\u00e5 din yogamatta.","og_url":"https:\/\/ouryogashop.com\/sv\/product\/jade-matthandduk-olive-green\/","og_site_name":"OurYogaShop","article_publisher":"https:\/\/www.facebook.com\/ouryogashopcom\/","article_modified_time":"2025-04-01T07:06:47+00:00","og_image":[{"width":500,"height":500,"url":"https:\/\/ouryogashop.com\/wp-content\/uploads\/2020\/03\/jade-mat-towel-olive-green.jpg","type":"image\/jpeg"}],"twitter_card":"summary_large_image","twitter_site":"@OurYogaShop","twitter_misc":{"Pris":"550,00&#107;&#114;","Tillg\u00e4nglig":"P\u00e5 restorder"},"schema":{"@context":"https:\/\/schema.org","@graph":[{"@type":"WebPage","@id":"https:\/\/ouryogashop.com\/sv\/product\/jade-matthandduk-olive-green\/","url":"https:\/\/ouryogashop.com\/sv\/product\/jade-matthandduk-olive-green\/","name":"Jade Microfiber Yoga Matthandduk Olive Green - OurYogaShop","isPartOf":{"@id":"https:\/\/ouryogashop.com\/sv\/#website"},"primaryImageOfPage":{"@id":"https:\/\/ouryogashop.com\/sv\/product\/jade-matthandduk-olive-green\/#primaryimage"},"image":{"@id":"https:\/\/ouryogashop.com\/sv\/product\/jade-matthandduk-olive-green\/#primaryimage"},"thumbnailUrl":"https:\/\/ouryogashop.com\/wp-content\/uploads\/2020\/03\/jade-mat-towel-olive-green.jpg","datePublished":"2020-03-09T07:17:32+00:00","dateModified":"2025-04-01T07:06:47+00:00","description":"Jade's Yoga Handdukar \u00e4r ett bra val f\u00f6r Hot Yoga. Eller n\u00e5gon annan tr\u00e4ningsform d\u00e4r du svettas mycket. Hj\u00e4lper till att bevara det bra greppet p\u00e5 din yogamatta.","breadcrumb":{"@id":"https:\/\/ouryogashop.com\/sv\/product\/jade-matthandduk-olive-green\/#breadcrumb"},"inLanguage":"sv-SE","potentialAction":[{"@type":"ReadAction","target":["https:\/\/ouryogashop.com\/sv\/product\/jade-matthandduk-olive-green\/"]}]},{"@type":"ImageObject","inLanguage":"sv-SE","@id":"https:\/\/ouryogashop.com\/sv\/product\/jade-matthandduk-olive-green\/#primaryimage","url":"https:\/\/ouryogashop.com\/wp-content\/uploads\/2020\/03\/jade-mat-towel-olive-green.jpg","contentUrl":"https:\/\/ouryogashop.com\/wp-content\/uploads\/2020\/03\/jade-mat-towel-olive-green.jpg","width":500,"height":500,"caption":"Jade Microfiber Yoga Matthandduk Olive Green"},{"@type":"BreadcrumbList","@id":"https:\/\/ouryogashop.com\/sv\/product\/jade-matthandduk-olive-green\/#breadcrumb","itemListElement":[{"@type":"ListItem","position":1,"name":"Hem","item":"https:\/\/ouryogashop.com\/sv\/"},{"@type":"ListItem","position":2,"name":"Yoga Butik","item":"https:\/\/ouryogashop.com\/sv\/yoga-butik\/"},{"@type":"ListItem","position":3,"name":"Yoga Tillbeh\u00f6r","item":"https:\/\/ouryogashop.com\/sv\/produkt-kategori\/yoga-tillbehor-sv\/"},{"@type":"ListItem","position":4,"name":"Yoga Handduk","item":"https:\/\/ouryogashop.com\/sv\/produkt-kategori\/yoga-tillbehor-sv\/yoga-handduk\/"},{"@type":"ListItem","position":5,"name":"Jade Matthandduk Olive Green"}]},{"@type":"WebSite","@id":"https:\/\/ouryogashop.com\/sv\/#website","url":"https:\/\/ouryogashop.com\/sv\/","name":"OurYogaShop","description":"The best yoga mats ever!","publisher":{"@id":"https:\/\/ouryogashop.com\/sv\/#organization"},"potentialAction":[{"@type":"SearchAction","target":{"@type":"EntryPoint","urlTemplate":"https:\/\/ouryogashop.com\/sv\/?s={search_term_string}"},"query-input":{"@type":"PropertyValueSpecification","valueRequired":true,"valueName":"search_term_string"}}],"inLanguage":"sv-SE"},{"@type":"Organization","@id":"https:\/\/ouryogashop.com\/sv\/#organization","name":"OurYogaShop","url":"https:\/\/ouryogashop.com\/sv\/","logo":{"@type":"ImageObject","inLanguage":"sv-SE","@id":"https:\/\/ouryogashop.com\/sv\/#\/schema\/logo\/image\/","url":"https:\/\/ouryogashop.com\/wp-content\/uploads\/2019\/05\/OYS-Logo.png","contentUrl":"https:\/\/ouryogashop.com\/wp-content\/uploads\/2019\/05\/OYS-Logo.png","width":500,"height":371,"caption":"OurYogaShop"},"image":{"@id":"https:\/\/ouryogashop.com\/sv\/#\/schema\/logo\/image\/"},"sameAs":["https:\/\/www.facebook.com\/ouryogashopcom\/","https:\/\/x.com\/OurYogaShop","https:\/\/www.instagram.com\/ouryogashop\/"]}]},"product_brand":"Jade","product_price_amount":"550.00","product_price_currency":"SEK","og_availability":"backorder","product_availability":"available for order","product_retailer_item_id":"JM5706","product_condition":"new"},"_links":{"self":[{"href":"https:\/\/ouryogashop.com\/sv\/wp-json\/wp\/v2\/product\/105368","targetHints":{"allow":["GET"]}}],"collection":[{"href":"https:\/\/ouryogashop.com\/sv\/wp-json\/wp\/v2\/product"}],"about":[{"href":"https:\/\/ouryogashop.com\/sv\/wp-json\/wp\/v2\/types\/product"}],"replies":[{"embeddable":true,"href":"https:\/\/ouryogashop.com\/sv\/wp-json\/wp\/v2\/comments?post=105368"}],"wp:featuredmedia":[{"embeddable":true,"href":"https:\/\/ouryogashop.com\/sv\/wp-json\/wp\/v2\/media\/105223"}],"wp:attachment":[{"href":"https:\/\/ouryogashop.com\/sv\/wp-json\/wp\/v2\/media?parent=105368"}],"wp:term":[{"taxonomy":"product_brand","embeddable":true,"href":"https:\/\/ouryogashop.com\/sv\/wp-json\/wp\/v2\/product_brand?post=105368"},{"taxonomy":"product_cat","embeddable":true,"href":"https:\/\/ouryogashop.com\/sv\/wp-json\/wp\/v2\/product_cat?post=105368"},{"taxonomy":"product_tag","embeddable":true,"href":"https:\/\/ouryogashop.com\/sv\/wp-json\/wp\/v2\/product_tag?post=105368"}],"curies":[{"name":"wp","href":"https:\/\/api.w.org\/{rel}","templated":true}]}}