{"id":105470,"date":"2020-03-10T10:11:36","date_gmt":"2020-03-10T08:11:36","guid":{"rendered":"https:\/\/ouryogashop.com\/?post_type=product&#038;p=105470"},"modified":"2025-01-12T15:16:55","modified_gmt":"2025-01-12T13:16:55","slug":"jade-handduk-black","status":"publish","type":"product","link":"https:\/\/ouryogashop.com\/sv\/product\/jade-handduk-black\/","title":{"rendered":"Jade Handduk Black"},"content":{"rendered":"<div class=\"wpb-content-wrapper\"><p>[vc_row][vc_column width=&#8221;1\/1&#8243;][uncode_block id=&#8221;105439&#8243;][\/vc_column][\/vc_row][vc_row][vc_column width=&#8221;1\/1&#8243;][uncode_block id=&#8221;82207&#8243;][\/vc_column][\/vc_row]<\/p>\n<\/div>","protected":false},"excerpt":{"rendered":"<p>Jade&#8217;s Microfiber Matthandduk \u00e4r ett bra val f\u00f6r Hot Yoga. Eller n\u00e5gon tr\u00e4ningsform, d\u00e4r du svettas mycket, som Pilates. Dessa handdukar hj\u00e4lper till att st\u00f6dja din yogamattas greppegenskaper. Tillverkad av Jade\u00b4s mikrofiber och \u00e4r l\u00e4tt, mjuk och snabbtorkande.<\/p>\n<p>61&#215;35,5cm 0,08kg<\/p>\n","protected":false},"featured_media":105413,"comment_status":"open","ping_status":"closed","template":"","meta":[],"product_brand":[],"product_cat":[1543,2391,945],"product_tag":[2748,2844,2862],"class_list":{"0":"post-105470","1":"product","2":"type-product","3":"status-publish","4":"has-post-thumbnail","6":"product_cat-yoga-tillbehor-sv","7":"product_cat-yoga-handduk","8":"product_cat-jade-yoga-sv","9":"product_tag-yoga-handduk","10":"product_tag-jade-matt-handdukar","11":"product_tag-jade-handduk","12":"product_shipping_class-flera-produkter-sv","13":"pa_length-group-61cm-sv","14":"pa_material-microfiber-sv","15":"pa_product-type-jade-matt-handduk","16":"pa_thick-group-1cm-sv","17":"pa_weight-group-0-1-kg-sv","18":"pa_width-group-35cm-sv","20":"first","21":"instock","22":"taxable","23":"shipping-taxable","24":"purchasable","25":"product-type-simple"},"yoast_head":"<!-- This site is optimized with the Yoast SEO Premium plugin v27.4 (Yoast SEO v27.4) - https:\/\/yoast.com\/product\/yoast-seo-premium-wordpress\/ -->\n<title>Jade Microfiber Handduk Black - OurYogaShop<\/title>\n<meta name=\"description\" content=\"Jade&#039;s Yoga Handdukar \u00e4r ett bra val f\u00f6r Hot Yoga. Eller n\u00e5gon annan tr\u00e4ningsform d\u00e4r du svettas mycket. Hj\u00e4lper till att bevara det bra greppet p\u00e5 din yogamatta.\" \/>\n<meta name=\"robots\" content=\"index, follow, max-snippet:-1, max-image-preview:large, max-video-preview:-1\" \/>\n<link rel=\"canonical\" href=\"https:\/\/ouryogashop.com\/sv\/product\/jade-handduk-black\/\" \/>\n<meta property=\"og:locale\" content=\"sv_SE\" \/>\n<meta property=\"og:type\" content=\"article\" \/>\n<meta property=\"og:title\" content=\"Jade Handduk Black\" \/>\n<meta property=\"og:description\" content=\"Jade&#039;s Yoga Handdukar \u00e4r ett bra val f\u00f6r Hot Yoga. Eller n\u00e5gon annan tr\u00e4ningsform d\u00e4r du svettas mycket. Hj\u00e4lper till att bevara det bra greppet p\u00e5 din yogamatta.\" \/>\n<meta property=\"og:url\" content=\"https:\/\/ouryogashop.com\/sv\/product\/jade-handduk-black\/\" \/>\n<meta property=\"og:site_name\" content=\"OurYogaShop\" \/>\n<meta property=\"article:publisher\" content=\"https:\/\/www.facebook.com\/ouryogashopcom\/\" \/>\n<meta property=\"article:modified_time\" content=\"2025-01-12T13:16:55+00:00\" \/>\n<meta property=\"og:image\" content=\"https:\/\/ouryogashop.com\/wp-content\/uploads\/2020\/03\/Hand_Towel_Black_1000_zbqf-0s.jpg\" \/>\n\t<meta property=\"og:image:width\" content=\"500\" \/>\n\t<meta property=\"og:image:height\" content=\"500\" \/>\n\t<meta property=\"og:image:type\" content=\"image\/jpeg\" \/>\n<meta name=\"twitter:card\" content=\"summary_large_image\" \/>\n<meta name=\"twitter:site\" content=\"@OurYogaShop\" \/>\n<meta name=\"twitter:label1\" content=\"Pris\" \/>\n\t<meta name=\"twitter:data1\" content=\"299,00&#107;&#114;\" \/>\n\t<meta name=\"twitter:label2\" content=\"Tillg\u00e4nglig\" \/>\n\t<meta name=\"twitter:data2\" content=\"I lager\" \/>\n<script type=\"application\/ld+json\" class=\"yoast-schema-graph\">{\"@context\":\"https:\\\/\\\/schema.org\",\"@graph\":[{\"@type\":\"WebPage\",\"@id\":\"https:\\\/\\\/ouryogashop.com\\\/sv\\\/product\\\/jade-handduk-black\\\/\",\"url\":\"https:\\\/\\\/ouryogashop.com\\\/sv\\\/product\\\/jade-handduk-black\\\/\",\"name\":\"Jade Microfiber Handduk Black - OurYogaShop\",\"isPartOf\":{\"@id\":\"https:\\\/\\\/ouryogashop.com\\\/sv\\\/#website\"},\"primaryImageOfPage\":{\"@id\":\"https:\\\/\\\/ouryogashop.com\\\/sv\\\/product\\\/jade-handduk-black\\\/#primaryimage\"},\"image\":{\"@id\":\"https:\\\/\\\/ouryogashop.com\\\/sv\\\/product\\\/jade-handduk-black\\\/#primaryimage\"},\"thumbnailUrl\":\"https:\\\/\\\/ouryogashop.com\\\/wp-content\\\/uploads\\\/2020\\\/03\\\/Hand_Towel_Black_1000_zbqf-0s.jpg\",\"datePublished\":\"2020-03-10T08:11:36+00:00\",\"dateModified\":\"2025-01-12T13:16:55+00:00\",\"description\":\"Jade's Yoga Handdukar \u00e4r ett bra val f\u00f6r Hot Yoga. Eller n\u00e5gon annan tr\u00e4ningsform d\u00e4r du svettas mycket. Hj\u00e4lper till att bevara det bra greppet p\u00e5 din yogamatta.\",\"breadcrumb\":{\"@id\":\"https:\\\/\\\/ouryogashop.com\\\/sv\\\/product\\\/jade-handduk-black\\\/#breadcrumb\"},\"inLanguage\":\"sv-SE\",\"potentialAction\":[{\"@type\":\"ReadAction\",\"target\":[\"https:\\\/\\\/ouryogashop.com\\\/sv\\\/product\\\/jade-handduk-black\\\/\"]}]},{\"@type\":\"ImageObject\",\"inLanguage\":\"sv-SE\",\"@id\":\"https:\\\/\\\/ouryogashop.com\\\/sv\\\/product\\\/jade-handduk-black\\\/#primaryimage\",\"url\":\"https:\\\/\\\/ouryogashop.com\\\/wp-content\\\/uploads\\\/2020\\\/03\\\/Hand_Towel_Black_1000_zbqf-0s.jpg\",\"contentUrl\":\"https:\\\/\\\/ouryogashop.com\\\/wp-content\\\/uploads\\\/2020\\\/03\\\/Hand_Towel_Black_1000_zbqf-0s.jpg\",\"width\":500,\"height\":500,\"caption\":\"Jade Microfiber Handduk Black\"},{\"@type\":\"BreadcrumbList\",\"@id\":\"https:\\\/\\\/ouryogashop.com\\\/sv\\\/product\\\/jade-handduk-black\\\/#breadcrumb\",\"itemListElement\":[{\"@type\":\"ListItem\",\"position\":1,\"name\":\"Hem\",\"item\":\"https:\\\/\\\/ouryogashop.com\\\/sv\\\/\"},{\"@type\":\"ListItem\",\"position\":2,\"name\":\"Yoga Butik\",\"item\":\"https:\\\/\\\/ouryogashop.com\\\/sv\\\/yoga-butik\\\/\"},{\"@type\":\"ListItem\",\"position\":3,\"name\":\"Yoga Tillbeh\u00f6r\",\"item\":\"https:\\\/\\\/ouryogashop.com\\\/sv\\\/produkt-kategori\\\/yoga-tillbehor-sv\\\/\"},{\"@type\":\"ListItem\",\"position\":4,\"name\":\"Yoga Handduk\",\"item\":\"https:\\\/\\\/ouryogashop.com\\\/sv\\\/produkt-kategori\\\/yoga-tillbehor-sv\\\/yoga-handduk\\\/\"},{\"@type\":\"ListItem\",\"position\":5,\"name\":\"Jade Handduk Black\"}]},{\"@type\":\"WebSite\",\"@id\":\"https:\\\/\\\/ouryogashop.com\\\/sv\\\/#website\",\"url\":\"https:\\\/\\\/ouryogashop.com\\\/sv\\\/\",\"name\":\"OurYogaShop\",\"description\":\"The best yoga mats ever!\",\"publisher\":{\"@id\":\"https:\\\/\\\/ouryogashop.com\\\/sv\\\/#organization\"},\"potentialAction\":[{\"@type\":\"SearchAction\",\"target\":{\"@type\":\"EntryPoint\",\"urlTemplate\":\"https:\\\/\\\/ouryogashop.com\\\/sv\\\/?s={search_term_string}\"},\"query-input\":{\"@type\":\"PropertyValueSpecification\",\"valueRequired\":true,\"valueName\":\"search_term_string\"}}],\"inLanguage\":\"sv-SE\"},{\"@type\":\"Organization\",\"@id\":\"https:\\\/\\\/ouryogashop.com\\\/sv\\\/#organization\",\"name\":\"OurYogaShop\",\"url\":\"https:\\\/\\\/ouryogashop.com\\\/sv\\\/\",\"logo\":{\"@type\":\"ImageObject\",\"inLanguage\":\"sv-SE\",\"@id\":\"https:\\\/\\\/ouryogashop.com\\\/sv\\\/#\\\/schema\\\/logo\\\/image\\\/\",\"url\":\"https:\\\/\\\/ouryogashop.com\\\/wp-content\\\/uploads\\\/2019\\\/05\\\/OYS-Logo.png\",\"contentUrl\":\"https:\\\/\\\/ouryogashop.com\\\/wp-content\\\/uploads\\\/2019\\\/05\\\/OYS-Logo.png\",\"width\":500,\"height\":371,\"caption\":\"OurYogaShop\"},\"image\":{\"@id\":\"https:\\\/\\\/ouryogashop.com\\\/sv\\\/#\\\/schema\\\/logo\\\/image\\\/\"},\"sameAs\":[\"https:\\\/\\\/www.facebook.com\\\/ouryogashopcom\\\/\",\"https:\\\/\\\/x.com\\\/OurYogaShop\",\"https:\\\/\\\/www.instagram.com\\\/ouryogashop\\\/\"]}]}<\/script>\n<meta property=\"product:brand\" content=\"Jade\" \/>\n<meta property=\"product:price:amount\" content=\"299.00\" \/>\n<meta property=\"product:price:currency\" content=\"SEK\" \/>\n<meta property=\"og:availability\" content=\"instock\" \/>\n<meta property=\"product:availability\" content=\"instock\" \/>\n<meta property=\"product:retailer_item_id\" content=\"JM5808\" \/>\n<meta property=\"product:condition\" content=\"new\" \/>\n<!-- \/ Yoast SEO Premium plugin. -->","yoast_head_json":{"title":"Jade Microfiber Handduk Black - OurYogaShop","description":"Jade's Yoga Handdukar \u00e4r ett bra val f\u00f6r Hot Yoga. Eller n\u00e5gon annan tr\u00e4ningsform d\u00e4r du svettas mycket. Hj\u00e4lper till att bevara det bra greppet p\u00e5 din yogamatta.","robots":{"index":"index","follow":"follow","max-snippet":"max-snippet:-1","max-image-preview":"max-image-preview:large","max-video-preview":"max-video-preview:-1"},"canonical":"https:\/\/ouryogashop.com\/sv\/product\/jade-handduk-black\/","og_locale":"sv_SE","og_type":"article","og_title":"Jade Handduk Black","og_description":"Jade's Yoga Handdukar \u00e4r ett bra val f\u00f6r Hot Yoga. Eller n\u00e5gon annan tr\u00e4ningsform d\u00e4r du svettas mycket. Hj\u00e4lper till att bevara det bra greppet p\u00e5 din yogamatta.","og_url":"https:\/\/ouryogashop.com\/sv\/product\/jade-handduk-black\/","og_site_name":"OurYogaShop","article_publisher":"https:\/\/www.facebook.com\/ouryogashopcom\/","article_modified_time":"2025-01-12T13:16:55+00:00","og_image":[{"width":500,"height":500,"url":"https:\/\/ouryogashop.com\/wp-content\/uploads\/2020\/03\/Hand_Towel_Black_1000_zbqf-0s.jpg","type":"image\/jpeg"}],"twitter_card":"summary_large_image","twitter_site":"@OurYogaShop","twitter_misc":{"Pris":"299,00&#107;&#114;","Tillg\u00e4nglig":"I lager"},"schema":{"@context":"https:\/\/schema.org","@graph":[{"@type":"WebPage","@id":"https:\/\/ouryogashop.com\/sv\/product\/jade-handduk-black\/","url":"https:\/\/ouryogashop.com\/sv\/product\/jade-handduk-black\/","name":"Jade Microfiber Handduk Black - OurYogaShop","isPartOf":{"@id":"https:\/\/ouryogashop.com\/sv\/#website"},"primaryImageOfPage":{"@id":"https:\/\/ouryogashop.com\/sv\/product\/jade-handduk-black\/#primaryimage"},"image":{"@id":"https:\/\/ouryogashop.com\/sv\/product\/jade-handduk-black\/#primaryimage"},"thumbnailUrl":"https:\/\/ouryogashop.com\/wp-content\/uploads\/2020\/03\/Hand_Towel_Black_1000_zbqf-0s.jpg","datePublished":"2020-03-10T08:11:36+00:00","dateModified":"2025-01-12T13:16:55+00:00","description":"Jade's Yoga Handdukar \u00e4r ett bra val f\u00f6r Hot Yoga. Eller n\u00e5gon annan tr\u00e4ningsform d\u00e4r du svettas mycket. Hj\u00e4lper till att bevara det bra greppet p\u00e5 din yogamatta.","breadcrumb":{"@id":"https:\/\/ouryogashop.com\/sv\/product\/jade-handduk-black\/#breadcrumb"},"inLanguage":"sv-SE","potentialAction":[{"@type":"ReadAction","target":["https:\/\/ouryogashop.com\/sv\/product\/jade-handduk-black\/"]}]},{"@type":"ImageObject","inLanguage":"sv-SE","@id":"https:\/\/ouryogashop.com\/sv\/product\/jade-handduk-black\/#primaryimage","url":"https:\/\/ouryogashop.com\/wp-content\/uploads\/2020\/03\/Hand_Towel_Black_1000_zbqf-0s.jpg","contentUrl":"https:\/\/ouryogashop.com\/wp-content\/uploads\/2020\/03\/Hand_Towel_Black_1000_zbqf-0s.jpg","width":500,"height":500,"caption":"Jade Microfiber Handduk Black"},{"@type":"BreadcrumbList","@id":"https:\/\/ouryogashop.com\/sv\/product\/jade-handduk-black\/#breadcrumb","itemListElement":[{"@type":"ListItem","position":1,"name":"Hem","item":"https:\/\/ouryogashop.com\/sv\/"},{"@type":"ListItem","position":2,"name":"Yoga Butik","item":"https:\/\/ouryogashop.com\/sv\/yoga-butik\/"},{"@type":"ListItem","position":3,"name":"Yoga Tillbeh\u00f6r","item":"https:\/\/ouryogashop.com\/sv\/produkt-kategori\/yoga-tillbehor-sv\/"},{"@type":"ListItem","position":4,"name":"Yoga Handduk","item":"https:\/\/ouryogashop.com\/sv\/produkt-kategori\/yoga-tillbehor-sv\/yoga-handduk\/"},{"@type":"ListItem","position":5,"name":"Jade Handduk Black"}]},{"@type":"WebSite","@id":"https:\/\/ouryogashop.com\/sv\/#website","url":"https:\/\/ouryogashop.com\/sv\/","name":"OurYogaShop","description":"The best yoga mats ever!","publisher":{"@id":"https:\/\/ouryogashop.com\/sv\/#organization"},"potentialAction":[{"@type":"SearchAction","target":{"@type":"EntryPoint","urlTemplate":"https:\/\/ouryogashop.com\/sv\/?s={search_term_string}"},"query-input":{"@type":"PropertyValueSpecification","valueRequired":true,"valueName":"search_term_string"}}],"inLanguage":"sv-SE"},{"@type":"Organization","@id":"https:\/\/ouryogashop.com\/sv\/#organization","name":"OurYogaShop","url":"https:\/\/ouryogashop.com\/sv\/","logo":{"@type":"ImageObject","inLanguage":"sv-SE","@id":"https:\/\/ouryogashop.com\/sv\/#\/schema\/logo\/image\/","url":"https:\/\/ouryogashop.com\/wp-content\/uploads\/2019\/05\/OYS-Logo.png","contentUrl":"https:\/\/ouryogashop.com\/wp-content\/uploads\/2019\/05\/OYS-Logo.png","width":500,"height":371,"caption":"OurYogaShop"},"image":{"@id":"https:\/\/ouryogashop.com\/sv\/#\/schema\/logo\/image\/"},"sameAs":["https:\/\/www.facebook.com\/ouryogashopcom\/","https:\/\/x.com\/OurYogaShop","https:\/\/www.instagram.com\/ouryogashop\/"]}]},"product_brand":"Jade","product_price_amount":"299.00","product_price_currency":"SEK","og_availability":"instock","product_availability":"instock","product_retailer_item_id":"JM5808","product_condition":"new"},"_links":{"self":[{"href":"https:\/\/ouryogashop.com\/sv\/wp-json\/wp\/v2\/product\/105470","targetHints":{"allow":["GET"]}}],"collection":[{"href":"https:\/\/ouryogashop.com\/sv\/wp-json\/wp\/v2\/product"}],"about":[{"href":"https:\/\/ouryogashop.com\/sv\/wp-json\/wp\/v2\/types\/product"}],"replies":[{"embeddable":true,"href":"https:\/\/ouryogashop.com\/sv\/wp-json\/wp\/v2\/comments?post=105470"}],"wp:featuredmedia":[{"embeddable":true,"href":"https:\/\/ouryogashop.com\/sv\/wp-json\/wp\/v2\/media\/105413"}],"wp:attachment":[{"href":"https:\/\/ouryogashop.com\/sv\/wp-json\/wp\/v2\/media?parent=105470"}],"wp:term":[{"taxonomy":"product_brand","embeddable":true,"href":"https:\/\/ouryogashop.com\/sv\/wp-json\/wp\/v2\/product_brand?post=105470"},{"taxonomy":"product_cat","embeddable":true,"href":"https:\/\/ouryogashop.com\/sv\/wp-json\/wp\/v2\/product_cat?post=105470"},{"taxonomy":"product_tag","embeddable":true,"href":"https:\/\/ouryogashop.com\/sv\/wp-json\/wp\/v2\/product_tag?post=105470"}],"curies":[{"name":"wp","href":"https:\/\/api.w.org\/{rel}","templated":true}]}}