{"id":105496,"date":"2020-03-11T04:16:53","date_gmt":"2020-03-11T02:16:53","guid":{"rendered":"https:\/\/ouryogashop.com\/?post_type=product&#038;p=105496"},"modified":"2024-01-17T12:19:08","modified_gmt":"2024-01-17T10:19:08","slug":"zafu-crescent-meditationskudde-svart","status":"publish","type":"product","link":"https:\/\/ouryogashop.com\/sv\/product\/zafu-crescent-meditationskudde-svart\/","title":{"rendered":"Zafu Crescent Meditationskudde Svart"},"content":{"rendered":"<div class=\"wpb-content-wrapper\"><p>[vc_row][vc_column width=&#8221;1\/1&#8243;][uncode_block id=&#8221;102322&#8243;][\/vc_column][\/vc_row][vc_row][vc_column width=&#8221;1\/1&#8243;][uncode_block id=&#8221;102316&#8243;][\/vc_column][\/vc_row][vc_row][vc_column width=&#8221;1\/1&#8243;][uncode_block id=&#8221;102319&#8243;][\/vc_column][\/vc_row][vc_row][vc_column width=&#8221;1\/1&#8243;][uncode_block id=&#8221;87608&#8243;][\/vc_column][\/vc_row]<\/p>\n<\/div>","protected":false},"excerpt":{"rendered":"<p>Zafu Crescent Meditationskudde Svart \u00e4r en traditionell meditationskudde som g\u00f6r att du kan sitta komfortabelt med benen i kors. Fylld med recron fiberfyllining. \u00d6verdraget ej avtagbart.<\/p>\n","protected":false},"featured_media":105506,"comment_status":"open","ping_status":"closed","template":"","meta":[],"product_brand":[],"product_cat":[1698,2597,2598,2884],"product_tag":[2600,2601,2875],"class_list":{"0":"post-105496","1":"product","2":"type-product","3":"status-publish","4":"has-post-thumbnail","6":"product_cat-yogabolster-kuddar","7":"product_cat-meditationskudde","8":"product_cat-meditationskudde-crescent","9":"product_cat-yogamatters-sv","10":"product_tag-zafu-sv","11":"product_tag-crescent-sv","12":"product_tag-meditationskudde","13":"product_shipping_class-flera-produkter-sv","14":"pa_length-group-44cm-sv","15":"pa_material-100-polyester-sv","16":"pa_product-type-meditationskudde","17":"pa_product-type-crescentformad-kudde","18":"pa_thick-group-12cm-sv","19":"pa_weight-group-1-2-kg-sv","20":"pa_width-group-30cm-sv","22":"first","23":"instock","24":"sale","25":"taxable","26":"shipping-taxable","27":"purchasable","28":"product-type-simple"},"yoast_head":"<!-- This site is optimized with the Yoast SEO Premium plugin v27.3 (Yoast SEO v27.4) - https:\/\/yoast.com\/product\/yoast-seo-premium-wordpress\/ -->\n<title>Zafu Crescent Meditationskudde Svart - OurYogaShop<\/title>\n<meta name=\"description\" content=\"Zafu Crescent Meditationskudde Svart \u00e4r en traditionell meditationskudde som g\u00f6r att du kan sitta komfortabelt med benen i kors. Fylld med recron fiberfyllining.\" \/>\n<meta name=\"robots\" content=\"index, follow, max-snippet:-1, max-image-preview:large, max-video-preview:-1\" \/>\n<link rel=\"canonical\" href=\"https:\/\/ouryogashop.com\/sv\/product\/zafu-crescent-meditationskudde-svart\/\" \/>\n<meta property=\"og:locale\" content=\"sv_SE\" \/>\n<meta property=\"og:type\" content=\"article\" \/>\n<meta property=\"og:title\" content=\"Zafu Crescent Meditationskudde Svart\" \/>\n<meta property=\"og:description\" content=\"Zafu Crescent Meditationskudde Svart \u00e4r en traditionell meditationskudde som g\u00f6r att du kan sitta komfortabelt med benen i kors. Fylld med recron fiberfyllining.\" \/>\n<meta property=\"og:url\" content=\"https:\/\/ouryogashop.com\/sv\/product\/zafu-crescent-meditationskudde-svart\/\" \/>\n<meta property=\"og:site_name\" content=\"OurYogaShop\" \/>\n<meta property=\"article:publisher\" content=\"https:\/\/www.facebook.com\/ouryogashopcom\/\" \/>\n<meta property=\"article:modified_time\" content=\"2024-01-17T10:19:08+00:00\" \/>\n<meta property=\"og:image\" content=\"https:\/\/ouryogashop.com\/wp-content\/uploads\/2020\/03\/yogamatters-crescent-meditation-cushion-new-lableblack-1-scaled.jpg\" \/>\n\t<meta property=\"og:image:width\" content=\"1532\" \/>\n\t<meta property=\"og:image:height\" content=\"2048\" \/>\n\t<meta property=\"og:image:type\" content=\"image\/jpeg\" \/>\n<meta name=\"twitter:card\" content=\"summary_large_image\" \/>\n<meta name=\"twitter:site\" content=\"@OurYogaShop\" \/>\n<meta name=\"twitter:label1\" content=\"Pris\" \/>\n\t<meta name=\"twitter:data1\" content=\"395,00&#107;&#114;\" \/>\n\t<meta name=\"twitter:label2\" content=\"Tillg\u00e4nglig\" \/>\n\t<meta name=\"twitter:data2\" content=\"I lager\" \/>\n<script type=\"application\/ld+json\" class=\"yoast-schema-graph\">{\"@context\":\"https:\\\/\\\/schema.org\",\"@graph\":[{\"@type\":\"WebPage\",\"@id\":\"https:\\\/\\\/ouryogashop.com\\\/sv\\\/product\\\/zafu-crescent-meditationskudde-svart\\\/\",\"url\":\"https:\\\/\\\/ouryogashop.com\\\/sv\\\/product\\\/zafu-crescent-meditationskudde-svart\\\/\",\"name\":\"Zafu Crescent Meditationskudde Svart - OurYogaShop\",\"isPartOf\":{\"@id\":\"https:\\\/\\\/ouryogashop.com\\\/sv\\\/#website\"},\"primaryImageOfPage\":{\"@id\":\"https:\\\/\\\/ouryogashop.com\\\/sv\\\/product\\\/zafu-crescent-meditationskudde-svart\\\/#primaryimage\"},\"image\":{\"@id\":\"https:\\\/\\\/ouryogashop.com\\\/sv\\\/product\\\/zafu-crescent-meditationskudde-svart\\\/#primaryimage\"},\"thumbnailUrl\":\"https:\\\/\\\/ouryogashop.com\\\/wp-content\\\/uploads\\\/2020\\\/03\\\/yogamatters-crescent-meditation-cushion-new-lableblack-1-scaled.jpg\",\"datePublished\":\"2020-03-11T02:16:53+00:00\",\"dateModified\":\"2024-01-17T10:19:08+00:00\",\"description\":\"Zafu Crescent Meditationskudde Svart \u00e4r en traditionell meditationskudde som g\u00f6r att du kan sitta komfortabelt med benen i kors. Fylld med recron fiberfyllining.\",\"breadcrumb\":{\"@id\":\"https:\\\/\\\/ouryogashop.com\\\/sv\\\/product\\\/zafu-crescent-meditationskudde-svart\\\/#breadcrumb\"},\"inLanguage\":\"sv-SE\",\"potentialAction\":[{\"@type\":\"ReadAction\",\"target\":[\"https:\\\/\\\/ouryogashop.com\\\/sv\\\/product\\\/zafu-crescent-meditationskudde-svart\\\/\"]}]},{\"@type\":\"ImageObject\",\"inLanguage\":\"sv-SE\",\"@id\":\"https:\\\/\\\/ouryogashop.com\\\/sv\\\/product\\\/zafu-crescent-meditationskudde-svart\\\/#primaryimage\",\"url\":\"https:\\\/\\\/ouryogashop.com\\\/wp-content\\\/uploads\\\/2020\\\/03\\\/yogamatters-crescent-meditation-cushion-new-lableblack-1-scaled.jpg\",\"contentUrl\":\"https:\\\/\\\/ouryogashop.com\\\/wp-content\\\/uploads\\\/2020\\\/03\\\/yogamatters-crescent-meditation-cushion-new-lableblack-1-scaled.jpg\",\"width\":1532,\"height\":2048,\"caption\":\"Zafu Crescent Meditationskudde Svart\"},{\"@type\":\"BreadcrumbList\",\"@id\":\"https:\\\/\\\/ouryogashop.com\\\/sv\\\/product\\\/zafu-crescent-meditationskudde-svart\\\/#breadcrumb\",\"itemListElement\":[{\"@type\":\"ListItem\",\"position\":1,\"name\":\"Hem\",\"item\":\"https:\\\/\\\/ouryogashop.com\\\/sv\\\/\"},{\"@type\":\"ListItem\",\"position\":2,\"name\":\"Yoga Butik\",\"item\":\"https:\\\/\\\/ouryogashop.com\\\/sv\\\/yoga-butik\\\/\"},{\"@type\":\"ListItem\",\"position\":3,\"name\":\"Yogabolster &amp; Kuddar\",\"item\":\"https:\\\/\\\/ouryogashop.com\\\/sv\\\/produkt-kategori\\\/yogabolster-kuddar\\\/\"},{\"@type\":\"ListItem\",\"position\":4,\"name\":\"Zafu Crescent Meditationskudde Svart\"}]},{\"@type\":\"WebSite\",\"@id\":\"https:\\\/\\\/ouryogashop.com\\\/sv\\\/#website\",\"url\":\"https:\\\/\\\/ouryogashop.com\\\/sv\\\/\",\"name\":\"OurYogaShop\",\"description\":\"The best yoga mats ever!\",\"publisher\":{\"@id\":\"https:\\\/\\\/ouryogashop.com\\\/sv\\\/#organization\"},\"potentialAction\":[{\"@type\":\"SearchAction\",\"target\":{\"@type\":\"EntryPoint\",\"urlTemplate\":\"https:\\\/\\\/ouryogashop.com\\\/sv\\\/?s={search_term_string}\"},\"query-input\":{\"@type\":\"PropertyValueSpecification\",\"valueRequired\":true,\"valueName\":\"search_term_string\"}}],\"inLanguage\":\"sv-SE\"},{\"@type\":\"Organization\",\"@id\":\"https:\\\/\\\/ouryogashop.com\\\/sv\\\/#organization\",\"name\":\"OurYogaShop\",\"url\":\"https:\\\/\\\/ouryogashop.com\\\/sv\\\/\",\"logo\":{\"@type\":\"ImageObject\",\"inLanguage\":\"sv-SE\",\"@id\":\"https:\\\/\\\/ouryogashop.com\\\/sv\\\/#\\\/schema\\\/logo\\\/image\\\/\",\"url\":\"https:\\\/\\\/ouryogashop.com\\\/wp-content\\\/uploads\\\/2019\\\/05\\\/OYS-Logo.png\",\"contentUrl\":\"https:\\\/\\\/ouryogashop.com\\\/wp-content\\\/uploads\\\/2019\\\/05\\\/OYS-Logo.png\",\"width\":500,\"height\":371,\"caption\":\"OurYogaShop\"},\"image\":{\"@id\":\"https:\\\/\\\/ouryogashop.com\\\/sv\\\/#\\\/schema\\\/logo\\\/image\\\/\"},\"sameAs\":[\"https:\\\/\\\/www.facebook.com\\\/ouryogashopcom\\\/\",\"https:\\\/\\\/x.com\\\/OurYogaShop\",\"https:\\\/\\\/www.instagram.com\\\/ouryogashop\\\/\"]}]}<\/script>\n<meta property=\"product:brand\" content=\"OurYogaShop\" \/>\n<meta property=\"product:price:amount\" content=\"395.00\" \/>\n<meta property=\"product:price:currency\" content=\"SEK\" \/>\n<meta property=\"og:availability\" content=\"instock\" \/>\n<meta property=\"product:availability\" content=\"instock\" \/>\n<meta property=\"product:retailer_item_id\" content=\"MA3411\" \/>\n<meta property=\"product:condition\" content=\"new\" \/>\n<!-- \/ Yoast SEO Premium plugin. -->","yoast_head_json":{"title":"Zafu Crescent Meditationskudde Svart - OurYogaShop","description":"Zafu Crescent Meditationskudde Svart \u00e4r en traditionell meditationskudde som g\u00f6r att du kan sitta komfortabelt med benen i kors. Fylld med recron fiberfyllining.","robots":{"index":"index","follow":"follow","max-snippet":"max-snippet:-1","max-image-preview":"max-image-preview:large","max-video-preview":"max-video-preview:-1"},"canonical":"https:\/\/ouryogashop.com\/sv\/product\/zafu-crescent-meditationskudde-svart\/","og_locale":"sv_SE","og_type":"article","og_title":"Zafu Crescent Meditationskudde Svart","og_description":"Zafu Crescent Meditationskudde Svart \u00e4r en traditionell meditationskudde som g\u00f6r att du kan sitta komfortabelt med benen i kors. Fylld med recron fiberfyllining.","og_url":"https:\/\/ouryogashop.com\/sv\/product\/zafu-crescent-meditationskudde-svart\/","og_site_name":"OurYogaShop","article_publisher":"https:\/\/www.facebook.com\/ouryogashopcom\/","article_modified_time":"2024-01-17T10:19:08+00:00","og_image":[{"width":1532,"height":2048,"url":"https:\/\/ouryogashop.com\/wp-content\/uploads\/2020\/03\/yogamatters-crescent-meditation-cushion-new-lableblack-1-scaled.jpg","type":"image\/jpeg"}],"twitter_card":"summary_large_image","twitter_site":"@OurYogaShop","twitter_misc":{"Pris":"395,00&#107;&#114;","Tillg\u00e4nglig":"I lager"},"schema":{"@context":"https:\/\/schema.org","@graph":[{"@type":"WebPage","@id":"https:\/\/ouryogashop.com\/sv\/product\/zafu-crescent-meditationskudde-svart\/","url":"https:\/\/ouryogashop.com\/sv\/product\/zafu-crescent-meditationskudde-svart\/","name":"Zafu Crescent Meditationskudde Svart - OurYogaShop","isPartOf":{"@id":"https:\/\/ouryogashop.com\/sv\/#website"},"primaryImageOfPage":{"@id":"https:\/\/ouryogashop.com\/sv\/product\/zafu-crescent-meditationskudde-svart\/#primaryimage"},"image":{"@id":"https:\/\/ouryogashop.com\/sv\/product\/zafu-crescent-meditationskudde-svart\/#primaryimage"},"thumbnailUrl":"https:\/\/ouryogashop.com\/wp-content\/uploads\/2020\/03\/yogamatters-crescent-meditation-cushion-new-lableblack-1-scaled.jpg","datePublished":"2020-03-11T02:16:53+00:00","dateModified":"2024-01-17T10:19:08+00:00","description":"Zafu Crescent Meditationskudde Svart \u00e4r en traditionell meditationskudde som g\u00f6r att du kan sitta komfortabelt med benen i kors. Fylld med recron fiberfyllining.","breadcrumb":{"@id":"https:\/\/ouryogashop.com\/sv\/product\/zafu-crescent-meditationskudde-svart\/#breadcrumb"},"inLanguage":"sv-SE","potentialAction":[{"@type":"ReadAction","target":["https:\/\/ouryogashop.com\/sv\/product\/zafu-crescent-meditationskudde-svart\/"]}]},{"@type":"ImageObject","inLanguage":"sv-SE","@id":"https:\/\/ouryogashop.com\/sv\/product\/zafu-crescent-meditationskudde-svart\/#primaryimage","url":"https:\/\/ouryogashop.com\/wp-content\/uploads\/2020\/03\/yogamatters-crescent-meditation-cushion-new-lableblack-1-scaled.jpg","contentUrl":"https:\/\/ouryogashop.com\/wp-content\/uploads\/2020\/03\/yogamatters-crescent-meditation-cushion-new-lableblack-1-scaled.jpg","width":1532,"height":2048,"caption":"Zafu Crescent Meditationskudde Svart"},{"@type":"BreadcrumbList","@id":"https:\/\/ouryogashop.com\/sv\/product\/zafu-crescent-meditationskudde-svart\/#breadcrumb","itemListElement":[{"@type":"ListItem","position":1,"name":"Hem","item":"https:\/\/ouryogashop.com\/sv\/"},{"@type":"ListItem","position":2,"name":"Yoga Butik","item":"https:\/\/ouryogashop.com\/sv\/yoga-butik\/"},{"@type":"ListItem","position":3,"name":"Yogabolster &amp; Kuddar","item":"https:\/\/ouryogashop.com\/sv\/produkt-kategori\/yogabolster-kuddar\/"},{"@type":"ListItem","position":4,"name":"Zafu Crescent Meditationskudde Svart"}]},{"@type":"WebSite","@id":"https:\/\/ouryogashop.com\/sv\/#website","url":"https:\/\/ouryogashop.com\/sv\/","name":"OurYogaShop","description":"The best yoga mats ever!","publisher":{"@id":"https:\/\/ouryogashop.com\/sv\/#organization"},"potentialAction":[{"@type":"SearchAction","target":{"@type":"EntryPoint","urlTemplate":"https:\/\/ouryogashop.com\/sv\/?s={search_term_string}"},"query-input":{"@type":"PropertyValueSpecification","valueRequired":true,"valueName":"search_term_string"}}],"inLanguage":"sv-SE"},{"@type":"Organization","@id":"https:\/\/ouryogashop.com\/sv\/#organization","name":"OurYogaShop","url":"https:\/\/ouryogashop.com\/sv\/","logo":{"@type":"ImageObject","inLanguage":"sv-SE","@id":"https:\/\/ouryogashop.com\/sv\/#\/schema\/logo\/image\/","url":"https:\/\/ouryogashop.com\/wp-content\/uploads\/2019\/05\/OYS-Logo.png","contentUrl":"https:\/\/ouryogashop.com\/wp-content\/uploads\/2019\/05\/OYS-Logo.png","width":500,"height":371,"caption":"OurYogaShop"},"image":{"@id":"https:\/\/ouryogashop.com\/sv\/#\/schema\/logo\/image\/"},"sameAs":["https:\/\/www.facebook.com\/ouryogashopcom\/","https:\/\/x.com\/OurYogaShop","https:\/\/www.instagram.com\/ouryogashop\/"]}]},"product_brand":"OurYogaShop","product_price_amount":"395.00","product_price_currency":"SEK","og_availability":"instock","product_availability":"instock","product_retailer_item_id":"MA3411","product_condition":"new"},"_links":{"self":[{"href":"https:\/\/ouryogashop.com\/sv\/wp-json\/wp\/v2\/product\/105496","targetHints":{"allow":["GET"]}}],"collection":[{"href":"https:\/\/ouryogashop.com\/sv\/wp-json\/wp\/v2\/product"}],"about":[{"href":"https:\/\/ouryogashop.com\/sv\/wp-json\/wp\/v2\/types\/product"}],"replies":[{"embeddable":true,"href":"https:\/\/ouryogashop.com\/sv\/wp-json\/wp\/v2\/comments?post=105496"}],"wp:featuredmedia":[{"embeddable":true,"href":"https:\/\/ouryogashop.com\/sv\/wp-json\/wp\/v2\/media\/105506"}],"wp:attachment":[{"href":"https:\/\/ouryogashop.com\/sv\/wp-json\/wp\/v2\/media?parent=105496"}],"wp:term":[{"taxonomy":"product_brand","embeddable":true,"href":"https:\/\/ouryogashop.com\/sv\/wp-json\/wp\/v2\/product_brand?post=105496"},{"taxonomy":"product_cat","embeddable":true,"href":"https:\/\/ouryogashop.com\/sv\/wp-json\/wp\/v2\/product_cat?post=105496"},{"taxonomy":"product_tag","embeddable":true,"href":"https:\/\/ouryogashop.com\/sv\/wp-json\/wp\/v2\/product_tag?post=105496"}],"curies":[{"name":"wp","href":"https:\/\/api.w.org\/{rel}","templated":true}]}}