{"id":140187,"date":"2020-07-01T13:18:03","date_gmt":"2020-07-01T11:18:03","guid":{"rendered":"https:\/\/ouryogashop.com\/?post_type=product&#038;p=140187"},"modified":"2024-01-17T12:16:32","modified_gmt":"2024-01-17T10:16:32","slug":"yoga-meditationskudde-crescent-kapok-vit","status":"publish","type":"product","link":"https:\/\/ouryogashop.com\/sv\/product\/yoga-meditationskudde-crescent-kapok-vit\/","title":{"rendered":"Yoga Meditationskudde Crescent Kapok White"},"content":{"rendered":"<div class=\"wpb-content-wrapper\"><p>[vc_row][vc_column width=&#8221;1\/1&#8243;][uncode_block id=&#8221;140112&#8243;][\/vc_column][\/vc_row][vc_row][vc_column width=&#8221;1\/1&#8243;][uncode_block id=&#8221;140120&#8243;][\/vc_column][\/vc_row][vc_row][vc_column width=&#8221;1\/1&#8243;][uncode_block id=&#8221;140103&#8243;][\/vc_column][\/vc_row][vc_row][vc_column width=&#8221;1\/1&#8243;][uncode_block id=&#8221;87608&#8243;][\/vc_column][\/vc_row]<\/p>\n<\/div>","protected":false},"excerpt":{"rendered":"<p>OOO Yoga Meditationskudde Halvm\u00e5ne Kapok. L\u00e4tt och elastisk, skapar st\u00f6d och vitalitet. Handtillverkad i Europa. V\u00e4lgjord, Giftfri, Ekologisk, Fuktavvisande. \u201cKeep Your Circles Positive\u201d<\/p>\n","protected":false},"featured_media":79793,"comment_status":"open","ping_status":"closed","template":"","meta":[],"product_brand":[],"product_cat":[1698,379,2597,2598,3051],"product_tag":[2601,2602,3054],"class_list":{"0":"post-140187","1":"product","2":"type-product","3":"status-publish","4":"has-post-thumbnail","6":"product_cat-yogabolster-kuddar","7":"product_cat-ooo-sv","8":"product_cat-meditationskudde","9":"product_cat-meditationskudde-crescent","10":"product_cat-meditationskudde-kapok","11":"product_tag-crescent-sv","12":"product_tag-ekologisk-meditationskudde","13":"product_tag-vit","14":"product_shipping_class-flera-produkter-sv","15":"pa_length-group-40cm-sv","16":"pa_material-kapok-sv","17":"pa_material-bomull","18":"pa_product-type-meditationskudde","19":"pa_product-type-crescentformad-kudde","20":"pa_thick-group-14cm-sv","21":"pa_weight-group-1-2-kg-sv","22":"pa_width-group-20cm-sv","24":"first","25":"instock","26":"taxable","27":"shipping-taxable","28":"purchasable","29":"product-type-simple"},"yoast_head":"<!-- This site is optimized with the Yoast SEO Premium plugin v27.5 (Yoast SEO v27.5) - https:\/\/yoast.com\/product\/yoast-seo-premium-wordpress\/ -->\n<title>Yoga Meditationskudde. Crescent Kapok Vit - OurYogaShop<\/title>\n<meta name=\"description\" content=\"Yoga Meditationskudde Halvm\u00e5ne Kapok OOO \u00e4r l\u00e4tt och fj\u00e4drande. Ger dig ett bra st\u00f6d. Handtillverkad i Europa. V\u00e4lgjord, Giftfri och Ekologisk.\" \/>\n<meta name=\"robots\" content=\"index, follow, max-snippet:-1, max-image-preview:large, max-video-preview:-1\" \/>\n<link rel=\"canonical\" href=\"https:\/\/ouryogashop.com\/sv\/product\/yoga-meditationskudde-crescent-kapok-vit\/\" \/>\n<meta property=\"og:locale\" content=\"sv_SE\" \/>\n<meta property=\"og:type\" content=\"article\" \/>\n<meta property=\"og:title\" content=\"Yoga Meditationskudde Crescent Kapok White\" \/>\n<meta property=\"og:description\" content=\"Yoga Meditationskudde Halvm\u00e5ne Kapok OOO \u00e4r l\u00e4tt och fj\u00e4drande. Ger dig ett bra st\u00f6d. Handtillverkad i Europa. V\u00e4lgjord, Giftfri och Ekologisk.\" \/>\n<meta property=\"og:url\" content=\"https:\/\/ouryogashop.com\/sv\/product\/yoga-meditationskudde-crescent-kapok-vit\/\" \/>\n<meta property=\"og:site_name\" content=\"OurYogaShop\" \/>\n<meta property=\"article:publisher\" content=\"https:\/\/www.facebook.com\/ouryogashopcom\/\" \/>\n<meta property=\"article:modified_time\" content=\"2024-01-17T10:16:32+00:00\" \/>\n<meta property=\"og:image\" content=\"https:\/\/ouryogashop.com\/wp-content\/uploads\/2019\/05\/zafu-white-kapok-ooo-3101-lay-1.jpg\" \/>\n\t<meta property=\"og:image:width\" content=\"500\" \/>\n\t<meta property=\"og:image:height\" content=\"500\" \/>\n\t<meta property=\"og:image:type\" content=\"image\/jpeg\" \/>\n<meta name=\"twitter:card\" content=\"summary_large_image\" \/>\n<meta name=\"twitter:site\" content=\"@OurYogaShop\" \/>\n<meta name=\"twitter:label1\" content=\"Pris\" \/>\n\t<meta name=\"twitter:data1\" content=\"545,00&#107;&#114;\" \/>\n\t<meta name=\"twitter:label2\" content=\"Tillg\u00e4nglig\" \/>\n\t<meta name=\"twitter:data2\" content=\"I lager\" \/>\n<script type=\"application\/ld+json\" class=\"yoast-schema-graph\">{\"@context\":\"https:\\\/\\\/schema.org\",\"@graph\":[{\"@type\":\"WebPage\",\"@id\":\"https:\\\/\\\/ouryogashop.com\\\/sv\\\/product\\\/yoga-meditationskudde-crescent-kapok-vit\\\/\",\"url\":\"https:\\\/\\\/ouryogashop.com\\\/sv\\\/product\\\/yoga-meditationskudde-crescent-kapok-vit\\\/\",\"name\":\"Yoga Meditationskudde. Crescent Kapok Vit - OurYogaShop\",\"isPartOf\":{\"@id\":\"https:\\\/\\\/ouryogashop.com\\\/sv\\\/#website\"},\"primaryImageOfPage\":{\"@id\":\"https:\\\/\\\/ouryogashop.com\\\/sv\\\/product\\\/yoga-meditationskudde-crescent-kapok-vit\\\/#primaryimage\"},\"image\":{\"@id\":\"https:\\\/\\\/ouryogashop.com\\\/sv\\\/product\\\/yoga-meditationskudde-crescent-kapok-vit\\\/#primaryimage\"},\"thumbnailUrl\":\"https:\\\/\\\/ouryogashop.com\\\/wp-content\\\/uploads\\\/2019\\\/05\\\/zafu-white-kapok-ooo-3101-lay-1.jpg\",\"datePublished\":\"2020-07-01T11:18:03+00:00\",\"dateModified\":\"2024-01-17T10:16:32+00:00\",\"description\":\"Yoga Meditationskudde Halvm\u00e5ne Kapok OOO \u00e4r l\u00e4tt och fj\u00e4drande. Ger dig ett bra st\u00f6d. Handtillverkad i Europa. V\u00e4lgjord, Giftfri och Ekologisk.\",\"breadcrumb\":{\"@id\":\"https:\\\/\\\/ouryogashop.com\\\/sv\\\/product\\\/yoga-meditationskudde-crescent-kapok-vit\\\/#breadcrumb\"},\"inLanguage\":\"sv-SE\",\"potentialAction\":[{\"@type\":\"ReadAction\",\"target\":[\"https:\\\/\\\/ouryogashop.com\\\/sv\\\/product\\\/yoga-meditationskudde-crescent-kapok-vit\\\/\"]}]},{\"@type\":\"ImageObject\",\"inLanguage\":\"sv-SE\",\"@id\":\"https:\\\/\\\/ouryogashop.com\\\/sv\\\/product\\\/yoga-meditationskudde-crescent-kapok-vit\\\/#primaryimage\",\"url\":\"https:\\\/\\\/ouryogashop.com\\\/wp-content\\\/uploads\\\/2019\\\/05\\\/zafu-white-kapok-ooo-3101-lay-1.jpg\",\"contentUrl\":\"https:\\\/\\\/ouryogashop.com\\\/wp-content\\\/uploads\\\/2019\\\/05\\\/zafu-white-kapok-ooo-3101-lay-1.jpg\",\"width\":500,\"height\":500,\"caption\":\"Yoga Meditationskudde Crescent Bovete Naturvit\"},{\"@type\":\"BreadcrumbList\",\"@id\":\"https:\\\/\\\/ouryogashop.com\\\/sv\\\/product\\\/yoga-meditationskudde-crescent-kapok-vit\\\/#breadcrumb\",\"itemListElement\":[{\"@type\":\"ListItem\",\"position\":1,\"name\":\"Hem\",\"item\":\"https:\\\/\\\/ouryogashop.com\\\/sv\\\/\"},{\"@type\":\"ListItem\",\"position\":2,\"name\":\"Yoga Butik\",\"item\":\"https:\\\/\\\/ouryogashop.com\\\/sv\\\/yoga-butik\\\/\"},{\"@type\":\"ListItem\",\"position\":3,\"name\":\"Yogabolster &amp; Kuddar\",\"item\":\"https:\\\/\\\/ouryogashop.com\\\/sv\\\/produkt-kategori\\\/yogabolster-kuddar\\\/\"},{\"@type\":\"ListItem\",\"position\":4,\"name\":\"Meditationskudde\",\"item\":\"https:\\\/\\\/ouryogashop.com\\\/sv\\\/produkt-kategori\\\/yogabolster-kuddar\\\/meditationskudde\\\/\"},{\"@type\":\"ListItem\",\"position\":5,\"name\":\"Yoga Meditationskudde Crescent Kapok White\"}]},{\"@type\":\"WebSite\",\"@id\":\"https:\\\/\\\/ouryogashop.com\\\/sv\\\/#website\",\"url\":\"https:\\\/\\\/ouryogashop.com\\\/sv\\\/\",\"name\":\"OurYogaShop\",\"description\":\"The best yoga mats ever!\",\"publisher\":{\"@id\":\"https:\\\/\\\/ouryogashop.com\\\/sv\\\/#organization\"},\"potentialAction\":[{\"@type\":\"SearchAction\",\"target\":{\"@type\":\"EntryPoint\",\"urlTemplate\":\"https:\\\/\\\/ouryogashop.com\\\/sv\\\/?s={search_term_string}\"},\"query-input\":{\"@type\":\"PropertyValueSpecification\",\"valueRequired\":true,\"valueName\":\"search_term_string\"}}],\"inLanguage\":\"sv-SE\"},{\"@type\":\"Organization\",\"@id\":\"https:\\\/\\\/ouryogashop.com\\\/sv\\\/#organization\",\"name\":\"OurYogaShop\",\"url\":\"https:\\\/\\\/ouryogashop.com\\\/sv\\\/\",\"logo\":{\"@type\":\"ImageObject\",\"inLanguage\":\"sv-SE\",\"@id\":\"https:\\\/\\\/ouryogashop.com\\\/sv\\\/#\\\/schema\\\/logo\\\/image\\\/\",\"url\":\"https:\\\/\\\/ouryogashop.com\\\/wp-content\\\/uploads\\\/2019\\\/05\\\/OYS-Logo.png\",\"contentUrl\":\"https:\\\/\\\/ouryogashop.com\\\/wp-content\\\/uploads\\\/2019\\\/05\\\/OYS-Logo.png\",\"width\":500,\"height\":371,\"caption\":\"OurYogaShop\"},\"image\":{\"@id\":\"https:\\\/\\\/ouryogashop.com\\\/sv\\\/#\\\/schema\\\/logo\\\/image\\\/\"},\"sameAs\":[\"https:\\\/\\\/www.facebook.com\\\/ouryogashopcom\\\/\",\"https:\\\/\\\/x.com\\\/OurYogaShop\",\"https:\\\/\\\/www.instagram.com\\\/ouryogashop\\\/\"]}]}<\/script>\n<meta property=\"product:brand\" content=\"OOO\" \/>\n<meta property=\"product:price:amount\" content=\"545.00\" \/>\n<meta property=\"product:price:currency\" content=\"SEK\" \/>\n<meta property=\"og:availability\" content=\"instock\" \/>\n<meta property=\"product:availability\" content=\"instock\" \/>\n<meta property=\"product:retailer_item_id\" content=\"OOO3301\" \/>\n<meta property=\"product:condition\" content=\"new\" \/>\n<!-- \/ Yoast SEO Premium plugin. -->","yoast_head_json":{"title":"Yoga Meditationskudde. Crescent Kapok Vit - OurYogaShop","description":"Yoga Meditationskudde Halvm\u00e5ne Kapok OOO \u00e4r l\u00e4tt och fj\u00e4drande. Ger dig ett bra st\u00f6d. Handtillverkad i Europa. V\u00e4lgjord, Giftfri och Ekologisk.","robots":{"index":"index","follow":"follow","max-snippet":"max-snippet:-1","max-image-preview":"max-image-preview:large","max-video-preview":"max-video-preview:-1"},"canonical":"https:\/\/ouryogashop.com\/sv\/product\/yoga-meditationskudde-crescent-kapok-vit\/","og_locale":"sv_SE","og_type":"article","og_title":"Yoga Meditationskudde Crescent Kapok White","og_description":"Yoga Meditationskudde Halvm\u00e5ne Kapok OOO \u00e4r l\u00e4tt och fj\u00e4drande. Ger dig ett bra st\u00f6d. Handtillverkad i Europa. V\u00e4lgjord, Giftfri och Ekologisk.","og_url":"https:\/\/ouryogashop.com\/sv\/product\/yoga-meditationskudde-crescent-kapok-vit\/","og_site_name":"OurYogaShop","article_publisher":"https:\/\/www.facebook.com\/ouryogashopcom\/","article_modified_time":"2024-01-17T10:16:32+00:00","og_image":[{"width":500,"height":500,"url":"https:\/\/ouryogashop.com\/wp-content\/uploads\/2019\/05\/zafu-white-kapok-ooo-3101-lay-1.jpg","type":"image\/jpeg"}],"twitter_card":"summary_large_image","twitter_site":"@OurYogaShop","twitter_misc":{"Pris":"545,00&#107;&#114;","Tillg\u00e4nglig":"I lager"},"schema":{"@context":"https:\/\/schema.org","@graph":[{"@type":"WebPage","@id":"https:\/\/ouryogashop.com\/sv\/product\/yoga-meditationskudde-crescent-kapok-vit\/","url":"https:\/\/ouryogashop.com\/sv\/product\/yoga-meditationskudde-crescent-kapok-vit\/","name":"Yoga Meditationskudde. Crescent Kapok Vit - OurYogaShop","isPartOf":{"@id":"https:\/\/ouryogashop.com\/sv\/#website"},"primaryImageOfPage":{"@id":"https:\/\/ouryogashop.com\/sv\/product\/yoga-meditationskudde-crescent-kapok-vit\/#primaryimage"},"image":{"@id":"https:\/\/ouryogashop.com\/sv\/product\/yoga-meditationskudde-crescent-kapok-vit\/#primaryimage"},"thumbnailUrl":"https:\/\/ouryogashop.com\/wp-content\/uploads\/2019\/05\/zafu-white-kapok-ooo-3101-lay-1.jpg","datePublished":"2020-07-01T11:18:03+00:00","dateModified":"2024-01-17T10:16:32+00:00","description":"Yoga Meditationskudde Halvm\u00e5ne Kapok OOO \u00e4r l\u00e4tt och fj\u00e4drande. Ger dig ett bra st\u00f6d. Handtillverkad i Europa. V\u00e4lgjord, Giftfri och Ekologisk.","breadcrumb":{"@id":"https:\/\/ouryogashop.com\/sv\/product\/yoga-meditationskudde-crescent-kapok-vit\/#breadcrumb"},"inLanguage":"sv-SE","potentialAction":[{"@type":"ReadAction","target":["https:\/\/ouryogashop.com\/sv\/product\/yoga-meditationskudde-crescent-kapok-vit\/"]}]},{"@type":"ImageObject","inLanguage":"sv-SE","@id":"https:\/\/ouryogashop.com\/sv\/product\/yoga-meditationskudde-crescent-kapok-vit\/#primaryimage","url":"https:\/\/ouryogashop.com\/wp-content\/uploads\/2019\/05\/zafu-white-kapok-ooo-3101-lay-1.jpg","contentUrl":"https:\/\/ouryogashop.com\/wp-content\/uploads\/2019\/05\/zafu-white-kapok-ooo-3101-lay-1.jpg","width":500,"height":500,"caption":"Yoga Meditationskudde Crescent Bovete Naturvit"},{"@type":"BreadcrumbList","@id":"https:\/\/ouryogashop.com\/sv\/product\/yoga-meditationskudde-crescent-kapok-vit\/#breadcrumb","itemListElement":[{"@type":"ListItem","position":1,"name":"Hem","item":"https:\/\/ouryogashop.com\/sv\/"},{"@type":"ListItem","position":2,"name":"Yoga Butik","item":"https:\/\/ouryogashop.com\/sv\/yoga-butik\/"},{"@type":"ListItem","position":3,"name":"Yogabolster &amp; Kuddar","item":"https:\/\/ouryogashop.com\/sv\/produkt-kategori\/yogabolster-kuddar\/"},{"@type":"ListItem","position":4,"name":"Meditationskudde","item":"https:\/\/ouryogashop.com\/sv\/produkt-kategori\/yogabolster-kuddar\/meditationskudde\/"},{"@type":"ListItem","position":5,"name":"Yoga Meditationskudde Crescent Kapok White"}]},{"@type":"WebSite","@id":"https:\/\/ouryogashop.com\/sv\/#website","url":"https:\/\/ouryogashop.com\/sv\/","name":"OurYogaShop","description":"The best yoga mats ever!","publisher":{"@id":"https:\/\/ouryogashop.com\/sv\/#organization"},"potentialAction":[{"@type":"SearchAction","target":{"@type":"EntryPoint","urlTemplate":"https:\/\/ouryogashop.com\/sv\/?s={search_term_string}"},"query-input":{"@type":"PropertyValueSpecification","valueRequired":true,"valueName":"search_term_string"}}],"inLanguage":"sv-SE"},{"@type":"Organization","@id":"https:\/\/ouryogashop.com\/sv\/#organization","name":"OurYogaShop","url":"https:\/\/ouryogashop.com\/sv\/","logo":{"@type":"ImageObject","inLanguage":"sv-SE","@id":"https:\/\/ouryogashop.com\/sv\/#\/schema\/logo\/image\/","url":"https:\/\/ouryogashop.com\/wp-content\/uploads\/2019\/05\/OYS-Logo.png","contentUrl":"https:\/\/ouryogashop.com\/wp-content\/uploads\/2019\/05\/OYS-Logo.png","width":500,"height":371,"caption":"OurYogaShop"},"image":{"@id":"https:\/\/ouryogashop.com\/sv\/#\/schema\/logo\/image\/"},"sameAs":["https:\/\/www.facebook.com\/ouryogashopcom\/","https:\/\/x.com\/OurYogaShop","https:\/\/www.instagram.com\/ouryogashop\/"]}]},"product_brand":"OOO","product_price_amount":"545.00","product_price_currency":"SEK","og_availability":"instock","product_availability":"instock","product_retailer_item_id":"OOO3301","product_condition":"new"},"_links":{"self":[{"href":"https:\/\/ouryogashop.com\/sv\/wp-json\/wp\/v2\/product\/140187","targetHints":{"allow":["GET"]}}],"collection":[{"href":"https:\/\/ouryogashop.com\/sv\/wp-json\/wp\/v2\/product"}],"about":[{"href":"https:\/\/ouryogashop.com\/sv\/wp-json\/wp\/v2\/types\/product"}],"replies":[{"embeddable":true,"href":"https:\/\/ouryogashop.com\/sv\/wp-json\/wp\/v2\/comments?post=140187"}],"wp:featuredmedia":[{"embeddable":true,"href":"https:\/\/ouryogashop.com\/sv\/wp-json\/wp\/v2\/media\/79793"}],"wp:attachment":[{"href":"https:\/\/ouryogashop.com\/sv\/wp-json\/wp\/v2\/media?parent=140187"}],"wp:term":[{"taxonomy":"product_brand","embeddable":true,"href":"https:\/\/ouryogashop.com\/sv\/wp-json\/wp\/v2\/product_brand?post=140187"},{"taxonomy":"product_cat","embeddable":true,"href":"https:\/\/ouryogashop.com\/sv\/wp-json\/wp\/v2\/product_cat?post=140187"},{"taxonomy":"product_tag","embeddable":true,"href":"https:\/\/ouryogashop.com\/sv\/wp-json\/wp\/v2\/product_tag?post=140187"}],"curies":[{"name":"wp","href":"https:\/\/api.w.org\/{rel}","templated":true}]}}