{"id":140473,"date":"2020-07-06T13:05:45","date_gmt":"2020-07-06T11:05:45","guid":{"rendered":"https:\/\/ouryogashop.com\/?post_type=product&#038;p=140473"},"modified":"2022-08-17T15:57:57","modified_gmt":"2022-08-17T13:57:57","slug":"kraften-bakom-yoga-ashtangayogans-atta-delar-enligt-sri-k-pattabhi-jois","status":"publish","type":"product","link":"https:\/\/ouryogashop.com\/sv\/product\/kraften-bakom-yoga-ashtangayogans-atta-delar-enligt-sri-k-pattabhi-jois\/","title":{"rendered":"Kraften bakom yoga &#8211; Ashtangayogans \u00e5tta delar enligt Sri K. Pattabhi Jois"},"content":{"rendered":"<div class=\"wpb-content-wrapper\"><p>[vc_row][vc_column width=&#8221;1\/1&#8243;][uncode_block id=&#8221;140363&#8243;][\/vc_column][\/vc_row]<\/p>\n<\/div>","protected":false},"excerpt":{"rendered":"<h2>Kraften bakom yoga &#8211; Ashtangayogans \u00e5tta delar enligt Sri K. Pattabhi Jois av Petri R\u00e4is\u00e4nen.<\/h2>\n<p>Ashtangayogans \u00e5tta delar under Sri K. Pattabhi Jois. En komplett bok om ashtangayoga och yogans \u00e5tta olika steg. Den erk\u00e4nde yogal\u00e4raren Petri Raisanen visar alla \u00f6vningar i yogans f\u00f6rstaserie i tydliga bildserier. Vi kan l\u00e4sa om det meditativa, det fysiska och filosofiska, historiker och grundandet av ashtangayoga och hur vi f\u00e5r in yogan i vardagen i v\u00e5rt moderna liv. \u201dDo your practice, and everything will follow\u201d Sri K. Pattabhi Jois.<\/p>\n<p>Format &#8211; Inbunden<\/p>\n<p>Spr\u00e5k &#8211; Svenska<\/p>\n<p>Antal sidor &#8211; 189<\/p>\n<p>Utgivningsdatum &#8211; 2013-04-25<\/p>\n<p>Dimensioner &#8211; 218 x 236 x 18 mm<\/p>\n<p>Vikt &#8211; 898 g<\/p>\n<p>&nbsp;<\/p>\n","protected":false},"featured_media":157771,"comment_status":"open","ping_status":"closed","template":"","meta":[],"product_brand":[],"product_cat":[3074,3073],"product_tag":[3077,3136,3137],"class_list":{"0":"post-140473","1":"product","2":"type-product","3":"status-publish","4":"has-post-thumbnail","6":"product_cat-yoga-bocker","7":"product_cat-yogalitteratur","8":"product_tag-book-sv","9":"product_tag-petri-raisanen-sv","10":"product_tag-ashtanga-sv","11":"product_shipping_class-flera-produkter-sv","13":"first","14":"instock","15":"taxable","16":"shipping-taxable","17":"purchasable","18":"product-type-simple"},"yoast_head":"<!-- This site is optimized with the Yoast SEO Premium plugin v27.5 (Yoast SEO v27.5) - https:\/\/yoast.com\/product\/yoast-seo-premium-wordpress\/ -->\n<title>Kraften bakom yoga - Ashtangayogans \u00e5tta delar enligt Sri K. Pattabhi Jois - OurYogaShop<\/title>\n<meta name=\"description\" content=\"En komplett bok om ashtangayoga och yogans \u00e5tta olika steg. Yogal\u00e4raren Petri R\u00e4is\u00e4nen visar \u00e4ven alla \u00f6vningar i yogans f\u00f6rstaserie i tydliga bildserier.\" \/>\n<meta name=\"robots\" content=\"index, follow, max-snippet:-1, max-image-preview:large, max-video-preview:-1\" \/>\n<link rel=\"canonical\" href=\"https:\/\/ouryogashop.com\/sv\/product\/kraften-bakom-yoga-ashtangayogans-atta-delar-enligt-sri-k-pattabhi-jois\/\" \/>\n<meta property=\"og:locale\" content=\"sv_SE\" \/>\n<meta property=\"og:type\" content=\"article\" \/>\n<meta property=\"og:title\" content=\"Kraften bakom yoga - Ashtangayogans \u00e5tta delar enligt Sri K. Pattabhi Jois\" \/>\n<meta property=\"og:description\" content=\"En komplett bok om ashtangayoga och yogans \u00e5tta olika steg. Yogal\u00e4raren Petri R\u00e4is\u00e4nen visar \u00e4ven alla \u00f6vningar i yogans f\u00f6rstaserie i tydliga bildserier.\" \/>\n<meta property=\"og:url\" content=\"https:\/\/ouryogashop.com\/sv\/product\/kraften-bakom-yoga-ashtangayogans-atta-delar-enligt-sri-k-pattabhi-jois\/\" \/>\n<meta property=\"og:site_name\" content=\"OurYogaShop\" \/>\n<meta property=\"article:publisher\" content=\"https:\/\/www.facebook.com\/ouryogashopcom\/\" \/>\n<meta property=\"article:modified_time\" content=\"2022-08-17T13:57:57+00:00\" \/>\n<meta property=\"og:image\" content=\"https:\/\/ouryogashop.com\/wp-content\/uploads\/2020\/07\/Kraften_bakom_yoga_Petri_Raisanen-1.jpg\" \/>\n\t<meta property=\"og:image:width\" content=\"609\" \/>\n\t<meta property=\"og:image:height\" content=\"661\" \/>\n\t<meta property=\"og:image:type\" content=\"image\/jpeg\" \/>\n<meta name=\"twitter:card\" content=\"summary_large_image\" \/>\n<meta name=\"twitter:site\" content=\"@OurYogaShop\" \/>\n<meta name=\"twitter:label1\" content=\"Pris\" \/>\n\t<meta name=\"twitter:data1\" content=\"299,00&#107;&#114;\" \/>\n\t<meta name=\"twitter:label2\" content=\"Tillg\u00e4nglig\" \/>\n\t<meta name=\"twitter:data2\" content=\"I lager\" \/>\n<script type=\"application\/ld+json\" class=\"yoast-schema-graph\">{\"@context\":\"https:\\\/\\\/schema.org\",\"@graph\":[{\"@type\":\"WebPage\",\"@id\":\"https:\\\/\\\/ouryogashop.com\\\/sv\\\/product\\\/kraften-bakom-yoga-ashtangayogans-atta-delar-enligt-sri-k-pattabhi-jois\\\/\",\"url\":\"https:\\\/\\\/ouryogashop.com\\\/sv\\\/product\\\/kraften-bakom-yoga-ashtangayogans-atta-delar-enligt-sri-k-pattabhi-jois\\\/\",\"name\":\"Kraften bakom yoga - Ashtangayogans \u00e5tta delar enligt Sri K. Pattabhi Jois - OurYogaShop\",\"isPartOf\":{\"@id\":\"https:\\\/\\\/ouryogashop.com\\\/sv\\\/#website\"},\"primaryImageOfPage\":{\"@id\":\"https:\\\/\\\/ouryogashop.com\\\/sv\\\/product\\\/kraften-bakom-yoga-ashtangayogans-atta-delar-enligt-sri-k-pattabhi-jois\\\/#primaryimage\"},\"image\":{\"@id\":\"https:\\\/\\\/ouryogashop.com\\\/sv\\\/product\\\/kraften-bakom-yoga-ashtangayogans-atta-delar-enligt-sri-k-pattabhi-jois\\\/#primaryimage\"},\"thumbnailUrl\":\"https:\\\/\\\/ouryogashop.com\\\/wp-content\\\/uploads\\\/2020\\\/07\\\/Kraften_bakom_yoga_Petri_Raisanen-1.jpg\",\"datePublished\":\"2020-07-06T11:05:45+00:00\",\"dateModified\":\"2022-08-17T13:57:57+00:00\",\"description\":\"En komplett bok om ashtangayoga och yogans \u00e5tta olika steg. Yogal\u00e4raren Petri R\u00e4is\u00e4nen visar \u00e4ven alla \u00f6vningar i yogans f\u00f6rstaserie i tydliga bildserier.\",\"breadcrumb\":{\"@id\":\"https:\\\/\\\/ouryogashop.com\\\/sv\\\/product\\\/kraften-bakom-yoga-ashtangayogans-atta-delar-enligt-sri-k-pattabhi-jois\\\/#breadcrumb\"},\"inLanguage\":\"sv-SE\",\"potentialAction\":[{\"@type\":\"ReadAction\",\"target\":[\"https:\\\/\\\/ouryogashop.com\\\/sv\\\/product\\\/kraften-bakom-yoga-ashtangayogans-atta-delar-enligt-sri-k-pattabhi-jois\\\/\"]}]},{\"@type\":\"ImageObject\",\"inLanguage\":\"sv-SE\",\"@id\":\"https:\\\/\\\/ouryogashop.com\\\/sv\\\/product\\\/kraften-bakom-yoga-ashtangayogans-atta-delar-enligt-sri-k-pattabhi-jois\\\/#primaryimage\",\"url\":\"https:\\\/\\\/ouryogashop.com\\\/wp-content\\\/uploads\\\/2020\\\/07\\\/Kraften_bakom_yoga_Petri_Raisanen-1.jpg\",\"contentUrl\":\"https:\\\/\\\/ouryogashop.com\\\/wp-content\\\/uploads\\\/2020\\\/07\\\/Kraften_bakom_yoga_Petri_Raisanen-1.jpg\",\"width\":609,\"height\":661},{\"@type\":\"BreadcrumbList\",\"@id\":\"https:\\\/\\\/ouryogashop.com\\\/sv\\\/product\\\/kraften-bakom-yoga-ashtangayogans-atta-delar-enligt-sri-k-pattabhi-jois\\\/#breadcrumb\",\"itemListElement\":[{\"@type\":\"ListItem\",\"position\":1,\"name\":\"Hem\",\"item\":\"https:\\\/\\\/ouryogashop.com\\\/sv\\\/\"},{\"@type\":\"ListItem\",\"position\":2,\"name\":\"Yoga Butik\",\"item\":\"https:\\\/\\\/ouryogashop.com\\\/sv\\\/yoga-butik\\\/\"},{\"@type\":\"ListItem\",\"position\":3,\"name\":\"Yogalitteratur\",\"item\":\"https:\\\/\\\/ouryogashop.com\\\/sv\\\/produkt-kategori\\\/yogalitteratur\\\/\"},{\"@type\":\"ListItem\",\"position\":4,\"name\":\"Yoga B\u00f6cker\",\"item\":\"https:\\\/\\\/ouryogashop.com\\\/sv\\\/produkt-kategori\\\/yogalitteratur\\\/yoga-bocker\\\/\"},{\"@type\":\"ListItem\",\"position\":5,\"name\":\"Kraften bakom yoga &#8211; Ashtangayogans \u00e5tta delar enligt Sri K. Pattabhi Jois\"}]},{\"@type\":\"WebSite\",\"@id\":\"https:\\\/\\\/ouryogashop.com\\\/sv\\\/#website\",\"url\":\"https:\\\/\\\/ouryogashop.com\\\/sv\\\/\",\"name\":\"OurYogaShop\",\"description\":\"The best yoga mats ever!\",\"publisher\":{\"@id\":\"https:\\\/\\\/ouryogashop.com\\\/sv\\\/#organization\"},\"potentialAction\":[{\"@type\":\"SearchAction\",\"target\":{\"@type\":\"EntryPoint\",\"urlTemplate\":\"https:\\\/\\\/ouryogashop.com\\\/sv\\\/?s={search_term_string}\"},\"query-input\":{\"@type\":\"PropertyValueSpecification\",\"valueRequired\":true,\"valueName\":\"search_term_string\"}}],\"inLanguage\":\"sv-SE\"},{\"@type\":\"Organization\",\"@id\":\"https:\\\/\\\/ouryogashop.com\\\/sv\\\/#organization\",\"name\":\"OurYogaShop\",\"url\":\"https:\\\/\\\/ouryogashop.com\\\/sv\\\/\",\"logo\":{\"@type\":\"ImageObject\",\"inLanguage\":\"sv-SE\",\"@id\":\"https:\\\/\\\/ouryogashop.com\\\/sv\\\/#\\\/schema\\\/logo\\\/image\\\/\",\"url\":\"https:\\\/\\\/ouryogashop.com\\\/wp-content\\\/uploads\\\/2019\\\/05\\\/OYS-Logo.png\",\"contentUrl\":\"https:\\\/\\\/ouryogashop.com\\\/wp-content\\\/uploads\\\/2019\\\/05\\\/OYS-Logo.png\",\"width\":500,\"height\":371,\"caption\":\"OurYogaShop\"},\"image\":{\"@id\":\"https:\\\/\\\/ouryogashop.com\\\/sv\\\/#\\\/schema\\\/logo\\\/image\\\/\"},\"sameAs\":[\"https:\\\/\\\/www.facebook.com\\\/ouryogashopcom\\\/\",\"https:\\\/\\\/x.com\\\/OurYogaShop\",\"https:\\\/\\\/www.instagram.com\\\/ouryogashop\\\/\"]}]}<\/script>\n<meta property=\"product:price:amount\" content=\"299.00\" \/>\n<meta property=\"product:price:currency\" content=\"SEK\" \/>\n<meta property=\"og:availability\" content=\"instock\" \/>\n<meta property=\"product:availability\" content=\"instock\" \/>\n<meta property=\"product:retailer_item_id\" content=\"OYS20003\" \/>\n<meta property=\"product:condition\" content=\"new\" \/>\n<!-- \/ Yoast SEO Premium plugin. -->","yoast_head_json":{"title":"Kraften bakom yoga - Ashtangayogans \u00e5tta delar enligt Sri K. Pattabhi Jois - OurYogaShop","description":"En komplett bok om ashtangayoga och yogans \u00e5tta olika steg. Yogal\u00e4raren Petri R\u00e4is\u00e4nen visar \u00e4ven alla \u00f6vningar i yogans f\u00f6rstaserie i tydliga bildserier.","robots":{"index":"index","follow":"follow","max-snippet":"max-snippet:-1","max-image-preview":"max-image-preview:large","max-video-preview":"max-video-preview:-1"},"canonical":"https:\/\/ouryogashop.com\/sv\/product\/kraften-bakom-yoga-ashtangayogans-atta-delar-enligt-sri-k-pattabhi-jois\/","og_locale":"sv_SE","og_type":"article","og_title":"Kraften bakom yoga - Ashtangayogans \u00e5tta delar enligt Sri K. Pattabhi Jois","og_description":"En komplett bok om ashtangayoga och yogans \u00e5tta olika steg. Yogal\u00e4raren Petri R\u00e4is\u00e4nen visar \u00e4ven alla \u00f6vningar i yogans f\u00f6rstaserie i tydliga bildserier.","og_url":"https:\/\/ouryogashop.com\/sv\/product\/kraften-bakom-yoga-ashtangayogans-atta-delar-enligt-sri-k-pattabhi-jois\/","og_site_name":"OurYogaShop","article_publisher":"https:\/\/www.facebook.com\/ouryogashopcom\/","article_modified_time":"2022-08-17T13:57:57+00:00","og_image":[{"width":609,"height":661,"url":"https:\/\/ouryogashop.com\/wp-content\/uploads\/2020\/07\/Kraften_bakom_yoga_Petri_Raisanen-1.jpg","type":"image\/jpeg"}],"twitter_card":"summary_large_image","twitter_site":"@OurYogaShop","twitter_misc":{"Pris":"299,00&#107;&#114;","Tillg\u00e4nglig":"I lager"},"schema":{"@context":"https:\/\/schema.org","@graph":[{"@type":"WebPage","@id":"https:\/\/ouryogashop.com\/sv\/product\/kraften-bakom-yoga-ashtangayogans-atta-delar-enligt-sri-k-pattabhi-jois\/","url":"https:\/\/ouryogashop.com\/sv\/product\/kraften-bakom-yoga-ashtangayogans-atta-delar-enligt-sri-k-pattabhi-jois\/","name":"Kraften bakom yoga - Ashtangayogans \u00e5tta delar enligt Sri K. Pattabhi Jois - OurYogaShop","isPartOf":{"@id":"https:\/\/ouryogashop.com\/sv\/#website"},"primaryImageOfPage":{"@id":"https:\/\/ouryogashop.com\/sv\/product\/kraften-bakom-yoga-ashtangayogans-atta-delar-enligt-sri-k-pattabhi-jois\/#primaryimage"},"image":{"@id":"https:\/\/ouryogashop.com\/sv\/product\/kraften-bakom-yoga-ashtangayogans-atta-delar-enligt-sri-k-pattabhi-jois\/#primaryimage"},"thumbnailUrl":"https:\/\/ouryogashop.com\/wp-content\/uploads\/2020\/07\/Kraften_bakom_yoga_Petri_Raisanen-1.jpg","datePublished":"2020-07-06T11:05:45+00:00","dateModified":"2022-08-17T13:57:57+00:00","description":"En komplett bok om ashtangayoga och yogans \u00e5tta olika steg. Yogal\u00e4raren Petri R\u00e4is\u00e4nen visar \u00e4ven alla \u00f6vningar i yogans f\u00f6rstaserie i tydliga bildserier.","breadcrumb":{"@id":"https:\/\/ouryogashop.com\/sv\/product\/kraften-bakom-yoga-ashtangayogans-atta-delar-enligt-sri-k-pattabhi-jois\/#breadcrumb"},"inLanguage":"sv-SE","potentialAction":[{"@type":"ReadAction","target":["https:\/\/ouryogashop.com\/sv\/product\/kraften-bakom-yoga-ashtangayogans-atta-delar-enligt-sri-k-pattabhi-jois\/"]}]},{"@type":"ImageObject","inLanguage":"sv-SE","@id":"https:\/\/ouryogashop.com\/sv\/product\/kraften-bakom-yoga-ashtangayogans-atta-delar-enligt-sri-k-pattabhi-jois\/#primaryimage","url":"https:\/\/ouryogashop.com\/wp-content\/uploads\/2020\/07\/Kraften_bakom_yoga_Petri_Raisanen-1.jpg","contentUrl":"https:\/\/ouryogashop.com\/wp-content\/uploads\/2020\/07\/Kraften_bakom_yoga_Petri_Raisanen-1.jpg","width":609,"height":661},{"@type":"BreadcrumbList","@id":"https:\/\/ouryogashop.com\/sv\/product\/kraften-bakom-yoga-ashtangayogans-atta-delar-enligt-sri-k-pattabhi-jois\/#breadcrumb","itemListElement":[{"@type":"ListItem","position":1,"name":"Hem","item":"https:\/\/ouryogashop.com\/sv\/"},{"@type":"ListItem","position":2,"name":"Yoga Butik","item":"https:\/\/ouryogashop.com\/sv\/yoga-butik\/"},{"@type":"ListItem","position":3,"name":"Yogalitteratur","item":"https:\/\/ouryogashop.com\/sv\/produkt-kategori\/yogalitteratur\/"},{"@type":"ListItem","position":4,"name":"Yoga B\u00f6cker","item":"https:\/\/ouryogashop.com\/sv\/produkt-kategori\/yogalitteratur\/yoga-bocker\/"},{"@type":"ListItem","position":5,"name":"Kraften bakom yoga &#8211; Ashtangayogans \u00e5tta delar enligt Sri K. Pattabhi Jois"}]},{"@type":"WebSite","@id":"https:\/\/ouryogashop.com\/sv\/#website","url":"https:\/\/ouryogashop.com\/sv\/","name":"OurYogaShop","description":"The best yoga mats ever!","publisher":{"@id":"https:\/\/ouryogashop.com\/sv\/#organization"},"potentialAction":[{"@type":"SearchAction","target":{"@type":"EntryPoint","urlTemplate":"https:\/\/ouryogashop.com\/sv\/?s={search_term_string}"},"query-input":{"@type":"PropertyValueSpecification","valueRequired":true,"valueName":"search_term_string"}}],"inLanguage":"sv-SE"},{"@type":"Organization","@id":"https:\/\/ouryogashop.com\/sv\/#organization","name":"OurYogaShop","url":"https:\/\/ouryogashop.com\/sv\/","logo":{"@type":"ImageObject","inLanguage":"sv-SE","@id":"https:\/\/ouryogashop.com\/sv\/#\/schema\/logo\/image\/","url":"https:\/\/ouryogashop.com\/wp-content\/uploads\/2019\/05\/OYS-Logo.png","contentUrl":"https:\/\/ouryogashop.com\/wp-content\/uploads\/2019\/05\/OYS-Logo.png","width":500,"height":371,"caption":"OurYogaShop"},"image":{"@id":"https:\/\/ouryogashop.com\/sv\/#\/schema\/logo\/image\/"},"sameAs":["https:\/\/www.facebook.com\/ouryogashopcom\/","https:\/\/x.com\/OurYogaShop","https:\/\/www.instagram.com\/ouryogashop\/"]}]},"product_price_amount":"299.00","product_price_currency":"SEK","og_availability":"instock","product_availability":"instock","product_retailer_item_id":"OYS20003","product_condition":"new"},"_links":{"self":[{"href":"https:\/\/ouryogashop.com\/sv\/wp-json\/wp\/v2\/product\/140473","targetHints":{"allow":["GET"]}}],"collection":[{"href":"https:\/\/ouryogashop.com\/sv\/wp-json\/wp\/v2\/product"}],"about":[{"href":"https:\/\/ouryogashop.com\/sv\/wp-json\/wp\/v2\/types\/product"}],"replies":[{"embeddable":true,"href":"https:\/\/ouryogashop.com\/sv\/wp-json\/wp\/v2\/comments?post=140473"}],"wp:featuredmedia":[{"embeddable":true,"href":"https:\/\/ouryogashop.com\/sv\/wp-json\/wp\/v2\/media\/157771"}],"wp:attachment":[{"href":"https:\/\/ouryogashop.com\/sv\/wp-json\/wp\/v2\/media?parent=140473"}],"wp:term":[{"taxonomy":"product_brand","embeddable":true,"href":"https:\/\/ouryogashop.com\/sv\/wp-json\/wp\/v2\/product_brand?post=140473"},{"taxonomy":"product_cat","embeddable":true,"href":"https:\/\/ouryogashop.com\/sv\/wp-json\/wp\/v2\/product_cat?post=140473"},{"taxonomy":"product_tag","embeddable":true,"href":"https:\/\/ouryogashop.com\/sv\/wp-json\/wp\/v2\/product_tag?post=140473"}],"curies":[{"name":"wp","href":"https:\/\/api.w.org\/{rel}","templated":true}]}}