{"id":140477,"date":"2020-07-06T13:24:38","date_gmt":"2020-07-06T11:24:38","guid":{"rendered":"https:\/\/ouryogashop.com\/?post_type=product&#038;p=140477"},"modified":"2021-03-15T12:54:34","modified_gmt":"2021-03-15T10:54:34","slug":"ashtanga-yoga-david-swenson","status":"publish","type":"product","link":"https:\/\/ouryogashop.com\/sv\/product\/ashtanga-yoga-david-swenson\/","title":{"rendered":"Ashtanga Yoga &#8211; David Swenson"},"content":{"rendered":"<div class=\"wpb-content-wrapper\"><p>[vc_row][vc_column width=&#8221;1\/1&#8243;][uncode_block id=&#8221;140363&#8243;][\/vc_column][\/vc_row]<\/p>\n<\/div>","protected":false},"excerpt":{"rendered":"<h2>Ashtanga Yoga &#8211; David Swenson<\/h2>\n<p>Denna bok inneh\u00e5ller information om ashtangayogans hela f\u00f6rsta och andra serie med tre alternativ f\u00f6r varje asana. Den \u00e4r enkel att anv\u00e4nda medan du tr\u00e4nar. Inneh\u00e5ller bilder med tydliga f\u00f6rklaringar och kommentarer. En underbar bok f\u00f6r alla niv\u00e5er. Ett ov\u00e4rderligt verktyg f\u00f6r l\u00e4rare att dela med sina elever.<\/p>\n<p>Spr\u00e5k &#8211; Engelska<\/p>\n<p>Antal sidor &#8211; 262<\/p>\n<p>Utgivningsdatum &#8211; 2007-02-01<\/p>\n<p>M\u00e5tt &#8211; 270 x 250 x 20 mm<\/p>\n<p>Vikt &#8211; 871 g<\/p>\n<p>&nbsp;<\/p>\n","protected":false},"featured_media":163377,"comment_status":"open","ping_status":"closed","template":"","meta":[],"product_brand":[],"product_cat":[3074,3073],"product_tag":[3077,3137,3139],"class_list":{"0":"post-140477","1":"product","2":"type-product","3":"status-publish","4":"has-post-thumbnail","6":"product_cat-yoga-bocker","7":"product_cat-yogalitteratur","8":"product_tag-book-sv","9":"product_tag-ashtanga-sv","10":"product_tag-david-swenson-sv","11":"product_shipping_class-flera-produkter-sv","13":"first","14":"instock","15":"taxable","16":"shipping-taxable","17":"purchasable","18":"product-type-simple"},"yoast_head":"<!-- This site is optimized with the Yoast SEO Premium plugin v27.5 (Yoast SEO v27.5) - https:\/\/yoast.com\/product\/yoast-seo-premium-wordpress\/ -->\n<title>Ashtanga Yoga - David Swenson - OurYogaShop<\/title>\n<meta name=\"description\" content=\"Denna bok inneh\u00e5ller bilder och tydlig information om ashtanga yogans f\u00f6rsta och andra serie med tre alternativ f\u00f6r varje asana.\" \/>\n<meta name=\"robots\" content=\"index, follow, max-snippet:-1, max-image-preview:large, max-video-preview:-1\" \/>\n<link rel=\"canonical\" href=\"https:\/\/ouryogashop.com\/sv\/product\/ashtanga-yoga-david-swenson\/\" \/>\n<meta property=\"og:locale\" content=\"sv_SE\" \/>\n<meta property=\"og:type\" content=\"article\" \/>\n<meta property=\"og:title\" content=\"Ashtanga Yoga - David Swenson\" \/>\n<meta property=\"og:description\" content=\"Denna bok inneh\u00e5ller bilder och tydlig information om ashtanga yogans f\u00f6rsta och andra serie med tre alternativ f\u00f6r varje asana.\" \/>\n<meta property=\"og:url\" content=\"https:\/\/ouryogashop.com\/sv\/product\/ashtanga-yoga-david-swenson\/\" \/>\n<meta property=\"og:site_name\" content=\"OurYogaShop\" \/>\n<meta property=\"article:publisher\" content=\"https:\/\/www.facebook.com\/ouryogashopcom\/\" \/>\n<meta property=\"article:modified_time\" content=\"2021-03-15T10:54:34+00:00\" \/>\n<meta property=\"og:image\" content=\"https:\/\/ouryogashop.com\/wp-content\/uploads\/2020\/07\/ashtanga-yoga-david-swenson.jpg\" \/>\n\t<meta property=\"og:image:width\" content=\"200\" \/>\n\t<meta property=\"og:image:height\" content=\"220\" \/>\n\t<meta property=\"og:image:type\" content=\"image\/jpeg\" \/>\n<meta name=\"twitter:card\" content=\"summary_large_image\" \/>\n<meta name=\"twitter:site\" content=\"@OurYogaShop\" \/>\n<meta name=\"twitter:label1\" content=\"Pris\" \/>\n\t<meta name=\"twitter:data1\" content=\"399,00&#107;&#114;\" \/>\n\t<meta name=\"twitter:label2\" content=\"Tillg\u00e4nglig\" \/>\n\t<meta name=\"twitter:data2\" content=\"I lager\" \/>\n<script type=\"application\/ld+json\" class=\"yoast-schema-graph\">{\"@context\":\"https:\\\/\\\/schema.org\",\"@graph\":[{\"@type\":\"WebPage\",\"@id\":\"https:\\\/\\\/ouryogashop.com\\\/sv\\\/product\\\/ashtanga-yoga-david-swenson\\\/\",\"url\":\"https:\\\/\\\/ouryogashop.com\\\/sv\\\/product\\\/ashtanga-yoga-david-swenson\\\/\",\"name\":\"Ashtanga Yoga - David Swenson - OurYogaShop\",\"isPartOf\":{\"@id\":\"https:\\\/\\\/ouryogashop.com\\\/sv\\\/#website\"},\"primaryImageOfPage\":{\"@id\":\"https:\\\/\\\/ouryogashop.com\\\/sv\\\/product\\\/ashtanga-yoga-david-swenson\\\/#primaryimage\"},\"image\":{\"@id\":\"https:\\\/\\\/ouryogashop.com\\\/sv\\\/product\\\/ashtanga-yoga-david-swenson\\\/#primaryimage\"},\"thumbnailUrl\":\"https:\\\/\\\/ouryogashop.com\\\/wp-content\\\/uploads\\\/2020\\\/07\\\/ashtanga-yoga-david-swenson.jpg\",\"datePublished\":\"2020-07-06T11:24:38+00:00\",\"dateModified\":\"2021-03-15T10:54:34+00:00\",\"description\":\"Denna bok inneh\u00e5ller bilder och tydlig information om ashtanga yogans f\u00f6rsta och andra serie med tre alternativ f\u00f6r varje asana.\",\"breadcrumb\":{\"@id\":\"https:\\\/\\\/ouryogashop.com\\\/sv\\\/product\\\/ashtanga-yoga-david-swenson\\\/#breadcrumb\"},\"inLanguage\":\"sv-SE\",\"potentialAction\":[{\"@type\":\"ReadAction\",\"target\":[\"https:\\\/\\\/ouryogashop.com\\\/sv\\\/product\\\/ashtanga-yoga-david-swenson\\\/\"]}]},{\"@type\":\"ImageObject\",\"inLanguage\":\"sv-SE\",\"@id\":\"https:\\\/\\\/ouryogashop.com\\\/sv\\\/product\\\/ashtanga-yoga-david-swenson\\\/#primaryimage\",\"url\":\"https:\\\/\\\/ouryogashop.com\\\/wp-content\\\/uploads\\\/2020\\\/07\\\/ashtanga-yoga-david-swenson.jpg\",\"contentUrl\":\"https:\\\/\\\/ouryogashop.com\\\/wp-content\\\/uploads\\\/2020\\\/07\\\/ashtanga-yoga-david-swenson.jpg\",\"width\":200,\"height\":220},{\"@type\":\"BreadcrumbList\",\"@id\":\"https:\\\/\\\/ouryogashop.com\\\/sv\\\/product\\\/ashtanga-yoga-david-swenson\\\/#breadcrumb\",\"itemListElement\":[{\"@type\":\"ListItem\",\"position\":1,\"name\":\"Hem\",\"item\":\"https:\\\/\\\/ouryogashop.com\\\/sv\\\/\"},{\"@type\":\"ListItem\",\"position\":2,\"name\":\"Yoga Butik\",\"item\":\"https:\\\/\\\/ouryogashop.com\\\/sv\\\/yoga-butik\\\/\"},{\"@type\":\"ListItem\",\"position\":3,\"name\":\"Yogalitteratur\",\"item\":\"https:\\\/\\\/ouryogashop.com\\\/sv\\\/produkt-kategori\\\/yogalitteratur\\\/\"},{\"@type\":\"ListItem\",\"position\":4,\"name\":\"Ashtanga Yoga &#8211; David Swenson\"}]},{\"@type\":\"WebSite\",\"@id\":\"https:\\\/\\\/ouryogashop.com\\\/sv\\\/#website\",\"url\":\"https:\\\/\\\/ouryogashop.com\\\/sv\\\/\",\"name\":\"OurYogaShop\",\"description\":\"The best yoga mats ever!\",\"publisher\":{\"@id\":\"https:\\\/\\\/ouryogashop.com\\\/sv\\\/#organization\"},\"potentialAction\":[{\"@type\":\"SearchAction\",\"target\":{\"@type\":\"EntryPoint\",\"urlTemplate\":\"https:\\\/\\\/ouryogashop.com\\\/sv\\\/?s={search_term_string}\"},\"query-input\":{\"@type\":\"PropertyValueSpecification\",\"valueRequired\":true,\"valueName\":\"search_term_string\"}}],\"inLanguage\":\"sv-SE\"},{\"@type\":\"Organization\",\"@id\":\"https:\\\/\\\/ouryogashop.com\\\/sv\\\/#organization\",\"name\":\"OurYogaShop\",\"url\":\"https:\\\/\\\/ouryogashop.com\\\/sv\\\/\",\"logo\":{\"@type\":\"ImageObject\",\"inLanguage\":\"sv-SE\",\"@id\":\"https:\\\/\\\/ouryogashop.com\\\/sv\\\/#\\\/schema\\\/logo\\\/image\\\/\",\"url\":\"https:\\\/\\\/ouryogashop.com\\\/wp-content\\\/uploads\\\/2019\\\/05\\\/OYS-Logo.png\",\"contentUrl\":\"https:\\\/\\\/ouryogashop.com\\\/wp-content\\\/uploads\\\/2019\\\/05\\\/OYS-Logo.png\",\"width\":500,\"height\":371,\"caption\":\"OurYogaShop\"},\"image\":{\"@id\":\"https:\\\/\\\/ouryogashop.com\\\/sv\\\/#\\\/schema\\\/logo\\\/image\\\/\"},\"sameAs\":[\"https:\\\/\\\/www.facebook.com\\\/ouryogashopcom\\\/\",\"https:\\\/\\\/x.com\\\/OurYogaShop\",\"https:\\\/\\\/www.instagram.com\\\/ouryogashop\\\/\"]}]}<\/script>\n<meta property=\"product:price:amount\" content=\"399.00\" \/>\n<meta property=\"product:price:currency\" content=\"SEK\" \/>\n<meta property=\"og:availability\" content=\"instock\" \/>\n<meta property=\"product:availability\" content=\"instock\" \/>\n<meta property=\"product:retailer_item_id\" content=\"OYS20004\" \/>\n<meta property=\"product:condition\" content=\"new\" \/>\n<!-- \/ Yoast SEO Premium plugin. -->","yoast_head_json":{"title":"Ashtanga Yoga - David Swenson - OurYogaShop","description":"Denna bok inneh\u00e5ller bilder och tydlig information om ashtanga yogans f\u00f6rsta och andra serie med tre alternativ f\u00f6r varje asana.","robots":{"index":"index","follow":"follow","max-snippet":"max-snippet:-1","max-image-preview":"max-image-preview:large","max-video-preview":"max-video-preview:-1"},"canonical":"https:\/\/ouryogashop.com\/sv\/product\/ashtanga-yoga-david-swenson\/","og_locale":"sv_SE","og_type":"article","og_title":"Ashtanga Yoga - David Swenson","og_description":"Denna bok inneh\u00e5ller bilder och tydlig information om ashtanga yogans f\u00f6rsta och andra serie med tre alternativ f\u00f6r varje asana.","og_url":"https:\/\/ouryogashop.com\/sv\/product\/ashtanga-yoga-david-swenson\/","og_site_name":"OurYogaShop","article_publisher":"https:\/\/www.facebook.com\/ouryogashopcom\/","article_modified_time":"2021-03-15T10:54:34+00:00","og_image":[{"width":200,"height":220,"url":"https:\/\/ouryogashop.com\/wp-content\/uploads\/2020\/07\/ashtanga-yoga-david-swenson.jpg","type":"image\/jpeg"}],"twitter_card":"summary_large_image","twitter_site":"@OurYogaShop","twitter_misc":{"Pris":"399,00&#107;&#114;","Tillg\u00e4nglig":"I lager"},"schema":{"@context":"https:\/\/schema.org","@graph":[{"@type":"WebPage","@id":"https:\/\/ouryogashop.com\/sv\/product\/ashtanga-yoga-david-swenson\/","url":"https:\/\/ouryogashop.com\/sv\/product\/ashtanga-yoga-david-swenson\/","name":"Ashtanga Yoga - David Swenson - OurYogaShop","isPartOf":{"@id":"https:\/\/ouryogashop.com\/sv\/#website"},"primaryImageOfPage":{"@id":"https:\/\/ouryogashop.com\/sv\/product\/ashtanga-yoga-david-swenson\/#primaryimage"},"image":{"@id":"https:\/\/ouryogashop.com\/sv\/product\/ashtanga-yoga-david-swenson\/#primaryimage"},"thumbnailUrl":"https:\/\/ouryogashop.com\/wp-content\/uploads\/2020\/07\/ashtanga-yoga-david-swenson.jpg","datePublished":"2020-07-06T11:24:38+00:00","dateModified":"2021-03-15T10:54:34+00:00","description":"Denna bok inneh\u00e5ller bilder och tydlig information om ashtanga yogans f\u00f6rsta och andra serie med tre alternativ f\u00f6r varje asana.","breadcrumb":{"@id":"https:\/\/ouryogashop.com\/sv\/product\/ashtanga-yoga-david-swenson\/#breadcrumb"},"inLanguage":"sv-SE","potentialAction":[{"@type":"ReadAction","target":["https:\/\/ouryogashop.com\/sv\/product\/ashtanga-yoga-david-swenson\/"]}]},{"@type":"ImageObject","inLanguage":"sv-SE","@id":"https:\/\/ouryogashop.com\/sv\/product\/ashtanga-yoga-david-swenson\/#primaryimage","url":"https:\/\/ouryogashop.com\/wp-content\/uploads\/2020\/07\/ashtanga-yoga-david-swenson.jpg","contentUrl":"https:\/\/ouryogashop.com\/wp-content\/uploads\/2020\/07\/ashtanga-yoga-david-swenson.jpg","width":200,"height":220},{"@type":"BreadcrumbList","@id":"https:\/\/ouryogashop.com\/sv\/product\/ashtanga-yoga-david-swenson\/#breadcrumb","itemListElement":[{"@type":"ListItem","position":1,"name":"Hem","item":"https:\/\/ouryogashop.com\/sv\/"},{"@type":"ListItem","position":2,"name":"Yoga Butik","item":"https:\/\/ouryogashop.com\/sv\/yoga-butik\/"},{"@type":"ListItem","position":3,"name":"Yogalitteratur","item":"https:\/\/ouryogashop.com\/sv\/produkt-kategori\/yogalitteratur\/"},{"@type":"ListItem","position":4,"name":"Ashtanga Yoga &#8211; David Swenson"}]},{"@type":"WebSite","@id":"https:\/\/ouryogashop.com\/sv\/#website","url":"https:\/\/ouryogashop.com\/sv\/","name":"OurYogaShop","description":"The best yoga mats ever!","publisher":{"@id":"https:\/\/ouryogashop.com\/sv\/#organization"},"potentialAction":[{"@type":"SearchAction","target":{"@type":"EntryPoint","urlTemplate":"https:\/\/ouryogashop.com\/sv\/?s={search_term_string}"},"query-input":{"@type":"PropertyValueSpecification","valueRequired":true,"valueName":"search_term_string"}}],"inLanguage":"sv-SE"},{"@type":"Organization","@id":"https:\/\/ouryogashop.com\/sv\/#organization","name":"OurYogaShop","url":"https:\/\/ouryogashop.com\/sv\/","logo":{"@type":"ImageObject","inLanguage":"sv-SE","@id":"https:\/\/ouryogashop.com\/sv\/#\/schema\/logo\/image\/","url":"https:\/\/ouryogashop.com\/wp-content\/uploads\/2019\/05\/OYS-Logo.png","contentUrl":"https:\/\/ouryogashop.com\/wp-content\/uploads\/2019\/05\/OYS-Logo.png","width":500,"height":371,"caption":"OurYogaShop"},"image":{"@id":"https:\/\/ouryogashop.com\/sv\/#\/schema\/logo\/image\/"},"sameAs":["https:\/\/www.facebook.com\/ouryogashopcom\/","https:\/\/x.com\/OurYogaShop","https:\/\/www.instagram.com\/ouryogashop\/"]}]},"product_price_amount":"399.00","product_price_currency":"SEK","og_availability":"instock","product_availability":"instock","product_retailer_item_id":"OYS20004","product_condition":"new"},"_links":{"self":[{"href":"https:\/\/ouryogashop.com\/sv\/wp-json\/wp\/v2\/product\/140477","targetHints":{"allow":["GET"]}}],"collection":[{"href":"https:\/\/ouryogashop.com\/sv\/wp-json\/wp\/v2\/product"}],"about":[{"href":"https:\/\/ouryogashop.com\/sv\/wp-json\/wp\/v2\/types\/product"}],"replies":[{"embeddable":true,"href":"https:\/\/ouryogashop.com\/sv\/wp-json\/wp\/v2\/comments?post=140477"}],"wp:featuredmedia":[{"embeddable":true,"href":"https:\/\/ouryogashop.com\/sv\/wp-json\/wp\/v2\/media\/163377"}],"wp:attachment":[{"href":"https:\/\/ouryogashop.com\/sv\/wp-json\/wp\/v2\/media?parent=140477"}],"wp:term":[{"taxonomy":"product_brand","embeddable":true,"href":"https:\/\/ouryogashop.com\/sv\/wp-json\/wp\/v2\/product_brand?post=140477"},{"taxonomy":"product_cat","embeddable":true,"href":"https:\/\/ouryogashop.com\/sv\/wp-json\/wp\/v2\/product_cat?post=140477"},{"taxonomy":"product_tag","embeddable":true,"href":"https:\/\/ouryogashop.com\/sv\/wp-json\/wp\/v2\/product_tag?post=140477"}],"curies":[{"name":"wp","href":"https:\/\/api.w.org\/{rel}","templated":true}]}}