{"id":140481,"date":"2020-07-06T13:48:16","date_gmt":"2020-07-06T11:48:16","guid":{"rendered":"https:\/\/ouryogashop.com\/?post_type=product&#038;p=140481"},"modified":"2021-02-05T18:42:00","modified_gmt":"2021-02-05T16:42:00","slug":"astanga-yoga-anusthana-r-sharath-jois","status":"publish","type":"product","link":"https:\/\/ouryogashop.com\/sv\/product\/astanga-yoga-anusthana-r-sharath-jois\/","title":{"rendered":"Astanga Yoga Anusthana &#8211; R Sharath Jois"},"content":{"rendered":"<div class=\"wpb-content-wrapper\"><p>[vc_row][vc_column width=&#8221;1\/1&#8243;][uncode_block id=&#8221;140363&#8243;][\/vc_column][\/vc_row]<\/p>\n<\/div>","protected":false},"excerpt":{"rendered":"<h2>Astanga Yoga Anusthana &#8211; R Sharath Jois<\/h2>\n<p>R. Sharath Jois guide till Ashtanga Yogans f\u00f6rsta serie. Denna bok av R. Sharath Jois, f\u00f6rklarar l\u00e4ran om ashtanga yoga s\u00e5 som den f\u00f6rdes vidare till honom fr\u00e5n hans farfar och guru, Shri K. Pattabhi Jois, Guruji.<\/p>\n<p>Format &#8211; Pocket<\/p>\n<p>Spr\u00e5k &#8211; Engelska<\/p>\n<p>Antal sidor &#8211; 96<\/p>\n<p>Utgivningsdatum &#8211; 2018-09-01<\/p>\n<p>M\u00e5tt &#8211; 235 x 191 x 7 mm<\/p>\n<p>Vikt &#8211; 236 g<\/p>\n<p>&nbsp;<\/p>\n","protected":false},"featured_media":0,"comment_status":"open","ping_status":"closed","template":"","meta":[],"product_brand":[],"product_cat":[3074,3073],"product_tag":[3077,3141,3142],"class_list":{"0":"post-140481","1":"product","2":"type-product","3":"status-publish","5":"product_cat-yoga-bocker","6":"product_cat-yogalitteratur","7":"product_tag-book-sv","8":"product_tag-sharath-jois-sv","9":"product_tag-ashtanga-yoga-sv","10":"product_shipping_class-flera-produkter-sv","12":"first","13":"outofstock","14":"taxable","15":"shipping-taxable","16":"purchasable","17":"product-type-simple"},"yoast_head":"<!-- This site is optimized with the Yoast SEO Premium plugin v27.5 (Yoast SEO v27.5) - https:\/\/yoast.com\/product\/yoast-seo-premium-wordpress\/ -->\n<title>Astanga Yoga Anusthana - R Sharath Jois - OurYogaShop<\/title>\n<meta name=\"description\" content=\"Denna bok av R. Sharath Jois, f\u00f6rklarar l\u00e4ran om ashtanga yoga s\u00e5 som den f\u00f6rdes vidare till honom fr\u00e5n hans farfar och guru, Shri K. Pattabhi Jois, Guruji.\" \/>\n<meta name=\"robots\" content=\"index, follow, max-snippet:-1, max-image-preview:large, max-video-preview:-1\" \/>\n<link rel=\"canonical\" href=\"https:\/\/ouryogashop.com\/sv\/product\/astanga-yoga-anusthana-r-sharath-jois\/\" \/>\n<meta property=\"og:locale\" content=\"sv_SE\" \/>\n<meta property=\"og:type\" content=\"article\" \/>\n<meta property=\"og:title\" content=\"Astanga Yoga Anusthana - R Sharath Jois\" \/>\n<meta property=\"og:description\" content=\"Denna bok av R. Sharath Jois, f\u00f6rklarar l\u00e4ran om ashtanga yoga s\u00e5 som den f\u00f6rdes vidare till honom fr\u00e5n hans farfar och guru, Shri K. Pattabhi Jois, Guruji.\" \/>\n<meta property=\"og:url\" content=\"https:\/\/ouryogashop.com\/sv\/product\/astanga-yoga-anusthana-r-sharath-jois\/\" \/>\n<meta property=\"og:site_name\" content=\"OurYogaShop\" \/>\n<meta property=\"article:publisher\" content=\"https:\/\/www.facebook.com\/ouryogashopcom\/\" \/>\n<meta property=\"article:modified_time\" content=\"2021-02-05T16:42:00+00:00\" \/>\n<meta name=\"twitter:card\" content=\"summary_large_image\" \/>\n<meta name=\"twitter:site\" content=\"@OurYogaShop\" \/>\n<meta name=\"twitter:label1\" content=\"Pris\" \/>\n\t<meta name=\"twitter:data1\" content=\"329,00&#107;&#114;\" \/>\n\t<meta name=\"twitter:label2\" content=\"Tillg\u00e4nglig\" \/>\n\t<meta name=\"twitter:data2\" content=\"Slut i lager\" \/>\n<script type=\"application\/ld+json\" class=\"yoast-schema-graph\">{\"@context\":\"https:\\\/\\\/schema.org\",\"@graph\":[{\"@type\":\"WebPage\",\"@id\":\"https:\\\/\\\/ouryogashop.com\\\/sv\\\/product\\\/astanga-yoga-anusthana-r-sharath-jois\\\/\",\"url\":\"https:\\\/\\\/ouryogashop.com\\\/sv\\\/product\\\/astanga-yoga-anusthana-r-sharath-jois\\\/\",\"name\":\"Astanga Yoga Anusthana - R Sharath Jois - OurYogaShop\",\"isPartOf\":{\"@id\":\"https:\\\/\\\/ouryogashop.com\\\/sv\\\/#website\"},\"datePublished\":\"2020-07-06T11:48:16+00:00\",\"dateModified\":\"2021-02-05T16:42:00+00:00\",\"description\":\"Denna bok av R. Sharath Jois, f\u00f6rklarar l\u00e4ran om ashtanga yoga s\u00e5 som den f\u00f6rdes vidare till honom fr\u00e5n hans farfar och guru, Shri K. Pattabhi Jois, Guruji.\",\"breadcrumb\":{\"@id\":\"https:\\\/\\\/ouryogashop.com\\\/sv\\\/product\\\/astanga-yoga-anusthana-r-sharath-jois\\\/#breadcrumb\"},\"inLanguage\":\"sv-SE\",\"potentialAction\":[{\"@type\":\"ReadAction\",\"target\":[\"https:\\\/\\\/ouryogashop.com\\\/sv\\\/product\\\/astanga-yoga-anusthana-r-sharath-jois\\\/\"]}]},{\"@type\":\"BreadcrumbList\",\"@id\":\"https:\\\/\\\/ouryogashop.com\\\/sv\\\/product\\\/astanga-yoga-anusthana-r-sharath-jois\\\/#breadcrumb\",\"itemListElement\":[{\"@type\":\"ListItem\",\"position\":1,\"name\":\"Hem\",\"item\":\"https:\\\/\\\/ouryogashop.com\\\/sv\\\/\"},{\"@type\":\"ListItem\",\"position\":2,\"name\":\"Yoga Butik\",\"item\":\"https:\\\/\\\/ouryogashop.com\\\/sv\\\/yoga-butik\\\/\"},{\"@type\":\"ListItem\",\"position\":3,\"name\":\"Yogalitteratur\",\"item\":\"https:\\\/\\\/ouryogashop.com\\\/sv\\\/produkt-kategori\\\/yogalitteratur\\\/\"},{\"@type\":\"ListItem\",\"position\":4,\"name\":\"Astanga Yoga Anusthana &#8211; R Sharath Jois\"}]},{\"@type\":\"WebSite\",\"@id\":\"https:\\\/\\\/ouryogashop.com\\\/sv\\\/#website\",\"url\":\"https:\\\/\\\/ouryogashop.com\\\/sv\\\/\",\"name\":\"OurYogaShop\",\"description\":\"The best yoga mats ever!\",\"publisher\":{\"@id\":\"https:\\\/\\\/ouryogashop.com\\\/sv\\\/#organization\"},\"potentialAction\":[{\"@type\":\"SearchAction\",\"target\":{\"@type\":\"EntryPoint\",\"urlTemplate\":\"https:\\\/\\\/ouryogashop.com\\\/sv\\\/?s={search_term_string}\"},\"query-input\":{\"@type\":\"PropertyValueSpecification\",\"valueRequired\":true,\"valueName\":\"search_term_string\"}}],\"inLanguage\":\"sv-SE\"},{\"@type\":\"Organization\",\"@id\":\"https:\\\/\\\/ouryogashop.com\\\/sv\\\/#organization\",\"name\":\"OurYogaShop\",\"url\":\"https:\\\/\\\/ouryogashop.com\\\/sv\\\/\",\"logo\":{\"@type\":\"ImageObject\",\"inLanguage\":\"sv-SE\",\"@id\":\"https:\\\/\\\/ouryogashop.com\\\/sv\\\/#\\\/schema\\\/logo\\\/image\\\/\",\"url\":\"https:\\\/\\\/ouryogashop.com\\\/wp-content\\\/uploads\\\/2019\\\/05\\\/OYS-Logo.png\",\"contentUrl\":\"https:\\\/\\\/ouryogashop.com\\\/wp-content\\\/uploads\\\/2019\\\/05\\\/OYS-Logo.png\",\"width\":500,\"height\":371,\"caption\":\"OurYogaShop\"},\"image\":{\"@id\":\"https:\\\/\\\/ouryogashop.com\\\/sv\\\/#\\\/schema\\\/logo\\\/image\\\/\"},\"sameAs\":[\"https:\\\/\\\/www.facebook.com\\\/ouryogashopcom\\\/\",\"https:\\\/\\\/x.com\\\/OurYogaShop\",\"https:\\\/\\\/www.instagram.com\\\/ouryogashop\\\/\"]}]}<\/script>\n<meta property=\"product:price:amount\" content=\"329.00\" \/>\n<meta property=\"product:price:currency\" content=\"SEK\" \/>\n<meta property=\"og:availability\" content=\"out of stock\" \/>\n<meta property=\"product:availability\" content=\"out of stock\" \/>\n<meta property=\"product:retailer_item_id\" content=\"OYS20005\" \/>\n<meta property=\"product:condition\" content=\"new\" \/>\n<!-- \/ Yoast SEO Premium plugin. -->","yoast_head_json":{"title":"Astanga Yoga Anusthana - R Sharath Jois - OurYogaShop","description":"Denna bok av R. Sharath Jois, f\u00f6rklarar l\u00e4ran om ashtanga yoga s\u00e5 som den f\u00f6rdes vidare till honom fr\u00e5n hans farfar och guru, Shri K. Pattabhi Jois, Guruji.","robots":{"index":"index","follow":"follow","max-snippet":"max-snippet:-1","max-image-preview":"max-image-preview:large","max-video-preview":"max-video-preview:-1"},"canonical":"https:\/\/ouryogashop.com\/sv\/product\/astanga-yoga-anusthana-r-sharath-jois\/","og_locale":"sv_SE","og_type":"article","og_title":"Astanga Yoga Anusthana - R Sharath Jois","og_description":"Denna bok av R. Sharath Jois, f\u00f6rklarar l\u00e4ran om ashtanga yoga s\u00e5 som den f\u00f6rdes vidare till honom fr\u00e5n hans farfar och guru, Shri K. Pattabhi Jois, Guruji.","og_url":"https:\/\/ouryogashop.com\/sv\/product\/astanga-yoga-anusthana-r-sharath-jois\/","og_site_name":"OurYogaShop","article_publisher":"https:\/\/www.facebook.com\/ouryogashopcom\/","article_modified_time":"2021-02-05T16:42:00+00:00","twitter_card":"summary_large_image","twitter_site":"@OurYogaShop","twitter_misc":{"Pris":"329,00&#107;&#114;","Tillg\u00e4nglig":"Slut i lager"},"schema":{"@context":"https:\/\/schema.org","@graph":[{"@type":"WebPage","@id":"https:\/\/ouryogashop.com\/sv\/product\/astanga-yoga-anusthana-r-sharath-jois\/","url":"https:\/\/ouryogashop.com\/sv\/product\/astanga-yoga-anusthana-r-sharath-jois\/","name":"Astanga Yoga Anusthana - R Sharath Jois - OurYogaShop","isPartOf":{"@id":"https:\/\/ouryogashop.com\/sv\/#website"},"datePublished":"2020-07-06T11:48:16+00:00","dateModified":"2021-02-05T16:42:00+00:00","description":"Denna bok av R. Sharath Jois, f\u00f6rklarar l\u00e4ran om ashtanga yoga s\u00e5 som den f\u00f6rdes vidare till honom fr\u00e5n hans farfar och guru, Shri K. Pattabhi Jois, Guruji.","breadcrumb":{"@id":"https:\/\/ouryogashop.com\/sv\/product\/astanga-yoga-anusthana-r-sharath-jois\/#breadcrumb"},"inLanguage":"sv-SE","potentialAction":[{"@type":"ReadAction","target":["https:\/\/ouryogashop.com\/sv\/product\/astanga-yoga-anusthana-r-sharath-jois\/"]}]},{"@type":"BreadcrumbList","@id":"https:\/\/ouryogashop.com\/sv\/product\/astanga-yoga-anusthana-r-sharath-jois\/#breadcrumb","itemListElement":[{"@type":"ListItem","position":1,"name":"Hem","item":"https:\/\/ouryogashop.com\/sv\/"},{"@type":"ListItem","position":2,"name":"Yoga Butik","item":"https:\/\/ouryogashop.com\/sv\/yoga-butik\/"},{"@type":"ListItem","position":3,"name":"Yogalitteratur","item":"https:\/\/ouryogashop.com\/sv\/produkt-kategori\/yogalitteratur\/"},{"@type":"ListItem","position":4,"name":"Astanga Yoga Anusthana &#8211; R Sharath Jois"}]},{"@type":"WebSite","@id":"https:\/\/ouryogashop.com\/sv\/#website","url":"https:\/\/ouryogashop.com\/sv\/","name":"OurYogaShop","description":"The best yoga mats ever!","publisher":{"@id":"https:\/\/ouryogashop.com\/sv\/#organization"},"potentialAction":[{"@type":"SearchAction","target":{"@type":"EntryPoint","urlTemplate":"https:\/\/ouryogashop.com\/sv\/?s={search_term_string}"},"query-input":{"@type":"PropertyValueSpecification","valueRequired":true,"valueName":"search_term_string"}}],"inLanguage":"sv-SE"},{"@type":"Organization","@id":"https:\/\/ouryogashop.com\/sv\/#organization","name":"OurYogaShop","url":"https:\/\/ouryogashop.com\/sv\/","logo":{"@type":"ImageObject","inLanguage":"sv-SE","@id":"https:\/\/ouryogashop.com\/sv\/#\/schema\/logo\/image\/","url":"https:\/\/ouryogashop.com\/wp-content\/uploads\/2019\/05\/OYS-Logo.png","contentUrl":"https:\/\/ouryogashop.com\/wp-content\/uploads\/2019\/05\/OYS-Logo.png","width":500,"height":371,"caption":"OurYogaShop"},"image":{"@id":"https:\/\/ouryogashop.com\/sv\/#\/schema\/logo\/image\/"},"sameAs":["https:\/\/www.facebook.com\/ouryogashopcom\/","https:\/\/x.com\/OurYogaShop","https:\/\/www.instagram.com\/ouryogashop\/"]}]},"product_price_amount":"329.00","product_price_currency":"SEK","og_availability":"out of stock","product_availability":"out of stock","product_retailer_item_id":"OYS20005","product_condition":"new"},"_links":{"self":[{"href":"https:\/\/ouryogashop.com\/sv\/wp-json\/wp\/v2\/product\/140481","targetHints":{"allow":["GET"]}}],"collection":[{"href":"https:\/\/ouryogashop.com\/sv\/wp-json\/wp\/v2\/product"}],"about":[{"href":"https:\/\/ouryogashop.com\/sv\/wp-json\/wp\/v2\/types\/product"}],"replies":[{"embeddable":true,"href":"https:\/\/ouryogashop.com\/sv\/wp-json\/wp\/v2\/comments?post=140481"}],"wp:attachment":[{"href":"https:\/\/ouryogashop.com\/sv\/wp-json\/wp\/v2\/media?parent=140481"}],"wp:term":[{"taxonomy":"product_brand","embeddable":true,"href":"https:\/\/ouryogashop.com\/sv\/wp-json\/wp\/v2\/product_brand?post=140481"},{"taxonomy":"product_cat","embeddable":true,"href":"https:\/\/ouryogashop.com\/sv\/wp-json\/wp\/v2\/product_cat?post=140481"},{"taxonomy":"product_tag","embeddable":true,"href":"https:\/\/ouryogashop.com\/sv\/wp-json\/wp\/v2\/product_tag?post=140481"}],"curies":[{"name":"wp","href":"https:\/\/api.w.org\/{rel}","templated":true}]}}