{"id":140573,"date":"2020-07-09T13:44:24","date_gmt":"2020-07-09T11:44:24","guid":{"rendered":"https:\/\/ouryogashop.com\/?post_type=product&#038;p=140573"},"modified":"2024-11-05T14:13:42","modified_gmt":"2024-11-05T12:13:42","slug":"nadi-sodhana-petri-raisanen","status":"publish","type":"product","link":"https:\/\/ouryogashop.com\/sv\/product\/nadi-sodhana-petri-raisanen\/","title":{"rendered":"Nadi Sodhana &#8211; Petri R\u00e4is\u00e4nen"},"content":{"rendered":"<div class=\"wpb-content-wrapper\"><p>[vc_row][vc_column width=&#8221;1\/1&#8243;][uncode_block id=&#8221;140363&#8243;][\/vc_column][\/vc_row]<\/p>\n<\/div>","protected":false},"excerpt":{"rendered":"<h2>Nadi Sodhana &#8211; Petri R\u00e4is\u00e4nen<\/h2>\n<p>Nadi Sodhana &#8211; Yoga in the Tradition of Sri K. Pattabhi Jois : The Intermediate Series Practice Manual.<\/p>\n<div class=\"expand\" data-lines=\"10\" data-remove-button=\"1\">\n<div class=\"expand__inner\">\n<div class=\"expand__inner-content\">Astanga Yoga \u00e4r ett system f\u00f6r praktik och filosofi som har formats under flera tusen \u00e5r. Konsekvent praxis \u00e4r djupt omv\u00e4lvande: att transformera kroppen, utveckla sinnet och inbjuda tillg\u00e5ng till v\u00e5r sanna natur. I sin andra bok illustrerar Petri Raisanen andra seriens positioner, som g\u00f6rs f\u00f6r att rena och st\u00e4rka nervsystemet och energikanalerna i hela kroppen. Positionerna presenteras b\u00e5de individuellt och som en integrerad tr\u00e4ningsmetod, komplett med tydliga bilder och detaljerad text. Boken inkludera intervjuer med Jois familjen: Sri K. Pattabhi Jois, Pramaguru R. Sharath Jois och Saraswathi Jois. Nadi Sodhana \u00e4r b\u00e4st l\u00e4mpad f\u00f6r ut\u00f6vare som har ut\u00f6vat yoga konsekvent i flera \u00e5r; Det erbjuder dock en fascinerande inblick i en mer avancerad praxis f\u00f6r alla som vill utforska yoga under ytan.<\/div>\n<\/div>\n<\/div>\n<p>Format &#8211; Pocket<\/p>\n<p>Spr\u00e5k &#8211; Engelska<\/p>\n<p>Antal sidor &#8211; 160<\/p>\n<p>Utgivningsdatum &#8211; 2017-09-14<\/p>\n<p>Dimensioner -249 x 231 x 13 mm<\/p>\n<p>Vikt &#8211; 590 g<\/p>\n<p>&nbsp;<\/p>\n","protected":false},"featured_media":163375,"comment_status":"open","ping_status":"closed","template":"","meta":[],"product_brand":[],"product_cat":[3074,3073],"product_tag":[3136,3137,3077],"class_list":{"0":"post-140573","1":"product","2":"type-product","3":"status-publish","4":"has-post-thumbnail","6":"product_cat-yoga-bocker","7":"product_cat-yogalitteratur","8":"product_tag-petri-raisanen-sv","9":"product_tag-ashtanga-sv","10":"product_tag-book-sv","11":"product_shipping_class-flera-produkter-sv","13":"first","14":"instock","15":"taxable","16":"shipping-taxable","17":"purchasable","18":"product-type-simple"},"yoast_head":"<!-- This site is optimized with the Yoast SEO Premium plugin v27.5 (Yoast SEO v27.5) - https:\/\/yoast.com\/product\/yoast-seo-premium-wordpress\/ -->\n<title>Nadi Sodhana - Petri R\u00e4is\u00e4nen - OurYogaShop<\/title>\n<meta name=\"description\" content=\"Yoga in the Tradition of Sri K. Pattabhi Jois : The Intermediate Series Practice Manual. Petri Raisanen illustrerar andra seriens positioner.\" \/>\n<meta name=\"robots\" content=\"index, follow, max-snippet:-1, max-image-preview:large, max-video-preview:-1\" \/>\n<link rel=\"canonical\" href=\"https:\/\/ouryogashop.com\/sv\/product\/nadi-sodhana-petri-raisanen\/\" \/>\n<meta property=\"og:locale\" content=\"sv_SE\" \/>\n<meta property=\"og:type\" content=\"article\" \/>\n<meta property=\"og:title\" content=\"Nadi Sodhana - Petri R\u00e4is\u00e4nen\" \/>\n<meta property=\"og:description\" content=\"Yoga in the Tradition of Sri K. Pattabhi Jois : The Intermediate Series Practice Manual. Petri Raisanen illustrerar andra seriens positioner.\" \/>\n<meta property=\"og:url\" content=\"https:\/\/ouryogashop.com\/sv\/product\/nadi-sodhana-petri-raisanen\/\" \/>\n<meta property=\"og:site_name\" content=\"OurYogaShop\" \/>\n<meta property=\"article:publisher\" content=\"https:\/\/www.facebook.com\/ouryogashopcom\/\" \/>\n<meta property=\"article:modified_time\" content=\"2024-11-05T12:13:42+00:00\" \/>\n<meta property=\"og:image\" content=\"https:\/\/ouryogashop.com\/wp-content\/uploads\/2020\/07\/nadi-sodhana.jpg\" \/>\n\t<meta property=\"og:image:width\" content=\"200\" \/>\n\t<meta property=\"og:image:height\" content=\"217\" \/>\n\t<meta property=\"og:image:type\" content=\"image\/jpeg\" \/>\n<meta name=\"twitter:card\" content=\"summary_large_image\" \/>\n<meta name=\"twitter:site\" content=\"@OurYogaShop\" \/>\n<meta name=\"twitter:label1\" content=\"Pris\" \/>\n\t<meta name=\"twitter:data1\" content=\"229,00&#107;&#114;\" \/>\n\t<meta name=\"twitter:label2\" content=\"Tillg\u00e4nglig\" \/>\n\t<meta name=\"twitter:data2\" content=\"I lager\" \/>\n<script type=\"application\/ld+json\" class=\"yoast-schema-graph\">{\"@context\":\"https:\\\/\\\/schema.org\",\"@graph\":[{\"@type\":\"WebPage\",\"@id\":\"https:\\\/\\\/ouryogashop.com\\\/sv\\\/product\\\/nadi-sodhana-petri-raisanen\\\/\",\"url\":\"https:\\\/\\\/ouryogashop.com\\\/sv\\\/product\\\/nadi-sodhana-petri-raisanen\\\/\",\"name\":\"Nadi Sodhana - Petri R\u00e4is\u00e4nen - OurYogaShop\",\"isPartOf\":{\"@id\":\"https:\\\/\\\/ouryogashop.com\\\/sv\\\/#website\"},\"primaryImageOfPage\":{\"@id\":\"https:\\\/\\\/ouryogashop.com\\\/sv\\\/product\\\/nadi-sodhana-petri-raisanen\\\/#primaryimage\"},\"image\":{\"@id\":\"https:\\\/\\\/ouryogashop.com\\\/sv\\\/product\\\/nadi-sodhana-petri-raisanen\\\/#primaryimage\"},\"thumbnailUrl\":\"https:\\\/\\\/ouryogashop.com\\\/wp-content\\\/uploads\\\/2020\\\/07\\\/nadi-sodhana.jpg\",\"datePublished\":\"2020-07-09T11:44:24+00:00\",\"dateModified\":\"2024-11-05T12:13:42+00:00\",\"description\":\"Yoga in the Tradition of Sri K. Pattabhi Jois : The Intermediate Series Practice Manual. Petri Raisanen illustrerar andra seriens positioner.\",\"breadcrumb\":{\"@id\":\"https:\\\/\\\/ouryogashop.com\\\/sv\\\/product\\\/nadi-sodhana-petri-raisanen\\\/#breadcrumb\"},\"inLanguage\":\"sv-SE\",\"potentialAction\":[{\"@type\":\"ReadAction\",\"target\":[\"https:\\\/\\\/ouryogashop.com\\\/sv\\\/product\\\/nadi-sodhana-petri-raisanen\\\/\"]}]},{\"@type\":\"ImageObject\",\"inLanguage\":\"sv-SE\",\"@id\":\"https:\\\/\\\/ouryogashop.com\\\/sv\\\/product\\\/nadi-sodhana-petri-raisanen\\\/#primaryimage\",\"url\":\"https:\\\/\\\/ouryogashop.com\\\/wp-content\\\/uploads\\\/2020\\\/07\\\/nadi-sodhana.jpg\",\"contentUrl\":\"https:\\\/\\\/ouryogashop.com\\\/wp-content\\\/uploads\\\/2020\\\/07\\\/nadi-sodhana.jpg\",\"width\":200,\"height\":217},{\"@type\":\"BreadcrumbList\",\"@id\":\"https:\\\/\\\/ouryogashop.com\\\/sv\\\/product\\\/nadi-sodhana-petri-raisanen\\\/#breadcrumb\",\"itemListElement\":[{\"@type\":\"ListItem\",\"position\":1,\"name\":\"Hem\",\"item\":\"https:\\\/\\\/ouryogashop.com\\\/sv\\\/\"},{\"@type\":\"ListItem\",\"position\":2,\"name\":\"Yoga Butik\",\"item\":\"https:\\\/\\\/ouryogashop.com\\\/sv\\\/yoga-butik\\\/\"},{\"@type\":\"ListItem\",\"position\":3,\"name\":\"Yogalitteratur\",\"item\":\"https:\\\/\\\/ouryogashop.com\\\/sv\\\/produkt-kategori\\\/yogalitteratur\\\/\"},{\"@type\":\"ListItem\",\"position\":4,\"name\":\"Yoga B\u00f6cker\",\"item\":\"https:\\\/\\\/ouryogashop.com\\\/sv\\\/produkt-kategori\\\/yogalitteratur\\\/yoga-bocker\\\/\"},{\"@type\":\"ListItem\",\"position\":5,\"name\":\"Nadi Sodhana &#8211; Petri R\u00e4is\u00e4nen\"}]},{\"@type\":\"WebSite\",\"@id\":\"https:\\\/\\\/ouryogashop.com\\\/sv\\\/#website\",\"url\":\"https:\\\/\\\/ouryogashop.com\\\/sv\\\/\",\"name\":\"OurYogaShop\",\"description\":\"The best yoga mats ever!\",\"publisher\":{\"@id\":\"https:\\\/\\\/ouryogashop.com\\\/sv\\\/#organization\"},\"potentialAction\":[{\"@type\":\"SearchAction\",\"target\":{\"@type\":\"EntryPoint\",\"urlTemplate\":\"https:\\\/\\\/ouryogashop.com\\\/sv\\\/?s={search_term_string}\"},\"query-input\":{\"@type\":\"PropertyValueSpecification\",\"valueRequired\":true,\"valueName\":\"search_term_string\"}}],\"inLanguage\":\"sv-SE\"},{\"@type\":\"Organization\",\"@id\":\"https:\\\/\\\/ouryogashop.com\\\/sv\\\/#organization\",\"name\":\"OurYogaShop\",\"url\":\"https:\\\/\\\/ouryogashop.com\\\/sv\\\/\",\"logo\":{\"@type\":\"ImageObject\",\"inLanguage\":\"sv-SE\",\"@id\":\"https:\\\/\\\/ouryogashop.com\\\/sv\\\/#\\\/schema\\\/logo\\\/image\\\/\",\"url\":\"https:\\\/\\\/ouryogashop.com\\\/wp-content\\\/uploads\\\/2019\\\/05\\\/OYS-Logo.png\",\"contentUrl\":\"https:\\\/\\\/ouryogashop.com\\\/wp-content\\\/uploads\\\/2019\\\/05\\\/OYS-Logo.png\",\"width\":500,\"height\":371,\"caption\":\"OurYogaShop\"},\"image\":{\"@id\":\"https:\\\/\\\/ouryogashop.com\\\/sv\\\/#\\\/schema\\\/logo\\\/image\\\/\"},\"sameAs\":[\"https:\\\/\\\/www.facebook.com\\\/ouryogashopcom\\\/\",\"https:\\\/\\\/x.com\\\/OurYogaShop\",\"https:\\\/\\\/www.instagram.com\\\/ouryogashop\\\/\"]}]}<\/script>\n<meta property=\"product:price:amount\" content=\"229.00\" \/>\n<meta property=\"product:price:currency\" content=\"SEK\" \/>\n<meta property=\"og:availability\" content=\"instock\" \/>\n<meta property=\"product:availability\" content=\"instock\" \/>\n<meta property=\"product:retailer_item_id\" content=\"OYS20009\" \/>\n<meta property=\"product:condition\" content=\"new\" \/>\n<!-- \/ Yoast SEO Premium plugin. -->","yoast_head_json":{"title":"Nadi Sodhana - Petri R\u00e4is\u00e4nen - OurYogaShop","description":"Yoga in the Tradition of Sri K. Pattabhi Jois : The Intermediate Series Practice Manual. Petri Raisanen illustrerar andra seriens positioner.","robots":{"index":"index","follow":"follow","max-snippet":"max-snippet:-1","max-image-preview":"max-image-preview:large","max-video-preview":"max-video-preview:-1"},"canonical":"https:\/\/ouryogashop.com\/sv\/product\/nadi-sodhana-petri-raisanen\/","og_locale":"sv_SE","og_type":"article","og_title":"Nadi Sodhana - Petri R\u00e4is\u00e4nen","og_description":"Yoga in the Tradition of Sri K. Pattabhi Jois : The Intermediate Series Practice Manual. Petri Raisanen illustrerar andra seriens positioner.","og_url":"https:\/\/ouryogashop.com\/sv\/product\/nadi-sodhana-petri-raisanen\/","og_site_name":"OurYogaShop","article_publisher":"https:\/\/www.facebook.com\/ouryogashopcom\/","article_modified_time":"2024-11-05T12:13:42+00:00","og_image":[{"width":200,"height":217,"url":"https:\/\/ouryogashop.com\/wp-content\/uploads\/2020\/07\/nadi-sodhana.jpg","type":"image\/jpeg"}],"twitter_card":"summary_large_image","twitter_site":"@OurYogaShop","twitter_misc":{"Pris":"229,00&#107;&#114;","Tillg\u00e4nglig":"I lager"},"schema":{"@context":"https:\/\/schema.org","@graph":[{"@type":"WebPage","@id":"https:\/\/ouryogashop.com\/sv\/product\/nadi-sodhana-petri-raisanen\/","url":"https:\/\/ouryogashop.com\/sv\/product\/nadi-sodhana-petri-raisanen\/","name":"Nadi Sodhana - Petri R\u00e4is\u00e4nen - OurYogaShop","isPartOf":{"@id":"https:\/\/ouryogashop.com\/sv\/#website"},"primaryImageOfPage":{"@id":"https:\/\/ouryogashop.com\/sv\/product\/nadi-sodhana-petri-raisanen\/#primaryimage"},"image":{"@id":"https:\/\/ouryogashop.com\/sv\/product\/nadi-sodhana-petri-raisanen\/#primaryimage"},"thumbnailUrl":"https:\/\/ouryogashop.com\/wp-content\/uploads\/2020\/07\/nadi-sodhana.jpg","datePublished":"2020-07-09T11:44:24+00:00","dateModified":"2024-11-05T12:13:42+00:00","description":"Yoga in the Tradition of Sri K. Pattabhi Jois : The Intermediate Series Practice Manual. Petri Raisanen illustrerar andra seriens positioner.","breadcrumb":{"@id":"https:\/\/ouryogashop.com\/sv\/product\/nadi-sodhana-petri-raisanen\/#breadcrumb"},"inLanguage":"sv-SE","potentialAction":[{"@type":"ReadAction","target":["https:\/\/ouryogashop.com\/sv\/product\/nadi-sodhana-petri-raisanen\/"]}]},{"@type":"ImageObject","inLanguage":"sv-SE","@id":"https:\/\/ouryogashop.com\/sv\/product\/nadi-sodhana-petri-raisanen\/#primaryimage","url":"https:\/\/ouryogashop.com\/wp-content\/uploads\/2020\/07\/nadi-sodhana.jpg","contentUrl":"https:\/\/ouryogashop.com\/wp-content\/uploads\/2020\/07\/nadi-sodhana.jpg","width":200,"height":217},{"@type":"BreadcrumbList","@id":"https:\/\/ouryogashop.com\/sv\/product\/nadi-sodhana-petri-raisanen\/#breadcrumb","itemListElement":[{"@type":"ListItem","position":1,"name":"Hem","item":"https:\/\/ouryogashop.com\/sv\/"},{"@type":"ListItem","position":2,"name":"Yoga Butik","item":"https:\/\/ouryogashop.com\/sv\/yoga-butik\/"},{"@type":"ListItem","position":3,"name":"Yogalitteratur","item":"https:\/\/ouryogashop.com\/sv\/produkt-kategori\/yogalitteratur\/"},{"@type":"ListItem","position":4,"name":"Yoga B\u00f6cker","item":"https:\/\/ouryogashop.com\/sv\/produkt-kategori\/yogalitteratur\/yoga-bocker\/"},{"@type":"ListItem","position":5,"name":"Nadi Sodhana &#8211; Petri R\u00e4is\u00e4nen"}]},{"@type":"WebSite","@id":"https:\/\/ouryogashop.com\/sv\/#website","url":"https:\/\/ouryogashop.com\/sv\/","name":"OurYogaShop","description":"The best yoga mats ever!","publisher":{"@id":"https:\/\/ouryogashop.com\/sv\/#organization"},"potentialAction":[{"@type":"SearchAction","target":{"@type":"EntryPoint","urlTemplate":"https:\/\/ouryogashop.com\/sv\/?s={search_term_string}"},"query-input":{"@type":"PropertyValueSpecification","valueRequired":true,"valueName":"search_term_string"}}],"inLanguage":"sv-SE"},{"@type":"Organization","@id":"https:\/\/ouryogashop.com\/sv\/#organization","name":"OurYogaShop","url":"https:\/\/ouryogashop.com\/sv\/","logo":{"@type":"ImageObject","inLanguage":"sv-SE","@id":"https:\/\/ouryogashop.com\/sv\/#\/schema\/logo\/image\/","url":"https:\/\/ouryogashop.com\/wp-content\/uploads\/2019\/05\/OYS-Logo.png","contentUrl":"https:\/\/ouryogashop.com\/wp-content\/uploads\/2019\/05\/OYS-Logo.png","width":500,"height":371,"caption":"OurYogaShop"},"image":{"@id":"https:\/\/ouryogashop.com\/sv\/#\/schema\/logo\/image\/"},"sameAs":["https:\/\/www.facebook.com\/ouryogashopcom\/","https:\/\/x.com\/OurYogaShop","https:\/\/www.instagram.com\/ouryogashop\/"]}]},"product_price_amount":"229.00","product_price_currency":"SEK","og_availability":"instock","product_availability":"instock","product_retailer_item_id":"OYS20009","product_condition":"new"},"_links":{"self":[{"href":"https:\/\/ouryogashop.com\/sv\/wp-json\/wp\/v2\/product\/140573","targetHints":{"allow":["GET"]}}],"collection":[{"href":"https:\/\/ouryogashop.com\/sv\/wp-json\/wp\/v2\/product"}],"about":[{"href":"https:\/\/ouryogashop.com\/sv\/wp-json\/wp\/v2\/types\/product"}],"replies":[{"embeddable":true,"href":"https:\/\/ouryogashop.com\/sv\/wp-json\/wp\/v2\/comments?post=140573"}],"wp:featuredmedia":[{"embeddable":true,"href":"https:\/\/ouryogashop.com\/sv\/wp-json\/wp\/v2\/media\/163375"}],"wp:attachment":[{"href":"https:\/\/ouryogashop.com\/sv\/wp-json\/wp\/v2\/media?parent=140573"}],"wp:term":[{"taxonomy":"product_brand","embeddable":true,"href":"https:\/\/ouryogashop.com\/sv\/wp-json\/wp\/v2\/product_brand?post=140573"},{"taxonomy":"product_cat","embeddable":true,"href":"https:\/\/ouryogashop.com\/sv\/wp-json\/wp\/v2\/product_cat?post=140573"},{"taxonomy":"product_tag","embeddable":true,"href":"https:\/\/ouryogashop.com\/sv\/wp-json\/wp\/v2\/product_tag?post=140573"}],"curies":[{"name":"wp","href":"https:\/\/api.w.org\/{rel}","templated":true}]}}