{"id":140674,"date":"2020-07-14T11:26:11","date_gmt":"2020-07-14T09:26:11","guid":{"rendered":"https:\/\/ouryogashop.com\/?post_type=product&#038;p=140674"},"modified":"2024-01-30T22:47:10","modified_gmt":"2024-01-30T20:47:10","slug":"yoga-mala-sri-k-pattabhi-jois-r-sharath","status":"publish","type":"product","link":"https:\/\/ouryogashop.com\/sv\/product\/yoga-mala-sri-k-pattabhi-jois-r-sharath\/","title":{"rendered":"Yoga Mala &#8211; Sri K Pattabhi Jois, R Sharath"},"content":{"rendered":"<div class=\"wpb-content-wrapper\"><p>[vc_row][vc_column width=&#8221;1\/1&#8243;][uncode_block id=&#8221;140363&#8243;][\/vc_column][\/vc_row]<\/p>\n<\/div>","protected":false},"excerpt":{"rendered":"<h2>Yoga Mala &#8211; Sri K Pattabhi Jois, R Sharath<\/h2>\n<div class=\"expand\" data-lines=\"10\" data-remove-button=\"1\">\n<div class=\"expand__inner\">\n<div class=\"expand__inner-content\">\n<div class=\"tabs__content\">\n<div class=\"product__html-block\">\n<div class=\"collapsible product__html-block__collapsible\">\n<div class=\"collapsible__content product__html-block__collapsible__content \" data-collapsed=\"true\">\n<div class=\"product__html-block__text\">En av de stora yoga personligheterna i v\u00e5r tid, Sri K. Pattabhi Jois som f\u00f6rde Ashtanga yoga till v\u00e4st mer \u00e4n trettio \u00e5r sedan. Baserat p\u00e5 fl\u00f6dande, energisk r\u00f6relse tillsammans med andning. Ashtanga och olika former av vinyasa yoga har blivit den mest utbredda och inflytelserika yogastilar som praktiseras idag. &#8221;Yoga Mala&#8221; \u00e4r Jois auktoritativa guide till Ashtanga. I den beskriver han de etiska principer och filosofi som ligger till grund f\u00f6r disciplinen, f\u00f6rklarar viktiga termer och begrepp, och v\u00e4gleder l\u00e4saren genom Ashtangas solh\u00e4lsningar och prim\u00e4ra sekvensen, fyrtiotv\u00e5 asanas, st\u00e4llningar, han beskriver hur man utf\u00f6r varje position och vilka f\u00f6rdelar var och en ger. Det \u00e4r en grundl\u00e4ggande yoga beskrivning av en sann m\u00e4stare. F\u00f6r att sammanfalla med publiceringen av &#8221;Guruji: A Portrait of Sri K. Pattabhi Jois Through the Eyes of His Students&#8221; av Guy Donahaye och Eddie Stern, inneh\u00e5ller denna nya utg\u00e5va av &#8221;Yoga Mala&#8221; ett f\u00f6rord av Jois barnbarn Sharath Rangaswamy, f\u00f6r n\u00e4rvarande \u00e4gare av den ber\u00f6mda skolan Jois grundades i Mysore, Ashtanga Yoga Institute.<\/div>\n<\/div>\n<\/div>\n<\/div>\n<\/div>\n<div class=\"tabs__content\">\n<div class=\"product__attributes\">\n<div class=\"product__attributes__inner product__attributes__inner--columns\"><\/div>\n<\/div>\n<\/div>\n<\/div>\n<\/div>\n<\/div>\n<p>Format &#8211; Pocket<\/p>\n<p>Spr\u00e5k &#8211; Engelska<\/p>\n<p>Antal sidor &#8211; 160<\/p>\n<p>Utgivningsdatum &#8211; 2010-07-06<\/p>\n<p>M\u00e5tt &#8211; 150 x 228 x 12 mm<\/p>\n<p>Vikt &#8211; 189 g<\/p>\n","protected":false},"featured_media":157773,"comment_status":"open","ping_status":"closed","template":"","meta":[],"product_brand":[],"product_cat":[3074,3073],"product_tag":[3180,3077,3157],"class_list":{"0":"post-140674","1":"product","2":"type-product","3":"status-publish","4":"has-post-thumbnail","6":"product_cat-yoga-bocker","7":"product_cat-yogalitteratur","8":"product_tag-pattabhi-jois-sv","9":"product_tag-book-sv","10":"product_tag-yoga-sv","11":"product_shipping_class-flera-produkter-sv","13":"first","14":"instock","15":"taxable","16":"shipping-taxable","17":"purchasable","18":"product-type-simple"},"yoast_head":"<!-- This site is optimized with the Yoast SEO Premium plugin v27.5 (Yoast SEO v27.5) - https:\/\/yoast.com\/product\/yoast-seo-premium-wordpress\/ -->\n<title>Yoga Mala - Sri K Pattabhi Jois, R Sharath - OurYogaShop<\/title>\n<meta name=\"description\" content=\"Jois guide till Ashtanga. Han beskriver de etiska principer och den filosofi som ligger till grund f\u00f6r disciplinen, f\u00f6rklarar viktiga termer och begrepp.\" \/>\n<meta name=\"robots\" content=\"index, follow, max-snippet:-1, max-image-preview:large, max-video-preview:-1\" \/>\n<link rel=\"canonical\" href=\"https:\/\/ouryogashop.com\/sv\/product\/yoga-mala-sri-k-pattabhi-jois-r-sharath\/\" \/>\n<meta property=\"og:locale\" content=\"sv_SE\" \/>\n<meta property=\"og:type\" content=\"article\" \/>\n<meta property=\"og:title\" content=\"Yoga Mala - Sri K Pattabhi Jois, R Sharath\" \/>\n<meta property=\"og:description\" content=\"Jois guide till Ashtanga. Han beskriver de etiska principer och den filosofi som ligger till grund f\u00f6r disciplinen, f\u00f6rklarar viktiga termer och begrepp.\" \/>\n<meta property=\"og:url\" content=\"https:\/\/ouryogashop.com\/sv\/product\/yoga-mala-sri-k-pattabhi-jois-r-sharath\/\" \/>\n<meta property=\"og:site_name\" content=\"OurYogaShop\" \/>\n<meta property=\"article:publisher\" content=\"https:\/\/www.facebook.com\/ouryogashopcom\/\" \/>\n<meta property=\"article:modified_time\" content=\"2024-01-30T20:47:10+00:00\" \/>\n<meta property=\"og:image\" content=\"https:\/\/ouryogashop.com\/wp-content\/uploads\/2020\/07\/yoga-mala-pattabhi-jois.jpg\" \/>\n\t<meta property=\"og:image:width\" content=\"640\" \/>\n\t<meta property=\"og:image:height\" content=\"640\" \/>\n\t<meta property=\"og:image:type\" content=\"image\/jpeg\" \/>\n<meta name=\"twitter:card\" content=\"summary_large_image\" \/>\n<meta name=\"twitter:site\" content=\"@OurYogaShop\" \/>\n<meta name=\"twitter:label1\" content=\"Pris\" \/>\n\t<meta name=\"twitter:data1\" content=\"229,00&#107;&#114;\" \/>\n\t<meta name=\"twitter:label2\" content=\"Tillg\u00e4nglig\" \/>\n\t<meta name=\"twitter:data2\" content=\"I lager\" \/>\n<script type=\"application\/ld+json\" class=\"yoast-schema-graph\">{\"@context\":\"https:\\\/\\\/schema.org\",\"@graph\":[{\"@type\":\"WebPage\",\"@id\":\"https:\\\/\\\/ouryogashop.com\\\/sv\\\/product\\\/yoga-mala-sri-k-pattabhi-jois-r-sharath\\\/\",\"url\":\"https:\\\/\\\/ouryogashop.com\\\/sv\\\/product\\\/yoga-mala-sri-k-pattabhi-jois-r-sharath\\\/\",\"name\":\"Yoga Mala - Sri K Pattabhi Jois, R Sharath - OurYogaShop\",\"isPartOf\":{\"@id\":\"https:\\\/\\\/ouryogashop.com\\\/sv\\\/#website\"},\"primaryImageOfPage\":{\"@id\":\"https:\\\/\\\/ouryogashop.com\\\/sv\\\/product\\\/yoga-mala-sri-k-pattabhi-jois-r-sharath\\\/#primaryimage\"},\"image\":{\"@id\":\"https:\\\/\\\/ouryogashop.com\\\/sv\\\/product\\\/yoga-mala-sri-k-pattabhi-jois-r-sharath\\\/#primaryimage\"},\"thumbnailUrl\":\"https:\\\/\\\/ouryogashop.com\\\/wp-content\\\/uploads\\\/2020\\\/07\\\/yoga-mala-pattabhi-jois.jpg\",\"datePublished\":\"2020-07-14T09:26:11+00:00\",\"dateModified\":\"2024-01-30T20:47:10+00:00\",\"description\":\"Jois guide till Ashtanga. Han beskriver de etiska principer och den filosofi som ligger till grund f\u00f6r disciplinen, f\u00f6rklarar viktiga termer och begrepp.\",\"breadcrumb\":{\"@id\":\"https:\\\/\\\/ouryogashop.com\\\/sv\\\/product\\\/yoga-mala-sri-k-pattabhi-jois-r-sharath\\\/#breadcrumb\"},\"inLanguage\":\"sv-SE\",\"potentialAction\":[{\"@type\":\"ReadAction\",\"target\":[\"https:\\\/\\\/ouryogashop.com\\\/sv\\\/product\\\/yoga-mala-sri-k-pattabhi-jois-r-sharath\\\/\"]}]},{\"@type\":\"ImageObject\",\"inLanguage\":\"sv-SE\",\"@id\":\"https:\\\/\\\/ouryogashop.com\\\/sv\\\/product\\\/yoga-mala-sri-k-pattabhi-jois-r-sharath\\\/#primaryimage\",\"url\":\"https:\\\/\\\/ouryogashop.com\\\/wp-content\\\/uploads\\\/2020\\\/07\\\/yoga-mala-pattabhi-jois.jpg\",\"contentUrl\":\"https:\\\/\\\/ouryogashop.com\\\/wp-content\\\/uploads\\\/2020\\\/07\\\/yoga-mala-pattabhi-jois.jpg\",\"width\":640,\"height\":640,\"caption\":\"Yoga Mala - Sri K Pattabhi Jois, R Sharath\"},{\"@type\":\"BreadcrumbList\",\"@id\":\"https:\\\/\\\/ouryogashop.com\\\/sv\\\/product\\\/yoga-mala-sri-k-pattabhi-jois-r-sharath\\\/#breadcrumb\",\"itemListElement\":[{\"@type\":\"ListItem\",\"position\":1,\"name\":\"Hem\",\"item\":\"https:\\\/\\\/ouryogashop.com\\\/sv\\\/\"},{\"@type\":\"ListItem\",\"position\":2,\"name\":\"Yoga Butik\",\"item\":\"https:\\\/\\\/ouryogashop.com\\\/sv\\\/yoga-butik\\\/\"},{\"@type\":\"ListItem\",\"position\":3,\"name\":\"Yogalitteratur\",\"item\":\"https:\\\/\\\/ouryogashop.com\\\/sv\\\/produkt-kategori\\\/yogalitteratur\\\/\"},{\"@type\":\"ListItem\",\"position\":4,\"name\":\"Yoga B\u00f6cker\",\"item\":\"https:\\\/\\\/ouryogashop.com\\\/sv\\\/produkt-kategori\\\/yogalitteratur\\\/yoga-bocker\\\/\"},{\"@type\":\"ListItem\",\"position\":5,\"name\":\"Yoga Mala &#8211; Sri K Pattabhi Jois, R Sharath\"}]},{\"@type\":\"WebSite\",\"@id\":\"https:\\\/\\\/ouryogashop.com\\\/sv\\\/#website\",\"url\":\"https:\\\/\\\/ouryogashop.com\\\/sv\\\/\",\"name\":\"OurYogaShop\",\"description\":\"The best yoga mats ever!\",\"publisher\":{\"@id\":\"https:\\\/\\\/ouryogashop.com\\\/sv\\\/#organization\"},\"potentialAction\":[{\"@type\":\"SearchAction\",\"target\":{\"@type\":\"EntryPoint\",\"urlTemplate\":\"https:\\\/\\\/ouryogashop.com\\\/sv\\\/?s={search_term_string}\"},\"query-input\":{\"@type\":\"PropertyValueSpecification\",\"valueRequired\":true,\"valueName\":\"search_term_string\"}}],\"inLanguage\":\"sv-SE\"},{\"@type\":\"Organization\",\"@id\":\"https:\\\/\\\/ouryogashop.com\\\/sv\\\/#organization\",\"name\":\"OurYogaShop\",\"url\":\"https:\\\/\\\/ouryogashop.com\\\/sv\\\/\",\"logo\":{\"@type\":\"ImageObject\",\"inLanguage\":\"sv-SE\",\"@id\":\"https:\\\/\\\/ouryogashop.com\\\/sv\\\/#\\\/schema\\\/logo\\\/image\\\/\",\"url\":\"https:\\\/\\\/ouryogashop.com\\\/wp-content\\\/uploads\\\/2019\\\/05\\\/OYS-Logo.png\",\"contentUrl\":\"https:\\\/\\\/ouryogashop.com\\\/wp-content\\\/uploads\\\/2019\\\/05\\\/OYS-Logo.png\",\"width\":500,\"height\":371,\"caption\":\"OurYogaShop\"},\"image\":{\"@id\":\"https:\\\/\\\/ouryogashop.com\\\/sv\\\/#\\\/schema\\\/logo\\\/image\\\/\"},\"sameAs\":[\"https:\\\/\\\/www.facebook.com\\\/ouryogashopcom\\\/\",\"https:\\\/\\\/x.com\\\/OurYogaShop\",\"https:\\\/\\\/www.instagram.com\\\/ouryogashop\\\/\"]}]}<\/script>\n<meta property=\"product:price:amount\" content=\"229.00\" \/>\n<meta property=\"product:price:currency\" content=\"SEK\" \/>\n<meta property=\"og:availability\" content=\"instock\" \/>\n<meta property=\"product:availability\" content=\"instock\" \/>\n<meta property=\"product:retailer_item_id\" content=\"OYS20010\" \/>\n<meta property=\"product:condition\" content=\"new\" \/>\n<!-- \/ Yoast SEO Premium plugin. -->","yoast_head_json":{"title":"Yoga Mala - Sri K Pattabhi Jois, R Sharath - OurYogaShop","description":"Jois guide till Ashtanga. Han beskriver de etiska principer och den filosofi som ligger till grund f\u00f6r disciplinen, f\u00f6rklarar viktiga termer och begrepp.","robots":{"index":"index","follow":"follow","max-snippet":"max-snippet:-1","max-image-preview":"max-image-preview:large","max-video-preview":"max-video-preview:-1"},"canonical":"https:\/\/ouryogashop.com\/sv\/product\/yoga-mala-sri-k-pattabhi-jois-r-sharath\/","og_locale":"sv_SE","og_type":"article","og_title":"Yoga Mala - Sri K Pattabhi Jois, R Sharath","og_description":"Jois guide till Ashtanga. Han beskriver de etiska principer och den filosofi som ligger till grund f\u00f6r disciplinen, f\u00f6rklarar viktiga termer och begrepp.","og_url":"https:\/\/ouryogashop.com\/sv\/product\/yoga-mala-sri-k-pattabhi-jois-r-sharath\/","og_site_name":"OurYogaShop","article_publisher":"https:\/\/www.facebook.com\/ouryogashopcom\/","article_modified_time":"2024-01-30T20:47:10+00:00","og_image":[{"width":640,"height":640,"url":"https:\/\/ouryogashop.com\/wp-content\/uploads\/2020\/07\/yoga-mala-pattabhi-jois.jpg","type":"image\/jpeg"}],"twitter_card":"summary_large_image","twitter_site":"@OurYogaShop","twitter_misc":{"Pris":"229,00&#107;&#114;","Tillg\u00e4nglig":"I lager"},"schema":{"@context":"https:\/\/schema.org","@graph":[{"@type":"WebPage","@id":"https:\/\/ouryogashop.com\/sv\/product\/yoga-mala-sri-k-pattabhi-jois-r-sharath\/","url":"https:\/\/ouryogashop.com\/sv\/product\/yoga-mala-sri-k-pattabhi-jois-r-sharath\/","name":"Yoga Mala - Sri K Pattabhi Jois, R Sharath - OurYogaShop","isPartOf":{"@id":"https:\/\/ouryogashop.com\/sv\/#website"},"primaryImageOfPage":{"@id":"https:\/\/ouryogashop.com\/sv\/product\/yoga-mala-sri-k-pattabhi-jois-r-sharath\/#primaryimage"},"image":{"@id":"https:\/\/ouryogashop.com\/sv\/product\/yoga-mala-sri-k-pattabhi-jois-r-sharath\/#primaryimage"},"thumbnailUrl":"https:\/\/ouryogashop.com\/wp-content\/uploads\/2020\/07\/yoga-mala-pattabhi-jois.jpg","datePublished":"2020-07-14T09:26:11+00:00","dateModified":"2024-01-30T20:47:10+00:00","description":"Jois guide till Ashtanga. Han beskriver de etiska principer och den filosofi som ligger till grund f\u00f6r disciplinen, f\u00f6rklarar viktiga termer och begrepp.","breadcrumb":{"@id":"https:\/\/ouryogashop.com\/sv\/product\/yoga-mala-sri-k-pattabhi-jois-r-sharath\/#breadcrumb"},"inLanguage":"sv-SE","potentialAction":[{"@type":"ReadAction","target":["https:\/\/ouryogashop.com\/sv\/product\/yoga-mala-sri-k-pattabhi-jois-r-sharath\/"]}]},{"@type":"ImageObject","inLanguage":"sv-SE","@id":"https:\/\/ouryogashop.com\/sv\/product\/yoga-mala-sri-k-pattabhi-jois-r-sharath\/#primaryimage","url":"https:\/\/ouryogashop.com\/wp-content\/uploads\/2020\/07\/yoga-mala-pattabhi-jois.jpg","contentUrl":"https:\/\/ouryogashop.com\/wp-content\/uploads\/2020\/07\/yoga-mala-pattabhi-jois.jpg","width":640,"height":640,"caption":"Yoga Mala - Sri K Pattabhi Jois, R Sharath"},{"@type":"BreadcrumbList","@id":"https:\/\/ouryogashop.com\/sv\/product\/yoga-mala-sri-k-pattabhi-jois-r-sharath\/#breadcrumb","itemListElement":[{"@type":"ListItem","position":1,"name":"Hem","item":"https:\/\/ouryogashop.com\/sv\/"},{"@type":"ListItem","position":2,"name":"Yoga Butik","item":"https:\/\/ouryogashop.com\/sv\/yoga-butik\/"},{"@type":"ListItem","position":3,"name":"Yogalitteratur","item":"https:\/\/ouryogashop.com\/sv\/produkt-kategori\/yogalitteratur\/"},{"@type":"ListItem","position":4,"name":"Yoga B\u00f6cker","item":"https:\/\/ouryogashop.com\/sv\/produkt-kategori\/yogalitteratur\/yoga-bocker\/"},{"@type":"ListItem","position":5,"name":"Yoga Mala &#8211; Sri K Pattabhi Jois, R Sharath"}]},{"@type":"WebSite","@id":"https:\/\/ouryogashop.com\/sv\/#website","url":"https:\/\/ouryogashop.com\/sv\/","name":"OurYogaShop","description":"The best yoga mats ever!","publisher":{"@id":"https:\/\/ouryogashop.com\/sv\/#organization"},"potentialAction":[{"@type":"SearchAction","target":{"@type":"EntryPoint","urlTemplate":"https:\/\/ouryogashop.com\/sv\/?s={search_term_string}"},"query-input":{"@type":"PropertyValueSpecification","valueRequired":true,"valueName":"search_term_string"}}],"inLanguage":"sv-SE"},{"@type":"Organization","@id":"https:\/\/ouryogashop.com\/sv\/#organization","name":"OurYogaShop","url":"https:\/\/ouryogashop.com\/sv\/","logo":{"@type":"ImageObject","inLanguage":"sv-SE","@id":"https:\/\/ouryogashop.com\/sv\/#\/schema\/logo\/image\/","url":"https:\/\/ouryogashop.com\/wp-content\/uploads\/2019\/05\/OYS-Logo.png","contentUrl":"https:\/\/ouryogashop.com\/wp-content\/uploads\/2019\/05\/OYS-Logo.png","width":500,"height":371,"caption":"OurYogaShop"},"image":{"@id":"https:\/\/ouryogashop.com\/sv\/#\/schema\/logo\/image\/"},"sameAs":["https:\/\/www.facebook.com\/ouryogashopcom\/","https:\/\/x.com\/OurYogaShop","https:\/\/www.instagram.com\/ouryogashop\/"]}]},"product_price_amount":"229.00","product_price_currency":"SEK","og_availability":"instock","product_availability":"instock","product_retailer_item_id":"OYS20010","product_condition":"new"},"_links":{"self":[{"href":"https:\/\/ouryogashop.com\/sv\/wp-json\/wp\/v2\/product\/140674","targetHints":{"allow":["GET"]}}],"collection":[{"href":"https:\/\/ouryogashop.com\/sv\/wp-json\/wp\/v2\/product"}],"about":[{"href":"https:\/\/ouryogashop.com\/sv\/wp-json\/wp\/v2\/types\/product"}],"replies":[{"embeddable":true,"href":"https:\/\/ouryogashop.com\/sv\/wp-json\/wp\/v2\/comments?post=140674"}],"wp:featuredmedia":[{"embeddable":true,"href":"https:\/\/ouryogashop.com\/sv\/wp-json\/wp\/v2\/media\/157773"}],"wp:attachment":[{"href":"https:\/\/ouryogashop.com\/sv\/wp-json\/wp\/v2\/media?parent=140674"}],"wp:term":[{"taxonomy":"product_brand","embeddable":true,"href":"https:\/\/ouryogashop.com\/sv\/wp-json\/wp\/v2\/product_brand?post=140674"},{"taxonomy":"product_cat","embeddable":true,"href":"https:\/\/ouryogashop.com\/sv\/wp-json\/wp\/v2\/product_cat?post=140674"},{"taxonomy":"product_tag","embeddable":true,"href":"https:\/\/ouryogashop.com\/sv\/wp-json\/wp\/v2\/product_tag?post=140674"}],"curies":[{"name":"wp","href":"https:\/\/api.w.org\/{rel}","templated":true}]}}