{"id":140703,"date":"2020-07-14T15:06:17","date_gmt":"2020-07-14T13:06:17","guid":{"rendered":"https:\/\/ouryogashop.com\/?post_type=product&#038;p=140703"},"modified":"2022-11-17T12:59:57","modified_gmt":"2022-11-17T10:59:57","slug":"funktionella-anatomi-av-yoga-a-guide-for-utovare-och-larare","status":"publish","type":"product","link":"https:\/\/ouryogashop.com\/sv\/product\/funktionella-anatomi-av-yoga-a-guide-for-utovare-och-larare\/","title":{"rendered":"Functional Anatomy of Yoga : A Guide for Practitioners and Teachers"},"content":{"rendered":"<div class=\"wpb-content-wrapper\"><p>[vc_row][vc_column width=&#8221;1\/1&#8243;][uncode_block id=&#8221;140363&#8243;][\/vc_column][\/vc_row]<\/p>\n<\/div>","protected":false},"excerpt":{"rendered":"<h1>Functional Anatomy of Yoga : A Guide for Practitioners and Teachers<\/h1>\n<div class=\"expand\" data-lines=\"10\" data-remove-button=\"1\">\n<div class=\"expand__inner\">\n<div class=\"expand__inner-content\">Det underliggande temat i boken \u00e4r integration. David Keil beskriver hur yogal\u00e4rare och ut\u00f6vare kan f\u00e5 en djupare f\u00f6rst\u00e5else f\u00f6r sin anatomi n\u00e4r de n\u00e4rmar sig st\u00f6rre system f\u00f6r yoga. Hur synkroniseras de olika delar av kroppen f\u00f6r att st\u00f6dja och integrera r\u00f6relse? Slutligen, hur samverkar de olika yogast\u00e4llningarna ur ett funktionellt anatomiperspektiv? Vackert illustrerad med f\u00e4rgbilder och fotografier f\u00f6r att tydligt f\u00f6rklara begrepp och asanas, functional anatomy of Yoga kommer att hj\u00e4lpa dig att n\u00e5 nya h\u00f6jder i din yoga praxis med hj\u00e4lp av &#8221;laboratorium&#8221; av kroppen och verktyg yoga asana.<\/div>\n<\/div>\n<\/div>\n<p>Format &#8211; Pocket<\/p>\n<p>Spr\u00e5k &#8211; Engelska<\/p>\n<p>Antal sidor &#8211; 312<\/p>\n<p>Utgivningsdatum &#8211; 01 jan 2019<\/p>\n<p>M\u00e5tt &#8211; 212 x 275 x 16mm<\/p>\n<p>Vikt &#8211; 950g<\/p>\n<p>&nbsp;<\/p>\n","protected":false},"featured_media":0,"comment_status":"open","ping_status":"closed","template":"","meta":[],"product_brand":[],"product_cat":[3074,3073],"product_tag":[3157,3259,3260,3077],"class_list":{"0":"post-140703","1":"product","2":"type-product","3":"status-publish","5":"product_cat-yoga-bocker","6":"product_cat-yogalitteratur","7":"product_tag-yoga-sv","8":"product_tag-david-keil-sv","9":"product_tag-anatomi","10":"product_tag-book-sv","11":"product_shipping_class-flera-produkter-sv","13":"first","14":"outofstock","15":"taxable","16":"shipping-taxable","17":"purchasable","18":"product-type-simple"},"yoast_head":"<!-- This site is optimized with the Yoast SEO Premium plugin v27.5 (Yoast SEO v27.5) - https:\/\/yoast.com\/product\/yoast-seo-premium-wordpress\/ -->\n<title>Functional Anatomy of Yoga : A Guide for Practitioners and Teachers - OurYogaShop<\/title>\n<meta name=\"description\" content=\"Det underliggande temat i boken \u00e4r integration. David Keil beskriver hur man kan utnyttja en djupare f\u00f6rst\u00e5else av anatomi.\" \/>\n<meta name=\"robots\" content=\"index, follow, max-snippet:-1, max-image-preview:large, max-video-preview:-1\" \/>\n<link rel=\"canonical\" href=\"https:\/\/ouryogashop.com\/sv\/product\/funktionella-anatomi-av-yoga-a-guide-for-utovare-och-larare\/\" \/>\n<meta property=\"og:locale\" content=\"sv_SE\" \/>\n<meta property=\"og:type\" content=\"article\" \/>\n<meta property=\"og:title\" content=\"Functional Anatomy of Yoga : A Guide for Practitioners and Teachers\" \/>\n<meta property=\"og:description\" content=\"Det underliggande temat i boken \u00e4r integration. David Keil beskriver hur man kan utnyttja en djupare f\u00f6rst\u00e5else av anatomi.\" \/>\n<meta property=\"og:url\" content=\"https:\/\/ouryogashop.com\/sv\/product\/funktionella-anatomi-av-yoga-a-guide-for-utovare-och-larare\/\" \/>\n<meta property=\"og:site_name\" content=\"OurYogaShop\" \/>\n<meta property=\"article:publisher\" content=\"https:\/\/www.facebook.com\/ouryogashopcom\/\" \/>\n<meta property=\"article:modified_time\" content=\"2022-11-17T10:59:57+00:00\" \/>\n<meta name=\"twitter:card\" content=\"summary_large_image\" \/>\n<meta name=\"twitter:site\" content=\"@OurYogaShop\" \/>\n<meta name=\"twitter:label1\" content=\"Pris\" \/>\n\t<meta name=\"twitter:data1\" content=\"220,00&#107;&#114;\" \/>\n\t<meta name=\"twitter:label2\" content=\"Tillg\u00e4nglig\" \/>\n\t<meta name=\"twitter:data2\" content=\"Slut i lager\" \/>\n<script type=\"application\/ld+json\" class=\"yoast-schema-graph\">{\"@context\":\"https:\\\/\\\/schema.org\",\"@graph\":[{\"@type\":\"WebPage\",\"@id\":\"https:\\\/\\\/ouryogashop.com\\\/sv\\\/product\\\/funktionella-anatomi-av-yoga-a-guide-for-utovare-och-larare\\\/\",\"url\":\"https:\\\/\\\/ouryogashop.com\\\/sv\\\/product\\\/funktionella-anatomi-av-yoga-a-guide-for-utovare-och-larare\\\/\",\"name\":\"Functional Anatomy of Yoga : A Guide for Practitioners and Teachers - OurYogaShop\",\"isPartOf\":{\"@id\":\"https:\\\/\\\/ouryogashop.com\\\/sv\\\/#website\"},\"datePublished\":\"2020-07-14T13:06:17+00:00\",\"dateModified\":\"2022-11-17T10:59:57+00:00\",\"description\":\"Det underliggande temat i boken \u00e4r integration. David Keil beskriver hur man kan utnyttja en djupare f\u00f6rst\u00e5else av anatomi.\",\"breadcrumb\":{\"@id\":\"https:\\\/\\\/ouryogashop.com\\\/sv\\\/product\\\/funktionella-anatomi-av-yoga-a-guide-for-utovare-och-larare\\\/#breadcrumb\"},\"inLanguage\":\"sv-SE\",\"potentialAction\":[{\"@type\":\"ReadAction\",\"target\":[\"https:\\\/\\\/ouryogashop.com\\\/sv\\\/product\\\/funktionella-anatomi-av-yoga-a-guide-for-utovare-och-larare\\\/\"]}]},{\"@type\":\"BreadcrumbList\",\"@id\":\"https:\\\/\\\/ouryogashop.com\\\/sv\\\/product\\\/funktionella-anatomi-av-yoga-a-guide-for-utovare-och-larare\\\/#breadcrumb\",\"itemListElement\":[{\"@type\":\"ListItem\",\"position\":1,\"name\":\"Hem\",\"item\":\"https:\\\/\\\/ouryogashop.com\\\/sv\\\/\"},{\"@type\":\"ListItem\",\"position\":2,\"name\":\"Yoga Butik\",\"item\":\"https:\\\/\\\/ouryogashop.com\\\/sv\\\/yoga-butik\\\/\"},{\"@type\":\"ListItem\",\"position\":3,\"name\":\"Yogalitteratur\",\"item\":\"https:\\\/\\\/ouryogashop.com\\\/sv\\\/produkt-kategori\\\/yogalitteratur\\\/\"},{\"@type\":\"ListItem\",\"position\":4,\"name\":\"Functional Anatomy of Yoga : A Guide for Practitioners and Teachers\"}]},{\"@type\":\"WebSite\",\"@id\":\"https:\\\/\\\/ouryogashop.com\\\/sv\\\/#website\",\"url\":\"https:\\\/\\\/ouryogashop.com\\\/sv\\\/\",\"name\":\"OurYogaShop\",\"description\":\"The best yoga mats ever!\",\"publisher\":{\"@id\":\"https:\\\/\\\/ouryogashop.com\\\/sv\\\/#organization\"},\"potentialAction\":[{\"@type\":\"SearchAction\",\"target\":{\"@type\":\"EntryPoint\",\"urlTemplate\":\"https:\\\/\\\/ouryogashop.com\\\/sv\\\/?s={search_term_string}\"},\"query-input\":{\"@type\":\"PropertyValueSpecification\",\"valueRequired\":true,\"valueName\":\"search_term_string\"}}],\"inLanguage\":\"sv-SE\"},{\"@type\":\"Organization\",\"@id\":\"https:\\\/\\\/ouryogashop.com\\\/sv\\\/#organization\",\"name\":\"OurYogaShop\",\"url\":\"https:\\\/\\\/ouryogashop.com\\\/sv\\\/\",\"logo\":{\"@type\":\"ImageObject\",\"inLanguage\":\"sv-SE\",\"@id\":\"https:\\\/\\\/ouryogashop.com\\\/sv\\\/#\\\/schema\\\/logo\\\/image\\\/\",\"url\":\"https:\\\/\\\/ouryogashop.com\\\/wp-content\\\/uploads\\\/2019\\\/05\\\/OYS-Logo.png\",\"contentUrl\":\"https:\\\/\\\/ouryogashop.com\\\/wp-content\\\/uploads\\\/2019\\\/05\\\/OYS-Logo.png\",\"width\":500,\"height\":371,\"caption\":\"OurYogaShop\"},\"image\":{\"@id\":\"https:\\\/\\\/ouryogashop.com\\\/sv\\\/#\\\/schema\\\/logo\\\/image\\\/\"},\"sameAs\":[\"https:\\\/\\\/www.facebook.com\\\/ouryogashopcom\\\/\",\"https:\\\/\\\/x.com\\\/OurYogaShop\",\"https:\\\/\\\/www.instagram.com\\\/ouryogashop\\\/\"]}]}<\/script>\n<meta property=\"product:price:amount\" content=\"220.00\" \/>\n<meta property=\"product:price:currency\" content=\"SEK\" \/>\n<meta property=\"og:availability\" content=\"out of stock\" \/>\n<meta property=\"product:availability\" content=\"out of stock\" \/>\n<meta property=\"product:retailer_item_id\" content=\"OYS20016\" \/>\n<meta property=\"product:condition\" content=\"new\" \/>\n<!-- \/ Yoast SEO Premium plugin. -->","yoast_head_json":{"title":"Functional Anatomy of Yoga : A Guide for Practitioners and Teachers - OurYogaShop","description":"Det underliggande temat i boken \u00e4r integration. David Keil beskriver hur man kan utnyttja en djupare f\u00f6rst\u00e5else av anatomi.","robots":{"index":"index","follow":"follow","max-snippet":"max-snippet:-1","max-image-preview":"max-image-preview:large","max-video-preview":"max-video-preview:-1"},"canonical":"https:\/\/ouryogashop.com\/sv\/product\/funktionella-anatomi-av-yoga-a-guide-for-utovare-och-larare\/","og_locale":"sv_SE","og_type":"article","og_title":"Functional Anatomy of Yoga : A Guide for Practitioners and Teachers","og_description":"Det underliggande temat i boken \u00e4r integration. David Keil beskriver hur man kan utnyttja en djupare f\u00f6rst\u00e5else av anatomi.","og_url":"https:\/\/ouryogashop.com\/sv\/product\/funktionella-anatomi-av-yoga-a-guide-for-utovare-och-larare\/","og_site_name":"OurYogaShop","article_publisher":"https:\/\/www.facebook.com\/ouryogashopcom\/","article_modified_time":"2022-11-17T10:59:57+00:00","twitter_card":"summary_large_image","twitter_site":"@OurYogaShop","twitter_misc":{"Pris":"220,00&#107;&#114;","Tillg\u00e4nglig":"Slut i lager"},"schema":{"@context":"https:\/\/schema.org","@graph":[{"@type":"WebPage","@id":"https:\/\/ouryogashop.com\/sv\/product\/funktionella-anatomi-av-yoga-a-guide-for-utovare-och-larare\/","url":"https:\/\/ouryogashop.com\/sv\/product\/funktionella-anatomi-av-yoga-a-guide-for-utovare-och-larare\/","name":"Functional Anatomy of Yoga : A Guide for Practitioners and Teachers - OurYogaShop","isPartOf":{"@id":"https:\/\/ouryogashop.com\/sv\/#website"},"datePublished":"2020-07-14T13:06:17+00:00","dateModified":"2022-11-17T10:59:57+00:00","description":"Det underliggande temat i boken \u00e4r integration. David Keil beskriver hur man kan utnyttja en djupare f\u00f6rst\u00e5else av anatomi.","breadcrumb":{"@id":"https:\/\/ouryogashop.com\/sv\/product\/funktionella-anatomi-av-yoga-a-guide-for-utovare-och-larare\/#breadcrumb"},"inLanguage":"sv-SE","potentialAction":[{"@type":"ReadAction","target":["https:\/\/ouryogashop.com\/sv\/product\/funktionella-anatomi-av-yoga-a-guide-for-utovare-och-larare\/"]}]},{"@type":"BreadcrumbList","@id":"https:\/\/ouryogashop.com\/sv\/product\/funktionella-anatomi-av-yoga-a-guide-for-utovare-och-larare\/#breadcrumb","itemListElement":[{"@type":"ListItem","position":1,"name":"Hem","item":"https:\/\/ouryogashop.com\/sv\/"},{"@type":"ListItem","position":2,"name":"Yoga Butik","item":"https:\/\/ouryogashop.com\/sv\/yoga-butik\/"},{"@type":"ListItem","position":3,"name":"Yogalitteratur","item":"https:\/\/ouryogashop.com\/sv\/produkt-kategori\/yogalitteratur\/"},{"@type":"ListItem","position":4,"name":"Functional Anatomy of Yoga : A Guide for Practitioners and Teachers"}]},{"@type":"WebSite","@id":"https:\/\/ouryogashop.com\/sv\/#website","url":"https:\/\/ouryogashop.com\/sv\/","name":"OurYogaShop","description":"The best yoga mats ever!","publisher":{"@id":"https:\/\/ouryogashop.com\/sv\/#organization"},"potentialAction":[{"@type":"SearchAction","target":{"@type":"EntryPoint","urlTemplate":"https:\/\/ouryogashop.com\/sv\/?s={search_term_string}"},"query-input":{"@type":"PropertyValueSpecification","valueRequired":true,"valueName":"search_term_string"}}],"inLanguage":"sv-SE"},{"@type":"Organization","@id":"https:\/\/ouryogashop.com\/sv\/#organization","name":"OurYogaShop","url":"https:\/\/ouryogashop.com\/sv\/","logo":{"@type":"ImageObject","inLanguage":"sv-SE","@id":"https:\/\/ouryogashop.com\/sv\/#\/schema\/logo\/image\/","url":"https:\/\/ouryogashop.com\/wp-content\/uploads\/2019\/05\/OYS-Logo.png","contentUrl":"https:\/\/ouryogashop.com\/wp-content\/uploads\/2019\/05\/OYS-Logo.png","width":500,"height":371,"caption":"OurYogaShop"},"image":{"@id":"https:\/\/ouryogashop.com\/sv\/#\/schema\/logo\/image\/"},"sameAs":["https:\/\/www.facebook.com\/ouryogashopcom\/","https:\/\/x.com\/OurYogaShop","https:\/\/www.instagram.com\/ouryogashop\/"]}]},"product_price_amount":"220.00","product_price_currency":"SEK","og_availability":"out of stock","product_availability":"out of stock","product_retailer_item_id":"OYS20016","product_condition":"new"},"_links":{"self":[{"href":"https:\/\/ouryogashop.com\/sv\/wp-json\/wp\/v2\/product\/140703","targetHints":{"allow":["GET"]}}],"collection":[{"href":"https:\/\/ouryogashop.com\/sv\/wp-json\/wp\/v2\/product"}],"about":[{"href":"https:\/\/ouryogashop.com\/sv\/wp-json\/wp\/v2\/types\/product"}],"replies":[{"embeddable":true,"href":"https:\/\/ouryogashop.com\/sv\/wp-json\/wp\/v2\/comments?post=140703"}],"wp:attachment":[{"href":"https:\/\/ouryogashop.com\/sv\/wp-json\/wp\/v2\/media?parent=140703"}],"wp:term":[{"taxonomy":"product_brand","embeddable":true,"href":"https:\/\/ouryogashop.com\/sv\/wp-json\/wp\/v2\/product_brand?post=140703"},{"taxonomy":"product_cat","embeddable":true,"href":"https:\/\/ouryogashop.com\/sv\/wp-json\/wp\/v2\/product_cat?post=140703"},{"taxonomy":"product_tag","embeddable":true,"href":"https:\/\/ouryogashop.com\/sv\/wp-json\/wp\/v2\/product_tag?post=140703"}],"curies":[{"name":"wp","href":"https:\/\/api.w.org\/{rel}","templated":true}]}}