{"id":140719,"date":"2020-07-15T11:41:11","date_gmt":"2020-07-15T09:41:11","guid":{"rendered":"https:\/\/ouryogashop.com\/?post_type=product&#038;p=140719"},"modified":"2022-11-17T12:59:44","modified_gmt":"2022-11-17T10:59:44","slug":"den-inre-tradition-av-yoga-michael-sten","status":"publish","type":"product","link":"https:\/\/ouryogashop.com\/sv\/product\/den-inre-tradition-av-yoga-michael-sten\/","title":{"rendered":"The Inner Tradition Of Yoga &#8211; Michael Stone"},"content":{"rendered":"<div class=\"wpb-content-wrapper\"><p>[vc_row][vc_column width=&#8221;1\/1&#8243;][uncode_block id=&#8221;140363&#8243;][\/vc_column][\/vc_row]<\/p>\n<\/div>","protected":false},"excerpt":{"rendered":"<h2>The Inner Tradition Of Yoga &#8211; Michael Stone<\/h2>\n<div class=\"expand\" data-lines=\"10\" data-remove-button=\"1\">\n<div class=\"expand__inner\">\n<div class=\"expand__inner-content\">Michael Stone ger en fantastisk, djupg\u00e5ende beskrivning av den gamla indiska yoga filosofin. Tillsammans med l\u00e4ror om hur man kan f\u00e5 en djupare f\u00f6rst\u00e5else av yoga teori genom praktik och v\u00e5ra relationer med andra.<\/div>\n<\/div>\n<\/div>\n<p>Format &#8211; Pocket<\/p>\n<p>Spr\u00e5k &#8211; Engelska<\/p>\n<p>Antal sidor &#8211; 320<\/p>\n<p>Utgivningsdatum &#8211; 2008-08-12<\/p>\n<p>M\u00e5tt &#8211; 226 x 152 x 12 mm<\/p>\n<p>Vikt &#8211; 375 g<\/p>\n<p>&nbsp;<\/p>\n","protected":false},"featured_media":157779,"comment_status":"open","ping_status":"closed","template":"","meta":[],"product_brand":[],"product_cat":[3074,3073],"product_tag":[3157,3272,3273,3077],"class_list":{"0":"post-140719","1":"product","2":"type-product","3":"status-publish","4":"has-post-thumbnail","6":"product_cat-yoga-bocker","7":"product_cat-yogalitteratur","8":"product_tag-yoga-sv","9":"product_tag-michael-stone-sv","10":"product_tag-richard-freeman-sv","11":"product_tag-book-sv","12":"product_shipping_class-flera-produkter-sv","14":"first","15":"instock","16":"taxable","17":"shipping-taxable","18":"purchasable","19":"product-type-simple"},"yoast_head":"<!-- This site is optimized with the Yoast SEO Premium plugin v27.5 (Yoast SEO v27.5) - https:\/\/yoast.com\/product\/yoast-seo-premium-wordpress\/ -->\n<title>The Inner Tradition Of Yoga - Michael Stone - OurYogaShop<\/title>\n<meta name=\"description\" content=\"Michael Stone skriver om den gamla indiska yoga filosofin p\u00e5 ett helt fantastiskt s\u00e4tt. Detta tillsammans med l\u00e4ror om hur man p\u00e5 en djupare niv\u00e5 kan kan f\u00f6rst\u00e5 yoga teorin.\" \/>\n<meta name=\"robots\" content=\"index, follow, max-snippet:-1, max-image-preview:large, max-video-preview:-1\" \/>\n<link rel=\"canonical\" href=\"https:\/\/ouryogashop.com\/sv\/product\/den-inre-tradition-av-yoga-michael-sten\/\" \/>\n<meta property=\"og:locale\" content=\"sv_SE\" \/>\n<meta property=\"og:type\" content=\"article\" \/>\n<meta property=\"og:title\" content=\"The Inner Tradition Of Yoga - Michael Stone\" \/>\n<meta property=\"og:description\" content=\"Michael Stone skriver om den gamla indiska yoga filosofin p\u00e5 ett helt fantastiskt s\u00e4tt. Detta tillsammans med l\u00e4ror om hur man p\u00e5 en djupare niv\u00e5 kan kan f\u00f6rst\u00e5 yoga teorin.\" \/>\n<meta property=\"og:url\" content=\"https:\/\/ouryogashop.com\/sv\/product\/den-inre-tradition-av-yoga-michael-sten\/\" \/>\n<meta property=\"og:site_name\" content=\"OurYogaShop\" \/>\n<meta property=\"article:publisher\" content=\"https:\/\/www.facebook.com\/ouryogashopcom\/\" \/>\n<meta property=\"article:modified_time\" content=\"2022-11-17T10:59:44+00:00\" \/>\n<meta property=\"og:image\" content=\"https:\/\/ouryogashop.com\/wp-content\/uploads\/2020\/07\/The-Inner-Tradition-Of-Yoga-Michael-Stone.jpg\" \/>\n\t<meta property=\"og:image:width\" content=\"640\" \/>\n\t<meta property=\"og:image:height\" content=\"640\" \/>\n\t<meta property=\"og:image:type\" content=\"image\/jpeg\" \/>\n<meta name=\"twitter:card\" content=\"summary_large_image\" \/>\n<meta name=\"twitter:site\" content=\"@OurYogaShop\" \/>\n<meta name=\"twitter:label1\" content=\"Pris\" \/>\n\t<meta name=\"twitter:data1\" content=\"179,00&#107;&#114;\" \/>\n\t<meta name=\"twitter:label2\" content=\"Tillg\u00e4nglig\" \/>\n\t<meta name=\"twitter:data2\" content=\"I lager\" \/>\n<script type=\"application\/ld+json\" class=\"yoast-schema-graph\">{\"@context\":\"https:\\\/\\\/schema.org\",\"@graph\":[{\"@type\":\"WebPage\",\"@id\":\"https:\\\/\\\/ouryogashop.com\\\/sv\\\/product\\\/den-inre-tradition-av-yoga-michael-sten\\\/\",\"url\":\"https:\\\/\\\/ouryogashop.com\\\/sv\\\/product\\\/den-inre-tradition-av-yoga-michael-sten\\\/\",\"name\":\"The Inner Tradition Of Yoga - Michael Stone - OurYogaShop\",\"isPartOf\":{\"@id\":\"https:\\\/\\\/ouryogashop.com\\\/sv\\\/#website\"},\"primaryImageOfPage\":{\"@id\":\"https:\\\/\\\/ouryogashop.com\\\/sv\\\/product\\\/den-inre-tradition-av-yoga-michael-sten\\\/#primaryimage\"},\"image\":{\"@id\":\"https:\\\/\\\/ouryogashop.com\\\/sv\\\/product\\\/den-inre-tradition-av-yoga-michael-sten\\\/#primaryimage\"},\"thumbnailUrl\":\"https:\\\/\\\/ouryogashop.com\\\/wp-content\\\/uploads\\\/2020\\\/07\\\/The-Inner-Tradition-Of-Yoga-Michael-Stone.jpg\",\"datePublished\":\"2020-07-15T09:41:11+00:00\",\"dateModified\":\"2022-11-17T10:59:44+00:00\",\"description\":\"Michael Stone skriver om den gamla indiska yoga filosofin p\u00e5 ett helt fantastiskt s\u00e4tt. Detta tillsammans med l\u00e4ror om hur man p\u00e5 en djupare niv\u00e5 kan kan f\u00f6rst\u00e5 yoga teorin.\",\"breadcrumb\":{\"@id\":\"https:\\\/\\\/ouryogashop.com\\\/sv\\\/product\\\/den-inre-tradition-av-yoga-michael-sten\\\/#breadcrumb\"},\"inLanguage\":\"sv-SE\",\"potentialAction\":[{\"@type\":\"ReadAction\",\"target\":[\"https:\\\/\\\/ouryogashop.com\\\/sv\\\/product\\\/den-inre-tradition-av-yoga-michael-sten\\\/\"]}]},{\"@type\":\"ImageObject\",\"inLanguage\":\"sv-SE\",\"@id\":\"https:\\\/\\\/ouryogashop.com\\\/sv\\\/product\\\/den-inre-tradition-av-yoga-michael-sten\\\/#primaryimage\",\"url\":\"https:\\\/\\\/ouryogashop.com\\\/wp-content\\\/uploads\\\/2020\\\/07\\\/The-Inner-Tradition-Of-Yoga-Michael-Stone.jpg\",\"contentUrl\":\"https:\\\/\\\/ouryogashop.com\\\/wp-content\\\/uploads\\\/2020\\\/07\\\/The-Inner-Tradition-Of-Yoga-Michael-Stone.jpg\",\"width\":640,\"height\":640},{\"@type\":\"BreadcrumbList\",\"@id\":\"https:\\\/\\\/ouryogashop.com\\\/sv\\\/product\\\/den-inre-tradition-av-yoga-michael-sten\\\/#breadcrumb\",\"itemListElement\":[{\"@type\":\"ListItem\",\"position\":1,\"name\":\"Hem\",\"item\":\"https:\\\/\\\/ouryogashop.com\\\/sv\\\/\"},{\"@type\":\"ListItem\",\"position\":2,\"name\":\"Yoga Butik\",\"item\":\"https:\\\/\\\/ouryogashop.com\\\/sv\\\/yoga-butik\\\/\"},{\"@type\":\"ListItem\",\"position\":3,\"name\":\"Yogalitteratur\",\"item\":\"https:\\\/\\\/ouryogashop.com\\\/sv\\\/produkt-kategori\\\/yogalitteratur\\\/\"},{\"@type\":\"ListItem\",\"position\":4,\"name\":\"The Inner Tradition Of Yoga &#8211; Michael Stone\"}]},{\"@type\":\"WebSite\",\"@id\":\"https:\\\/\\\/ouryogashop.com\\\/sv\\\/#website\",\"url\":\"https:\\\/\\\/ouryogashop.com\\\/sv\\\/\",\"name\":\"OurYogaShop\",\"description\":\"The best yoga mats ever!\",\"publisher\":{\"@id\":\"https:\\\/\\\/ouryogashop.com\\\/sv\\\/#organization\"},\"potentialAction\":[{\"@type\":\"SearchAction\",\"target\":{\"@type\":\"EntryPoint\",\"urlTemplate\":\"https:\\\/\\\/ouryogashop.com\\\/sv\\\/?s={search_term_string}\"},\"query-input\":{\"@type\":\"PropertyValueSpecification\",\"valueRequired\":true,\"valueName\":\"search_term_string\"}}],\"inLanguage\":\"sv-SE\"},{\"@type\":\"Organization\",\"@id\":\"https:\\\/\\\/ouryogashop.com\\\/sv\\\/#organization\",\"name\":\"OurYogaShop\",\"url\":\"https:\\\/\\\/ouryogashop.com\\\/sv\\\/\",\"logo\":{\"@type\":\"ImageObject\",\"inLanguage\":\"sv-SE\",\"@id\":\"https:\\\/\\\/ouryogashop.com\\\/sv\\\/#\\\/schema\\\/logo\\\/image\\\/\",\"url\":\"https:\\\/\\\/ouryogashop.com\\\/wp-content\\\/uploads\\\/2019\\\/05\\\/OYS-Logo.png\",\"contentUrl\":\"https:\\\/\\\/ouryogashop.com\\\/wp-content\\\/uploads\\\/2019\\\/05\\\/OYS-Logo.png\",\"width\":500,\"height\":371,\"caption\":\"OurYogaShop\"},\"image\":{\"@id\":\"https:\\\/\\\/ouryogashop.com\\\/sv\\\/#\\\/schema\\\/logo\\\/image\\\/\"},\"sameAs\":[\"https:\\\/\\\/www.facebook.com\\\/ouryogashopcom\\\/\",\"https:\\\/\\\/x.com\\\/OurYogaShop\",\"https:\\\/\\\/www.instagram.com\\\/ouryogashop\\\/\"]}]}<\/script>\n<meta property=\"product:price:amount\" content=\"179.00\" \/>\n<meta property=\"product:price:currency\" content=\"SEK\" \/>\n<meta property=\"og:availability\" content=\"instock\" \/>\n<meta property=\"product:availability\" content=\"instock\" \/>\n<meta property=\"product:retailer_item_id\" content=\"OYS20017\" \/>\n<meta property=\"product:condition\" content=\"new\" \/>\n<!-- \/ Yoast SEO Premium plugin. -->","yoast_head_json":{"title":"The Inner Tradition Of Yoga - Michael Stone - OurYogaShop","description":"Michael Stone skriver om den gamla indiska yoga filosofin p\u00e5 ett helt fantastiskt s\u00e4tt. Detta tillsammans med l\u00e4ror om hur man p\u00e5 en djupare niv\u00e5 kan kan f\u00f6rst\u00e5 yoga teorin.","robots":{"index":"index","follow":"follow","max-snippet":"max-snippet:-1","max-image-preview":"max-image-preview:large","max-video-preview":"max-video-preview:-1"},"canonical":"https:\/\/ouryogashop.com\/sv\/product\/den-inre-tradition-av-yoga-michael-sten\/","og_locale":"sv_SE","og_type":"article","og_title":"The Inner Tradition Of Yoga - Michael Stone","og_description":"Michael Stone skriver om den gamla indiska yoga filosofin p\u00e5 ett helt fantastiskt s\u00e4tt. Detta tillsammans med l\u00e4ror om hur man p\u00e5 en djupare niv\u00e5 kan kan f\u00f6rst\u00e5 yoga teorin.","og_url":"https:\/\/ouryogashop.com\/sv\/product\/den-inre-tradition-av-yoga-michael-sten\/","og_site_name":"OurYogaShop","article_publisher":"https:\/\/www.facebook.com\/ouryogashopcom\/","article_modified_time":"2022-11-17T10:59:44+00:00","og_image":[{"width":640,"height":640,"url":"https:\/\/ouryogashop.com\/wp-content\/uploads\/2020\/07\/The-Inner-Tradition-Of-Yoga-Michael-Stone.jpg","type":"image\/jpeg"}],"twitter_card":"summary_large_image","twitter_site":"@OurYogaShop","twitter_misc":{"Pris":"179,00&#107;&#114;","Tillg\u00e4nglig":"I lager"},"schema":{"@context":"https:\/\/schema.org","@graph":[{"@type":"WebPage","@id":"https:\/\/ouryogashop.com\/sv\/product\/den-inre-tradition-av-yoga-michael-sten\/","url":"https:\/\/ouryogashop.com\/sv\/product\/den-inre-tradition-av-yoga-michael-sten\/","name":"The Inner Tradition Of Yoga - Michael Stone - OurYogaShop","isPartOf":{"@id":"https:\/\/ouryogashop.com\/sv\/#website"},"primaryImageOfPage":{"@id":"https:\/\/ouryogashop.com\/sv\/product\/den-inre-tradition-av-yoga-michael-sten\/#primaryimage"},"image":{"@id":"https:\/\/ouryogashop.com\/sv\/product\/den-inre-tradition-av-yoga-michael-sten\/#primaryimage"},"thumbnailUrl":"https:\/\/ouryogashop.com\/wp-content\/uploads\/2020\/07\/The-Inner-Tradition-Of-Yoga-Michael-Stone.jpg","datePublished":"2020-07-15T09:41:11+00:00","dateModified":"2022-11-17T10:59:44+00:00","description":"Michael Stone skriver om den gamla indiska yoga filosofin p\u00e5 ett helt fantastiskt s\u00e4tt. Detta tillsammans med l\u00e4ror om hur man p\u00e5 en djupare niv\u00e5 kan kan f\u00f6rst\u00e5 yoga teorin.","breadcrumb":{"@id":"https:\/\/ouryogashop.com\/sv\/product\/den-inre-tradition-av-yoga-michael-sten\/#breadcrumb"},"inLanguage":"sv-SE","potentialAction":[{"@type":"ReadAction","target":["https:\/\/ouryogashop.com\/sv\/product\/den-inre-tradition-av-yoga-michael-sten\/"]}]},{"@type":"ImageObject","inLanguage":"sv-SE","@id":"https:\/\/ouryogashop.com\/sv\/product\/den-inre-tradition-av-yoga-michael-sten\/#primaryimage","url":"https:\/\/ouryogashop.com\/wp-content\/uploads\/2020\/07\/The-Inner-Tradition-Of-Yoga-Michael-Stone.jpg","contentUrl":"https:\/\/ouryogashop.com\/wp-content\/uploads\/2020\/07\/The-Inner-Tradition-Of-Yoga-Michael-Stone.jpg","width":640,"height":640},{"@type":"BreadcrumbList","@id":"https:\/\/ouryogashop.com\/sv\/product\/den-inre-tradition-av-yoga-michael-sten\/#breadcrumb","itemListElement":[{"@type":"ListItem","position":1,"name":"Hem","item":"https:\/\/ouryogashop.com\/sv\/"},{"@type":"ListItem","position":2,"name":"Yoga Butik","item":"https:\/\/ouryogashop.com\/sv\/yoga-butik\/"},{"@type":"ListItem","position":3,"name":"Yogalitteratur","item":"https:\/\/ouryogashop.com\/sv\/produkt-kategori\/yogalitteratur\/"},{"@type":"ListItem","position":4,"name":"The Inner Tradition Of Yoga &#8211; Michael Stone"}]},{"@type":"WebSite","@id":"https:\/\/ouryogashop.com\/sv\/#website","url":"https:\/\/ouryogashop.com\/sv\/","name":"OurYogaShop","description":"The best yoga mats ever!","publisher":{"@id":"https:\/\/ouryogashop.com\/sv\/#organization"},"potentialAction":[{"@type":"SearchAction","target":{"@type":"EntryPoint","urlTemplate":"https:\/\/ouryogashop.com\/sv\/?s={search_term_string}"},"query-input":{"@type":"PropertyValueSpecification","valueRequired":true,"valueName":"search_term_string"}}],"inLanguage":"sv-SE"},{"@type":"Organization","@id":"https:\/\/ouryogashop.com\/sv\/#organization","name":"OurYogaShop","url":"https:\/\/ouryogashop.com\/sv\/","logo":{"@type":"ImageObject","inLanguage":"sv-SE","@id":"https:\/\/ouryogashop.com\/sv\/#\/schema\/logo\/image\/","url":"https:\/\/ouryogashop.com\/wp-content\/uploads\/2019\/05\/OYS-Logo.png","contentUrl":"https:\/\/ouryogashop.com\/wp-content\/uploads\/2019\/05\/OYS-Logo.png","width":500,"height":371,"caption":"OurYogaShop"},"image":{"@id":"https:\/\/ouryogashop.com\/sv\/#\/schema\/logo\/image\/"},"sameAs":["https:\/\/www.facebook.com\/ouryogashopcom\/","https:\/\/x.com\/OurYogaShop","https:\/\/www.instagram.com\/ouryogashop\/"]}]},"product_price_amount":"179.00","product_price_currency":"SEK","og_availability":"instock","product_availability":"instock","product_retailer_item_id":"OYS20017","product_condition":"new"},"_links":{"self":[{"href":"https:\/\/ouryogashop.com\/sv\/wp-json\/wp\/v2\/product\/140719","targetHints":{"allow":["GET"]}}],"collection":[{"href":"https:\/\/ouryogashop.com\/sv\/wp-json\/wp\/v2\/product"}],"about":[{"href":"https:\/\/ouryogashop.com\/sv\/wp-json\/wp\/v2\/types\/product"}],"replies":[{"embeddable":true,"href":"https:\/\/ouryogashop.com\/sv\/wp-json\/wp\/v2\/comments?post=140719"}],"wp:featuredmedia":[{"embeddable":true,"href":"https:\/\/ouryogashop.com\/sv\/wp-json\/wp\/v2\/media\/157779"}],"wp:attachment":[{"href":"https:\/\/ouryogashop.com\/sv\/wp-json\/wp\/v2\/media?parent=140719"}],"wp:term":[{"taxonomy":"product_brand","embeddable":true,"href":"https:\/\/ouryogashop.com\/sv\/wp-json\/wp\/v2\/product_brand?post=140719"},{"taxonomy":"product_cat","embeddable":true,"href":"https:\/\/ouryogashop.com\/sv\/wp-json\/wp\/v2\/product_cat?post=140719"},{"taxonomy":"product_tag","embeddable":true,"href":"https:\/\/ouryogashop.com\/sv\/wp-json\/wp\/v2\/product_tag?post=140719"}],"curies":[{"name":"wp","href":"https:\/\/api.w.org\/{rel}","templated":true}]}}