{"id":140724,"date":"2020-07-15T12:33:49","date_gmt":"2020-07-15T10:33:49","guid":{"rendered":"https:\/\/ouryogashop.com\/?post_type=product&#038;p=140724"},"modified":"2022-11-17T12:59:46","modified_gmt":"2022-11-17T10:59:46","slug":"yoga-sutras-of-patanjali-edwin-f-bryant","status":"publish","type":"product","link":"https:\/\/ouryogashop.com\/sv\/product\/yoga-sutras-of-patanjali-edwin-f-bryant\/","title":{"rendered":"Yoga Sutras of Patanjali &#8211; Edwin F Bryant"},"content":{"rendered":"<div class=\"wpb-content-wrapper\"><p>[vc_row][vc_column width=&#8221;1\/1&#8243;][uncode_block id=&#8221;140363&#8243;][\/vc_column][\/vc_row]<\/p>\n<\/div>","protected":false},"excerpt":{"rendered":"<h2>Yoga Sutras of Patanjali &#8211; Edwin F Bryant<\/h2>\n<div class=\"expand\" data-lines=\"10\" data-remove-button=\"1\">\n<div class=\"expand__inner\">\n<div class=\"expand__inner-content\">En banbrytande ny \u00f6vers\u00e4ttning och utg\u00e5va skriven f\u00f6r n\u00e4stan tv\u00e5 \u00e5rtusenden sedan, h\u00e4r fokuserar Patanjali p\u00e5 hur man uppn\u00e5r den direkta upplevelsen och f\u00f6rverkligandet av purusa: det innersta enskilda sj\u00e4lvet, eller sj\u00e4len. Som den klassiska avhandlingen om den hinduiska f\u00f6rst\u00e5elsen av sinne och medvetande samt meditationstekniken har den ut\u00f6vat ett enormt inflytande \u00f6ver hinduismen i Indien och, p\u00e5 senare tid, i v\u00e4st. Edwin F. Bryants \u00f6vers\u00e4ttning \u00e4r tydlig, direkt och exakt. Varje sutra presenteras som sanskrit text, transliteration och exakt engelsk \u00f6vers\u00e4ttning, och f\u00f6ljs av Bryant auktoritativa kommentar, som \u00e4r grundad i den klassiska f\u00f6rst\u00e5elsen av yoga och f\u00f6rmedlar inneb\u00f6rden och djupet av sutras p\u00e5 ett anv\u00e4ndarv\u00e4nligt s\u00e4tt f\u00f6r en v\u00e4sterl\u00e4ndsk l\u00e4sekrets utan att kompromissa vetenskaplig stringens eller traditionell \u00e4kthet. Dessutom presenterar Bryant insikter fr\u00e5n de prim\u00e4ra traditionella kommentarer om sutras skrivna under det senaste \u00e5rtusendet och ett halvt \u00e5r.<\/div>\n<\/div>\n<\/div>\n<p>Format &#8211; Pocket<\/p>\n<p>Spr\u00e5k &#8211; Engelska<\/p>\n<p>Antal sidor &#8211; 678<\/p>\n<p>Utgivningsdatum -2015-01-27<\/p>\n<p>M\u00e5tt -140 x 210 x 51mm<\/p>\n<p>Vikt &#8211; 582 g<\/p>\n<p>&nbsp;<\/p>\n","protected":false},"featured_media":0,"comment_status":"open","ping_status":"closed","template":"","meta":[],"product_brand":[],"product_cat":[3074,3073],"product_tag":[3287,3077,3157],"class_list":{"0":"post-140724","1":"product","2":"type-product","3":"status-publish","5":"product_cat-yoga-bocker","6":"product_cat-yogalitteratur","7":"product_tag-edwin-f-bryant-sv","8":"product_tag-book-sv","9":"product_tag-yoga-sv","10":"product_shipping_class-flera-produkter-sv","12":"first","13":"outofstock","14":"taxable","15":"shipping-taxable","16":"purchasable","17":"product-type-simple"},"yoast_head":"<!-- This site is optimized with the Yoast SEO Premium plugin v27.5 (Yoast SEO v27.5) - https:\/\/yoast.com\/product\/yoast-seo-premium-wordpress\/ -->\n<title>Yoga Sutras of Patanjali - Edwin F Bryant - OurYogaShop<\/title>\n<meta name=\"description\" content=\"Patanjalis arbete fokuserar p\u00e5 hur man uppn\u00e5r den direkta upplevelsen och f\u00f6rverkligandet av purusa: det innersta individuella jaget, eller sj\u00e4len.\" \/>\n<meta name=\"robots\" content=\"index, follow, max-snippet:-1, max-image-preview:large, max-video-preview:-1\" \/>\n<link rel=\"canonical\" href=\"https:\/\/ouryogashop.com\/sv\/product\/yoga-sutras-of-patanjali-edwin-f-bryant\/\" \/>\n<meta property=\"og:locale\" content=\"sv_SE\" \/>\n<meta property=\"og:type\" content=\"article\" \/>\n<meta property=\"og:title\" content=\"Yoga Sutras of Patanjali - Edwin F Bryant\" \/>\n<meta property=\"og:description\" content=\"Patanjalis arbete fokuserar p\u00e5 hur man uppn\u00e5r den direkta upplevelsen och f\u00f6rverkligandet av purusa: det innersta individuella jaget, eller sj\u00e4len.\" \/>\n<meta property=\"og:url\" content=\"https:\/\/ouryogashop.com\/sv\/product\/yoga-sutras-of-patanjali-edwin-f-bryant\/\" \/>\n<meta property=\"og:site_name\" content=\"OurYogaShop\" \/>\n<meta property=\"article:publisher\" content=\"https:\/\/www.facebook.com\/ouryogashopcom\/\" \/>\n<meta property=\"article:modified_time\" content=\"2022-11-17T10:59:46+00:00\" \/>\n<meta name=\"twitter:card\" content=\"summary_large_image\" \/>\n<meta name=\"twitter:site\" content=\"@OurYogaShop\" \/>\n<meta name=\"twitter:label1\" content=\"Pris\" \/>\n\t<meta name=\"twitter:data1\" content=\"250,00&#107;&#114;\" \/>\n\t<meta name=\"twitter:label2\" content=\"Tillg\u00e4nglig\" \/>\n\t<meta name=\"twitter:data2\" content=\"Slut i lager\" \/>\n<script type=\"application\/ld+json\" class=\"yoast-schema-graph\">{\"@context\":\"https:\\\/\\\/schema.org\",\"@graph\":[{\"@type\":\"WebPage\",\"@id\":\"https:\\\/\\\/ouryogashop.com\\\/sv\\\/product\\\/yoga-sutras-of-patanjali-edwin-f-bryant\\\/\",\"url\":\"https:\\\/\\\/ouryogashop.com\\\/sv\\\/product\\\/yoga-sutras-of-patanjali-edwin-f-bryant\\\/\",\"name\":\"Yoga Sutras of Patanjali - Edwin F Bryant - OurYogaShop\",\"isPartOf\":{\"@id\":\"https:\\\/\\\/ouryogashop.com\\\/sv\\\/#website\"},\"datePublished\":\"2020-07-15T10:33:49+00:00\",\"dateModified\":\"2022-11-17T10:59:46+00:00\",\"description\":\"Patanjalis arbete fokuserar p\u00e5 hur man uppn\u00e5r den direkta upplevelsen och f\u00f6rverkligandet av purusa: det innersta individuella jaget, eller sj\u00e4len.\",\"breadcrumb\":{\"@id\":\"https:\\\/\\\/ouryogashop.com\\\/sv\\\/product\\\/yoga-sutras-of-patanjali-edwin-f-bryant\\\/#breadcrumb\"},\"inLanguage\":\"sv-SE\",\"potentialAction\":[{\"@type\":\"ReadAction\",\"target\":[\"https:\\\/\\\/ouryogashop.com\\\/sv\\\/product\\\/yoga-sutras-of-patanjali-edwin-f-bryant\\\/\"]}]},{\"@type\":\"BreadcrumbList\",\"@id\":\"https:\\\/\\\/ouryogashop.com\\\/sv\\\/product\\\/yoga-sutras-of-patanjali-edwin-f-bryant\\\/#breadcrumb\",\"itemListElement\":[{\"@type\":\"ListItem\",\"position\":1,\"name\":\"Hem\",\"item\":\"https:\\\/\\\/ouryogashop.com\\\/sv\\\/\"},{\"@type\":\"ListItem\",\"position\":2,\"name\":\"Yoga Butik\",\"item\":\"https:\\\/\\\/ouryogashop.com\\\/sv\\\/yoga-butik\\\/\"},{\"@type\":\"ListItem\",\"position\":3,\"name\":\"Yogalitteratur\",\"item\":\"https:\\\/\\\/ouryogashop.com\\\/sv\\\/produkt-kategori\\\/yogalitteratur\\\/\"},{\"@type\":\"ListItem\",\"position\":4,\"name\":\"Yoga Sutras of Patanjali &#8211; Edwin F Bryant\"}]},{\"@type\":\"WebSite\",\"@id\":\"https:\\\/\\\/ouryogashop.com\\\/sv\\\/#website\",\"url\":\"https:\\\/\\\/ouryogashop.com\\\/sv\\\/\",\"name\":\"OurYogaShop\",\"description\":\"The best yoga mats ever!\",\"publisher\":{\"@id\":\"https:\\\/\\\/ouryogashop.com\\\/sv\\\/#organization\"},\"potentialAction\":[{\"@type\":\"SearchAction\",\"target\":{\"@type\":\"EntryPoint\",\"urlTemplate\":\"https:\\\/\\\/ouryogashop.com\\\/sv\\\/?s={search_term_string}\"},\"query-input\":{\"@type\":\"PropertyValueSpecification\",\"valueRequired\":true,\"valueName\":\"search_term_string\"}}],\"inLanguage\":\"sv-SE\"},{\"@type\":\"Organization\",\"@id\":\"https:\\\/\\\/ouryogashop.com\\\/sv\\\/#organization\",\"name\":\"OurYogaShop\",\"url\":\"https:\\\/\\\/ouryogashop.com\\\/sv\\\/\",\"logo\":{\"@type\":\"ImageObject\",\"inLanguage\":\"sv-SE\",\"@id\":\"https:\\\/\\\/ouryogashop.com\\\/sv\\\/#\\\/schema\\\/logo\\\/image\\\/\",\"url\":\"https:\\\/\\\/ouryogashop.com\\\/wp-content\\\/uploads\\\/2019\\\/05\\\/OYS-Logo.png\",\"contentUrl\":\"https:\\\/\\\/ouryogashop.com\\\/wp-content\\\/uploads\\\/2019\\\/05\\\/OYS-Logo.png\",\"width\":500,\"height\":371,\"caption\":\"OurYogaShop\"},\"image\":{\"@id\":\"https:\\\/\\\/ouryogashop.com\\\/sv\\\/#\\\/schema\\\/logo\\\/image\\\/\"},\"sameAs\":[\"https:\\\/\\\/www.facebook.com\\\/ouryogashopcom\\\/\",\"https:\\\/\\\/x.com\\\/OurYogaShop\",\"https:\\\/\\\/www.instagram.com\\\/ouryogashop\\\/\"]}]}<\/script>\n<meta property=\"product:price:amount\" content=\"250.00\" \/>\n<meta property=\"product:price:currency\" content=\"SEK\" \/>\n<meta property=\"og:availability\" content=\"out of stock\" \/>\n<meta property=\"product:availability\" content=\"out of stock\" \/>\n<meta property=\"product:retailer_item_id\" content=\"OYS20018\" \/>\n<meta property=\"product:condition\" content=\"new\" \/>\n<!-- \/ Yoast SEO Premium plugin. -->","yoast_head_json":{"title":"Yoga Sutras of Patanjali - Edwin F Bryant - OurYogaShop","description":"Patanjalis arbete fokuserar p\u00e5 hur man uppn\u00e5r den direkta upplevelsen och f\u00f6rverkligandet av purusa: det innersta individuella jaget, eller sj\u00e4len.","robots":{"index":"index","follow":"follow","max-snippet":"max-snippet:-1","max-image-preview":"max-image-preview:large","max-video-preview":"max-video-preview:-1"},"canonical":"https:\/\/ouryogashop.com\/sv\/product\/yoga-sutras-of-patanjali-edwin-f-bryant\/","og_locale":"sv_SE","og_type":"article","og_title":"Yoga Sutras of Patanjali - Edwin F Bryant","og_description":"Patanjalis arbete fokuserar p\u00e5 hur man uppn\u00e5r den direkta upplevelsen och f\u00f6rverkligandet av purusa: det innersta individuella jaget, eller sj\u00e4len.","og_url":"https:\/\/ouryogashop.com\/sv\/product\/yoga-sutras-of-patanjali-edwin-f-bryant\/","og_site_name":"OurYogaShop","article_publisher":"https:\/\/www.facebook.com\/ouryogashopcom\/","article_modified_time":"2022-11-17T10:59:46+00:00","twitter_card":"summary_large_image","twitter_site":"@OurYogaShop","twitter_misc":{"Pris":"250,00&#107;&#114;","Tillg\u00e4nglig":"Slut i lager"},"schema":{"@context":"https:\/\/schema.org","@graph":[{"@type":"WebPage","@id":"https:\/\/ouryogashop.com\/sv\/product\/yoga-sutras-of-patanjali-edwin-f-bryant\/","url":"https:\/\/ouryogashop.com\/sv\/product\/yoga-sutras-of-patanjali-edwin-f-bryant\/","name":"Yoga Sutras of Patanjali - Edwin F Bryant - OurYogaShop","isPartOf":{"@id":"https:\/\/ouryogashop.com\/sv\/#website"},"datePublished":"2020-07-15T10:33:49+00:00","dateModified":"2022-11-17T10:59:46+00:00","description":"Patanjalis arbete fokuserar p\u00e5 hur man uppn\u00e5r den direkta upplevelsen och f\u00f6rverkligandet av purusa: det innersta individuella jaget, eller sj\u00e4len.","breadcrumb":{"@id":"https:\/\/ouryogashop.com\/sv\/product\/yoga-sutras-of-patanjali-edwin-f-bryant\/#breadcrumb"},"inLanguage":"sv-SE","potentialAction":[{"@type":"ReadAction","target":["https:\/\/ouryogashop.com\/sv\/product\/yoga-sutras-of-patanjali-edwin-f-bryant\/"]}]},{"@type":"BreadcrumbList","@id":"https:\/\/ouryogashop.com\/sv\/product\/yoga-sutras-of-patanjali-edwin-f-bryant\/#breadcrumb","itemListElement":[{"@type":"ListItem","position":1,"name":"Hem","item":"https:\/\/ouryogashop.com\/sv\/"},{"@type":"ListItem","position":2,"name":"Yoga Butik","item":"https:\/\/ouryogashop.com\/sv\/yoga-butik\/"},{"@type":"ListItem","position":3,"name":"Yogalitteratur","item":"https:\/\/ouryogashop.com\/sv\/produkt-kategori\/yogalitteratur\/"},{"@type":"ListItem","position":4,"name":"Yoga Sutras of Patanjali &#8211; Edwin F Bryant"}]},{"@type":"WebSite","@id":"https:\/\/ouryogashop.com\/sv\/#website","url":"https:\/\/ouryogashop.com\/sv\/","name":"OurYogaShop","description":"The best yoga mats ever!","publisher":{"@id":"https:\/\/ouryogashop.com\/sv\/#organization"},"potentialAction":[{"@type":"SearchAction","target":{"@type":"EntryPoint","urlTemplate":"https:\/\/ouryogashop.com\/sv\/?s={search_term_string}"},"query-input":{"@type":"PropertyValueSpecification","valueRequired":true,"valueName":"search_term_string"}}],"inLanguage":"sv-SE"},{"@type":"Organization","@id":"https:\/\/ouryogashop.com\/sv\/#organization","name":"OurYogaShop","url":"https:\/\/ouryogashop.com\/sv\/","logo":{"@type":"ImageObject","inLanguage":"sv-SE","@id":"https:\/\/ouryogashop.com\/sv\/#\/schema\/logo\/image\/","url":"https:\/\/ouryogashop.com\/wp-content\/uploads\/2019\/05\/OYS-Logo.png","contentUrl":"https:\/\/ouryogashop.com\/wp-content\/uploads\/2019\/05\/OYS-Logo.png","width":500,"height":371,"caption":"OurYogaShop"},"image":{"@id":"https:\/\/ouryogashop.com\/sv\/#\/schema\/logo\/image\/"},"sameAs":["https:\/\/www.facebook.com\/ouryogashopcom\/","https:\/\/x.com\/OurYogaShop","https:\/\/www.instagram.com\/ouryogashop\/"]}]},"product_price_amount":"250.00","product_price_currency":"SEK","og_availability":"out of stock","product_availability":"out of stock","product_retailer_item_id":"OYS20018","product_condition":"new"},"_links":{"self":[{"href":"https:\/\/ouryogashop.com\/sv\/wp-json\/wp\/v2\/product\/140724","targetHints":{"allow":["GET"]}}],"collection":[{"href":"https:\/\/ouryogashop.com\/sv\/wp-json\/wp\/v2\/product"}],"about":[{"href":"https:\/\/ouryogashop.com\/sv\/wp-json\/wp\/v2\/types\/product"}],"replies":[{"embeddable":true,"href":"https:\/\/ouryogashop.com\/sv\/wp-json\/wp\/v2\/comments?post=140724"}],"wp:attachment":[{"href":"https:\/\/ouryogashop.com\/sv\/wp-json\/wp\/v2\/media?parent=140724"}],"wp:term":[{"taxonomy":"product_brand","embeddable":true,"href":"https:\/\/ouryogashop.com\/sv\/wp-json\/wp\/v2\/product_brand?post=140724"},{"taxonomy":"product_cat","embeddable":true,"href":"https:\/\/ouryogashop.com\/sv\/wp-json\/wp\/v2\/product_cat?post=140724"},{"taxonomy":"product_tag","embeddable":true,"href":"https:\/\/ouryogashop.com\/sv\/wp-json\/wp\/v2\/product_tag?post=140724"}],"curies":[{"name":"wp","href":"https:\/\/api.w.org\/{rel}","templated":true}]}}