{"id":141154,"date":"2020-08-05T11:58:59","date_gmt":"2020-08-05T09:58:59","guid":{"rendered":"https:\/\/ouryogashop.com\/shop\/okategoriserad\/yogamatta-eko-lite-manduka-cosmic-sky-marbled-4mm\/"},"modified":"2025-12-31T13:15:48","modified_gmt":"2025-12-31T11:15:48","slug":"yogamatta-eko-lite-manduka-cosmic-sky-marbled-4mm","status":"publish","type":"product","link":"https:\/\/ouryogashop.com\/sv\/product\/yogamatta-eko-lite-manduka-cosmic-sky-marbled-4mm\/","title":{"rendered":"Yogamatta eKo Lite Manduka Cosmic Sky Marbled 4mm"},"content":{"rendered":"<div class=\"wpb-content-wrapper\"><p>[vc_row][vc_column width=&#8221;1\/1&#8243;][uncode_block id=&#8221;79515&#8243;][\/vc_column][\/vc_row][vc_row][vc_column width=&#8221;1\/1&#8243;][uncode_block id=&#8221;81753&#8243;][\/vc_column][\/vc_row][vc_row][vc_column width=&#8221;1\/1&#8243;][uncode_block id=&#8221;79509&#8243;][\/vc_column][\/vc_row][vc_row][vc_column width=&#8221;1\/1&#8243;][uncode_block id=&#8221;79496&#8243;][\/vc_column][\/vc_row][vc_row][vc_column width=&#8221;1\/1&#8243;][uncode_block id=&#8221;79486&#8243;][\/vc_column][\/vc_row][vc_row][vc_column width=&#8221;1\/1&#8243;][uncode_block id=&#8221;81759&#8243;][\/vc_column][\/vc_row][vc_row][vc_column width=&#8221;1\/1&#8243;][uncode_block id=&#8221;79511&#8243;][\/vc_column][\/vc_row]<\/p>\n<\/div>","protected":false},"excerpt":{"rendered":"<h4>\u00d6versikt<\/h4>\n<p>eKo Lite Manduka Cosmic Sky Marbled &#8211; l\u00e4tt att b\u00e4ra och bra grepp fr\u00e5n start.<\/p>\n<p>\u2022 Standardvikt: 2,1 kg; 180 cm x 61 cm och 4 mm tjock<br \/>\n\u2022 H\u00e5llbar yogamatta i naturgummi.<br \/>\n\u2022 Ingen PVC eller skadliga mjukg\u00f6rare eller AZO-f\u00e4rg\u00e4mnen.<\/p>\n","protected":false},"featured_media":141149,"comment_status":"open","ping_status":"closed","template":"","meta":[],"product_brand":[],"product_cat":[356,382,357,355,3655,3653],"product_tag":[791,3295,358,3495,3496,3497,3498,718],"class_list":{"0":"post-141154","1":"product","2":"type-product","3":"status-publish","4":"has-post-thumbnail","6":"product_cat-yogamatta-eko","7":"product_cat-yogamatta","8":"product_cat-yogamatta-naturgummi","9":"product_cat-manduka-sv","10":"product_cat-yogamattor-manduka","11":"product_cat-yogamatta-manduka-eko-lite-4mm","12":"product_tag-4mm-sv","13":"product_tag-cosmic-sky-marbled-sv","14":"product_tag-eko-mat-sv","15":"product_tag-natural-rubber-yoga-mat-sv","16":"product_tag-ecologic-yoga-mat-sv","17":"product_tag-standard-size-yoga-mat-sv","18":"product_tag-slippery-free-sv","19":"product_tag-manduka-eko-lite-yogamatta","20":"product_shipping_class-flera-produkter-sv","21":"pa_length-group-180cm-sv","22":"pa_material-natural-rubber-sv","23":"pa_material-ecologic-sv","24":"pa_product-type-standard-yoga-mat-sv","25":"pa_product-type-eco-yoga-mat-sv","26":"pa_product-type-slippery-free-yoga-mat-sv","27":"pa_thick-group-4mm-sv","28":"pa_weight-group-2-3-kg-sv","29":"pa_width-group-61cm-sv","31":"first","32":"outofstock","33":"sale","34":"taxable","35":"shipping-taxable","36":"purchasable","37":"product-type-simple"},"yoast_head":"<!-- This site is optimized with the Yoast SEO Premium plugin v27.3 (Yoast SEO v27.4) - https:\/\/yoast.com\/product\/yoast-seo-premium-wordpress\/ -->\n<title>eKo Lite Manduka Cosmic Sky Marbled Yogamatta 4mm - OurYogaShop<\/title>\n<meta name=\"description\" content=\"eKo Lite Manduka Cosmic Sky Marbled - yogamattan av naturgummi med ett naturligt grepp fr\u00e5n start. Supportar din yoga!\" \/>\n<meta name=\"robots\" content=\"index, follow, max-snippet:-1, max-image-preview:large, max-video-preview:-1\" \/>\n<link rel=\"canonical\" href=\"https:\/\/ouryogashop.com\/sv\/product\/yogamatta-eko-lite-manduka-cosmic-sky-marbled-4mm\/\" \/>\n<meta property=\"og:locale\" content=\"sv_SE\" \/>\n<meta property=\"og:type\" content=\"article\" \/>\n<meta property=\"og:title\" content=\"Yogamatta eKo Lite Manduka Cosmic Sky Marbled 4mm\" \/>\n<meta property=\"og:description\" content=\"eKo Lite Manduka Cosmic Sky Marbled - yogamattan av naturgummi med ett naturligt grepp fr\u00e5n start. Supportar din yoga!\" \/>\n<meta property=\"og:url\" content=\"https:\/\/ouryogashop.com\/sv\/product\/yogamatta-eko-lite-manduka-cosmic-sky-marbled-4mm\/\" \/>\n<meta property=\"og:site_name\" content=\"OurYogaShop\" \/>\n<meta property=\"article:publisher\" content=\"https:\/\/www.facebook.com\/ouryogashopcom\/\" \/>\n<meta property=\"article:modified_time\" content=\"2025-12-31T11:15:48+00:00\" \/>\n<meta property=\"og:image\" content=\"https:\/\/ouryogashop.com\/wp-content\/uploads\/2020\/08\/2132md-eKO-Lite-4mm-71-133051366-Mats-Cosmic-Sky-Marbled_02.jpg\" \/>\n\t<meta property=\"og:image:width\" content=\"811\" \/>\n\t<meta property=\"og:image:height\" content=\"1014\" \/>\n\t<meta property=\"og:image:type\" content=\"image\/jpeg\" \/>\n<meta name=\"twitter:card\" content=\"summary_large_image\" \/>\n<meta name=\"twitter:site\" content=\"@OurYogaShop\" \/>\n<meta name=\"twitter:label1\" content=\"Pris\" \/>\n\t<meta name=\"twitter:data1\" content=\"795,00&#107;&#114;\" \/>\n\t<meta name=\"twitter:label2\" content=\"Tillg\u00e4nglig\" \/>\n\t<meta name=\"twitter:data2\" content=\"Slut i lager\" \/>\n<script type=\"application\/ld+json\" class=\"yoast-schema-graph\">{\"@context\":\"https:\\\/\\\/schema.org\",\"@graph\":[{\"@type\":\"WebPage\",\"@id\":\"https:\\\/\\\/ouryogashop.com\\\/sv\\\/product\\\/yogamatta-eko-lite-manduka-cosmic-sky-marbled-4mm\\\/\",\"url\":\"https:\\\/\\\/ouryogashop.com\\\/sv\\\/product\\\/yogamatta-eko-lite-manduka-cosmic-sky-marbled-4mm\\\/\",\"name\":\"eKo Lite Manduka Cosmic Sky Marbled Yogamatta 4mm - OurYogaShop\",\"isPartOf\":{\"@id\":\"https:\\\/\\\/ouryogashop.com\\\/sv\\\/#website\"},\"primaryImageOfPage\":{\"@id\":\"https:\\\/\\\/ouryogashop.com\\\/sv\\\/product\\\/yogamatta-eko-lite-manduka-cosmic-sky-marbled-4mm\\\/#primaryimage\"},\"image\":{\"@id\":\"https:\\\/\\\/ouryogashop.com\\\/sv\\\/product\\\/yogamatta-eko-lite-manduka-cosmic-sky-marbled-4mm\\\/#primaryimage\"},\"thumbnailUrl\":\"https:\\\/\\\/ouryogashop.com\\\/wp-content\\\/uploads\\\/2020\\\/08\\\/2132md-eKO-Lite-4mm-71-133051366-Mats-Cosmic-Sky-Marbled_02.jpg\",\"datePublished\":\"2020-08-05T09:58:59+00:00\",\"dateModified\":\"2025-12-31T11:15:48+00:00\",\"description\":\"eKo Lite Manduka Cosmic Sky Marbled - yogamattan av naturgummi med ett naturligt grepp fr\u00e5n start. Supportar din yoga!\",\"breadcrumb\":{\"@id\":\"https:\\\/\\\/ouryogashop.com\\\/sv\\\/product\\\/yogamatta-eko-lite-manduka-cosmic-sky-marbled-4mm\\\/#breadcrumb\"},\"inLanguage\":\"sv-SE\",\"potentialAction\":[{\"@type\":\"ReadAction\",\"target\":[\"https:\\\/\\\/ouryogashop.com\\\/sv\\\/product\\\/yogamatta-eko-lite-manduka-cosmic-sky-marbled-4mm\\\/\"]}]},{\"@type\":\"ImageObject\",\"inLanguage\":\"sv-SE\",\"@id\":\"https:\\\/\\\/ouryogashop.com\\\/sv\\\/product\\\/yogamatta-eko-lite-manduka-cosmic-sky-marbled-4mm\\\/#primaryimage\",\"url\":\"https:\\\/\\\/ouryogashop.com\\\/wp-content\\\/uploads\\\/2020\\\/08\\\/2132md-eKO-Lite-4mm-71-133051366-Mats-Cosmic-Sky-Marbled_02.jpg\",\"contentUrl\":\"https:\\\/\\\/ouryogashop.com\\\/wp-content\\\/uploads\\\/2020\\\/08\\\/2132md-eKO-Lite-4mm-71-133051366-Mats-Cosmic-Sky-Marbled_02.jpg\",\"width\":811,\"height\":1014,\"caption\":\"eKo Lite Manduka Cosmic Sky Marbled\"},{\"@type\":\"BreadcrumbList\",\"@id\":\"https:\\\/\\\/ouryogashop.com\\\/sv\\\/product\\\/yogamatta-eko-lite-manduka-cosmic-sky-marbled-4mm\\\/#breadcrumb\",\"itemListElement\":[{\"@type\":\"ListItem\",\"position\":1,\"name\":\"Hem\",\"item\":\"https:\\\/\\\/ouryogashop.com\\\/sv\\\/\"},{\"@type\":\"ListItem\",\"position\":2,\"name\":\"Yoga Butik\",\"item\":\"https:\\\/\\\/ouryogashop.com\\\/sv\\\/yoga-butik\\\/\"},{\"@type\":\"ListItem\",\"position\":3,\"name\":\"Manduka\",\"item\":\"https:\\\/\\\/ouryogashop.com\\\/sv\\\/produkt-kategori\\\/manduka-sv\\\/\"},{\"@type\":\"ListItem\",\"position\":4,\"name\":\"Yogamatta eKo Lite Manduka Cosmic Sky Marbled 4mm\"}]},{\"@type\":\"WebSite\",\"@id\":\"https:\\\/\\\/ouryogashop.com\\\/sv\\\/#website\",\"url\":\"https:\\\/\\\/ouryogashop.com\\\/sv\\\/\",\"name\":\"OurYogaShop\",\"description\":\"The best yoga mats ever!\",\"publisher\":{\"@id\":\"https:\\\/\\\/ouryogashop.com\\\/sv\\\/#organization\"},\"potentialAction\":[{\"@type\":\"SearchAction\",\"target\":{\"@type\":\"EntryPoint\",\"urlTemplate\":\"https:\\\/\\\/ouryogashop.com\\\/sv\\\/?s={search_term_string}\"},\"query-input\":{\"@type\":\"PropertyValueSpecification\",\"valueRequired\":true,\"valueName\":\"search_term_string\"}}],\"inLanguage\":\"sv-SE\"},{\"@type\":\"Organization\",\"@id\":\"https:\\\/\\\/ouryogashop.com\\\/sv\\\/#organization\",\"name\":\"OurYogaShop\",\"url\":\"https:\\\/\\\/ouryogashop.com\\\/sv\\\/\",\"logo\":{\"@type\":\"ImageObject\",\"inLanguage\":\"sv-SE\",\"@id\":\"https:\\\/\\\/ouryogashop.com\\\/sv\\\/#\\\/schema\\\/logo\\\/image\\\/\",\"url\":\"https:\\\/\\\/ouryogashop.com\\\/wp-content\\\/uploads\\\/2019\\\/05\\\/OYS-Logo.png\",\"contentUrl\":\"https:\\\/\\\/ouryogashop.com\\\/wp-content\\\/uploads\\\/2019\\\/05\\\/OYS-Logo.png\",\"width\":500,\"height\":371,\"caption\":\"OurYogaShop\"},\"image\":{\"@id\":\"https:\\\/\\\/ouryogashop.com\\\/sv\\\/#\\\/schema\\\/logo\\\/image\\\/\"},\"sameAs\":[\"https:\\\/\\\/www.facebook.com\\\/ouryogashopcom\\\/\",\"https:\\\/\\\/x.com\\\/OurYogaShop\",\"https:\\\/\\\/www.instagram.com\\\/ouryogashop\\\/\"]}]}<\/script>\n<meta property=\"product:brand\" content=\"Manduka\" \/>\n<meta property=\"product:price:amount\" content=\"795.00\" \/>\n<meta property=\"product:price:currency\" content=\"SEK\" \/>\n<meta property=\"og:availability\" content=\"out of stock\" \/>\n<meta property=\"product:availability\" content=\"out of stock\" \/>\n<meta property=\"product:retailer_item_id\" content=\"MD14041\" \/>\n<meta property=\"product:condition\" content=\"new\" \/>\n<!-- \/ Yoast SEO Premium plugin. -->","yoast_head_json":{"title":"eKo Lite Manduka Cosmic Sky Marbled Yogamatta 4mm - OurYogaShop","description":"eKo Lite Manduka Cosmic Sky Marbled - yogamattan av naturgummi med ett naturligt grepp fr\u00e5n start. Supportar din yoga!","robots":{"index":"index","follow":"follow","max-snippet":"max-snippet:-1","max-image-preview":"max-image-preview:large","max-video-preview":"max-video-preview:-1"},"canonical":"https:\/\/ouryogashop.com\/sv\/product\/yogamatta-eko-lite-manduka-cosmic-sky-marbled-4mm\/","og_locale":"sv_SE","og_type":"article","og_title":"Yogamatta eKo Lite Manduka Cosmic Sky Marbled 4mm","og_description":"eKo Lite Manduka Cosmic Sky Marbled - yogamattan av naturgummi med ett naturligt grepp fr\u00e5n start. Supportar din yoga!","og_url":"https:\/\/ouryogashop.com\/sv\/product\/yogamatta-eko-lite-manduka-cosmic-sky-marbled-4mm\/","og_site_name":"OurYogaShop","article_publisher":"https:\/\/www.facebook.com\/ouryogashopcom\/","article_modified_time":"2025-12-31T11:15:48+00:00","og_image":[{"width":811,"height":1014,"url":"https:\/\/ouryogashop.com\/wp-content\/uploads\/2020\/08\/2132md-eKO-Lite-4mm-71-133051366-Mats-Cosmic-Sky-Marbled_02.jpg","type":"image\/jpeg"}],"twitter_card":"summary_large_image","twitter_site":"@OurYogaShop","twitter_misc":{"Pris":"795,00&#107;&#114;","Tillg\u00e4nglig":"Slut i lager"},"schema":{"@context":"https:\/\/schema.org","@graph":[{"@type":"WebPage","@id":"https:\/\/ouryogashop.com\/sv\/product\/yogamatta-eko-lite-manduka-cosmic-sky-marbled-4mm\/","url":"https:\/\/ouryogashop.com\/sv\/product\/yogamatta-eko-lite-manduka-cosmic-sky-marbled-4mm\/","name":"eKo Lite Manduka Cosmic Sky Marbled Yogamatta 4mm - OurYogaShop","isPartOf":{"@id":"https:\/\/ouryogashop.com\/sv\/#website"},"primaryImageOfPage":{"@id":"https:\/\/ouryogashop.com\/sv\/product\/yogamatta-eko-lite-manduka-cosmic-sky-marbled-4mm\/#primaryimage"},"image":{"@id":"https:\/\/ouryogashop.com\/sv\/product\/yogamatta-eko-lite-manduka-cosmic-sky-marbled-4mm\/#primaryimage"},"thumbnailUrl":"https:\/\/ouryogashop.com\/wp-content\/uploads\/2020\/08\/2132md-eKO-Lite-4mm-71-133051366-Mats-Cosmic-Sky-Marbled_02.jpg","datePublished":"2020-08-05T09:58:59+00:00","dateModified":"2025-12-31T11:15:48+00:00","description":"eKo Lite Manduka Cosmic Sky Marbled - yogamattan av naturgummi med ett naturligt grepp fr\u00e5n start. Supportar din yoga!","breadcrumb":{"@id":"https:\/\/ouryogashop.com\/sv\/product\/yogamatta-eko-lite-manduka-cosmic-sky-marbled-4mm\/#breadcrumb"},"inLanguage":"sv-SE","potentialAction":[{"@type":"ReadAction","target":["https:\/\/ouryogashop.com\/sv\/product\/yogamatta-eko-lite-manduka-cosmic-sky-marbled-4mm\/"]}]},{"@type":"ImageObject","inLanguage":"sv-SE","@id":"https:\/\/ouryogashop.com\/sv\/product\/yogamatta-eko-lite-manduka-cosmic-sky-marbled-4mm\/#primaryimage","url":"https:\/\/ouryogashop.com\/wp-content\/uploads\/2020\/08\/2132md-eKO-Lite-4mm-71-133051366-Mats-Cosmic-Sky-Marbled_02.jpg","contentUrl":"https:\/\/ouryogashop.com\/wp-content\/uploads\/2020\/08\/2132md-eKO-Lite-4mm-71-133051366-Mats-Cosmic-Sky-Marbled_02.jpg","width":811,"height":1014,"caption":"eKo Lite Manduka Cosmic Sky Marbled"},{"@type":"BreadcrumbList","@id":"https:\/\/ouryogashop.com\/sv\/product\/yogamatta-eko-lite-manduka-cosmic-sky-marbled-4mm\/#breadcrumb","itemListElement":[{"@type":"ListItem","position":1,"name":"Hem","item":"https:\/\/ouryogashop.com\/sv\/"},{"@type":"ListItem","position":2,"name":"Yoga Butik","item":"https:\/\/ouryogashop.com\/sv\/yoga-butik\/"},{"@type":"ListItem","position":3,"name":"Manduka","item":"https:\/\/ouryogashop.com\/sv\/produkt-kategori\/manduka-sv\/"},{"@type":"ListItem","position":4,"name":"Yogamatta eKo Lite Manduka Cosmic Sky Marbled 4mm"}]},{"@type":"WebSite","@id":"https:\/\/ouryogashop.com\/sv\/#website","url":"https:\/\/ouryogashop.com\/sv\/","name":"OurYogaShop","description":"The best yoga mats ever!","publisher":{"@id":"https:\/\/ouryogashop.com\/sv\/#organization"},"potentialAction":[{"@type":"SearchAction","target":{"@type":"EntryPoint","urlTemplate":"https:\/\/ouryogashop.com\/sv\/?s={search_term_string}"},"query-input":{"@type":"PropertyValueSpecification","valueRequired":true,"valueName":"search_term_string"}}],"inLanguage":"sv-SE"},{"@type":"Organization","@id":"https:\/\/ouryogashop.com\/sv\/#organization","name":"OurYogaShop","url":"https:\/\/ouryogashop.com\/sv\/","logo":{"@type":"ImageObject","inLanguage":"sv-SE","@id":"https:\/\/ouryogashop.com\/sv\/#\/schema\/logo\/image\/","url":"https:\/\/ouryogashop.com\/wp-content\/uploads\/2019\/05\/OYS-Logo.png","contentUrl":"https:\/\/ouryogashop.com\/wp-content\/uploads\/2019\/05\/OYS-Logo.png","width":500,"height":371,"caption":"OurYogaShop"},"image":{"@id":"https:\/\/ouryogashop.com\/sv\/#\/schema\/logo\/image\/"},"sameAs":["https:\/\/www.facebook.com\/ouryogashopcom\/","https:\/\/x.com\/OurYogaShop","https:\/\/www.instagram.com\/ouryogashop\/"]}]},"product_brand":"Manduka","product_price_amount":"795.00","product_price_currency":"SEK","og_availability":"out of stock","product_availability":"out of stock","product_retailer_item_id":"MD14041","product_condition":"new"},"_links":{"self":[{"href":"https:\/\/ouryogashop.com\/sv\/wp-json\/wp\/v2\/product\/141154","targetHints":{"allow":["GET"]}}],"collection":[{"href":"https:\/\/ouryogashop.com\/sv\/wp-json\/wp\/v2\/product"}],"about":[{"href":"https:\/\/ouryogashop.com\/sv\/wp-json\/wp\/v2\/types\/product"}],"replies":[{"embeddable":true,"href":"https:\/\/ouryogashop.com\/sv\/wp-json\/wp\/v2\/comments?post=141154"}],"wp:featuredmedia":[{"embeddable":true,"href":"https:\/\/ouryogashop.com\/sv\/wp-json\/wp\/v2\/media\/141149"}],"wp:attachment":[{"href":"https:\/\/ouryogashop.com\/sv\/wp-json\/wp\/v2\/media?parent=141154"}],"wp:term":[{"taxonomy":"product_brand","embeddable":true,"href":"https:\/\/ouryogashop.com\/sv\/wp-json\/wp\/v2\/product_brand?post=141154"},{"taxonomy":"product_cat","embeddable":true,"href":"https:\/\/ouryogashop.com\/sv\/wp-json\/wp\/v2\/product_cat?post=141154"},{"taxonomy":"product_tag","embeddable":true,"href":"https:\/\/ouryogashop.com\/sv\/wp-json\/wp\/v2\/product_tag?post=141154"}],"curies":[{"name":"wp","href":"https:\/\/api.w.org\/{rel}","templated":true}]}}