{"id":141205,"date":"2020-08-05T15:24:02","date_gmt":"2020-08-05T13:24:02","guid":{"rendered":"https:\/\/ouryogashop.com\/?post_type=product&#038;p=141205"},"modified":"2026-02-18T09:31:44","modified_gmt":"2026-02-18T07:31:44","slug":"equa-matthandduk-mini-dot-black-manduka","status":"publish","type":"product","link":"https:\/\/ouryogashop.com\/sv\/product\/equa-matthandduk-mini-dot-black-manduka\/","title":{"rendered":"eQua Matthandduk Mini Dot Black Manduka"},"content":{"rendered":"<div class=\"wpb-content-wrapper\"><p>[vc_row][vc_column width=&#8221;1\/1&#8243;][uncode_block id=&#8221;101300&#8243;][\/vc_column][\/vc_row][vc_row][vc_column width=&#8221;1\/1&#8243;][uncode_block id=&#8221;101293&#8243;][\/vc_column][\/vc_row][vc_row][vc_column width=&#8221;1\/1&#8243;][uncode_block id=&#8221;79511&#8243;][\/vc_column][\/vc_row]<\/p>\n<\/div>","protected":false},"excerpt":{"rendered":"<p>eQua Matthandduk Mini Dot Black Manduka \u00e4r ett mjukt, mockaliknande, mikrofiberv\u00e4v \u00e4r ultraabsorberande, exceptionellt h\u00e5llbart och otroligt snabbtorkande vilket leder till en glidfri yogaupplevelse. Fungerar f\u00f6r alla typer av yoga inklusive hot, vinyasa och power. Studio eller strand, l\u00e4tt och l\u00e4tt att packa med dig vart du \u00e4n g\u00e5r.<\/p>\n<p>0,2 kg; 182x67cm<\/p>\n","protected":false},"featured_media":141207,"comment_status":"open","ping_status":"closed","template":"","meta":[],"product_brand":[],"product_cat":[3822,1543,2391,355],"product_tag":[3307,2392,2393,2394],"class_list":{"0":"post-141205","1":"product","2":"type-product","3":"status-publish","4":"has-post-thumbnail","6":"product_cat-equa-mat-towel-sv","7":"product_cat-yoga-tillbehor-sv","8":"product_cat-yoga-handduk","9":"product_cat-manduka-sv","10":"product_tag-mini-dot-black-sv","11":"product_tag-equa-matt-handduk-manduka","12":"product_tag-equa-matthandduk-manduka","13":"product_tag-yoga-matthandduk","14":"product_shipping_class-flera-produkter-sv","15":"pa_length-group-182cm-sv","16":"pa_material-microfiber-sv","17":"pa_product-type-equa-handduk","18":"pa_thick-group-1cm-sv","19":"pa_weight-group-0-1-kg-sv","20":"pa_width-group-67cm-sv","22":"first","23":"outofstock","24":"sale","25":"taxable","26":"shipping-taxable","27":"purchasable","28":"product-type-simple"},"yoast_head":"<!-- This site is optimized with the Yoast SEO Premium plugin v27.3 (Yoast SEO v27.4) - https:\/\/yoast.com\/product\/yoast-seo-premium-wordpress\/ -->\n<title>eQua Matthandduk Mini Dot Black Manduka - OurYogaShop<\/title>\n<meta name=\"description\" content=\"eQua Matthandduk Mini Dot Black Manduka i\u00e4r mjuk, mockaliknande, med ultraabsorberande mikrofiberv\u00e4v, exceptionellt slitstark och snabbtorkande. F\u00f6r att inte halka p\u00e5 yogamattan.\" \/>\n<meta name=\"robots\" content=\"index, follow, max-snippet:-1, max-image-preview:large, max-video-preview:-1\" \/>\n<link rel=\"canonical\" href=\"https:\/\/ouryogashop.com\/sv\/product\/equa-matthandduk-mini-dot-black-manduka\/\" \/>\n<meta property=\"og:locale\" content=\"sv_SE\" \/>\n<meta property=\"og:type\" content=\"article\" \/>\n<meta property=\"og:title\" content=\"eQua Matthandduk Mini Dot Black Manduka\" \/>\n<meta property=\"og:description\" content=\"eQua Matthandduk Mini Dot Black Manduka i\u00e4r mjuk, mockaliknande, med ultraabsorberande mikrofiberv\u00e4v, exceptionellt slitstark och snabbtorkande. F\u00f6r att inte halka p\u00e5 yogamattan.\" \/>\n<meta property=\"og:url\" content=\"https:\/\/ouryogashop.com\/sv\/product\/equa-matthandduk-mini-dot-black-manduka\/\" \/>\n<meta property=\"og:site_name\" content=\"OurYogaShop\" \/>\n<meta property=\"article:publisher\" content=\"https:\/\/www.facebook.com\/ouryogashopcom\/\" \/>\n<meta property=\"article:modified_time\" content=\"2026-02-18T07:31:44+00:00\" \/>\n<meta property=\"og:image\" content=\"https:\/\/ouryogashop.com\/wp-content\/uploads\/2020\/08\/2132md_Equa_Mat_16-inch-Towels_211071369_Mini-Dot-Black_01.jpg\" \/>\n\t<meta property=\"og:image:width\" content=\"871\" \/>\n\t<meta property=\"og:image:height\" content=\"1014\" \/>\n\t<meta property=\"og:image:type\" content=\"image\/jpeg\" \/>\n<meta name=\"twitter:card\" content=\"summary_large_image\" \/>\n<meta name=\"twitter:site\" content=\"@OurYogaShop\" \/>\n<meta name=\"twitter:label1\" content=\"Pris\" \/>\n\t<meta name=\"twitter:data1\" content=\"295,00&#107;&#114;\" \/>\n\t<meta name=\"twitter:label2\" content=\"Tillg\u00e4nglig\" \/>\n\t<meta name=\"twitter:data2\" content=\"Slut i lager\" \/>\n<script type=\"application\/ld+json\" class=\"yoast-schema-graph\">{\"@context\":\"https:\\\/\\\/schema.org\",\"@graph\":[{\"@type\":\"WebPage\",\"@id\":\"https:\\\/\\\/ouryogashop.com\\\/sv\\\/product\\\/equa-matthandduk-mini-dot-black-manduka\\\/\",\"url\":\"https:\\\/\\\/ouryogashop.com\\\/sv\\\/product\\\/equa-matthandduk-mini-dot-black-manduka\\\/\",\"name\":\"eQua Matthandduk Mini Dot Black Manduka - OurYogaShop\",\"isPartOf\":{\"@id\":\"https:\\\/\\\/ouryogashop.com\\\/sv\\\/#website\"},\"primaryImageOfPage\":{\"@id\":\"https:\\\/\\\/ouryogashop.com\\\/sv\\\/product\\\/equa-matthandduk-mini-dot-black-manduka\\\/#primaryimage\"},\"image\":{\"@id\":\"https:\\\/\\\/ouryogashop.com\\\/sv\\\/product\\\/equa-matthandduk-mini-dot-black-manduka\\\/#primaryimage\"},\"thumbnailUrl\":\"https:\\\/\\\/ouryogashop.com\\\/wp-content\\\/uploads\\\/2020\\\/08\\\/2132md_Equa_Mat_16-inch-Towels_211071369_Mini-Dot-Black_01.jpg\",\"datePublished\":\"2020-08-05T13:24:02+00:00\",\"dateModified\":\"2026-02-18T07:31:44+00:00\",\"description\":\"eQua Matthandduk Mini Dot Black Manduka i\u00e4r mjuk, mockaliknande, med ultraabsorberande mikrofiberv\u00e4v, exceptionellt slitstark och snabbtorkande. F\u00f6r att inte halka p\u00e5 yogamattan.\",\"breadcrumb\":{\"@id\":\"https:\\\/\\\/ouryogashop.com\\\/sv\\\/product\\\/equa-matthandduk-mini-dot-black-manduka\\\/#breadcrumb\"},\"inLanguage\":\"sv-SE\",\"potentialAction\":[{\"@type\":\"ReadAction\",\"target\":[\"https:\\\/\\\/ouryogashop.com\\\/sv\\\/product\\\/equa-matthandduk-mini-dot-black-manduka\\\/\"]}]},{\"@type\":\"ImageObject\",\"inLanguage\":\"sv-SE\",\"@id\":\"https:\\\/\\\/ouryogashop.com\\\/sv\\\/product\\\/equa-matthandduk-mini-dot-black-manduka\\\/#primaryimage\",\"url\":\"https:\\\/\\\/ouryogashop.com\\\/wp-content\\\/uploads\\\/2020\\\/08\\\/2132md_Equa_Mat_16-inch-Towels_211071369_Mini-Dot-Black_01.jpg\",\"contentUrl\":\"https:\\\/\\\/ouryogashop.com\\\/wp-content\\\/uploads\\\/2020\\\/08\\\/2132md_Equa_Mat_16-inch-Towels_211071369_Mini-Dot-Black_01.jpg\",\"width\":871,\"height\":1014,\"caption\":\"eQua Matthandduk Mini Dot Black\"},{\"@type\":\"BreadcrumbList\",\"@id\":\"https:\\\/\\\/ouryogashop.com\\\/sv\\\/product\\\/equa-matthandduk-mini-dot-black-manduka\\\/#breadcrumb\",\"itemListElement\":[{\"@type\":\"ListItem\",\"position\":1,\"name\":\"Hem\",\"item\":\"https:\\\/\\\/ouryogashop.com\\\/sv\\\/\"},{\"@type\":\"ListItem\",\"position\":2,\"name\":\"Yoga Butik\",\"item\":\"https:\\\/\\\/ouryogashop.com\\\/sv\\\/yoga-butik\\\/\"},{\"@type\":\"ListItem\",\"position\":3,\"name\":\"Yoga Tillbeh\u00f6r\",\"item\":\"https:\\\/\\\/ouryogashop.com\\\/sv\\\/produkt-kategori\\\/yoga-tillbehor-sv\\\/\"},{\"@type\":\"ListItem\",\"position\":4,\"name\":\"Yoga Handduk\",\"item\":\"https:\\\/\\\/ouryogashop.com\\\/sv\\\/produkt-kategori\\\/yoga-tillbehor-sv\\\/yoga-handduk\\\/\"},{\"@type\":\"ListItem\",\"position\":5,\"name\":\"Equa Mat Towel\",\"item\":\"https:\\\/\\\/ouryogashop.com\\\/sv\\\/produkt-kategori\\\/yoga-tillbehor-sv\\\/yoga-handduk\\\/equa-mat-towel-sv\\\/\"},{\"@type\":\"ListItem\",\"position\":6,\"name\":\"eQua Matthandduk Mini Dot Black Manduka\"}]},{\"@type\":\"WebSite\",\"@id\":\"https:\\\/\\\/ouryogashop.com\\\/sv\\\/#website\",\"url\":\"https:\\\/\\\/ouryogashop.com\\\/sv\\\/\",\"name\":\"OurYogaShop\",\"description\":\"The best yoga mats ever!\",\"publisher\":{\"@id\":\"https:\\\/\\\/ouryogashop.com\\\/sv\\\/#organization\"},\"potentialAction\":[{\"@type\":\"SearchAction\",\"target\":{\"@type\":\"EntryPoint\",\"urlTemplate\":\"https:\\\/\\\/ouryogashop.com\\\/sv\\\/?s={search_term_string}\"},\"query-input\":{\"@type\":\"PropertyValueSpecification\",\"valueRequired\":true,\"valueName\":\"search_term_string\"}}],\"inLanguage\":\"sv-SE\"},{\"@type\":\"Organization\",\"@id\":\"https:\\\/\\\/ouryogashop.com\\\/sv\\\/#organization\",\"name\":\"OurYogaShop\",\"url\":\"https:\\\/\\\/ouryogashop.com\\\/sv\\\/\",\"logo\":{\"@type\":\"ImageObject\",\"inLanguage\":\"sv-SE\",\"@id\":\"https:\\\/\\\/ouryogashop.com\\\/sv\\\/#\\\/schema\\\/logo\\\/image\\\/\",\"url\":\"https:\\\/\\\/ouryogashop.com\\\/wp-content\\\/uploads\\\/2019\\\/05\\\/OYS-Logo.png\",\"contentUrl\":\"https:\\\/\\\/ouryogashop.com\\\/wp-content\\\/uploads\\\/2019\\\/05\\\/OYS-Logo.png\",\"width\":500,\"height\":371,\"caption\":\"OurYogaShop\"},\"image\":{\"@id\":\"https:\\\/\\\/ouryogashop.com\\\/sv\\\/#\\\/schema\\\/logo\\\/image\\\/\"},\"sameAs\":[\"https:\\\/\\\/www.facebook.com\\\/ouryogashopcom\\\/\",\"https:\\\/\\\/x.com\\\/OurYogaShop\",\"https:\\\/\\\/www.instagram.com\\\/ouryogashop\\\/\"]}]}<\/script>\n<meta property=\"product:brand\" content=\"Manduka\" \/>\n<meta property=\"product:price:amount\" content=\"295.00\" \/>\n<meta property=\"product:price:currency\" content=\"SEK\" \/>\n<meta property=\"og:availability\" content=\"out of stock\" \/>\n<meta property=\"product:availability\" content=\"out of stock\" \/>\n<meta property=\"product:retailer_item_id\" content=\"MD20025\" \/>\n<meta property=\"product:condition\" content=\"new\" \/>\n<!-- \/ Yoast SEO Premium plugin. -->","yoast_head_json":{"title":"eQua Matthandduk Mini Dot Black Manduka - OurYogaShop","description":"eQua Matthandduk Mini Dot Black Manduka i\u00e4r mjuk, mockaliknande, med ultraabsorberande mikrofiberv\u00e4v, exceptionellt slitstark och snabbtorkande. F\u00f6r att inte halka p\u00e5 yogamattan.","robots":{"index":"index","follow":"follow","max-snippet":"max-snippet:-1","max-image-preview":"max-image-preview:large","max-video-preview":"max-video-preview:-1"},"canonical":"https:\/\/ouryogashop.com\/sv\/product\/equa-matthandduk-mini-dot-black-manduka\/","og_locale":"sv_SE","og_type":"article","og_title":"eQua Matthandduk Mini Dot Black Manduka","og_description":"eQua Matthandduk Mini Dot Black Manduka i\u00e4r mjuk, mockaliknande, med ultraabsorberande mikrofiberv\u00e4v, exceptionellt slitstark och snabbtorkande. F\u00f6r att inte halka p\u00e5 yogamattan.","og_url":"https:\/\/ouryogashop.com\/sv\/product\/equa-matthandduk-mini-dot-black-manduka\/","og_site_name":"OurYogaShop","article_publisher":"https:\/\/www.facebook.com\/ouryogashopcom\/","article_modified_time":"2026-02-18T07:31:44+00:00","og_image":[{"width":871,"height":1014,"url":"https:\/\/ouryogashop.com\/wp-content\/uploads\/2020\/08\/2132md_Equa_Mat_16-inch-Towels_211071369_Mini-Dot-Black_01.jpg","type":"image\/jpeg"}],"twitter_card":"summary_large_image","twitter_site":"@OurYogaShop","twitter_misc":{"Pris":"295,00&#107;&#114;","Tillg\u00e4nglig":"Slut i lager"},"schema":{"@context":"https:\/\/schema.org","@graph":[{"@type":"WebPage","@id":"https:\/\/ouryogashop.com\/sv\/product\/equa-matthandduk-mini-dot-black-manduka\/","url":"https:\/\/ouryogashop.com\/sv\/product\/equa-matthandduk-mini-dot-black-manduka\/","name":"eQua Matthandduk Mini Dot Black Manduka - OurYogaShop","isPartOf":{"@id":"https:\/\/ouryogashop.com\/sv\/#website"},"primaryImageOfPage":{"@id":"https:\/\/ouryogashop.com\/sv\/product\/equa-matthandduk-mini-dot-black-manduka\/#primaryimage"},"image":{"@id":"https:\/\/ouryogashop.com\/sv\/product\/equa-matthandduk-mini-dot-black-manduka\/#primaryimage"},"thumbnailUrl":"https:\/\/ouryogashop.com\/wp-content\/uploads\/2020\/08\/2132md_Equa_Mat_16-inch-Towels_211071369_Mini-Dot-Black_01.jpg","datePublished":"2020-08-05T13:24:02+00:00","dateModified":"2026-02-18T07:31:44+00:00","description":"eQua Matthandduk Mini Dot Black Manduka i\u00e4r mjuk, mockaliknande, med ultraabsorberande mikrofiberv\u00e4v, exceptionellt slitstark och snabbtorkande. F\u00f6r att inte halka p\u00e5 yogamattan.","breadcrumb":{"@id":"https:\/\/ouryogashop.com\/sv\/product\/equa-matthandduk-mini-dot-black-manduka\/#breadcrumb"},"inLanguage":"sv-SE","potentialAction":[{"@type":"ReadAction","target":["https:\/\/ouryogashop.com\/sv\/product\/equa-matthandduk-mini-dot-black-manduka\/"]}]},{"@type":"ImageObject","inLanguage":"sv-SE","@id":"https:\/\/ouryogashop.com\/sv\/product\/equa-matthandduk-mini-dot-black-manduka\/#primaryimage","url":"https:\/\/ouryogashop.com\/wp-content\/uploads\/2020\/08\/2132md_Equa_Mat_16-inch-Towels_211071369_Mini-Dot-Black_01.jpg","contentUrl":"https:\/\/ouryogashop.com\/wp-content\/uploads\/2020\/08\/2132md_Equa_Mat_16-inch-Towels_211071369_Mini-Dot-Black_01.jpg","width":871,"height":1014,"caption":"eQua Matthandduk Mini Dot Black"},{"@type":"BreadcrumbList","@id":"https:\/\/ouryogashop.com\/sv\/product\/equa-matthandduk-mini-dot-black-manduka\/#breadcrumb","itemListElement":[{"@type":"ListItem","position":1,"name":"Hem","item":"https:\/\/ouryogashop.com\/sv\/"},{"@type":"ListItem","position":2,"name":"Yoga Butik","item":"https:\/\/ouryogashop.com\/sv\/yoga-butik\/"},{"@type":"ListItem","position":3,"name":"Yoga Tillbeh\u00f6r","item":"https:\/\/ouryogashop.com\/sv\/produkt-kategori\/yoga-tillbehor-sv\/"},{"@type":"ListItem","position":4,"name":"Yoga Handduk","item":"https:\/\/ouryogashop.com\/sv\/produkt-kategori\/yoga-tillbehor-sv\/yoga-handduk\/"},{"@type":"ListItem","position":5,"name":"Equa Mat Towel","item":"https:\/\/ouryogashop.com\/sv\/produkt-kategori\/yoga-tillbehor-sv\/yoga-handduk\/equa-mat-towel-sv\/"},{"@type":"ListItem","position":6,"name":"eQua Matthandduk Mini Dot Black Manduka"}]},{"@type":"WebSite","@id":"https:\/\/ouryogashop.com\/sv\/#website","url":"https:\/\/ouryogashop.com\/sv\/","name":"OurYogaShop","description":"The best yoga mats ever!","publisher":{"@id":"https:\/\/ouryogashop.com\/sv\/#organization"},"potentialAction":[{"@type":"SearchAction","target":{"@type":"EntryPoint","urlTemplate":"https:\/\/ouryogashop.com\/sv\/?s={search_term_string}"},"query-input":{"@type":"PropertyValueSpecification","valueRequired":true,"valueName":"search_term_string"}}],"inLanguage":"sv-SE"},{"@type":"Organization","@id":"https:\/\/ouryogashop.com\/sv\/#organization","name":"OurYogaShop","url":"https:\/\/ouryogashop.com\/sv\/","logo":{"@type":"ImageObject","inLanguage":"sv-SE","@id":"https:\/\/ouryogashop.com\/sv\/#\/schema\/logo\/image\/","url":"https:\/\/ouryogashop.com\/wp-content\/uploads\/2019\/05\/OYS-Logo.png","contentUrl":"https:\/\/ouryogashop.com\/wp-content\/uploads\/2019\/05\/OYS-Logo.png","width":500,"height":371,"caption":"OurYogaShop"},"image":{"@id":"https:\/\/ouryogashop.com\/sv\/#\/schema\/logo\/image\/"},"sameAs":["https:\/\/www.facebook.com\/ouryogashopcom\/","https:\/\/x.com\/OurYogaShop","https:\/\/www.instagram.com\/ouryogashop\/"]}]},"product_brand":"Manduka","product_price_amount":"295.00","product_price_currency":"SEK","og_availability":"out of stock","product_availability":"out of stock","product_retailer_item_id":"MD20025","product_condition":"new"},"_links":{"self":[{"href":"https:\/\/ouryogashop.com\/sv\/wp-json\/wp\/v2\/product\/141205","targetHints":{"allow":["GET"]}}],"collection":[{"href":"https:\/\/ouryogashop.com\/sv\/wp-json\/wp\/v2\/product"}],"about":[{"href":"https:\/\/ouryogashop.com\/sv\/wp-json\/wp\/v2\/types\/product"}],"replies":[{"embeddable":true,"href":"https:\/\/ouryogashop.com\/sv\/wp-json\/wp\/v2\/comments?post=141205"}],"wp:featuredmedia":[{"embeddable":true,"href":"https:\/\/ouryogashop.com\/sv\/wp-json\/wp\/v2\/media\/141207"}],"wp:attachment":[{"href":"https:\/\/ouryogashop.com\/sv\/wp-json\/wp\/v2\/media?parent=141205"}],"wp:term":[{"taxonomy":"product_brand","embeddable":true,"href":"https:\/\/ouryogashop.com\/sv\/wp-json\/wp\/v2\/product_brand?post=141205"},{"taxonomy":"product_cat","embeddable":true,"href":"https:\/\/ouryogashop.com\/sv\/wp-json\/wp\/v2\/product_cat?post=141205"},{"taxonomy":"product_tag","embeddable":true,"href":"https:\/\/ouryogashop.com\/sv\/wp-json\/wp\/v2\/product_tag?post=141205"}],"curies":[{"name":"wp","href":"https:\/\/api.w.org\/{rel}","templated":true}]}}