{"id":144471,"date":"2020-10-28T11:31:28","date_gmt":"2020-10-28T09:31:28","guid":{"rendered":"https:\/\/ouryogashop.com\/?post_type=product&#038;p=144471"},"modified":"2025-10-14T21:07:43","modified_gmt":"2025-10-14T19:07:43","slug":"yogamatta-manduka-prolite-black","status":"publish","type":"product","link":"https:\/\/ouryogashop.com\/sv\/product\/yogamatta-manduka-prolite-black\/","title":{"rendered":"Yogamatta Manduka PROLite &#8211; Black"},"content":{"rendered":"<div class=\"wpb-content-wrapper\"><p>[vc_row][vc_column width=&#8221;1\/1&#8243;][uncode_block id=&#8221;98449&#8243;][\/vc_column][\/vc_row][vc_row][vc_column width=&#8221;1\/1&#8243;][uncode_block id=&#8221;98453&#8243;][\/vc_column][\/vc_row][vc_row][vc_column width=&#8221;1\/1&#8243;][uncode_block id=&#8221;98447&#8243;][\/vc_column][\/vc_row][vc_row][vc_column width=&#8221;1\/1&#8243;][uncode_block id=&#8221;98445&#8243;][\/vc_column][\/vc_row][vc_row][vc_column width=&#8221;1\/1&#8243;][uncode_block id=&#8221;98443&#8243;][\/vc_column][\/vc_row][vc_row][vc_column width=&#8221;1\/1&#8243;][uncode_block id=&#8221;98451&#8243;][\/vc_column][\/vc_row][vc_row][vc_column width=&#8221;1\/1&#8243;][uncode_block id=&#8221;79511&#8243;][\/vc_column][\/vc_row]<\/p>\n<\/div>","protected":false},"excerpt":{"rendered":"<h4>\u00d6versikt<\/h4>\n<p>Manduka PROLite Black &#8211; Ytan har st\u00e4ngda celler f\u00f6r att f\u00f6rhindra att fukt och svett sipprar in i mattan och alstrar bakterier. St\u00f6td\u00e4mpning med h\u00f6g densitet. Tygliknande ytfinish f\u00f6r optimera r\u00f6relse mellan yogast\u00e4llningarna.<\/p>\n<p>Livstids Garanti<\/p>\n","protected":false},"featured_media":143825,"comment_status":"open","ping_status":"closed","template":"","meta":[],"product_brand":[],"product_cat":[382,356,355,3655,3650],"product_tag":[3497,1598,1805,1932],"class_list":{"0":"post-144471","1":"product","2":"type-product","3":"status-publish","4":"has-post-thumbnail","6":"product_cat-yogamatta","7":"product_cat-yogamatta-eko","8":"product_cat-manduka-sv","9":"product_cat-yogamattor-manduka","10":"product_cat-yogamatta-manduka-prolite-4mm","11":"product_tag-standard-size-yoga-mat-sv","12":"product_tag-oeko-tex-certifierad","13":"product_tag-pvc-yogamatta","14":"product_tag-manduka-prolite-yogamatta","15":"product_shipping_class-flera-produkter-sv","16":"pa_length-group-180cm-sv","17":"pa_material-pvc-sv","18":"pa_product-type-standard-yoga-mat-sv","19":"pa_product-type-oeko-tex-certifierad","20":"pa_thick-group-5mm-sv","21":"pa_weight-group-1-2-kg-sv","22":"pa_width-group-61cm-sv","24":"first","25":"instock","26":"taxable","27":"shipping-taxable","28":"purchasable","29":"product-type-simple"},"yoast_head":"<!-- This site is optimized with the Yoast SEO Premium plugin v27.3 (Yoast SEO v27.4) - https:\/\/yoast.com\/product\/yoast-seo-premium-wordpress\/ -->\n<title>Manduka PROLite - Black Yogamatta - OurYogaShop<\/title>\n<meta name=\"description\" content=\"Manduka PROLite Black - Mandukas b\u00e4st s\u00e4ljande yogamatta genom tiderna. Livstids Garanti. Yta med st\u00e4ngda celler. St\u00f6td\u00e4mpning med h\u00f6g densitet. Tygliknande yta.\" \/>\n<meta name=\"robots\" content=\"index, follow, max-snippet:-1, max-image-preview:large, max-video-preview:-1\" \/>\n<link rel=\"canonical\" href=\"https:\/\/ouryogashop.com\/sv\/product\/yogamatta-manduka-prolite-black\/\" \/>\n<meta property=\"og:locale\" content=\"sv_SE\" \/>\n<meta property=\"og:type\" content=\"article\" \/>\n<meta property=\"og:title\" content=\"Yogamatta Manduka PROLite - Black\" \/>\n<meta property=\"og:description\" content=\"Manduka PROLite Black - Mandukas b\u00e4st s\u00e4ljande yogamatta genom tiderna. Livstids Garanti. Yta med st\u00e4ngda celler. St\u00f6td\u00e4mpning med h\u00f6g densitet. Tygliknande yta.\" \/>\n<meta property=\"og:url\" content=\"https:\/\/ouryogashop.com\/sv\/product\/yogamatta-manduka-prolite-black\/\" \/>\n<meta property=\"og:site_name\" content=\"OurYogaShop\" \/>\n<meta property=\"article:publisher\" content=\"https:\/\/www.facebook.com\/ouryogashopcom\/\" \/>\n<meta property=\"article:modified_time\" content=\"2025-10-14T19:07:43+00:00\" \/>\n<meta property=\"og:image\" content=\"https:\/\/ouryogashop.com\/wp-content\/uploads\/2020\/10\/PROlite-112011010-MATS-SS20-Black-02.jpg\" \/>\n\t<meta property=\"og:image:width\" content=\"1600\" \/>\n\t<meta property=\"og:image:height\" content=\"1863\" \/>\n\t<meta property=\"og:image:type\" content=\"image\/jpeg\" \/>\n<meta name=\"twitter:card\" content=\"summary_large_image\" \/>\n<meta name=\"twitter:site\" content=\"@OurYogaShop\" \/>\n<meta name=\"twitter:label1\" content=\"Pris\" \/>\n\t<meta name=\"twitter:data1\" content=\"1.040,00&#107;&#114;\" \/>\n\t<meta name=\"twitter:label2\" content=\"Tillg\u00e4nglig\" \/>\n\t<meta name=\"twitter:data2\" content=\"I lager\" \/>\n<script type=\"application\/ld+json\" class=\"yoast-schema-graph\">{\"@context\":\"https:\\\/\\\/schema.org\",\"@graph\":[{\"@type\":\"WebPage\",\"@id\":\"https:\\\/\\\/ouryogashop.com\\\/sv\\\/product\\\/yogamatta-manduka-prolite-black\\\/\",\"url\":\"https:\\\/\\\/ouryogashop.com\\\/sv\\\/product\\\/yogamatta-manduka-prolite-black\\\/\",\"name\":\"Manduka PROLite - Black Yogamatta - OurYogaShop\",\"isPartOf\":{\"@id\":\"https:\\\/\\\/ouryogashop.com\\\/sv\\\/#website\"},\"primaryImageOfPage\":{\"@id\":\"https:\\\/\\\/ouryogashop.com\\\/sv\\\/product\\\/yogamatta-manduka-prolite-black\\\/#primaryimage\"},\"image\":{\"@id\":\"https:\\\/\\\/ouryogashop.com\\\/sv\\\/product\\\/yogamatta-manduka-prolite-black\\\/#primaryimage\"},\"thumbnailUrl\":\"https:\\\/\\\/ouryogashop.com\\\/wp-content\\\/uploads\\\/2020\\\/10\\\/PROlite-112011010-MATS-SS20-Black-02.jpg\",\"datePublished\":\"2020-10-28T09:31:28+00:00\",\"dateModified\":\"2025-10-14T19:07:43+00:00\",\"description\":\"Manduka PROLite Black - Mandukas b\u00e4st s\u00e4ljande yogamatta genom tiderna. Livstids Garanti. Yta med st\u00e4ngda celler. St\u00f6td\u00e4mpning med h\u00f6g densitet. Tygliknande yta.\",\"breadcrumb\":{\"@id\":\"https:\\\/\\\/ouryogashop.com\\\/sv\\\/product\\\/yogamatta-manduka-prolite-black\\\/#breadcrumb\"},\"inLanguage\":\"sv-SE\",\"potentialAction\":[{\"@type\":\"ReadAction\",\"target\":[\"https:\\\/\\\/ouryogashop.com\\\/sv\\\/product\\\/yogamatta-manduka-prolite-black\\\/\"]}]},{\"@type\":\"ImageObject\",\"inLanguage\":\"sv-SE\",\"@id\":\"https:\\\/\\\/ouryogashop.com\\\/sv\\\/product\\\/yogamatta-manduka-prolite-black\\\/#primaryimage\",\"url\":\"https:\\\/\\\/ouryogashop.com\\\/wp-content\\\/uploads\\\/2020\\\/10\\\/PROlite-112011010-MATS-SS20-Black-02.jpg\",\"contentUrl\":\"https:\\\/\\\/ouryogashop.com\\\/wp-content\\\/uploads\\\/2020\\\/10\\\/PROlite-112011010-MATS-SS20-Black-02.jpg\",\"width\":1600,\"height\":1863,\"caption\":\"Manduka PROLite X-Long - Black\"},{\"@type\":\"BreadcrumbList\",\"@id\":\"https:\\\/\\\/ouryogashop.com\\\/sv\\\/product\\\/yogamatta-manduka-prolite-black\\\/#breadcrumb\",\"itemListElement\":[{\"@type\":\"ListItem\",\"position\":1,\"name\":\"Hem\",\"item\":\"https:\\\/\\\/ouryogashop.com\\\/sv\\\/\"},{\"@type\":\"ListItem\",\"position\":2,\"name\":\"Yoga Butik\",\"item\":\"https:\\\/\\\/ouryogashop.com\\\/sv\\\/yoga-butik\\\/\"},{\"@type\":\"ListItem\",\"position\":3,\"name\":\"Yogamatta\",\"item\":\"https:\\\/\\\/ouryogashop.com\\\/sv\\\/produkt-kategori\\\/yogamatta\\\/\"},{\"@type\":\"ListItem\",\"position\":4,\"name\":\"Yogamatta Eko\",\"item\":\"https:\\\/\\\/ouryogashop.com\\\/sv\\\/produkt-kategori\\\/yogamatta\\\/yogamatta-eko\\\/\"},{\"@type\":\"ListItem\",\"position\":5,\"name\":\"Yogamatta Manduka PROLite &#8211; Black\"}]},{\"@type\":\"WebSite\",\"@id\":\"https:\\\/\\\/ouryogashop.com\\\/sv\\\/#website\",\"url\":\"https:\\\/\\\/ouryogashop.com\\\/sv\\\/\",\"name\":\"OurYogaShop\",\"description\":\"The best yoga mats ever!\",\"publisher\":{\"@id\":\"https:\\\/\\\/ouryogashop.com\\\/sv\\\/#organization\"},\"potentialAction\":[{\"@type\":\"SearchAction\",\"target\":{\"@type\":\"EntryPoint\",\"urlTemplate\":\"https:\\\/\\\/ouryogashop.com\\\/sv\\\/?s={search_term_string}\"},\"query-input\":{\"@type\":\"PropertyValueSpecification\",\"valueRequired\":true,\"valueName\":\"search_term_string\"}}],\"inLanguage\":\"sv-SE\"},{\"@type\":\"Organization\",\"@id\":\"https:\\\/\\\/ouryogashop.com\\\/sv\\\/#organization\",\"name\":\"OurYogaShop\",\"url\":\"https:\\\/\\\/ouryogashop.com\\\/sv\\\/\",\"logo\":{\"@type\":\"ImageObject\",\"inLanguage\":\"sv-SE\",\"@id\":\"https:\\\/\\\/ouryogashop.com\\\/sv\\\/#\\\/schema\\\/logo\\\/image\\\/\",\"url\":\"https:\\\/\\\/ouryogashop.com\\\/wp-content\\\/uploads\\\/2019\\\/05\\\/OYS-Logo.png\",\"contentUrl\":\"https:\\\/\\\/ouryogashop.com\\\/wp-content\\\/uploads\\\/2019\\\/05\\\/OYS-Logo.png\",\"width\":500,\"height\":371,\"caption\":\"OurYogaShop\"},\"image\":{\"@id\":\"https:\\\/\\\/ouryogashop.com\\\/sv\\\/#\\\/schema\\\/logo\\\/image\\\/\"},\"sameAs\":[\"https:\\\/\\\/www.facebook.com\\\/ouryogashopcom\\\/\",\"https:\\\/\\\/x.com\\\/OurYogaShop\",\"https:\\\/\\\/www.instagram.com\\\/ouryogashop\\\/\"]}]}<\/script>\n<meta property=\"product:brand\" content=\"Manduka\" \/>\n<meta property=\"product:price:amount\" content=\"1040.00\" \/>\n<meta property=\"product:price:currency\" content=\"SEK\" \/>\n<meta property=\"og:availability\" content=\"instock\" \/>\n<meta property=\"product:availability\" content=\"instock\" \/>\n<meta property=\"product:retailer_item_id\" content=\"MD10322\" \/>\n<meta property=\"product:condition\" content=\"new\" \/>\n<!-- \/ Yoast SEO Premium plugin. -->","yoast_head_json":{"title":"Manduka PROLite - Black Yogamatta - OurYogaShop","description":"Manduka PROLite Black - Mandukas b\u00e4st s\u00e4ljande yogamatta genom tiderna. Livstids Garanti. Yta med st\u00e4ngda celler. St\u00f6td\u00e4mpning med h\u00f6g densitet. Tygliknande yta.","robots":{"index":"index","follow":"follow","max-snippet":"max-snippet:-1","max-image-preview":"max-image-preview:large","max-video-preview":"max-video-preview:-1"},"canonical":"https:\/\/ouryogashop.com\/sv\/product\/yogamatta-manduka-prolite-black\/","og_locale":"sv_SE","og_type":"article","og_title":"Yogamatta Manduka PROLite - Black","og_description":"Manduka PROLite Black - Mandukas b\u00e4st s\u00e4ljande yogamatta genom tiderna. Livstids Garanti. Yta med st\u00e4ngda celler. St\u00f6td\u00e4mpning med h\u00f6g densitet. Tygliknande yta.","og_url":"https:\/\/ouryogashop.com\/sv\/product\/yogamatta-manduka-prolite-black\/","og_site_name":"OurYogaShop","article_publisher":"https:\/\/www.facebook.com\/ouryogashopcom\/","article_modified_time":"2025-10-14T19:07:43+00:00","og_image":[{"width":1600,"height":1863,"url":"https:\/\/ouryogashop.com\/wp-content\/uploads\/2020\/10\/PROlite-112011010-MATS-SS20-Black-02.jpg","type":"image\/jpeg"}],"twitter_card":"summary_large_image","twitter_site":"@OurYogaShop","twitter_misc":{"Pris":"1.040,00&#107;&#114;","Tillg\u00e4nglig":"I lager"},"schema":{"@context":"https:\/\/schema.org","@graph":[{"@type":"WebPage","@id":"https:\/\/ouryogashop.com\/sv\/product\/yogamatta-manduka-prolite-black\/","url":"https:\/\/ouryogashop.com\/sv\/product\/yogamatta-manduka-prolite-black\/","name":"Manduka PROLite - Black Yogamatta - OurYogaShop","isPartOf":{"@id":"https:\/\/ouryogashop.com\/sv\/#website"},"primaryImageOfPage":{"@id":"https:\/\/ouryogashop.com\/sv\/product\/yogamatta-manduka-prolite-black\/#primaryimage"},"image":{"@id":"https:\/\/ouryogashop.com\/sv\/product\/yogamatta-manduka-prolite-black\/#primaryimage"},"thumbnailUrl":"https:\/\/ouryogashop.com\/wp-content\/uploads\/2020\/10\/PROlite-112011010-MATS-SS20-Black-02.jpg","datePublished":"2020-10-28T09:31:28+00:00","dateModified":"2025-10-14T19:07:43+00:00","description":"Manduka PROLite Black - Mandukas b\u00e4st s\u00e4ljande yogamatta genom tiderna. Livstids Garanti. Yta med st\u00e4ngda celler. St\u00f6td\u00e4mpning med h\u00f6g densitet. Tygliknande yta.","breadcrumb":{"@id":"https:\/\/ouryogashop.com\/sv\/product\/yogamatta-manduka-prolite-black\/#breadcrumb"},"inLanguage":"sv-SE","potentialAction":[{"@type":"ReadAction","target":["https:\/\/ouryogashop.com\/sv\/product\/yogamatta-manduka-prolite-black\/"]}]},{"@type":"ImageObject","inLanguage":"sv-SE","@id":"https:\/\/ouryogashop.com\/sv\/product\/yogamatta-manduka-prolite-black\/#primaryimage","url":"https:\/\/ouryogashop.com\/wp-content\/uploads\/2020\/10\/PROlite-112011010-MATS-SS20-Black-02.jpg","contentUrl":"https:\/\/ouryogashop.com\/wp-content\/uploads\/2020\/10\/PROlite-112011010-MATS-SS20-Black-02.jpg","width":1600,"height":1863,"caption":"Manduka PROLite X-Long - Black"},{"@type":"BreadcrumbList","@id":"https:\/\/ouryogashop.com\/sv\/product\/yogamatta-manduka-prolite-black\/#breadcrumb","itemListElement":[{"@type":"ListItem","position":1,"name":"Hem","item":"https:\/\/ouryogashop.com\/sv\/"},{"@type":"ListItem","position":2,"name":"Yoga Butik","item":"https:\/\/ouryogashop.com\/sv\/yoga-butik\/"},{"@type":"ListItem","position":3,"name":"Yogamatta","item":"https:\/\/ouryogashop.com\/sv\/produkt-kategori\/yogamatta\/"},{"@type":"ListItem","position":4,"name":"Yogamatta Eko","item":"https:\/\/ouryogashop.com\/sv\/produkt-kategori\/yogamatta\/yogamatta-eko\/"},{"@type":"ListItem","position":5,"name":"Yogamatta Manduka PROLite &#8211; Black"}]},{"@type":"WebSite","@id":"https:\/\/ouryogashop.com\/sv\/#website","url":"https:\/\/ouryogashop.com\/sv\/","name":"OurYogaShop","description":"The best yoga mats ever!","publisher":{"@id":"https:\/\/ouryogashop.com\/sv\/#organization"},"potentialAction":[{"@type":"SearchAction","target":{"@type":"EntryPoint","urlTemplate":"https:\/\/ouryogashop.com\/sv\/?s={search_term_string}"},"query-input":{"@type":"PropertyValueSpecification","valueRequired":true,"valueName":"search_term_string"}}],"inLanguage":"sv-SE"},{"@type":"Organization","@id":"https:\/\/ouryogashop.com\/sv\/#organization","name":"OurYogaShop","url":"https:\/\/ouryogashop.com\/sv\/","logo":{"@type":"ImageObject","inLanguage":"sv-SE","@id":"https:\/\/ouryogashop.com\/sv\/#\/schema\/logo\/image\/","url":"https:\/\/ouryogashop.com\/wp-content\/uploads\/2019\/05\/OYS-Logo.png","contentUrl":"https:\/\/ouryogashop.com\/wp-content\/uploads\/2019\/05\/OYS-Logo.png","width":500,"height":371,"caption":"OurYogaShop"},"image":{"@id":"https:\/\/ouryogashop.com\/sv\/#\/schema\/logo\/image\/"},"sameAs":["https:\/\/www.facebook.com\/ouryogashopcom\/","https:\/\/x.com\/OurYogaShop","https:\/\/www.instagram.com\/ouryogashop\/"]}]},"product_brand":"Manduka","product_price_amount":"1040.00","product_price_currency":"SEK","og_availability":"instock","product_availability":"instock","product_retailer_item_id":"MD10322","product_condition":"new"},"_links":{"self":[{"href":"https:\/\/ouryogashop.com\/sv\/wp-json\/wp\/v2\/product\/144471","targetHints":{"allow":["GET"]}}],"collection":[{"href":"https:\/\/ouryogashop.com\/sv\/wp-json\/wp\/v2\/product"}],"about":[{"href":"https:\/\/ouryogashop.com\/sv\/wp-json\/wp\/v2\/types\/product"}],"replies":[{"embeddable":true,"href":"https:\/\/ouryogashop.com\/sv\/wp-json\/wp\/v2\/comments?post=144471"}],"wp:featuredmedia":[{"embeddable":true,"href":"https:\/\/ouryogashop.com\/sv\/wp-json\/wp\/v2\/media\/143825"}],"wp:attachment":[{"href":"https:\/\/ouryogashop.com\/sv\/wp-json\/wp\/v2\/media?parent=144471"}],"wp:term":[{"taxonomy":"product_brand","embeddable":true,"href":"https:\/\/ouryogashop.com\/sv\/wp-json\/wp\/v2\/product_brand?post=144471"},{"taxonomy":"product_cat","embeddable":true,"href":"https:\/\/ouryogashop.com\/sv\/wp-json\/wp\/v2\/product_cat?post=144471"},{"taxonomy":"product_tag","embeddable":true,"href":"https:\/\/ouryogashop.com\/sv\/wp-json\/wp\/v2\/product_tag?post=144471"}],"curies":[{"name":"wp","href":"https:\/\/api.w.org\/{rel}","templated":true}]}}