{"id":145006,"date":"2020-11-09T12:09:28","date_gmt":"2020-11-09T10:09:28","guid":{"rendered":"https:\/\/ouryogashop.com\/?post_type=product&#038;p=145006"},"modified":"2025-01-13T11:54:55","modified_gmt":"2025-01-13T09:54:55","slug":"the-yoga-sutras-of-pantanjali-sri-swami-satchidananda","status":"publish","type":"product","link":"https:\/\/ouryogashop.com\/sv\/product\/the-yoga-sutras-of-pantanjali-sri-swami-satchidananda\/","title":{"rendered":"The Yoga Sutras of Pantanjali &#8211; Sri Swami Satchidananda"},"content":{"rendered":"<div class=\"wpb-content-wrapper\"><p>[vc_row][vc_column width=&#8221;1\/1&#8243;][uncode_block id=&#8221;140363&#8243;][\/vc_column][\/vc_row]<\/p>\n<\/div>","protected":false},"excerpt":{"rendered":"<h2>The Yoga Sutras of Pantanjali &#8211; Sri Swami Satchidananda<\/h2>\n<p>Denna v\u00e4rdefulla bok \u00e4r en komplett handbok f\u00f6r studier och praktik av Raja Yoga, v\u00e4gen f\u00f6r koncentration och meditation. Denna utg\u00e5va av tidl\u00f6sa l\u00e4ror \u00e4r en skatt att l\u00e4sa och h\u00e4nvisa till om och om igen av s\u00f6kare som g\u00e5r den andliga v\u00e4gen. De klassiska Sutras (tanketr\u00e5dar), minst fyra tusen \u00e5r gamla, t\u00e4cker de yogiska l\u00e4rorna om etik, meditation och fysiska st\u00e4llningar och ger anvisningar f\u00f6r att hantera situationer i det dagliga livet. Sutrorna presenteras h\u00e4r i den renaste formen, med originalsanskrit och med \u00f6vers\u00e4ttning, translitterering och kommentar av Sri Swami Satchidananda, en av de mest respekterade och v\u00f6rdade samtida yogam\u00e4starna. I detta klassiska sammanhang erbjuder Sri Swami praktiska r\u00e5d, baserade p\u00e5 sin egen erfarenhet, f\u00f6r att bem\u00e4stra sinnet och uppn\u00e5 fysisk, mental och emotionell harmoni.<\/p>\n<p>Format &#8211; Pocket<\/p>\n<p>Spr\u00e5k &#8211; Engelska<\/p>\n<p>Antal sidor &#8211; 272<\/p>\n<p>Tryckdatum &#8211; 2019-09-01<\/p>\n","protected":false},"featured_media":145266,"comment_status":"open","ping_status":"closed","template":"","meta":[],"product_brand":[],"product_cat":[3074,3073],"product_tag":[3077,3330,3331],"class_list":{"0":"post-145006","1":"product","2":"type-product","3":"status-publish","4":"has-post-thumbnail","6":"product_cat-yoga-bocker","7":"product_cat-yogalitteratur","8":"product_tag-book-sv","9":"product_tag-sri-swami-satchidananda-sv","10":"product_tag-yoga-sutras-sv","11":"product_shipping_class-flera-produkter-sv","13":"first","14":"outofstock","15":"taxable","16":"shipping-taxable","17":"purchasable","18":"product-type-simple"},"yoast_head":"<!-- This site is optimized with the Yoast SEO Premium plugin v27.3 (Yoast SEO v27.4) - https:\/\/yoast.com\/product\/yoast-seo-premium-wordpress\/ -->\n<title>The Yoga Sutras of Pantanjali - Sri Swami Satchidananda - OurYogaShop<\/title>\n<meta name=\"description\" content=\"The Yoga Sutras of Pantanjali - Sri Swami Satchidananda - Den k\u00e4nda boken om Patanjali Yoga Sutras\" \/>\n<meta name=\"robots\" content=\"index, follow, max-snippet:-1, max-image-preview:large, max-video-preview:-1\" \/>\n<link rel=\"canonical\" href=\"https:\/\/ouryogashop.com\/sv\/product\/the-yoga-sutras-of-pantanjali-sri-swami-satchidananda\/\" \/>\n<meta property=\"og:locale\" content=\"sv_SE\" \/>\n<meta property=\"og:type\" content=\"article\" \/>\n<meta property=\"og:title\" content=\"The Yoga Sutras of Pantanjali - Sri Swami Satchidananda\" \/>\n<meta property=\"og:description\" content=\"The Yoga Sutras of Pantanjali - Sri Swami Satchidananda - Den k\u00e4nda boken om Patanjali Yoga Sutras\" \/>\n<meta property=\"og:url\" content=\"https:\/\/ouryogashop.com\/sv\/product\/the-yoga-sutras-of-pantanjali-sri-swami-satchidananda\/\" \/>\n<meta property=\"og:site_name\" content=\"OurYogaShop\" \/>\n<meta property=\"article:publisher\" content=\"https:\/\/www.facebook.com\/ouryogashopcom\/\" \/>\n<meta property=\"article:modified_time\" content=\"2025-01-13T09:54:55+00:00\" \/>\n<meta property=\"og:image\" content=\"https:\/\/ouryogashop.com\/wp-content\/uploads\/2020\/11\/the-yoga-sutras-of-patanjali-swami.jpg\" \/>\n\t<meta property=\"og:image:width\" content=\"640\" \/>\n\t<meta property=\"og:image:height\" content=\"640\" \/>\n\t<meta property=\"og:image:type\" content=\"image\/jpeg\" \/>\n<meta name=\"twitter:card\" content=\"summary_large_image\" \/>\n<meta name=\"twitter:site\" content=\"@OurYogaShop\" \/>\n<meta name=\"twitter:label1\" content=\"Pris\" \/>\n\t<meta name=\"twitter:data1\" content=\"185,00&#107;&#114;\" \/>\n\t<meta name=\"twitter:label2\" content=\"Tillg\u00e4nglig\" \/>\n\t<meta name=\"twitter:data2\" content=\"Slut i lager\" \/>\n<script type=\"application\/ld+json\" class=\"yoast-schema-graph\">{\"@context\":\"https:\\\/\\\/schema.org\",\"@graph\":[{\"@type\":\"WebPage\",\"@id\":\"https:\\\/\\\/ouryogashop.com\\\/sv\\\/product\\\/the-yoga-sutras-of-pantanjali-sri-swami-satchidananda\\\/\",\"url\":\"https:\\\/\\\/ouryogashop.com\\\/sv\\\/product\\\/the-yoga-sutras-of-pantanjali-sri-swami-satchidananda\\\/\",\"name\":\"The Yoga Sutras of Pantanjali - Sri Swami Satchidananda - OurYogaShop\",\"isPartOf\":{\"@id\":\"https:\\\/\\\/ouryogashop.com\\\/sv\\\/#website\"},\"primaryImageOfPage\":{\"@id\":\"https:\\\/\\\/ouryogashop.com\\\/sv\\\/product\\\/the-yoga-sutras-of-pantanjali-sri-swami-satchidananda\\\/#primaryimage\"},\"image\":{\"@id\":\"https:\\\/\\\/ouryogashop.com\\\/sv\\\/product\\\/the-yoga-sutras-of-pantanjali-sri-swami-satchidananda\\\/#primaryimage\"},\"thumbnailUrl\":\"https:\\\/\\\/ouryogashop.com\\\/wp-content\\\/uploads\\\/2020\\\/11\\\/the-yoga-sutras-of-patanjali-swami.jpg\",\"datePublished\":\"2020-11-09T10:09:28+00:00\",\"dateModified\":\"2025-01-13T09:54:55+00:00\",\"description\":\"The Yoga Sutras of Pantanjali - Sri Swami Satchidananda - Den k\u00e4nda boken om Patanjali Yoga Sutras\",\"breadcrumb\":{\"@id\":\"https:\\\/\\\/ouryogashop.com\\\/sv\\\/product\\\/the-yoga-sutras-of-pantanjali-sri-swami-satchidananda\\\/#breadcrumb\"},\"inLanguage\":\"sv-SE\",\"potentialAction\":[{\"@type\":\"ReadAction\",\"target\":[\"https:\\\/\\\/ouryogashop.com\\\/sv\\\/product\\\/the-yoga-sutras-of-pantanjali-sri-swami-satchidananda\\\/\"]}]},{\"@type\":\"ImageObject\",\"inLanguage\":\"sv-SE\",\"@id\":\"https:\\\/\\\/ouryogashop.com\\\/sv\\\/product\\\/the-yoga-sutras-of-pantanjali-sri-swami-satchidananda\\\/#primaryimage\",\"url\":\"https:\\\/\\\/ouryogashop.com\\\/wp-content\\\/uploads\\\/2020\\\/11\\\/the-yoga-sutras-of-patanjali-swami.jpg\",\"contentUrl\":\"https:\\\/\\\/ouryogashop.com\\\/wp-content\\\/uploads\\\/2020\\\/11\\\/the-yoga-sutras-of-patanjali-swami.jpg\",\"width\":640,\"height\":640},{\"@type\":\"BreadcrumbList\",\"@id\":\"https:\\\/\\\/ouryogashop.com\\\/sv\\\/product\\\/the-yoga-sutras-of-pantanjali-sri-swami-satchidananda\\\/#breadcrumb\",\"itemListElement\":[{\"@type\":\"ListItem\",\"position\":1,\"name\":\"Hem\",\"item\":\"https:\\\/\\\/ouryogashop.com\\\/sv\\\/\"},{\"@type\":\"ListItem\",\"position\":2,\"name\":\"Yoga Butik\",\"item\":\"https:\\\/\\\/ouryogashop.com\\\/sv\\\/yoga-butik\\\/\"},{\"@type\":\"ListItem\",\"position\":3,\"name\":\"Yogalitteratur\",\"item\":\"https:\\\/\\\/ouryogashop.com\\\/sv\\\/produkt-kategori\\\/yogalitteratur\\\/\"},{\"@type\":\"ListItem\",\"position\":4,\"name\":\"Yoga B\u00f6cker\",\"item\":\"https:\\\/\\\/ouryogashop.com\\\/sv\\\/produkt-kategori\\\/yogalitteratur\\\/yoga-bocker\\\/\"},{\"@type\":\"ListItem\",\"position\":5,\"name\":\"The Yoga Sutras of Pantanjali &#8211; Sri Swami Satchidananda\"}]},{\"@type\":\"WebSite\",\"@id\":\"https:\\\/\\\/ouryogashop.com\\\/sv\\\/#website\",\"url\":\"https:\\\/\\\/ouryogashop.com\\\/sv\\\/\",\"name\":\"OurYogaShop\",\"description\":\"The best yoga mats ever!\",\"publisher\":{\"@id\":\"https:\\\/\\\/ouryogashop.com\\\/sv\\\/#organization\"},\"potentialAction\":[{\"@type\":\"SearchAction\",\"target\":{\"@type\":\"EntryPoint\",\"urlTemplate\":\"https:\\\/\\\/ouryogashop.com\\\/sv\\\/?s={search_term_string}\"},\"query-input\":{\"@type\":\"PropertyValueSpecification\",\"valueRequired\":true,\"valueName\":\"search_term_string\"}}],\"inLanguage\":\"sv-SE\"},{\"@type\":\"Organization\",\"@id\":\"https:\\\/\\\/ouryogashop.com\\\/sv\\\/#organization\",\"name\":\"OurYogaShop\",\"url\":\"https:\\\/\\\/ouryogashop.com\\\/sv\\\/\",\"logo\":{\"@type\":\"ImageObject\",\"inLanguage\":\"sv-SE\",\"@id\":\"https:\\\/\\\/ouryogashop.com\\\/sv\\\/#\\\/schema\\\/logo\\\/image\\\/\",\"url\":\"https:\\\/\\\/ouryogashop.com\\\/wp-content\\\/uploads\\\/2019\\\/05\\\/OYS-Logo.png\",\"contentUrl\":\"https:\\\/\\\/ouryogashop.com\\\/wp-content\\\/uploads\\\/2019\\\/05\\\/OYS-Logo.png\",\"width\":500,\"height\":371,\"caption\":\"OurYogaShop\"},\"image\":{\"@id\":\"https:\\\/\\\/ouryogashop.com\\\/sv\\\/#\\\/schema\\\/logo\\\/image\\\/\"},\"sameAs\":[\"https:\\\/\\\/www.facebook.com\\\/ouryogashopcom\\\/\",\"https:\\\/\\\/x.com\\\/OurYogaShop\",\"https:\\\/\\\/www.instagram.com\\\/ouryogashop\\\/\"]}]}<\/script>\n<meta property=\"product:price:amount\" content=\"185.00\" \/>\n<meta property=\"product:price:currency\" content=\"SEK\" \/>\n<meta property=\"og:availability\" content=\"out of stock\" \/>\n<meta property=\"product:availability\" content=\"out of stock\" \/>\n<meta property=\"product:retailer_item_id\" content=\"OYS20019\" \/>\n<meta property=\"product:condition\" content=\"new\" \/>\n<!-- \/ Yoast SEO Premium plugin. -->","yoast_head_json":{"title":"The Yoga Sutras of Pantanjali - Sri Swami Satchidananda - OurYogaShop","description":"The Yoga Sutras of Pantanjali - Sri Swami Satchidananda - Den k\u00e4nda boken om Patanjali Yoga Sutras","robots":{"index":"index","follow":"follow","max-snippet":"max-snippet:-1","max-image-preview":"max-image-preview:large","max-video-preview":"max-video-preview:-1"},"canonical":"https:\/\/ouryogashop.com\/sv\/product\/the-yoga-sutras-of-pantanjali-sri-swami-satchidananda\/","og_locale":"sv_SE","og_type":"article","og_title":"The Yoga Sutras of Pantanjali - Sri Swami Satchidananda","og_description":"The Yoga Sutras of Pantanjali - Sri Swami Satchidananda - Den k\u00e4nda boken om Patanjali Yoga Sutras","og_url":"https:\/\/ouryogashop.com\/sv\/product\/the-yoga-sutras-of-pantanjali-sri-swami-satchidananda\/","og_site_name":"OurYogaShop","article_publisher":"https:\/\/www.facebook.com\/ouryogashopcom\/","article_modified_time":"2025-01-13T09:54:55+00:00","og_image":[{"width":640,"height":640,"url":"https:\/\/ouryogashop.com\/wp-content\/uploads\/2020\/11\/the-yoga-sutras-of-patanjali-swami.jpg","type":"image\/jpeg"}],"twitter_card":"summary_large_image","twitter_site":"@OurYogaShop","twitter_misc":{"Pris":"185,00&#107;&#114;","Tillg\u00e4nglig":"Slut i lager"},"schema":{"@context":"https:\/\/schema.org","@graph":[{"@type":"WebPage","@id":"https:\/\/ouryogashop.com\/sv\/product\/the-yoga-sutras-of-pantanjali-sri-swami-satchidananda\/","url":"https:\/\/ouryogashop.com\/sv\/product\/the-yoga-sutras-of-pantanjali-sri-swami-satchidananda\/","name":"The Yoga Sutras of Pantanjali - Sri Swami Satchidananda - OurYogaShop","isPartOf":{"@id":"https:\/\/ouryogashop.com\/sv\/#website"},"primaryImageOfPage":{"@id":"https:\/\/ouryogashop.com\/sv\/product\/the-yoga-sutras-of-pantanjali-sri-swami-satchidananda\/#primaryimage"},"image":{"@id":"https:\/\/ouryogashop.com\/sv\/product\/the-yoga-sutras-of-pantanjali-sri-swami-satchidananda\/#primaryimage"},"thumbnailUrl":"https:\/\/ouryogashop.com\/wp-content\/uploads\/2020\/11\/the-yoga-sutras-of-patanjali-swami.jpg","datePublished":"2020-11-09T10:09:28+00:00","dateModified":"2025-01-13T09:54:55+00:00","description":"The Yoga Sutras of Pantanjali - Sri Swami Satchidananda - Den k\u00e4nda boken om Patanjali Yoga Sutras","breadcrumb":{"@id":"https:\/\/ouryogashop.com\/sv\/product\/the-yoga-sutras-of-pantanjali-sri-swami-satchidananda\/#breadcrumb"},"inLanguage":"sv-SE","potentialAction":[{"@type":"ReadAction","target":["https:\/\/ouryogashop.com\/sv\/product\/the-yoga-sutras-of-pantanjali-sri-swami-satchidananda\/"]}]},{"@type":"ImageObject","inLanguage":"sv-SE","@id":"https:\/\/ouryogashop.com\/sv\/product\/the-yoga-sutras-of-pantanjali-sri-swami-satchidananda\/#primaryimage","url":"https:\/\/ouryogashop.com\/wp-content\/uploads\/2020\/11\/the-yoga-sutras-of-patanjali-swami.jpg","contentUrl":"https:\/\/ouryogashop.com\/wp-content\/uploads\/2020\/11\/the-yoga-sutras-of-patanjali-swami.jpg","width":640,"height":640},{"@type":"BreadcrumbList","@id":"https:\/\/ouryogashop.com\/sv\/product\/the-yoga-sutras-of-pantanjali-sri-swami-satchidananda\/#breadcrumb","itemListElement":[{"@type":"ListItem","position":1,"name":"Hem","item":"https:\/\/ouryogashop.com\/sv\/"},{"@type":"ListItem","position":2,"name":"Yoga Butik","item":"https:\/\/ouryogashop.com\/sv\/yoga-butik\/"},{"@type":"ListItem","position":3,"name":"Yogalitteratur","item":"https:\/\/ouryogashop.com\/sv\/produkt-kategori\/yogalitteratur\/"},{"@type":"ListItem","position":4,"name":"Yoga B\u00f6cker","item":"https:\/\/ouryogashop.com\/sv\/produkt-kategori\/yogalitteratur\/yoga-bocker\/"},{"@type":"ListItem","position":5,"name":"The Yoga Sutras of Pantanjali &#8211; Sri Swami Satchidananda"}]},{"@type":"WebSite","@id":"https:\/\/ouryogashop.com\/sv\/#website","url":"https:\/\/ouryogashop.com\/sv\/","name":"OurYogaShop","description":"The best yoga mats ever!","publisher":{"@id":"https:\/\/ouryogashop.com\/sv\/#organization"},"potentialAction":[{"@type":"SearchAction","target":{"@type":"EntryPoint","urlTemplate":"https:\/\/ouryogashop.com\/sv\/?s={search_term_string}"},"query-input":{"@type":"PropertyValueSpecification","valueRequired":true,"valueName":"search_term_string"}}],"inLanguage":"sv-SE"},{"@type":"Organization","@id":"https:\/\/ouryogashop.com\/sv\/#organization","name":"OurYogaShop","url":"https:\/\/ouryogashop.com\/sv\/","logo":{"@type":"ImageObject","inLanguage":"sv-SE","@id":"https:\/\/ouryogashop.com\/sv\/#\/schema\/logo\/image\/","url":"https:\/\/ouryogashop.com\/wp-content\/uploads\/2019\/05\/OYS-Logo.png","contentUrl":"https:\/\/ouryogashop.com\/wp-content\/uploads\/2019\/05\/OYS-Logo.png","width":500,"height":371,"caption":"OurYogaShop"},"image":{"@id":"https:\/\/ouryogashop.com\/sv\/#\/schema\/logo\/image\/"},"sameAs":["https:\/\/www.facebook.com\/ouryogashopcom\/","https:\/\/x.com\/OurYogaShop","https:\/\/www.instagram.com\/ouryogashop\/"]}]},"product_price_amount":"185.00","product_price_currency":"SEK","og_availability":"out of stock","product_availability":"out of stock","product_retailer_item_id":"OYS20019","product_condition":"new"},"_links":{"self":[{"href":"https:\/\/ouryogashop.com\/sv\/wp-json\/wp\/v2\/product\/145006","targetHints":{"allow":["GET"]}}],"collection":[{"href":"https:\/\/ouryogashop.com\/sv\/wp-json\/wp\/v2\/product"}],"about":[{"href":"https:\/\/ouryogashop.com\/sv\/wp-json\/wp\/v2\/types\/product"}],"replies":[{"embeddable":true,"href":"https:\/\/ouryogashop.com\/sv\/wp-json\/wp\/v2\/comments?post=145006"}],"wp:featuredmedia":[{"embeddable":true,"href":"https:\/\/ouryogashop.com\/sv\/wp-json\/wp\/v2\/media\/145266"}],"wp:attachment":[{"href":"https:\/\/ouryogashop.com\/sv\/wp-json\/wp\/v2\/media?parent=145006"}],"wp:term":[{"taxonomy":"product_brand","embeddable":true,"href":"https:\/\/ouryogashop.com\/sv\/wp-json\/wp\/v2\/product_brand?post=145006"},{"taxonomy":"product_cat","embeddable":true,"href":"https:\/\/ouryogashop.com\/sv\/wp-json\/wp\/v2\/product_cat?post=145006"},{"taxonomy":"product_tag","embeddable":true,"href":"https:\/\/ouryogashop.com\/sv\/wp-json\/wp\/v2\/product_tag?post=145006"}],"curies":[{"name":"wp","href":"https:\/\/api.w.org\/{rel}","templated":true}]}}