{"id":145012,"date":"2020-11-09T12:49:33","date_gmt":"2020-11-09T10:49:33","guid":{"rendered":"https:\/\/ouryogashop.com\/?post_type=product&#038;p=145012"},"modified":"2022-11-17T12:59:58","modified_gmt":"2022-11-17T10:59:58","slug":"the-heart-of-yoga-t-k-v-desikachar","status":"publish","type":"product","link":"https:\/\/ouryogashop.com\/sv\/product\/the-heart-of-yoga-t-k-v-desikachar\/","title":{"rendered":"The Heart of Yoga &#8211; T.K.V. Desikachar"},"content":{"rendered":"<div class=\"wpb-content-wrapper\"><p>[vc_row][vc_column width=&#8221;1\/1&#8243;][uncode_block id=&#8221;140363&#8243;][\/vc_column][\/vc_row]<\/p>\n<\/div>","protected":false},"excerpt":{"rendered":"<h2>The Heart of Yoga &#8211; T.K.V. Desikachar<\/h2>\n<div class=\"expand\" data-lines=\"10\" data-remove-button=\"1\">\n<div class=\"expand__inner\">\n<div class=\"expand__inner-content\">\n<p>Sri Tirumalai Krishnamacharya, som levde tills han var \u00f6ver 100 \u00e5r gammal, var en av de st\u00f6rsta yogierna i modern tid. Delar av Krishnamacharyas undervisning har blivit v\u00e4lk\u00e4nda runt om i v\u00e4rlden genom arbetet av B. K. S. Iyengar, Pattabhi Jois och Indra Devi, som alla studerade med Krishnamacharya. Krishnamacharyas son T. K. V. Desikachar bodde och studerade hos sin far hela sitt liv och l\u00e4r nu ut hela spektrumet av Krishnamacharyas yoga. Desikachar har baserat sin metod p\u00e5 Krishnamacharyas grundl\u00e4ggande begreppet viniyoga, som h\u00e4vdar att yogapraktiken kontinuerligt m\u00e5ste anpassas till individens f\u00f6r\u00e4ndrade behov f\u00f6r att uppn\u00e5 det maximala terapeutiska v\u00e4rdet.<\/p>\n<p>I The Heart of Yoga erbjuder Desikachar en destillerad version av sin fars system s\u00e5v\u00e4l som hans egna praktiska tillv\u00e4gag\u00e5ngss\u00e4tt, som han beskriver som &#8221; ett program f\u00f6r ryggraden p\u00e5 alla niv\u00e5er &#8211; fysiskt, mentalt och andligt. &#8221; Detta \u00e4r den f\u00f6rsta yogatexten som beskriver en steg-f\u00f6r-steg-sekvens f\u00f6r att utveckla en fullst\u00e4ndig yogapraktik enligt de \u00e4ldre yoga-principerna. Desikachar diskuterar alla element i yoga &#8211; poser och motst\u00e4llningar, medveten andning, meditation och filosofi &#8211; och visar hur yogastudenten kan utveckla en yogapraktik anpassad till hans eller hennes nuvarande h\u00e4lsotillst\u00e5nd, \u00e5lder, yrke och livsstil. Detta \u00e4r en reviderad utg\u00e5va av The Heart of Yoga.<\/p>\n<\/div>\n<\/div>\n<\/div>\n<p>Format &#8211; Pocket<\/p>\n<p>Spr\u00e5k &#8211; Engelska<\/p>\n<p>Antal sidor &#8211; 244<\/p>\n<p>Utgiven &#8211; 1999-03-01<\/p>\n<p>Storlek &#8211;<\/p>\n<p>Vikt &#8211;<\/p>\n<p>&nbsp;<\/p>\n","protected":false},"featured_media":145016,"comment_status":"open","ping_status":"closed","template":"","meta":[],"product_brand":[],"product_cat":[3074,3073],"product_tag":[3077,3157,3333],"class_list":{"0":"post-145012","1":"product","2":"type-product","3":"status-publish","4":"has-post-thumbnail","6":"product_cat-yoga-bocker","7":"product_cat-yogalitteratur","8":"product_tag-book-sv","9":"product_tag-yoga-sv","10":"product_tag-t-k-v-desikachar-sv","11":"product_shipping_class-flera-produkter-sv","13":"first","14":"instock","15":"taxable","16":"shipping-taxable","17":"purchasable","18":"product-type-simple"},"yoast_head":"<!-- This site is optimized with the Yoast SEO Premium plugin v27.3 (Yoast SEO v27.4) - https:\/\/yoast.com\/product\/yoast-seo-premium-wordpress\/ -->\n<title>The Heart of Yoga - T.K.V. Desikachar - OurYogaShop<\/title>\n<meta name=\"description\" content=\"I The Heart of Yoga erbjuder Desikachar en destillerad version av sin fars system s\u00e5v\u00e4l som hans egna praktiska tillv\u00e4gag\u00e5ngss\u00e4tt. Detta \u00e4r den f\u00f6rsta yogatexten som beskriver en steg-f\u00f6r-steg-sekvens.\" \/>\n<meta name=\"robots\" content=\"index, follow, max-snippet:-1, max-image-preview:large, max-video-preview:-1\" \/>\n<link rel=\"canonical\" href=\"https:\/\/ouryogashop.com\/sv\/product\/the-heart-of-yoga-t-k-v-desikachar\/\" \/>\n<meta property=\"og:locale\" content=\"sv_SE\" \/>\n<meta property=\"og:type\" content=\"article\" \/>\n<meta property=\"og:title\" content=\"The Heart of Yoga - T.K.V. Desikachar\" \/>\n<meta property=\"og:description\" content=\"I The Heart of Yoga erbjuder Desikachar en destillerad version av sin fars system s\u00e5v\u00e4l som hans egna praktiska tillv\u00e4gag\u00e5ngss\u00e4tt. Detta \u00e4r den f\u00f6rsta yogatexten som beskriver en steg-f\u00f6r-steg-sekvens.\" \/>\n<meta property=\"og:url\" content=\"https:\/\/ouryogashop.com\/sv\/product\/the-heart-of-yoga-t-k-v-desikachar\/\" \/>\n<meta property=\"og:site_name\" content=\"OurYogaShop\" \/>\n<meta property=\"article:publisher\" content=\"https:\/\/www.facebook.com\/ouryogashopcom\/\" \/>\n<meta property=\"article:modified_time\" content=\"2022-11-17T10:59:58+00:00\" \/>\n<meta property=\"og:image\" content=\"https:\/\/ouryogashop.com\/wp-content\/uploads\/2020\/11\/the-heart-of-yoga-book.jpg\" \/>\n\t<meta property=\"og:image:width\" content=\"500\" \/>\n\t<meta property=\"og:image:height\" content=\"625\" \/>\n\t<meta property=\"og:image:type\" content=\"image\/jpeg\" \/>\n<meta name=\"twitter:card\" content=\"summary_large_image\" \/>\n<meta name=\"twitter:site\" content=\"@OurYogaShop\" \/>\n<meta name=\"twitter:label1\" content=\"Pris\" \/>\n\t<meta name=\"twitter:data1\" content=\"220,00&#107;&#114;\" \/>\n\t<meta name=\"twitter:label2\" content=\"Tillg\u00e4nglig\" \/>\n\t<meta name=\"twitter:data2\" content=\"I lager\" \/>\n<script type=\"application\/ld+json\" class=\"yoast-schema-graph\">{\"@context\":\"https:\\\/\\\/schema.org\",\"@graph\":[{\"@type\":\"WebPage\",\"@id\":\"https:\\\/\\\/ouryogashop.com\\\/sv\\\/product\\\/the-heart-of-yoga-t-k-v-desikachar\\\/\",\"url\":\"https:\\\/\\\/ouryogashop.com\\\/sv\\\/product\\\/the-heart-of-yoga-t-k-v-desikachar\\\/\",\"name\":\"The Heart of Yoga - T.K.V. Desikachar - OurYogaShop\",\"isPartOf\":{\"@id\":\"https:\\\/\\\/ouryogashop.com\\\/sv\\\/#website\"},\"primaryImageOfPage\":{\"@id\":\"https:\\\/\\\/ouryogashop.com\\\/sv\\\/product\\\/the-heart-of-yoga-t-k-v-desikachar\\\/#primaryimage\"},\"image\":{\"@id\":\"https:\\\/\\\/ouryogashop.com\\\/sv\\\/product\\\/the-heart-of-yoga-t-k-v-desikachar\\\/#primaryimage\"},\"thumbnailUrl\":\"https:\\\/\\\/ouryogashop.com\\\/wp-content\\\/uploads\\\/2020\\\/11\\\/the-heart-of-yoga-book.jpg\",\"datePublished\":\"2020-11-09T10:49:33+00:00\",\"dateModified\":\"2022-11-17T10:59:58+00:00\",\"description\":\"I The Heart of Yoga erbjuder Desikachar en destillerad version av sin fars system s\u00e5v\u00e4l som hans egna praktiska tillv\u00e4gag\u00e5ngss\u00e4tt. Detta \u00e4r den f\u00f6rsta yogatexten som beskriver en steg-f\u00f6r-steg-sekvens.\",\"breadcrumb\":{\"@id\":\"https:\\\/\\\/ouryogashop.com\\\/sv\\\/product\\\/the-heart-of-yoga-t-k-v-desikachar\\\/#breadcrumb\"},\"inLanguage\":\"sv-SE\",\"potentialAction\":[{\"@type\":\"ReadAction\",\"target\":[\"https:\\\/\\\/ouryogashop.com\\\/sv\\\/product\\\/the-heart-of-yoga-t-k-v-desikachar\\\/\"]}]},{\"@type\":\"ImageObject\",\"inLanguage\":\"sv-SE\",\"@id\":\"https:\\\/\\\/ouryogashop.com\\\/sv\\\/product\\\/the-heart-of-yoga-t-k-v-desikachar\\\/#primaryimage\",\"url\":\"https:\\\/\\\/ouryogashop.com\\\/wp-content\\\/uploads\\\/2020\\\/11\\\/the-heart-of-yoga-book.jpg\",\"contentUrl\":\"https:\\\/\\\/ouryogashop.com\\\/wp-content\\\/uploads\\\/2020\\\/11\\\/the-heart-of-yoga-book.jpg\",\"width\":500,\"height\":625},{\"@type\":\"BreadcrumbList\",\"@id\":\"https:\\\/\\\/ouryogashop.com\\\/sv\\\/product\\\/the-heart-of-yoga-t-k-v-desikachar\\\/#breadcrumb\",\"itemListElement\":[{\"@type\":\"ListItem\",\"position\":1,\"name\":\"Hem\",\"item\":\"https:\\\/\\\/ouryogashop.com\\\/sv\\\/\"},{\"@type\":\"ListItem\",\"position\":2,\"name\":\"Yoga Butik\",\"item\":\"https:\\\/\\\/ouryogashop.com\\\/sv\\\/yoga-butik\\\/\"},{\"@type\":\"ListItem\",\"position\":3,\"name\":\"Yogalitteratur\",\"item\":\"https:\\\/\\\/ouryogashop.com\\\/sv\\\/produkt-kategori\\\/yogalitteratur\\\/\"},{\"@type\":\"ListItem\",\"position\":4,\"name\":\"The Heart of Yoga &#8211; T.K.V. Desikachar\"}]},{\"@type\":\"WebSite\",\"@id\":\"https:\\\/\\\/ouryogashop.com\\\/sv\\\/#website\",\"url\":\"https:\\\/\\\/ouryogashop.com\\\/sv\\\/\",\"name\":\"OurYogaShop\",\"description\":\"The best yoga mats ever!\",\"publisher\":{\"@id\":\"https:\\\/\\\/ouryogashop.com\\\/sv\\\/#organization\"},\"potentialAction\":[{\"@type\":\"SearchAction\",\"target\":{\"@type\":\"EntryPoint\",\"urlTemplate\":\"https:\\\/\\\/ouryogashop.com\\\/sv\\\/?s={search_term_string}\"},\"query-input\":{\"@type\":\"PropertyValueSpecification\",\"valueRequired\":true,\"valueName\":\"search_term_string\"}}],\"inLanguage\":\"sv-SE\"},{\"@type\":\"Organization\",\"@id\":\"https:\\\/\\\/ouryogashop.com\\\/sv\\\/#organization\",\"name\":\"OurYogaShop\",\"url\":\"https:\\\/\\\/ouryogashop.com\\\/sv\\\/\",\"logo\":{\"@type\":\"ImageObject\",\"inLanguage\":\"sv-SE\",\"@id\":\"https:\\\/\\\/ouryogashop.com\\\/sv\\\/#\\\/schema\\\/logo\\\/image\\\/\",\"url\":\"https:\\\/\\\/ouryogashop.com\\\/wp-content\\\/uploads\\\/2019\\\/05\\\/OYS-Logo.png\",\"contentUrl\":\"https:\\\/\\\/ouryogashop.com\\\/wp-content\\\/uploads\\\/2019\\\/05\\\/OYS-Logo.png\",\"width\":500,\"height\":371,\"caption\":\"OurYogaShop\"},\"image\":{\"@id\":\"https:\\\/\\\/ouryogashop.com\\\/sv\\\/#\\\/schema\\\/logo\\\/image\\\/\"},\"sameAs\":[\"https:\\\/\\\/www.facebook.com\\\/ouryogashopcom\\\/\",\"https:\\\/\\\/x.com\\\/OurYogaShop\",\"https:\\\/\\\/www.instagram.com\\\/ouryogashop\\\/\"]}]}<\/script>\n<meta property=\"product:price:amount\" content=\"220.00\" \/>\n<meta property=\"product:price:currency\" content=\"SEK\" \/>\n<meta property=\"og:availability\" content=\"instock\" \/>\n<meta property=\"product:availability\" content=\"instock\" \/>\n<meta property=\"product:retailer_item_id\" content=\"OYS20020\" \/>\n<meta property=\"product:condition\" content=\"new\" \/>\n<!-- \/ Yoast SEO Premium plugin. -->","yoast_head_json":{"title":"The Heart of Yoga - T.K.V. Desikachar - OurYogaShop","description":"I The Heart of Yoga erbjuder Desikachar en destillerad version av sin fars system s\u00e5v\u00e4l som hans egna praktiska tillv\u00e4gag\u00e5ngss\u00e4tt. Detta \u00e4r den f\u00f6rsta yogatexten som beskriver en steg-f\u00f6r-steg-sekvens.","robots":{"index":"index","follow":"follow","max-snippet":"max-snippet:-1","max-image-preview":"max-image-preview:large","max-video-preview":"max-video-preview:-1"},"canonical":"https:\/\/ouryogashop.com\/sv\/product\/the-heart-of-yoga-t-k-v-desikachar\/","og_locale":"sv_SE","og_type":"article","og_title":"The Heart of Yoga - T.K.V. Desikachar","og_description":"I The Heart of Yoga erbjuder Desikachar en destillerad version av sin fars system s\u00e5v\u00e4l som hans egna praktiska tillv\u00e4gag\u00e5ngss\u00e4tt. Detta \u00e4r den f\u00f6rsta yogatexten som beskriver en steg-f\u00f6r-steg-sekvens.","og_url":"https:\/\/ouryogashop.com\/sv\/product\/the-heart-of-yoga-t-k-v-desikachar\/","og_site_name":"OurYogaShop","article_publisher":"https:\/\/www.facebook.com\/ouryogashopcom\/","article_modified_time":"2022-11-17T10:59:58+00:00","og_image":[{"width":500,"height":625,"url":"https:\/\/ouryogashop.com\/wp-content\/uploads\/2020\/11\/the-heart-of-yoga-book.jpg","type":"image\/jpeg"}],"twitter_card":"summary_large_image","twitter_site":"@OurYogaShop","twitter_misc":{"Pris":"220,00&#107;&#114;","Tillg\u00e4nglig":"I lager"},"schema":{"@context":"https:\/\/schema.org","@graph":[{"@type":"WebPage","@id":"https:\/\/ouryogashop.com\/sv\/product\/the-heart-of-yoga-t-k-v-desikachar\/","url":"https:\/\/ouryogashop.com\/sv\/product\/the-heart-of-yoga-t-k-v-desikachar\/","name":"The Heart of Yoga - T.K.V. Desikachar - OurYogaShop","isPartOf":{"@id":"https:\/\/ouryogashop.com\/sv\/#website"},"primaryImageOfPage":{"@id":"https:\/\/ouryogashop.com\/sv\/product\/the-heart-of-yoga-t-k-v-desikachar\/#primaryimage"},"image":{"@id":"https:\/\/ouryogashop.com\/sv\/product\/the-heart-of-yoga-t-k-v-desikachar\/#primaryimage"},"thumbnailUrl":"https:\/\/ouryogashop.com\/wp-content\/uploads\/2020\/11\/the-heart-of-yoga-book.jpg","datePublished":"2020-11-09T10:49:33+00:00","dateModified":"2022-11-17T10:59:58+00:00","description":"I The Heart of Yoga erbjuder Desikachar en destillerad version av sin fars system s\u00e5v\u00e4l som hans egna praktiska tillv\u00e4gag\u00e5ngss\u00e4tt. Detta \u00e4r den f\u00f6rsta yogatexten som beskriver en steg-f\u00f6r-steg-sekvens.","breadcrumb":{"@id":"https:\/\/ouryogashop.com\/sv\/product\/the-heart-of-yoga-t-k-v-desikachar\/#breadcrumb"},"inLanguage":"sv-SE","potentialAction":[{"@type":"ReadAction","target":["https:\/\/ouryogashop.com\/sv\/product\/the-heart-of-yoga-t-k-v-desikachar\/"]}]},{"@type":"ImageObject","inLanguage":"sv-SE","@id":"https:\/\/ouryogashop.com\/sv\/product\/the-heart-of-yoga-t-k-v-desikachar\/#primaryimage","url":"https:\/\/ouryogashop.com\/wp-content\/uploads\/2020\/11\/the-heart-of-yoga-book.jpg","contentUrl":"https:\/\/ouryogashop.com\/wp-content\/uploads\/2020\/11\/the-heart-of-yoga-book.jpg","width":500,"height":625},{"@type":"BreadcrumbList","@id":"https:\/\/ouryogashop.com\/sv\/product\/the-heart-of-yoga-t-k-v-desikachar\/#breadcrumb","itemListElement":[{"@type":"ListItem","position":1,"name":"Hem","item":"https:\/\/ouryogashop.com\/sv\/"},{"@type":"ListItem","position":2,"name":"Yoga Butik","item":"https:\/\/ouryogashop.com\/sv\/yoga-butik\/"},{"@type":"ListItem","position":3,"name":"Yogalitteratur","item":"https:\/\/ouryogashop.com\/sv\/produkt-kategori\/yogalitteratur\/"},{"@type":"ListItem","position":4,"name":"The Heart of Yoga &#8211; T.K.V. Desikachar"}]},{"@type":"WebSite","@id":"https:\/\/ouryogashop.com\/sv\/#website","url":"https:\/\/ouryogashop.com\/sv\/","name":"OurYogaShop","description":"The best yoga mats ever!","publisher":{"@id":"https:\/\/ouryogashop.com\/sv\/#organization"},"potentialAction":[{"@type":"SearchAction","target":{"@type":"EntryPoint","urlTemplate":"https:\/\/ouryogashop.com\/sv\/?s={search_term_string}"},"query-input":{"@type":"PropertyValueSpecification","valueRequired":true,"valueName":"search_term_string"}}],"inLanguage":"sv-SE"},{"@type":"Organization","@id":"https:\/\/ouryogashop.com\/sv\/#organization","name":"OurYogaShop","url":"https:\/\/ouryogashop.com\/sv\/","logo":{"@type":"ImageObject","inLanguage":"sv-SE","@id":"https:\/\/ouryogashop.com\/sv\/#\/schema\/logo\/image\/","url":"https:\/\/ouryogashop.com\/wp-content\/uploads\/2019\/05\/OYS-Logo.png","contentUrl":"https:\/\/ouryogashop.com\/wp-content\/uploads\/2019\/05\/OYS-Logo.png","width":500,"height":371,"caption":"OurYogaShop"},"image":{"@id":"https:\/\/ouryogashop.com\/sv\/#\/schema\/logo\/image\/"},"sameAs":["https:\/\/www.facebook.com\/ouryogashopcom\/","https:\/\/x.com\/OurYogaShop","https:\/\/www.instagram.com\/ouryogashop\/"]}]},"product_price_amount":"220.00","product_price_currency":"SEK","og_availability":"instock","product_availability":"instock","product_retailer_item_id":"OYS20020","product_condition":"new"},"_links":{"self":[{"href":"https:\/\/ouryogashop.com\/sv\/wp-json\/wp\/v2\/product\/145012","targetHints":{"allow":["GET"]}}],"collection":[{"href":"https:\/\/ouryogashop.com\/sv\/wp-json\/wp\/v2\/product"}],"about":[{"href":"https:\/\/ouryogashop.com\/sv\/wp-json\/wp\/v2\/types\/product"}],"replies":[{"embeddable":true,"href":"https:\/\/ouryogashop.com\/sv\/wp-json\/wp\/v2\/comments?post=145012"}],"wp:featuredmedia":[{"embeddable":true,"href":"https:\/\/ouryogashop.com\/sv\/wp-json\/wp\/v2\/media\/145016"}],"wp:attachment":[{"href":"https:\/\/ouryogashop.com\/sv\/wp-json\/wp\/v2\/media?parent=145012"}],"wp:term":[{"taxonomy":"product_brand","embeddable":true,"href":"https:\/\/ouryogashop.com\/sv\/wp-json\/wp\/v2\/product_brand?post=145012"},{"taxonomy":"product_cat","embeddable":true,"href":"https:\/\/ouryogashop.com\/sv\/wp-json\/wp\/v2\/product_cat?post=145012"},{"taxonomy":"product_tag","embeddable":true,"href":"https:\/\/ouryogashop.com\/sv\/wp-json\/wp\/v2\/product_tag?post=145012"}],"curies":[{"name":"wp","href":"https:\/\/api.w.org\/{rel}","templated":true}]}}