{"id":145024,"date":"2020-11-09T13:37:23","date_gmt":"2020-11-09T11:37:23","guid":{"rendered":"https:\/\/ouryogashop.com\/?post_type=product&#038;p=145024"},"modified":"2022-11-17T13:01:29","modified_gmt":"2022-11-17T11:01:29","slug":"de-tidiga-upanisaderna-martin-gansten","status":"publish","type":"product","link":"https:\/\/ouryogashop.com\/sv\/product\/de-tidiga-upanisaderna-martin-gansten\/","title":{"rendered":"De tidiga Upanisaderna &#8211; M\u00e5ns Broo &amp; Martin Gansten"},"content":{"rendered":"<div class=\"wpb-content-wrapper\"><p>[vc_row][vc_column width=&#8221;1\/1&#8243;][uncode_block id=&#8221;140363&#8243;][\/vc_column][\/vc_row]<\/p>\n<\/div>","protected":false},"excerpt":{"rendered":"<h2>De tidiga Upanisaderna &#8211; M\u00e5ns Broo &amp; Martin Gansten<\/h2>\n<p>Upanisadernas m\u00e5nga anonyma f\u00f6rfattare levde under de sju sista \u00e5rhundradena f\u00f6re v\u00e5r tider\u00e4kning en tid av dramatiska f\u00f6r\u00e4ndringar i norra Indien, d\u00e5 nya l\u00e4ror som buddhismen och jainismen uppstod. Deras verk ger oss en fascinerande inblick i m\u00e4nniskans s\u00f6kande efter sanningen, ofta i form av dialoger mellan m\u00e4stare och l\u00e4rjungar. H\u00e4r m\u00f6ter vi f\u00f6r f\u00f6rsta g\u00e5ngen i den indiska id\u00e9historien begrepp som karma och yoga, f\u00f6rest\u00e4llningar om \u00e5terf\u00f6delse och om andlig frig\u00f6relse genom sj\u00e4lvinsikt. Denna bok inneh\u00e5ller de tolv \u00e4ldsta och mest v\u00e4lk\u00e4nda upanishaderna, som nu f\u00f6r f\u00f6rsta g\u00e5ngen f\u00f6religger i direkt\u00f6vers\u00e4ttning fr\u00e5n sanskrit till svenska. Den texttrogna \u00f6vers\u00e4ttningen grundar sig p\u00e5 den senaste forskningen, men riktar sig till en bred publik.<\/p>\n<p>Format &#8211; Pocket<\/p>\n<p>Spr\u00e5k &#8211; Svenska<\/p>\n<p>Antal sidor &#8211; 368<\/p>\n<p>Utgiven datum &#8211; 2005-08-01<\/p>\n<p>Storlek &#8211;<\/p>\n<p>Vikt &#8211;<\/p>\n<p>&nbsp;<\/p>\n","protected":false},"featured_media":145260,"comment_status":"open","ping_status":"closed","template":"","meta":[],"product_brand":[],"product_cat":[3074,3073],"product_tag":[3077,3157,3197,3335],"class_list":{"0":"post-145024","1":"product","2":"type-product","3":"status-publish","4":"has-post-thumbnail","6":"product_cat-yoga-bocker","7":"product_cat-yogalitteratur","8":"product_tag-book-sv","9":"product_tag-yoga-sv","10":"product_tag-mans-broo-sv","11":"product_tag-martin-gansten-sv","12":"product_shipping_class-flera-produkter-sv","14":"first","15":"instock","16":"taxable","17":"shipping-taxable","18":"purchasable","19":"product-type-simple"},"yoast_head":"<!-- This site is optimized with the Yoast SEO Premium plugin v27.5 (Yoast SEO v27.5) - https:\/\/yoast.com\/product\/yoast-seo-premium-wordpress\/ -->\n<title>De tidiga Upanisaderna - M\u00e5ns Broo &amp; Martin Gansten - OurYogaShop<\/title>\n<meta name=\"description\" content=\"De tidiga Upanisaderna. Denna bok inneh\u00e5ller de tolv \u00e4ldsta och mest v\u00e4lk\u00e4nda upanishaderna,direkt\u00f6versatt fr\u00e5n sanskrit till svenska.\" \/>\n<meta name=\"robots\" content=\"index, follow, max-snippet:-1, max-image-preview:large, max-video-preview:-1\" \/>\n<link rel=\"canonical\" href=\"https:\/\/ouryogashop.com\/sv\/product\/de-tidiga-upanisaderna-martin-gansten\/\" \/>\n<meta property=\"og:locale\" content=\"sv_SE\" \/>\n<meta property=\"og:type\" content=\"article\" \/>\n<meta property=\"og:title\" content=\"De tidiga Upanisaderna - M\u00e5ns Broo &amp; Martin Gansten\" \/>\n<meta property=\"og:description\" content=\"De tidiga Upanisaderna. Denna bok inneh\u00e5ller de tolv \u00e4ldsta och mest v\u00e4lk\u00e4nda upanishaderna,direkt\u00f6versatt fr\u00e5n sanskrit till svenska.\" \/>\n<meta property=\"og:url\" content=\"https:\/\/ouryogashop.com\/sv\/product\/de-tidiga-upanisaderna-martin-gansten\/\" \/>\n<meta property=\"og:site_name\" content=\"OurYogaShop\" \/>\n<meta property=\"article:publisher\" content=\"https:\/\/www.facebook.com\/ouryogashopcom\/\" \/>\n<meta property=\"article:modified_time\" content=\"2022-11-17T11:01:29+00:00\" \/>\n<meta property=\"og:image\" content=\"https:\/\/ouryogashop.com\/wp-content\/uploads\/2020\/11\/De-tidiga-upanisaderna-3.jpg\" \/>\n\t<meta property=\"og:image:width\" content=\"640\" \/>\n\t<meta property=\"og:image:height\" content=\"640\" \/>\n\t<meta property=\"og:image:type\" content=\"image\/jpeg\" \/>\n<meta name=\"twitter:card\" content=\"summary_large_image\" \/>\n<meta name=\"twitter:site\" content=\"@OurYogaShop\" \/>\n<meta name=\"twitter:label1\" content=\"Pris\" \/>\n\t<meta name=\"twitter:data1\" content=\"271,00&#107;&#114;\" \/>\n\t<meta name=\"twitter:label2\" content=\"Tillg\u00e4nglig\" \/>\n\t<meta name=\"twitter:data2\" content=\"I lager\" \/>\n<script type=\"application\/ld+json\" class=\"yoast-schema-graph\">{\"@context\":\"https:\\\/\\\/schema.org\",\"@graph\":[{\"@type\":\"WebPage\",\"@id\":\"https:\\\/\\\/ouryogashop.com\\\/sv\\\/product\\\/de-tidiga-upanisaderna-martin-gansten\\\/\",\"url\":\"https:\\\/\\\/ouryogashop.com\\\/sv\\\/product\\\/de-tidiga-upanisaderna-martin-gansten\\\/\",\"name\":\"De tidiga Upanisaderna - M\u00e5ns Broo &amp; Martin Gansten - OurYogaShop\",\"isPartOf\":{\"@id\":\"https:\\\/\\\/ouryogashop.com\\\/sv\\\/#website\"},\"primaryImageOfPage\":{\"@id\":\"https:\\\/\\\/ouryogashop.com\\\/sv\\\/product\\\/de-tidiga-upanisaderna-martin-gansten\\\/#primaryimage\"},\"image\":{\"@id\":\"https:\\\/\\\/ouryogashop.com\\\/sv\\\/product\\\/de-tidiga-upanisaderna-martin-gansten\\\/#primaryimage\"},\"thumbnailUrl\":\"https:\\\/\\\/ouryogashop.com\\\/wp-content\\\/uploads\\\/2020\\\/11\\\/De-tidiga-upanisaderna-3.jpg\",\"datePublished\":\"2020-11-09T11:37:23+00:00\",\"dateModified\":\"2022-11-17T11:01:29+00:00\",\"description\":\"De tidiga Upanisaderna. Denna bok inneh\u00e5ller de tolv \u00e4ldsta och mest v\u00e4lk\u00e4nda upanishaderna,direkt\u00f6versatt fr\u00e5n sanskrit till svenska.\",\"breadcrumb\":{\"@id\":\"https:\\\/\\\/ouryogashop.com\\\/sv\\\/product\\\/de-tidiga-upanisaderna-martin-gansten\\\/#breadcrumb\"},\"inLanguage\":\"sv-SE\",\"potentialAction\":[{\"@type\":\"ReadAction\",\"target\":[\"https:\\\/\\\/ouryogashop.com\\\/sv\\\/product\\\/de-tidiga-upanisaderna-martin-gansten\\\/\"]}]},{\"@type\":\"ImageObject\",\"inLanguage\":\"sv-SE\",\"@id\":\"https:\\\/\\\/ouryogashop.com\\\/sv\\\/product\\\/de-tidiga-upanisaderna-martin-gansten\\\/#primaryimage\",\"url\":\"https:\\\/\\\/ouryogashop.com\\\/wp-content\\\/uploads\\\/2020\\\/11\\\/De-tidiga-upanisaderna-3.jpg\",\"contentUrl\":\"https:\\\/\\\/ouryogashop.com\\\/wp-content\\\/uploads\\\/2020\\\/11\\\/De-tidiga-upanisaderna-3.jpg\",\"width\":640,\"height\":640},{\"@type\":\"BreadcrumbList\",\"@id\":\"https:\\\/\\\/ouryogashop.com\\\/sv\\\/product\\\/de-tidiga-upanisaderna-martin-gansten\\\/#breadcrumb\",\"itemListElement\":[{\"@type\":\"ListItem\",\"position\":1,\"name\":\"Hem\",\"item\":\"https:\\\/\\\/ouryogashop.com\\\/sv\\\/\"},{\"@type\":\"ListItem\",\"position\":2,\"name\":\"Yoga Butik\",\"item\":\"https:\\\/\\\/ouryogashop.com\\\/sv\\\/yoga-butik\\\/\"},{\"@type\":\"ListItem\",\"position\":3,\"name\":\"Yogalitteratur\",\"item\":\"https:\\\/\\\/ouryogashop.com\\\/sv\\\/produkt-kategori\\\/yogalitteratur\\\/\"},{\"@type\":\"ListItem\",\"position\":4,\"name\":\"De tidiga Upanisaderna &#8211; M\u00e5ns Broo &amp; Martin Gansten\"}]},{\"@type\":\"WebSite\",\"@id\":\"https:\\\/\\\/ouryogashop.com\\\/sv\\\/#website\",\"url\":\"https:\\\/\\\/ouryogashop.com\\\/sv\\\/\",\"name\":\"OurYogaShop\",\"description\":\"The best yoga mats ever!\",\"publisher\":{\"@id\":\"https:\\\/\\\/ouryogashop.com\\\/sv\\\/#organization\"},\"potentialAction\":[{\"@type\":\"SearchAction\",\"target\":{\"@type\":\"EntryPoint\",\"urlTemplate\":\"https:\\\/\\\/ouryogashop.com\\\/sv\\\/?s={search_term_string}\"},\"query-input\":{\"@type\":\"PropertyValueSpecification\",\"valueRequired\":true,\"valueName\":\"search_term_string\"}}],\"inLanguage\":\"sv-SE\"},{\"@type\":\"Organization\",\"@id\":\"https:\\\/\\\/ouryogashop.com\\\/sv\\\/#organization\",\"name\":\"OurYogaShop\",\"url\":\"https:\\\/\\\/ouryogashop.com\\\/sv\\\/\",\"logo\":{\"@type\":\"ImageObject\",\"inLanguage\":\"sv-SE\",\"@id\":\"https:\\\/\\\/ouryogashop.com\\\/sv\\\/#\\\/schema\\\/logo\\\/image\\\/\",\"url\":\"https:\\\/\\\/ouryogashop.com\\\/wp-content\\\/uploads\\\/2019\\\/05\\\/OYS-Logo.png\",\"contentUrl\":\"https:\\\/\\\/ouryogashop.com\\\/wp-content\\\/uploads\\\/2019\\\/05\\\/OYS-Logo.png\",\"width\":500,\"height\":371,\"caption\":\"OurYogaShop\"},\"image\":{\"@id\":\"https:\\\/\\\/ouryogashop.com\\\/sv\\\/#\\\/schema\\\/logo\\\/image\\\/\"},\"sameAs\":[\"https:\\\/\\\/www.facebook.com\\\/ouryogashopcom\\\/\",\"https:\\\/\\\/x.com\\\/OurYogaShop\",\"https:\\\/\\\/www.instagram.com\\\/ouryogashop\\\/\"]}]}<\/script>\n<meta property=\"product:price:amount\" content=\"271.00\" \/>\n<meta property=\"product:price:currency\" content=\"SEK\" \/>\n<meta property=\"og:availability\" content=\"instock\" \/>\n<meta property=\"product:availability\" content=\"instock\" \/>\n<meta property=\"product:retailer_item_id\" content=\"OYS20022\" \/>\n<meta property=\"product:condition\" content=\"new\" \/>\n<!-- \/ Yoast SEO Premium plugin. -->","yoast_head_json":{"title":"De tidiga Upanisaderna - M\u00e5ns Broo &amp; Martin Gansten - OurYogaShop","description":"De tidiga Upanisaderna. Denna bok inneh\u00e5ller de tolv \u00e4ldsta och mest v\u00e4lk\u00e4nda upanishaderna,direkt\u00f6versatt fr\u00e5n sanskrit till svenska.","robots":{"index":"index","follow":"follow","max-snippet":"max-snippet:-1","max-image-preview":"max-image-preview:large","max-video-preview":"max-video-preview:-1"},"canonical":"https:\/\/ouryogashop.com\/sv\/product\/de-tidiga-upanisaderna-martin-gansten\/","og_locale":"sv_SE","og_type":"article","og_title":"De tidiga Upanisaderna - M\u00e5ns Broo &amp; Martin Gansten","og_description":"De tidiga Upanisaderna. Denna bok inneh\u00e5ller de tolv \u00e4ldsta och mest v\u00e4lk\u00e4nda upanishaderna,direkt\u00f6versatt fr\u00e5n sanskrit till svenska.","og_url":"https:\/\/ouryogashop.com\/sv\/product\/de-tidiga-upanisaderna-martin-gansten\/","og_site_name":"OurYogaShop","article_publisher":"https:\/\/www.facebook.com\/ouryogashopcom\/","article_modified_time":"2022-11-17T11:01:29+00:00","og_image":[{"width":640,"height":640,"url":"https:\/\/ouryogashop.com\/wp-content\/uploads\/2020\/11\/De-tidiga-upanisaderna-3.jpg","type":"image\/jpeg"}],"twitter_card":"summary_large_image","twitter_site":"@OurYogaShop","twitter_misc":{"Pris":"271,00&#107;&#114;","Tillg\u00e4nglig":"I lager"},"schema":{"@context":"https:\/\/schema.org","@graph":[{"@type":"WebPage","@id":"https:\/\/ouryogashop.com\/sv\/product\/de-tidiga-upanisaderna-martin-gansten\/","url":"https:\/\/ouryogashop.com\/sv\/product\/de-tidiga-upanisaderna-martin-gansten\/","name":"De tidiga Upanisaderna - M\u00e5ns Broo &amp; Martin Gansten - OurYogaShop","isPartOf":{"@id":"https:\/\/ouryogashop.com\/sv\/#website"},"primaryImageOfPage":{"@id":"https:\/\/ouryogashop.com\/sv\/product\/de-tidiga-upanisaderna-martin-gansten\/#primaryimage"},"image":{"@id":"https:\/\/ouryogashop.com\/sv\/product\/de-tidiga-upanisaderna-martin-gansten\/#primaryimage"},"thumbnailUrl":"https:\/\/ouryogashop.com\/wp-content\/uploads\/2020\/11\/De-tidiga-upanisaderna-3.jpg","datePublished":"2020-11-09T11:37:23+00:00","dateModified":"2022-11-17T11:01:29+00:00","description":"De tidiga Upanisaderna. Denna bok inneh\u00e5ller de tolv \u00e4ldsta och mest v\u00e4lk\u00e4nda upanishaderna,direkt\u00f6versatt fr\u00e5n sanskrit till svenska.","breadcrumb":{"@id":"https:\/\/ouryogashop.com\/sv\/product\/de-tidiga-upanisaderna-martin-gansten\/#breadcrumb"},"inLanguage":"sv-SE","potentialAction":[{"@type":"ReadAction","target":["https:\/\/ouryogashop.com\/sv\/product\/de-tidiga-upanisaderna-martin-gansten\/"]}]},{"@type":"ImageObject","inLanguage":"sv-SE","@id":"https:\/\/ouryogashop.com\/sv\/product\/de-tidiga-upanisaderna-martin-gansten\/#primaryimage","url":"https:\/\/ouryogashop.com\/wp-content\/uploads\/2020\/11\/De-tidiga-upanisaderna-3.jpg","contentUrl":"https:\/\/ouryogashop.com\/wp-content\/uploads\/2020\/11\/De-tidiga-upanisaderna-3.jpg","width":640,"height":640},{"@type":"BreadcrumbList","@id":"https:\/\/ouryogashop.com\/sv\/product\/de-tidiga-upanisaderna-martin-gansten\/#breadcrumb","itemListElement":[{"@type":"ListItem","position":1,"name":"Hem","item":"https:\/\/ouryogashop.com\/sv\/"},{"@type":"ListItem","position":2,"name":"Yoga Butik","item":"https:\/\/ouryogashop.com\/sv\/yoga-butik\/"},{"@type":"ListItem","position":3,"name":"Yogalitteratur","item":"https:\/\/ouryogashop.com\/sv\/produkt-kategori\/yogalitteratur\/"},{"@type":"ListItem","position":4,"name":"De tidiga Upanisaderna &#8211; M\u00e5ns Broo &amp; Martin Gansten"}]},{"@type":"WebSite","@id":"https:\/\/ouryogashop.com\/sv\/#website","url":"https:\/\/ouryogashop.com\/sv\/","name":"OurYogaShop","description":"The best yoga mats ever!","publisher":{"@id":"https:\/\/ouryogashop.com\/sv\/#organization"},"potentialAction":[{"@type":"SearchAction","target":{"@type":"EntryPoint","urlTemplate":"https:\/\/ouryogashop.com\/sv\/?s={search_term_string}"},"query-input":{"@type":"PropertyValueSpecification","valueRequired":true,"valueName":"search_term_string"}}],"inLanguage":"sv-SE"},{"@type":"Organization","@id":"https:\/\/ouryogashop.com\/sv\/#organization","name":"OurYogaShop","url":"https:\/\/ouryogashop.com\/sv\/","logo":{"@type":"ImageObject","inLanguage":"sv-SE","@id":"https:\/\/ouryogashop.com\/sv\/#\/schema\/logo\/image\/","url":"https:\/\/ouryogashop.com\/wp-content\/uploads\/2019\/05\/OYS-Logo.png","contentUrl":"https:\/\/ouryogashop.com\/wp-content\/uploads\/2019\/05\/OYS-Logo.png","width":500,"height":371,"caption":"OurYogaShop"},"image":{"@id":"https:\/\/ouryogashop.com\/sv\/#\/schema\/logo\/image\/"},"sameAs":["https:\/\/www.facebook.com\/ouryogashopcom\/","https:\/\/x.com\/OurYogaShop","https:\/\/www.instagram.com\/ouryogashop\/"]}]},"product_price_amount":"271.00","product_price_currency":"SEK","og_availability":"instock","product_availability":"instock","product_retailer_item_id":"OYS20022","product_condition":"new"},"_links":{"self":[{"href":"https:\/\/ouryogashop.com\/sv\/wp-json\/wp\/v2\/product\/145024","targetHints":{"allow":["GET"]}}],"collection":[{"href":"https:\/\/ouryogashop.com\/sv\/wp-json\/wp\/v2\/product"}],"about":[{"href":"https:\/\/ouryogashop.com\/sv\/wp-json\/wp\/v2\/types\/product"}],"replies":[{"embeddable":true,"href":"https:\/\/ouryogashop.com\/sv\/wp-json\/wp\/v2\/comments?post=145024"}],"wp:featuredmedia":[{"embeddable":true,"href":"https:\/\/ouryogashop.com\/sv\/wp-json\/wp\/v2\/media\/145260"}],"wp:attachment":[{"href":"https:\/\/ouryogashop.com\/sv\/wp-json\/wp\/v2\/media?parent=145024"}],"wp:term":[{"taxonomy":"product_brand","embeddable":true,"href":"https:\/\/ouryogashop.com\/sv\/wp-json\/wp\/v2\/product_brand?post=145024"},{"taxonomy":"product_cat","embeddable":true,"href":"https:\/\/ouryogashop.com\/sv\/wp-json\/wp\/v2\/product_cat?post=145024"},{"taxonomy":"product_tag","embeddable":true,"href":"https:\/\/ouryogashop.com\/sv\/wp-json\/wp\/v2\/product_tag?post=145024"}],"curies":[{"name":"wp","href":"https:\/\/api.w.org\/{rel}","templated":true}]}}