{"id":145035,"date":"2020-11-09T16:37:26","date_gmt":"2020-11-09T14:37:26","guid":{"rendered":"https:\/\/ouryogashop.com\/?post_type=product&#038;p=145035"},"modified":"2022-11-18T12:36:26","modified_gmt":"2022-11-18T10:36:26","slug":"breath-the-new-science-of-a-lost-art-james-nestor","status":"publish","type":"product","link":"https:\/\/ouryogashop.com\/sv\/product\/breath-the-new-science-of-a-lost-art-james-nestor\/","title":{"rendered":"Breath : The New Science of a Lost Art &#8211; James Nestor"},"content":{"rendered":"<div class=\"wpb-content-wrapper\"><p>[vc_row][vc_column width=&#8221;1\/1&#8243;][uncode_block id=&#8221;140363&#8243;][\/vc_column][\/vc_row]<\/p>\n<\/div>","protected":false},"excerpt":{"rendered":"<h2>Breath : The New Science of a Lost Art &#8211; James Nestor<\/h2>\n<div class=\"expand\" data-lines=\"10\" data-remove-button=\"1\">\n<div class=\"expand__inner\">\n<div class=\"expand__inner-content\">\n<p><b>EN <i>NEW YORK TIMES<\/i> BESTSELLER<\/b><b>Oavsett vad du \u00e4ter, hur mycket du tr\u00e4nar, hur mager eller ung eller klok du \u00e4r, inget av det spelar roll om du inte andas ordentligt.<\/b><\/p>\n<p>Det finns inget mer viktigt f\u00f6r v\u00e5r h\u00e4lsa och v\u00e5rt v\u00e4lbefinnande \u00e4n att andas: ta luft in, sl\u00e4pp ut den, upprepa tjugofem tusen g\u00e5nger om dagen. \u00c4nd\u00e5 har m\u00e4nniskor som art tappat f\u00f6rm\u00e5gan att andas korrekt med allvarliga konsekvenser.<\/p>\n<p>Journalisten James Nestor reser v\u00e4rlden \u00f6ver f\u00f6r att ta reda p\u00e5 vad som gick fel och hur man fixar det. Svaren finns inte i pulmonologilaboratorier, som vi kan f\u00f6rv\u00e4nta oss, men i de leriga utgr\u00e4vningarna av gamla gravplatser, hemliga sovjetiska anl\u00e4ggningar, New Jersey k\u00f6rskolor och de ot\u00e4ckta gatorna i S o Paulo. Nestor sp\u00e5rar upp m\u00e4n och kvinnor som utforskar den dolda vetenskapen bakom forntida andningspraktik som Pranayama, Sudarshan Kriya och Tummo och samarbetar med pulmonala t\u00e4nkare f\u00f6r att vetenskapligt testa l\u00e5ngvariga \u00f6vertygelser om hur vi andas.<\/p>\n<p>Modern forskning visar att genom att g\u00f6ra sm\u00e5 justeringar av hur vi andas in och andas ut, s\u00e5 kan vi f\u00e5 en kickstart g\u00e4llande idrottsprestationer; att f\u00f6ryngra inre organ; stoppa snarkning, astma och autoimmun sjukdom; och till och med r\u00e4ta ut skoliotiska ryggar. Inget av detta borde vara m\u00f6jligt, och \u00e4nd\u00e5 \u00e4r det.<\/p>\n<p>Med hj\u00e4lp av tusentals \u00e5r av medicinska texter och senaste banbrytande studier inom pulmonologi, psykologi, biokemi och m\u00e4nsklig fysiologi, visar <i>Breath<\/i> den konventionella visdomen det vi trodde vi visste om v\u00e5r mest grundl\u00e4ggande biologiska funktion helt p\u00e5 huvudet. Du kommer aldrig att andas p\u00e5 samma s\u00e4tt igen.<\/p>\n<\/div>\n<\/div>\n<\/div>\n<p>Format &#8211; Pocket<\/p>\n<p>Spr\u00e5k &#8211; Engelska<\/p>\n<p>Antal sidor &#8211; 304<\/p>\n<p>Utgiven &#8211; 2020-05-01<\/p>\n<p>Storlek &#8211;<\/p>\n<p>Vikt &#8211; 499gr<\/p>\n<p>&nbsp;<\/p>\n","protected":false},"featured_media":145043,"comment_status":"open","ping_status":"closed","template":"","meta":[],"product_brand":[],"product_cat":[3074,3073],"product_tag":[3077,3157,3338],"class_list":{"0":"post-145035","1":"product","2":"type-product","3":"status-publish","4":"has-post-thumbnail","6":"product_cat-yoga-bocker","7":"product_cat-yogalitteratur","8":"product_tag-book-sv","9":"product_tag-yoga-sv","10":"product_tag-james-nestor-sv","11":"product_shipping_class-flera-produkter-sv","13":"first","14":"instock","15":"taxable","16":"shipping-taxable","17":"purchasable","18":"product-type-simple"},"yoast_head":"<!-- This site is optimized with the Yoast SEO Premium plugin v27.3 (Yoast SEO v27.4) - https:\/\/yoast.com\/product\/yoast-seo-premium-wordpress\/ -->\n<title>Breath : The New Science of a Lost Art - James Nestor - OurYogaShop<\/title>\n<meta name=\"description\" content=\"Andningen v\u00e4nder den konventionella visheten om vad vi trodde vi visste om v\u00e5r mest grundl\u00e4ggande biologiska funktion av huvudet. Du kommer aldrig att andas p\u00e5 samma s\u00e4tt igen.\" \/>\n<meta name=\"robots\" content=\"index, follow, max-snippet:-1, max-image-preview:large, max-video-preview:-1\" \/>\n<link rel=\"canonical\" href=\"https:\/\/ouryogashop.com\/sv\/product\/breath-the-new-science-of-a-lost-art-james-nestor\/\" \/>\n<meta property=\"og:locale\" content=\"sv_SE\" \/>\n<meta property=\"og:type\" content=\"article\" \/>\n<meta property=\"og:title\" content=\"Breath : The New Science of a Lost Art - James Nestor\" \/>\n<meta property=\"og:description\" content=\"Andningen v\u00e4nder den konventionella visheten om vad vi trodde vi visste om v\u00e5r mest grundl\u00e4ggande biologiska funktion av huvudet. Du kommer aldrig att andas p\u00e5 samma s\u00e4tt igen.\" \/>\n<meta property=\"og:url\" content=\"https:\/\/ouryogashop.com\/sv\/product\/breath-the-new-science-of-a-lost-art-james-nestor\/\" \/>\n<meta property=\"og:site_name\" content=\"OurYogaShop\" \/>\n<meta property=\"article:publisher\" content=\"https:\/\/www.facebook.com\/ouryogashopcom\/\" \/>\n<meta property=\"article:modified_time\" content=\"2022-11-18T10:36:26+00:00\" \/>\n<meta property=\"og:image\" content=\"https:\/\/ouryogashop.com\/wp-content\/uploads\/2020\/11\/breath-james-nestor-yellow.jpg\" \/>\n\t<meta property=\"og:image:width\" content=\"640\" \/>\n\t<meta property=\"og:image:height\" content=\"640\" \/>\n\t<meta property=\"og:image:type\" content=\"image\/jpeg\" \/>\n<meta name=\"twitter:card\" content=\"summary_large_image\" \/>\n<meta name=\"twitter:site\" content=\"@OurYogaShop\" \/>\n<meta name=\"twitter:label1\" content=\"Pris\" \/>\n\t<meta name=\"twitter:data1\" content=\"271,00&#107;&#114;\" \/>\n\t<meta name=\"twitter:label2\" content=\"Tillg\u00e4nglig\" \/>\n\t<meta name=\"twitter:data2\" content=\"I lager\" \/>\n<script type=\"application\/ld+json\" class=\"yoast-schema-graph\">{\"@context\":\"https:\\\/\\\/schema.org\",\"@graph\":[{\"@type\":\"WebPage\",\"@id\":\"https:\\\/\\\/ouryogashop.com\\\/sv\\\/product\\\/breath-the-new-science-of-a-lost-art-james-nestor\\\/\",\"url\":\"https:\\\/\\\/ouryogashop.com\\\/sv\\\/product\\\/breath-the-new-science-of-a-lost-art-james-nestor\\\/\",\"name\":\"Breath : The New Science of a Lost Art - James Nestor - OurYogaShop\",\"isPartOf\":{\"@id\":\"https:\\\/\\\/ouryogashop.com\\\/sv\\\/#website\"},\"primaryImageOfPage\":{\"@id\":\"https:\\\/\\\/ouryogashop.com\\\/sv\\\/product\\\/breath-the-new-science-of-a-lost-art-james-nestor\\\/#primaryimage\"},\"image\":{\"@id\":\"https:\\\/\\\/ouryogashop.com\\\/sv\\\/product\\\/breath-the-new-science-of-a-lost-art-james-nestor\\\/#primaryimage\"},\"thumbnailUrl\":\"https:\\\/\\\/ouryogashop.com\\\/wp-content\\\/uploads\\\/2020\\\/11\\\/breath-james-nestor-yellow.jpg\",\"datePublished\":\"2020-11-09T14:37:26+00:00\",\"dateModified\":\"2022-11-18T10:36:26+00:00\",\"description\":\"Andningen v\u00e4nder den konventionella visheten om vad vi trodde vi visste om v\u00e5r mest grundl\u00e4ggande biologiska funktion av huvudet. Du kommer aldrig att andas p\u00e5 samma s\u00e4tt igen.\",\"breadcrumb\":{\"@id\":\"https:\\\/\\\/ouryogashop.com\\\/sv\\\/product\\\/breath-the-new-science-of-a-lost-art-james-nestor\\\/#breadcrumb\"},\"inLanguage\":\"sv-SE\",\"potentialAction\":[{\"@type\":\"ReadAction\",\"target\":[\"https:\\\/\\\/ouryogashop.com\\\/sv\\\/product\\\/breath-the-new-science-of-a-lost-art-james-nestor\\\/\"]}]},{\"@type\":\"ImageObject\",\"inLanguage\":\"sv-SE\",\"@id\":\"https:\\\/\\\/ouryogashop.com\\\/sv\\\/product\\\/breath-the-new-science-of-a-lost-art-james-nestor\\\/#primaryimage\",\"url\":\"https:\\\/\\\/ouryogashop.com\\\/wp-content\\\/uploads\\\/2020\\\/11\\\/breath-james-nestor-yellow.jpg\",\"contentUrl\":\"https:\\\/\\\/ouryogashop.com\\\/wp-content\\\/uploads\\\/2020\\\/11\\\/breath-james-nestor-yellow.jpg\",\"width\":640,\"height\":640},{\"@type\":\"BreadcrumbList\",\"@id\":\"https:\\\/\\\/ouryogashop.com\\\/sv\\\/product\\\/breath-the-new-science-of-a-lost-art-james-nestor\\\/#breadcrumb\",\"itemListElement\":[{\"@type\":\"ListItem\",\"position\":1,\"name\":\"Hem\",\"item\":\"https:\\\/\\\/ouryogashop.com\\\/sv\\\/\"},{\"@type\":\"ListItem\",\"position\":2,\"name\":\"Yoga Butik\",\"item\":\"https:\\\/\\\/ouryogashop.com\\\/sv\\\/yoga-butik\\\/\"},{\"@type\":\"ListItem\",\"position\":3,\"name\":\"Yogalitteratur\",\"item\":\"https:\\\/\\\/ouryogashop.com\\\/sv\\\/produkt-kategori\\\/yogalitteratur\\\/\"},{\"@type\":\"ListItem\",\"position\":4,\"name\":\"Breath : The New Science of a Lost Art &#8211; James Nestor\"}]},{\"@type\":\"WebSite\",\"@id\":\"https:\\\/\\\/ouryogashop.com\\\/sv\\\/#website\",\"url\":\"https:\\\/\\\/ouryogashop.com\\\/sv\\\/\",\"name\":\"OurYogaShop\",\"description\":\"The best yoga mats ever!\",\"publisher\":{\"@id\":\"https:\\\/\\\/ouryogashop.com\\\/sv\\\/#organization\"},\"potentialAction\":[{\"@type\":\"SearchAction\",\"target\":{\"@type\":\"EntryPoint\",\"urlTemplate\":\"https:\\\/\\\/ouryogashop.com\\\/sv\\\/?s={search_term_string}\"},\"query-input\":{\"@type\":\"PropertyValueSpecification\",\"valueRequired\":true,\"valueName\":\"search_term_string\"}}],\"inLanguage\":\"sv-SE\"},{\"@type\":\"Organization\",\"@id\":\"https:\\\/\\\/ouryogashop.com\\\/sv\\\/#organization\",\"name\":\"OurYogaShop\",\"url\":\"https:\\\/\\\/ouryogashop.com\\\/sv\\\/\",\"logo\":{\"@type\":\"ImageObject\",\"inLanguage\":\"sv-SE\",\"@id\":\"https:\\\/\\\/ouryogashop.com\\\/sv\\\/#\\\/schema\\\/logo\\\/image\\\/\",\"url\":\"https:\\\/\\\/ouryogashop.com\\\/wp-content\\\/uploads\\\/2019\\\/05\\\/OYS-Logo.png\",\"contentUrl\":\"https:\\\/\\\/ouryogashop.com\\\/wp-content\\\/uploads\\\/2019\\\/05\\\/OYS-Logo.png\",\"width\":500,\"height\":371,\"caption\":\"OurYogaShop\"},\"image\":{\"@id\":\"https:\\\/\\\/ouryogashop.com\\\/sv\\\/#\\\/schema\\\/logo\\\/image\\\/\"},\"sameAs\":[\"https:\\\/\\\/www.facebook.com\\\/ouryogashopcom\\\/\",\"https:\\\/\\\/x.com\\\/OurYogaShop\",\"https:\\\/\\\/www.instagram.com\\\/ouryogashop\\\/\"]}]}<\/script>\n<meta property=\"product:price:amount\" content=\"271.00\" \/>\n<meta property=\"product:price:currency\" content=\"SEK\" \/>\n<meta property=\"og:availability\" content=\"instock\" \/>\n<meta property=\"product:availability\" content=\"instock\" \/>\n<meta property=\"product:retailer_item_id\" content=\"OYS20023\" \/>\n<meta property=\"product:condition\" content=\"new\" \/>\n<!-- \/ Yoast SEO Premium plugin. -->","yoast_head_json":{"title":"Breath : The New Science of a Lost Art - James Nestor - OurYogaShop","description":"Andningen v\u00e4nder den konventionella visheten om vad vi trodde vi visste om v\u00e5r mest grundl\u00e4ggande biologiska funktion av huvudet. Du kommer aldrig att andas p\u00e5 samma s\u00e4tt igen.","robots":{"index":"index","follow":"follow","max-snippet":"max-snippet:-1","max-image-preview":"max-image-preview:large","max-video-preview":"max-video-preview:-1"},"canonical":"https:\/\/ouryogashop.com\/sv\/product\/breath-the-new-science-of-a-lost-art-james-nestor\/","og_locale":"sv_SE","og_type":"article","og_title":"Breath : The New Science of a Lost Art - James Nestor","og_description":"Andningen v\u00e4nder den konventionella visheten om vad vi trodde vi visste om v\u00e5r mest grundl\u00e4ggande biologiska funktion av huvudet. Du kommer aldrig att andas p\u00e5 samma s\u00e4tt igen.","og_url":"https:\/\/ouryogashop.com\/sv\/product\/breath-the-new-science-of-a-lost-art-james-nestor\/","og_site_name":"OurYogaShop","article_publisher":"https:\/\/www.facebook.com\/ouryogashopcom\/","article_modified_time":"2022-11-18T10:36:26+00:00","og_image":[{"width":640,"height":640,"url":"https:\/\/ouryogashop.com\/wp-content\/uploads\/2020\/11\/breath-james-nestor-yellow.jpg","type":"image\/jpeg"}],"twitter_card":"summary_large_image","twitter_site":"@OurYogaShop","twitter_misc":{"Pris":"271,00&#107;&#114;","Tillg\u00e4nglig":"I lager"},"schema":{"@context":"https:\/\/schema.org","@graph":[{"@type":"WebPage","@id":"https:\/\/ouryogashop.com\/sv\/product\/breath-the-new-science-of-a-lost-art-james-nestor\/","url":"https:\/\/ouryogashop.com\/sv\/product\/breath-the-new-science-of-a-lost-art-james-nestor\/","name":"Breath : The New Science of a Lost Art - James Nestor - OurYogaShop","isPartOf":{"@id":"https:\/\/ouryogashop.com\/sv\/#website"},"primaryImageOfPage":{"@id":"https:\/\/ouryogashop.com\/sv\/product\/breath-the-new-science-of-a-lost-art-james-nestor\/#primaryimage"},"image":{"@id":"https:\/\/ouryogashop.com\/sv\/product\/breath-the-new-science-of-a-lost-art-james-nestor\/#primaryimage"},"thumbnailUrl":"https:\/\/ouryogashop.com\/wp-content\/uploads\/2020\/11\/breath-james-nestor-yellow.jpg","datePublished":"2020-11-09T14:37:26+00:00","dateModified":"2022-11-18T10:36:26+00:00","description":"Andningen v\u00e4nder den konventionella visheten om vad vi trodde vi visste om v\u00e5r mest grundl\u00e4ggande biologiska funktion av huvudet. Du kommer aldrig att andas p\u00e5 samma s\u00e4tt igen.","breadcrumb":{"@id":"https:\/\/ouryogashop.com\/sv\/product\/breath-the-new-science-of-a-lost-art-james-nestor\/#breadcrumb"},"inLanguage":"sv-SE","potentialAction":[{"@type":"ReadAction","target":["https:\/\/ouryogashop.com\/sv\/product\/breath-the-new-science-of-a-lost-art-james-nestor\/"]}]},{"@type":"ImageObject","inLanguage":"sv-SE","@id":"https:\/\/ouryogashop.com\/sv\/product\/breath-the-new-science-of-a-lost-art-james-nestor\/#primaryimage","url":"https:\/\/ouryogashop.com\/wp-content\/uploads\/2020\/11\/breath-james-nestor-yellow.jpg","contentUrl":"https:\/\/ouryogashop.com\/wp-content\/uploads\/2020\/11\/breath-james-nestor-yellow.jpg","width":640,"height":640},{"@type":"BreadcrumbList","@id":"https:\/\/ouryogashop.com\/sv\/product\/breath-the-new-science-of-a-lost-art-james-nestor\/#breadcrumb","itemListElement":[{"@type":"ListItem","position":1,"name":"Hem","item":"https:\/\/ouryogashop.com\/sv\/"},{"@type":"ListItem","position":2,"name":"Yoga Butik","item":"https:\/\/ouryogashop.com\/sv\/yoga-butik\/"},{"@type":"ListItem","position":3,"name":"Yogalitteratur","item":"https:\/\/ouryogashop.com\/sv\/produkt-kategori\/yogalitteratur\/"},{"@type":"ListItem","position":4,"name":"Breath : The New Science of a Lost Art &#8211; James Nestor"}]},{"@type":"WebSite","@id":"https:\/\/ouryogashop.com\/sv\/#website","url":"https:\/\/ouryogashop.com\/sv\/","name":"OurYogaShop","description":"The best yoga mats ever!","publisher":{"@id":"https:\/\/ouryogashop.com\/sv\/#organization"},"potentialAction":[{"@type":"SearchAction","target":{"@type":"EntryPoint","urlTemplate":"https:\/\/ouryogashop.com\/sv\/?s={search_term_string}"},"query-input":{"@type":"PropertyValueSpecification","valueRequired":true,"valueName":"search_term_string"}}],"inLanguage":"sv-SE"},{"@type":"Organization","@id":"https:\/\/ouryogashop.com\/sv\/#organization","name":"OurYogaShop","url":"https:\/\/ouryogashop.com\/sv\/","logo":{"@type":"ImageObject","inLanguage":"sv-SE","@id":"https:\/\/ouryogashop.com\/sv\/#\/schema\/logo\/image\/","url":"https:\/\/ouryogashop.com\/wp-content\/uploads\/2019\/05\/OYS-Logo.png","contentUrl":"https:\/\/ouryogashop.com\/wp-content\/uploads\/2019\/05\/OYS-Logo.png","width":500,"height":371,"caption":"OurYogaShop"},"image":{"@id":"https:\/\/ouryogashop.com\/sv\/#\/schema\/logo\/image\/"},"sameAs":["https:\/\/www.facebook.com\/ouryogashopcom\/","https:\/\/x.com\/OurYogaShop","https:\/\/www.instagram.com\/ouryogashop\/"]}]},"product_price_amount":"271.00","product_price_currency":"SEK","og_availability":"instock","product_availability":"instock","product_retailer_item_id":"OYS20023","product_condition":"new"},"_links":{"self":[{"href":"https:\/\/ouryogashop.com\/sv\/wp-json\/wp\/v2\/product\/145035","targetHints":{"allow":["GET"]}}],"collection":[{"href":"https:\/\/ouryogashop.com\/sv\/wp-json\/wp\/v2\/product"}],"about":[{"href":"https:\/\/ouryogashop.com\/sv\/wp-json\/wp\/v2\/types\/product"}],"replies":[{"embeddable":true,"href":"https:\/\/ouryogashop.com\/sv\/wp-json\/wp\/v2\/comments?post=145035"}],"wp:featuredmedia":[{"embeddable":true,"href":"https:\/\/ouryogashop.com\/sv\/wp-json\/wp\/v2\/media\/145043"}],"wp:attachment":[{"href":"https:\/\/ouryogashop.com\/sv\/wp-json\/wp\/v2\/media?parent=145035"}],"wp:term":[{"taxonomy":"product_brand","embeddable":true,"href":"https:\/\/ouryogashop.com\/sv\/wp-json\/wp\/v2\/product_brand?post=145035"},{"taxonomy":"product_cat","embeddable":true,"href":"https:\/\/ouryogashop.com\/sv\/wp-json\/wp\/v2\/product_cat?post=145035"},{"taxonomy":"product_tag","embeddable":true,"href":"https:\/\/ouryogashop.com\/sv\/wp-json\/wp\/v2\/product_tag?post=145035"}],"curies":[{"name":"wp","href":"https:\/\/api.w.org\/{rel}","templated":true}]}}