{"id":145047,"date":"2020-11-09T17:16:02","date_gmt":"2020-11-09T15:16:02","guid":{"rendered":"https:\/\/ouryogashop.com\/?post_type=product&#038;p=145047"},"modified":"2024-11-20T12:48:46","modified_gmt":"2024-11-20T10:48:46","slug":"one-simple-thing-eddie-stern","status":"publish","type":"product","link":"https:\/\/ouryogashop.com\/sv\/product\/one-simple-thing-eddie-stern\/","title":{"rendered":"One Simple Thing &#8211; Eddie Stern"},"content":{"rendered":"<div class=\"wpb-content-wrapper\"><p>[vc_row][vc_column width=&#8221;1\/1&#8243;][uncode_block id=&#8221;140363&#8243;][\/vc_column][\/vc_row]<\/p>\n<\/div>","protected":false},"excerpt":{"rendered":"<h2>One Simple Thing &#8211; Eddie Stern<\/h2>\n<div class=\"expand\" data-lines=\"10\" data-remove-button=\"1\">\n<div class=\"expand__inner\">\n<div class=\"expand__inner-content\">\n<p>Yoga skapades som en vetenskap f\u00f6r befrielse, men i modern tid anv\u00e4nds den av m\u00e5nga f\u00f6r att f\u00f6rb\u00e4ttra fysisk och mental h\u00e4lsa, vilket hj\u00e4lper oss att bli mer produktiva p\u00e5 jobbet, mer omt\u00e4nksam i relationer, mer ansvarsfulla bidragsgivare till samh\u00e4llet och b\u00e4ttre inv\u00e5nare p\u00e5 denna planet . Om yoga uppn\u00e5r allt detta &#8211; s\u00e5 m\u00e5nga ut\u00f6vare rapporterar &#8211; hur g\u00f6r yoga det exakt? Hur fungerar yoga? Tro det eller inte, svaren ligger i hur m\u00e4nniskokroppen och sinnet fungerar. Eddie Sterns One Simple Thing: A New Look on the Science of Yoga and How It Can Transform Your Life f\u00f6rklarar ur b\u00e5de ett yogiskt och ett vetenskapligt perspektiv hur det m\u00e4nskliga nervsystemet \u00e4r kopplat. Den beskriver mekaniken som \u00e4ger rum under kroppens yta och visar hur vi medvetet kan anv\u00e4nda yogiska metoder f\u00f6r att styra och f\u00f6r\u00e4ndra v\u00e5ra liv p\u00e5 positiva s\u00e4tt.<\/p>\n<\/div>\n<\/div>\n<\/div>\n<p>Format &#8211; Pocket<\/p>\n<p>Spr\u00e5k &#8211; Engelska<\/p>\n<p>Antal sidor &#8211; 320<\/p>\n<p>Utgiven &#8211; 2019-03-01<\/p>\n<p>Storlek &#8211;<\/p>\n<p>Vikt &#8211; 374gr<\/p>\n<p>&nbsp;<\/p>\n","protected":false},"featured_media":145049,"comment_status":"open","ping_status":"closed","template":"","meta":[],"product_brand":[],"product_cat":[3074,3073],"product_tag":[3077,3157,3340],"class_list":{"0":"post-145047","1":"product","2":"type-product","3":"status-publish","4":"has-post-thumbnail","6":"product_cat-yoga-bocker","7":"product_cat-yogalitteratur","8":"product_tag-book-sv","9":"product_tag-yoga-sv","10":"product_tag-eddie-stern-sv","11":"product_shipping_class-flera-produkter-sv","13":"first","14":"instock","15":"taxable","16":"shipping-taxable","17":"purchasable","18":"product-type-simple"},"yoast_head":"<!-- This site is optimized with the Yoast SEO Premium plugin v27.5 (Yoast SEO v27.5) - https:\/\/yoast.com\/product\/yoast-seo-premium-wordpress\/ -->\n<title>One Simple Thing - Eddie Stern - OurYogaShop<\/title>\n<meta name=\"description\" content=\"Om yoga uppn\u00e5r allt detta - s\u00e5 m\u00e5nga ut\u00f6vare rapporterar - hur g\u00f6r yoga det exakt? Hur fungerar det?\" \/>\n<meta name=\"robots\" content=\"index, follow, max-snippet:-1, max-image-preview:large, max-video-preview:-1\" \/>\n<link rel=\"canonical\" href=\"https:\/\/ouryogashop.com\/sv\/product\/one-simple-thing-eddie-stern\/\" \/>\n<meta property=\"og:locale\" content=\"sv_SE\" \/>\n<meta property=\"og:type\" content=\"article\" \/>\n<meta property=\"og:title\" content=\"One Simple Thing - Eddie Stern\" \/>\n<meta property=\"og:description\" content=\"Om yoga uppn\u00e5r allt detta - s\u00e5 m\u00e5nga ut\u00f6vare rapporterar - hur g\u00f6r yoga det exakt? Hur fungerar det?\" \/>\n<meta property=\"og:url\" content=\"https:\/\/ouryogashop.com\/sv\/product\/one-simple-thing-eddie-stern\/\" \/>\n<meta property=\"og:site_name\" content=\"OurYogaShop\" \/>\n<meta property=\"article:publisher\" content=\"https:\/\/www.facebook.com\/ouryogashopcom\/\" \/>\n<meta property=\"article:modified_time\" content=\"2024-11-20T10:48:46+00:00\" \/>\n<meta property=\"og:image\" content=\"https:\/\/ouryogashop.com\/wp-content\/uploads\/2020\/11\/one-simple-thing-768x768-1.jpg\" \/>\n\t<meta property=\"og:image:width\" content=\"768\" \/>\n\t<meta property=\"og:image:height\" content=\"768\" \/>\n\t<meta property=\"og:image:type\" content=\"image\/jpeg\" \/>\n<meta name=\"twitter:card\" content=\"summary_large_image\" \/>\n<meta name=\"twitter:site\" content=\"@OurYogaShop\" \/>\n<meta name=\"twitter:label1\" content=\"Pris\" \/>\n\t<meta name=\"twitter:data1\" content=\"216,00&#107;&#114;\" \/>\n\t<meta name=\"twitter:label2\" content=\"Tillg\u00e4nglig\" \/>\n\t<meta name=\"twitter:data2\" content=\"I lager\" \/>\n<script type=\"application\/ld+json\" class=\"yoast-schema-graph\">{\"@context\":\"https:\\\/\\\/schema.org\",\"@graph\":[{\"@type\":\"WebPage\",\"@id\":\"https:\\\/\\\/ouryogashop.com\\\/sv\\\/product\\\/one-simple-thing-eddie-stern\\\/\",\"url\":\"https:\\\/\\\/ouryogashop.com\\\/sv\\\/product\\\/one-simple-thing-eddie-stern\\\/\",\"name\":\"One Simple Thing - Eddie Stern - OurYogaShop\",\"isPartOf\":{\"@id\":\"https:\\\/\\\/ouryogashop.com\\\/sv\\\/#website\"},\"primaryImageOfPage\":{\"@id\":\"https:\\\/\\\/ouryogashop.com\\\/sv\\\/product\\\/one-simple-thing-eddie-stern\\\/#primaryimage\"},\"image\":{\"@id\":\"https:\\\/\\\/ouryogashop.com\\\/sv\\\/product\\\/one-simple-thing-eddie-stern\\\/#primaryimage\"},\"thumbnailUrl\":\"https:\\\/\\\/ouryogashop.com\\\/wp-content\\\/uploads\\\/2020\\\/11\\\/one-simple-thing-768x768-1.jpg\",\"datePublished\":\"2020-11-09T15:16:02+00:00\",\"dateModified\":\"2024-11-20T10:48:46+00:00\",\"description\":\"Om yoga uppn\u00e5r allt detta - s\u00e5 m\u00e5nga ut\u00f6vare rapporterar - hur g\u00f6r yoga det exakt? Hur fungerar det?\",\"breadcrumb\":{\"@id\":\"https:\\\/\\\/ouryogashop.com\\\/sv\\\/product\\\/one-simple-thing-eddie-stern\\\/#breadcrumb\"},\"inLanguage\":\"sv-SE\",\"potentialAction\":[{\"@type\":\"ReadAction\",\"target\":[\"https:\\\/\\\/ouryogashop.com\\\/sv\\\/product\\\/one-simple-thing-eddie-stern\\\/\"]}]},{\"@type\":\"ImageObject\",\"inLanguage\":\"sv-SE\",\"@id\":\"https:\\\/\\\/ouryogashop.com\\\/sv\\\/product\\\/one-simple-thing-eddie-stern\\\/#primaryimage\",\"url\":\"https:\\\/\\\/ouryogashop.com\\\/wp-content\\\/uploads\\\/2020\\\/11\\\/one-simple-thing-768x768-1.jpg\",\"contentUrl\":\"https:\\\/\\\/ouryogashop.com\\\/wp-content\\\/uploads\\\/2020\\\/11\\\/one-simple-thing-768x768-1.jpg\",\"width\":768,\"height\":768,\"caption\":\"One Simple Thing - Eddie Stern\"},{\"@type\":\"BreadcrumbList\",\"@id\":\"https:\\\/\\\/ouryogashop.com\\\/sv\\\/product\\\/one-simple-thing-eddie-stern\\\/#breadcrumb\",\"itemListElement\":[{\"@type\":\"ListItem\",\"position\":1,\"name\":\"Hem\",\"item\":\"https:\\\/\\\/ouryogashop.com\\\/sv\\\/\"},{\"@type\":\"ListItem\",\"position\":2,\"name\":\"Yoga Butik\",\"item\":\"https:\\\/\\\/ouryogashop.com\\\/sv\\\/yoga-butik\\\/\"},{\"@type\":\"ListItem\",\"position\":3,\"name\":\"Yogalitteratur\",\"item\":\"https:\\\/\\\/ouryogashop.com\\\/sv\\\/produkt-kategori\\\/yogalitteratur\\\/\"},{\"@type\":\"ListItem\",\"position\":4,\"name\":\"One Simple Thing &#8211; Eddie Stern\"}]},{\"@type\":\"WebSite\",\"@id\":\"https:\\\/\\\/ouryogashop.com\\\/sv\\\/#website\",\"url\":\"https:\\\/\\\/ouryogashop.com\\\/sv\\\/\",\"name\":\"OurYogaShop\",\"description\":\"The best yoga mats ever!\",\"publisher\":{\"@id\":\"https:\\\/\\\/ouryogashop.com\\\/sv\\\/#organization\"},\"potentialAction\":[{\"@type\":\"SearchAction\",\"target\":{\"@type\":\"EntryPoint\",\"urlTemplate\":\"https:\\\/\\\/ouryogashop.com\\\/sv\\\/?s={search_term_string}\"},\"query-input\":{\"@type\":\"PropertyValueSpecification\",\"valueRequired\":true,\"valueName\":\"search_term_string\"}}],\"inLanguage\":\"sv-SE\"},{\"@type\":\"Organization\",\"@id\":\"https:\\\/\\\/ouryogashop.com\\\/sv\\\/#organization\",\"name\":\"OurYogaShop\",\"url\":\"https:\\\/\\\/ouryogashop.com\\\/sv\\\/\",\"logo\":{\"@type\":\"ImageObject\",\"inLanguage\":\"sv-SE\",\"@id\":\"https:\\\/\\\/ouryogashop.com\\\/sv\\\/#\\\/schema\\\/logo\\\/image\\\/\",\"url\":\"https:\\\/\\\/ouryogashop.com\\\/wp-content\\\/uploads\\\/2019\\\/05\\\/OYS-Logo.png\",\"contentUrl\":\"https:\\\/\\\/ouryogashop.com\\\/wp-content\\\/uploads\\\/2019\\\/05\\\/OYS-Logo.png\",\"width\":500,\"height\":371,\"caption\":\"OurYogaShop\"},\"image\":{\"@id\":\"https:\\\/\\\/ouryogashop.com\\\/sv\\\/#\\\/schema\\\/logo\\\/image\\\/\"},\"sameAs\":[\"https:\\\/\\\/www.facebook.com\\\/ouryogashopcom\\\/\",\"https:\\\/\\\/x.com\\\/OurYogaShop\",\"https:\\\/\\\/www.instagram.com\\\/ouryogashop\\\/\"]}]}<\/script>\n<meta property=\"product:price:amount\" content=\"216.00\" \/>\n<meta property=\"product:price:currency\" content=\"SEK\" \/>\n<meta property=\"og:availability\" content=\"instock\" \/>\n<meta property=\"product:availability\" content=\"instock\" \/>\n<meta property=\"product:retailer_item_id\" content=\"OYS20024\" \/>\n<meta property=\"product:condition\" content=\"new\" \/>\n<!-- \/ Yoast SEO Premium plugin. -->","yoast_head_json":{"title":"One Simple Thing - Eddie Stern - OurYogaShop","description":"Om yoga uppn\u00e5r allt detta - s\u00e5 m\u00e5nga ut\u00f6vare rapporterar - hur g\u00f6r yoga det exakt? Hur fungerar det?","robots":{"index":"index","follow":"follow","max-snippet":"max-snippet:-1","max-image-preview":"max-image-preview:large","max-video-preview":"max-video-preview:-1"},"canonical":"https:\/\/ouryogashop.com\/sv\/product\/one-simple-thing-eddie-stern\/","og_locale":"sv_SE","og_type":"article","og_title":"One Simple Thing - Eddie Stern","og_description":"Om yoga uppn\u00e5r allt detta - s\u00e5 m\u00e5nga ut\u00f6vare rapporterar - hur g\u00f6r yoga det exakt? Hur fungerar det?","og_url":"https:\/\/ouryogashop.com\/sv\/product\/one-simple-thing-eddie-stern\/","og_site_name":"OurYogaShop","article_publisher":"https:\/\/www.facebook.com\/ouryogashopcom\/","article_modified_time":"2024-11-20T10:48:46+00:00","og_image":[{"width":768,"height":768,"url":"https:\/\/ouryogashop.com\/wp-content\/uploads\/2020\/11\/one-simple-thing-768x768-1.jpg","type":"image\/jpeg"}],"twitter_card":"summary_large_image","twitter_site":"@OurYogaShop","twitter_misc":{"Pris":"216,00&#107;&#114;","Tillg\u00e4nglig":"I lager"},"schema":{"@context":"https:\/\/schema.org","@graph":[{"@type":"WebPage","@id":"https:\/\/ouryogashop.com\/sv\/product\/one-simple-thing-eddie-stern\/","url":"https:\/\/ouryogashop.com\/sv\/product\/one-simple-thing-eddie-stern\/","name":"One Simple Thing - Eddie Stern - OurYogaShop","isPartOf":{"@id":"https:\/\/ouryogashop.com\/sv\/#website"},"primaryImageOfPage":{"@id":"https:\/\/ouryogashop.com\/sv\/product\/one-simple-thing-eddie-stern\/#primaryimage"},"image":{"@id":"https:\/\/ouryogashop.com\/sv\/product\/one-simple-thing-eddie-stern\/#primaryimage"},"thumbnailUrl":"https:\/\/ouryogashop.com\/wp-content\/uploads\/2020\/11\/one-simple-thing-768x768-1.jpg","datePublished":"2020-11-09T15:16:02+00:00","dateModified":"2024-11-20T10:48:46+00:00","description":"Om yoga uppn\u00e5r allt detta - s\u00e5 m\u00e5nga ut\u00f6vare rapporterar - hur g\u00f6r yoga det exakt? Hur fungerar det?","breadcrumb":{"@id":"https:\/\/ouryogashop.com\/sv\/product\/one-simple-thing-eddie-stern\/#breadcrumb"},"inLanguage":"sv-SE","potentialAction":[{"@type":"ReadAction","target":["https:\/\/ouryogashop.com\/sv\/product\/one-simple-thing-eddie-stern\/"]}]},{"@type":"ImageObject","inLanguage":"sv-SE","@id":"https:\/\/ouryogashop.com\/sv\/product\/one-simple-thing-eddie-stern\/#primaryimage","url":"https:\/\/ouryogashop.com\/wp-content\/uploads\/2020\/11\/one-simple-thing-768x768-1.jpg","contentUrl":"https:\/\/ouryogashop.com\/wp-content\/uploads\/2020\/11\/one-simple-thing-768x768-1.jpg","width":768,"height":768,"caption":"One Simple Thing - Eddie Stern"},{"@type":"BreadcrumbList","@id":"https:\/\/ouryogashop.com\/sv\/product\/one-simple-thing-eddie-stern\/#breadcrumb","itemListElement":[{"@type":"ListItem","position":1,"name":"Hem","item":"https:\/\/ouryogashop.com\/sv\/"},{"@type":"ListItem","position":2,"name":"Yoga Butik","item":"https:\/\/ouryogashop.com\/sv\/yoga-butik\/"},{"@type":"ListItem","position":3,"name":"Yogalitteratur","item":"https:\/\/ouryogashop.com\/sv\/produkt-kategori\/yogalitteratur\/"},{"@type":"ListItem","position":4,"name":"One Simple Thing &#8211; Eddie Stern"}]},{"@type":"WebSite","@id":"https:\/\/ouryogashop.com\/sv\/#website","url":"https:\/\/ouryogashop.com\/sv\/","name":"OurYogaShop","description":"The best yoga mats ever!","publisher":{"@id":"https:\/\/ouryogashop.com\/sv\/#organization"},"potentialAction":[{"@type":"SearchAction","target":{"@type":"EntryPoint","urlTemplate":"https:\/\/ouryogashop.com\/sv\/?s={search_term_string}"},"query-input":{"@type":"PropertyValueSpecification","valueRequired":true,"valueName":"search_term_string"}}],"inLanguage":"sv-SE"},{"@type":"Organization","@id":"https:\/\/ouryogashop.com\/sv\/#organization","name":"OurYogaShop","url":"https:\/\/ouryogashop.com\/sv\/","logo":{"@type":"ImageObject","inLanguage":"sv-SE","@id":"https:\/\/ouryogashop.com\/sv\/#\/schema\/logo\/image\/","url":"https:\/\/ouryogashop.com\/wp-content\/uploads\/2019\/05\/OYS-Logo.png","contentUrl":"https:\/\/ouryogashop.com\/wp-content\/uploads\/2019\/05\/OYS-Logo.png","width":500,"height":371,"caption":"OurYogaShop"},"image":{"@id":"https:\/\/ouryogashop.com\/sv\/#\/schema\/logo\/image\/"},"sameAs":["https:\/\/www.facebook.com\/ouryogashopcom\/","https:\/\/x.com\/OurYogaShop","https:\/\/www.instagram.com\/ouryogashop\/"]}]},"product_price_amount":"216.00","product_price_currency":"SEK","og_availability":"instock","product_availability":"instock","product_retailer_item_id":"OYS20024","product_condition":"new"},"_links":{"self":[{"href":"https:\/\/ouryogashop.com\/sv\/wp-json\/wp\/v2\/product\/145047","targetHints":{"allow":["GET"]}}],"collection":[{"href":"https:\/\/ouryogashop.com\/sv\/wp-json\/wp\/v2\/product"}],"about":[{"href":"https:\/\/ouryogashop.com\/sv\/wp-json\/wp\/v2\/types\/product"}],"replies":[{"embeddable":true,"href":"https:\/\/ouryogashop.com\/sv\/wp-json\/wp\/v2\/comments?post=145047"}],"wp:featuredmedia":[{"embeddable":true,"href":"https:\/\/ouryogashop.com\/sv\/wp-json\/wp\/v2\/media\/145049"}],"wp:attachment":[{"href":"https:\/\/ouryogashop.com\/sv\/wp-json\/wp\/v2\/media?parent=145047"}],"wp:term":[{"taxonomy":"product_brand","embeddable":true,"href":"https:\/\/ouryogashop.com\/sv\/wp-json\/wp\/v2\/product_brand?post=145047"},{"taxonomy":"product_cat","embeddable":true,"href":"https:\/\/ouryogashop.com\/sv\/wp-json\/wp\/v2\/product_cat?post=145047"},{"taxonomy":"product_tag","embeddable":true,"href":"https:\/\/ouryogashop.com\/sv\/wp-json\/wp\/v2\/product_tag?post=145047"}],"curies":[{"name":"wp","href":"https:\/\/api.w.org\/{rel}","templated":true}]}}