{"id":145105,"date":"2020-11-11T10:05:56","date_gmt":"2020-11-11T08:05:56","guid":{"rendered":"https:\/\/ouryogashop.com\/?post_type=product&#038;p=145105"},"modified":"2026-02-01T00:04:50","modified_gmt":"2026-01-31T22:04:50","slug":"ogonkudde-senapsfro-lavendel-vit","status":"publish","type":"product","link":"https:\/\/ouryogashop.com\/sv\/product\/ogonkudde-senapsfro-lavendel-vit\/","title":{"rendered":"\u00d6gonkudde Senapsfr\u00f6 &amp; Lavendel Vit"},"content":{"rendered":"<div class=\"wpb-content-wrapper\"><p>[vc_row][vc_column width=&#8221;1\/1&#8243;][uncode_block id=&#8221;139866&#8243;][\/vc_column][\/vc_row][vc_row][vc_column width=&#8221;1\/1&#8243;][uncode_block id=&#8221;139872&#8243;][\/vc_column][\/vc_row][vc_row][vc_column width=&#8221;1\/1&#8243;][uncode_block id=&#8221;139968&#8243;][\/vc_column][\/vc_row][vc_row][vc_column width=&#8221;1\/1&#8243;][uncode_block id=&#8221;87608&#8243;][\/vc_column][\/vc_row]<\/p>\n<\/div>","protected":false},"excerpt":{"rendered":"<p>Fr\u00e5n OOO kommer en fantastisk, ekologisk &amp; handgjord \u00f6gonkudde. Den \u00e4r fylld med det h\u00e4lsosamma materialet senapsfr\u00f6. Senapsfr\u00f6 \u00e4r 100% naturligt och intressant p\u00e5 m\u00e5nga s\u00e4tt som man inte f\u00e5r skriva om p\u00e5 n\u00e4tet. Denna \u00f6gonkudde ger en sk\u00f6n k\u00e4nsla i ansiktet och h\u00e5ller ljuset ute s\u00e5 att du kan f\u00e5 en sk\u00f6n avkoppling. Den h\u00e4r har ocks\u00e5 en doft fr\u00e5n lavendel f\u00f6r att g\u00f6ra k\u00e4nslan \u00e4nnu mer fantastisk.<\/p>\n","protected":false},"featured_media":145612,"comment_status":"open","ping_status":"closed","template":"","meta":[],"product_brand":[],"product_cat":[379,3031],"product_tag":[3033,1906,3041,3042,3043,3054],"class_list":{"0":"post-145105","1":"product","2":"type-product","3":"status-publish","4":"has-post-thumbnail","6":"product_cat-ooo-sv","7":"product_cat-ogonkudde","8":"product_tag-ogonkudde","9":"product_tag-ooo-sv","10":"product_tag-senapsfro","11":"product_tag-lavendeldoft","12":"product_tag-ogonkudde-sv","13":"product_tag-vit","14":"product_shipping_class-flera-produkter-sv","15":"pa_length-group-25-sv","16":"pa_length-group-25cm-sv","17":"pa_material-bomull","18":"pa_material-senapsfro","19":"pa_material-lavendelolja-sv","20":"pa_product-type-ecologic-cotton-sv","21":"pa_product-type-ogonkudde","22":"pa_thick-group-1cm-sv","23":"pa_weight-group-0-1-kg-sv","24":"pa_width-group-12cm-sv","26":"first","27":"instock","28":"sale","29":"taxable","30":"shipping-taxable","31":"purchasable","32":"product-type-simple"},"yoast_head":"<!-- This site is optimized with the Yoast SEO Premium plugin v27.3 (Yoast SEO v27.4) - https:\/\/yoast.com\/product\/yoast-seo-premium-wordpress\/ -->\n<title>\u00d6gonkudde Senapsfr\u00f6 &amp; Lavendel Vit - OOO - OurYogaShop<\/title>\n<meta name=\"description\" content=\"Fr\u00e5n OOO kommer en fantastisk, ekologisk och handgjord \u00f6gonkudde som \u00e4r fylld med senapsfr\u00f6n. Senapsfr\u00f6 \u00e4r intressant p\u00e5 m\u00e5nga s\u00e4tt.\" \/>\n<meta name=\"robots\" content=\"index, follow, max-snippet:-1, max-image-preview:large, max-video-preview:-1\" \/>\n<link rel=\"canonical\" href=\"https:\/\/ouryogashop.com\/sv\/product\/ogonkudde-senapsfro-lavendel-vit\/\" \/>\n<meta property=\"og:locale\" content=\"sv_SE\" \/>\n<meta property=\"og:type\" content=\"article\" \/>\n<meta property=\"og:title\" content=\"\u00d6gonkudde Senapsfr\u00f6 &amp; Lavendel Vit\" \/>\n<meta property=\"og:description\" content=\"Fr\u00e5n OOO kommer en fantastisk, ekologisk och handgjord \u00f6gonkudde som \u00e4r fylld med senapsfr\u00f6n. Senapsfr\u00f6 \u00e4r intressant p\u00e5 m\u00e5nga s\u00e4tt.\" \/>\n<meta property=\"og:url\" content=\"https:\/\/ouryogashop.com\/sv\/product\/ogonkudde-senapsfro-lavendel-vit\/\" \/>\n<meta property=\"og:site_name\" content=\"OurYogaShop\" \/>\n<meta property=\"article:publisher\" content=\"https:\/\/www.facebook.com\/ouryogashopcom\/\" \/>\n<meta property=\"article:modified_time\" content=\"2026-01-31T22:04:50+00:00\" \/>\n<meta property=\"og:image\" content=\"https:\/\/ouryogashop.com\/wp-content\/uploads\/2020\/11\/OOO-Eye-Pad-White.jpg\" \/>\n\t<meta property=\"og:image:width\" content=\"640\" \/>\n\t<meta property=\"og:image:height\" content=\"640\" \/>\n\t<meta property=\"og:image:type\" content=\"image\/jpeg\" \/>\n<meta name=\"twitter:card\" content=\"summary_large_image\" \/>\n<meta name=\"twitter:site\" content=\"@OurYogaShop\" \/>\n<meta name=\"twitter:label1\" content=\"Pris\" \/>\n\t<meta name=\"twitter:data1\" content=\"159,00&#107;&#114;\" \/>\n\t<meta name=\"twitter:label2\" content=\"Tillg\u00e4nglig\" \/>\n\t<meta name=\"twitter:data2\" content=\"I lager\" \/>\n<script type=\"application\/ld+json\" class=\"yoast-schema-graph\">{\"@context\":\"https:\\\/\\\/schema.org\",\"@graph\":[{\"@type\":\"WebPage\",\"@id\":\"https:\\\/\\\/ouryogashop.com\\\/sv\\\/product\\\/ogonkudde-senapsfro-lavendel-vit\\\/\",\"url\":\"https:\\\/\\\/ouryogashop.com\\\/sv\\\/product\\\/ogonkudde-senapsfro-lavendel-vit\\\/\",\"name\":\"\u00d6gonkudde Senapsfr\u00f6 & Lavendel Vit - OOO - OurYogaShop\",\"isPartOf\":{\"@id\":\"https:\\\/\\\/ouryogashop.com\\\/sv\\\/#website\"},\"primaryImageOfPage\":{\"@id\":\"https:\\\/\\\/ouryogashop.com\\\/sv\\\/product\\\/ogonkudde-senapsfro-lavendel-vit\\\/#primaryimage\"},\"image\":{\"@id\":\"https:\\\/\\\/ouryogashop.com\\\/sv\\\/product\\\/ogonkudde-senapsfro-lavendel-vit\\\/#primaryimage\"},\"thumbnailUrl\":\"https:\\\/\\\/ouryogashop.com\\\/wp-content\\\/uploads\\\/2020\\\/11\\\/OOO-Eye-Pad-White.jpg\",\"datePublished\":\"2020-11-11T08:05:56+00:00\",\"dateModified\":\"2026-01-31T22:04:50+00:00\",\"description\":\"Fr\u00e5n OOO kommer en fantastisk, ekologisk och handgjord \u00f6gonkudde som \u00e4r fylld med senapsfr\u00f6n. Senapsfr\u00f6 \u00e4r intressant p\u00e5 m\u00e5nga s\u00e4tt.\",\"breadcrumb\":{\"@id\":\"https:\\\/\\\/ouryogashop.com\\\/sv\\\/product\\\/ogonkudde-senapsfro-lavendel-vit\\\/#breadcrumb\"},\"inLanguage\":\"sv-SE\",\"potentialAction\":[{\"@type\":\"ReadAction\",\"target\":[\"https:\\\/\\\/ouryogashop.com\\\/sv\\\/product\\\/ogonkudde-senapsfro-lavendel-vit\\\/\"]}]},{\"@type\":\"ImageObject\",\"inLanguage\":\"sv-SE\",\"@id\":\"https:\\\/\\\/ouryogashop.com\\\/sv\\\/product\\\/ogonkudde-senapsfro-lavendel-vit\\\/#primaryimage\",\"url\":\"https:\\\/\\\/ouryogashop.com\\\/wp-content\\\/uploads\\\/2020\\\/11\\\/OOO-Eye-Pad-White.jpg\",\"contentUrl\":\"https:\\\/\\\/ouryogashop.com\\\/wp-content\\\/uploads\\\/2020\\\/11\\\/OOO-Eye-Pad-White.jpg\",\"width\":640,\"height\":640},{\"@type\":\"BreadcrumbList\",\"@id\":\"https:\\\/\\\/ouryogashop.com\\\/sv\\\/product\\\/ogonkudde-senapsfro-lavendel-vit\\\/#breadcrumb\",\"itemListElement\":[{\"@type\":\"ListItem\",\"position\":1,\"name\":\"Hem\",\"item\":\"https:\\\/\\\/ouryogashop.com\\\/sv\\\/\"},{\"@type\":\"ListItem\",\"position\":2,\"name\":\"Yoga Butik\",\"item\":\"https:\\\/\\\/ouryogashop.com\\\/sv\\\/yoga-butik\\\/\"},{\"@type\":\"ListItem\",\"position\":3,\"name\":\"OOO\",\"item\":\"https:\\\/\\\/ouryogashop.com\\\/sv\\\/produkt-kategori\\\/ooo-sv\\\/\"},{\"@type\":\"ListItem\",\"position\":4,\"name\":\"\u00d6gonkudde Senapsfr\u00f6 &amp; Lavendel Vit\"}]},{\"@type\":\"WebSite\",\"@id\":\"https:\\\/\\\/ouryogashop.com\\\/sv\\\/#website\",\"url\":\"https:\\\/\\\/ouryogashop.com\\\/sv\\\/\",\"name\":\"OurYogaShop\",\"description\":\"The best yoga mats ever!\",\"publisher\":{\"@id\":\"https:\\\/\\\/ouryogashop.com\\\/sv\\\/#organization\"},\"potentialAction\":[{\"@type\":\"SearchAction\",\"target\":{\"@type\":\"EntryPoint\",\"urlTemplate\":\"https:\\\/\\\/ouryogashop.com\\\/sv\\\/?s={search_term_string}\"},\"query-input\":{\"@type\":\"PropertyValueSpecification\",\"valueRequired\":true,\"valueName\":\"search_term_string\"}}],\"inLanguage\":\"sv-SE\"},{\"@type\":\"Organization\",\"@id\":\"https:\\\/\\\/ouryogashop.com\\\/sv\\\/#organization\",\"name\":\"OurYogaShop\",\"url\":\"https:\\\/\\\/ouryogashop.com\\\/sv\\\/\",\"logo\":{\"@type\":\"ImageObject\",\"inLanguage\":\"sv-SE\",\"@id\":\"https:\\\/\\\/ouryogashop.com\\\/sv\\\/#\\\/schema\\\/logo\\\/image\\\/\",\"url\":\"https:\\\/\\\/ouryogashop.com\\\/wp-content\\\/uploads\\\/2019\\\/05\\\/OYS-Logo.png\",\"contentUrl\":\"https:\\\/\\\/ouryogashop.com\\\/wp-content\\\/uploads\\\/2019\\\/05\\\/OYS-Logo.png\",\"width\":500,\"height\":371,\"caption\":\"OurYogaShop\"},\"image\":{\"@id\":\"https:\\\/\\\/ouryogashop.com\\\/sv\\\/#\\\/schema\\\/logo\\\/image\\\/\"},\"sameAs\":[\"https:\\\/\\\/www.facebook.com\\\/ouryogashopcom\\\/\",\"https:\\\/\\\/x.com\\\/OurYogaShop\",\"https:\\\/\\\/www.instagram.com\\\/ouryogashop\\\/\"]}]}<\/script>\n<meta property=\"product:brand\" content=\"OOO\" \/>\n<meta property=\"product:price:amount\" content=\"159.00\" \/>\n<meta property=\"product:price:currency\" content=\"SEK\" \/>\n<meta property=\"og:availability\" content=\"instock\" \/>\n<meta property=\"product:availability\" content=\"instock\" \/>\n<meta property=\"product:retailer_item_id\" content=\"OOO3971\" \/>\n<meta property=\"product:condition\" content=\"new\" \/>\n<!-- \/ Yoast SEO Premium plugin. -->","yoast_head_json":{"title":"\u00d6gonkudde Senapsfr\u00f6 & Lavendel Vit - OOO - OurYogaShop","description":"Fr\u00e5n OOO kommer en fantastisk, ekologisk och handgjord \u00f6gonkudde som \u00e4r fylld med senapsfr\u00f6n. Senapsfr\u00f6 \u00e4r intressant p\u00e5 m\u00e5nga s\u00e4tt.","robots":{"index":"index","follow":"follow","max-snippet":"max-snippet:-1","max-image-preview":"max-image-preview:large","max-video-preview":"max-video-preview:-1"},"canonical":"https:\/\/ouryogashop.com\/sv\/product\/ogonkudde-senapsfro-lavendel-vit\/","og_locale":"sv_SE","og_type":"article","og_title":"\u00d6gonkudde Senapsfr\u00f6 &amp; Lavendel Vit","og_description":"Fr\u00e5n OOO kommer en fantastisk, ekologisk och handgjord \u00f6gonkudde som \u00e4r fylld med senapsfr\u00f6n. Senapsfr\u00f6 \u00e4r intressant p\u00e5 m\u00e5nga s\u00e4tt.","og_url":"https:\/\/ouryogashop.com\/sv\/product\/ogonkudde-senapsfro-lavendel-vit\/","og_site_name":"OurYogaShop","article_publisher":"https:\/\/www.facebook.com\/ouryogashopcom\/","article_modified_time":"2026-01-31T22:04:50+00:00","og_image":[{"width":640,"height":640,"url":"https:\/\/ouryogashop.com\/wp-content\/uploads\/2020\/11\/OOO-Eye-Pad-White.jpg","type":"image\/jpeg"}],"twitter_card":"summary_large_image","twitter_site":"@OurYogaShop","twitter_misc":{"Pris":"159,00&#107;&#114;","Tillg\u00e4nglig":"I lager"},"schema":{"@context":"https:\/\/schema.org","@graph":[{"@type":"WebPage","@id":"https:\/\/ouryogashop.com\/sv\/product\/ogonkudde-senapsfro-lavendel-vit\/","url":"https:\/\/ouryogashop.com\/sv\/product\/ogonkudde-senapsfro-lavendel-vit\/","name":"\u00d6gonkudde Senapsfr\u00f6 & Lavendel Vit - OOO - OurYogaShop","isPartOf":{"@id":"https:\/\/ouryogashop.com\/sv\/#website"},"primaryImageOfPage":{"@id":"https:\/\/ouryogashop.com\/sv\/product\/ogonkudde-senapsfro-lavendel-vit\/#primaryimage"},"image":{"@id":"https:\/\/ouryogashop.com\/sv\/product\/ogonkudde-senapsfro-lavendel-vit\/#primaryimage"},"thumbnailUrl":"https:\/\/ouryogashop.com\/wp-content\/uploads\/2020\/11\/OOO-Eye-Pad-White.jpg","datePublished":"2020-11-11T08:05:56+00:00","dateModified":"2026-01-31T22:04:50+00:00","description":"Fr\u00e5n OOO kommer en fantastisk, ekologisk och handgjord \u00f6gonkudde som \u00e4r fylld med senapsfr\u00f6n. Senapsfr\u00f6 \u00e4r intressant p\u00e5 m\u00e5nga s\u00e4tt.","breadcrumb":{"@id":"https:\/\/ouryogashop.com\/sv\/product\/ogonkudde-senapsfro-lavendel-vit\/#breadcrumb"},"inLanguage":"sv-SE","potentialAction":[{"@type":"ReadAction","target":["https:\/\/ouryogashop.com\/sv\/product\/ogonkudde-senapsfro-lavendel-vit\/"]}]},{"@type":"ImageObject","inLanguage":"sv-SE","@id":"https:\/\/ouryogashop.com\/sv\/product\/ogonkudde-senapsfro-lavendel-vit\/#primaryimage","url":"https:\/\/ouryogashop.com\/wp-content\/uploads\/2020\/11\/OOO-Eye-Pad-White.jpg","contentUrl":"https:\/\/ouryogashop.com\/wp-content\/uploads\/2020\/11\/OOO-Eye-Pad-White.jpg","width":640,"height":640},{"@type":"BreadcrumbList","@id":"https:\/\/ouryogashop.com\/sv\/product\/ogonkudde-senapsfro-lavendel-vit\/#breadcrumb","itemListElement":[{"@type":"ListItem","position":1,"name":"Hem","item":"https:\/\/ouryogashop.com\/sv\/"},{"@type":"ListItem","position":2,"name":"Yoga Butik","item":"https:\/\/ouryogashop.com\/sv\/yoga-butik\/"},{"@type":"ListItem","position":3,"name":"OOO","item":"https:\/\/ouryogashop.com\/sv\/produkt-kategori\/ooo-sv\/"},{"@type":"ListItem","position":4,"name":"\u00d6gonkudde Senapsfr\u00f6 &amp; Lavendel Vit"}]},{"@type":"WebSite","@id":"https:\/\/ouryogashop.com\/sv\/#website","url":"https:\/\/ouryogashop.com\/sv\/","name":"OurYogaShop","description":"The best yoga mats ever!","publisher":{"@id":"https:\/\/ouryogashop.com\/sv\/#organization"},"potentialAction":[{"@type":"SearchAction","target":{"@type":"EntryPoint","urlTemplate":"https:\/\/ouryogashop.com\/sv\/?s={search_term_string}"},"query-input":{"@type":"PropertyValueSpecification","valueRequired":true,"valueName":"search_term_string"}}],"inLanguage":"sv-SE"},{"@type":"Organization","@id":"https:\/\/ouryogashop.com\/sv\/#organization","name":"OurYogaShop","url":"https:\/\/ouryogashop.com\/sv\/","logo":{"@type":"ImageObject","inLanguage":"sv-SE","@id":"https:\/\/ouryogashop.com\/sv\/#\/schema\/logo\/image\/","url":"https:\/\/ouryogashop.com\/wp-content\/uploads\/2019\/05\/OYS-Logo.png","contentUrl":"https:\/\/ouryogashop.com\/wp-content\/uploads\/2019\/05\/OYS-Logo.png","width":500,"height":371,"caption":"OurYogaShop"},"image":{"@id":"https:\/\/ouryogashop.com\/sv\/#\/schema\/logo\/image\/"},"sameAs":["https:\/\/www.facebook.com\/ouryogashopcom\/","https:\/\/x.com\/OurYogaShop","https:\/\/www.instagram.com\/ouryogashop\/"]}]},"product_brand":"OOO","product_price_amount":"159.00","product_price_currency":"SEK","og_availability":"instock","product_availability":"instock","product_retailer_item_id":"OOO3971","product_condition":"new"},"_links":{"self":[{"href":"https:\/\/ouryogashop.com\/sv\/wp-json\/wp\/v2\/product\/145105","targetHints":{"allow":["GET"]}}],"collection":[{"href":"https:\/\/ouryogashop.com\/sv\/wp-json\/wp\/v2\/product"}],"about":[{"href":"https:\/\/ouryogashop.com\/sv\/wp-json\/wp\/v2\/types\/product"}],"replies":[{"embeddable":true,"href":"https:\/\/ouryogashop.com\/sv\/wp-json\/wp\/v2\/comments?post=145105"}],"wp:featuredmedia":[{"embeddable":true,"href":"https:\/\/ouryogashop.com\/sv\/wp-json\/wp\/v2\/media\/145612"}],"wp:attachment":[{"href":"https:\/\/ouryogashop.com\/sv\/wp-json\/wp\/v2\/media?parent=145105"}],"wp:term":[{"taxonomy":"product_brand","embeddable":true,"href":"https:\/\/ouryogashop.com\/sv\/wp-json\/wp\/v2\/product_brand?post=145105"},{"taxonomy":"product_cat","embeddable":true,"href":"https:\/\/ouryogashop.com\/sv\/wp-json\/wp\/v2\/product_cat?post=145105"},{"taxonomy":"product_tag","embeddable":true,"href":"https:\/\/ouryogashop.com\/sv\/wp-json\/wp\/v2\/product_tag?post=145105"}],"curies":[{"name":"wp","href":"https:\/\/api.w.org\/{rel}","templated":true}]}}