{"id":145247,"date":"2020-11-18T12:48:27","date_gmt":"2020-11-18T10:48:27","guid":{"rendered":"https:\/\/ouryogashop.com\/?post_type=product&#038;p=145247"},"modified":"2022-11-17T12:59:44","modified_gmt":"2022-11-17T10:59:44","slug":"sanskrit-glossary-of-yogic-terms-swami-yogakanti","status":"publish","type":"product","link":"https:\/\/ouryogashop.com\/sv\/product\/sanskrit-glossary-of-yogic-terms-swami-yogakanti\/","title":{"rendered":"Sanskrit Glossary of Yogic Terms &#8211; Swami Yogakanti"},"content":{"rendered":"<div class=\"wpb-content-wrapper\"><p>[vc_row][vc_column width=&#8221;1\/1&#8243;][uncode_block id=&#8221;140363&#8243;][\/vc_column][\/vc_row]<\/p>\n<\/div>","protected":false},"excerpt":{"rendered":"<h2>Sanskrit Glossary of Yogic Terms &#8211; Swami Yogakanti<\/h2>\n<p>Ordlistan f\u00f6r Sanskrit inneh\u00e5ller en m\u00e4ngd definitioner av yoga och relaterade \u00e4mnen, filosofier, yogiska traditioner och begrepp. Den \u00e4r utformad f\u00f6r att hj\u00e4lpa yogaut\u00f6vare som s\u00f6ker den djupare inneb\u00f6rden av yogans symboler och metaforiska spr\u00e5k. Den kan anv\u00e4ndas som en v\u00e4gledning f\u00f6r f\u00f6rst\u00e5else precisionen och den subtila sammans\u00e4ttningen av sanskritord som finns i yogapublikationer. Sanskrit ordlista med engelsk \u00f6vers\u00e4ttning avsl\u00f6jar den djupa betydelsen av yogiska termer genom ordstruktur som betyder skriftreferenser och original Devanagari-skript. Valda bilder illustrerar texten.<\/p>\n<p>Format &#8211; Pocket<\/p>\n<p>Spr\u00e5k &#8211; Engelska<\/p>\n<p>Antal sidor &#8211; x<\/p>\n<p>Utgiven &#8211; 2007<\/p>\n<p>Storlek &#8211;<\/p>\n<p>Vikt &#8211; x gr<\/p>\n","protected":false},"featured_media":145252,"comment_status":"open","ping_status":"closed","template":"","meta":[],"product_brand":[],"product_cat":[3074,3073],"product_tag":[3157,3346,3077],"class_list":{"0":"post-145247","1":"product","2":"type-product","3":"status-publish","4":"has-post-thumbnail","6":"product_cat-yoga-bocker","7":"product_cat-yogalitteratur","8":"product_tag-yoga-sv","9":"product_tag-swami-yogakanti-sv","10":"product_tag-book-sv","11":"product_shipping_class-flera-produkter-sv","13":"first","14":"outofstock","15":"taxable","16":"shipping-taxable","17":"purchasable","18":"product-type-simple"},"yoast_head":"<!-- This site is optimized with the Yoast SEO Premium plugin v27.5 (Yoast SEO v27.5) - https:\/\/yoast.com\/product\/yoast-seo-premium-wordpress\/ -->\n<title>Sanskrit Glossary of Yogic Terms - Swami Yogakanti - OurYogaShop<\/title>\n<meta name=\"description\" content=\"Sanskrit ordlista med engelsk \u00f6vers\u00e4ttning avsl\u00f6jar den djupa betydelsen av yogiska termer genom ordstruktur och skriftreferenser.\" \/>\n<meta name=\"robots\" content=\"index, follow, max-snippet:-1, max-image-preview:large, max-video-preview:-1\" \/>\n<link rel=\"canonical\" href=\"https:\/\/ouryogashop.com\/sv\/product\/sanskrit-glossary-of-yogic-terms-swami-yogakanti\/\" \/>\n<meta property=\"og:locale\" content=\"sv_SE\" \/>\n<meta property=\"og:type\" content=\"article\" \/>\n<meta property=\"og:title\" content=\"Sanskrit Glossary of Yogic Terms - Swami Yogakanti\" \/>\n<meta property=\"og:description\" content=\"Sanskrit ordlista med engelsk \u00f6vers\u00e4ttning avsl\u00f6jar den djupa betydelsen av yogiska termer genom ordstruktur och skriftreferenser.\" \/>\n<meta property=\"og:url\" content=\"https:\/\/ouryogashop.com\/sv\/product\/sanskrit-glossary-of-yogic-terms-swami-yogakanti\/\" \/>\n<meta property=\"og:site_name\" content=\"OurYogaShop\" \/>\n<meta property=\"article:publisher\" content=\"https:\/\/www.facebook.com\/ouryogashopcom\/\" \/>\n<meta property=\"article:modified_time\" content=\"2022-11-17T10:59:44+00:00\" \/>\n<meta property=\"og:image\" content=\"https:\/\/ouryogashop.com\/wp-content\/uploads\/2020\/11\/Sanskrit-Glossary.jpg\" \/>\n\t<meta property=\"og:image:width\" content=\"500\" \/>\n\t<meta property=\"og:image:height\" content=\"500\" \/>\n\t<meta property=\"og:image:type\" content=\"image\/jpeg\" \/>\n<meta name=\"twitter:card\" content=\"summary_large_image\" \/>\n<meta name=\"twitter:site\" content=\"@OurYogaShop\" \/>\n<meta name=\"twitter:label1\" content=\"Pris\" \/>\n\t<meta name=\"twitter:data1\" content=\"216,00&#107;&#114;\" \/>\n\t<meta name=\"twitter:label2\" content=\"Tillg\u00e4nglig\" \/>\n\t<meta name=\"twitter:data2\" content=\"Slut i lager\" \/>\n<script type=\"application\/ld+json\" class=\"yoast-schema-graph\">{\"@context\":\"https:\\\/\\\/schema.org\",\"@graph\":[{\"@type\":\"WebPage\",\"@id\":\"https:\\\/\\\/ouryogashop.com\\\/sv\\\/product\\\/sanskrit-glossary-of-yogic-terms-swami-yogakanti\\\/\",\"url\":\"https:\\\/\\\/ouryogashop.com\\\/sv\\\/product\\\/sanskrit-glossary-of-yogic-terms-swami-yogakanti\\\/\",\"name\":\"Sanskrit Glossary of Yogic Terms - Swami Yogakanti - OurYogaShop\",\"isPartOf\":{\"@id\":\"https:\\\/\\\/ouryogashop.com\\\/sv\\\/#website\"},\"primaryImageOfPage\":{\"@id\":\"https:\\\/\\\/ouryogashop.com\\\/sv\\\/product\\\/sanskrit-glossary-of-yogic-terms-swami-yogakanti\\\/#primaryimage\"},\"image\":{\"@id\":\"https:\\\/\\\/ouryogashop.com\\\/sv\\\/product\\\/sanskrit-glossary-of-yogic-terms-swami-yogakanti\\\/#primaryimage\"},\"thumbnailUrl\":\"https:\\\/\\\/ouryogashop.com\\\/wp-content\\\/uploads\\\/2020\\\/11\\\/Sanskrit-Glossary.jpg\",\"datePublished\":\"2020-11-18T10:48:27+00:00\",\"dateModified\":\"2022-11-17T10:59:44+00:00\",\"description\":\"Sanskrit ordlista med engelsk \u00f6vers\u00e4ttning avsl\u00f6jar den djupa betydelsen av yogiska termer genom ordstruktur och skriftreferenser.\",\"breadcrumb\":{\"@id\":\"https:\\\/\\\/ouryogashop.com\\\/sv\\\/product\\\/sanskrit-glossary-of-yogic-terms-swami-yogakanti\\\/#breadcrumb\"},\"inLanguage\":\"sv-SE\",\"potentialAction\":[{\"@type\":\"ReadAction\",\"target\":[\"https:\\\/\\\/ouryogashop.com\\\/sv\\\/product\\\/sanskrit-glossary-of-yogic-terms-swami-yogakanti\\\/\"]}]},{\"@type\":\"ImageObject\",\"inLanguage\":\"sv-SE\",\"@id\":\"https:\\\/\\\/ouryogashop.com\\\/sv\\\/product\\\/sanskrit-glossary-of-yogic-terms-swami-yogakanti\\\/#primaryimage\",\"url\":\"https:\\\/\\\/ouryogashop.com\\\/wp-content\\\/uploads\\\/2020\\\/11\\\/Sanskrit-Glossary.jpg\",\"contentUrl\":\"https:\\\/\\\/ouryogashop.com\\\/wp-content\\\/uploads\\\/2020\\\/11\\\/Sanskrit-Glossary.jpg\",\"width\":500,\"height\":500},{\"@type\":\"BreadcrumbList\",\"@id\":\"https:\\\/\\\/ouryogashop.com\\\/sv\\\/product\\\/sanskrit-glossary-of-yogic-terms-swami-yogakanti\\\/#breadcrumb\",\"itemListElement\":[{\"@type\":\"ListItem\",\"position\":1,\"name\":\"Hem\",\"item\":\"https:\\\/\\\/ouryogashop.com\\\/sv\\\/\"},{\"@type\":\"ListItem\",\"position\":2,\"name\":\"Yoga Butik\",\"item\":\"https:\\\/\\\/ouryogashop.com\\\/sv\\\/yoga-butik\\\/\"},{\"@type\":\"ListItem\",\"position\":3,\"name\":\"Yogalitteratur\",\"item\":\"https:\\\/\\\/ouryogashop.com\\\/sv\\\/produkt-kategori\\\/yogalitteratur\\\/\"},{\"@type\":\"ListItem\",\"position\":4,\"name\":\"Sanskrit Glossary of Yogic Terms &#8211; Swami Yogakanti\"}]},{\"@type\":\"WebSite\",\"@id\":\"https:\\\/\\\/ouryogashop.com\\\/sv\\\/#website\",\"url\":\"https:\\\/\\\/ouryogashop.com\\\/sv\\\/\",\"name\":\"OurYogaShop\",\"description\":\"The best yoga mats ever!\",\"publisher\":{\"@id\":\"https:\\\/\\\/ouryogashop.com\\\/sv\\\/#organization\"},\"potentialAction\":[{\"@type\":\"SearchAction\",\"target\":{\"@type\":\"EntryPoint\",\"urlTemplate\":\"https:\\\/\\\/ouryogashop.com\\\/sv\\\/?s={search_term_string}\"},\"query-input\":{\"@type\":\"PropertyValueSpecification\",\"valueRequired\":true,\"valueName\":\"search_term_string\"}}],\"inLanguage\":\"sv-SE\"},{\"@type\":\"Organization\",\"@id\":\"https:\\\/\\\/ouryogashop.com\\\/sv\\\/#organization\",\"name\":\"OurYogaShop\",\"url\":\"https:\\\/\\\/ouryogashop.com\\\/sv\\\/\",\"logo\":{\"@type\":\"ImageObject\",\"inLanguage\":\"sv-SE\",\"@id\":\"https:\\\/\\\/ouryogashop.com\\\/sv\\\/#\\\/schema\\\/logo\\\/image\\\/\",\"url\":\"https:\\\/\\\/ouryogashop.com\\\/wp-content\\\/uploads\\\/2019\\\/05\\\/OYS-Logo.png\",\"contentUrl\":\"https:\\\/\\\/ouryogashop.com\\\/wp-content\\\/uploads\\\/2019\\\/05\\\/OYS-Logo.png\",\"width\":500,\"height\":371,\"caption\":\"OurYogaShop\"},\"image\":{\"@id\":\"https:\\\/\\\/ouryogashop.com\\\/sv\\\/#\\\/schema\\\/logo\\\/image\\\/\"},\"sameAs\":[\"https:\\\/\\\/www.facebook.com\\\/ouryogashopcom\\\/\",\"https:\\\/\\\/x.com\\\/OurYogaShop\",\"https:\\\/\\\/www.instagram.com\\\/ouryogashop\\\/\"]}]}<\/script>\n<meta property=\"product:price:amount\" content=\"216.00\" \/>\n<meta property=\"product:price:currency\" content=\"SEK\" \/>\n<meta property=\"og:availability\" content=\"out of stock\" \/>\n<meta property=\"product:availability\" content=\"out of stock\" \/>\n<meta property=\"product:retailer_item_id\" content=\"OYS20025\" \/>\n<meta property=\"product:condition\" content=\"new\" \/>\n<!-- \/ Yoast SEO Premium plugin. -->","yoast_head_json":{"title":"Sanskrit Glossary of Yogic Terms - Swami Yogakanti - OurYogaShop","description":"Sanskrit ordlista med engelsk \u00f6vers\u00e4ttning avsl\u00f6jar den djupa betydelsen av yogiska termer genom ordstruktur och skriftreferenser.","robots":{"index":"index","follow":"follow","max-snippet":"max-snippet:-1","max-image-preview":"max-image-preview:large","max-video-preview":"max-video-preview:-1"},"canonical":"https:\/\/ouryogashop.com\/sv\/product\/sanskrit-glossary-of-yogic-terms-swami-yogakanti\/","og_locale":"sv_SE","og_type":"article","og_title":"Sanskrit Glossary of Yogic Terms - Swami Yogakanti","og_description":"Sanskrit ordlista med engelsk \u00f6vers\u00e4ttning avsl\u00f6jar den djupa betydelsen av yogiska termer genom ordstruktur och skriftreferenser.","og_url":"https:\/\/ouryogashop.com\/sv\/product\/sanskrit-glossary-of-yogic-terms-swami-yogakanti\/","og_site_name":"OurYogaShop","article_publisher":"https:\/\/www.facebook.com\/ouryogashopcom\/","article_modified_time":"2022-11-17T10:59:44+00:00","og_image":[{"width":500,"height":500,"url":"https:\/\/ouryogashop.com\/wp-content\/uploads\/2020\/11\/Sanskrit-Glossary.jpg","type":"image\/jpeg"}],"twitter_card":"summary_large_image","twitter_site":"@OurYogaShop","twitter_misc":{"Pris":"216,00&#107;&#114;","Tillg\u00e4nglig":"Slut i lager"},"schema":{"@context":"https:\/\/schema.org","@graph":[{"@type":"WebPage","@id":"https:\/\/ouryogashop.com\/sv\/product\/sanskrit-glossary-of-yogic-terms-swami-yogakanti\/","url":"https:\/\/ouryogashop.com\/sv\/product\/sanskrit-glossary-of-yogic-terms-swami-yogakanti\/","name":"Sanskrit Glossary of Yogic Terms - Swami Yogakanti - OurYogaShop","isPartOf":{"@id":"https:\/\/ouryogashop.com\/sv\/#website"},"primaryImageOfPage":{"@id":"https:\/\/ouryogashop.com\/sv\/product\/sanskrit-glossary-of-yogic-terms-swami-yogakanti\/#primaryimage"},"image":{"@id":"https:\/\/ouryogashop.com\/sv\/product\/sanskrit-glossary-of-yogic-terms-swami-yogakanti\/#primaryimage"},"thumbnailUrl":"https:\/\/ouryogashop.com\/wp-content\/uploads\/2020\/11\/Sanskrit-Glossary.jpg","datePublished":"2020-11-18T10:48:27+00:00","dateModified":"2022-11-17T10:59:44+00:00","description":"Sanskrit ordlista med engelsk \u00f6vers\u00e4ttning avsl\u00f6jar den djupa betydelsen av yogiska termer genom ordstruktur och skriftreferenser.","breadcrumb":{"@id":"https:\/\/ouryogashop.com\/sv\/product\/sanskrit-glossary-of-yogic-terms-swami-yogakanti\/#breadcrumb"},"inLanguage":"sv-SE","potentialAction":[{"@type":"ReadAction","target":["https:\/\/ouryogashop.com\/sv\/product\/sanskrit-glossary-of-yogic-terms-swami-yogakanti\/"]}]},{"@type":"ImageObject","inLanguage":"sv-SE","@id":"https:\/\/ouryogashop.com\/sv\/product\/sanskrit-glossary-of-yogic-terms-swami-yogakanti\/#primaryimage","url":"https:\/\/ouryogashop.com\/wp-content\/uploads\/2020\/11\/Sanskrit-Glossary.jpg","contentUrl":"https:\/\/ouryogashop.com\/wp-content\/uploads\/2020\/11\/Sanskrit-Glossary.jpg","width":500,"height":500},{"@type":"BreadcrumbList","@id":"https:\/\/ouryogashop.com\/sv\/product\/sanskrit-glossary-of-yogic-terms-swami-yogakanti\/#breadcrumb","itemListElement":[{"@type":"ListItem","position":1,"name":"Hem","item":"https:\/\/ouryogashop.com\/sv\/"},{"@type":"ListItem","position":2,"name":"Yoga Butik","item":"https:\/\/ouryogashop.com\/sv\/yoga-butik\/"},{"@type":"ListItem","position":3,"name":"Yogalitteratur","item":"https:\/\/ouryogashop.com\/sv\/produkt-kategori\/yogalitteratur\/"},{"@type":"ListItem","position":4,"name":"Sanskrit Glossary of Yogic Terms &#8211; Swami Yogakanti"}]},{"@type":"WebSite","@id":"https:\/\/ouryogashop.com\/sv\/#website","url":"https:\/\/ouryogashop.com\/sv\/","name":"OurYogaShop","description":"The best yoga mats ever!","publisher":{"@id":"https:\/\/ouryogashop.com\/sv\/#organization"},"potentialAction":[{"@type":"SearchAction","target":{"@type":"EntryPoint","urlTemplate":"https:\/\/ouryogashop.com\/sv\/?s={search_term_string}"},"query-input":{"@type":"PropertyValueSpecification","valueRequired":true,"valueName":"search_term_string"}}],"inLanguage":"sv-SE"},{"@type":"Organization","@id":"https:\/\/ouryogashop.com\/sv\/#organization","name":"OurYogaShop","url":"https:\/\/ouryogashop.com\/sv\/","logo":{"@type":"ImageObject","inLanguage":"sv-SE","@id":"https:\/\/ouryogashop.com\/sv\/#\/schema\/logo\/image\/","url":"https:\/\/ouryogashop.com\/wp-content\/uploads\/2019\/05\/OYS-Logo.png","contentUrl":"https:\/\/ouryogashop.com\/wp-content\/uploads\/2019\/05\/OYS-Logo.png","width":500,"height":371,"caption":"OurYogaShop"},"image":{"@id":"https:\/\/ouryogashop.com\/sv\/#\/schema\/logo\/image\/"},"sameAs":["https:\/\/www.facebook.com\/ouryogashopcom\/","https:\/\/x.com\/OurYogaShop","https:\/\/www.instagram.com\/ouryogashop\/"]}]},"product_price_amount":"216.00","product_price_currency":"SEK","og_availability":"out of stock","product_availability":"out of stock","product_retailer_item_id":"OYS20025","product_condition":"new"},"_links":{"self":[{"href":"https:\/\/ouryogashop.com\/sv\/wp-json\/wp\/v2\/product\/145247","targetHints":{"allow":["GET"]}}],"collection":[{"href":"https:\/\/ouryogashop.com\/sv\/wp-json\/wp\/v2\/product"}],"about":[{"href":"https:\/\/ouryogashop.com\/sv\/wp-json\/wp\/v2\/types\/product"}],"replies":[{"embeddable":true,"href":"https:\/\/ouryogashop.com\/sv\/wp-json\/wp\/v2\/comments?post=145247"}],"wp:featuredmedia":[{"embeddable":true,"href":"https:\/\/ouryogashop.com\/sv\/wp-json\/wp\/v2\/media\/145252"}],"wp:attachment":[{"href":"https:\/\/ouryogashop.com\/sv\/wp-json\/wp\/v2\/media?parent=145247"}],"wp:term":[{"taxonomy":"product_brand","embeddable":true,"href":"https:\/\/ouryogashop.com\/sv\/wp-json\/wp\/v2\/product_brand?post=145247"},{"taxonomy":"product_cat","embeddable":true,"href":"https:\/\/ouryogashop.com\/sv\/wp-json\/wp\/v2\/product_cat?post=145247"},{"taxonomy":"product_tag","embeddable":true,"href":"https:\/\/ouryogashop.com\/sv\/wp-json\/wp\/v2\/product_tag?post=145247"}],"curies":[{"name":"wp","href":"https:\/\/api.w.org\/{rel}","templated":true}]}}