{"id":145291,"date":"2020-11-18T19:06:35","date_gmt":"2020-11-18T17:06:35","guid":{"rendered":"https:\/\/ouryogashop.com\/?post_type=product&#038;p=145291"},"modified":"2022-11-18T12:37:39","modified_gmt":"2022-11-18T10:37:39","slug":"guruji-through-the-eye-of-his-students-eddie-stern-guy-donahaye","status":"publish","type":"product","link":"https:\/\/ouryogashop.com\/sv\/product\/guruji-through-the-eye-of-his-students-eddie-stern-guy-donahaye\/","title":{"rendered":"Guruji Through the eye of his students &#8211; Eddie Stern &amp; Guy Donahaye"},"content":{"rendered":"<div class=\"wpb-content-wrapper\"><p>[vc_row][vc_column width=&#8221;1\/1&#8243;][uncode_block id=&#8221;140363&#8243;][\/vc_column][\/vc_row]<\/p>\n<\/div>","protected":false},"excerpt":{"rendered":"<h2>Guruji Through the eye of his students &#8211; Eddie Stern &amp; Guy Donahaye<\/h2>\n<p>Det \u00e4r en s\u00e4llsynt och anm\u00e4rkningsv\u00e4rd sj\u00e4l som blivit legendarisk under sitt liv p\u00e5 grund av stor tj\u00e4nst f\u00f6r andra. Sri K. Pattabhi Jois var en s\u00e5dan sj\u00e4l, och genom sin undervisning i yoga f\u00f6r\u00e4ndrade han liv f\u00f6r otaliga m\u00e4nniskor. Skolan i Mysore som han grundade och drev i mer \u00e4n sextio \u00e5r utbildade studenter som, genom den kunskap de fick och deras h\u00e4ngivenhet, har hj\u00e4lpt till att sprida den dagliga praktiken av traditionell Ashtanga-yoga till tiotusentals runt om i v\u00e4rlden. Guruji m\u00e5lar ett unikt portr\u00e4tt av en unik man, avsl\u00f6jad genom sina studerandes ber\u00e4ttelser. Bland de trettio m\u00e4n och kvinnor som intervjuas h\u00e4r \u00e4r indiska studenter fr\u00e5n Jois tidiga undervisningsdagar, oroliga amerikaner och europ\u00e9er som reste till Mysore f\u00f6r att l\u00e4ra sig yoga p\u00e5 1970-talet och viktiga familjemedlemmar som studerade s\u00e5v\u00e4l som bodde hos Jois och forts\u00e4tter att tr\u00e4na undervisa utomlands eller k\u00f6ra Ashtanga Yoga Institute idag. M\u00e5nga av bidragsgivarna (liksom f\u00f6rfattarna) \u00e4r inflytelserika l\u00e4rare som f\u00f6rmedlar sin upplevelse av Jois varje dag till studenter i m\u00e5nga olika delar av v\u00e4rlden.<br \/>\nFormat &#8211; Pocket<\/p>\n<p>Spr\u00e5k &#8211; Engelska<\/p>\n<p>Number of pages &#8211; 464<\/p>\n<p>Utgiven &#8211; 2012-10-05<\/p>\n<p>Storlek &#8211; 212 x 141 x 36 mm<\/p>\n<p>Vikt &#8211; 422 gr<\/p>\n<p>&nbsp;<\/p>\n","protected":false},"featured_media":145313,"comment_status":"open","ping_status":"closed","template":"","meta":[],"product_brand":[],"product_cat":[3074,3073],"product_tag":[3077,3157,3340,3352],"class_list":{"0":"post-145291","1":"product","2":"type-product","3":"status-publish","4":"has-post-thumbnail","6":"product_cat-yoga-bocker","7":"product_cat-yogalitteratur","8":"product_tag-book-sv","9":"product_tag-yoga-sv","10":"product_tag-eddie-stern-sv","11":"product_tag-guy-donahaye-sv","12":"product_shipping_class-flera-produkter-sv","14":"first","15":"instock","16":"taxable","17":"shipping-taxable","18":"purchasable","19":"product-type-simple"},"yoast_head":"<!-- This site is optimized with the Yoast SEO Premium plugin v27.5 (Yoast SEO v27.5) - https:\/\/yoast.com\/product\/yoast-seo-premium-wordpress\/ -->\n<title>Guruji Through the eye of his students - Eddie Stern &amp; Guy Donahaye - OurYogaShop<\/title>\n<meta name=\"description\" content=\"Guruji Through the eye of his students - Eddie Stern &amp; Guy Donahaye\" \/>\n<meta name=\"robots\" content=\"index, follow, max-snippet:-1, max-image-preview:large, max-video-preview:-1\" \/>\n<link rel=\"canonical\" href=\"https:\/\/ouryogashop.com\/sv\/product\/guruji-through-the-eye-of-his-students-eddie-stern-guy-donahaye\/\" \/>\n<meta property=\"og:locale\" content=\"sv_SE\" \/>\n<meta property=\"og:type\" content=\"article\" \/>\n<meta property=\"og:title\" content=\"Guruji Through the eye of his students - Eddie Stern &amp; Guy Donahaye\" \/>\n<meta property=\"og:description\" content=\"Guruji Through the eye of his students - Eddie Stern &amp; Guy Donahaye\" \/>\n<meta property=\"og:url\" content=\"https:\/\/ouryogashop.com\/sv\/product\/guruji-through-the-eye-of-his-students-eddie-stern-guy-donahaye\/\" \/>\n<meta property=\"og:site_name\" content=\"OurYogaShop\" \/>\n<meta property=\"article:publisher\" content=\"https:\/\/www.facebook.com\/ouryogashopcom\/\" \/>\n<meta property=\"article:modified_time\" content=\"2022-11-18T10:37:39+00:00\" \/>\n<meta property=\"og:image\" content=\"https:\/\/ouryogashop.com\/wp-content\/uploads\/2020\/11\/Guruji-Through-the-eye-of-his-students.jpg\" \/>\n\t<meta property=\"og:image:width\" content=\"640\" \/>\n\t<meta property=\"og:image:height\" content=\"640\" \/>\n\t<meta property=\"og:image:type\" content=\"image\/jpeg\" \/>\n<meta name=\"twitter:card\" content=\"summary_large_image\" \/>\n<meta name=\"twitter:site\" content=\"@OurYogaShop\" \/>\n<meta name=\"twitter:label1\" content=\"Pris\" \/>\n\t<meta name=\"twitter:data1\" content=\"216,00&#107;&#114;\" \/>\n\t<meta name=\"twitter:label2\" content=\"Tillg\u00e4nglig\" \/>\n\t<meta name=\"twitter:data2\" content=\"I lager\" \/>\n<script type=\"application\/ld+json\" class=\"yoast-schema-graph\">{\"@context\":\"https:\\\/\\\/schema.org\",\"@graph\":[{\"@type\":\"WebPage\",\"@id\":\"https:\\\/\\\/ouryogashop.com\\\/sv\\\/product\\\/guruji-through-the-eye-of-his-students-eddie-stern-guy-donahaye\\\/\",\"url\":\"https:\\\/\\\/ouryogashop.com\\\/sv\\\/product\\\/guruji-through-the-eye-of-his-students-eddie-stern-guy-donahaye\\\/\",\"name\":\"Guruji Through the eye of his students - Eddie Stern &amp; Guy Donahaye - OurYogaShop\",\"isPartOf\":{\"@id\":\"https:\\\/\\\/ouryogashop.com\\\/sv\\\/#website\"},\"primaryImageOfPage\":{\"@id\":\"https:\\\/\\\/ouryogashop.com\\\/sv\\\/product\\\/guruji-through-the-eye-of-his-students-eddie-stern-guy-donahaye\\\/#primaryimage\"},\"image\":{\"@id\":\"https:\\\/\\\/ouryogashop.com\\\/sv\\\/product\\\/guruji-through-the-eye-of-his-students-eddie-stern-guy-donahaye\\\/#primaryimage\"},\"thumbnailUrl\":\"https:\\\/\\\/ouryogashop.com\\\/wp-content\\\/uploads\\\/2020\\\/11\\\/Guruji-Through-the-eye-of-his-students.jpg\",\"datePublished\":\"2020-11-18T17:06:35+00:00\",\"dateModified\":\"2022-11-18T10:37:39+00:00\",\"description\":\"Guruji Through the eye of his students - Eddie Stern & Guy Donahaye\",\"breadcrumb\":{\"@id\":\"https:\\\/\\\/ouryogashop.com\\\/sv\\\/product\\\/guruji-through-the-eye-of-his-students-eddie-stern-guy-donahaye\\\/#breadcrumb\"},\"inLanguage\":\"sv-SE\",\"potentialAction\":[{\"@type\":\"ReadAction\",\"target\":[\"https:\\\/\\\/ouryogashop.com\\\/sv\\\/product\\\/guruji-through-the-eye-of-his-students-eddie-stern-guy-donahaye\\\/\"]}]},{\"@type\":\"ImageObject\",\"inLanguage\":\"sv-SE\",\"@id\":\"https:\\\/\\\/ouryogashop.com\\\/sv\\\/product\\\/guruji-through-the-eye-of-his-students-eddie-stern-guy-donahaye\\\/#primaryimage\",\"url\":\"https:\\\/\\\/ouryogashop.com\\\/wp-content\\\/uploads\\\/2020\\\/11\\\/Guruji-Through-the-eye-of-his-students.jpg\",\"contentUrl\":\"https:\\\/\\\/ouryogashop.com\\\/wp-content\\\/uploads\\\/2020\\\/11\\\/Guruji-Through-the-eye-of-his-students.jpg\",\"width\":640,\"height\":640},{\"@type\":\"BreadcrumbList\",\"@id\":\"https:\\\/\\\/ouryogashop.com\\\/sv\\\/product\\\/guruji-through-the-eye-of-his-students-eddie-stern-guy-donahaye\\\/#breadcrumb\",\"itemListElement\":[{\"@type\":\"ListItem\",\"position\":1,\"name\":\"Hem\",\"item\":\"https:\\\/\\\/ouryogashop.com\\\/sv\\\/\"},{\"@type\":\"ListItem\",\"position\":2,\"name\":\"Yoga Butik\",\"item\":\"https:\\\/\\\/ouryogashop.com\\\/sv\\\/yoga-butik\\\/\"},{\"@type\":\"ListItem\",\"position\":3,\"name\":\"Yogalitteratur\",\"item\":\"https:\\\/\\\/ouryogashop.com\\\/sv\\\/produkt-kategori\\\/yogalitteratur\\\/\"},{\"@type\":\"ListItem\",\"position\":4,\"name\":\"Guruji Through the eye of his students &#8211; Eddie Stern &amp; Guy Donahaye\"}]},{\"@type\":\"WebSite\",\"@id\":\"https:\\\/\\\/ouryogashop.com\\\/sv\\\/#website\",\"url\":\"https:\\\/\\\/ouryogashop.com\\\/sv\\\/\",\"name\":\"OurYogaShop\",\"description\":\"The best yoga mats ever!\",\"publisher\":{\"@id\":\"https:\\\/\\\/ouryogashop.com\\\/sv\\\/#organization\"},\"potentialAction\":[{\"@type\":\"SearchAction\",\"target\":{\"@type\":\"EntryPoint\",\"urlTemplate\":\"https:\\\/\\\/ouryogashop.com\\\/sv\\\/?s={search_term_string}\"},\"query-input\":{\"@type\":\"PropertyValueSpecification\",\"valueRequired\":true,\"valueName\":\"search_term_string\"}}],\"inLanguage\":\"sv-SE\"},{\"@type\":\"Organization\",\"@id\":\"https:\\\/\\\/ouryogashop.com\\\/sv\\\/#organization\",\"name\":\"OurYogaShop\",\"url\":\"https:\\\/\\\/ouryogashop.com\\\/sv\\\/\",\"logo\":{\"@type\":\"ImageObject\",\"inLanguage\":\"sv-SE\",\"@id\":\"https:\\\/\\\/ouryogashop.com\\\/sv\\\/#\\\/schema\\\/logo\\\/image\\\/\",\"url\":\"https:\\\/\\\/ouryogashop.com\\\/wp-content\\\/uploads\\\/2019\\\/05\\\/OYS-Logo.png\",\"contentUrl\":\"https:\\\/\\\/ouryogashop.com\\\/wp-content\\\/uploads\\\/2019\\\/05\\\/OYS-Logo.png\",\"width\":500,\"height\":371,\"caption\":\"OurYogaShop\"},\"image\":{\"@id\":\"https:\\\/\\\/ouryogashop.com\\\/sv\\\/#\\\/schema\\\/logo\\\/image\\\/\"},\"sameAs\":[\"https:\\\/\\\/www.facebook.com\\\/ouryogashopcom\\\/\",\"https:\\\/\\\/x.com\\\/OurYogaShop\",\"https:\\\/\\\/www.instagram.com\\\/ouryogashop\\\/\"]}]}<\/script>\n<meta property=\"product:price:amount\" content=\"216.00\" \/>\n<meta property=\"product:price:currency\" content=\"SEK\" \/>\n<meta property=\"og:availability\" content=\"instock\" \/>\n<meta property=\"product:availability\" content=\"instock\" \/>\n<meta property=\"product:retailer_item_id\" content=\"OYS20029\" \/>\n<meta property=\"product:condition\" content=\"new\" \/>\n<!-- \/ Yoast SEO Premium plugin. -->","yoast_head_json":{"title":"Guruji Through the eye of his students - Eddie Stern &amp; Guy Donahaye - OurYogaShop","description":"Guruji Through the eye of his students - Eddie Stern & Guy Donahaye","robots":{"index":"index","follow":"follow","max-snippet":"max-snippet:-1","max-image-preview":"max-image-preview:large","max-video-preview":"max-video-preview:-1"},"canonical":"https:\/\/ouryogashop.com\/sv\/product\/guruji-through-the-eye-of-his-students-eddie-stern-guy-donahaye\/","og_locale":"sv_SE","og_type":"article","og_title":"Guruji Through the eye of his students - Eddie Stern &amp; Guy Donahaye","og_description":"Guruji Through the eye of his students - Eddie Stern & Guy Donahaye","og_url":"https:\/\/ouryogashop.com\/sv\/product\/guruji-through-the-eye-of-his-students-eddie-stern-guy-donahaye\/","og_site_name":"OurYogaShop","article_publisher":"https:\/\/www.facebook.com\/ouryogashopcom\/","article_modified_time":"2022-11-18T10:37:39+00:00","og_image":[{"width":640,"height":640,"url":"https:\/\/ouryogashop.com\/wp-content\/uploads\/2020\/11\/Guruji-Through-the-eye-of-his-students.jpg","type":"image\/jpeg"}],"twitter_card":"summary_large_image","twitter_site":"@OurYogaShop","twitter_misc":{"Pris":"216,00&#107;&#114;","Tillg\u00e4nglig":"I lager"},"schema":{"@context":"https:\/\/schema.org","@graph":[{"@type":"WebPage","@id":"https:\/\/ouryogashop.com\/sv\/product\/guruji-through-the-eye-of-his-students-eddie-stern-guy-donahaye\/","url":"https:\/\/ouryogashop.com\/sv\/product\/guruji-through-the-eye-of-his-students-eddie-stern-guy-donahaye\/","name":"Guruji Through the eye of his students - Eddie Stern &amp; Guy Donahaye - OurYogaShop","isPartOf":{"@id":"https:\/\/ouryogashop.com\/sv\/#website"},"primaryImageOfPage":{"@id":"https:\/\/ouryogashop.com\/sv\/product\/guruji-through-the-eye-of-his-students-eddie-stern-guy-donahaye\/#primaryimage"},"image":{"@id":"https:\/\/ouryogashop.com\/sv\/product\/guruji-through-the-eye-of-his-students-eddie-stern-guy-donahaye\/#primaryimage"},"thumbnailUrl":"https:\/\/ouryogashop.com\/wp-content\/uploads\/2020\/11\/Guruji-Through-the-eye-of-his-students.jpg","datePublished":"2020-11-18T17:06:35+00:00","dateModified":"2022-11-18T10:37:39+00:00","description":"Guruji Through the eye of his students - Eddie Stern & Guy Donahaye","breadcrumb":{"@id":"https:\/\/ouryogashop.com\/sv\/product\/guruji-through-the-eye-of-his-students-eddie-stern-guy-donahaye\/#breadcrumb"},"inLanguage":"sv-SE","potentialAction":[{"@type":"ReadAction","target":["https:\/\/ouryogashop.com\/sv\/product\/guruji-through-the-eye-of-his-students-eddie-stern-guy-donahaye\/"]}]},{"@type":"ImageObject","inLanguage":"sv-SE","@id":"https:\/\/ouryogashop.com\/sv\/product\/guruji-through-the-eye-of-his-students-eddie-stern-guy-donahaye\/#primaryimage","url":"https:\/\/ouryogashop.com\/wp-content\/uploads\/2020\/11\/Guruji-Through-the-eye-of-his-students.jpg","contentUrl":"https:\/\/ouryogashop.com\/wp-content\/uploads\/2020\/11\/Guruji-Through-the-eye-of-his-students.jpg","width":640,"height":640},{"@type":"BreadcrumbList","@id":"https:\/\/ouryogashop.com\/sv\/product\/guruji-through-the-eye-of-his-students-eddie-stern-guy-donahaye\/#breadcrumb","itemListElement":[{"@type":"ListItem","position":1,"name":"Hem","item":"https:\/\/ouryogashop.com\/sv\/"},{"@type":"ListItem","position":2,"name":"Yoga Butik","item":"https:\/\/ouryogashop.com\/sv\/yoga-butik\/"},{"@type":"ListItem","position":3,"name":"Yogalitteratur","item":"https:\/\/ouryogashop.com\/sv\/produkt-kategori\/yogalitteratur\/"},{"@type":"ListItem","position":4,"name":"Guruji Through the eye of his students &#8211; Eddie Stern &amp; Guy Donahaye"}]},{"@type":"WebSite","@id":"https:\/\/ouryogashop.com\/sv\/#website","url":"https:\/\/ouryogashop.com\/sv\/","name":"OurYogaShop","description":"The best yoga mats ever!","publisher":{"@id":"https:\/\/ouryogashop.com\/sv\/#organization"},"potentialAction":[{"@type":"SearchAction","target":{"@type":"EntryPoint","urlTemplate":"https:\/\/ouryogashop.com\/sv\/?s={search_term_string}"},"query-input":{"@type":"PropertyValueSpecification","valueRequired":true,"valueName":"search_term_string"}}],"inLanguage":"sv-SE"},{"@type":"Organization","@id":"https:\/\/ouryogashop.com\/sv\/#organization","name":"OurYogaShop","url":"https:\/\/ouryogashop.com\/sv\/","logo":{"@type":"ImageObject","inLanguage":"sv-SE","@id":"https:\/\/ouryogashop.com\/sv\/#\/schema\/logo\/image\/","url":"https:\/\/ouryogashop.com\/wp-content\/uploads\/2019\/05\/OYS-Logo.png","contentUrl":"https:\/\/ouryogashop.com\/wp-content\/uploads\/2019\/05\/OYS-Logo.png","width":500,"height":371,"caption":"OurYogaShop"},"image":{"@id":"https:\/\/ouryogashop.com\/sv\/#\/schema\/logo\/image\/"},"sameAs":["https:\/\/www.facebook.com\/ouryogashopcom\/","https:\/\/x.com\/OurYogaShop","https:\/\/www.instagram.com\/ouryogashop\/"]}]},"product_price_amount":"216.00","product_price_currency":"SEK","og_availability":"instock","product_availability":"instock","product_retailer_item_id":"OYS20029","product_condition":"new"},"_links":{"self":[{"href":"https:\/\/ouryogashop.com\/sv\/wp-json\/wp\/v2\/product\/145291","targetHints":{"allow":["GET"]}}],"collection":[{"href":"https:\/\/ouryogashop.com\/sv\/wp-json\/wp\/v2\/product"}],"about":[{"href":"https:\/\/ouryogashop.com\/sv\/wp-json\/wp\/v2\/types\/product"}],"replies":[{"embeddable":true,"href":"https:\/\/ouryogashop.com\/sv\/wp-json\/wp\/v2\/comments?post=145291"}],"wp:featuredmedia":[{"embeddable":true,"href":"https:\/\/ouryogashop.com\/sv\/wp-json\/wp\/v2\/media\/145313"}],"wp:attachment":[{"href":"https:\/\/ouryogashop.com\/sv\/wp-json\/wp\/v2\/media?parent=145291"}],"wp:term":[{"taxonomy":"product_brand","embeddable":true,"href":"https:\/\/ouryogashop.com\/sv\/wp-json\/wp\/v2\/product_brand?post=145291"},{"taxonomy":"product_cat","embeddable":true,"href":"https:\/\/ouryogashop.com\/sv\/wp-json\/wp\/v2\/product_cat?post=145291"},{"taxonomy":"product_tag","embeddable":true,"href":"https:\/\/ouryogashop.com\/sv\/wp-json\/wp\/v2\/product_tag?post=145291"}],"curies":[{"name":"wp","href":"https:\/\/api.w.org\/{rel}","templated":true}]}}