{"id":145324,"date":"2020-11-19T16:39:19","date_gmt":"2020-11-19T14:39:19","guid":{"rendered":"https:\/\/ouryogashop.com\/?post_type=product&#038;p=145324"},"modified":"2022-11-17T12:59:46","modified_gmt":"2022-11-17T10:59:46","slug":"moola-banda-the-master-key-swami-buddhananda","status":"publish","type":"product","link":"https:\/\/ouryogashop.com\/sv\/product\/moola-banda-the-master-key-swami-buddhananda\/","title":{"rendered":"Moola Banda \u2013 The master Key &#8211; Swami Buddhananda"},"content":{"rendered":"<div class=\"wpb-content-wrapper\"><p>[vc_row][vc_column width=&#8221;1\/1&#8243;][uncode_block id=&#8221;140363&#8243;][\/vc_column][\/vc_row]<\/p>\n<\/div>","protected":false},"excerpt":{"rendered":"<h2>Moola Banda \u2013 The master Key &#8211; Swami Buddhananda<\/h2>\n<p>Moola Bandha &#8211; Master Key \u00e4r f\u00f6r de dedikerade yogaut\u00f6varna som letar efter huvudnyckeln f\u00f6r att l\u00e5sa upp hemmet f\u00f6r maha kundalini. Lite har skrivits om den gamla antika praktiken med bandha, som betraktas som en viktig aspekt av b\u00e5de hatha och kundalini yoga. Moola Bandha \u00e4r en enkel men \u00e4nd\u00e5 dynamisk \u00f6vning med djupa fysiska, mentala och andliga f\u00f6rdelar f\u00f6r ut\u00f6varen.<br \/>\nTexten fokuserar p\u00e5 bandhas teori och praktik. De fysiska, praniska och psykoterapeutiska effekterna unders\u00f6ks, inklusive f\u00f6rh\u00e5llandet mellan moola bandha och akupunktur. Ett kortfattat praktiskt avsnitt inneh\u00e5ller b\u00e5de prelimin\u00e4ra metoder och avancerade tekniker f\u00f6r att g\u00f6ra det m\u00f6jligt f\u00f6r ut\u00f6varen att driva denna sadhana till det yttersta och d\u00e4rmed v\u00e4cka den prim\u00e4ra energin inom. Inkluderar skisser och diagram.<\/p>\n<p>Format &#8211; Pocket<\/p>\n<p>Spr\u00e5k &#8211; Engelska<\/p>\n<p>Antal sidor &#8211; 140<\/p>\n<p>Utgiven &#8211; 1998-12-01<\/p>\n<p>Storlek &#8211; 215 x 138 x 10 mm<\/p>\n<p>Vikt &#8211; 200 gr<\/p>\n","protected":false},"featured_media":145326,"comment_status":"open","ping_status":"closed","template":"","meta":[],"product_brand":[],"product_cat":[3074,3073],"product_tag":[3077,3157,3358],"class_list":{"0":"post-145324","1":"product","2":"type-product","3":"status-publish","4":"has-post-thumbnail","6":"product_cat-yoga-bocker","7":"product_cat-yogalitteratur","8":"product_tag-book-sv","9":"product_tag-yoga-sv","10":"product_tag-swami-buddhananda-sv","11":"product_shipping_class-flera-produkter-sv","13":"first","14":"instock","15":"taxable","16":"shipping-taxable","17":"purchasable","18":"product-type-simple"},"yoast_head":"<!-- This site is optimized with the Yoast SEO Premium plugin v27.5 (Yoast SEO v27.5) - https:\/\/yoast.com\/product\/yoast-seo-premium-wordpress\/ -->\n<title>Moola Banda \u2013 The master Key - Swami Buddhananda - OurYogaShop<\/title>\n<meta name=\"description\" content=\"Moola Bandha - Master Key \u00e4r f\u00f6r de dedikerade yogaut\u00f6varna som letar efter huvudnyckeln f\u00f6r att l\u00e5sa upp hemmet f\u00f6r maha kundalini.\" \/>\n<meta name=\"robots\" content=\"index, follow, max-snippet:-1, max-image-preview:large, max-video-preview:-1\" \/>\n<link rel=\"canonical\" href=\"https:\/\/ouryogashop.com\/sv\/product\/moola-banda-the-master-key-swami-buddhananda\/\" \/>\n<meta property=\"og:locale\" content=\"sv_SE\" \/>\n<meta property=\"og:type\" content=\"article\" \/>\n<meta property=\"og:title\" content=\"Moola Banda \u2013 The master Key - Swami Buddhananda\" \/>\n<meta property=\"og:description\" content=\"Moola Bandha - Master Key \u00e4r f\u00f6r de dedikerade yogaut\u00f6varna som letar efter huvudnyckeln f\u00f6r att l\u00e5sa upp hemmet f\u00f6r maha kundalini.\" \/>\n<meta property=\"og:url\" content=\"https:\/\/ouryogashop.com\/sv\/product\/moola-banda-the-master-key-swami-buddhananda\/\" \/>\n<meta property=\"og:site_name\" content=\"OurYogaShop\" \/>\n<meta property=\"article:publisher\" content=\"https:\/\/www.facebook.com\/ouryogashopcom\/\" \/>\n<meta property=\"article:modified_time\" content=\"2022-11-17T10:59:46+00:00\" \/>\n<meta property=\"og:image\" content=\"https:\/\/ouryogashop.com\/wp-content\/uploads\/2020\/11\/moola-bandha.jpg\" \/>\n\t<meta property=\"og:image:width\" content=\"640\" \/>\n\t<meta property=\"og:image:height\" content=\"640\" \/>\n\t<meta property=\"og:image:type\" content=\"image\/jpeg\" \/>\n<meta name=\"twitter:card\" content=\"summary_large_image\" \/>\n<meta name=\"twitter:site\" content=\"@OurYogaShop\" \/>\n<meta name=\"twitter:label1\" content=\"Pris\" \/>\n\t<meta name=\"twitter:data1\" content=\"169,00&#107;&#114;\" \/>\n\t<meta name=\"twitter:label2\" content=\"Tillg\u00e4nglig\" \/>\n\t<meta name=\"twitter:data2\" content=\"I lager\" \/>\n<script type=\"application\/ld+json\" class=\"yoast-schema-graph\">{\"@context\":\"https:\\\/\\\/schema.org\",\"@graph\":[{\"@type\":\"WebPage\",\"@id\":\"https:\\\/\\\/ouryogashop.com\\\/sv\\\/product\\\/moola-banda-the-master-key-swami-buddhananda\\\/\",\"url\":\"https:\\\/\\\/ouryogashop.com\\\/sv\\\/product\\\/moola-banda-the-master-key-swami-buddhananda\\\/\",\"name\":\"Moola Banda \u2013 The master Key - Swami Buddhananda - OurYogaShop\",\"isPartOf\":{\"@id\":\"https:\\\/\\\/ouryogashop.com\\\/sv\\\/#website\"},\"primaryImageOfPage\":{\"@id\":\"https:\\\/\\\/ouryogashop.com\\\/sv\\\/product\\\/moola-banda-the-master-key-swami-buddhananda\\\/#primaryimage\"},\"image\":{\"@id\":\"https:\\\/\\\/ouryogashop.com\\\/sv\\\/product\\\/moola-banda-the-master-key-swami-buddhananda\\\/#primaryimage\"},\"thumbnailUrl\":\"https:\\\/\\\/ouryogashop.com\\\/wp-content\\\/uploads\\\/2020\\\/11\\\/moola-bandha.jpg\",\"datePublished\":\"2020-11-19T14:39:19+00:00\",\"dateModified\":\"2022-11-17T10:59:46+00:00\",\"description\":\"Moola Bandha - Master Key \u00e4r f\u00f6r de dedikerade yogaut\u00f6varna som letar efter huvudnyckeln f\u00f6r att l\u00e5sa upp hemmet f\u00f6r maha kundalini.\",\"breadcrumb\":{\"@id\":\"https:\\\/\\\/ouryogashop.com\\\/sv\\\/product\\\/moola-banda-the-master-key-swami-buddhananda\\\/#breadcrumb\"},\"inLanguage\":\"sv-SE\",\"potentialAction\":[{\"@type\":\"ReadAction\",\"target\":[\"https:\\\/\\\/ouryogashop.com\\\/sv\\\/product\\\/moola-banda-the-master-key-swami-buddhananda\\\/\"]}]},{\"@type\":\"ImageObject\",\"inLanguage\":\"sv-SE\",\"@id\":\"https:\\\/\\\/ouryogashop.com\\\/sv\\\/product\\\/moola-banda-the-master-key-swami-buddhananda\\\/#primaryimage\",\"url\":\"https:\\\/\\\/ouryogashop.com\\\/wp-content\\\/uploads\\\/2020\\\/11\\\/moola-bandha.jpg\",\"contentUrl\":\"https:\\\/\\\/ouryogashop.com\\\/wp-content\\\/uploads\\\/2020\\\/11\\\/moola-bandha.jpg\",\"width\":640,\"height\":640},{\"@type\":\"BreadcrumbList\",\"@id\":\"https:\\\/\\\/ouryogashop.com\\\/sv\\\/product\\\/moola-banda-the-master-key-swami-buddhananda\\\/#breadcrumb\",\"itemListElement\":[{\"@type\":\"ListItem\",\"position\":1,\"name\":\"Hem\",\"item\":\"https:\\\/\\\/ouryogashop.com\\\/sv\\\/\"},{\"@type\":\"ListItem\",\"position\":2,\"name\":\"Yoga Butik\",\"item\":\"https:\\\/\\\/ouryogashop.com\\\/sv\\\/yoga-butik\\\/\"},{\"@type\":\"ListItem\",\"position\":3,\"name\":\"Yogalitteratur\",\"item\":\"https:\\\/\\\/ouryogashop.com\\\/sv\\\/produkt-kategori\\\/yogalitteratur\\\/\"},{\"@type\":\"ListItem\",\"position\":4,\"name\":\"Moola Banda \u2013 The master Key &#8211; Swami Buddhananda\"}]},{\"@type\":\"WebSite\",\"@id\":\"https:\\\/\\\/ouryogashop.com\\\/sv\\\/#website\",\"url\":\"https:\\\/\\\/ouryogashop.com\\\/sv\\\/\",\"name\":\"OurYogaShop\",\"description\":\"The best yoga mats ever!\",\"publisher\":{\"@id\":\"https:\\\/\\\/ouryogashop.com\\\/sv\\\/#organization\"},\"potentialAction\":[{\"@type\":\"SearchAction\",\"target\":{\"@type\":\"EntryPoint\",\"urlTemplate\":\"https:\\\/\\\/ouryogashop.com\\\/sv\\\/?s={search_term_string}\"},\"query-input\":{\"@type\":\"PropertyValueSpecification\",\"valueRequired\":true,\"valueName\":\"search_term_string\"}}],\"inLanguage\":\"sv-SE\"},{\"@type\":\"Organization\",\"@id\":\"https:\\\/\\\/ouryogashop.com\\\/sv\\\/#organization\",\"name\":\"OurYogaShop\",\"url\":\"https:\\\/\\\/ouryogashop.com\\\/sv\\\/\",\"logo\":{\"@type\":\"ImageObject\",\"inLanguage\":\"sv-SE\",\"@id\":\"https:\\\/\\\/ouryogashop.com\\\/sv\\\/#\\\/schema\\\/logo\\\/image\\\/\",\"url\":\"https:\\\/\\\/ouryogashop.com\\\/wp-content\\\/uploads\\\/2019\\\/05\\\/OYS-Logo.png\",\"contentUrl\":\"https:\\\/\\\/ouryogashop.com\\\/wp-content\\\/uploads\\\/2019\\\/05\\\/OYS-Logo.png\",\"width\":500,\"height\":371,\"caption\":\"OurYogaShop\"},\"image\":{\"@id\":\"https:\\\/\\\/ouryogashop.com\\\/sv\\\/#\\\/schema\\\/logo\\\/image\\\/\"},\"sameAs\":[\"https:\\\/\\\/www.facebook.com\\\/ouryogashopcom\\\/\",\"https:\\\/\\\/x.com\\\/OurYogaShop\",\"https:\\\/\\\/www.instagram.com\\\/ouryogashop\\\/\"]}]}<\/script>\n<meta property=\"product:price:amount\" content=\"169.00\" \/>\n<meta property=\"product:price:currency\" content=\"SEK\" \/>\n<meta property=\"og:availability\" content=\"instock\" \/>\n<meta property=\"product:availability\" content=\"instock\" \/>\n<meta property=\"product:retailer_item_id\" content=\"OYS20032\" \/>\n<meta property=\"product:condition\" content=\"new\" \/>\n<!-- \/ Yoast SEO Premium plugin. -->","yoast_head_json":{"title":"Moola Banda \u2013 The master Key - Swami Buddhananda - OurYogaShop","description":"Moola Bandha - Master Key \u00e4r f\u00f6r de dedikerade yogaut\u00f6varna som letar efter huvudnyckeln f\u00f6r att l\u00e5sa upp hemmet f\u00f6r maha kundalini.","robots":{"index":"index","follow":"follow","max-snippet":"max-snippet:-1","max-image-preview":"max-image-preview:large","max-video-preview":"max-video-preview:-1"},"canonical":"https:\/\/ouryogashop.com\/sv\/product\/moola-banda-the-master-key-swami-buddhananda\/","og_locale":"sv_SE","og_type":"article","og_title":"Moola Banda \u2013 The master Key - Swami Buddhananda","og_description":"Moola Bandha - Master Key \u00e4r f\u00f6r de dedikerade yogaut\u00f6varna som letar efter huvudnyckeln f\u00f6r att l\u00e5sa upp hemmet f\u00f6r maha kundalini.","og_url":"https:\/\/ouryogashop.com\/sv\/product\/moola-banda-the-master-key-swami-buddhananda\/","og_site_name":"OurYogaShop","article_publisher":"https:\/\/www.facebook.com\/ouryogashopcom\/","article_modified_time":"2022-11-17T10:59:46+00:00","og_image":[{"width":640,"height":640,"url":"https:\/\/ouryogashop.com\/wp-content\/uploads\/2020\/11\/moola-bandha.jpg","type":"image\/jpeg"}],"twitter_card":"summary_large_image","twitter_site":"@OurYogaShop","twitter_misc":{"Pris":"169,00&#107;&#114;","Tillg\u00e4nglig":"I lager"},"schema":{"@context":"https:\/\/schema.org","@graph":[{"@type":"WebPage","@id":"https:\/\/ouryogashop.com\/sv\/product\/moola-banda-the-master-key-swami-buddhananda\/","url":"https:\/\/ouryogashop.com\/sv\/product\/moola-banda-the-master-key-swami-buddhananda\/","name":"Moola Banda \u2013 The master Key - Swami Buddhananda - OurYogaShop","isPartOf":{"@id":"https:\/\/ouryogashop.com\/sv\/#website"},"primaryImageOfPage":{"@id":"https:\/\/ouryogashop.com\/sv\/product\/moola-banda-the-master-key-swami-buddhananda\/#primaryimage"},"image":{"@id":"https:\/\/ouryogashop.com\/sv\/product\/moola-banda-the-master-key-swami-buddhananda\/#primaryimage"},"thumbnailUrl":"https:\/\/ouryogashop.com\/wp-content\/uploads\/2020\/11\/moola-bandha.jpg","datePublished":"2020-11-19T14:39:19+00:00","dateModified":"2022-11-17T10:59:46+00:00","description":"Moola Bandha - Master Key \u00e4r f\u00f6r de dedikerade yogaut\u00f6varna som letar efter huvudnyckeln f\u00f6r att l\u00e5sa upp hemmet f\u00f6r maha kundalini.","breadcrumb":{"@id":"https:\/\/ouryogashop.com\/sv\/product\/moola-banda-the-master-key-swami-buddhananda\/#breadcrumb"},"inLanguage":"sv-SE","potentialAction":[{"@type":"ReadAction","target":["https:\/\/ouryogashop.com\/sv\/product\/moola-banda-the-master-key-swami-buddhananda\/"]}]},{"@type":"ImageObject","inLanguage":"sv-SE","@id":"https:\/\/ouryogashop.com\/sv\/product\/moola-banda-the-master-key-swami-buddhananda\/#primaryimage","url":"https:\/\/ouryogashop.com\/wp-content\/uploads\/2020\/11\/moola-bandha.jpg","contentUrl":"https:\/\/ouryogashop.com\/wp-content\/uploads\/2020\/11\/moola-bandha.jpg","width":640,"height":640},{"@type":"BreadcrumbList","@id":"https:\/\/ouryogashop.com\/sv\/product\/moola-banda-the-master-key-swami-buddhananda\/#breadcrumb","itemListElement":[{"@type":"ListItem","position":1,"name":"Hem","item":"https:\/\/ouryogashop.com\/sv\/"},{"@type":"ListItem","position":2,"name":"Yoga Butik","item":"https:\/\/ouryogashop.com\/sv\/yoga-butik\/"},{"@type":"ListItem","position":3,"name":"Yogalitteratur","item":"https:\/\/ouryogashop.com\/sv\/produkt-kategori\/yogalitteratur\/"},{"@type":"ListItem","position":4,"name":"Moola Banda \u2013 The master Key &#8211; Swami Buddhananda"}]},{"@type":"WebSite","@id":"https:\/\/ouryogashop.com\/sv\/#website","url":"https:\/\/ouryogashop.com\/sv\/","name":"OurYogaShop","description":"The best yoga mats ever!","publisher":{"@id":"https:\/\/ouryogashop.com\/sv\/#organization"},"potentialAction":[{"@type":"SearchAction","target":{"@type":"EntryPoint","urlTemplate":"https:\/\/ouryogashop.com\/sv\/?s={search_term_string}"},"query-input":{"@type":"PropertyValueSpecification","valueRequired":true,"valueName":"search_term_string"}}],"inLanguage":"sv-SE"},{"@type":"Organization","@id":"https:\/\/ouryogashop.com\/sv\/#organization","name":"OurYogaShop","url":"https:\/\/ouryogashop.com\/sv\/","logo":{"@type":"ImageObject","inLanguage":"sv-SE","@id":"https:\/\/ouryogashop.com\/sv\/#\/schema\/logo\/image\/","url":"https:\/\/ouryogashop.com\/wp-content\/uploads\/2019\/05\/OYS-Logo.png","contentUrl":"https:\/\/ouryogashop.com\/wp-content\/uploads\/2019\/05\/OYS-Logo.png","width":500,"height":371,"caption":"OurYogaShop"},"image":{"@id":"https:\/\/ouryogashop.com\/sv\/#\/schema\/logo\/image\/"},"sameAs":["https:\/\/www.facebook.com\/ouryogashopcom\/","https:\/\/x.com\/OurYogaShop","https:\/\/www.instagram.com\/ouryogashop\/"]}]},"product_price_amount":"169.00","product_price_currency":"SEK","og_availability":"instock","product_availability":"instock","product_retailer_item_id":"OYS20032","product_condition":"new"},"_links":{"self":[{"href":"https:\/\/ouryogashop.com\/sv\/wp-json\/wp\/v2\/product\/145324","targetHints":{"allow":["GET"]}}],"collection":[{"href":"https:\/\/ouryogashop.com\/sv\/wp-json\/wp\/v2\/product"}],"about":[{"href":"https:\/\/ouryogashop.com\/sv\/wp-json\/wp\/v2\/types\/product"}],"replies":[{"embeddable":true,"href":"https:\/\/ouryogashop.com\/sv\/wp-json\/wp\/v2\/comments?post=145324"}],"wp:featuredmedia":[{"embeddable":true,"href":"https:\/\/ouryogashop.com\/sv\/wp-json\/wp\/v2\/media\/145326"}],"wp:attachment":[{"href":"https:\/\/ouryogashop.com\/sv\/wp-json\/wp\/v2\/media?parent=145324"}],"wp:term":[{"taxonomy":"product_brand","embeddable":true,"href":"https:\/\/ouryogashop.com\/sv\/wp-json\/wp\/v2\/product_brand?post=145324"},{"taxonomy":"product_cat","embeddable":true,"href":"https:\/\/ouryogashop.com\/sv\/wp-json\/wp\/v2\/product_cat?post=145324"},{"taxonomy":"product_tag","embeddable":true,"href":"https:\/\/ouryogashop.com\/sv\/wp-json\/wp\/v2\/product_tag?post=145324"}],"curies":[{"name":"wp","href":"https:\/\/api.w.org\/{rel}","templated":true}]}}