{"id":147536,"date":"2020-12-10T14:44:49","date_gmt":"2020-12-10T12:44:49","guid":{"rendered":"https:\/\/ouryogashop.com\/?post_type=product&#038;p=147536"},"modified":"2025-07-07T01:05:19","modified_gmt":"2025-07-06T23:05:19","slug":"bomullsfilt-thunder-manduka","status":"publish","type":"product","link":"https:\/\/ouryogashop.com\/sv\/product\/bomullsfilt-thunder-manduka\/","title":{"rendered":"Bomullsfilt Thunder Manduka"},"content":{"rendered":"<div class=\"wpb-content-wrapper\"><p>[vc_row][vc_column width=&#8221;1\/1&#8243;][uncode_block id=&#8221;147545&#8243;][\/vc_column][\/vc_row][vc_row][vc_column width=&#8221;1\/1&#8243;][uncode_block id=&#8221;79511&#8243;][\/vc_column][\/vc_row]<\/p>\n<\/div>","protected":false},"excerpt":{"rendered":"<h2>Bomullsfilt Thunder Manduka<\/h2>\n<p><strong>Egenskaper<\/strong><br \/>\nDimensioner: 65cm x 211cm<br \/>\n52.5% \u00c5tervunnen Bomull, 35% \u00c5tervunnen Akryl, 12.5% Polyester<br \/>\nH\u00f6g kvalitet av peruansk bomullsblandning<br \/>\nOverlock kants\u00f6mmar f\u00f6r att f\u00f6rhindra slitage<br \/>\nInga &#8221;noppor&#8221; efter tv\u00e4tt<br \/>\nVik, rulla och stapla p\u00e5 ett s\u00e4tt som st\u00f6der din st\u00e4llning<\/p>\n","protected":false},"featured_media":147538,"comment_status":"open","ping_status":"closed","template":"","meta":[],"product_brand":[],"product_cat":[1543,1544,355],"product_tag":[3450,1408],"class_list":{"0":"post-147536","1":"product","2":"type-product","3":"status-publish","4":"has-post-thumbnail","6":"product_cat-yoga-tillbehor-sv","7":"product_cat-yogafilt","8":"product_cat-manduka-sv","9":"product_tag-bomullsfilt","10":"product_tag-thunder-sv","11":"product_shipping_class-flera-produkter-sv","12":"pa_length-group-208cm-sv","13":"pa_material-bomull","14":"pa_product-type-yogafilt","15":"pa_thick-group-1cm-sv","16":"pa_weight-group-1-2-kg-sv","17":"pa_width-group-152cm-sv","19":"first","20":"instock","21":"taxable","22":"shipping-taxable","23":"purchasable","24":"product-type-simple"},"yoast_head":"<!-- This site is optimized with the Yoast SEO Premium plugin v27.5 (Yoast SEO v27.5) - https:\/\/yoast.com\/product\/yoast-seo-premium-wordpress\/ -->\n<title>Ullfilt av \u00e5tervunnet material Manduka f\u00f6r yoga - OurYogaShop<\/title>\n<meta name=\"description\" content=\"Bomullsfilt Thunder Manduka\" \/>\n<meta name=\"robots\" content=\"index, follow, max-snippet:-1, max-image-preview:large, max-video-preview:-1\" \/>\n<link rel=\"canonical\" href=\"https:\/\/ouryogashop.com\/sv\/product\/bomullsfilt-thunder-manduka\/\" \/>\n<meta property=\"og:locale\" content=\"sv_SE\" \/>\n<meta property=\"og:type\" content=\"article\" \/>\n<meta property=\"og:title\" content=\"Bomullsfilt Thunder Manduka\" \/>\n<meta property=\"og:description\" content=\"Bomullsfilt Thunder Manduka\" \/>\n<meta property=\"og:url\" content=\"https:\/\/ouryogashop.com\/sv\/product\/bomullsfilt-thunder-manduka\/\" \/>\n<meta property=\"og:site_name\" content=\"OurYogaShop\" \/>\n<meta property=\"article:publisher\" content=\"https:\/\/www.facebook.com\/ouryogashopcom\/\" \/>\n<meta property=\"article:modified_time\" content=\"2025-07-06T23:05:19+00:00\" \/>\n<meta property=\"og:image\" content=\"https:\/\/ouryogashop.com\/wp-content\/uploads\/2020\/12\/cotton-blanket-thunder.jpg\" \/>\n\t<meta property=\"og:image:width\" content=\"870\" \/>\n\t<meta property=\"og:image:height\" content=\"1014\" \/>\n\t<meta property=\"og:image:type\" content=\"image\/jpeg\" \/>\n<meta name=\"twitter:card\" content=\"summary_large_image\" \/>\n<meta name=\"twitter:site\" content=\"@OurYogaShop\" \/>\n<meta name=\"twitter:label1\" content=\"Pris\" \/>\n\t<meta name=\"twitter:data1\" content=\"550,00&#107;&#114;\" \/>\n\t<meta name=\"twitter:label2\" content=\"Tillg\u00e4nglig\" \/>\n\t<meta name=\"twitter:data2\" content=\"I lager\" \/>\n<script type=\"application\/ld+json\" class=\"yoast-schema-graph\">{\"@context\":\"https:\\\/\\\/schema.org\",\"@graph\":[{\"@type\":\"WebPage\",\"@id\":\"https:\\\/\\\/ouryogashop.com\\\/sv\\\/product\\\/bomullsfilt-thunder-manduka\\\/\",\"url\":\"https:\\\/\\\/ouryogashop.com\\\/sv\\\/product\\\/bomullsfilt-thunder-manduka\\\/\",\"name\":\"Ullfilt av \u00e5tervunnet material Manduka f\u00f6r yoga - OurYogaShop\",\"isPartOf\":{\"@id\":\"https:\\\/\\\/ouryogashop.com\\\/sv\\\/#website\"},\"primaryImageOfPage\":{\"@id\":\"https:\\\/\\\/ouryogashop.com\\\/sv\\\/product\\\/bomullsfilt-thunder-manduka\\\/#primaryimage\"},\"image\":{\"@id\":\"https:\\\/\\\/ouryogashop.com\\\/sv\\\/product\\\/bomullsfilt-thunder-manduka\\\/#primaryimage\"},\"thumbnailUrl\":\"https:\\\/\\\/ouryogashop.com\\\/wp-content\\\/uploads\\\/2020\\\/12\\\/cotton-blanket-thunder.jpg\",\"datePublished\":\"2020-12-10T12:44:49+00:00\",\"dateModified\":\"2025-07-06T23:05:19+00:00\",\"description\":\"Bomullsfilt Thunder Manduka\",\"breadcrumb\":{\"@id\":\"https:\\\/\\\/ouryogashop.com\\\/sv\\\/product\\\/bomullsfilt-thunder-manduka\\\/#breadcrumb\"},\"inLanguage\":\"sv-SE\",\"potentialAction\":[{\"@type\":\"ReadAction\",\"target\":[\"https:\\\/\\\/ouryogashop.com\\\/sv\\\/product\\\/bomullsfilt-thunder-manduka\\\/\"]}]},{\"@type\":\"ImageObject\",\"inLanguage\":\"sv-SE\",\"@id\":\"https:\\\/\\\/ouryogashop.com\\\/sv\\\/product\\\/bomullsfilt-thunder-manduka\\\/#primaryimage\",\"url\":\"https:\\\/\\\/ouryogashop.com\\\/wp-content\\\/uploads\\\/2020\\\/12\\\/cotton-blanket-thunder.jpg\",\"contentUrl\":\"https:\\\/\\\/ouryogashop.com\\\/wp-content\\\/uploads\\\/2020\\\/12\\\/cotton-blanket-thunder.jpg\",\"width\":870,\"height\":1014,\"caption\":\"Bomullsfilt Thunder Manduka\"},{\"@type\":\"BreadcrumbList\",\"@id\":\"https:\\\/\\\/ouryogashop.com\\\/sv\\\/product\\\/bomullsfilt-thunder-manduka\\\/#breadcrumb\",\"itemListElement\":[{\"@type\":\"ListItem\",\"position\":1,\"name\":\"Hem\",\"item\":\"https:\\\/\\\/ouryogashop.com\\\/sv\\\/\"},{\"@type\":\"ListItem\",\"position\":2,\"name\":\"Yoga Butik\",\"item\":\"https:\\\/\\\/ouryogashop.com\\\/sv\\\/yoga-butik\\\/\"},{\"@type\":\"ListItem\",\"position\":3,\"name\":\"Yoga Tillbeh\u00f6r\",\"item\":\"https:\\\/\\\/ouryogashop.com\\\/sv\\\/produkt-kategori\\\/yoga-tillbehor-sv\\\/\"},{\"@type\":\"ListItem\",\"position\":4,\"name\":\"Yogafilt\",\"item\":\"https:\\\/\\\/ouryogashop.com\\\/sv\\\/produkt-kategori\\\/yoga-tillbehor-sv\\\/yogafilt\\\/\"},{\"@type\":\"ListItem\",\"position\":5,\"name\":\"Bomullsfilt Thunder Manduka\"}]},{\"@type\":\"WebSite\",\"@id\":\"https:\\\/\\\/ouryogashop.com\\\/sv\\\/#website\",\"url\":\"https:\\\/\\\/ouryogashop.com\\\/sv\\\/\",\"name\":\"OurYogaShop\",\"description\":\"The best yoga mats ever!\",\"publisher\":{\"@id\":\"https:\\\/\\\/ouryogashop.com\\\/sv\\\/#organization\"},\"potentialAction\":[{\"@type\":\"SearchAction\",\"target\":{\"@type\":\"EntryPoint\",\"urlTemplate\":\"https:\\\/\\\/ouryogashop.com\\\/sv\\\/?s={search_term_string}\"},\"query-input\":{\"@type\":\"PropertyValueSpecification\",\"valueRequired\":true,\"valueName\":\"search_term_string\"}}],\"inLanguage\":\"sv-SE\"},{\"@type\":\"Organization\",\"@id\":\"https:\\\/\\\/ouryogashop.com\\\/sv\\\/#organization\",\"name\":\"OurYogaShop\",\"url\":\"https:\\\/\\\/ouryogashop.com\\\/sv\\\/\",\"logo\":{\"@type\":\"ImageObject\",\"inLanguage\":\"sv-SE\",\"@id\":\"https:\\\/\\\/ouryogashop.com\\\/sv\\\/#\\\/schema\\\/logo\\\/image\\\/\",\"url\":\"https:\\\/\\\/ouryogashop.com\\\/wp-content\\\/uploads\\\/2019\\\/05\\\/OYS-Logo.png\",\"contentUrl\":\"https:\\\/\\\/ouryogashop.com\\\/wp-content\\\/uploads\\\/2019\\\/05\\\/OYS-Logo.png\",\"width\":500,\"height\":371,\"caption\":\"OurYogaShop\"},\"image\":{\"@id\":\"https:\\\/\\\/ouryogashop.com\\\/sv\\\/#\\\/schema\\\/logo\\\/image\\\/\"},\"sameAs\":[\"https:\\\/\\\/www.facebook.com\\\/ouryogashopcom\\\/\",\"https:\\\/\\\/x.com\\\/OurYogaShop\",\"https:\\\/\\\/www.instagram.com\\\/ouryogashop\\\/\"]}]}<\/script>\n<meta property=\"product:brand\" content=\"Manduka\" \/>\n<meta property=\"product:price:amount\" content=\"550.00\" \/>\n<meta property=\"product:price:currency\" content=\"SEK\" \/>\n<meta property=\"og:availability\" content=\"instock\" \/>\n<meta property=\"product:availability\" content=\"instock\" \/>\n<meta property=\"product:retailer_item_id\" content=\"MD40040\" \/>\n<meta property=\"product:condition\" content=\"new\" \/>\n<!-- \/ Yoast SEO Premium plugin. -->","yoast_head_json":{"title":"Ullfilt av \u00e5tervunnet material Manduka f\u00f6r yoga - OurYogaShop","description":"Bomullsfilt Thunder Manduka","robots":{"index":"index","follow":"follow","max-snippet":"max-snippet:-1","max-image-preview":"max-image-preview:large","max-video-preview":"max-video-preview:-1"},"canonical":"https:\/\/ouryogashop.com\/sv\/product\/bomullsfilt-thunder-manduka\/","og_locale":"sv_SE","og_type":"article","og_title":"Bomullsfilt Thunder Manduka","og_description":"Bomullsfilt Thunder Manduka","og_url":"https:\/\/ouryogashop.com\/sv\/product\/bomullsfilt-thunder-manduka\/","og_site_name":"OurYogaShop","article_publisher":"https:\/\/www.facebook.com\/ouryogashopcom\/","article_modified_time":"2025-07-06T23:05:19+00:00","og_image":[{"width":870,"height":1014,"url":"https:\/\/ouryogashop.com\/wp-content\/uploads\/2020\/12\/cotton-blanket-thunder.jpg","type":"image\/jpeg"}],"twitter_card":"summary_large_image","twitter_site":"@OurYogaShop","twitter_misc":{"Pris":"550,00&#107;&#114;","Tillg\u00e4nglig":"I lager"},"schema":{"@context":"https:\/\/schema.org","@graph":[{"@type":"WebPage","@id":"https:\/\/ouryogashop.com\/sv\/product\/bomullsfilt-thunder-manduka\/","url":"https:\/\/ouryogashop.com\/sv\/product\/bomullsfilt-thunder-manduka\/","name":"Ullfilt av \u00e5tervunnet material Manduka f\u00f6r yoga - OurYogaShop","isPartOf":{"@id":"https:\/\/ouryogashop.com\/sv\/#website"},"primaryImageOfPage":{"@id":"https:\/\/ouryogashop.com\/sv\/product\/bomullsfilt-thunder-manduka\/#primaryimage"},"image":{"@id":"https:\/\/ouryogashop.com\/sv\/product\/bomullsfilt-thunder-manduka\/#primaryimage"},"thumbnailUrl":"https:\/\/ouryogashop.com\/wp-content\/uploads\/2020\/12\/cotton-blanket-thunder.jpg","datePublished":"2020-12-10T12:44:49+00:00","dateModified":"2025-07-06T23:05:19+00:00","description":"Bomullsfilt Thunder Manduka","breadcrumb":{"@id":"https:\/\/ouryogashop.com\/sv\/product\/bomullsfilt-thunder-manduka\/#breadcrumb"},"inLanguage":"sv-SE","potentialAction":[{"@type":"ReadAction","target":["https:\/\/ouryogashop.com\/sv\/product\/bomullsfilt-thunder-manduka\/"]}]},{"@type":"ImageObject","inLanguage":"sv-SE","@id":"https:\/\/ouryogashop.com\/sv\/product\/bomullsfilt-thunder-manduka\/#primaryimage","url":"https:\/\/ouryogashop.com\/wp-content\/uploads\/2020\/12\/cotton-blanket-thunder.jpg","contentUrl":"https:\/\/ouryogashop.com\/wp-content\/uploads\/2020\/12\/cotton-blanket-thunder.jpg","width":870,"height":1014,"caption":"Bomullsfilt Thunder Manduka"},{"@type":"BreadcrumbList","@id":"https:\/\/ouryogashop.com\/sv\/product\/bomullsfilt-thunder-manduka\/#breadcrumb","itemListElement":[{"@type":"ListItem","position":1,"name":"Hem","item":"https:\/\/ouryogashop.com\/sv\/"},{"@type":"ListItem","position":2,"name":"Yoga Butik","item":"https:\/\/ouryogashop.com\/sv\/yoga-butik\/"},{"@type":"ListItem","position":3,"name":"Yoga Tillbeh\u00f6r","item":"https:\/\/ouryogashop.com\/sv\/produkt-kategori\/yoga-tillbehor-sv\/"},{"@type":"ListItem","position":4,"name":"Yogafilt","item":"https:\/\/ouryogashop.com\/sv\/produkt-kategori\/yoga-tillbehor-sv\/yogafilt\/"},{"@type":"ListItem","position":5,"name":"Bomullsfilt Thunder Manduka"}]},{"@type":"WebSite","@id":"https:\/\/ouryogashop.com\/sv\/#website","url":"https:\/\/ouryogashop.com\/sv\/","name":"OurYogaShop","description":"The best yoga mats ever!","publisher":{"@id":"https:\/\/ouryogashop.com\/sv\/#organization"},"potentialAction":[{"@type":"SearchAction","target":{"@type":"EntryPoint","urlTemplate":"https:\/\/ouryogashop.com\/sv\/?s={search_term_string}"},"query-input":{"@type":"PropertyValueSpecification","valueRequired":true,"valueName":"search_term_string"}}],"inLanguage":"sv-SE"},{"@type":"Organization","@id":"https:\/\/ouryogashop.com\/sv\/#organization","name":"OurYogaShop","url":"https:\/\/ouryogashop.com\/sv\/","logo":{"@type":"ImageObject","inLanguage":"sv-SE","@id":"https:\/\/ouryogashop.com\/sv\/#\/schema\/logo\/image\/","url":"https:\/\/ouryogashop.com\/wp-content\/uploads\/2019\/05\/OYS-Logo.png","contentUrl":"https:\/\/ouryogashop.com\/wp-content\/uploads\/2019\/05\/OYS-Logo.png","width":500,"height":371,"caption":"OurYogaShop"},"image":{"@id":"https:\/\/ouryogashop.com\/sv\/#\/schema\/logo\/image\/"},"sameAs":["https:\/\/www.facebook.com\/ouryogashopcom\/","https:\/\/x.com\/OurYogaShop","https:\/\/www.instagram.com\/ouryogashop\/"]}]},"product_brand":"Manduka","product_price_amount":"550.00","product_price_currency":"SEK","og_availability":"instock","product_availability":"instock","product_retailer_item_id":"MD40040","product_condition":"new"},"_links":{"self":[{"href":"https:\/\/ouryogashop.com\/sv\/wp-json\/wp\/v2\/product\/147536","targetHints":{"allow":["GET"]}}],"collection":[{"href":"https:\/\/ouryogashop.com\/sv\/wp-json\/wp\/v2\/product"}],"about":[{"href":"https:\/\/ouryogashop.com\/sv\/wp-json\/wp\/v2\/types\/product"}],"replies":[{"embeddable":true,"href":"https:\/\/ouryogashop.com\/sv\/wp-json\/wp\/v2\/comments?post=147536"}],"wp:featuredmedia":[{"embeddable":true,"href":"https:\/\/ouryogashop.com\/sv\/wp-json\/wp\/v2\/media\/147538"}],"wp:attachment":[{"href":"https:\/\/ouryogashop.com\/sv\/wp-json\/wp\/v2\/media?parent=147536"}],"wp:term":[{"taxonomy":"product_brand","embeddable":true,"href":"https:\/\/ouryogashop.com\/sv\/wp-json\/wp\/v2\/product_brand?post=147536"},{"taxonomy":"product_cat","embeddable":true,"href":"https:\/\/ouryogashop.com\/sv\/wp-json\/wp\/v2\/product_cat?post=147536"},{"taxonomy":"product_tag","embeddable":true,"href":"https:\/\/ouryogashop.com\/sv\/wp-json\/wp\/v2\/product_tag?post=147536"}],"curies":[{"name":"wp","href":"https:\/\/api.w.org\/{rel}","templated":true}]}}