{"id":152157,"date":"2021-04-11T18:27:13","date_gmt":"2021-04-11T16:27:13","guid":{"rendered":"https:\/\/ouryogashop.com\/?post_type=product&#038;p=152157"},"modified":"2025-02-08T10:37:56","modified_gmt":"2025-02-08T08:37:56","slug":"yoga-ullmatta-ekologisk-ooo-nature-white","status":"publish","type":"product","link":"https:\/\/ouryogashop.com\/sv\/product\/yoga-ullmatta-ekologisk-ooo-nature-white\/","title":{"rendered":"Yoga Ullmatta Ekologisk OOO Nature White"},"content":{"rendered":"<div class=\"wpb-content-wrapper\"><p>[vc_row][vc_column width=&#8221;1\/1&#8243;][uncode_block id=&#8221;92137&#8243;][\/vc_column][\/vc_row]<\/p>\n<\/div>","protected":false},"excerpt":{"rendered":"<h2>OOO Yoga Ullmatta Nature White<\/h2>\n<p><strong><em>Denna fanstastiska yoga ullmatta har allt;<\/em><\/strong> Virgin Wool, Ekologisk, Oeko-Tex latex undersida, Mjuk, Varm &amp; Sk\u00f6n<\/p>\n<p>Ger tillbaka till v\u00e5ra \u00e4lskade yogal\u00e4rare och studios ist\u00e4llet f\u00f6r hungriga investerare. Fr\u00e5n ett Svenskt Familjef\u00f6retag.<\/p>\n<p><strong><em>\u201cKeep Your Circles Positive\u201d<\/em><\/strong><\/p>\n<p>&#8211; Beh\u00f6ver du ett passande yogafodral?<\/p>\n<p><a href=\"https:\/\/ouryogashop.com\/shop\/yoga-accessories\/yoga-bag\/yoga-bag-wool-mat-cotton-ooo\/\">H\u00e4r hittar du ett (klicka)&#8230;<\/a><\/p>\n","protected":false},"featured_media":152561,"comment_status":"open","ping_status":"closed","template":"","meta":[],"product_brand":[],"product_cat":[382,3552,356,1647,3557,379,3694],"product_tag":[1677,3684,1862,1649,1651,1652],"class_list":{"0":"post-152157","1":"product","2":"type-product","3":"status-publish","4":"has-post-thumbnail","6":"product_cat-yogamatta","7":"product_cat-ooo-yogamatta","8":"product_cat-yogamatta-eko","9":"product_cat-yogamatta-ull","10":"product_cat-yogamatta-ooo-yogamatta","11":"product_cat-ooo-sv","12":"product_cat-yoga-ullmatta-ooo-woool","13":"product_tag-yoga-matta-farull-ekologisk","14":"product_tag-virgin-wool-ullmatta","15":"product_tag-kampanjpris","16":"product_tag-restorative-yogamatta","17":"product_tag-yogamatta-for-meditation","18":"product_tag-yin-yoga-yogamatta","19":"product_shipping_class-stor-produkt-sv","20":"pa_length-group-200cm-sv","21":"pa_material-halkfritt-latexunderlag","22":"pa_material-ecologic-sv","23":"pa_material-virgin-wool-sv","24":"pa_material-ull","25":"pa_product-type-lang-yogamatta","26":"pa_product-type-tjock-yogamatta","27":"pa_product-type-standard-yoga-mat-sv","28":"pa_product-type-wide-yoga-mat-sv","29":"pa_thick-group-2cm-sv","30":"pa_weight-group-2-3-kg-sv","31":"pa_width-group-80cm-sv","33":"first","34":"outofstock","35":"taxable","36":"shipping-taxable","37":"purchasable","38":"product-type-simple"},"yoast_head":"<!-- This site is optimized with the Yoast SEO Premium plugin v27.3 (Yoast SEO v27.4) - https:\/\/yoast.com\/product\/yoast-seo-premium-wordpress\/ -->\n<title>Yoga Ullmatta Ekologisk OOO Nature White - OurYogaShop<\/title>\n<meta name=\"description\" content=\"OOO Yoga Ullmatta Nature White - Yogamatta som \u00e4r Ekologisk, Tillverkad av Virgin Wool, Varm &amp; Sk\u00f6n fr\u00e5n ett Svenskt Familjef\u00f6retag som ger tillbaka till yogan och samh\u00e4llet!\" \/>\n<meta name=\"robots\" content=\"index, follow, max-snippet:-1, max-image-preview:large, max-video-preview:-1\" \/>\n<link rel=\"canonical\" href=\"https:\/\/ouryogashop.com\/sv\/product\/yoga-ullmatta-ekologisk-ooo-nature-white\/\" \/>\n<meta property=\"og:locale\" content=\"sv_SE\" \/>\n<meta property=\"og:type\" content=\"article\" \/>\n<meta property=\"og:title\" content=\"Yoga Ullmatta Ekologisk OOO Nature White\" \/>\n<meta property=\"og:description\" content=\"OOO Yoga Ullmatta Nature White - Yogamatta som \u00e4r Ekologisk, Tillverkad av Virgin Wool, Varm &amp; Sk\u00f6n fr\u00e5n ett Svenskt Familjef\u00f6retag som ger tillbaka till yogan och samh\u00e4llet!\" \/>\n<meta property=\"og:url\" content=\"https:\/\/ouryogashop.com\/sv\/product\/yoga-ullmatta-ekologisk-ooo-nature-white\/\" \/>\n<meta property=\"og:site_name\" content=\"OurYogaShop\" \/>\n<meta property=\"article:publisher\" content=\"https:\/\/www.facebook.com\/ouryogashopcom\/\" \/>\n<meta property=\"article:modified_time\" content=\"2025-02-08T08:37:56+00:00\" \/>\n<meta property=\"og:image\" content=\"https:\/\/ouryogashop.com\/wp-content\/uploads\/2021\/04\/OOO-Yoga-wOOOl-Mat-nature-white-640px.jpg\" \/>\n\t<meta property=\"og:image:width\" content=\"640\" \/>\n\t<meta property=\"og:image:height\" content=\"640\" \/>\n\t<meta property=\"og:image:type\" content=\"image\/jpeg\" \/>\n<meta name=\"twitter:card\" content=\"summary_large_image\" \/>\n<meta name=\"twitter:site\" content=\"@OurYogaShop\" \/>\n<meta name=\"twitter:label1\" content=\"Pris\" \/>\n\t<meta name=\"twitter:data1\" content=\"1.295,00&#107;&#114;\" \/>\n\t<meta name=\"twitter:label2\" content=\"Tillg\u00e4nglig\" \/>\n\t<meta name=\"twitter:data2\" content=\"Slut i lager\" \/>\n<script type=\"application\/ld+json\" class=\"yoast-schema-graph\">{\"@context\":\"https:\\\/\\\/schema.org\",\"@graph\":[{\"@type\":\"WebPage\",\"@id\":\"https:\\\/\\\/ouryogashop.com\\\/sv\\\/product\\\/yoga-ullmatta-ekologisk-ooo-nature-white\\\/\",\"url\":\"https:\\\/\\\/ouryogashop.com\\\/sv\\\/product\\\/yoga-ullmatta-ekologisk-ooo-nature-white\\\/\",\"name\":\"Yoga Ullmatta Ekologisk OOO Nature White - OurYogaShop\",\"isPartOf\":{\"@id\":\"https:\\\/\\\/ouryogashop.com\\\/sv\\\/#website\"},\"primaryImageOfPage\":{\"@id\":\"https:\\\/\\\/ouryogashop.com\\\/sv\\\/product\\\/yoga-ullmatta-ekologisk-ooo-nature-white\\\/#primaryimage\"},\"image\":{\"@id\":\"https:\\\/\\\/ouryogashop.com\\\/sv\\\/product\\\/yoga-ullmatta-ekologisk-ooo-nature-white\\\/#primaryimage\"},\"thumbnailUrl\":\"https:\\\/\\\/ouryogashop.com\\\/wp-content\\\/uploads\\\/2021\\\/04\\\/OOO-Yoga-wOOOl-Mat-nature-white-640px.jpg\",\"datePublished\":\"2021-04-11T16:27:13+00:00\",\"dateModified\":\"2025-02-08T08:37:56+00:00\",\"description\":\"OOO Yoga Ullmatta Nature White - Yogamatta som \u00e4r Ekologisk, Tillverkad av Virgin Wool, Varm & Sk\u00f6n fr\u00e5n ett Svenskt Familjef\u00f6retag som ger tillbaka till yogan och samh\u00e4llet!\",\"breadcrumb\":{\"@id\":\"https:\\\/\\\/ouryogashop.com\\\/sv\\\/product\\\/yoga-ullmatta-ekologisk-ooo-nature-white\\\/#breadcrumb\"},\"inLanguage\":\"sv-SE\",\"potentialAction\":[{\"@type\":\"ReadAction\",\"target\":[\"https:\\\/\\\/ouryogashop.com\\\/sv\\\/product\\\/yoga-ullmatta-ekologisk-ooo-nature-white\\\/\"]}]},{\"@type\":\"ImageObject\",\"inLanguage\":\"sv-SE\",\"@id\":\"https:\\\/\\\/ouryogashop.com\\\/sv\\\/product\\\/yoga-ullmatta-ekologisk-ooo-nature-white\\\/#primaryimage\",\"url\":\"https:\\\/\\\/ouryogashop.com\\\/wp-content\\\/uploads\\\/2021\\\/04\\\/OOO-Yoga-wOOOl-Mat-nature-white-640px.jpg\",\"contentUrl\":\"https:\\\/\\\/ouryogashop.com\\\/wp-content\\\/uploads\\\/2021\\\/04\\\/OOO-Yoga-wOOOl-Mat-nature-white-640px.jpg\",\"width\":640,\"height\":640},{\"@type\":\"BreadcrumbList\",\"@id\":\"https:\\\/\\\/ouryogashop.com\\\/sv\\\/product\\\/yoga-ullmatta-ekologisk-ooo-nature-white\\\/#breadcrumb\",\"itemListElement\":[{\"@type\":\"ListItem\",\"position\":1,\"name\":\"Hem\",\"item\":\"https:\\\/\\\/ouryogashop.com\\\/sv\\\/\"},{\"@type\":\"ListItem\",\"position\":2,\"name\":\"Yoga Butik\",\"item\":\"https:\\\/\\\/ouryogashop.com\\\/sv\\\/yoga-butik\\\/\"},{\"@type\":\"ListItem\",\"position\":3,\"name\":\"Yogamatta\",\"item\":\"https:\\\/\\\/ouryogashop.com\\\/sv\\\/produkt-kategori\\\/yogamatta\\\/\"},{\"@type\":\"ListItem\",\"position\":4,\"name\":\"Yogamatta Eko\",\"item\":\"https:\\\/\\\/ouryogashop.com\\\/sv\\\/produkt-kategori\\\/yogamatta\\\/yogamatta-eko\\\/\"},{\"@type\":\"ListItem\",\"position\":5,\"name\":\"Yoga Ullmatta Ekologisk OOO Nature White\"}]},{\"@type\":\"WebSite\",\"@id\":\"https:\\\/\\\/ouryogashop.com\\\/sv\\\/#website\",\"url\":\"https:\\\/\\\/ouryogashop.com\\\/sv\\\/\",\"name\":\"OurYogaShop\",\"description\":\"The best yoga mats ever!\",\"publisher\":{\"@id\":\"https:\\\/\\\/ouryogashop.com\\\/sv\\\/#organization\"},\"potentialAction\":[{\"@type\":\"SearchAction\",\"target\":{\"@type\":\"EntryPoint\",\"urlTemplate\":\"https:\\\/\\\/ouryogashop.com\\\/sv\\\/?s={search_term_string}\"},\"query-input\":{\"@type\":\"PropertyValueSpecification\",\"valueRequired\":true,\"valueName\":\"search_term_string\"}}],\"inLanguage\":\"sv-SE\"},{\"@type\":\"Organization\",\"@id\":\"https:\\\/\\\/ouryogashop.com\\\/sv\\\/#organization\",\"name\":\"OurYogaShop\",\"url\":\"https:\\\/\\\/ouryogashop.com\\\/sv\\\/\",\"logo\":{\"@type\":\"ImageObject\",\"inLanguage\":\"sv-SE\",\"@id\":\"https:\\\/\\\/ouryogashop.com\\\/sv\\\/#\\\/schema\\\/logo\\\/image\\\/\",\"url\":\"https:\\\/\\\/ouryogashop.com\\\/wp-content\\\/uploads\\\/2019\\\/05\\\/OYS-Logo.png\",\"contentUrl\":\"https:\\\/\\\/ouryogashop.com\\\/wp-content\\\/uploads\\\/2019\\\/05\\\/OYS-Logo.png\",\"width\":500,\"height\":371,\"caption\":\"OurYogaShop\"},\"image\":{\"@id\":\"https:\\\/\\\/ouryogashop.com\\\/sv\\\/#\\\/schema\\\/logo\\\/image\\\/\"},\"sameAs\":[\"https:\\\/\\\/www.facebook.com\\\/ouryogashopcom\\\/\",\"https:\\\/\\\/x.com\\\/OurYogaShop\",\"https:\\\/\\\/www.instagram.com\\\/ouryogashop\\\/\"]}]}<\/script>\n<meta property=\"product:price:amount\" content=\"1295.00\" \/>\n<meta property=\"product:price:currency\" content=\"SEK\" \/>\n<meta property=\"og:availability\" content=\"out of stock\" \/>\n<meta property=\"product:availability\" content=\"out of stock\" \/>\n<meta property=\"product:retailer_item_id\" content=\"OOO2001\" \/>\n<meta property=\"product:condition\" content=\"new\" \/>\n<!-- \/ Yoast SEO Premium plugin. -->","yoast_head_json":{"title":"Yoga Ullmatta Ekologisk OOO Nature White - OurYogaShop","description":"OOO Yoga Ullmatta Nature White - Yogamatta som \u00e4r Ekologisk, Tillverkad av Virgin Wool, Varm & Sk\u00f6n fr\u00e5n ett Svenskt Familjef\u00f6retag som ger tillbaka till yogan och samh\u00e4llet!","robots":{"index":"index","follow":"follow","max-snippet":"max-snippet:-1","max-image-preview":"max-image-preview:large","max-video-preview":"max-video-preview:-1"},"canonical":"https:\/\/ouryogashop.com\/sv\/product\/yoga-ullmatta-ekologisk-ooo-nature-white\/","og_locale":"sv_SE","og_type":"article","og_title":"Yoga Ullmatta Ekologisk OOO Nature White","og_description":"OOO Yoga Ullmatta Nature White - Yogamatta som \u00e4r Ekologisk, Tillverkad av Virgin Wool, Varm & Sk\u00f6n fr\u00e5n ett Svenskt Familjef\u00f6retag som ger tillbaka till yogan och samh\u00e4llet!","og_url":"https:\/\/ouryogashop.com\/sv\/product\/yoga-ullmatta-ekologisk-ooo-nature-white\/","og_site_name":"OurYogaShop","article_publisher":"https:\/\/www.facebook.com\/ouryogashopcom\/","article_modified_time":"2025-02-08T08:37:56+00:00","og_image":[{"width":640,"height":640,"url":"https:\/\/ouryogashop.com\/wp-content\/uploads\/2021\/04\/OOO-Yoga-wOOOl-Mat-nature-white-640px.jpg","type":"image\/jpeg"}],"twitter_card":"summary_large_image","twitter_site":"@OurYogaShop","twitter_misc":{"Pris":"1.295,00&#107;&#114;","Tillg\u00e4nglig":"Slut i lager"},"schema":{"@context":"https:\/\/schema.org","@graph":[{"@type":"WebPage","@id":"https:\/\/ouryogashop.com\/sv\/product\/yoga-ullmatta-ekologisk-ooo-nature-white\/","url":"https:\/\/ouryogashop.com\/sv\/product\/yoga-ullmatta-ekologisk-ooo-nature-white\/","name":"Yoga Ullmatta Ekologisk OOO Nature White - OurYogaShop","isPartOf":{"@id":"https:\/\/ouryogashop.com\/sv\/#website"},"primaryImageOfPage":{"@id":"https:\/\/ouryogashop.com\/sv\/product\/yoga-ullmatta-ekologisk-ooo-nature-white\/#primaryimage"},"image":{"@id":"https:\/\/ouryogashop.com\/sv\/product\/yoga-ullmatta-ekologisk-ooo-nature-white\/#primaryimage"},"thumbnailUrl":"https:\/\/ouryogashop.com\/wp-content\/uploads\/2021\/04\/OOO-Yoga-wOOOl-Mat-nature-white-640px.jpg","datePublished":"2021-04-11T16:27:13+00:00","dateModified":"2025-02-08T08:37:56+00:00","description":"OOO Yoga Ullmatta Nature White - Yogamatta som \u00e4r Ekologisk, Tillverkad av Virgin Wool, Varm & Sk\u00f6n fr\u00e5n ett Svenskt Familjef\u00f6retag som ger tillbaka till yogan och samh\u00e4llet!","breadcrumb":{"@id":"https:\/\/ouryogashop.com\/sv\/product\/yoga-ullmatta-ekologisk-ooo-nature-white\/#breadcrumb"},"inLanguage":"sv-SE","potentialAction":[{"@type":"ReadAction","target":["https:\/\/ouryogashop.com\/sv\/product\/yoga-ullmatta-ekologisk-ooo-nature-white\/"]}]},{"@type":"ImageObject","inLanguage":"sv-SE","@id":"https:\/\/ouryogashop.com\/sv\/product\/yoga-ullmatta-ekologisk-ooo-nature-white\/#primaryimage","url":"https:\/\/ouryogashop.com\/wp-content\/uploads\/2021\/04\/OOO-Yoga-wOOOl-Mat-nature-white-640px.jpg","contentUrl":"https:\/\/ouryogashop.com\/wp-content\/uploads\/2021\/04\/OOO-Yoga-wOOOl-Mat-nature-white-640px.jpg","width":640,"height":640},{"@type":"BreadcrumbList","@id":"https:\/\/ouryogashop.com\/sv\/product\/yoga-ullmatta-ekologisk-ooo-nature-white\/#breadcrumb","itemListElement":[{"@type":"ListItem","position":1,"name":"Hem","item":"https:\/\/ouryogashop.com\/sv\/"},{"@type":"ListItem","position":2,"name":"Yoga Butik","item":"https:\/\/ouryogashop.com\/sv\/yoga-butik\/"},{"@type":"ListItem","position":3,"name":"Yogamatta","item":"https:\/\/ouryogashop.com\/sv\/produkt-kategori\/yogamatta\/"},{"@type":"ListItem","position":4,"name":"Yogamatta Eko","item":"https:\/\/ouryogashop.com\/sv\/produkt-kategori\/yogamatta\/yogamatta-eko\/"},{"@type":"ListItem","position":5,"name":"Yoga Ullmatta Ekologisk OOO Nature White"}]},{"@type":"WebSite","@id":"https:\/\/ouryogashop.com\/sv\/#website","url":"https:\/\/ouryogashop.com\/sv\/","name":"OurYogaShop","description":"The best yoga mats ever!","publisher":{"@id":"https:\/\/ouryogashop.com\/sv\/#organization"},"potentialAction":[{"@type":"SearchAction","target":{"@type":"EntryPoint","urlTemplate":"https:\/\/ouryogashop.com\/sv\/?s={search_term_string}"},"query-input":{"@type":"PropertyValueSpecification","valueRequired":true,"valueName":"search_term_string"}}],"inLanguage":"sv-SE"},{"@type":"Organization","@id":"https:\/\/ouryogashop.com\/sv\/#organization","name":"OurYogaShop","url":"https:\/\/ouryogashop.com\/sv\/","logo":{"@type":"ImageObject","inLanguage":"sv-SE","@id":"https:\/\/ouryogashop.com\/sv\/#\/schema\/logo\/image\/","url":"https:\/\/ouryogashop.com\/wp-content\/uploads\/2019\/05\/OYS-Logo.png","contentUrl":"https:\/\/ouryogashop.com\/wp-content\/uploads\/2019\/05\/OYS-Logo.png","width":500,"height":371,"caption":"OurYogaShop"},"image":{"@id":"https:\/\/ouryogashop.com\/sv\/#\/schema\/logo\/image\/"},"sameAs":["https:\/\/www.facebook.com\/ouryogashopcom\/","https:\/\/x.com\/OurYogaShop","https:\/\/www.instagram.com\/ouryogashop\/"]}]},"product_price_amount":"1295.00","product_price_currency":"SEK","og_availability":"out of stock","product_availability":"out of stock","product_retailer_item_id":"OOO2001","product_condition":"new"},"_links":{"self":[{"href":"https:\/\/ouryogashop.com\/sv\/wp-json\/wp\/v2\/product\/152157","targetHints":{"allow":["GET"]}}],"collection":[{"href":"https:\/\/ouryogashop.com\/sv\/wp-json\/wp\/v2\/product"}],"about":[{"href":"https:\/\/ouryogashop.com\/sv\/wp-json\/wp\/v2\/types\/product"}],"replies":[{"embeddable":true,"href":"https:\/\/ouryogashop.com\/sv\/wp-json\/wp\/v2\/comments?post=152157"}],"wp:featuredmedia":[{"embeddable":true,"href":"https:\/\/ouryogashop.com\/sv\/wp-json\/wp\/v2\/media\/152561"}],"wp:attachment":[{"href":"https:\/\/ouryogashop.com\/sv\/wp-json\/wp\/v2\/media?parent=152157"}],"wp:term":[{"taxonomy":"product_brand","embeddable":true,"href":"https:\/\/ouryogashop.com\/sv\/wp-json\/wp\/v2\/product_brand?post=152157"},{"taxonomy":"product_cat","embeddable":true,"href":"https:\/\/ouryogashop.com\/sv\/wp-json\/wp\/v2\/product_cat?post=152157"},{"taxonomy":"product_tag","embeddable":true,"href":"https:\/\/ouryogashop.com\/sv\/wp-json\/wp\/v2\/product_tag?post=152157"}],"curies":[{"name":"wp","href":"https:\/\/api.w.org\/{rel}","templated":true}]}}