{"id":80297,"date":"2019-05-28T15:32:19","date_gmt":"2019-05-28T13:32:19","guid":{"rendered":"https:\/\/ouryogashop.com\/shop\/okategoriserad\/bli-grossist-medlem\/"},"modified":"2026-02-03T21:50:19","modified_gmt":"2026-02-03T19:50:19","slug":"bli-medlem-grossist","status":"publish","type":"product","link":"https:\/\/ouryogashop.com\/sv\/product\/bli-medlem-grossist\/","title":{"rendered":"Bli Grossist Medlem"},"content":{"rendered":"","protected":false},"excerpt":{"rendered":"<p>Som Yogal\u00e4rare, Yogastudio eller Organisation kan du bli \u00e5terf\u00f6rs\u00e4ljare av v\u00e5ra produkter.<\/p>\n<p>K\u00f6p vad du beh\u00f6ver! &#8211; B\u00e4st priser fr\u00e5n start!<\/p>\n<p>Skaffa ditt Medlemskap h\u00e4r!<\/p>\n","protected":false},"featured_media":80929,"comment_status":"open","ping_status":"closed","template":"","meta":[],"product_brand":[],"product_cat":[464],"product_tag":[],"class_list":{"0":"post-80297","1":"product","2":"type-product","3":"status-publish","4":"has-post-thumbnail","6":"product_cat-medlemskap","8":"first","9":"instock","10":"downloadable","11":"virtual","12":"taxable","13":"purchasable","14":"product-type-simple"},"yoast_head":"<!-- This site is optimized with the Yoast SEO Premium plugin v27.3 (Yoast SEO v27.4) - https:\/\/yoast.com\/product\/yoast-seo-premium-wordpress\/ -->\n<title>Bli Grossist Medlem - OurYogaShop<\/title>\n<meta name=\"robots\" content=\"index, follow, max-snippet:-1, max-image-preview:large, max-video-preview:-1\" \/>\n<link rel=\"canonical\" href=\"https:\/\/ouryogashop.com\/sv\/product\/bli-medlem-grossist\/\" \/>\n<meta property=\"og:locale\" content=\"sv_SE\" \/>\n<meta property=\"og:type\" content=\"article\" \/>\n<meta property=\"og:title\" content=\"Bli Grossist Medlem\" \/>\n<meta property=\"og:description\" content=\"Som Yogal\u00e4rare, Yogastudio eller Organisation kan du bli \u00e5terf\u00f6rs\u00e4ljare av v\u00e5ra produkter. K\u00f6p vad du beh\u00f6ver! - B\u00e4st priser fr\u00e5n start! Skaffa ditt Medlemskap h\u00e4r!\" \/>\n<meta property=\"og:url\" content=\"https:\/\/ouryogashop.com\/sv\/product\/bli-medlem-grossist\/\" \/>\n<meta property=\"og:site_name\" content=\"OurYogaShop\" \/>\n<meta property=\"article:publisher\" content=\"https:\/\/www.facebook.com\/ouryogashopcom\/\" \/>\n<meta property=\"article:modified_time\" content=\"2026-02-03T19:50:19+00:00\" \/>\n<meta property=\"og:image\" content=\"https:\/\/ouryogashop.com\/wp-content\/uploads\/2019\/05\/OYS-Member.png\" \/>\n\t<meta property=\"og:image:width\" content=\"599\" \/>\n\t<meta property=\"og:image:height\" content=\"599\" \/>\n\t<meta property=\"og:image:type\" content=\"image\/png\" \/>\n<meta name=\"twitter:card\" content=\"summary_large_image\" \/>\n<meta name=\"twitter:site\" content=\"@OurYogaShop\" \/>\n<meta name=\"twitter:label1\" content=\"Pris\" \/>\n\t<meta name=\"twitter:data1\" content=\"0,00&#107;&#114;\" \/>\n\t<meta name=\"twitter:label2\" content=\"Tillg\u00e4nglig\" \/>\n\t<meta name=\"twitter:data2\" content=\"I lager\" \/>\n<script type=\"application\/ld+json\" class=\"yoast-schema-graph\">{\"@context\":\"https:\\\/\\\/schema.org\",\"@graph\":[{\"@type\":\"WebPage\",\"@id\":\"https:\\\/\\\/ouryogashop.com\\\/sv\\\/product\\\/bli-medlem-grossist\\\/\",\"url\":\"https:\\\/\\\/ouryogashop.com\\\/sv\\\/product\\\/bli-medlem-grossist\\\/\",\"name\":\"Bli Grossist Medlem - OurYogaShop\",\"isPartOf\":{\"@id\":\"https:\\\/\\\/ouryogashop.com\\\/sv\\\/#website\"},\"primaryImageOfPage\":{\"@id\":\"https:\\\/\\\/ouryogashop.com\\\/sv\\\/product\\\/bli-medlem-grossist\\\/#primaryimage\"},\"image\":{\"@id\":\"https:\\\/\\\/ouryogashop.com\\\/sv\\\/product\\\/bli-medlem-grossist\\\/#primaryimage\"},\"thumbnailUrl\":\"https:\\\/\\\/ouryogashop.com\\\/wp-content\\\/uploads\\\/2019\\\/05\\\/OYS-Member.png\",\"datePublished\":\"2019-05-28T13:32:19+00:00\",\"dateModified\":\"2026-02-03T19:50:19+00:00\",\"breadcrumb\":{\"@id\":\"https:\\\/\\\/ouryogashop.com\\\/sv\\\/product\\\/bli-medlem-grossist\\\/#breadcrumb\"},\"inLanguage\":\"sv-SE\",\"potentialAction\":[{\"@type\":\"ReadAction\",\"target\":[\"https:\\\/\\\/ouryogashop.com\\\/sv\\\/product\\\/bli-medlem-grossist\\\/\"]}]},{\"@type\":\"ImageObject\",\"inLanguage\":\"sv-SE\",\"@id\":\"https:\\\/\\\/ouryogashop.com\\\/sv\\\/product\\\/bli-medlem-grossist\\\/#primaryimage\",\"url\":\"https:\\\/\\\/ouryogashop.com\\\/wp-content\\\/uploads\\\/2019\\\/05\\\/OYS-Member.png\",\"contentUrl\":\"https:\\\/\\\/ouryogashop.com\\\/wp-content\\\/uploads\\\/2019\\\/05\\\/OYS-Member.png\",\"width\":599,\"height\":599},{\"@type\":\"BreadcrumbList\",\"@id\":\"https:\\\/\\\/ouryogashop.com\\\/sv\\\/product\\\/bli-medlem-grossist\\\/#breadcrumb\",\"itemListElement\":[{\"@type\":\"ListItem\",\"position\":1,\"name\":\"Hem\",\"item\":\"https:\\\/\\\/ouryogashop.com\\\/sv\\\/\"},{\"@type\":\"ListItem\",\"position\":2,\"name\":\"Yoga Butik\",\"item\":\"https:\\\/\\\/ouryogashop.com\\\/sv\\\/yoga-butik\\\/\"},{\"@type\":\"ListItem\",\"position\":3,\"name\":\"Medlemskap\",\"item\":\"https:\\\/\\\/ouryogashop.com\\\/sv\\\/produkt-kategori\\\/medlemskap\\\/\"},{\"@type\":\"ListItem\",\"position\":4,\"name\":\"Bli Grossist Medlem\"}]},{\"@type\":\"WebSite\",\"@id\":\"https:\\\/\\\/ouryogashop.com\\\/sv\\\/#website\",\"url\":\"https:\\\/\\\/ouryogashop.com\\\/sv\\\/\",\"name\":\"OurYogaShop\",\"description\":\"The best yoga mats ever!\",\"publisher\":{\"@id\":\"https:\\\/\\\/ouryogashop.com\\\/sv\\\/#organization\"},\"potentialAction\":[{\"@type\":\"SearchAction\",\"target\":{\"@type\":\"EntryPoint\",\"urlTemplate\":\"https:\\\/\\\/ouryogashop.com\\\/sv\\\/?s={search_term_string}\"},\"query-input\":{\"@type\":\"PropertyValueSpecification\",\"valueRequired\":true,\"valueName\":\"search_term_string\"}}],\"inLanguage\":\"sv-SE\"},{\"@type\":\"Organization\",\"@id\":\"https:\\\/\\\/ouryogashop.com\\\/sv\\\/#organization\",\"name\":\"OurYogaShop\",\"url\":\"https:\\\/\\\/ouryogashop.com\\\/sv\\\/\",\"logo\":{\"@type\":\"ImageObject\",\"inLanguage\":\"sv-SE\",\"@id\":\"https:\\\/\\\/ouryogashop.com\\\/sv\\\/#\\\/schema\\\/logo\\\/image\\\/\",\"url\":\"https:\\\/\\\/ouryogashop.com\\\/wp-content\\\/uploads\\\/2019\\\/05\\\/OYS-Logo.png\",\"contentUrl\":\"https:\\\/\\\/ouryogashop.com\\\/wp-content\\\/uploads\\\/2019\\\/05\\\/OYS-Logo.png\",\"width\":500,\"height\":371,\"caption\":\"OurYogaShop\"},\"image\":{\"@id\":\"https:\\\/\\\/ouryogashop.com\\\/sv\\\/#\\\/schema\\\/logo\\\/image\\\/\"},\"sameAs\":[\"https:\\\/\\\/www.facebook.com\\\/ouryogashopcom\\\/\",\"https:\\\/\\\/x.com\\\/OurYogaShop\",\"https:\\\/\\\/www.instagram.com\\\/ouryogashop\\\/\"]}]}<\/script>\n<meta property=\"product:price:amount\" content=\"0.00\" \/>\n<meta property=\"product:price:currency\" content=\"SEK\" \/>\n<meta property=\"og:availability\" content=\"instock\" \/>\n<meta property=\"product:availability\" content=\"instock\" \/>\n<meta property=\"product:condition\" content=\"new\" \/>\n<!-- \/ Yoast SEO Premium plugin. -->","yoast_head_json":{"title":"Bli Grossist Medlem - OurYogaShop","robots":{"index":"index","follow":"follow","max-snippet":"max-snippet:-1","max-image-preview":"max-image-preview:large","max-video-preview":"max-video-preview:-1"},"canonical":"https:\/\/ouryogashop.com\/sv\/product\/bli-medlem-grossist\/","og_locale":"sv_SE","og_type":"article","og_title":"Bli Grossist Medlem","og_description":"Som Yogal\u00e4rare, Yogastudio eller Organisation kan du bli \u00e5terf\u00f6rs\u00e4ljare av v\u00e5ra produkter. K\u00f6p vad du beh\u00f6ver! - B\u00e4st priser fr\u00e5n start! Skaffa ditt Medlemskap h\u00e4r!","og_url":"https:\/\/ouryogashop.com\/sv\/product\/bli-medlem-grossist\/","og_site_name":"OurYogaShop","article_publisher":"https:\/\/www.facebook.com\/ouryogashopcom\/","article_modified_time":"2026-02-03T19:50:19+00:00","og_image":[{"width":599,"height":599,"url":"https:\/\/ouryogashop.com\/wp-content\/uploads\/2019\/05\/OYS-Member.png","type":"image\/png"}],"twitter_card":"summary_large_image","twitter_site":"@OurYogaShop","twitter_misc":{"Pris":"0,00&#107;&#114;","Tillg\u00e4nglig":"I lager"},"schema":{"@context":"https:\/\/schema.org","@graph":[{"@type":"WebPage","@id":"https:\/\/ouryogashop.com\/sv\/product\/bli-medlem-grossist\/","url":"https:\/\/ouryogashop.com\/sv\/product\/bli-medlem-grossist\/","name":"Bli Grossist Medlem - OurYogaShop","isPartOf":{"@id":"https:\/\/ouryogashop.com\/sv\/#website"},"primaryImageOfPage":{"@id":"https:\/\/ouryogashop.com\/sv\/product\/bli-medlem-grossist\/#primaryimage"},"image":{"@id":"https:\/\/ouryogashop.com\/sv\/product\/bli-medlem-grossist\/#primaryimage"},"thumbnailUrl":"https:\/\/ouryogashop.com\/wp-content\/uploads\/2019\/05\/OYS-Member.png","datePublished":"2019-05-28T13:32:19+00:00","dateModified":"2026-02-03T19:50:19+00:00","breadcrumb":{"@id":"https:\/\/ouryogashop.com\/sv\/product\/bli-medlem-grossist\/#breadcrumb"},"inLanguage":"sv-SE","potentialAction":[{"@type":"ReadAction","target":["https:\/\/ouryogashop.com\/sv\/product\/bli-medlem-grossist\/"]}]},{"@type":"ImageObject","inLanguage":"sv-SE","@id":"https:\/\/ouryogashop.com\/sv\/product\/bli-medlem-grossist\/#primaryimage","url":"https:\/\/ouryogashop.com\/wp-content\/uploads\/2019\/05\/OYS-Member.png","contentUrl":"https:\/\/ouryogashop.com\/wp-content\/uploads\/2019\/05\/OYS-Member.png","width":599,"height":599},{"@type":"BreadcrumbList","@id":"https:\/\/ouryogashop.com\/sv\/product\/bli-medlem-grossist\/#breadcrumb","itemListElement":[{"@type":"ListItem","position":1,"name":"Hem","item":"https:\/\/ouryogashop.com\/sv\/"},{"@type":"ListItem","position":2,"name":"Yoga Butik","item":"https:\/\/ouryogashop.com\/sv\/yoga-butik\/"},{"@type":"ListItem","position":3,"name":"Medlemskap","item":"https:\/\/ouryogashop.com\/sv\/produkt-kategori\/medlemskap\/"},{"@type":"ListItem","position":4,"name":"Bli Grossist Medlem"}]},{"@type":"WebSite","@id":"https:\/\/ouryogashop.com\/sv\/#website","url":"https:\/\/ouryogashop.com\/sv\/","name":"OurYogaShop","description":"The best yoga mats ever!","publisher":{"@id":"https:\/\/ouryogashop.com\/sv\/#organization"},"potentialAction":[{"@type":"SearchAction","target":{"@type":"EntryPoint","urlTemplate":"https:\/\/ouryogashop.com\/sv\/?s={search_term_string}"},"query-input":{"@type":"PropertyValueSpecification","valueRequired":true,"valueName":"search_term_string"}}],"inLanguage":"sv-SE"},{"@type":"Organization","@id":"https:\/\/ouryogashop.com\/sv\/#organization","name":"OurYogaShop","url":"https:\/\/ouryogashop.com\/sv\/","logo":{"@type":"ImageObject","inLanguage":"sv-SE","@id":"https:\/\/ouryogashop.com\/sv\/#\/schema\/logo\/image\/","url":"https:\/\/ouryogashop.com\/wp-content\/uploads\/2019\/05\/OYS-Logo.png","contentUrl":"https:\/\/ouryogashop.com\/wp-content\/uploads\/2019\/05\/OYS-Logo.png","width":500,"height":371,"caption":"OurYogaShop"},"image":{"@id":"https:\/\/ouryogashop.com\/sv\/#\/schema\/logo\/image\/"},"sameAs":["https:\/\/www.facebook.com\/ouryogashopcom\/","https:\/\/x.com\/OurYogaShop","https:\/\/www.instagram.com\/ouryogashop\/"]}]},"product_price_amount":"0.00","product_price_currency":"SEK","og_availability":"instock","product_availability":"instock","product_condition":"new"},"_links":{"self":[{"href":"https:\/\/ouryogashop.com\/sv\/wp-json\/wp\/v2\/product\/80297","targetHints":{"allow":["GET"]}}],"collection":[{"href":"https:\/\/ouryogashop.com\/sv\/wp-json\/wp\/v2\/product"}],"about":[{"href":"https:\/\/ouryogashop.com\/sv\/wp-json\/wp\/v2\/types\/product"}],"replies":[{"embeddable":true,"href":"https:\/\/ouryogashop.com\/sv\/wp-json\/wp\/v2\/comments?post=80297"}],"wp:featuredmedia":[{"embeddable":true,"href":"https:\/\/ouryogashop.com\/sv\/wp-json\/wp\/v2\/media\/80929"}],"wp:attachment":[{"href":"https:\/\/ouryogashop.com\/sv\/wp-json\/wp\/v2\/media?parent=80297"}],"wp:term":[{"taxonomy":"product_brand","embeddable":true,"href":"https:\/\/ouryogashop.com\/sv\/wp-json\/wp\/v2\/product_brand?post=80297"},{"taxonomy":"product_cat","embeddable":true,"href":"https:\/\/ouryogashop.com\/sv\/wp-json\/wp\/v2\/product_cat?post=80297"},{"taxonomy":"product_tag","embeddable":true,"href":"https:\/\/ouryogashop.com\/sv\/wp-json\/wp\/v2\/product_tag?post=80297"}],"curies":[{"name":"wp","href":"https:\/\/api.w.org\/{rel}","templated":true}]}}