{"id":85794,"date":"2019-06-17T08:51:09","date_gmt":"2019-06-17T06:51:09","guid":{"rendered":"https:\/\/ouryogashop.com\/?post_type=product&#038;p=85794"},"modified":"2025-08-26T22:13:02","modified_gmt":"2025-08-26T20:13:02","slug":"yogamatta-jade-harmony-tibetian-orange","status":"publish","type":"product","link":"https:\/\/ouryogashop.com\/sv\/product\/yogamatta-jade-harmony-tibetian-orange\/","title":{"rendered":"Yogamatta Jade Harmony Tibetian Orange"},"content":{"rendered":"<div class=\"wpb-content-wrapper\"><p>[vc_row][vc_column width=&#8221;1\/1&#8243;][uncode_block id=&#8221;82157&#8243;][\/vc_column][\/vc_row][vc_row][vc_column width=&#8221;1\/1&#8243;][uncode_block id=&#8221;82189&#8243;][\/vc_column][\/vc_row][vc_row][vc_column width=&#8221;1\/1&#8243;][uncode_block id=&#8221;82195&#8243;][\/vc_column][\/vc_row][vc_row][vc_column width=&#8221;1\/1&#8243;][uncode_block id=&#8221;82201&#8243;][\/vc_column][\/vc_row][vc_row][vc_column width=&#8221;1\/1&#8243;][uncode_block id=&#8221;82324&#8243;][\/vc_column][\/vc_row][vc_row][vc_column width=&#8221;1\/1&#8243;][uncode_block id=&#8221;82239&#8243;][\/vc_column][\/vc_row][vc_row][vc_column width=&#8221;1\/1&#8243;][uncode_block id=&#8221;82207&#8243;][\/vc_column][\/vc_row]<\/p>\n<\/div>","protected":false},"excerpt":{"rendered":"<h4>\u00d6versikt<\/h4>\n<p>Jade Harmony Tibetian Orange &#8211; Ekologisk yogamatta av naturgummit fr\u00e5n tr\u00e4d som ger dig en sk\u00f6n st\u00f6td\u00e4mpning.<\/p>\n<p>\u2022 Standard storlek: 2.2 kg; 173 cm x 61 cm and 5 mm tjock<br \/>\n\u2022 Coola f\u00e4rger, fantastiskt grepp, bra komfort och ekologisk &amp; milj\u00f6v\u00e4nlig.<br \/>\n\u2022 Planterar ett tr\u00e4d f\u00f6r varje s\u00e5ld matta<\/p>\n","protected":false},"featured_media":85796,"comment_status":"open","ping_status":"closed","template":"","meta":[],"product_brand":[],"product_cat":[356,382,945,3606,3603],"product_tag":[981,1046,3493,3495,3496,3497,3498],"class_list":{"0":"post-85794","1":"product","2":"type-product","3":"status-publish","4":"has-post-thumbnail","6":"product_cat-yogamatta-eko","7":"product_cat-yogamatta","8":"product_cat-jade-yoga-sv","9":"product_cat-yogamattor-jade","10":"product_cat-yogamatta-jade-harmony","11":"product_tag-jade-harmony-yogamatta","12":"product_tag-tibetian-orange-sv","13":"product_tag-biologic-sv","14":"product_tag-natural-rubber-yoga-mat-sv","15":"product_tag-ecologic-yoga-mat-sv","16":"product_tag-standard-size-yoga-mat-sv","17":"product_tag-slippery-free-sv","18":"product_shipping_class-flera-produkter-sv","19":"pa_length-group-173cm-sv","20":"pa_material-natural-rubber-sv","21":"pa_material-ecologic-sv","22":"pa_product-type-eco-yoga-mat-sv","23":"pa_product-type-slippery-free-yoga-mat-sv","24":"pa_product-type-standard-yoga-mat-sv","25":"pa_thick-group-5mm-sv","26":"pa_weight-group-2-3-kg-sv","27":"pa_width-group-61cm-sv","29":"first","30":"instock","31":"taxable","32":"shipping-taxable","33":"purchasable","34":"product-type-simple"},"yoast_head":"<!-- This site is optimized with the Yoast SEO Premium plugin v27.3 (Yoast SEO v27.4) - https:\/\/yoast.com\/product\/yoast-seo-premium-wordpress\/ -->\n<title>Jade Harmony Tibetian Orange Professional Yogamatta - OurYogaShop<\/title>\n<meta name=\"description\" content=\"Jade Harmony Tibetian Orange Yogamatta - Jade Yoga\u00b4s ekologiska yogamatta Harmony ger dig en mjuk st\u00f6td\u00e4mpning och ett underbart grepp. Planterar ett tr\u00e4d f\u00f6r varje s\u00e5ld matta\" \/>\n<meta name=\"robots\" content=\"index, follow, max-snippet:-1, max-image-preview:large, max-video-preview:-1\" \/>\n<link rel=\"canonical\" href=\"https:\/\/ouryogashop.com\/sv\/product\/yogamatta-jade-harmony-tibetian-orange\/\" \/>\n<meta property=\"og:locale\" content=\"sv_SE\" \/>\n<meta property=\"og:type\" content=\"article\" \/>\n<meta property=\"og:title\" content=\"Yogamatta Jade Harmony Tibetian Orange\" \/>\n<meta property=\"og:description\" content=\"Jade Harmony Tibetian Orange Yogamatta - Jade Yoga\u00b4s ekologiska yogamatta Harmony ger dig en mjuk st\u00f6td\u00e4mpning och ett underbart grepp. Planterar ett tr\u00e4d f\u00f6r varje s\u00e5ld matta\" \/>\n<meta property=\"og:url\" content=\"https:\/\/ouryogashop.com\/sv\/product\/yogamatta-jade-harmony-tibetian-orange\/\" \/>\n<meta property=\"og:site_name\" content=\"OurYogaShop\" \/>\n<meta property=\"article:publisher\" content=\"https:\/\/www.facebook.com\/ouryogashopcom\/\" \/>\n<meta property=\"article:modified_time\" content=\"2025-08-26T20:13:02+00:00\" \/>\n<meta property=\"og:image\" content=\"https:\/\/ouryogashop.com\/wp-content\/uploads\/2019\/06\/Hero_TibetanOrange1.jpg\" \/>\n\t<meta property=\"og:image:width\" content=\"1920\" \/>\n\t<meta property=\"og:image:height\" content=\"1920\" \/>\n\t<meta property=\"og:image:type\" content=\"image\/jpeg\" \/>\n<meta name=\"twitter:card\" content=\"summary_large_image\" \/>\n<meta name=\"twitter:site\" content=\"@OurYogaShop\" \/>\n<meta name=\"twitter:label1\" content=\"Pris\" \/>\n\t<meta name=\"twitter:data1\" content=\"950,00&#107;&#114;\" \/>\n\t<meta name=\"twitter:label2\" content=\"Tillg\u00e4nglig\" \/>\n\t<meta name=\"twitter:data2\" content=\"I lager\" \/>\n<script type=\"application\/ld+json\" class=\"yoast-schema-graph\">{\"@context\":\"https:\\\/\\\/schema.org\",\"@graph\":[{\"@type\":\"WebPage\",\"@id\":\"https:\\\/\\\/ouryogashop.com\\\/sv\\\/product\\\/yogamatta-jade-harmony-tibetian-orange\\\/\",\"url\":\"https:\\\/\\\/ouryogashop.com\\\/sv\\\/product\\\/yogamatta-jade-harmony-tibetian-orange\\\/\",\"name\":\"Jade Harmony Tibetian Orange Professional Yogamatta - OurYogaShop\",\"isPartOf\":{\"@id\":\"https:\\\/\\\/ouryogashop.com\\\/sv\\\/#website\"},\"primaryImageOfPage\":{\"@id\":\"https:\\\/\\\/ouryogashop.com\\\/sv\\\/product\\\/yogamatta-jade-harmony-tibetian-orange\\\/#primaryimage\"},\"image\":{\"@id\":\"https:\\\/\\\/ouryogashop.com\\\/sv\\\/product\\\/yogamatta-jade-harmony-tibetian-orange\\\/#primaryimage\"},\"thumbnailUrl\":\"https:\\\/\\\/ouryogashop.com\\\/wp-content\\\/uploads\\\/2019\\\/06\\\/Hero_TibetanOrange1.jpg\",\"datePublished\":\"2019-06-17T06:51:09+00:00\",\"dateModified\":\"2025-08-26T20:13:02+00:00\",\"description\":\"Jade Harmony Tibetian Orange Yogamatta - Jade Yoga\u00b4s ekologiska yogamatta Harmony ger dig en mjuk st\u00f6td\u00e4mpning och ett underbart grepp. Planterar ett tr\u00e4d f\u00f6r varje s\u00e5ld matta\",\"breadcrumb\":{\"@id\":\"https:\\\/\\\/ouryogashop.com\\\/sv\\\/product\\\/yogamatta-jade-harmony-tibetian-orange\\\/#breadcrumb\"},\"inLanguage\":\"sv-SE\",\"potentialAction\":[{\"@type\":\"ReadAction\",\"target\":[\"https:\\\/\\\/ouryogashop.com\\\/sv\\\/product\\\/yogamatta-jade-harmony-tibetian-orange\\\/\"]}]},{\"@type\":\"ImageObject\",\"inLanguage\":\"sv-SE\",\"@id\":\"https:\\\/\\\/ouryogashop.com\\\/sv\\\/product\\\/yogamatta-jade-harmony-tibetian-orange\\\/#primaryimage\",\"url\":\"https:\\\/\\\/ouryogashop.com\\\/wp-content\\\/uploads\\\/2019\\\/06\\\/Hero_TibetanOrange1.jpg\",\"contentUrl\":\"https:\\\/\\\/ouryogashop.com\\\/wp-content\\\/uploads\\\/2019\\\/06\\\/Hero_TibetanOrange1.jpg\",\"width\":1920,\"height\":1920,\"caption\":\"Jade Harmony Tibetian Orange\"},{\"@type\":\"BreadcrumbList\",\"@id\":\"https:\\\/\\\/ouryogashop.com\\\/sv\\\/product\\\/yogamatta-jade-harmony-tibetian-orange\\\/#breadcrumb\",\"itemListElement\":[{\"@type\":\"ListItem\",\"position\":1,\"name\":\"Hem\",\"item\":\"https:\\\/\\\/ouryogashop.com\\\/sv\\\/\"},{\"@type\":\"ListItem\",\"position\":2,\"name\":\"Yoga Butik\",\"item\":\"https:\\\/\\\/ouryogashop.com\\\/sv\\\/yoga-butik\\\/\"},{\"@type\":\"ListItem\",\"position\":3,\"name\":\"Yogamatta\",\"item\":\"https:\\\/\\\/ouryogashop.com\\\/sv\\\/produkt-kategori\\\/yogamatta\\\/\"},{\"@type\":\"ListItem\",\"position\":4,\"name\":\"Yogamatta Eko\",\"item\":\"https:\\\/\\\/ouryogashop.com\\\/sv\\\/produkt-kategori\\\/yogamatta\\\/yogamatta-eko\\\/\"},{\"@type\":\"ListItem\",\"position\":5,\"name\":\"Yogamatta Jade Harmony Tibetian Orange\"}]},{\"@type\":\"WebSite\",\"@id\":\"https:\\\/\\\/ouryogashop.com\\\/sv\\\/#website\",\"url\":\"https:\\\/\\\/ouryogashop.com\\\/sv\\\/\",\"name\":\"OurYogaShop\",\"description\":\"The best yoga mats ever!\",\"publisher\":{\"@id\":\"https:\\\/\\\/ouryogashop.com\\\/sv\\\/#organization\"},\"potentialAction\":[{\"@type\":\"SearchAction\",\"target\":{\"@type\":\"EntryPoint\",\"urlTemplate\":\"https:\\\/\\\/ouryogashop.com\\\/sv\\\/?s={search_term_string}\"},\"query-input\":{\"@type\":\"PropertyValueSpecification\",\"valueRequired\":true,\"valueName\":\"search_term_string\"}}],\"inLanguage\":\"sv-SE\"},{\"@type\":\"Organization\",\"@id\":\"https:\\\/\\\/ouryogashop.com\\\/sv\\\/#organization\",\"name\":\"OurYogaShop\",\"url\":\"https:\\\/\\\/ouryogashop.com\\\/sv\\\/\",\"logo\":{\"@type\":\"ImageObject\",\"inLanguage\":\"sv-SE\",\"@id\":\"https:\\\/\\\/ouryogashop.com\\\/sv\\\/#\\\/schema\\\/logo\\\/image\\\/\",\"url\":\"https:\\\/\\\/ouryogashop.com\\\/wp-content\\\/uploads\\\/2019\\\/05\\\/OYS-Logo.png\",\"contentUrl\":\"https:\\\/\\\/ouryogashop.com\\\/wp-content\\\/uploads\\\/2019\\\/05\\\/OYS-Logo.png\",\"width\":500,\"height\":371,\"caption\":\"OurYogaShop\"},\"image\":{\"@id\":\"https:\\\/\\\/ouryogashop.com\\\/sv\\\/#\\\/schema\\\/logo\\\/image\\\/\"},\"sameAs\":[\"https:\\\/\\\/www.facebook.com\\\/ouryogashopcom\\\/\",\"https:\\\/\\\/x.com\\\/OurYogaShop\",\"https:\\\/\\\/www.instagram.com\\\/ouryogashop\\\/\"]}]}<\/script>\n<meta property=\"product:brand\" content=\"Jade\" \/>\n<meta property=\"product:price:amount\" content=\"950.00\" \/>\n<meta property=\"product:price:currency\" content=\"SEK\" \/>\n<meta property=\"og:availability\" content=\"instock\" \/>\n<meta property=\"product:availability\" content=\"instock\" \/>\n<meta property=\"product:retailer_item_id\" content=\"JM1002\" \/>\n<meta property=\"product:condition\" content=\"new\" \/>\n<!-- \/ Yoast SEO Premium plugin. -->","yoast_head_json":{"title":"Jade Harmony Tibetian Orange Professional Yogamatta - OurYogaShop","description":"Jade Harmony Tibetian Orange Yogamatta - Jade Yoga\u00b4s ekologiska yogamatta Harmony ger dig en mjuk st\u00f6td\u00e4mpning och ett underbart grepp. Planterar ett tr\u00e4d f\u00f6r varje s\u00e5ld matta","robots":{"index":"index","follow":"follow","max-snippet":"max-snippet:-1","max-image-preview":"max-image-preview:large","max-video-preview":"max-video-preview:-1"},"canonical":"https:\/\/ouryogashop.com\/sv\/product\/yogamatta-jade-harmony-tibetian-orange\/","og_locale":"sv_SE","og_type":"article","og_title":"Yogamatta Jade Harmony Tibetian Orange","og_description":"Jade Harmony Tibetian Orange Yogamatta - Jade Yoga\u00b4s ekologiska yogamatta Harmony ger dig en mjuk st\u00f6td\u00e4mpning och ett underbart grepp. Planterar ett tr\u00e4d f\u00f6r varje s\u00e5ld matta","og_url":"https:\/\/ouryogashop.com\/sv\/product\/yogamatta-jade-harmony-tibetian-orange\/","og_site_name":"OurYogaShop","article_publisher":"https:\/\/www.facebook.com\/ouryogashopcom\/","article_modified_time":"2025-08-26T20:13:02+00:00","og_image":[{"width":1920,"height":1920,"url":"https:\/\/ouryogashop.com\/wp-content\/uploads\/2019\/06\/Hero_TibetanOrange1.jpg","type":"image\/jpeg"}],"twitter_card":"summary_large_image","twitter_site":"@OurYogaShop","twitter_misc":{"Pris":"950,00&#107;&#114;","Tillg\u00e4nglig":"I lager"},"schema":{"@context":"https:\/\/schema.org","@graph":[{"@type":"WebPage","@id":"https:\/\/ouryogashop.com\/sv\/product\/yogamatta-jade-harmony-tibetian-orange\/","url":"https:\/\/ouryogashop.com\/sv\/product\/yogamatta-jade-harmony-tibetian-orange\/","name":"Jade Harmony Tibetian Orange Professional Yogamatta - OurYogaShop","isPartOf":{"@id":"https:\/\/ouryogashop.com\/sv\/#website"},"primaryImageOfPage":{"@id":"https:\/\/ouryogashop.com\/sv\/product\/yogamatta-jade-harmony-tibetian-orange\/#primaryimage"},"image":{"@id":"https:\/\/ouryogashop.com\/sv\/product\/yogamatta-jade-harmony-tibetian-orange\/#primaryimage"},"thumbnailUrl":"https:\/\/ouryogashop.com\/wp-content\/uploads\/2019\/06\/Hero_TibetanOrange1.jpg","datePublished":"2019-06-17T06:51:09+00:00","dateModified":"2025-08-26T20:13:02+00:00","description":"Jade Harmony Tibetian Orange Yogamatta - Jade Yoga\u00b4s ekologiska yogamatta Harmony ger dig en mjuk st\u00f6td\u00e4mpning och ett underbart grepp. Planterar ett tr\u00e4d f\u00f6r varje s\u00e5ld matta","breadcrumb":{"@id":"https:\/\/ouryogashop.com\/sv\/product\/yogamatta-jade-harmony-tibetian-orange\/#breadcrumb"},"inLanguage":"sv-SE","potentialAction":[{"@type":"ReadAction","target":["https:\/\/ouryogashop.com\/sv\/product\/yogamatta-jade-harmony-tibetian-orange\/"]}]},{"@type":"ImageObject","inLanguage":"sv-SE","@id":"https:\/\/ouryogashop.com\/sv\/product\/yogamatta-jade-harmony-tibetian-orange\/#primaryimage","url":"https:\/\/ouryogashop.com\/wp-content\/uploads\/2019\/06\/Hero_TibetanOrange1.jpg","contentUrl":"https:\/\/ouryogashop.com\/wp-content\/uploads\/2019\/06\/Hero_TibetanOrange1.jpg","width":1920,"height":1920,"caption":"Jade Harmony Tibetian Orange"},{"@type":"BreadcrumbList","@id":"https:\/\/ouryogashop.com\/sv\/product\/yogamatta-jade-harmony-tibetian-orange\/#breadcrumb","itemListElement":[{"@type":"ListItem","position":1,"name":"Hem","item":"https:\/\/ouryogashop.com\/sv\/"},{"@type":"ListItem","position":2,"name":"Yoga Butik","item":"https:\/\/ouryogashop.com\/sv\/yoga-butik\/"},{"@type":"ListItem","position":3,"name":"Yogamatta","item":"https:\/\/ouryogashop.com\/sv\/produkt-kategori\/yogamatta\/"},{"@type":"ListItem","position":4,"name":"Yogamatta Eko","item":"https:\/\/ouryogashop.com\/sv\/produkt-kategori\/yogamatta\/yogamatta-eko\/"},{"@type":"ListItem","position":5,"name":"Yogamatta Jade Harmony Tibetian Orange"}]},{"@type":"WebSite","@id":"https:\/\/ouryogashop.com\/sv\/#website","url":"https:\/\/ouryogashop.com\/sv\/","name":"OurYogaShop","description":"The best yoga mats ever!","publisher":{"@id":"https:\/\/ouryogashop.com\/sv\/#organization"},"potentialAction":[{"@type":"SearchAction","target":{"@type":"EntryPoint","urlTemplate":"https:\/\/ouryogashop.com\/sv\/?s={search_term_string}"},"query-input":{"@type":"PropertyValueSpecification","valueRequired":true,"valueName":"search_term_string"}}],"inLanguage":"sv-SE"},{"@type":"Organization","@id":"https:\/\/ouryogashop.com\/sv\/#organization","name":"OurYogaShop","url":"https:\/\/ouryogashop.com\/sv\/","logo":{"@type":"ImageObject","inLanguage":"sv-SE","@id":"https:\/\/ouryogashop.com\/sv\/#\/schema\/logo\/image\/","url":"https:\/\/ouryogashop.com\/wp-content\/uploads\/2019\/05\/OYS-Logo.png","contentUrl":"https:\/\/ouryogashop.com\/wp-content\/uploads\/2019\/05\/OYS-Logo.png","width":500,"height":371,"caption":"OurYogaShop"},"image":{"@id":"https:\/\/ouryogashop.com\/sv\/#\/schema\/logo\/image\/"},"sameAs":["https:\/\/www.facebook.com\/ouryogashopcom\/","https:\/\/x.com\/OurYogaShop","https:\/\/www.instagram.com\/ouryogashop\/"]}]},"product_brand":"Jade","product_price_amount":"950.00","product_price_currency":"SEK","og_availability":"instock","product_availability":"instock","product_retailer_item_id":"JM1002","product_condition":"new"},"_links":{"self":[{"href":"https:\/\/ouryogashop.com\/sv\/wp-json\/wp\/v2\/product\/85794","targetHints":{"allow":["GET"]}}],"collection":[{"href":"https:\/\/ouryogashop.com\/sv\/wp-json\/wp\/v2\/product"}],"about":[{"href":"https:\/\/ouryogashop.com\/sv\/wp-json\/wp\/v2\/types\/product"}],"replies":[{"embeddable":true,"href":"https:\/\/ouryogashop.com\/sv\/wp-json\/wp\/v2\/comments?post=85794"}],"wp:featuredmedia":[{"embeddable":true,"href":"https:\/\/ouryogashop.com\/sv\/wp-json\/wp\/v2\/media\/85796"}],"wp:attachment":[{"href":"https:\/\/ouryogashop.com\/sv\/wp-json\/wp\/v2\/media?parent=85794"}],"wp:term":[{"taxonomy":"product_brand","embeddable":true,"href":"https:\/\/ouryogashop.com\/sv\/wp-json\/wp\/v2\/product_brand?post=85794"},{"taxonomy":"product_cat","embeddable":true,"href":"https:\/\/ouryogashop.com\/sv\/wp-json\/wp\/v2\/product_cat?post=85794"},{"taxonomy":"product_tag","embeddable":true,"href":"https:\/\/ouryogashop.com\/sv\/wp-json\/wp\/v2\/product_tag?post=85794"}],"curies":[{"name":"wp","href":"https:\/\/api.w.org\/{rel}","templated":true}]}}