{"id":88028,"date":"2019-07-07T16:36:19","date_gmt":"2019-07-07T14:36:19","guid":{"rendered":"https:\/\/ouryogashop.com\/?post_type=product&#038;p=88028"},"modified":"2025-06-21T14:42:58","modified_gmt":"2025-06-21T12:42:58","slug":"cooolooor-yogamatta-pink","status":"publish","type":"product","link":"https:\/\/ouryogashop.com\/sv\/product\/cooolooor-yogamatta-pink\/","title":{"rendered":"cOOOlOOOr Yogamatta Pink"},"content":{"rendered":"<div class=\"wpb-content-wrapper\"><p>[vc_row][vc_column width=&#8221;1\/1&#8243;][uncode_block id=&#8221;87533&#8243;][\/vc_column][\/vc_row][vc_row][vc_column width=&#8221;1\/1&#8243;][uncode_block id=&#8221;87578&#8243;][\/vc_column][\/vc_row][vc_row][vc_column width=&#8221;1\/1&#8243;][uncode_block id=&#8221;87586&#8243;][\/vc_column][\/vc_row][vc_row][vc_column width=&#8221;1\/1&#8243;][uncode_block id=&#8221;87595&#8243;][\/vc_column][\/vc_row][vc_row][vc_column width=&#8221;1\/1&#8243;][uncode_block id=&#8221;88013&#8243;][\/vc_column][\/vc_row][vc_row][vc_column width=&#8221;1\/1&#8243;][uncode_block id=&#8221;88020&#8243;][\/vc_column][\/vc_row][vc_row][vc_column width=&#8221;1\/1&#8243;][uncode_block id=&#8221;87608&#8243;][\/vc_column][\/vc_row]<\/p>\n<\/div>","protected":false},"excerpt":{"rendered":"<p><strong>G\u00f6r din yoga f\u00e4rgglad:<\/strong><\/p>\n<p>cOOOlOOOr Yogamatta Pink &#8211; <strong><em>Denna fantastiska yogamatta har allting:<\/em><\/strong>Halkfri, Ekologisk och <span class=\"tlid-translation translation\" lang=\"en\"><span class=\"\" title=\"\">Biologiskt nedbrytbar<\/span><\/span>, Himmelsk st\u00f6td\u00e4mpning &amp; Stannar stabilt kvar p\u00e5 golvet.<\/p>\n<p>pOOOse Positioneringssystem Ger till yogal\u00e4rare. Fr\u00e5n ett Svenskt Familjef\u00f6retag.<\/p>\n<p><strong><em>&#8221;Keep Your Circles Positive&#8221;<\/em><\/strong><\/p>\n<p>&nbsp;<\/p>\n","protected":false},"featured_media":79893,"comment_status":"open","ping_status":"closed","template":"","meta":[],"product_brand":[],"product_cat":[382,3552,356,3554,357,3557,379,3558],"product_tag":[3494,3495,3496,3497,3498,3499,3500,1278,3493],"class_list":{"0":"post-88028","1":"product","2":"type-product","3":"status-publish","4":"has-post-thumbnail","6":"product_cat-yogamatta","7":"product_cat-ooo-yogamatta","8":"product_cat-yogamatta-eko","9":"product_cat-ooo-cooolooor-sv","10":"product_cat-yogamatta-naturgummi","11":"product_cat-yogamatta-ooo-yogamatta","12":"product_cat-ooo-sv","13":"product_cat-yogamatta-ooo-cooolooor","14":"product_tag-cooolooor-yoga-mat-sv","15":"product_tag-natural-rubber-yoga-mat-sv","16":"product_tag-ecologic-yoga-mat-sv","17":"product_tag-standard-size-yoga-mat-sv","18":"product_tag-slippery-free-sv","19":"product_tag-alignment-system-sv","20":"product_tag-ooo-yoga-mat-sv","21":"product_tag-pink-sv","22":"product_tag-biologic-sv","23":"product_shipping_class-flera-produkter-sv","24":"pa_length-group-183cm-sv","25":"pa_material-natural-rubber-sv","26":"pa_material-ecologic-sv","27":"pa_product-type-wide-yoga-mat-sv","28":"pa_product-type-eco-yoga-mat-sv","29":"pa_product-type-slippery-free-yoga-mat-sv","30":"pa_product-type-standard-yoga-mat-sv","31":"pa_thick-group-5mm-sv","32":"pa_weight-group-3-4-kg-sv","33":"pa_width-group-66cm-sv","35":"first","36":"instock","37":"taxable","38":"shipping-taxable","39":"purchasable","40":"product-type-simple"},"yoast_head":"<!-- This site is optimized with the Yoast SEO Premium plugin v27.5 (Yoast SEO v27.5) - https:\/\/yoast.com\/product\/yoast-seo-premium-wordpress\/ -->\n<title>cOOOlOOOr Yogamatta Pink - Halkfri och Ekologisk - OurYogaShop<\/title>\n<meta name=\"description\" content=\"cOOOlOOOr Yogamatta Pink - Halkfri, Ekologisk, Biologiskt nedbrytbar, Himmelsk St\u00f6td\u00e4mpning &amp; Ligger Stabilt p\u00e5 golvet. &quot;Keep Your Circles Positive&quot;\" \/>\n<meta name=\"robots\" content=\"index, follow, max-snippet:-1, max-image-preview:large, max-video-preview:-1\" \/>\n<link rel=\"canonical\" href=\"https:\/\/ouryogashop.com\/sv\/product\/cooolooor-yogamatta-pink\/\" \/>\n<meta property=\"og:locale\" content=\"sv_SE\" \/>\n<meta property=\"og:type\" content=\"article\" \/>\n<meta property=\"og:title\" content=\"cOOOlOOOr Yogamatta Pink\" \/>\n<meta property=\"og:description\" content=\"cOOOlOOOr Yogamatta Pink - Halkfri, Ekologisk, Biologiskt nedbrytbar, Himmelsk St\u00f6td\u00e4mpning &amp; Ligger Stabilt p\u00e5 golvet. &quot;Keep Your Circles Positive&quot;\" \/>\n<meta property=\"og:url\" content=\"https:\/\/ouryogashop.com\/sv\/product\/cooolooor-yogamatta-pink\/\" \/>\n<meta property=\"og:site_name\" content=\"OurYogaShop\" \/>\n<meta property=\"article:publisher\" content=\"https:\/\/www.facebook.com\/ouryogashopcom\/\" \/>\n<meta property=\"article:modified_time\" content=\"2025-06-21T12:42:58+00:00\" \/>\n<meta property=\"og:image\" content=\"https:\/\/ouryogashop.com\/wp-content\/uploads\/2019\/05\/OOO-yogamatta-cOOOlOOOr-pink-500x500-c-1.jpg\" \/>\n\t<meta property=\"og:image:width\" content=\"500\" \/>\n\t<meta property=\"og:image:height\" content=\"500\" \/>\n\t<meta property=\"og:image:type\" content=\"image\/jpeg\" \/>\n<meta name=\"twitter:card\" content=\"summary_large_image\" \/>\n<meta name=\"twitter:site\" content=\"@OurYogaShop\" \/>\n<meta name=\"twitter:label1\" content=\"Pris\" \/>\n\t<meta name=\"twitter:data1\" content=\"1.111,00&#107;&#114;\" \/>\n\t<meta name=\"twitter:label2\" content=\"Tillg\u00e4nglig\" \/>\n\t<meta name=\"twitter:data2\" content=\"I lager\" \/>\n<script type=\"application\/ld+json\" class=\"yoast-schema-graph\">{\"@context\":\"https:\\\/\\\/schema.org\",\"@graph\":[{\"@type\":\"WebPage\",\"@id\":\"https:\\\/\\\/ouryogashop.com\\\/sv\\\/product\\\/cooolooor-yogamatta-pink\\\/\",\"url\":\"https:\\\/\\\/ouryogashop.com\\\/sv\\\/product\\\/cooolooor-yogamatta-pink\\\/\",\"name\":\"cOOOlOOOr Yogamatta Pink - Halkfri och Ekologisk - OurYogaShop\",\"isPartOf\":{\"@id\":\"https:\\\/\\\/ouryogashop.com\\\/sv\\\/#website\"},\"primaryImageOfPage\":{\"@id\":\"https:\\\/\\\/ouryogashop.com\\\/sv\\\/product\\\/cooolooor-yogamatta-pink\\\/#primaryimage\"},\"image\":{\"@id\":\"https:\\\/\\\/ouryogashop.com\\\/sv\\\/product\\\/cooolooor-yogamatta-pink\\\/#primaryimage\"},\"thumbnailUrl\":\"https:\\\/\\\/ouryogashop.com\\\/wp-content\\\/uploads\\\/2019\\\/05\\\/OOO-yogamatta-cOOOlOOOr-pink-500x500-c-1.jpg\",\"datePublished\":\"2019-07-07T14:36:19+00:00\",\"dateModified\":\"2025-06-21T12:42:58+00:00\",\"description\":\"cOOOlOOOr Yogamatta Pink - Halkfri, Ekologisk, Biologiskt nedbrytbar, Himmelsk St\u00f6td\u00e4mpning & Ligger Stabilt p\u00e5 golvet. \\\"Keep Your Circles Positive\\\"\",\"breadcrumb\":{\"@id\":\"https:\\\/\\\/ouryogashop.com\\\/sv\\\/product\\\/cooolooor-yogamatta-pink\\\/#breadcrumb\"},\"inLanguage\":\"sv-SE\",\"potentialAction\":[{\"@type\":\"ReadAction\",\"target\":[\"https:\\\/\\\/ouryogashop.com\\\/sv\\\/product\\\/cooolooor-yogamatta-pink\\\/\"]}]},{\"@type\":\"ImageObject\",\"inLanguage\":\"sv-SE\",\"@id\":\"https:\\\/\\\/ouryogashop.com\\\/sv\\\/product\\\/cooolooor-yogamatta-pink\\\/#primaryimage\",\"url\":\"https:\\\/\\\/ouryogashop.com\\\/wp-content\\\/uploads\\\/2019\\\/05\\\/OOO-yogamatta-cOOOlOOOr-pink-500x500-c-1.jpg\",\"contentUrl\":\"https:\\\/\\\/ouryogashop.com\\\/wp-content\\\/uploads\\\/2019\\\/05\\\/OOO-yogamatta-cOOOlOOOr-pink-500x500-c-1.jpg\",\"width\":500,\"height\":500,\"caption\":\"cOOOlOOOr Yogamatta Pink\"},{\"@type\":\"BreadcrumbList\",\"@id\":\"https:\\\/\\\/ouryogashop.com\\\/sv\\\/product\\\/cooolooor-yogamatta-pink\\\/#breadcrumb\",\"itemListElement\":[{\"@type\":\"ListItem\",\"position\":1,\"name\":\"Hem\",\"item\":\"https:\\\/\\\/ouryogashop.com\\\/sv\\\/\"},{\"@type\":\"ListItem\",\"position\":2,\"name\":\"Yoga Butik\",\"item\":\"https:\\\/\\\/ouryogashop.com\\\/sv\\\/yoga-butik\\\/\"},{\"@type\":\"ListItem\",\"position\":3,\"name\":\"OOO\",\"item\":\"https:\\\/\\\/ouryogashop.com\\\/sv\\\/produkt-kategori\\\/ooo-sv\\\/\"},{\"@type\":\"ListItem\",\"position\":4,\"name\":\"OOO Yogamatta\",\"item\":\"https:\\\/\\\/ouryogashop.com\\\/sv\\\/produkt-kategori\\\/ooo-sv\\\/ooo-yogamatta\\\/\"},{\"@type\":\"ListItem\",\"position\":5,\"name\":\"OOO cOOOlOOOr\",\"item\":\"https:\\\/\\\/ouryogashop.com\\\/sv\\\/produkt-kategori\\\/ooo-sv\\\/ooo-yogamatta\\\/ooo-cooolooor-sv\\\/\"},{\"@type\":\"ListItem\",\"position\":6,\"name\":\"cOOOlOOOr Yogamatta Pink\"}]},{\"@type\":\"WebSite\",\"@id\":\"https:\\\/\\\/ouryogashop.com\\\/sv\\\/#website\",\"url\":\"https:\\\/\\\/ouryogashop.com\\\/sv\\\/\",\"name\":\"OurYogaShop\",\"description\":\"The best yoga mats ever!\",\"publisher\":{\"@id\":\"https:\\\/\\\/ouryogashop.com\\\/sv\\\/#organization\"},\"potentialAction\":[{\"@type\":\"SearchAction\",\"target\":{\"@type\":\"EntryPoint\",\"urlTemplate\":\"https:\\\/\\\/ouryogashop.com\\\/sv\\\/?s={search_term_string}\"},\"query-input\":{\"@type\":\"PropertyValueSpecification\",\"valueRequired\":true,\"valueName\":\"search_term_string\"}}],\"inLanguage\":\"sv-SE\"},{\"@type\":\"Organization\",\"@id\":\"https:\\\/\\\/ouryogashop.com\\\/sv\\\/#organization\",\"name\":\"OurYogaShop\",\"url\":\"https:\\\/\\\/ouryogashop.com\\\/sv\\\/\",\"logo\":{\"@type\":\"ImageObject\",\"inLanguage\":\"sv-SE\",\"@id\":\"https:\\\/\\\/ouryogashop.com\\\/sv\\\/#\\\/schema\\\/logo\\\/image\\\/\",\"url\":\"https:\\\/\\\/ouryogashop.com\\\/wp-content\\\/uploads\\\/2019\\\/05\\\/OYS-Logo.png\",\"contentUrl\":\"https:\\\/\\\/ouryogashop.com\\\/wp-content\\\/uploads\\\/2019\\\/05\\\/OYS-Logo.png\",\"width\":500,\"height\":371,\"caption\":\"OurYogaShop\"},\"image\":{\"@id\":\"https:\\\/\\\/ouryogashop.com\\\/sv\\\/#\\\/schema\\\/logo\\\/image\\\/\"},\"sameAs\":[\"https:\\\/\\\/www.facebook.com\\\/ouryogashopcom\\\/\",\"https:\\\/\\\/x.com\\\/OurYogaShop\",\"https:\\\/\\\/www.instagram.com\\\/ouryogashop\\\/\"]}]}<\/script>\n<meta property=\"product:brand\" content=\"OOO\" \/>\n<meta property=\"product:price:amount\" content=\"1111.00\" \/>\n<meta property=\"product:price:currency\" content=\"SEK\" \/>\n<meta property=\"og:availability\" content=\"instock\" \/>\n<meta property=\"product:availability\" content=\"instock\" \/>\n<meta property=\"product:retailer_item_id\" content=\"OOO1121\" \/>\n<meta property=\"product:condition\" content=\"new\" \/>\n<!-- \/ Yoast SEO Premium plugin. -->","yoast_head_json":{"title":"cOOOlOOOr Yogamatta Pink - Halkfri och Ekologisk - OurYogaShop","description":"cOOOlOOOr Yogamatta Pink - Halkfri, Ekologisk, Biologiskt nedbrytbar, Himmelsk St\u00f6td\u00e4mpning & Ligger Stabilt p\u00e5 golvet. \"Keep Your Circles Positive\"","robots":{"index":"index","follow":"follow","max-snippet":"max-snippet:-1","max-image-preview":"max-image-preview:large","max-video-preview":"max-video-preview:-1"},"canonical":"https:\/\/ouryogashop.com\/sv\/product\/cooolooor-yogamatta-pink\/","og_locale":"sv_SE","og_type":"article","og_title":"cOOOlOOOr Yogamatta Pink","og_description":"cOOOlOOOr Yogamatta Pink - Halkfri, Ekologisk, Biologiskt nedbrytbar, Himmelsk St\u00f6td\u00e4mpning & Ligger Stabilt p\u00e5 golvet. \"Keep Your Circles Positive\"","og_url":"https:\/\/ouryogashop.com\/sv\/product\/cooolooor-yogamatta-pink\/","og_site_name":"OurYogaShop","article_publisher":"https:\/\/www.facebook.com\/ouryogashopcom\/","article_modified_time":"2025-06-21T12:42:58+00:00","og_image":[{"width":500,"height":500,"url":"https:\/\/ouryogashop.com\/wp-content\/uploads\/2019\/05\/OOO-yogamatta-cOOOlOOOr-pink-500x500-c-1.jpg","type":"image\/jpeg"}],"twitter_card":"summary_large_image","twitter_site":"@OurYogaShop","twitter_misc":{"Pris":"1.111,00&#107;&#114;","Tillg\u00e4nglig":"I lager"},"schema":{"@context":"https:\/\/schema.org","@graph":[{"@type":"WebPage","@id":"https:\/\/ouryogashop.com\/sv\/product\/cooolooor-yogamatta-pink\/","url":"https:\/\/ouryogashop.com\/sv\/product\/cooolooor-yogamatta-pink\/","name":"cOOOlOOOr Yogamatta Pink - Halkfri och Ekologisk - OurYogaShop","isPartOf":{"@id":"https:\/\/ouryogashop.com\/sv\/#website"},"primaryImageOfPage":{"@id":"https:\/\/ouryogashop.com\/sv\/product\/cooolooor-yogamatta-pink\/#primaryimage"},"image":{"@id":"https:\/\/ouryogashop.com\/sv\/product\/cooolooor-yogamatta-pink\/#primaryimage"},"thumbnailUrl":"https:\/\/ouryogashop.com\/wp-content\/uploads\/2019\/05\/OOO-yogamatta-cOOOlOOOr-pink-500x500-c-1.jpg","datePublished":"2019-07-07T14:36:19+00:00","dateModified":"2025-06-21T12:42:58+00:00","description":"cOOOlOOOr Yogamatta Pink - Halkfri, Ekologisk, Biologiskt nedbrytbar, Himmelsk St\u00f6td\u00e4mpning & Ligger Stabilt p\u00e5 golvet. \"Keep Your Circles Positive\"","breadcrumb":{"@id":"https:\/\/ouryogashop.com\/sv\/product\/cooolooor-yogamatta-pink\/#breadcrumb"},"inLanguage":"sv-SE","potentialAction":[{"@type":"ReadAction","target":["https:\/\/ouryogashop.com\/sv\/product\/cooolooor-yogamatta-pink\/"]}]},{"@type":"ImageObject","inLanguage":"sv-SE","@id":"https:\/\/ouryogashop.com\/sv\/product\/cooolooor-yogamatta-pink\/#primaryimage","url":"https:\/\/ouryogashop.com\/wp-content\/uploads\/2019\/05\/OOO-yogamatta-cOOOlOOOr-pink-500x500-c-1.jpg","contentUrl":"https:\/\/ouryogashop.com\/wp-content\/uploads\/2019\/05\/OOO-yogamatta-cOOOlOOOr-pink-500x500-c-1.jpg","width":500,"height":500,"caption":"cOOOlOOOr Yogamatta Pink"},{"@type":"BreadcrumbList","@id":"https:\/\/ouryogashop.com\/sv\/product\/cooolooor-yogamatta-pink\/#breadcrumb","itemListElement":[{"@type":"ListItem","position":1,"name":"Hem","item":"https:\/\/ouryogashop.com\/sv\/"},{"@type":"ListItem","position":2,"name":"Yoga Butik","item":"https:\/\/ouryogashop.com\/sv\/yoga-butik\/"},{"@type":"ListItem","position":3,"name":"OOO","item":"https:\/\/ouryogashop.com\/sv\/produkt-kategori\/ooo-sv\/"},{"@type":"ListItem","position":4,"name":"OOO Yogamatta","item":"https:\/\/ouryogashop.com\/sv\/produkt-kategori\/ooo-sv\/ooo-yogamatta\/"},{"@type":"ListItem","position":5,"name":"OOO cOOOlOOOr","item":"https:\/\/ouryogashop.com\/sv\/produkt-kategori\/ooo-sv\/ooo-yogamatta\/ooo-cooolooor-sv\/"},{"@type":"ListItem","position":6,"name":"cOOOlOOOr Yogamatta Pink"}]},{"@type":"WebSite","@id":"https:\/\/ouryogashop.com\/sv\/#website","url":"https:\/\/ouryogashop.com\/sv\/","name":"OurYogaShop","description":"The best yoga mats ever!","publisher":{"@id":"https:\/\/ouryogashop.com\/sv\/#organization"},"potentialAction":[{"@type":"SearchAction","target":{"@type":"EntryPoint","urlTemplate":"https:\/\/ouryogashop.com\/sv\/?s={search_term_string}"},"query-input":{"@type":"PropertyValueSpecification","valueRequired":true,"valueName":"search_term_string"}}],"inLanguage":"sv-SE"},{"@type":"Organization","@id":"https:\/\/ouryogashop.com\/sv\/#organization","name":"OurYogaShop","url":"https:\/\/ouryogashop.com\/sv\/","logo":{"@type":"ImageObject","inLanguage":"sv-SE","@id":"https:\/\/ouryogashop.com\/sv\/#\/schema\/logo\/image\/","url":"https:\/\/ouryogashop.com\/wp-content\/uploads\/2019\/05\/OYS-Logo.png","contentUrl":"https:\/\/ouryogashop.com\/wp-content\/uploads\/2019\/05\/OYS-Logo.png","width":500,"height":371,"caption":"OurYogaShop"},"image":{"@id":"https:\/\/ouryogashop.com\/sv\/#\/schema\/logo\/image\/"},"sameAs":["https:\/\/www.facebook.com\/ouryogashopcom\/","https:\/\/x.com\/OurYogaShop","https:\/\/www.instagram.com\/ouryogashop\/"]}]},"product_brand":"OOO","product_price_amount":"1111.00","product_price_currency":"SEK","og_availability":"instock","product_availability":"instock","product_retailer_item_id":"OOO1121","product_condition":"new"},"_links":{"self":[{"href":"https:\/\/ouryogashop.com\/sv\/wp-json\/wp\/v2\/product\/88028","targetHints":{"allow":["GET"]}}],"collection":[{"href":"https:\/\/ouryogashop.com\/sv\/wp-json\/wp\/v2\/product"}],"about":[{"href":"https:\/\/ouryogashop.com\/sv\/wp-json\/wp\/v2\/types\/product"}],"replies":[{"embeddable":true,"href":"https:\/\/ouryogashop.com\/sv\/wp-json\/wp\/v2\/comments?post=88028"}],"wp:featuredmedia":[{"embeddable":true,"href":"https:\/\/ouryogashop.com\/sv\/wp-json\/wp\/v2\/media\/79893"}],"wp:attachment":[{"href":"https:\/\/ouryogashop.com\/sv\/wp-json\/wp\/v2\/media?parent=88028"}],"wp:term":[{"taxonomy":"product_brand","embeddable":true,"href":"https:\/\/ouryogashop.com\/sv\/wp-json\/wp\/v2\/product_brand?post=88028"},{"taxonomy":"product_cat","embeddable":true,"href":"https:\/\/ouryogashop.com\/sv\/wp-json\/wp\/v2\/product_cat?post=88028"},{"taxonomy":"product_tag","embeddable":true,"href":"https:\/\/ouryogashop.com\/sv\/wp-json\/wp\/v2\/product_tag?post=88028"}],"curies":[{"name":"wp","href":"https:\/\/api.w.org\/{rel}","templated":true}]}}