{"id":88162,"date":"2019-07-09T09:09:19","date_gmt":"2019-07-09T07:09:19","guid":{"rendered":"https:\/\/ouryogashop.com\/?post_type=product&#038;p=88162"},"modified":"2025-11-29T12:26:56","modified_gmt":"2025-11-29T10:26:56","slug":"yoga-reseyogamatta-eko-superlite-manduka-midnight","status":"publish","type":"product","link":"https:\/\/ouryogashop.com\/sv\/product\/yoga-reseyogamatta-eko-superlite-manduka-midnight\/","title":{"rendered":"Reseyogamatta eKo Superlite Manduka Midnight"},"content":{"rendered":"<div class=\"wpb-content-wrapper\"><p>[vc_row][vc_column width=&#8221;1\/1&#8243;][uncode_block id=&#8221;79515&#8243;][\/vc_column][\/vc_row][vc_row][vc_column width=&#8221;1\/1&#8243;][uncode_block id=&#8221;81806&#8243;][\/vc_column][\/vc_row][vc_row][vc_column width=&#8221;1\/1&#8243;][uncode_block id=&#8221;81812&#8243;][\/vc_column][\/vc_row][vc_row][vc_column width=&#8221;1\/1&#8243;][uncode_block id=&#8221;81819&#8243;][\/vc_column][\/vc_row][vc_row][vc_column width=&#8221;1\/1&#8243;][uncode_block id=&#8221;82350&#8243;][\/vc_column][\/vc_row][vc_row][vc_column width=&#8221;1\/1&#8243;][uncode_block id=&#8221;81842&#8243;][\/vc_column][\/vc_row][vc_row][vc_column width=&#8221;1\/1&#8243;][uncode_block id=&#8221;79511&#8243;][\/vc_column][\/vc_row]<\/p>\n<\/div>","protected":false},"excerpt":{"rendered":"<h4>\u00d6versikt<\/h4>\n<p>eKo Superlite Manduka Reseyogamatta Midnight &#8211; Vik den eller rulla ihop den och ta med den ut i v\u00e4rlden.<\/p>\n<p>\u2022 Standardstorlek: +\/- 1 kg 180 cm x 61 cm och 1,5 mm tjock<br \/>\n\u2022 Ytstruktur ger \u00f6verl\u00e4gset grepp, \u00e4ven vid l\u00e4tt svettning.<br \/>\n\u2022 T\u00e4tt v\u00e4vd sl\u00f6ja som inte g\u00e5r s\u00f6nder eller str\u00e4cks.<\/p>\n","protected":false},"featured_media":88170,"comment_status":"open","ping_status":"closed","template":"","meta":[],"product_brand":[],"product_cat":[356,382,357,355,3655,3654],"product_tag":[824,358,993,3495,3496,719],"class_list":{"0":"post-88162","1":"product","2":"type-product","3":"status-publish","4":"has-post-thumbnail","6":"product_cat-yogamatta-eko","7":"product_cat-yogamatta","8":"product_cat-yogamatta-naturgummi","9":"product_cat-manduka-sv","10":"product_cat-yogamattor-manduka","11":"product_cat-yogamatta-manduka-eko-travel","12":"product_tag-yogamatta-resa","13":"product_tag-eko-mat-sv","14":"product_tag-midnight-blue-sv","15":"product_tag-natural-rubber-yoga-mat-sv","16":"product_tag-ecologic-yoga-mat-sv","17":"product_tag-manduka-eko-superlite-yogamatta","18":"product_shipping_class-flera-produkter-sv","19":"pa_length-group-180cm-sv","20":"pa_material-natural-rubber-sv","21":"pa_material-ecologic-sv","22":"pa_product-type-yogamatta-for-resor","23":"pa_product-type-eco-yoga-mat-sv","24":"pa_thick-group-15mm-sv","25":"pa_weight-group-0-1-kg-sv","26":"pa_width-group-61cm-sv","28":"first","29":"instock","30":"taxable","31":"shipping-taxable","32":"purchasable","33":"product-type-simple"},"yoast_head":"<!-- This site is optimized with the Yoast SEO Premium plugin v27.3 (Yoast SEO v27.4) - https:\/\/yoast.com\/product\/yoast-seo-premium-wordpress\/ -->\n<title>eKo Superlite Reseyogamatta Manduka Midnight- OurYogaShop<\/title>\n<meta name=\"description\" content=\"eKo Superlite Reseyogamatta Manduka Midnight - Reseyogamatta av naturgummi som ger ett v\u00e4ldigt bra grepp fr\u00e5n start. Supportar din yoga och v\u00e5r planet!\" \/>\n<meta name=\"robots\" content=\"index, follow, max-snippet:-1, max-image-preview:large, max-video-preview:-1\" \/>\n<link rel=\"canonical\" href=\"https:\/\/ouryogashop.com\/sv\/product\/yoga-reseyogamatta-eko-superlite-manduka-midnight\/\" \/>\n<meta property=\"og:locale\" content=\"sv_SE\" \/>\n<meta property=\"og:type\" content=\"article\" \/>\n<meta property=\"og:title\" content=\"Reseyogamatta eKo Superlite Manduka Midnight\" \/>\n<meta property=\"og:description\" content=\"eKo Superlite Reseyogamatta Manduka Midnight - Reseyogamatta av naturgummi som ger ett v\u00e4ldigt bra grepp fr\u00e5n start. Supportar din yoga och v\u00e5r planet!\" \/>\n<meta property=\"og:url\" content=\"https:\/\/ouryogashop.com\/sv\/product\/yoga-reseyogamatta-eko-superlite-manduka-midnight\/\" \/>\n<meta property=\"og:site_name\" content=\"OurYogaShop\" \/>\n<meta property=\"article:publisher\" content=\"https:\/\/www.facebook.com\/ouryogashopcom\/\" \/>\n<meta property=\"article:modified_time\" content=\"2025-11-29T10:26:56+00:00\" \/>\n<meta property=\"og:image\" content=\"https:\/\/ouryogashop.com\/wp-content\/uploads\/2019\/07\/136013-eko-superlite-midnight-3_1024x1024.jpg\" \/>\n\t<meta property=\"og:image:width\" content=\"870\" \/>\n\t<meta property=\"og:image:height\" content=\"1013\" \/>\n\t<meta property=\"og:image:type\" content=\"image\/jpeg\" \/>\n<meta name=\"twitter:card\" content=\"summary_large_image\" \/>\n<meta name=\"twitter:site\" content=\"@OurYogaShop\" \/>\n<meta name=\"twitter:label1\" content=\"Pris\" \/>\n\t<meta name=\"twitter:data1\" content=\"500,00&#107;&#114;\" \/>\n\t<meta name=\"twitter:label2\" content=\"Tillg\u00e4nglig\" \/>\n\t<meta name=\"twitter:data2\" content=\"I lager\" \/>\n<script type=\"application\/ld+json\" class=\"yoast-schema-graph\">{\"@context\":\"https:\\\/\\\/schema.org\",\"@graph\":[{\"@type\":\"WebPage\",\"@id\":\"https:\\\/\\\/ouryogashop.com\\\/sv\\\/product\\\/yoga-reseyogamatta-eko-superlite-manduka-midnight\\\/\",\"url\":\"https:\\\/\\\/ouryogashop.com\\\/sv\\\/product\\\/yoga-reseyogamatta-eko-superlite-manduka-midnight\\\/\",\"name\":\"eKo Superlite Reseyogamatta Manduka Midnight- OurYogaShop\",\"isPartOf\":{\"@id\":\"https:\\\/\\\/ouryogashop.com\\\/sv\\\/#website\"},\"primaryImageOfPage\":{\"@id\":\"https:\\\/\\\/ouryogashop.com\\\/sv\\\/product\\\/yoga-reseyogamatta-eko-superlite-manduka-midnight\\\/#primaryimage\"},\"image\":{\"@id\":\"https:\\\/\\\/ouryogashop.com\\\/sv\\\/product\\\/yoga-reseyogamatta-eko-superlite-manduka-midnight\\\/#primaryimage\"},\"thumbnailUrl\":\"https:\\\/\\\/ouryogashop.com\\\/wp-content\\\/uploads\\\/2019\\\/07\\\/136013-eko-superlite-midnight-3_1024x1024.jpg\",\"datePublished\":\"2019-07-09T07:09:19+00:00\",\"dateModified\":\"2025-11-29T10:26:56+00:00\",\"description\":\"eKo Superlite Reseyogamatta Manduka Midnight - Reseyogamatta av naturgummi som ger ett v\u00e4ldigt bra grepp fr\u00e5n start. Supportar din yoga och v\u00e5r planet!\",\"breadcrumb\":{\"@id\":\"https:\\\/\\\/ouryogashop.com\\\/sv\\\/product\\\/yoga-reseyogamatta-eko-superlite-manduka-midnight\\\/#breadcrumb\"},\"inLanguage\":\"sv-SE\",\"potentialAction\":[{\"@type\":\"ReadAction\",\"target\":[\"https:\\\/\\\/ouryogashop.com\\\/sv\\\/product\\\/yoga-reseyogamatta-eko-superlite-manduka-midnight\\\/\"]}]},{\"@type\":\"ImageObject\",\"inLanguage\":\"sv-SE\",\"@id\":\"https:\\\/\\\/ouryogashop.com\\\/sv\\\/product\\\/yoga-reseyogamatta-eko-superlite-manduka-midnight\\\/#primaryimage\",\"url\":\"https:\\\/\\\/ouryogashop.com\\\/wp-content\\\/uploads\\\/2019\\\/07\\\/136013-eko-superlite-midnight-3_1024x1024.jpg\",\"contentUrl\":\"https:\\\/\\\/ouryogashop.com\\\/wp-content\\\/uploads\\\/2019\\\/07\\\/136013-eko-superlite-midnight-3_1024x1024.jpg\",\"width\":870,\"height\":1013,\"caption\":\"eKo Superlite Manduka Midnight\"},{\"@type\":\"BreadcrumbList\",\"@id\":\"https:\\\/\\\/ouryogashop.com\\\/sv\\\/product\\\/yoga-reseyogamatta-eko-superlite-manduka-midnight\\\/#breadcrumb\",\"itemListElement\":[{\"@type\":\"ListItem\",\"position\":1,\"name\":\"Hem\",\"item\":\"https:\\\/\\\/ouryogashop.com\\\/sv\\\/\"},{\"@type\":\"ListItem\",\"position\":2,\"name\":\"Yoga Butik\",\"item\":\"https:\\\/\\\/ouryogashop.com\\\/sv\\\/yoga-butik\\\/\"},{\"@type\":\"ListItem\",\"position\":3,\"name\":\"Yogamatta\",\"item\":\"https:\\\/\\\/ouryogashop.com\\\/sv\\\/produkt-kategori\\\/yogamatta\\\/\"},{\"@type\":\"ListItem\",\"position\":4,\"name\":\"Yogamatta Eko\",\"item\":\"https:\\\/\\\/ouryogashop.com\\\/sv\\\/produkt-kategori\\\/yogamatta\\\/yogamatta-eko\\\/\"},{\"@type\":\"ListItem\",\"position\":5,\"name\":\"Reseyogamatta eKo Superlite Manduka Midnight\"}]},{\"@type\":\"WebSite\",\"@id\":\"https:\\\/\\\/ouryogashop.com\\\/sv\\\/#website\",\"url\":\"https:\\\/\\\/ouryogashop.com\\\/sv\\\/\",\"name\":\"OurYogaShop\",\"description\":\"The best yoga mats ever!\",\"publisher\":{\"@id\":\"https:\\\/\\\/ouryogashop.com\\\/sv\\\/#organization\"},\"potentialAction\":[{\"@type\":\"SearchAction\",\"target\":{\"@type\":\"EntryPoint\",\"urlTemplate\":\"https:\\\/\\\/ouryogashop.com\\\/sv\\\/?s={search_term_string}\"},\"query-input\":{\"@type\":\"PropertyValueSpecification\",\"valueRequired\":true,\"valueName\":\"search_term_string\"}}],\"inLanguage\":\"sv-SE\"},{\"@type\":\"Organization\",\"@id\":\"https:\\\/\\\/ouryogashop.com\\\/sv\\\/#organization\",\"name\":\"OurYogaShop\",\"url\":\"https:\\\/\\\/ouryogashop.com\\\/sv\\\/\",\"logo\":{\"@type\":\"ImageObject\",\"inLanguage\":\"sv-SE\",\"@id\":\"https:\\\/\\\/ouryogashop.com\\\/sv\\\/#\\\/schema\\\/logo\\\/image\\\/\",\"url\":\"https:\\\/\\\/ouryogashop.com\\\/wp-content\\\/uploads\\\/2019\\\/05\\\/OYS-Logo.png\",\"contentUrl\":\"https:\\\/\\\/ouryogashop.com\\\/wp-content\\\/uploads\\\/2019\\\/05\\\/OYS-Logo.png\",\"width\":500,\"height\":371,\"caption\":\"OurYogaShop\"},\"image\":{\"@id\":\"https:\\\/\\\/ouryogashop.com\\\/sv\\\/#\\\/schema\\\/logo\\\/image\\\/\"},\"sameAs\":[\"https:\\\/\\\/www.facebook.com\\\/ouryogashopcom\\\/\",\"https:\\\/\\\/x.com\\\/OurYogaShop\",\"https:\\\/\\\/www.instagram.com\\\/ouryogashop\\\/\"]}]}<\/script>\n<meta property=\"product:brand\" content=\"Manduka\" \/>\n<meta property=\"product:price:amount\" content=\"500.00\" \/>\n<meta property=\"product:price:currency\" content=\"SEK\" \/>\n<meta property=\"og:availability\" content=\"instock\" \/>\n<meta property=\"product:availability\" content=\"instock\" \/>\n<meta property=\"product:retailer_item_id\" content=\"MD12002\" \/>\n<meta property=\"product:condition\" content=\"new\" \/>\n<!-- \/ Yoast SEO Premium plugin. -->","yoast_head_json":{"title":"eKo Superlite Reseyogamatta Manduka Midnight- OurYogaShop","description":"eKo Superlite Reseyogamatta Manduka Midnight - Reseyogamatta av naturgummi som ger ett v\u00e4ldigt bra grepp fr\u00e5n start. Supportar din yoga och v\u00e5r planet!","robots":{"index":"index","follow":"follow","max-snippet":"max-snippet:-1","max-image-preview":"max-image-preview:large","max-video-preview":"max-video-preview:-1"},"canonical":"https:\/\/ouryogashop.com\/sv\/product\/yoga-reseyogamatta-eko-superlite-manduka-midnight\/","og_locale":"sv_SE","og_type":"article","og_title":"Reseyogamatta eKo Superlite Manduka Midnight","og_description":"eKo Superlite Reseyogamatta Manduka Midnight - Reseyogamatta av naturgummi som ger ett v\u00e4ldigt bra grepp fr\u00e5n start. Supportar din yoga och v\u00e5r planet!","og_url":"https:\/\/ouryogashop.com\/sv\/product\/yoga-reseyogamatta-eko-superlite-manduka-midnight\/","og_site_name":"OurYogaShop","article_publisher":"https:\/\/www.facebook.com\/ouryogashopcom\/","article_modified_time":"2025-11-29T10:26:56+00:00","og_image":[{"width":870,"height":1013,"url":"https:\/\/ouryogashop.com\/wp-content\/uploads\/2019\/07\/136013-eko-superlite-midnight-3_1024x1024.jpg","type":"image\/jpeg"}],"twitter_card":"summary_large_image","twitter_site":"@OurYogaShop","twitter_misc":{"Pris":"500,00&#107;&#114;","Tillg\u00e4nglig":"I lager"},"schema":{"@context":"https:\/\/schema.org","@graph":[{"@type":"WebPage","@id":"https:\/\/ouryogashop.com\/sv\/product\/yoga-reseyogamatta-eko-superlite-manduka-midnight\/","url":"https:\/\/ouryogashop.com\/sv\/product\/yoga-reseyogamatta-eko-superlite-manduka-midnight\/","name":"eKo Superlite Reseyogamatta Manduka Midnight- OurYogaShop","isPartOf":{"@id":"https:\/\/ouryogashop.com\/sv\/#website"},"primaryImageOfPage":{"@id":"https:\/\/ouryogashop.com\/sv\/product\/yoga-reseyogamatta-eko-superlite-manduka-midnight\/#primaryimage"},"image":{"@id":"https:\/\/ouryogashop.com\/sv\/product\/yoga-reseyogamatta-eko-superlite-manduka-midnight\/#primaryimage"},"thumbnailUrl":"https:\/\/ouryogashop.com\/wp-content\/uploads\/2019\/07\/136013-eko-superlite-midnight-3_1024x1024.jpg","datePublished":"2019-07-09T07:09:19+00:00","dateModified":"2025-11-29T10:26:56+00:00","description":"eKo Superlite Reseyogamatta Manduka Midnight - Reseyogamatta av naturgummi som ger ett v\u00e4ldigt bra grepp fr\u00e5n start. Supportar din yoga och v\u00e5r planet!","breadcrumb":{"@id":"https:\/\/ouryogashop.com\/sv\/product\/yoga-reseyogamatta-eko-superlite-manduka-midnight\/#breadcrumb"},"inLanguage":"sv-SE","potentialAction":[{"@type":"ReadAction","target":["https:\/\/ouryogashop.com\/sv\/product\/yoga-reseyogamatta-eko-superlite-manduka-midnight\/"]}]},{"@type":"ImageObject","inLanguage":"sv-SE","@id":"https:\/\/ouryogashop.com\/sv\/product\/yoga-reseyogamatta-eko-superlite-manduka-midnight\/#primaryimage","url":"https:\/\/ouryogashop.com\/wp-content\/uploads\/2019\/07\/136013-eko-superlite-midnight-3_1024x1024.jpg","contentUrl":"https:\/\/ouryogashop.com\/wp-content\/uploads\/2019\/07\/136013-eko-superlite-midnight-3_1024x1024.jpg","width":870,"height":1013,"caption":"eKo Superlite Manduka Midnight"},{"@type":"BreadcrumbList","@id":"https:\/\/ouryogashop.com\/sv\/product\/yoga-reseyogamatta-eko-superlite-manduka-midnight\/#breadcrumb","itemListElement":[{"@type":"ListItem","position":1,"name":"Hem","item":"https:\/\/ouryogashop.com\/sv\/"},{"@type":"ListItem","position":2,"name":"Yoga Butik","item":"https:\/\/ouryogashop.com\/sv\/yoga-butik\/"},{"@type":"ListItem","position":3,"name":"Yogamatta","item":"https:\/\/ouryogashop.com\/sv\/produkt-kategori\/yogamatta\/"},{"@type":"ListItem","position":4,"name":"Yogamatta Eko","item":"https:\/\/ouryogashop.com\/sv\/produkt-kategori\/yogamatta\/yogamatta-eko\/"},{"@type":"ListItem","position":5,"name":"Reseyogamatta eKo Superlite Manduka Midnight"}]},{"@type":"WebSite","@id":"https:\/\/ouryogashop.com\/sv\/#website","url":"https:\/\/ouryogashop.com\/sv\/","name":"OurYogaShop","description":"The best yoga mats ever!","publisher":{"@id":"https:\/\/ouryogashop.com\/sv\/#organization"},"potentialAction":[{"@type":"SearchAction","target":{"@type":"EntryPoint","urlTemplate":"https:\/\/ouryogashop.com\/sv\/?s={search_term_string}"},"query-input":{"@type":"PropertyValueSpecification","valueRequired":true,"valueName":"search_term_string"}}],"inLanguage":"sv-SE"},{"@type":"Organization","@id":"https:\/\/ouryogashop.com\/sv\/#organization","name":"OurYogaShop","url":"https:\/\/ouryogashop.com\/sv\/","logo":{"@type":"ImageObject","inLanguage":"sv-SE","@id":"https:\/\/ouryogashop.com\/sv\/#\/schema\/logo\/image\/","url":"https:\/\/ouryogashop.com\/wp-content\/uploads\/2019\/05\/OYS-Logo.png","contentUrl":"https:\/\/ouryogashop.com\/wp-content\/uploads\/2019\/05\/OYS-Logo.png","width":500,"height":371,"caption":"OurYogaShop"},"image":{"@id":"https:\/\/ouryogashop.com\/sv\/#\/schema\/logo\/image\/"},"sameAs":["https:\/\/www.facebook.com\/ouryogashopcom\/","https:\/\/x.com\/OurYogaShop","https:\/\/www.instagram.com\/ouryogashop\/"]}]},"product_brand":"Manduka","product_price_amount":"500.00","product_price_currency":"SEK","og_availability":"instock","product_availability":"instock","product_retailer_item_id":"MD12002","product_condition":"new"},"_links":{"self":[{"href":"https:\/\/ouryogashop.com\/sv\/wp-json\/wp\/v2\/product\/88162","targetHints":{"allow":["GET"]}}],"collection":[{"href":"https:\/\/ouryogashop.com\/sv\/wp-json\/wp\/v2\/product"}],"about":[{"href":"https:\/\/ouryogashop.com\/sv\/wp-json\/wp\/v2\/types\/product"}],"replies":[{"embeddable":true,"href":"https:\/\/ouryogashop.com\/sv\/wp-json\/wp\/v2\/comments?post=88162"}],"wp:featuredmedia":[{"embeddable":true,"href":"https:\/\/ouryogashop.com\/sv\/wp-json\/wp\/v2\/media\/88170"}],"wp:attachment":[{"href":"https:\/\/ouryogashop.com\/sv\/wp-json\/wp\/v2\/media?parent=88162"}],"wp:term":[{"taxonomy":"product_brand","embeddable":true,"href":"https:\/\/ouryogashop.com\/sv\/wp-json\/wp\/v2\/product_brand?post=88162"},{"taxonomy":"product_cat","embeddable":true,"href":"https:\/\/ouryogashop.com\/sv\/wp-json\/wp\/v2\/product_cat?post=88162"},{"taxonomy":"product_tag","embeddable":true,"href":"https:\/\/ouryogashop.com\/sv\/wp-json\/wp\/v2\/product_tag?post=88162"}],"curies":[{"name":"wp","href":"https:\/\/api.w.org\/{rel}","templated":true}]}}