{"id":91482,"date":"2019-08-17T09:35:01","date_gmt":"2019-08-17T07:35:01","guid":{"rendered":"https:\/\/ouryogashop.com\/?post_type=product&#038;p=91482"},"modified":"2025-01-07T13:04:05","modified_gmt":"2025-01-07T11:04:05","slug":"ooo-yogafilt-naturvit","status":"publish","type":"product","link":"https:\/\/ouryogashop.com\/sv\/product\/ooo-yogafilt-naturvit\/","title":{"rendered":"OOO Yogafilt Naturvit"},"content":{"rendered":"<div class=\"wpb-content-wrapper\"><p>[vc_row][vc_column width=&#8221;1\/1&#8243;][uncode_block id=&#8221;91483&#8243;][\/vc_column][\/vc_row][vc_row][vc_column width=&#8221;1\/1&#8243;][uncode_block id=&#8221;91485&#8243;][\/vc_column][\/vc_row][vc_row][vc_column width=&#8221;1\/1&#8243;][uncode_block id=&#8221;91528&#8243;][\/vc_column][\/vc_row][vc_row][vc_column width=&#8221;1\/1&#8243;][uncode_block id=&#8221;91525&#8243;][\/vc_column][\/vc_row][vc_row][vc_column width=&#8221;1\/1&#8243;][uncode_block id=&#8221;91541&#8243;][\/vc_column][\/vc_row][vc_row][vc_column width=&#8221;1\/1&#8243;][uncode_block id=&#8221;87608&#8243;][\/vc_column][\/vc_row]<\/p>\n<\/div>","protected":false},"excerpt":{"rendered":"<h3><strong>OOO Yogafilt Ekologisk<\/strong><\/h3>\n<p>&#8211; <strong><em>Denna h\u00f6gkvalitativa yogafilt har allting;<\/em><\/strong> Ekologisk naturvit bomull med en vacker brunguldf\u00e4rgad logo.<\/p>\n<p>Ger tillbaka till v\u00e5ra \u00e4lskade yogal\u00e4rare och studios ist\u00e4llet f\u00f6r hungriga investerare. Fr\u00e5n ett Svenskt Familjef\u00f6retag.<\/p>\n<p><strong><em>&#8221;Keep Your Circles Positive&#8221;<\/em><\/strong><\/p>\n<p>&nbsp;<\/p>\n","protected":false},"featured_media":91500,"comment_status":"open","ping_status":"closed","template":"","meta":[],"product_brand":[],"product_cat":[1543,379,1544],"product_tag":[1545,1546,3496],"class_list":{"0":"post-91482","1":"product","2":"type-product","3":"status-publish","4":"has-post-thumbnail","6":"product_cat-yoga-tillbehor-sv","7":"product_cat-ooo-sv","8":"product_cat-yogafilt","9":"product_tag-naturvit","10":"product_tag-rejal-storlek","11":"product_tag-ecologic-yoga-mat-sv","12":"product_shipping_class-flera-produkter-sv","13":"pa_length-group-205cm-sv","14":"pa_material-bomull","15":"pa_material-ecologic-sv","16":"pa_product-type-yogafilt","17":"pa_thick-group-2mm-sv","18":"pa_weight-group-1-2-kg-sv","19":"pa_width-group-142cm-sv","21":"first","22":"instock","23":"sale","24":"taxable","25":"shipping-taxable","26":"purchasable","27":"product-type-simple"},"yoast_head":"<!-- This site is optimized with the Yoast SEO Premium plugin v27.5 (Yoast SEO v27.5) - https:\/\/yoast.com\/product\/yoast-seo-premium-wordpress\/ -->\n<title>OOO Yogafilt Ekologisk - Bomull och Naturvit - OurYogaShop<\/title>\n<meta name=\"description\" content=\"OOO Yogafilt Ekologisk - Naturvit och tillverkad av bomull av h\u00f6gsta kvalit\u00e9. V\u00e4l tilltagna m\u00e5tt f\u00f6r att passa alla yogisar. &quot;Keep Your Circles Positive&quot;\" \/>\n<meta name=\"robots\" content=\"index, follow, max-snippet:-1, max-image-preview:large, max-video-preview:-1\" \/>\n<link rel=\"canonical\" href=\"https:\/\/ouryogashop.com\/sv\/product\/ooo-yogafilt-naturvit\/\" \/>\n<meta property=\"og:locale\" content=\"sv_SE\" \/>\n<meta property=\"og:type\" content=\"article\" \/>\n<meta property=\"og:title\" content=\"OOO Yogafilt Naturvit\" \/>\n<meta property=\"og:description\" content=\"OOO Yogafilt Ekologisk - Naturvit och tillverkad av bomull av h\u00f6gsta kvalit\u00e9. V\u00e4l tilltagna m\u00e5tt f\u00f6r att passa alla yogisar. &quot;Keep Your Circles Positive&quot;\" \/>\n<meta property=\"og:url\" content=\"https:\/\/ouryogashop.com\/sv\/product\/ooo-yogafilt-naturvit\/\" \/>\n<meta property=\"og:site_name\" content=\"OurYogaShop\" \/>\n<meta property=\"article:publisher\" content=\"https:\/\/www.facebook.com\/ouryogashopcom\/\" \/>\n<meta property=\"article:modified_time\" content=\"2025-01-07T11:04:05+00:00\" \/>\n<meta property=\"og:image\" content=\"https:\/\/ouryogashop.com\/wp-content\/uploads\/2019\/08\/OOO-blanket-1.jpg\" \/>\n\t<meta property=\"og:image:width\" content=\"640\" \/>\n\t<meta property=\"og:image:height\" content=\"640\" \/>\n\t<meta property=\"og:image:type\" content=\"image\/jpeg\" \/>\n<meta name=\"twitter:card\" content=\"summary_large_image\" \/>\n<meta name=\"twitter:site\" content=\"@OurYogaShop\" \/>\n<meta name=\"twitter:label1\" content=\"Pris\" \/>\n\t<meta name=\"twitter:data1\" content=\"399,00&#107;&#114;\" \/>\n\t<meta name=\"twitter:label2\" content=\"Tillg\u00e4nglig\" \/>\n\t<meta name=\"twitter:data2\" content=\"I lager\" \/>\n<script type=\"application\/ld+json\" class=\"yoast-schema-graph\">{\"@context\":\"https:\\\/\\\/schema.org\",\"@graph\":[{\"@type\":\"WebPage\",\"@id\":\"https:\\\/\\\/ouryogashop.com\\\/sv\\\/product\\\/ooo-yogafilt-naturvit\\\/\",\"url\":\"https:\\\/\\\/ouryogashop.com\\\/sv\\\/product\\\/ooo-yogafilt-naturvit\\\/\",\"name\":\"OOO Yogafilt Ekologisk - Bomull och Naturvit - OurYogaShop\",\"isPartOf\":{\"@id\":\"https:\\\/\\\/ouryogashop.com\\\/sv\\\/#website\"},\"primaryImageOfPage\":{\"@id\":\"https:\\\/\\\/ouryogashop.com\\\/sv\\\/product\\\/ooo-yogafilt-naturvit\\\/#primaryimage\"},\"image\":{\"@id\":\"https:\\\/\\\/ouryogashop.com\\\/sv\\\/product\\\/ooo-yogafilt-naturvit\\\/#primaryimage\"},\"thumbnailUrl\":\"https:\\\/\\\/ouryogashop.com\\\/wp-content\\\/uploads\\\/2019\\\/08\\\/OOO-blanket-1.jpg\",\"datePublished\":\"2019-08-17T07:35:01+00:00\",\"dateModified\":\"2025-01-07T11:04:05+00:00\",\"description\":\"OOO Yogafilt Ekologisk - Naturvit och tillverkad av bomull av h\u00f6gsta kvalit\u00e9. V\u00e4l tilltagna m\u00e5tt f\u00f6r att passa alla yogisar. \\\"Keep Your Circles Positive\\\"\",\"breadcrumb\":{\"@id\":\"https:\\\/\\\/ouryogashop.com\\\/sv\\\/product\\\/ooo-yogafilt-naturvit\\\/#breadcrumb\"},\"inLanguage\":\"sv-SE\",\"potentialAction\":[{\"@type\":\"ReadAction\",\"target\":[\"https:\\\/\\\/ouryogashop.com\\\/sv\\\/product\\\/ooo-yogafilt-naturvit\\\/\"]}]},{\"@type\":\"ImageObject\",\"inLanguage\":\"sv-SE\",\"@id\":\"https:\\\/\\\/ouryogashop.com\\\/sv\\\/product\\\/ooo-yogafilt-naturvit\\\/#primaryimage\",\"url\":\"https:\\\/\\\/ouryogashop.com\\\/wp-content\\\/uploads\\\/2019\\\/08\\\/OOO-blanket-1.jpg\",\"contentUrl\":\"https:\\\/\\\/ouryogashop.com\\\/wp-content\\\/uploads\\\/2019\\\/08\\\/OOO-blanket-1.jpg\",\"width\":640,\"height\":640,\"caption\":\"OOO Yogafilt Ekologisk\"},{\"@type\":\"BreadcrumbList\",\"@id\":\"https:\\\/\\\/ouryogashop.com\\\/sv\\\/product\\\/ooo-yogafilt-naturvit\\\/#breadcrumb\",\"itemListElement\":[{\"@type\":\"ListItem\",\"position\":1,\"name\":\"Hem\",\"item\":\"https:\\\/\\\/ouryogashop.com\\\/sv\\\/\"},{\"@type\":\"ListItem\",\"position\":2,\"name\":\"Yoga Butik\",\"item\":\"https:\\\/\\\/ouryogashop.com\\\/sv\\\/yoga-butik\\\/\"},{\"@type\":\"ListItem\",\"position\":3,\"name\":\"Yoga Tillbeh\u00f6r\",\"item\":\"https:\\\/\\\/ouryogashop.com\\\/sv\\\/produkt-kategori\\\/yoga-tillbehor-sv\\\/\"},{\"@type\":\"ListItem\",\"position\":4,\"name\":\"Yogafilt\",\"item\":\"https:\\\/\\\/ouryogashop.com\\\/sv\\\/produkt-kategori\\\/yoga-tillbehor-sv\\\/yogafilt\\\/\"},{\"@type\":\"ListItem\",\"position\":5,\"name\":\"OOO Yogafilt Naturvit\"}]},{\"@type\":\"WebSite\",\"@id\":\"https:\\\/\\\/ouryogashop.com\\\/sv\\\/#website\",\"url\":\"https:\\\/\\\/ouryogashop.com\\\/sv\\\/\",\"name\":\"OurYogaShop\",\"description\":\"The best yoga mats ever!\",\"publisher\":{\"@id\":\"https:\\\/\\\/ouryogashop.com\\\/sv\\\/#organization\"},\"potentialAction\":[{\"@type\":\"SearchAction\",\"target\":{\"@type\":\"EntryPoint\",\"urlTemplate\":\"https:\\\/\\\/ouryogashop.com\\\/sv\\\/?s={search_term_string}\"},\"query-input\":{\"@type\":\"PropertyValueSpecification\",\"valueRequired\":true,\"valueName\":\"search_term_string\"}}],\"inLanguage\":\"sv-SE\"},{\"@type\":\"Organization\",\"@id\":\"https:\\\/\\\/ouryogashop.com\\\/sv\\\/#organization\",\"name\":\"OurYogaShop\",\"url\":\"https:\\\/\\\/ouryogashop.com\\\/sv\\\/\",\"logo\":{\"@type\":\"ImageObject\",\"inLanguage\":\"sv-SE\",\"@id\":\"https:\\\/\\\/ouryogashop.com\\\/sv\\\/#\\\/schema\\\/logo\\\/image\\\/\",\"url\":\"https:\\\/\\\/ouryogashop.com\\\/wp-content\\\/uploads\\\/2019\\\/05\\\/OYS-Logo.png\",\"contentUrl\":\"https:\\\/\\\/ouryogashop.com\\\/wp-content\\\/uploads\\\/2019\\\/05\\\/OYS-Logo.png\",\"width\":500,\"height\":371,\"caption\":\"OurYogaShop\"},\"image\":{\"@id\":\"https:\\\/\\\/ouryogashop.com\\\/sv\\\/#\\\/schema\\\/logo\\\/image\\\/\"},\"sameAs\":[\"https:\\\/\\\/www.facebook.com\\\/ouryogashopcom\\\/\",\"https:\\\/\\\/x.com\\\/OurYogaShop\",\"https:\\\/\\\/www.instagram.com\\\/ouryogashop\\\/\"]}]}<\/script>\n<meta property=\"product:brand\" content=\"OOO\" \/>\n<meta property=\"product:price:amount\" content=\"399.00\" \/>\n<meta property=\"product:price:currency\" content=\"SEK\" \/>\n<meta property=\"og:availability\" content=\"instock\" \/>\n<meta property=\"product:availability\" content=\"instock\" \/>\n<meta property=\"product:retailer_item_id\" content=\"OOO8001\" \/>\n<meta property=\"product:condition\" content=\"new\" \/>\n<!-- \/ Yoast SEO Premium plugin. -->","yoast_head_json":{"title":"OOO Yogafilt Ekologisk - Bomull och Naturvit - OurYogaShop","description":"OOO Yogafilt Ekologisk - Naturvit och tillverkad av bomull av h\u00f6gsta kvalit\u00e9. V\u00e4l tilltagna m\u00e5tt f\u00f6r att passa alla yogisar. \"Keep Your Circles Positive\"","robots":{"index":"index","follow":"follow","max-snippet":"max-snippet:-1","max-image-preview":"max-image-preview:large","max-video-preview":"max-video-preview:-1"},"canonical":"https:\/\/ouryogashop.com\/sv\/product\/ooo-yogafilt-naturvit\/","og_locale":"sv_SE","og_type":"article","og_title":"OOO Yogafilt Naturvit","og_description":"OOO Yogafilt Ekologisk - Naturvit och tillverkad av bomull av h\u00f6gsta kvalit\u00e9. V\u00e4l tilltagna m\u00e5tt f\u00f6r att passa alla yogisar. \"Keep Your Circles Positive\"","og_url":"https:\/\/ouryogashop.com\/sv\/product\/ooo-yogafilt-naturvit\/","og_site_name":"OurYogaShop","article_publisher":"https:\/\/www.facebook.com\/ouryogashopcom\/","article_modified_time":"2025-01-07T11:04:05+00:00","og_image":[{"width":640,"height":640,"url":"https:\/\/ouryogashop.com\/wp-content\/uploads\/2019\/08\/OOO-blanket-1.jpg","type":"image\/jpeg"}],"twitter_card":"summary_large_image","twitter_site":"@OurYogaShop","twitter_misc":{"Pris":"399,00&#107;&#114;","Tillg\u00e4nglig":"I lager"},"schema":{"@context":"https:\/\/schema.org","@graph":[{"@type":"WebPage","@id":"https:\/\/ouryogashop.com\/sv\/product\/ooo-yogafilt-naturvit\/","url":"https:\/\/ouryogashop.com\/sv\/product\/ooo-yogafilt-naturvit\/","name":"OOO Yogafilt Ekologisk - Bomull och Naturvit - OurYogaShop","isPartOf":{"@id":"https:\/\/ouryogashop.com\/sv\/#website"},"primaryImageOfPage":{"@id":"https:\/\/ouryogashop.com\/sv\/product\/ooo-yogafilt-naturvit\/#primaryimage"},"image":{"@id":"https:\/\/ouryogashop.com\/sv\/product\/ooo-yogafilt-naturvit\/#primaryimage"},"thumbnailUrl":"https:\/\/ouryogashop.com\/wp-content\/uploads\/2019\/08\/OOO-blanket-1.jpg","datePublished":"2019-08-17T07:35:01+00:00","dateModified":"2025-01-07T11:04:05+00:00","description":"OOO Yogafilt Ekologisk - Naturvit och tillverkad av bomull av h\u00f6gsta kvalit\u00e9. V\u00e4l tilltagna m\u00e5tt f\u00f6r att passa alla yogisar. \"Keep Your Circles Positive\"","breadcrumb":{"@id":"https:\/\/ouryogashop.com\/sv\/product\/ooo-yogafilt-naturvit\/#breadcrumb"},"inLanguage":"sv-SE","potentialAction":[{"@type":"ReadAction","target":["https:\/\/ouryogashop.com\/sv\/product\/ooo-yogafilt-naturvit\/"]}]},{"@type":"ImageObject","inLanguage":"sv-SE","@id":"https:\/\/ouryogashop.com\/sv\/product\/ooo-yogafilt-naturvit\/#primaryimage","url":"https:\/\/ouryogashop.com\/wp-content\/uploads\/2019\/08\/OOO-blanket-1.jpg","contentUrl":"https:\/\/ouryogashop.com\/wp-content\/uploads\/2019\/08\/OOO-blanket-1.jpg","width":640,"height":640,"caption":"OOO Yogafilt Ekologisk"},{"@type":"BreadcrumbList","@id":"https:\/\/ouryogashop.com\/sv\/product\/ooo-yogafilt-naturvit\/#breadcrumb","itemListElement":[{"@type":"ListItem","position":1,"name":"Hem","item":"https:\/\/ouryogashop.com\/sv\/"},{"@type":"ListItem","position":2,"name":"Yoga Butik","item":"https:\/\/ouryogashop.com\/sv\/yoga-butik\/"},{"@type":"ListItem","position":3,"name":"Yoga Tillbeh\u00f6r","item":"https:\/\/ouryogashop.com\/sv\/produkt-kategori\/yoga-tillbehor-sv\/"},{"@type":"ListItem","position":4,"name":"Yogafilt","item":"https:\/\/ouryogashop.com\/sv\/produkt-kategori\/yoga-tillbehor-sv\/yogafilt\/"},{"@type":"ListItem","position":5,"name":"OOO Yogafilt Naturvit"}]},{"@type":"WebSite","@id":"https:\/\/ouryogashop.com\/sv\/#website","url":"https:\/\/ouryogashop.com\/sv\/","name":"OurYogaShop","description":"The best yoga mats ever!","publisher":{"@id":"https:\/\/ouryogashop.com\/sv\/#organization"},"potentialAction":[{"@type":"SearchAction","target":{"@type":"EntryPoint","urlTemplate":"https:\/\/ouryogashop.com\/sv\/?s={search_term_string}"},"query-input":{"@type":"PropertyValueSpecification","valueRequired":true,"valueName":"search_term_string"}}],"inLanguage":"sv-SE"},{"@type":"Organization","@id":"https:\/\/ouryogashop.com\/sv\/#organization","name":"OurYogaShop","url":"https:\/\/ouryogashop.com\/sv\/","logo":{"@type":"ImageObject","inLanguage":"sv-SE","@id":"https:\/\/ouryogashop.com\/sv\/#\/schema\/logo\/image\/","url":"https:\/\/ouryogashop.com\/wp-content\/uploads\/2019\/05\/OYS-Logo.png","contentUrl":"https:\/\/ouryogashop.com\/wp-content\/uploads\/2019\/05\/OYS-Logo.png","width":500,"height":371,"caption":"OurYogaShop"},"image":{"@id":"https:\/\/ouryogashop.com\/sv\/#\/schema\/logo\/image\/"},"sameAs":["https:\/\/www.facebook.com\/ouryogashopcom\/","https:\/\/x.com\/OurYogaShop","https:\/\/www.instagram.com\/ouryogashop\/"]}]},"product_brand":"OOO","product_price_amount":"399.00","product_price_currency":"SEK","og_availability":"instock","product_availability":"instock","product_retailer_item_id":"OOO8001","product_condition":"new"},"_links":{"self":[{"href":"https:\/\/ouryogashop.com\/sv\/wp-json\/wp\/v2\/product\/91482","targetHints":{"allow":["GET"]}}],"collection":[{"href":"https:\/\/ouryogashop.com\/sv\/wp-json\/wp\/v2\/product"}],"about":[{"href":"https:\/\/ouryogashop.com\/sv\/wp-json\/wp\/v2\/types\/product"}],"replies":[{"embeddable":true,"href":"https:\/\/ouryogashop.com\/sv\/wp-json\/wp\/v2\/comments?post=91482"}],"wp:featuredmedia":[{"embeddable":true,"href":"https:\/\/ouryogashop.com\/sv\/wp-json\/wp\/v2\/media\/91500"}],"wp:attachment":[{"href":"https:\/\/ouryogashop.com\/sv\/wp-json\/wp\/v2\/media?parent=91482"}],"wp:term":[{"taxonomy":"product_brand","embeddable":true,"href":"https:\/\/ouryogashop.com\/sv\/wp-json\/wp\/v2\/product_brand?post=91482"},{"taxonomy":"product_cat","embeddable":true,"href":"https:\/\/ouryogashop.com\/sv\/wp-json\/wp\/v2\/product_cat?post=91482"},{"taxonomy":"product_tag","embeddable":true,"href":"https:\/\/ouryogashop.com\/sv\/wp-json\/wp\/v2\/product_tag?post=91482"}],"curies":[{"name":"wp","href":"https:\/\/api.w.org\/{rel}","templated":true}]}}