{"id":91877,"date":"2019-08-21T18:56:12","date_gmt":"2019-08-21T16:56:12","guid":{"rendered":"https:\/\/ouryogashop.com\/?post_type=product&#038;p=91877"},"modified":"2025-12-14T15:48:41","modified_gmt":"2025-12-14T13:48:41","slug":"yogafodral-go-steady-3-0-manduka-black","status":"publish","type":"product","link":"https:\/\/ouryogashop.com\/sv\/product\/yogafodral-go-steady-3-0-manduka-black\/","title":{"rendered":"Yogafodral Go Steady 3.0 Manduka Black"},"content":{"rendered":"<div class=\"wpb-content-wrapper\"><p>[vc_row][vc_column width=&#8221;1\/1&#8243;][uncode_block id=&#8221;91903&#8243;][\/vc_column][\/vc_row][vc_row][vc_column width=&#8221;1\/1&#8243;][uncode_block id=&#8221;91919&#8243;][\/vc_column][\/vc_row][vc_row][vc_column width=&#8221;1\/1&#8243;][uncode_block id=&#8221;91953&#8243;][\/vc_column][\/vc_row][vc_row][vc_column width=&#8221;1\/1&#8243;][uncode_block id=&#8221;91909&#8243;][\/vc_column][\/vc_row][vc_row][vc_column width=&#8221;1\/1&#8243;][uncode_block id=&#8221;79511&#8243;][\/vc_column][\/vc_row]<\/p>\n<\/div>","protected":false},"excerpt":{"rendered":"<h4>Manduka GO Steady yogafodral.<\/h4>\n<p>Stora separata fack f\u00f6r att passa till n\u00e4stan alla storlekar av yogamatta plus \u00e4ven f\u00f6r yogatillbeh\u00f6r och personliga f\u00f6rem\u00e5l. V\u00e4der och vattenbest\u00e4ndigt tyg. Justerbar axelrem. \u00d6ljetter som ger ventilation. Tillverkad av OEKO-TEX certifierad 100% polyester.<\/p>\n<ul>\n<li>73.7 cm x 17.8 cm x 17.1 cm<\/li>\n<\/ul>\n","protected":false},"featured_media":91883,"comment_status":"open","ping_status":"closed","template":"","meta":[],"product_brand":[],"product_cat":[1595,1543,355],"product_tag":[1596,1597,1598,1599,1600],"class_list":{"0":"post-91877","1":"product","2":"type-product","3":"status-publish","4":"has-post-thumbnail","6":"product_cat-yogafodral","7":"product_cat-yoga-tillbehor-sv","8":"product_cat-manduka-sv","9":"product_tag-go-steady-sv","10":"product_tag-manduka-yogafodral-barremmar","11":"product_tag-oeko-tex-certifierad","12":"product_tag-100-polyester-sv","13":"product_tag-vader-vattensaker","14":"product_shipping_class-flera-produkter-sv","15":"pa_material-oeko-tex-certifierad","16":"pa_material-100-polyester-sv","17":"pa_material-vattenbestandigt-tyg","18":"pa_product-type-yogafodral","20":"first","21":"instock","22":"taxable","23":"shipping-taxable","24":"purchasable","25":"product-type-simple"},"yoast_head":"<!-- This site is optimized with the Yoast SEO Premium plugin v27.5 (Yoast SEO v27.5) - https:\/\/yoast.com\/product\/yoast-seo-premium-wordpress\/ -->\n<title>Yogafodral Go Steady 3.0 Manduka Black - OurYogaShop<\/title>\n<meta name=\"description\" content=\"Yogafodral Go Steady 3.0 Manduka Black - Separata fack h\u00e5ller din matta, kl\u00e4der och personliga f\u00f6rem\u00e5l organiserade och skyddade. Passar st\u00f6rre yogamattor.\" \/>\n<meta name=\"robots\" content=\"index, follow, max-snippet:-1, max-image-preview:large, max-video-preview:-1\" \/>\n<link rel=\"canonical\" href=\"https:\/\/ouryogashop.com\/sv\/product\/yogafodral-go-steady-3-0-manduka-black\/\" \/>\n<meta property=\"og:locale\" content=\"sv_SE\" \/>\n<meta property=\"og:type\" content=\"article\" \/>\n<meta property=\"og:title\" content=\"Yogafodral Go Steady 3.0 Manduka Black\" \/>\n<meta property=\"og:description\" content=\"Yogafodral Go Steady 3.0 Manduka Black - Separata fack h\u00e5ller din matta, kl\u00e4der och personliga f\u00f6rem\u00e5l organiserade och skyddade. Passar st\u00f6rre yogamattor.\" \/>\n<meta property=\"og:url\" content=\"https:\/\/ouryogashop.com\/sv\/product\/yogafodral-go-steady-3-0-manduka-black\/\" \/>\n<meta property=\"og:site_name\" content=\"OurYogaShop\" \/>\n<meta property=\"article:publisher\" content=\"https:\/\/www.facebook.com\/ouryogashopcom\/\" \/>\n<meta property=\"article:modified_time\" content=\"2025-12-14T13:48:41+00:00\" \/>\n<meta property=\"og:image\" content=\"https:\/\/ouryogashop.com\/wp-content\/uploads\/2019\/08\/324016-Go-Steady-3.0-Black-01.jpg\" \/>\n\t<meta property=\"og:image:width\" content=\"881\" \/>\n\t<meta property=\"og:image:height\" content=\"1014\" \/>\n\t<meta property=\"og:image:type\" content=\"image\/jpeg\" \/>\n<meta name=\"twitter:card\" content=\"summary_large_image\" \/>\n<meta name=\"twitter:site\" content=\"@OurYogaShop\" \/>\n<meta name=\"twitter:label1\" content=\"Pris\" \/>\n\t<meta name=\"twitter:data1\" content=\"599,00&#107;&#114;\" \/>\n\t<meta name=\"twitter:label2\" content=\"Tillg\u00e4nglig\" \/>\n\t<meta name=\"twitter:data2\" content=\"I lager\" \/>\n<script type=\"application\/ld+json\" class=\"yoast-schema-graph\">{\"@context\":\"https:\\\/\\\/schema.org\",\"@graph\":[{\"@type\":\"WebPage\",\"@id\":\"https:\\\/\\\/ouryogashop.com\\\/sv\\\/product\\\/yogafodral-go-steady-3-0-manduka-black\\\/\",\"url\":\"https:\\\/\\\/ouryogashop.com\\\/sv\\\/product\\\/yogafodral-go-steady-3-0-manduka-black\\\/\",\"name\":\"Yogafodral Go Steady 3.0 Manduka Black - OurYogaShop\",\"isPartOf\":{\"@id\":\"https:\\\/\\\/ouryogashop.com\\\/sv\\\/#website\"},\"primaryImageOfPage\":{\"@id\":\"https:\\\/\\\/ouryogashop.com\\\/sv\\\/product\\\/yogafodral-go-steady-3-0-manduka-black\\\/#primaryimage\"},\"image\":{\"@id\":\"https:\\\/\\\/ouryogashop.com\\\/sv\\\/product\\\/yogafodral-go-steady-3-0-manduka-black\\\/#primaryimage\"},\"thumbnailUrl\":\"https:\\\/\\\/ouryogashop.com\\\/wp-content\\\/uploads\\\/2019\\\/08\\\/324016-Go-Steady-3.0-Black-01.jpg\",\"datePublished\":\"2019-08-21T16:56:12+00:00\",\"dateModified\":\"2025-12-14T13:48:41+00:00\",\"description\":\"Yogafodral Go Steady 3.0 Manduka Black - Separata fack h\u00e5ller din matta, kl\u00e4der och personliga f\u00f6rem\u00e5l organiserade och skyddade. Passar st\u00f6rre yogamattor.\",\"breadcrumb\":{\"@id\":\"https:\\\/\\\/ouryogashop.com\\\/sv\\\/product\\\/yogafodral-go-steady-3-0-manduka-black\\\/#breadcrumb\"},\"inLanguage\":\"sv-SE\",\"potentialAction\":[{\"@type\":\"ReadAction\",\"target\":[\"https:\\\/\\\/ouryogashop.com\\\/sv\\\/product\\\/yogafodral-go-steady-3-0-manduka-black\\\/\"]}]},{\"@type\":\"ImageObject\",\"inLanguage\":\"sv-SE\",\"@id\":\"https:\\\/\\\/ouryogashop.com\\\/sv\\\/product\\\/yogafodral-go-steady-3-0-manduka-black\\\/#primaryimage\",\"url\":\"https:\\\/\\\/ouryogashop.com\\\/wp-content\\\/uploads\\\/2019\\\/08\\\/324016-Go-Steady-3.0-Black-01.jpg\",\"contentUrl\":\"https:\\\/\\\/ouryogashop.com\\\/wp-content\\\/uploads\\\/2019\\\/08\\\/324016-Go-Steady-3.0-Black-01.jpg\",\"width\":881,\"height\":1014,\"caption\":\"2017 Spring Summer\"},{\"@type\":\"BreadcrumbList\",\"@id\":\"https:\\\/\\\/ouryogashop.com\\\/sv\\\/product\\\/yogafodral-go-steady-3-0-manduka-black\\\/#breadcrumb\",\"itemListElement\":[{\"@type\":\"ListItem\",\"position\":1,\"name\":\"Hem\",\"item\":\"https:\\\/\\\/ouryogashop.com\\\/sv\\\/\"},{\"@type\":\"ListItem\",\"position\":2,\"name\":\"Yoga Butik\",\"item\":\"https:\\\/\\\/ouryogashop.com\\\/sv\\\/yoga-butik\\\/\"},{\"@type\":\"ListItem\",\"position\":3,\"name\":\"Yoga Tillbeh\u00f6r\",\"item\":\"https:\\\/\\\/ouryogashop.com\\\/sv\\\/produkt-kategori\\\/yoga-tillbehor-sv\\\/\"},{\"@type\":\"ListItem\",\"position\":4,\"name\":\"Yogafodral\",\"item\":\"https:\\\/\\\/ouryogashop.com\\\/sv\\\/produkt-kategori\\\/yoga-tillbehor-sv\\\/yogafodral\\\/\"},{\"@type\":\"ListItem\",\"position\":5,\"name\":\"Yogafodral Go Steady 3.0 Manduka Black\"}]},{\"@type\":\"WebSite\",\"@id\":\"https:\\\/\\\/ouryogashop.com\\\/sv\\\/#website\",\"url\":\"https:\\\/\\\/ouryogashop.com\\\/sv\\\/\",\"name\":\"OurYogaShop\",\"description\":\"The best yoga mats ever!\",\"publisher\":{\"@id\":\"https:\\\/\\\/ouryogashop.com\\\/sv\\\/#organization\"},\"potentialAction\":[{\"@type\":\"SearchAction\",\"target\":{\"@type\":\"EntryPoint\",\"urlTemplate\":\"https:\\\/\\\/ouryogashop.com\\\/sv\\\/?s={search_term_string}\"},\"query-input\":{\"@type\":\"PropertyValueSpecification\",\"valueRequired\":true,\"valueName\":\"search_term_string\"}}],\"inLanguage\":\"sv-SE\"},{\"@type\":\"Organization\",\"@id\":\"https:\\\/\\\/ouryogashop.com\\\/sv\\\/#organization\",\"name\":\"OurYogaShop\",\"url\":\"https:\\\/\\\/ouryogashop.com\\\/sv\\\/\",\"logo\":{\"@type\":\"ImageObject\",\"inLanguage\":\"sv-SE\",\"@id\":\"https:\\\/\\\/ouryogashop.com\\\/sv\\\/#\\\/schema\\\/logo\\\/image\\\/\",\"url\":\"https:\\\/\\\/ouryogashop.com\\\/wp-content\\\/uploads\\\/2019\\\/05\\\/OYS-Logo.png\",\"contentUrl\":\"https:\\\/\\\/ouryogashop.com\\\/wp-content\\\/uploads\\\/2019\\\/05\\\/OYS-Logo.png\",\"width\":500,\"height\":371,\"caption\":\"OurYogaShop\"},\"image\":{\"@id\":\"https:\\\/\\\/ouryogashop.com\\\/sv\\\/#\\\/schema\\\/logo\\\/image\\\/\"},\"sameAs\":[\"https:\\\/\\\/www.facebook.com\\\/ouryogashopcom\\\/\",\"https:\\\/\\\/x.com\\\/OurYogaShop\",\"https:\\\/\\\/www.instagram.com\\\/ouryogashop\\\/\"]}]}<\/script>\n<meta property=\"product:brand\" content=\"Manduka\" \/>\n<meta property=\"product:price:amount\" content=\"599.00\" \/>\n<meta property=\"product:price:currency\" content=\"SEK\" \/>\n<meta property=\"og:availability\" content=\"instock\" \/>\n<meta property=\"product:availability\" content=\"instock\" \/>\n<meta property=\"product:retailer_item_id\" content=\"MD32740\" \/>\n<meta property=\"product:condition\" content=\"new\" \/>\n<!-- \/ Yoast SEO Premium plugin. -->","yoast_head_json":{"title":"Yogafodral Go Steady 3.0 Manduka Black - OurYogaShop","description":"Yogafodral Go Steady 3.0 Manduka Black - Separata fack h\u00e5ller din matta, kl\u00e4der och personliga f\u00f6rem\u00e5l organiserade och skyddade. Passar st\u00f6rre yogamattor.","robots":{"index":"index","follow":"follow","max-snippet":"max-snippet:-1","max-image-preview":"max-image-preview:large","max-video-preview":"max-video-preview:-1"},"canonical":"https:\/\/ouryogashop.com\/sv\/product\/yogafodral-go-steady-3-0-manduka-black\/","og_locale":"sv_SE","og_type":"article","og_title":"Yogafodral Go Steady 3.0 Manduka Black","og_description":"Yogafodral Go Steady 3.0 Manduka Black - Separata fack h\u00e5ller din matta, kl\u00e4der och personliga f\u00f6rem\u00e5l organiserade och skyddade. Passar st\u00f6rre yogamattor.","og_url":"https:\/\/ouryogashop.com\/sv\/product\/yogafodral-go-steady-3-0-manduka-black\/","og_site_name":"OurYogaShop","article_publisher":"https:\/\/www.facebook.com\/ouryogashopcom\/","article_modified_time":"2025-12-14T13:48:41+00:00","og_image":[{"width":881,"height":1014,"url":"https:\/\/ouryogashop.com\/wp-content\/uploads\/2019\/08\/324016-Go-Steady-3.0-Black-01.jpg","type":"image\/jpeg"}],"twitter_card":"summary_large_image","twitter_site":"@OurYogaShop","twitter_misc":{"Pris":"599,00&#107;&#114;","Tillg\u00e4nglig":"I lager"},"schema":{"@context":"https:\/\/schema.org","@graph":[{"@type":"WebPage","@id":"https:\/\/ouryogashop.com\/sv\/product\/yogafodral-go-steady-3-0-manduka-black\/","url":"https:\/\/ouryogashop.com\/sv\/product\/yogafodral-go-steady-3-0-manduka-black\/","name":"Yogafodral Go Steady 3.0 Manduka Black - OurYogaShop","isPartOf":{"@id":"https:\/\/ouryogashop.com\/sv\/#website"},"primaryImageOfPage":{"@id":"https:\/\/ouryogashop.com\/sv\/product\/yogafodral-go-steady-3-0-manduka-black\/#primaryimage"},"image":{"@id":"https:\/\/ouryogashop.com\/sv\/product\/yogafodral-go-steady-3-0-manduka-black\/#primaryimage"},"thumbnailUrl":"https:\/\/ouryogashop.com\/wp-content\/uploads\/2019\/08\/324016-Go-Steady-3.0-Black-01.jpg","datePublished":"2019-08-21T16:56:12+00:00","dateModified":"2025-12-14T13:48:41+00:00","description":"Yogafodral Go Steady 3.0 Manduka Black - Separata fack h\u00e5ller din matta, kl\u00e4der och personliga f\u00f6rem\u00e5l organiserade och skyddade. Passar st\u00f6rre yogamattor.","breadcrumb":{"@id":"https:\/\/ouryogashop.com\/sv\/product\/yogafodral-go-steady-3-0-manduka-black\/#breadcrumb"},"inLanguage":"sv-SE","potentialAction":[{"@type":"ReadAction","target":["https:\/\/ouryogashop.com\/sv\/product\/yogafodral-go-steady-3-0-manduka-black\/"]}]},{"@type":"ImageObject","inLanguage":"sv-SE","@id":"https:\/\/ouryogashop.com\/sv\/product\/yogafodral-go-steady-3-0-manduka-black\/#primaryimage","url":"https:\/\/ouryogashop.com\/wp-content\/uploads\/2019\/08\/324016-Go-Steady-3.0-Black-01.jpg","contentUrl":"https:\/\/ouryogashop.com\/wp-content\/uploads\/2019\/08\/324016-Go-Steady-3.0-Black-01.jpg","width":881,"height":1014,"caption":"2017 Spring Summer"},{"@type":"BreadcrumbList","@id":"https:\/\/ouryogashop.com\/sv\/product\/yogafodral-go-steady-3-0-manduka-black\/#breadcrumb","itemListElement":[{"@type":"ListItem","position":1,"name":"Hem","item":"https:\/\/ouryogashop.com\/sv\/"},{"@type":"ListItem","position":2,"name":"Yoga Butik","item":"https:\/\/ouryogashop.com\/sv\/yoga-butik\/"},{"@type":"ListItem","position":3,"name":"Yoga Tillbeh\u00f6r","item":"https:\/\/ouryogashop.com\/sv\/produkt-kategori\/yoga-tillbehor-sv\/"},{"@type":"ListItem","position":4,"name":"Yogafodral","item":"https:\/\/ouryogashop.com\/sv\/produkt-kategori\/yoga-tillbehor-sv\/yogafodral\/"},{"@type":"ListItem","position":5,"name":"Yogafodral Go Steady 3.0 Manduka Black"}]},{"@type":"WebSite","@id":"https:\/\/ouryogashop.com\/sv\/#website","url":"https:\/\/ouryogashop.com\/sv\/","name":"OurYogaShop","description":"The best yoga mats ever!","publisher":{"@id":"https:\/\/ouryogashop.com\/sv\/#organization"},"potentialAction":[{"@type":"SearchAction","target":{"@type":"EntryPoint","urlTemplate":"https:\/\/ouryogashop.com\/sv\/?s={search_term_string}"},"query-input":{"@type":"PropertyValueSpecification","valueRequired":true,"valueName":"search_term_string"}}],"inLanguage":"sv-SE"},{"@type":"Organization","@id":"https:\/\/ouryogashop.com\/sv\/#organization","name":"OurYogaShop","url":"https:\/\/ouryogashop.com\/sv\/","logo":{"@type":"ImageObject","inLanguage":"sv-SE","@id":"https:\/\/ouryogashop.com\/sv\/#\/schema\/logo\/image\/","url":"https:\/\/ouryogashop.com\/wp-content\/uploads\/2019\/05\/OYS-Logo.png","contentUrl":"https:\/\/ouryogashop.com\/wp-content\/uploads\/2019\/05\/OYS-Logo.png","width":500,"height":371,"caption":"OurYogaShop"},"image":{"@id":"https:\/\/ouryogashop.com\/sv\/#\/schema\/logo\/image\/"},"sameAs":["https:\/\/www.facebook.com\/ouryogashopcom\/","https:\/\/x.com\/OurYogaShop","https:\/\/www.instagram.com\/ouryogashop\/"]}]},"product_brand":"Manduka","product_price_amount":"599.00","product_price_currency":"SEK","og_availability":"instock","product_availability":"instock","product_retailer_item_id":"MD32740","product_condition":"new"},"_links":{"self":[{"href":"https:\/\/ouryogashop.com\/sv\/wp-json\/wp\/v2\/product\/91877","targetHints":{"allow":["GET"]}}],"collection":[{"href":"https:\/\/ouryogashop.com\/sv\/wp-json\/wp\/v2\/product"}],"about":[{"href":"https:\/\/ouryogashop.com\/sv\/wp-json\/wp\/v2\/types\/product"}],"replies":[{"embeddable":true,"href":"https:\/\/ouryogashop.com\/sv\/wp-json\/wp\/v2\/comments?post=91877"}],"wp:featuredmedia":[{"embeddable":true,"href":"https:\/\/ouryogashop.com\/sv\/wp-json\/wp\/v2\/media\/91883"}],"wp:attachment":[{"href":"https:\/\/ouryogashop.com\/sv\/wp-json\/wp\/v2\/media?parent=91877"}],"wp:term":[{"taxonomy":"product_brand","embeddable":true,"href":"https:\/\/ouryogashop.com\/sv\/wp-json\/wp\/v2\/product_brand?post=91877"},{"taxonomy":"product_cat","embeddable":true,"href":"https:\/\/ouryogashop.com\/sv\/wp-json\/wp\/v2\/product_cat?post=91877"},{"taxonomy":"product_tag","embeddable":true,"href":"https:\/\/ouryogashop.com\/sv\/wp-json\/wp\/v2\/product_tag?post=91877"}],"curies":[{"name":"wp","href":"https:\/\/api.w.org\/{rel}","templated":true}]}}