{"id":92410,"date":"2019-08-26T13:55:47","date_gmt":"2019-08-26T11:55:47","guid":{"rendered":"https:\/\/ouryogashop.com\/shop\/okategoriserad\/enlight-yogabolster-rund-thunder-manduka\/"},"modified":"2024-01-17T12:29:39","modified_gmt":"2024-01-17T10:29:39","slug":"enlight-yogabolster-rund-thunder-manduka","status":"publish","type":"product","link":"https:\/\/ouryogashop.com\/sv\/product\/enlight-yogabolster-rund-thunder-manduka\/","title":{"rendered":"Enlight Yogabolster Rund Thunder Manduka"},"content":{"rendered":"<div class=\"wpb-content-wrapper\"><p>[vc_row][vc_column width=&#8221;1\/1&#8243;][uncode_block id=&#8221;92356&#8243;][\/vc_column][\/vc_row][vc_row][vc_column width=&#8221;1\/1&#8243;][uncode_block id=&#8221;92359&#8243;][\/vc_column][\/vc_row][vc_row][vc_column width=&#8221;1\/1&#8243;][uncode_block id=&#8221;92372&#8243;][\/vc_column][\/vc_row][vc_row][vc_column width=&#8221;1\/1&#8243;][uncode_block id=&#8221;79511&#8243;][\/vc_column][\/vc_row]<\/p>\n<\/div>","protected":false},"excerpt":{"rendered":"<p>Enlight Runt Bolster \u00e4r ett klassikt runt yogabolster med l\u00e5g vikt, som inneh\u00e5ller ett elastiskt polyesterfiber &#8211; 30% \u00e5tervunnet, f\u00f6r att skapa ett st\u00f6d som ger bra support vid din yoga.<\/p>\n<p>69cm x 23cm x 23cm<\/p>\n<p>&nbsp;<\/p>\n","protected":false},"featured_media":92380,"comment_status":"open","ping_status":"closed","template":"","meta":[],"product_brand":[],"product_cat":[1698,1700,1699,355],"product_tag":[1703,1704,2193,1408],"class_list":{"0":"post-92410","1":"product","2":"type-product","3":"status-publish","4":"has-post-thumbnail","6":"product_cat-yogabolster-kuddar","7":"product_cat-manduka-yogabolster","8":"product_cat-runda-yogabolster","9":"product_cat-manduka-sv","10":"product_tag-lattvikt","11":"product_tag-enlight-sv","12":"product_tag-atervunnen-polyester","13":"product_tag-thunder-sv","14":"product_shipping_class-stor-produkt-sv","15":"pa_length-group-69cm-sv","16":"pa_material-fiberfyllning","17":"pa_material-30-atervunnen-polyester","18":"pa_product-type-manduka-yogabolster-sv","19":"pa_product-type-runda-yogabolster","20":"pa_product-type-lattvikts-yogabolster","21":"pa_thick-group-23cm-sv","22":"pa_weight-group-1-2-kg-sv","23":"pa_width-group-23cm-sv","25":"first","26":"onbackorder","27":"taxable","28":"shipping-taxable","29":"purchasable","30":"product-type-simple"},"yoast_head":"<!-- This site is optimized with the Yoast SEO Premium plugin v27.3 (Yoast SEO v27.4) - https:\/\/yoast.com\/product\/yoast-seo-premium-wordpress\/ -->\n<title>Enlight Yogabolster Rund Midnight Manduka - OurYogaShop<\/title>\n<meta name=\"description\" content=\"Enlight Yogabolster Rund Thunder \u00e4r ett yogabolster med l\u00e5g vikt, som inneh\u00e5ller elastiskt fiber f\u00f6r att skapa ett st\u00f6d som ger bra support vid din yoga\" \/>\n<meta name=\"robots\" content=\"index, follow, max-snippet:-1, max-image-preview:large, max-video-preview:-1\" \/>\n<link rel=\"canonical\" href=\"https:\/\/ouryogashop.com\/sv\/product\/enlight-yogabolster-rund-thunder-manduka\/\" \/>\n<meta property=\"og:locale\" content=\"sv_SE\" \/>\n<meta property=\"og:type\" content=\"article\" \/>\n<meta property=\"og:title\" content=\"Enlight Yogabolster Rund Thunder Manduka\" \/>\n<meta property=\"og:description\" content=\"Enlight Yogabolster Rund Thunder \u00e4r ett yogabolster med l\u00e5g vikt, som inneh\u00e5ller elastiskt fiber f\u00f6r att skapa ett st\u00f6d som ger bra support vid din yoga\" \/>\n<meta property=\"og:url\" content=\"https:\/\/ouryogashop.com\/sv\/product\/enlight-yogabolster-rund-thunder-manduka\/\" \/>\n<meta property=\"og:site_name\" content=\"OurYogaShop\" \/>\n<meta property=\"article:publisher\" content=\"https:\/\/www.facebook.com\/ouryogashopcom\/\" \/>\n<meta property=\"article:modified_time\" content=\"2024-01-17T10:29:39+00:00\" \/>\n<meta property=\"og:image\" content=\"https:\/\/ouryogashop.com\/wp-content\/uploads\/2019\/08\/43301A-Bolsters-Round-Thunder-04.jpg\" \/>\n\t<meta property=\"og:image:width\" content=\"871\" \/>\n\t<meta property=\"og:image:height\" content=\"1014\" \/>\n\t<meta property=\"og:image:type\" content=\"image\/jpeg\" \/>\n<meta name=\"twitter:card\" content=\"summary_large_image\" \/>\n<meta name=\"twitter:site\" content=\"@OurYogaShop\" \/>\n<meta name=\"twitter:label1\" content=\"Pris\" \/>\n\t<meta name=\"twitter:data1\" content=\"840,00&#107;&#114;\" \/>\n\t<meta name=\"twitter:label2\" content=\"Tillg\u00e4nglig\" \/>\n\t<meta name=\"twitter:data2\" content=\"P\u00e5 restorder\" \/>\n<script type=\"application\/ld+json\" class=\"yoast-schema-graph\">{\"@context\":\"https:\\\/\\\/schema.org\",\"@graph\":[{\"@type\":\"WebPage\",\"@id\":\"https:\\\/\\\/ouryogashop.com\\\/sv\\\/product\\\/enlight-yogabolster-rund-thunder-manduka\\\/\",\"url\":\"https:\\\/\\\/ouryogashop.com\\\/sv\\\/product\\\/enlight-yogabolster-rund-thunder-manduka\\\/\",\"name\":\"Enlight Yogabolster Rund Midnight Manduka - OurYogaShop\",\"isPartOf\":{\"@id\":\"https:\\\/\\\/ouryogashop.com\\\/sv\\\/#website\"},\"primaryImageOfPage\":{\"@id\":\"https:\\\/\\\/ouryogashop.com\\\/sv\\\/product\\\/enlight-yogabolster-rund-thunder-manduka\\\/#primaryimage\"},\"image\":{\"@id\":\"https:\\\/\\\/ouryogashop.com\\\/sv\\\/product\\\/enlight-yogabolster-rund-thunder-manduka\\\/#primaryimage\"},\"thumbnailUrl\":\"https:\\\/\\\/ouryogashop.com\\\/wp-content\\\/uploads\\\/2019\\\/08\\\/43301A-Bolsters-Round-Thunder-04.jpg\",\"datePublished\":\"2019-08-26T11:55:47+00:00\",\"dateModified\":\"2024-01-17T10:29:39+00:00\",\"description\":\"Enlight Yogabolster Rund Thunder \u00e4r ett yogabolster med l\u00e5g vikt, som inneh\u00e5ller elastiskt fiber f\u00f6r att skapa ett st\u00f6d som ger bra support vid din yoga\",\"breadcrumb\":{\"@id\":\"https:\\\/\\\/ouryogashop.com\\\/sv\\\/product\\\/enlight-yogabolster-rund-thunder-manduka\\\/#breadcrumb\"},\"inLanguage\":\"sv-SE\",\"potentialAction\":[{\"@type\":\"ReadAction\",\"target\":[\"https:\\\/\\\/ouryogashop.com\\\/sv\\\/product\\\/enlight-yogabolster-rund-thunder-manduka\\\/\"]}]},{\"@type\":\"ImageObject\",\"inLanguage\":\"sv-SE\",\"@id\":\"https:\\\/\\\/ouryogashop.com\\\/sv\\\/product\\\/enlight-yogabolster-rund-thunder-manduka\\\/#primaryimage\",\"url\":\"https:\\\/\\\/ouryogashop.com\\\/wp-content\\\/uploads\\\/2019\\\/08\\\/43301A-Bolsters-Round-Thunder-04.jpg\",\"contentUrl\":\"https:\\\/\\\/ouryogashop.com\\\/wp-content\\\/uploads\\\/2019\\\/08\\\/43301A-Bolsters-Round-Thunder-04.jpg\",\"width\":871,\"height\":1014,\"caption\":\"Enlight Yogabolster Thunder\"},{\"@type\":\"BreadcrumbList\",\"@id\":\"https:\\\/\\\/ouryogashop.com\\\/sv\\\/product\\\/enlight-yogabolster-rund-thunder-manduka\\\/#breadcrumb\",\"itemListElement\":[{\"@type\":\"ListItem\",\"position\":1,\"name\":\"Hem\",\"item\":\"https:\\\/\\\/ouryogashop.com\\\/sv\\\/\"},{\"@type\":\"ListItem\",\"position\":2,\"name\":\"Yoga Butik\",\"item\":\"https:\\\/\\\/ouryogashop.com\\\/sv\\\/yoga-butik\\\/\"},{\"@type\":\"ListItem\",\"position\":3,\"name\":\"Yogabolster &amp; Kuddar\",\"item\":\"https:\\\/\\\/ouryogashop.com\\\/sv\\\/produkt-kategori\\\/yogabolster-kuddar\\\/\"},{\"@type\":\"ListItem\",\"position\":4,\"name\":\"Manduka Yogabolster\",\"item\":\"https:\\\/\\\/ouryogashop.com\\\/sv\\\/produkt-kategori\\\/yogabolster-kuddar\\\/manduka-yogabolster\\\/\"},{\"@type\":\"ListItem\",\"position\":5,\"name\":\"Enlight Yogabolster Rund Thunder Manduka\"}]},{\"@type\":\"WebSite\",\"@id\":\"https:\\\/\\\/ouryogashop.com\\\/sv\\\/#website\",\"url\":\"https:\\\/\\\/ouryogashop.com\\\/sv\\\/\",\"name\":\"OurYogaShop\",\"description\":\"The best yoga mats ever!\",\"publisher\":{\"@id\":\"https:\\\/\\\/ouryogashop.com\\\/sv\\\/#organization\"},\"potentialAction\":[{\"@type\":\"SearchAction\",\"target\":{\"@type\":\"EntryPoint\",\"urlTemplate\":\"https:\\\/\\\/ouryogashop.com\\\/sv\\\/?s={search_term_string}\"},\"query-input\":{\"@type\":\"PropertyValueSpecification\",\"valueRequired\":true,\"valueName\":\"search_term_string\"}}],\"inLanguage\":\"sv-SE\"},{\"@type\":\"Organization\",\"@id\":\"https:\\\/\\\/ouryogashop.com\\\/sv\\\/#organization\",\"name\":\"OurYogaShop\",\"url\":\"https:\\\/\\\/ouryogashop.com\\\/sv\\\/\",\"logo\":{\"@type\":\"ImageObject\",\"inLanguage\":\"sv-SE\",\"@id\":\"https:\\\/\\\/ouryogashop.com\\\/sv\\\/#\\\/schema\\\/logo\\\/image\\\/\",\"url\":\"https:\\\/\\\/ouryogashop.com\\\/wp-content\\\/uploads\\\/2019\\\/05\\\/OYS-Logo.png\",\"contentUrl\":\"https:\\\/\\\/ouryogashop.com\\\/wp-content\\\/uploads\\\/2019\\\/05\\\/OYS-Logo.png\",\"width\":500,\"height\":371,\"caption\":\"OurYogaShop\"},\"image\":{\"@id\":\"https:\\\/\\\/ouryogashop.com\\\/sv\\\/#\\\/schema\\\/logo\\\/image\\\/\"},\"sameAs\":[\"https:\\\/\\\/www.facebook.com\\\/ouryogashopcom\\\/\",\"https:\\\/\\\/x.com\\\/OurYogaShop\",\"https:\\\/\\\/www.instagram.com\\\/ouryogashop\\\/\"]}]}<\/script>\n<meta property=\"product:brand\" content=\"Manduka\" \/>\n<meta property=\"product:price:amount\" content=\"840.00\" \/>\n<meta property=\"product:price:currency\" content=\"SEK\" \/>\n<meta property=\"og:availability\" content=\"backorder\" \/>\n<meta property=\"product:availability\" content=\"available for order\" \/>\n<meta property=\"product:retailer_item_id\" content=\"MD34340\" \/>\n<meta property=\"product:condition\" content=\"new\" \/>\n<!-- \/ Yoast SEO Premium plugin. -->","yoast_head_json":{"title":"Enlight Yogabolster Rund Midnight Manduka - OurYogaShop","description":"Enlight Yogabolster Rund Thunder \u00e4r ett yogabolster med l\u00e5g vikt, som inneh\u00e5ller elastiskt fiber f\u00f6r att skapa ett st\u00f6d som ger bra support vid din yoga","robots":{"index":"index","follow":"follow","max-snippet":"max-snippet:-1","max-image-preview":"max-image-preview:large","max-video-preview":"max-video-preview:-1"},"canonical":"https:\/\/ouryogashop.com\/sv\/product\/enlight-yogabolster-rund-thunder-manduka\/","og_locale":"sv_SE","og_type":"article","og_title":"Enlight Yogabolster Rund Thunder Manduka","og_description":"Enlight Yogabolster Rund Thunder \u00e4r ett yogabolster med l\u00e5g vikt, som inneh\u00e5ller elastiskt fiber f\u00f6r att skapa ett st\u00f6d som ger bra support vid din yoga","og_url":"https:\/\/ouryogashop.com\/sv\/product\/enlight-yogabolster-rund-thunder-manduka\/","og_site_name":"OurYogaShop","article_publisher":"https:\/\/www.facebook.com\/ouryogashopcom\/","article_modified_time":"2024-01-17T10:29:39+00:00","og_image":[{"width":871,"height":1014,"url":"https:\/\/ouryogashop.com\/wp-content\/uploads\/2019\/08\/43301A-Bolsters-Round-Thunder-04.jpg","type":"image\/jpeg"}],"twitter_card":"summary_large_image","twitter_site":"@OurYogaShop","twitter_misc":{"Pris":"840,00&#107;&#114;","Tillg\u00e4nglig":"P\u00e5 restorder"},"schema":{"@context":"https:\/\/schema.org","@graph":[{"@type":"WebPage","@id":"https:\/\/ouryogashop.com\/sv\/product\/enlight-yogabolster-rund-thunder-manduka\/","url":"https:\/\/ouryogashop.com\/sv\/product\/enlight-yogabolster-rund-thunder-manduka\/","name":"Enlight Yogabolster Rund Midnight Manduka - OurYogaShop","isPartOf":{"@id":"https:\/\/ouryogashop.com\/sv\/#website"},"primaryImageOfPage":{"@id":"https:\/\/ouryogashop.com\/sv\/product\/enlight-yogabolster-rund-thunder-manduka\/#primaryimage"},"image":{"@id":"https:\/\/ouryogashop.com\/sv\/product\/enlight-yogabolster-rund-thunder-manduka\/#primaryimage"},"thumbnailUrl":"https:\/\/ouryogashop.com\/wp-content\/uploads\/2019\/08\/43301A-Bolsters-Round-Thunder-04.jpg","datePublished":"2019-08-26T11:55:47+00:00","dateModified":"2024-01-17T10:29:39+00:00","description":"Enlight Yogabolster Rund Thunder \u00e4r ett yogabolster med l\u00e5g vikt, som inneh\u00e5ller elastiskt fiber f\u00f6r att skapa ett st\u00f6d som ger bra support vid din yoga","breadcrumb":{"@id":"https:\/\/ouryogashop.com\/sv\/product\/enlight-yogabolster-rund-thunder-manduka\/#breadcrumb"},"inLanguage":"sv-SE","potentialAction":[{"@type":"ReadAction","target":["https:\/\/ouryogashop.com\/sv\/product\/enlight-yogabolster-rund-thunder-manduka\/"]}]},{"@type":"ImageObject","inLanguage":"sv-SE","@id":"https:\/\/ouryogashop.com\/sv\/product\/enlight-yogabolster-rund-thunder-manduka\/#primaryimage","url":"https:\/\/ouryogashop.com\/wp-content\/uploads\/2019\/08\/43301A-Bolsters-Round-Thunder-04.jpg","contentUrl":"https:\/\/ouryogashop.com\/wp-content\/uploads\/2019\/08\/43301A-Bolsters-Round-Thunder-04.jpg","width":871,"height":1014,"caption":"Enlight Yogabolster Thunder"},{"@type":"BreadcrumbList","@id":"https:\/\/ouryogashop.com\/sv\/product\/enlight-yogabolster-rund-thunder-manduka\/#breadcrumb","itemListElement":[{"@type":"ListItem","position":1,"name":"Hem","item":"https:\/\/ouryogashop.com\/sv\/"},{"@type":"ListItem","position":2,"name":"Yoga Butik","item":"https:\/\/ouryogashop.com\/sv\/yoga-butik\/"},{"@type":"ListItem","position":3,"name":"Yogabolster &amp; Kuddar","item":"https:\/\/ouryogashop.com\/sv\/produkt-kategori\/yogabolster-kuddar\/"},{"@type":"ListItem","position":4,"name":"Manduka Yogabolster","item":"https:\/\/ouryogashop.com\/sv\/produkt-kategori\/yogabolster-kuddar\/manduka-yogabolster\/"},{"@type":"ListItem","position":5,"name":"Enlight Yogabolster Rund Thunder Manduka"}]},{"@type":"WebSite","@id":"https:\/\/ouryogashop.com\/sv\/#website","url":"https:\/\/ouryogashop.com\/sv\/","name":"OurYogaShop","description":"The best yoga mats ever!","publisher":{"@id":"https:\/\/ouryogashop.com\/sv\/#organization"},"potentialAction":[{"@type":"SearchAction","target":{"@type":"EntryPoint","urlTemplate":"https:\/\/ouryogashop.com\/sv\/?s={search_term_string}"},"query-input":{"@type":"PropertyValueSpecification","valueRequired":true,"valueName":"search_term_string"}}],"inLanguage":"sv-SE"},{"@type":"Organization","@id":"https:\/\/ouryogashop.com\/sv\/#organization","name":"OurYogaShop","url":"https:\/\/ouryogashop.com\/sv\/","logo":{"@type":"ImageObject","inLanguage":"sv-SE","@id":"https:\/\/ouryogashop.com\/sv\/#\/schema\/logo\/image\/","url":"https:\/\/ouryogashop.com\/wp-content\/uploads\/2019\/05\/OYS-Logo.png","contentUrl":"https:\/\/ouryogashop.com\/wp-content\/uploads\/2019\/05\/OYS-Logo.png","width":500,"height":371,"caption":"OurYogaShop"},"image":{"@id":"https:\/\/ouryogashop.com\/sv\/#\/schema\/logo\/image\/"},"sameAs":["https:\/\/www.facebook.com\/ouryogashopcom\/","https:\/\/x.com\/OurYogaShop","https:\/\/www.instagram.com\/ouryogashop\/"]}]},"product_brand":"Manduka","product_price_amount":"840.00","product_price_currency":"SEK","og_availability":"backorder","product_availability":"available for order","product_retailer_item_id":"MD34340","product_condition":"new"},"_links":{"self":[{"href":"https:\/\/ouryogashop.com\/sv\/wp-json\/wp\/v2\/product\/92410","targetHints":{"allow":["GET"]}}],"collection":[{"href":"https:\/\/ouryogashop.com\/sv\/wp-json\/wp\/v2\/product"}],"about":[{"href":"https:\/\/ouryogashop.com\/sv\/wp-json\/wp\/v2\/types\/product"}],"replies":[{"embeddable":true,"href":"https:\/\/ouryogashop.com\/sv\/wp-json\/wp\/v2\/comments?post=92410"}],"wp:featuredmedia":[{"embeddable":true,"href":"https:\/\/ouryogashop.com\/sv\/wp-json\/wp\/v2\/media\/92380"}],"wp:attachment":[{"href":"https:\/\/ouryogashop.com\/sv\/wp-json\/wp\/v2\/media?parent=92410"}],"wp:term":[{"taxonomy":"product_brand","embeddable":true,"href":"https:\/\/ouryogashop.com\/sv\/wp-json\/wp\/v2\/product_brand?post=92410"},{"taxonomy":"product_cat","embeddable":true,"href":"https:\/\/ouryogashop.com\/sv\/wp-json\/wp\/v2\/product_cat?post=92410"},{"taxonomy":"product_tag","embeddable":true,"href":"https:\/\/ouryogashop.com\/sv\/wp-json\/wp\/v2\/product_tag?post=92410"}],"curies":[{"name":"wp","href":"https:\/\/api.w.org\/{rel}","templated":true}]}}