{"id":94592,"date":"2019-09-04T07:24:44","date_gmt":"2019-09-04T05:24:44","guid":{"rendered":"https:\/\/ouryogashop.com\/shop\/okategoriserad\/yogafodral-breath-easy-manduka-black\/"},"modified":"2026-01-08T23:14:31","modified_gmt":"2026-01-08T21:14:31","slug":"yogafodral-breath-easy-manduka-black","status":"publish","type":"product","link":"https:\/\/ouryogashop.com\/sv\/product\/yogafodral-breath-easy-manduka-black\/","title":{"rendered":"Yogafodral Breath Easy Manduka Black"},"content":{"rendered":"<div class=\"wpb-content-wrapper\"><p>[vc_row][vc_column width=&#8221;1\/1&#8243;][uncode_block id=&#8221;94564&#8243;][\/vc_column][\/vc_row][vc_row][vc_column width=&#8221;1\/1&#8243;][uncode_block id=&#8221;79511&#8243;][\/vc_column][\/vc_row]<\/p>\n<\/div>","protected":false},"excerpt":{"rendered":"<h4>Manduka Breath Easy Yogafodral <strong>Black<\/strong><\/h4>\n<p>Passar perfekt till sm\u00e5 till medelstora yogamattor. Syntetiskt n\u00e4t fr\u00e4mjar luftfl\u00f6det. Smal och elegant design f\u00f6r att ge mobilitet och stil. Dragkedja med struktur g\u00f6r det enkelt att ta \u00f6ppna och st\u00e4nga.<br \/>\nM\u00e5tt: 60x10x10cm<\/p>\n","protected":false},"featured_media":94388,"comment_status":"open","ping_status":"closed","template":"","meta":[],"product_brand":[],"product_cat":[1595,1543,355],"product_tag":[1751,1597],"class_list":{"0":"post-94592","1":"product","2":"type-product","3":"status-publish","4":"has-post-thumbnail","6":"product_cat-yogafodral","7":"product_cat-yoga-tillbehor-sv","8":"product_cat-manduka-sv","9":"product_tag-breath-easy-yogafodral","10":"product_tag-manduka-yogafodral-barremmar","11":"product_shipping_class-flera-produkter-sv","12":"pa_material-easy-breath-sv","13":"pa_product-type-yogafodral","14":"pa_suitable-for-medium-yogamattor","15":"pa_suitable-for-mindre-yogamattor","17":"first","18":"instock","19":"taxable","20":"shipping-taxable","21":"purchasable","22":"product-type-simple"},"yoast_head":"<!-- This site is optimized with the Yoast SEO Premium plugin v27.5 (Yoast SEO v27.5) - https:\/\/yoast.com\/product\/yoast-seo-premium-wordpress\/ -->\n<title>Yogafodral Breath Easy Manduka Black - OurYogaShop<\/title>\n<meta name=\"description\" content=\"Yogafodral Breath Easy Manduka - Portable meets breathable. Med allt du beh\u00f6ver \u00e4r detta eleganta minimalistiska yogafodral ett l\u00e4tt och andningsbart fordral f\u00f6r yogamattan.\" \/>\n<meta name=\"robots\" content=\"index, follow, max-snippet:-1, max-image-preview:large, max-video-preview:-1\" \/>\n<link rel=\"canonical\" href=\"https:\/\/ouryogashop.com\/sv\/product\/yogafodral-breath-easy-manduka-black\/\" \/>\n<meta property=\"og:locale\" content=\"sv_SE\" \/>\n<meta property=\"og:type\" content=\"article\" \/>\n<meta property=\"og:title\" content=\"Yogafodral Breath Easy Manduka Black\" \/>\n<meta property=\"og:description\" content=\"Yogafodral Breath Easy Manduka - Portable meets breathable. Med allt du beh\u00f6ver \u00e4r detta eleganta minimalistiska yogafodral ett l\u00e4tt och andningsbart fordral f\u00f6r yogamattan.\" \/>\n<meta property=\"og:url\" content=\"https:\/\/ouryogashop.com\/sv\/product\/yogafodral-breath-easy-manduka-black\/\" \/>\n<meta property=\"og:site_name\" content=\"OurYogaShop\" \/>\n<meta property=\"article:publisher\" content=\"https:\/\/www.facebook.com\/ouryogashopcom\/\" \/>\n<meta property=\"article:modified_time\" content=\"2026-01-08T21:14:31+00:00\" \/>\n<meta property=\"og:image\" content=\"https:\/\/ouryogashop.com\/wp-content\/uploads\/2019\/09\/361015010-welcome-bag-black-01.jpg\" \/>\n\t<meta property=\"og:image:width\" content=\"670\" \/>\n\t<meta property=\"og:image:height\" content=\"780\" \/>\n\t<meta property=\"og:image:type\" content=\"image\/jpeg\" \/>\n<meta name=\"twitter:card\" content=\"summary_large_image\" \/>\n<meta name=\"twitter:site\" content=\"@OurYogaShop\" \/>\n<meta name=\"twitter:label1\" content=\"Pris\" \/>\n\t<meta name=\"twitter:data1\" content=\"299,00&#107;&#114;\" \/>\n\t<meta name=\"twitter:label2\" content=\"Tillg\u00e4nglig\" \/>\n\t<meta name=\"twitter:data2\" content=\"I lager\" \/>\n<script type=\"application\/ld+json\" class=\"yoast-schema-graph\">{\"@context\":\"https:\\\/\\\/schema.org\",\"@graph\":[{\"@type\":\"WebPage\",\"@id\":\"https:\\\/\\\/ouryogashop.com\\\/sv\\\/product\\\/yogafodral-breath-easy-manduka-black\\\/\",\"url\":\"https:\\\/\\\/ouryogashop.com\\\/sv\\\/product\\\/yogafodral-breath-easy-manduka-black\\\/\",\"name\":\"Yogafodral Breath Easy Manduka Black - OurYogaShop\",\"isPartOf\":{\"@id\":\"https:\\\/\\\/ouryogashop.com\\\/sv\\\/#website\"},\"primaryImageOfPage\":{\"@id\":\"https:\\\/\\\/ouryogashop.com\\\/sv\\\/product\\\/yogafodral-breath-easy-manduka-black\\\/#primaryimage\"},\"image\":{\"@id\":\"https:\\\/\\\/ouryogashop.com\\\/sv\\\/product\\\/yogafodral-breath-easy-manduka-black\\\/#primaryimage\"},\"thumbnailUrl\":\"https:\\\/\\\/ouryogashop.com\\\/wp-content\\\/uploads\\\/2019\\\/09\\\/361015010-welcome-bag-black-01.jpg\",\"datePublished\":\"2019-09-04T05:24:44+00:00\",\"dateModified\":\"2026-01-08T21:14:31+00:00\",\"description\":\"Yogafodral Breath Easy Manduka - Portable meets breathable. Med allt du beh\u00f6ver \u00e4r detta eleganta minimalistiska yogafodral ett l\u00e4tt och andningsbart fordral f\u00f6r yogamattan.\",\"breadcrumb\":{\"@id\":\"https:\\\/\\\/ouryogashop.com\\\/sv\\\/product\\\/yogafodral-breath-easy-manduka-black\\\/#breadcrumb\"},\"inLanguage\":\"sv-SE\",\"potentialAction\":[{\"@type\":\"ReadAction\",\"target\":[\"https:\\\/\\\/ouryogashop.com\\\/sv\\\/product\\\/yogafodral-breath-easy-manduka-black\\\/\"]}]},{\"@type\":\"ImageObject\",\"inLanguage\":\"sv-SE\",\"@id\":\"https:\\\/\\\/ouryogashop.com\\\/sv\\\/product\\\/yogafodral-breath-easy-manduka-black\\\/#primaryimage\",\"url\":\"https:\\\/\\\/ouryogashop.com\\\/wp-content\\\/uploads\\\/2019\\\/09\\\/361015010-welcome-bag-black-01.jpg\",\"contentUrl\":\"https:\\\/\\\/ouryogashop.com\\\/wp-content\\\/uploads\\\/2019\\\/09\\\/361015010-welcome-bag-black-01.jpg\",\"width\":670,\"height\":780,\"caption\":\"Yogafodral Breath Easy Black\"},{\"@type\":\"BreadcrumbList\",\"@id\":\"https:\\\/\\\/ouryogashop.com\\\/sv\\\/product\\\/yogafodral-breath-easy-manduka-black\\\/#breadcrumb\",\"itemListElement\":[{\"@type\":\"ListItem\",\"position\":1,\"name\":\"Hem\",\"item\":\"https:\\\/\\\/ouryogashop.com\\\/sv\\\/\"},{\"@type\":\"ListItem\",\"position\":2,\"name\":\"Yoga Butik\",\"item\":\"https:\\\/\\\/ouryogashop.com\\\/sv\\\/yoga-butik\\\/\"},{\"@type\":\"ListItem\",\"position\":3,\"name\":\"Yoga Tillbeh\u00f6r\",\"item\":\"https:\\\/\\\/ouryogashop.com\\\/sv\\\/produkt-kategori\\\/yoga-tillbehor-sv\\\/\"},{\"@type\":\"ListItem\",\"position\":4,\"name\":\"Yogafodral\",\"item\":\"https:\\\/\\\/ouryogashop.com\\\/sv\\\/produkt-kategori\\\/yoga-tillbehor-sv\\\/yogafodral\\\/\"},{\"@type\":\"ListItem\",\"position\":5,\"name\":\"Yogafodral Breath Easy Manduka Black\"}]},{\"@type\":\"WebSite\",\"@id\":\"https:\\\/\\\/ouryogashop.com\\\/sv\\\/#website\",\"url\":\"https:\\\/\\\/ouryogashop.com\\\/sv\\\/\",\"name\":\"OurYogaShop\",\"description\":\"The best yoga mats ever!\",\"publisher\":{\"@id\":\"https:\\\/\\\/ouryogashop.com\\\/sv\\\/#organization\"},\"potentialAction\":[{\"@type\":\"SearchAction\",\"target\":{\"@type\":\"EntryPoint\",\"urlTemplate\":\"https:\\\/\\\/ouryogashop.com\\\/sv\\\/?s={search_term_string}\"},\"query-input\":{\"@type\":\"PropertyValueSpecification\",\"valueRequired\":true,\"valueName\":\"search_term_string\"}}],\"inLanguage\":\"sv-SE\"},{\"@type\":\"Organization\",\"@id\":\"https:\\\/\\\/ouryogashop.com\\\/sv\\\/#organization\",\"name\":\"OurYogaShop\",\"url\":\"https:\\\/\\\/ouryogashop.com\\\/sv\\\/\",\"logo\":{\"@type\":\"ImageObject\",\"inLanguage\":\"sv-SE\",\"@id\":\"https:\\\/\\\/ouryogashop.com\\\/sv\\\/#\\\/schema\\\/logo\\\/image\\\/\",\"url\":\"https:\\\/\\\/ouryogashop.com\\\/wp-content\\\/uploads\\\/2019\\\/05\\\/OYS-Logo.png\",\"contentUrl\":\"https:\\\/\\\/ouryogashop.com\\\/wp-content\\\/uploads\\\/2019\\\/05\\\/OYS-Logo.png\",\"width\":500,\"height\":371,\"caption\":\"OurYogaShop\"},\"image\":{\"@id\":\"https:\\\/\\\/ouryogashop.com\\\/sv\\\/#\\\/schema\\\/logo\\\/image\\\/\"},\"sameAs\":[\"https:\\\/\\\/www.facebook.com\\\/ouryogashopcom\\\/\",\"https:\\\/\\\/x.com\\\/OurYogaShop\",\"https:\\\/\\\/www.instagram.com\\\/ouryogashop\\\/\"]}]}<\/script>\n<meta property=\"product:brand\" content=\"Manduka\" \/>\n<meta property=\"product:price:amount\" content=\"299.00\" \/>\n<meta property=\"product:price:currency\" content=\"SEK\" \/>\n<meta property=\"og:availability\" content=\"instock\" \/>\n<meta property=\"product:availability\" content=\"instock\" \/>\n<meta property=\"product:retailer_item_id\" content=\"MD32911\" \/>\n<meta property=\"product:condition\" content=\"new\" \/>\n<!-- \/ Yoast SEO Premium plugin. -->","yoast_head_json":{"title":"Yogafodral Breath Easy Manduka Black - OurYogaShop","description":"Yogafodral Breath Easy Manduka - Portable meets breathable. Med allt du beh\u00f6ver \u00e4r detta eleganta minimalistiska yogafodral ett l\u00e4tt och andningsbart fordral f\u00f6r yogamattan.","robots":{"index":"index","follow":"follow","max-snippet":"max-snippet:-1","max-image-preview":"max-image-preview:large","max-video-preview":"max-video-preview:-1"},"canonical":"https:\/\/ouryogashop.com\/sv\/product\/yogafodral-breath-easy-manduka-black\/","og_locale":"sv_SE","og_type":"article","og_title":"Yogafodral Breath Easy Manduka Black","og_description":"Yogafodral Breath Easy Manduka - Portable meets breathable. Med allt du beh\u00f6ver \u00e4r detta eleganta minimalistiska yogafodral ett l\u00e4tt och andningsbart fordral f\u00f6r yogamattan.","og_url":"https:\/\/ouryogashop.com\/sv\/product\/yogafodral-breath-easy-manduka-black\/","og_site_name":"OurYogaShop","article_publisher":"https:\/\/www.facebook.com\/ouryogashopcom\/","article_modified_time":"2026-01-08T21:14:31+00:00","og_image":[{"width":670,"height":780,"url":"https:\/\/ouryogashop.com\/wp-content\/uploads\/2019\/09\/361015010-welcome-bag-black-01.jpg","type":"image\/jpeg"}],"twitter_card":"summary_large_image","twitter_site":"@OurYogaShop","twitter_misc":{"Pris":"299,00&#107;&#114;","Tillg\u00e4nglig":"I lager"},"schema":{"@context":"https:\/\/schema.org","@graph":[{"@type":"WebPage","@id":"https:\/\/ouryogashop.com\/sv\/product\/yogafodral-breath-easy-manduka-black\/","url":"https:\/\/ouryogashop.com\/sv\/product\/yogafodral-breath-easy-manduka-black\/","name":"Yogafodral Breath Easy Manduka Black - OurYogaShop","isPartOf":{"@id":"https:\/\/ouryogashop.com\/sv\/#website"},"primaryImageOfPage":{"@id":"https:\/\/ouryogashop.com\/sv\/product\/yogafodral-breath-easy-manduka-black\/#primaryimage"},"image":{"@id":"https:\/\/ouryogashop.com\/sv\/product\/yogafodral-breath-easy-manduka-black\/#primaryimage"},"thumbnailUrl":"https:\/\/ouryogashop.com\/wp-content\/uploads\/2019\/09\/361015010-welcome-bag-black-01.jpg","datePublished":"2019-09-04T05:24:44+00:00","dateModified":"2026-01-08T21:14:31+00:00","description":"Yogafodral Breath Easy Manduka - Portable meets breathable. Med allt du beh\u00f6ver \u00e4r detta eleganta minimalistiska yogafodral ett l\u00e4tt och andningsbart fordral f\u00f6r yogamattan.","breadcrumb":{"@id":"https:\/\/ouryogashop.com\/sv\/product\/yogafodral-breath-easy-manduka-black\/#breadcrumb"},"inLanguage":"sv-SE","potentialAction":[{"@type":"ReadAction","target":["https:\/\/ouryogashop.com\/sv\/product\/yogafodral-breath-easy-manduka-black\/"]}]},{"@type":"ImageObject","inLanguage":"sv-SE","@id":"https:\/\/ouryogashop.com\/sv\/product\/yogafodral-breath-easy-manduka-black\/#primaryimage","url":"https:\/\/ouryogashop.com\/wp-content\/uploads\/2019\/09\/361015010-welcome-bag-black-01.jpg","contentUrl":"https:\/\/ouryogashop.com\/wp-content\/uploads\/2019\/09\/361015010-welcome-bag-black-01.jpg","width":670,"height":780,"caption":"Yogafodral Breath Easy Black"},{"@type":"BreadcrumbList","@id":"https:\/\/ouryogashop.com\/sv\/product\/yogafodral-breath-easy-manduka-black\/#breadcrumb","itemListElement":[{"@type":"ListItem","position":1,"name":"Hem","item":"https:\/\/ouryogashop.com\/sv\/"},{"@type":"ListItem","position":2,"name":"Yoga Butik","item":"https:\/\/ouryogashop.com\/sv\/yoga-butik\/"},{"@type":"ListItem","position":3,"name":"Yoga Tillbeh\u00f6r","item":"https:\/\/ouryogashop.com\/sv\/produkt-kategori\/yoga-tillbehor-sv\/"},{"@type":"ListItem","position":4,"name":"Yogafodral","item":"https:\/\/ouryogashop.com\/sv\/produkt-kategori\/yoga-tillbehor-sv\/yogafodral\/"},{"@type":"ListItem","position":5,"name":"Yogafodral Breath Easy Manduka Black"}]},{"@type":"WebSite","@id":"https:\/\/ouryogashop.com\/sv\/#website","url":"https:\/\/ouryogashop.com\/sv\/","name":"OurYogaShop","description":"The best yoga mats ever!","publisher":{"@id":"https:\/\/ouryogashop.com\/sv\/#organization"},"potentialAction":[{"@type":"SearchAction","target":{"@type":"EntryPoint","urlTemplate":"https:\/\/ouryogashop.com\/sv\/?s={search_term_string}"},"query-input":{"@type":"PropertyValueSpecification","valueRequired":true,"valueName":"search_term_string"}}],"inLanguage":"sv-SE"},{"@type":"Organization","@id":"https:\/\/ouryogashop.com\/sv\/#organization","name":"OurYogaShop","url":"https:\/\/ouryogashop.com\/sv\/","logo":{"@type":"ImageObject","inLanguage":"sv-SE","@id":"https:\/\/ouryogashop.com\/sv\/#\/schema\/logo\/image\/","url":"https:\/\/ouryogashop.com\/wp-content\/uploads\/2019\/05\/OYS-Logo.png","contentUrl":"https:\/\/ouryogashop.com\/wp-content\/uploads\/2019\/05\/OYS-Logo.png","width":500,"height":371,"caption":"OurYogaShop"},"image":{"@id":"https:\/\/ouryogashop.com\/sv\/#\/schema\/logo\/image\/"},"sameAs":["https:\/\/www.facebook.com\/ouryogashopcom\/","https:\/\/x.com\/OurYogaShop","https:\/\/www.instagram.com\/ouryogashop\/"]}]},"product_brand":"Manduka","product_price_amount":"299.00","product_price_currency":"SEK","og_availability":"instock","product_availability":"instock","product_retailer_item_id":"MD32911","product_condition":"new"},"_links":{"self":[{"href":"https:\/\/ouryogashop.com\/sv\/wp-json\/wp\/v2\/product\/94592","targetHints":{"allow":["GET"]}}],"collection":[{"href":"https:\/\/ouryogashop.com\/sv\/wp-json\/wp\/v2\/product"}],"about":[{"href":"https:\/\/ouryogashop.com\/sv\/wp-json\/wp\/v2\/types\/product"}],"replies":[{"embeddable":true,"href":"https:\/\/ouryogashop.com\/sv\/wp-json\/wp\/v2\/comments?post=94592"}],"wp:featuredmedia":[{"embeddable":true,"href":"https:\/\/ouryogashop.com\/sv\/wp-json\/wp\/v2\/media\/94388"}],"wp:attachment":[{"href":"https:\/\/ouryogashop.com\/sv\/wp-json\/wp\/v2\/media?parent=94592"}],"wp:term":[{"taxonomy":"product_brand","embeddable":true,"href":"https:\/\/ouryogashop.com\/sv\/wp-json\/wp\/v2\/product_brand?post=94592"},{"taxonomy":"product_cat","embeddable":true,"href":"https:\/\/ouryogashop.com\/sv\/wp-json\/wp\/v2\/product_cat?post=94592"},{"taxonomy":"product_tag","embeddable":true,"href":"https:\/\/ouryogashop.com\/sv\/wp-json\/wp\/v2\/product_tag?post=94592"}],"curies":[{"name":"wp","href":"https:\/\/api.w.org\/{rel}","templated":true}]}}