{"id":99518,"date":"2019-10-16T13:35:34","date_gmt":"2019-10-16T11:35:34","guid":{"rendered":"https:\/\/ouryogashop.com\/shop\/okategoriserad\/yogabolster-rund-bovete-lila-kurma\/"},"modified":"2024-01-17T12:39:04","modified_gmt":"2024-01-17T10:39:04","slug":"yogabolster-rund-bovete-lila-kurma","status":"publish","type":"product","link":"https:\/\/ouryogashop.com\/sv\/product\/yogabolster-rund-bovete-lila-kurma\/","title":{"rendered":"Yogabolster Rund Bovete Lila Kurma"},"content":{"rendered":"<h3>Kurma Yogabolster<\/h3>\n<p>Bolsterna har ett avtagbart, tv\u00e4ttbart yttre bomullstyg med en stark dragkedja och ett handtag f\u00f6r att enkelt f\u00f6rflytta det. Det inre fodralet \u00e4r ordentligt fyllt med robusta boveteskal f\u00f6r fantastiskt st\u00f6d. F\u00f6r att justera h\u00f6jden, komforten och &#8221;minska&#8221; bolsterna, kan \u00e4ven den inre dragkedjan \u00f6ppnas f\u00f6r att ta bort eller l\u00e4gga till boveteskal n\u00e4r det passar.<\/p>\n<p>L\u00e4mplig f\u00f6r alla typer av yoga som yin yoga eller restorative yoga.<\/p>\n<p>Alla bolster \u00e4r noggrant handgjorda i Europa.<\/p>\n<h4>Specifikation<\/h4>\n<p>Standard f\u00e4rger: vinr\u00f6d, m\u00f6rkbl\u00e5, lila, m\u00f6rkgr\u00f6n<br \/>\nAvtagbart yttre tyg, tv\u00e4ttbart i maskin vid max 40 \u00b0 C<\/p>\n<p>Storlek (cm) &#8211; 60 x 22 x 22<\/p>\n<p>Vikt &#8211; 5,5 kg<\/p>\n<p>&nbsp;<\/p>\n","protected":false},"excerpt":{"rendered":"<p>Kurma Yogabolster Rund Bovete Lila \u00e4r ett robust yogast\u00f6d som skapar stabilitet och tyngd f\u00f6r dina yogast\u00e4llningar.<\/p>\n<p>60cm x 22cm x 22cm<\/p>\n","protected":false},"featured_media":142904,"comment_status":"open","ping_status":"closed","template":"","meta":[],"product_brand":[],"product_cat":[1698,2186,1699,1745,2180],"product_tag":[1862,1970,388,994],"class_list":{"0":"post-99518","1":"product","2":"type-product","3":"status-publish","4":"has-post-thumbnail","6":"product_cat-yogabolster-kuddar","7":"product_cat-kurma-yogabolster-sv","8":"product_cat-runda-yogabolster","9":"product_cat-yogabolster-bovete","10":"product_cat-kurma-sv","11":"product_tag-kampanjpris","12":"product_tag-tungt-yogabolster","13":"product_tag-bovete","14":"product_tag-lila","15":"product_shipping_class-stor-produkt-sv","16":"pa_length-group-60cm-sv","17":"pa_material-bovete","18":"pa_material-bomull","19":"pa_product-type-runda-yogabolster","20":"pa_product-type-tungt-yogabolster","21":"pa_thick-group-22cm-sv","22":"pa_width-group-22cm-sv","24":"first","25":"outofstock","26":"taxable","27":"shipping-taxable","28":"purchasable","29":"product-type-simple"},"yoast_head":"<!-- This site is optimized with the Yoast SEO Premium plugin v27.5 (Yoast SEO v27.5) - https:\/\/yoast.com\/product\/yoast-seo-premium-wordpress\/ -->\n<title>Yogabolster Rund Lila Bovete Kurma - OurYogaShop<\/title>\n<meta name=\"description\" content=\"Yogabolster rund bovete lila fr\u00e5n Kurma \u00e4r ett stabilt yogabolster som skapar fast st\u00f6d och tyngd till dina yogast\u00e4llningar.\" \/>\n<meta name=\"robots\" content=\"index, follow, max-snippet:-1, max-image-preview:large, max-video-preview:-1\" \/>\n<link rel=\"canonical\" href=\"https:\/\/ouryogashop.com\/sv\/product\/yogabolster-rund-bovete-lila-kurma\/\" \/>\n<meta property=\"og:locale\" content=\"sv_SE\" \/>\n<meta property=\"og:type\" content=\"article\" \/>\n<meta property=\"og:title\" content=\"Yogabolster Rund Bovete Lila Kurma\" \/>\n<meta property=\"og:description\" content=\"Yogabolster rund bovete lila fr\u00e5n Kurma \u00e4r ett stabilt yogabolster som skapar fast st\u00f6d och tyngd till dina yogast\u00e4llningar.\" \/>\n<meta property=\"og:url\" content=\"https:\/\/ouryogashop.com\/sv\/product\/yogabolster-rund-bovete-lila-kurma\/\" \/>\n<meta property=\"og:site_name\" content=\"OurYogaShop\" \/>\n<meta property=\"article:publisher\" content=\"https:\/\/www.facebook.com\/ouryogashopcom\/\" \/>\n<meta property=\"article:modified_time\" content=\"2024-01-17T10:39:04+00:00\" \/>\n<meta property=\"og:image\" content=\"https:\/\/ouryogashop.com\/wp-content\/uploads\/2019\/10\/kurma_yoga_bolster_moonrise_zipper_LRS-600x600-1.jpg\" \/>\n\t<meta property=\"og:image:width\" content=\"600\" \/>\n\t<meta property=\"og:image:height\" content=\"600\" \/>\n\t<meta property=\"og:image:type\" content=\"image\/jpeg\" \/>\n<meta name=\"twitter:card\" content=\"summary_large_image\" \/>\n<meta name=\"twitter:site\" content=\"@OurYogaShop\" \/>\n<meta name=\"twitter:label1\" content=\"Pris\" \/>\n\t<meta name=\"twitter:data1\" content=\"695,00&#107;&#114;\" \/>\n\t<meta name=\"twitter:label2\" content=\"Tillg\u00e4nglig\" \/>\n\t<meta name=\"twitter:data2\" content=\"Slut i lager\" \/>\n<script type=\"application\/ld+json\" class=\"yoast-schema-graph\">{\"@context\":\"https:\\\/\\\/schema.org\",\"@graph\":[{\"@type\":\"WebPage\",\"@id\":\"https:\\\/\\\/ouryogashop.com\\\/sv\\\/product\\\/yogabolster-rund-bovete-lila-kurma\\\/\",\"url\":\"https:\\\/\\\/ouryogashop.com\\\/sv\\\/product\\\/yogabolster-rund-bovete-lila-kurma\\\/\",\"name\":\"Yogabolster Rund Lila Bovete Kurma - OurYogaShop\",\"isPartOf\":{\"@id\":\"https:\\\/\\\/ouryogashop.com\\\/sv\\\/#website\"},\"primaryImageOfPage\":{\"@id\":\"https:\\\/\\\/ouryogashop.com\\\/sv\\\/product\\\/yogabolster-rund-bovete-lila-kurma\\\/#primaryimage\"},\"image\":{\"@id\":\"https:\\\/\\\/ouryogashop.com\\\/sv\\\/product\\\/yogabolster-rund-bovete-lila-kurma\\\/#primaryimage\"},\"thumbnailUrl\":\"https:\\\/\\\/ouryogashop.com\\\/wp-content\\\/uploads\\\/2019\\\/10\\\/kurma_yoga_bolster_moonrise_zipper_LRS-600x600-1.jpg\",\"datePublished\":\"2019-10-16T11:35:34+00:00\",\"dateModified\":\"2024-01-17T10:39:04+00:00\",\"description\":\"Yogabolster rund bovete lila fr\u00e5n Kurma \u00e4r ett stabilt yogabolster som skapar fast st\u00f6d och tyngd till dina yogast\u00e4llningar.\",\"breadcrumb\":{\"@id\":\"https:\\\/\\\/ouryogashop.com\\\/sv\\\/product\\\/yogabolster-rund-bovete-lila-kurma\\\/#breadcrumb\"},\"inLanguage\":\"sv-SE\",\"potentialAction\":[{\"@type\":\"ReadAction\",\"target\":[\"https:\\\/\\\/ouryogashop.com\\\/sv\\\/product\\\/yogabolster-rund-bovete-lila-kurma\\\/\"]}]},{\"@type\":\"ImageObject\",\"inLanguage\":\"sv-SE\",\"@id\":\"https:\\\/\\\/ouryogashop.com\\\/sv\\\/product\\\/yogabolster-rund-bovete-lila-kurma\\\/#primaryimage\",\"url\":\"https:\\\/\\\/ouryogashop.com\\\/wp-content\\\/uploads\\\/2019\\\/10\\\/kurma_yoga_bolster_moonrise_zipper_LRS-600x600-1.jpg\",\"contentUrl\":\"https:\\\/\\\/ouryogashop.com\\\/wp-content\\\/uploads\\\/2019\\\/10\\\/kurma_yoga_bolster_moonrise_zipper_LRS-600x600-1.jpg\",\"width\":600,\"height\":600},{\"@type\":\"BreadcrumbList\",\"@id\":\"https:\\\/\\\/ouryogashop.com\\\/sv\\\/product\\\/yogabolster-rund-bovete-lila-kurma\\\/#breadcrumb\",\"itemListElement\":[{\"@type\":\"ListItem\",\"position\":1,\"name\":\"Hem\",\"item\":\"https:\\\/\\\/ouryogashop.com\\\/sv\\\/\"},{\"@type\":\"ListItem\",\"position\":2,\"name\":\"Yoga Butik\",\"item\":\"https:\\\/\\\/ouryogashop.com\\\/sv\\\/yoga-butik\\\/\"},{\"@type\":\"ListItem\",\"position\":3,\"name\":\"Yogabolster &amp; Kuddar\",\"item\":\"https:\\\/\\\/ouryogashop.com\\\/sv\\\/produkt-kategori\\\/yogabolster-kuddar\\\/\"},{\"@type\":\"ListItem\",\"position\":4,\"name\":\"Yogabolster Rund Bovete Lila Kurma\"}]},{\"@type\":\"WebSite\",\"@id\":\"https:\\\/\\\/ouryogashop.com\\\/sv\\\/#website\",\"url\":\"https:\\\/\\\/ouryogashop.com\\\/sv\\\/\",\"name\":\"OurYogaShop\",\"description\":\"The best yoga mats ever!\",\"publisher\":{\"@id\":\"https:\\\/\\\/ouryogashop.com\\\/sv\\\/#organization\"},\"potentialAction\":[{\"@type\":\"SearchAction\",\"target\":{\"@type\":\"EntryPoint\",\"urlTemplate\":\"https:\\\/\\\/ouryogashop.com\\\/sv\\\/?s={search_term_string}\"},\"query-input\":{\"@type\":\"PropertyValueSpecification\",\"valueRequired\":true,\"valueName\":\"search_term_string\"}}],\"inLanguage\":\"sv-SE\"},{\"@type\":\"Organization\",\"@id\":\"https:\\\/\\\/ouryogashop.com\\\/sv\\\/#organization\",\"name\":\"OurYogaShop\",\"url\":\"https:\\\/\\\/ouryogashop.com\\\/sv\\\/\",\"logo\":{\"@type\":\"ImageObject\",\"inLanguage\":\"sv-SE\",\"@id\":\"https:\\\/\\\/ouryogashop.com\\\/sv\\\/#\\\/schema\\\/logo\\\/image\\\/\",\"url\":\"https:\\\/\\\/ouryogashop.com\\\/wp-content\\\/uploads\\\/2019\\\/05\\\/OYS-Logo.png\",\"contentUrl\":\"https:\\\/\\\/ouryogashop.com\\\/wp-content\\\/uploads\\\/2019\\\/05\\\/OYS-Logo.png\",\"width\":500,\"height\":371,\"caption\":\"OurYogaShop\"},\"image\":{\"@id\":\"https:\\\/\\\/ouryogashop.com\\\/sv\\\/#\\\/schema\\\/logo\\\/image\\\/\"},\"sameAs\":[\"https:\\\/\\\/www.facebook.com\\\/ouryogashopcom\\\/\",\"https:\\\/\\\/x.com\\\/OurYogaShop\",\"https:\\\/\\\/www.instagram.com\\\/ouryogashop\\\/\"]}]}<\/script>\n<meta property=\"product:brand\" content=\"Kurma\" \/>\n<meta property=\"product:price:amount\" content=\"695.00\" \/>\n<meta property=\"product:price:currency\" content=\"SEK\" \/>\n<meta property=\"og:availability\" content=\"out of stock\" \/>\n<meta property=\"product:availability\" content=\"out of stock\" \/>\n<meta property=\"product:retailer_item_id\" content=\"YM4003\" \/>\n<meta property=\"product:condition\" content=\"new\" \/>\n<!-- \/ Yoast SEO Premium plugin. -->","yoast_head_json":{"title":"Yogabolster Rund Lila Bovete Kurma - OurYogaShop","description":"Yogabolster rund bovete lila fr\u00e5n Kurma \u00e4r ett stabilt yogabolster som skapar fast st\u00f6d och tyngd till dina yogast\u00e4llningar.","robots":{"index":"index","follow":"follow","max-snippet":"max-snippet:-1","max-image-preview":"max-image-preview:large","max-video-preview":"max-video-preview:-1"},"canonical":"https:\/\/ouryogashop.com\/sv\/product\/yogabolster-rund-bovete-lila-kurma\/","og_locale":"sv_SE","og_type":"article","og_title":"Yogabolster Rund Bovete Lila Kurma","og_description":"Yogabolster rund bovete lila fr\u00e5n Kurma \u00e4r ett stabilt yogabolster som skapar fast st\u00f6d och tyngd till dina yogast\u00e4llningar.","og_url":"https:\/\/ouryogashop.com\/sv\/product\/yogabolster-rund-bovete-lila-kurma\/","og_site_name":"OurYogaShop","article_publisher":"https:\/\/www.facebook.com\/ouryogashopcom\/","article_modified_time":"2024-01-17T10:39:04+00:00","og_image":[{"width":600,"height":600,"url":"https:\/\/ouryogashop.com\/wp-content\/uploads\/2019\/10\/kurma_yoga_bolster_moonrise_zipper_LRS-600x600-1.jpg","type":"image\/jpeg"}],"twitter_card":"summary_large_image","twitter_site":"@OurYogaShop","twitter_misc":{"Pris":"695,00&#107;&#114;","Tillg\u00e4nglig":"Slut i lager"},"schema":{"@context":"https:\/\/schema.org","@graph":[{"@type":"WebPage","@id":"https:\/\/ouryogashop.com\/sv\/product\/yogabolster-rund-bovete-lila-kurma\/","url":"https:\/\/ouryogashop.com\/sv\/product\/yogabolster-rund-bovete-lila-kurma\/","name":"Yogabolster Rund Lila Bovete Kurma - OurYogaShop","isPartOf":{"@id":"https:\/\/ouryogashop.com\/sv\/#website"},"primaryImageOfPage":{"@id":"https:\/\/ouryogashop.com\/sv\/product\/yogabolster-rund-bovete-lila-kurma\/#primaryimage"},"image":{"@id":"https:\/\/ouryogashop.com\/sv\/product\/yogabolster-rund-bovete-lila-kurma\/#primaryimage"},"thumbnailUrl":"https:\/\/ouryogashop.com\/wp-content\/uploads\/2019\/10\/kurma_yoga_bolster_moonrise_zipper_LRS-600x600-1.jpg","datePublished":"2019-10-16T11:35:34+00:00","dateModified":"2024-01-17T10:39:04+00:00","description":"Yogabolster rund bovete lila fr\u00e5n Kurma \u00e4r ett stabilt yogabolster som skapar fast st\u00f6d och tyngd till dina yogast\u00e4llningar.","breadcrumb":{"@id":"https:\/\/ouryogashop.com\/sv\/product\/yogabolster-rund-bovete-lila-kurma\/#breadcrumb"},"inLanguage":"sv-SE","potentialAction":[{"@type":"ReadAction","target":["https:\/\/ouryogashop.com\/sv\/product\/yogabolster-rund-bovete-lila-kurma\/"]}]},{"@type":"ImageObject","inLanguage":"sv-SE","@id":"https:\/\/ouryogashop.com\/sv\/product\/yogabolster-rund-bovete-lila-kurma\/#primaryimage","url":"https:\/\/ouryogashop.com\/wp-content\/uploads\/2019\/10\/kurma_yoga_bolster_moonrise_zipper_LRS-600x600-1.jpg","contentUrl":"https:\/\/ouryogashop.com\/wp-content\/uploads\/2019\/10\/kurma_yoga_bolster_moonrise_zipper_LRS-600x600-1.jpg","width":600,"height":600},{"@type":"BreadcrumbList","@id":"https:\/\/ouryogashop.com\/sv\/product\/yogabolster-rund-bovete-lila-kurma\/#breadcrumb","itemListElement":[{"@type":"ListItem","position":1,"name":"Hem","item":"https:\/\/ouryogashop.com\/sv\/"},{"@type":"ListItem","position":2,"name":"Yoga Butik","item":"https:\/\/ouryogashop.com\/sv\/yoga-butik\/"},{"@type":"ListItem","position":3,"name":"Yogabolster &amp; Kuddar","item":"https:\/\/ouryogashop.com\/sv\/produkt-kategori\/yogabolster-kuddar\/"},{"@type":"ListItem","position":4,"name":"Yogabolster Rund Bovete Lila Kurma"}]},{"@type":"WebSite","@id":"https:\/\/ouryogashop.com\/sv\/#website","url":"https:\/\/ouryogashop.com\/sv\/","name":"OurYogaShop","description":"The best yoga mats ever!","publisher":{"@id":"https:\/\/ouryogashop.com\/sv\/#organization"},"potentialAction":[{"@type":"SearchAction","target":{"@type":"EntryPoint","urlTemplate":"https:\/\/ouryogashop.com\/sv\/?s={search_term_string}"},"query-input":{"@type":"PropertyValueSpecification","valueRequired":true,"valueName":"search_term_string"}}],"inLanguage":"sv-SE"},{"@type":"Organization","@id":"https:\/\/ouryogashop.com\/sv\/#organization","name":"OurYogaShop","url":"https:\/\/ouryogashop.com\/sv\/","logo":{"@type":"ImageObject","inLanguage":"sv-SE","@id":"https:\/\/ouryogashop.com\/sv\/#\/schema\/logo\/image\/","url":"https:\/\/ouryogashop.com\/wp-content\/uploads\/2019\/05\/OYS-Logo.png","contentUrl":"https:\/\/ouryogashop.com\/wp-content\/uploads\/2019\/05\/OYS-Logo.png","width":500,"height":371,"caption":"OurYogaShop"},"image":{"@id":"https:\/\/ouryogashop.com\/sv\/#\/schema\/logo\/image\/"},"sameAs":["https:\/\/www.facebook.com\/ouryogashopcom\/","https:\/\/x.com\/OurYogaShop","https:\/\/www.instagram.com\/ouryogashop\/"]}]},"product_brand":"Kurma","product_price_amount":"695.00","product_price_currency":"SEK","og_availability":"out of stock","product_availability":"out of stock","product_retailer_item_id":"YM4003","product_condition":"new"},"_links":{"self":[{"href":"https:\/\/ouryogashop.com\/sv\/wp-json\/wp\/v2\/product\/99518","targetHints":{"allow":["GET"]}}],"collection":[{"href":"https:\/\/ouryogashop.com\/sv\/wp-json\/wp\/v2\/product"}],"about":[{"href":"https:\/\/ouryogashop.com\/sv\/wp-json\/wp\/v2\/types\/product"}],"replies":[{"embeddable":true,"href":"https:\/\/ouryogashop.com\/sv\/wp-json\/wp\/v2\/comments?post=99518"}],"wp:featuredmedia":[{"embeddable":true,"href":"https:\/\/ouryogashop.com\/sv\/wp-json\/wp\/v2\/media\/142904"}],"wp:attachment":[{"href":"https:\/\/ouryogashop.com\/sv\/wp-json\/wp\/v2\/media?parent=99518"}],"wp:term":[{"taxonomy":"product_brand","embeddable":true,"href":"https:\/\/ouryogashop.com\/sv\/wp-json\/wp\/v2\/product_brand?post=99518"},{"taxonomy":"product_cat","embeddable":true,"href":"https:\/\/ouryogashop.com\/sv\/wp-json\/wp\/v2\/product_cat?post=99518"},{"taxonomy":"product_tag","embeddable":true,"href":"https:\/\/ouryogashop.com\/sv\/wp-json\/wp\/v2\/product_tag?post=99518"}],"curies":[{"name":"wp","href":"https:\/\/api.w.org\/{rel}","templated":true}]}}